{"id":212872,"date":"2024-06-28T15:26:07","date_gmt":"2024-06-28T13:26:07","guid":{"rendered":"https:\/\/marktxxl.de\/markt\/produkt\/owatrol-rostschutz-oel-05l-fuer-metalle-kunststoff-glas-holz-farben-lacke-rostumwandler-mit-grundierung-auto-rostschutzgrundierung-rostumwandler-kfz-rust-converter-grundie\/"},"modified":"2024-06-28T15:26:07","modified_gmt":"2024-06-28T13:26:07","slug":"owatrol-rostschutz-oel-05l-fuer-metalle-kunststoff-glas-holz-farben-lacke-rostumwandler-mit-grundierung-auto-rostschutzgrundierung-rostumwandler-kfz-rust-converter-grundie","status":"publish","type":"product","link":"https:\/\/marktxxl.de\/markt\/produkt\/owatrol-rostschutz-oel-05l-fuer-metalle-kunststoff-glas-holz-farben-lacke-rostumwandler-mit-grundierung-auto-rostschutzgrundierung-rostumwandler-kfz-rust-converter-grundie\/","title":{"rendered":"OWATROL\u00ae Rostschutz \u00d6l 0,5L &#8211; F\u00fcr Metalle, Kunststoff, Glas, Holz, Farben &amp; Lacke &#8211; Rostumwandler mit Grundierung Auto &#8211; Rostschutzgrundierung &#8211; Rostumwandler Kfz &#8211; Rust Converter &#8211; Grundierung Metall"},"content":{"rendered":"<p>ROSTSCHUTZ F\u00dcR INNEN UND AUSSEN \u2013 OWATROL OIL ist ein Rostschutzmittel f\u00fcr viele Oberfl\u00e4chen. Rostschutz-Haftgrund f\u00fcr Metalle, Kunststoff, Glas, Holz\u2026 erh\u00e4lt die Rostoptik der Oberfl\u00e4chen und verdr\u00e4ngt Luft und Feuchtigkeit. Ebenfalls als Additiv f\u00fcr Farben\/Lacke verwendbar.<br \/>\nWIRKUNGSVOLLER ROSTSCHUTZ \u2013 bildet einen isolierenden, elastischen Schutzfilm, der Rost stoppt und den anschlie\u00dfenden Lackauftrag vereinfacht. Einfache Anwendung, ohne Sandstrahlen und Schleifen. Farbloser Rostschutz, direkt auf Rost anwendbar.<br \/>\nEINFACHE ANWENDUNG \u2013 Oberfl\u00e4chen vorher reinigen und 24 Std. trocknen lassen. Losen Rost oder Lack entfernen und OWATROL OIL auftragen. Trocknen lassen und pr\u00fcfen, ob behandelte Fl\u00e4chen seidengl\u00e4nzend sind.<br \/>\nERGIEBIGKEIT \u2013 Rostschutz f\u00fcr viele Oberfl\u00e4chen 18 m\u00b2\/l. H\u00e4ngt vom Zustand und der Saugf\u00e4higkeit des Untergrunds ab.<br \/>\nHERGESTELLT IN FRANKREICH &#8211; Made in France<br \/>\n<div class=\"main-cross-sell\" data-asin=\"B002YXXQJS\">\n\n\t<div class=\"WooZone-cross-sell-loader\">\n\t\t<div>\n\t\t\t<div id=\"floatingBarsG\">\n\t\t\t\t<div class=\"blockG\" id=\"rotateG_01\"><\/div>\n\t\t\t\t<div class=\"blockG\" id=\"rotateG_02\"><\/div>\n\t\t\t\t<div class=\"blockG\" id=\"rotateG_03\"><\/div>\n\t\t\t\t<div class=\"blockG\" id=\"rotateG_04\"><\/div>\n\t\t\t\t<div class=\"blockG\" id=\"rotateG_05\"><\/div>\n\t\t\t\t<div class=\"blockG\" id=\"rotateG_06\"><\/div>\n\t\t\t\t<div class=\"blockG\" id=\"rotateG_07\"><\/div>\n\t\t\t\t<div class=\"blockG\" id=\"rotateG_08\"><\/div>\n\t\t\t<\/div>\n\t\t\t<div class=\"WooZone-cross-sell-loader-text\"><\/div>\n\t\t<\/div>\n\t<\/div>\n\n\t\t\n<\/div>\n<div style=\"clear:both;\"><\/div><\/p>\n","protected":false},"excerpt":{"rendered":"<p>ROSTSCHUTZ F\u00dcR INNEN UND AUSSEN \u2013 OWATROL OIL ist ein Rostschutzmittel f\u00fcr viele Oberfl\u00e4chen. Rostschutz-Haftgrund f\u00fcr Metalle, Kunststoff, Glas, Holz\u2026 erh\u00e4lt die Rostoptik der Oberfl\u00e4chen und verdr\u00e4ngt Luft und Feuchtigkeit. Ebenfalls als Additiv f\u00fcr Farben\/Lacke verwendbar.<br \/>\nWIRKUNGSVOLLER ROSTSCHUTZ \u2013 bildet einen isolierenden, elastischen Schutzfilm, der Rost stoppt und den anschlie\u00dfenden Lackauftrag vereinfacht. Einfache Anwendung, ohne Sandstrahlen und Schleifen. Farbloser Rostschutz, direkt auf Rost anwendbar.<br \/>\nEINFACHE ANWENDUNG \u2013 Oberfl\u00e4chen vorher reinigen und 24 Std. trocknen lassen. Losen Rost oder Lack entfernen und OWATROL OIL auftragen. Trocknen lassen und pr\u00fcfen, ob behandelte Fl\u00e4chen seidengl\u00e4nzend sind.<\/p>\n","protected":false},"featured_media":212873,"comment_status":"open","ping_status":"closed","template":"","meta":[],"product_brand":[],"product_cat":[1983,11212],"product_tag":[],"class_list":{"0":"post-212872","1":"product","2":"type-product","3":"status-publish","4":"has-post-thumbnail","6":"product_cat-baumarkt","7":"product_cat-malerbedarf-werkzeuge-tapeten","8":"pa_binding-werkzeug","9":"pa_brand-owatrol","10":"pa_color-transparent-leicht-bernsteinfarbig","11":"pa_height-39-3700787-zoll","12":"pa_languages-handbuch-italienisch-handbuch-deutsch-handbuch-franzoesisch-handbuch-englisch-handbuch-spanisch","13":"pa_length-84-645669205-zoll","14":"pa_manufacturer-owatrol","15":"pa_model-53663","16":"pa_size-500-ml-1er-pack","17":"pa_weight-0-440924524-pfund","18":"pa_width-86-61417314-zoll","20":"first","21":"instock","22":"shipping-taxable","23":"purchasable","24":"product-type-simple","25":"customify-col","26":"product-has-gallery"},"yoast_head":"<!-- This site is optimized with the Yoast SEO plugin v27.3 - https:\/\/yoast.com\/product\/yoast-seo-wordpress\/ -->\n<title>OWATROL\u00ae Rostschutz \u00d6l 0,5L - F\u00fcr Metalle, Kunststoff, Glas, Holz, Farben &amp; Lacke - Rostumwandler mit Grundierung Auto - Rostschutzgrundierung - Rostumwandler Kfz - Rust Converter - Grundierung Metall - Markt-XXL<\/title>\n<meta name=\"description\" content=\"Markt-XXL OWATROL\u00ae Rostschutz \u00d6l 0,5L - F\u00fcr Metalle, Kunststoff, Glas, Holz, Farben &amp; Lacke - Rostumwandler mit Grundierung Auto - Rostschutzgrundierung - Rostumwandler Kfz - Rust Converter - Grundierung Metall\" \/>\n<meta name=\"robots\" content=\"index, follow, max-snippet:-1, max-image-preview:large, max-video-preview:-1\" \/>\n<link rel=\"canonical\" href=\"https:\/\/marktxxl.de\/markt\/produkt\/owatrol-rostschutz-oel-05l-fuer-metalle-kunststoff-glas-holz-farben-lacke-rostumwandler-mit-grundierung-auto-rostschutzgrundierung-rostumwandler-kfz-rust-converter-grundie\/\" \/>\n<meta property=\"og:locale\" content=\"de_DE\" \/>\n<meta property=\"og:type\" content=\"article\" \/>\n<meta property=\"og:title\" content=\"OWATROL\u00ae Rostschutz \u00d6l 0,5L - F\u00fcr Metalle, Kunststoff, Glas, Holz, Farben &amp; Lacke - Rostumwandler mit Grundierung Auto - Rostschutzgrundierung - Rostumwandler Kfz - Rust Converter - Grundierung Metall - Markt-XXL\" \/>\n<meta property=\"og:description\" content=\"Markt-XXL OWATROL\u00ae Rostschutz \u00d6l 0,5L - F\u00fcr Metalle, Kunststoff, Glas, Holz, Farben &amp; Lacke - Rostumwandler mit Grundierung Auto - Rostschutzgrundierung - Rostumwandler Kfz - Rust Converter - Grundierung Metall\" \/>\n<meta property=\"og:url\" content=\"https:\/\/marktxxl.de\/markt\/produkt\/owatrol-rostschutz-oel-05l-fuer-metalle-kunststoff-glas-holz-farben-lacke-rostumwandler-mit-grundierung-auto-rostschutzgrundierung-rostumwandler-kfz-rust-converter-grundie\/\" \/>\n<meta property=\"og:site_name\" content=\"Markt-XXL\" \/>\n<meta name=\"twitter:card\" content=\"summary_large_image\" \/>\n<meta name=\"twitter:label1\" content=\"Gesch\u00e4tzte Lesezeit\" \/>\n\t<meta name=\"twitter:data1\" content=\"1\u00a0Minute\" \/>\n<script type=\"application\/ld+json\" class=\"yoast-schema-graph\">{\"@context\":\"https:\\\/\\\/schema.org\",\"@graph\":[{\"@type\":\"WebPage\",\"@id\":\"https:\\\/\\\/marktxxl.de\\\/markt\\\/produkt\\\/owatrol-rostschutz-oel-05l-fuer-metalle-kunststoff-glas-holz-farben-lacke-rostumwandler-mit-grundierung-auto-rostschutzgrundierung-rostumwandler-kfz-rust-converter-grundie\\\/\",\"url\":\"https:\\\/\\\/marktxxl.de\\\/markt\\\/produkt\\\/owatrol-rostschutz-oel-05l-fuer-metalle-kunststoff-glas-holz-farben-lacke-rostumwandler-mit-grundierung-auto-rostschutzgrundierung-rostumwandler-kfz-rust-converter-grundie\\\/\",\"name\":\"OWATROL\u00ae Rostschutz \u00d6l 0,5L - F\u00fcr Metalle, Kunststoff, Glas, Holz, Farben &amp; Lacke - Rostumwandler mit Grundierung Auto - Rostschutzgrundierung - Rostumwandler Kfz - Rust Converter - Grundierung Metall - Markt-XXL\",\"isPartOf\":{\"@id\":\"https:\\\/\\\/marktxxl.de\\\/markt\\\/#website\"},\"primaryImageOfPage\":{\"@id\":\"https:\\\/\\\/marktxxl.de\\\/markt\\\/produkt\\\/owatrol-rostschutz-oel-05l-fuer-metalle-kunststoff-glas-holz-farben-lacke-rostumwandler-mit-grundierung-auto-rostschutzgrundierung-rostumwandler-kfz-rust-converter-grundie\\\/#primaryimage\"},\"image\":{\"@id\":\"https:\\\/\\\/marktxxl.de\\\/markt\\\/produkt\\\/owatrol-rostschutz-oel-05l-fuer-metalle-kunststoff-glas-holz-farben-lacke-rostumwandler-mit-grundierung-auto-rostschutzgrundierung-rostumwandler-kfz-rust-converter-grundie\\\/#primaryimage\"},\"thumbnailUrl\":\"https:\\\/\\\/m.media-amazon.com\\\/images\\\/I\\\/51aRjUsDZ7L._SL500_.jpg\",\"datePublished\":\"2024-06-28T13:26:07+00:00\",\"description\":\"Markt-XXL OWATROL\u00ae Rostschutz \u00d6l 0,5L - F\u00fcr Metalle, Kunststoff, Glas, Holz, Farben &amp; Lacke - Rostumwandler mit Grundierung Auto - Rostschutzgrundierung - Rostumwandler Kfz - Rust Converter - Grundierung Metall\",\"breadcrumb\":{\"@id\":\"https:\\\/\\\/marktxxl.de\\\/markt\\\/produkt\\\/owatrol-rostschutz-oel-05l-fuer-metalle-kunststoff-glas-holz-farben-lacke-rostumwandler-mit-grundierung-auto-rostschutzgrundierung-rostumwandler-kfz-rust-converter-grundie\\\/#breadcrumb\"},\"inLanguage\":\"de\",\"potentialAction\":[{\"@type\":\"ReadAction\",\"target\":[\"https:\\\/\\\/marktxxl.de\\\/markt\\\/produkt\\\/owatrol-rostschutz-oel-05l-fuer-metalle-kunststoff-glas-holz-farben-lacke-rostumwandler-mit-grundierung-auto-rostschutzgrundierung-rostumwandler-kfz-rust-converter-grundie\\\/\"]}]},{\"@type\":\"ImageObject\",\"inLanguage\":\"de\",\"@id\":\"https:\\\/\\\/marktxxl.de\\\/markt\\\/produkt\\\/owatrol-rostschutz-oel-05l-fuer-metalle-kunststoff-glas-holz-farben-lacke-rostumwandler-mit-grundierung-auto-rostschutzgrundierung-rostumwandler-kfz-rust-converter-grundie\\\/#primaryimage\",\"url\":\"https:\\\/\\\/m.media-amazon.com\\\/images\\\/I\\\/51aRjUsDZ7L._SL500_.jpg\",\"contentUrl\":\"https:\\\/\\\/m.media-amazon.com\\\/images\\\/I\\\/51aRjUsDZ7L._SL500_.jpg\",\"width\":317,\"height\":500},{\"@type\":\"BreadcrumbList\",\"@id\":\"https:\\\/\\\/marktxxl.de\\\/markt\\\/produkt\\\/owatrol-rostschutz-oel-05l-fuer-metalle-kunststoff-glas-holz-farben-lacke-rostumwandler-mit-grundierung-auto-rostschutzgrundierung-rostumwandler-kfz-rust-converter-grundie\\\/#breadcrumb\",\"itemListElement\":[{\"@type\":\"ListItem\",\"position\":1,\"name\":\"Startseite\",\"item\":\"https:\\\/\\\/marktxxl.de\\\/markt\\\/\"},{\"@type\":\"ListItem\",\"position\":2,\"name\":\"Markt\",\"item\":\"https:\\\/\\\/marktxxl.de\\\/markt\\\/\"},{\"@type\":\"ListItem\",\"position\":3,\"name\":\"OWATROL\u00ae Rostschutz \u00d6l 0,5L &#8211; F\u00fcr Metalle, Kunststoff, Glas, Holz, Farben &amp; Lacke &#8211; Rostumwandler mit Grundierung Auto &#8211; Rostschutzgrundierung &#8211; Rostumwandler Kfz &#8211; Rust Converter &#8211; Grundierung Metall\"}]},{\"@type\":\"WebSite\",\"@id\":\"https:\\\/\\\/marktxxl.de\\\/markt\\\/#website\",\"url\":\"https:\\\/\\\/marktxxl.de\\\/markt\\\/\",\"name\":\"Markt-XXL\",\"description\":\"Ihr Markt Online\",\"publisher\":{\"@id\":\"https:\\\/\\\/marktxxl.de\\\/markt\\\/#organization\"},\"potentialAction\":[{\"@type\":\"SearchAction\",\"target\":{\"@type\":\"EntryPoint\",\"urlTemplate\":\"https:\\\/\\\/marktxxl.de\\\/markt\\\/?s={search_term_string}\"},\"query-input\":{\"@type\":\"PropertyValueSpecification\",\"valueRequired\":true,\"valueName\":\"search_term_string\"}}],\"inLanguage\":\"de\"},{\"@type\":\"Organization\",\"@id\":\"https:\\\/\\\/marktxxl.de\\\/markt\\\/#organization\",\"name\":\"Markt-XXL\",\"url\":\"https:\\\/\\\/marktxxl.de\\\/markt\\\/\",\"logo\":{\"@type\":\"ImageObject\",\"inLanguage\":\"de\",\"@id\":\"https:\\\/\\\/marktxxl.de\\\/markt\\\/#\\\/schema\\\/logo\\\/image\\\/\",\"url\":\"https:\\\/\\\/marktxxl.de\\\/markt\\\/wp-content\\\/uploads\\\/sites\\\/3\\\/2020\\\/12\\\/logo.png\",\"contentUrl\":\"https:\\\/\\\/marktxxl.de\\\/markt\\\/wp-content\\\/uploads\\\/sites\\\/3\\\/2020\\\/12\\\/logo.png\",\"width\":200,\"height\":70,\"caption\":\"Markt-XXL\"},\"image\":{\"@id\":\"https:\\\/\\\/marktxxl.de\\\/markt\\\/#\\\/schema\\\/logo\\\/image\\\/\"}}]}<\/script>\n<!-- \/ Yoast SEO plugin. -->","yoast_head_json":{"title":"OWATROL\u00ae Rostschutz \u00d6l 0,5L - F\u00fcr Metalle, Kunststoff, Glas, Holz, Farben &amp; Lacke - Rostumwandler mit Grundierung Auto - Rostschutzgrundierung - Rostumwandler Kfz - Rust Converter - Grundierung Metall - Markt-XXL","description":"Markt-XXL OWATROL\u00ae Rostschutz \u00d6l 0,5L - F\u00fcr Metalle, Kunststoff, Glas, Holz, Farben &amp; Lacke - Rostumwandler mit Grundierung Auto - Rostschutzgrundierung - Rostumwandler Kfz - Rust Converter - Grundierung Metall","robots":{"index":"index","follow":"follow","max-snippet":"max-snippet:-1","max-image-preview":"max-image-preview:large","max-video-preview":"max-video-preview:-1"},"canonical":"https:\/\/marktxxl.de\/markt\/produkt\/owatrol-rostschutz-oel-05l-fuer-metalle-kunststoff-glas-holz-farben-lacke-rostumwandler-mit-grundierung-auto-rostschutzgrundierung-rostumwandler-kfz-rust-converter-grundie\/","og_locale":"de_DE","og_type":"article","og_title":"OWATROL\u00ae Rostschutz \u00d6l 0,5L - F\u00fcr Metalle, Kunststoff, Glas, Holz, Farben &amp; Lacke - Rostumwandler mit Grundierung Auto - Rostschutzgrundierung - Rostumwandler Kfz - Rust Converter - Grundierung Metall - Markt-XXL","og_description":"Markt-XXL OWATROL\u00ae Rostschutz \u00d6l 0,5L - F\u00fcr Metalle, Kunststoff, Glas, Holz, Farben &amp; Lacke - Rostumwandler mit Grundierung Auto - Rostschutzgrundierung - Rostumwandler Kfz - Rust Converter - Grundierung Metall","og_url":"https:\/\/marktxxl.de\/markt\/produkt\/owatrol-rostschutz-oel-05l-fuer-metalle-kunststoff-glas-holz-farben-lacke-rostumwandler-mit-grundierung-auto-rostschutzgrundierung-rostumwandler-kfz-rust-converter-grundie\/","og_site_name":"Markt-XXL","twitter_card":"summary_large_image","twitter_misc":{"Gesch\u00e4tzte Lesezeit":"1\u00a0Minute"},"schema":{"@context":"https:\/\/schema.org","@graph":[{"@type":"WebPage","@id":"https:\/\/marktxxl.de\/markt\/produkt\/owatrol-rostschutz-oel-05l-fuer-metalle-kunststoff-glas-holz-farben-lacke-rostumwandler-mit-grundierung-auto-rostschutzgrundierung-rostumwandler-kfz-rust-converter-grundie\/","url":"https:\/\/marktxxl.de\/markt\/produkt\/owatrol-rostschutz-oel-05l-fuer-metalle-kunststoff-glas-holz-farben-lacke-rostumwandler-mit-grundierung-auto-rostschutzgrundierung-rostumwandler-kfz-rust-converter-grundie\/","name":"OWATROL\u00ae Rostschutz \u00d6l 0,5L - F\u00fcr Metalle, Kunststoff, Glas, Holz, Farben &amp; Lacke - Rostumwandler mit Grundierung Auto - Rostschutzgrundierung - Rostumwandler Kfz - Rust Converter - Grundierung Metall - Markt-XXL","isPartOf":{"@id":"https:\/\/marktxxl.de\/markt\/#website"},"primaryImageOfPage":{"@id":"https:\/\/marktxxl.de\/markt\/produkt\/owatrol-rostschutz-oel-05l-fuer-metalle-kunststoff-glas-holz-farben-lacke-rostumwandler-mit-grundierung-auto-rostschutzgrundierung-rostumwandler-kfz-rust-converter-grundie\/#primaryimage"},"image":{"@id":"https:\/\/marktxxl.de\/markt\/produkt\/owatrol-rostschutz-oel-05l-fuer-metalle-kunststoff-glas-holz-farben-lacke-rostumwandler-mit-grundierung-auto-rostschutzgrundierung-rostumwandler-kfz-rust-converter-grundie\/#primaryimage"},"thumbnailUrl":"https:\/\/m.media-amazon.com\/images\/I\/51aRjUsDZ7L._SL500_.jpg","datePublished":"2024-06-28T13:26:07+00:00","description":"Markt-XXL OWATROL\u00ae Rostschutz \u00d6l 0,5L - F\u00fcr Metalle, Kunststoff, Glas, Holz, Farben &amp; Lacke - Rostumwandler mit Grundierung Auto - Rostschutzgrundierung - Rostumwandler Kfz - Rust Converter - Grundierung Metall","breadcrumb":{"@id":"https:\/\/marktxxl.de\/markt\/produkt\/owatrol-rostschutz-oel-05l-fuer-metalle-kunststoff-glas-holz-farben-lacke-rostumwandler-mit-grundierung-auto-rostschutzgrundierung-rostumwandler-kfz-rust-converter-grundie\/#breadcrumb"},"inLanguage":"de","potentialAction":[{"@type":"ReadAction","target":["https:\/\/marktxxl.de\/markt\/produkt\/owatrol-rostschutz-oel-05l-fuer-metalle-kunststoff-glas-holz-farben-lacke-rostumwandler-mit-grundierung-auto-rostschutzgrundierung-rostumwandler-kfz-rust-converter-grundie\/"]}]},{"@type":"ImageObject","inLanguage":"de","@id":"https:\/\/marktxxl.de\/markt\/produkt\/owatrol-rostschutz-oel-05l-fuer-metalle-kunststoff-glas-holz-farben-lacke-rostumwandler-mit-grundierung-auto-rostschutzgrundierung-rostumwandler-kfz-rust-converter-grundie\/#primaryimage","url":"https:\/\/m.media-amazon.com\/images\/I\/51aRjUsDZ7L._SL500_.jpg","contentUrl":"https:\/\/m.media-amazon.com\/images\/I\/51aRjUsDZ7L._SL500_.jpg","width":317,"height":500},{"@type":"BreadcrumbList","@id":"https:\/\/marktxxl.de\/markt\/produkt\/owatrol-rostschutz-oel-05l-fuer-metalle-kunststoff-glas-holz-farben-lacke-rostumwandler-mit-grundierung-auto-rostschutzgrundierung-rostumwandler-kfz-rust-converter-grundie\/#breadcrumb","itemListElement":[{"@type":"ListItem","position":1,"name":"Startseite","item":"https:\/\/marktxxl.de\/markt\/"},{"@type":"ListItem","position":2,"name":"Markt","item":"https:\/\/marktxxl.de\/markt\/"},{"@type":"ListItem","position":3,"name":"OWATROL\u00ae Rostschutz \u00d6l 0,5L &#8211; F\u00fcr Metalle, Kunststoff, Glas, Holz, Farben &amp; Lacke &#8211; Rostumwandler mit Grundierung Auto &#8211; Rostschutzgrundierung &#8211; Rostumwandler Kfz &#8211; Rust Converter &#8211; Grundierung Metall"}]},{"@type":"WebSite","@id":"https:\/\/marktxxl.de\/markt\/#website","url":"https:\/\/marktxxl.de\/markt\/","name":"Markt-XXL","description":"Ihr Markt Online","publisher":{"@id":"https:\/\/marktxxl.de\/markt\/#organization"},"potentialAction":[{"@type":"SearchAction","target":{"@type":"EntryPoint","urlTemplate":"https:\/\/marktxxl.de\/markt\/?s={search_term_string}"},"query-input":{"@type":"PropertyValueSpecification","valueRequired":true,"valueName":"search_term_string"}}],"inLanguage":"de"},{"@type":"Organization","@id":"https:\/\/marktxxl.de\/markt\/#organization","name":"Markt-XXL","url":"https:\/\/marktxxl.de\/markt\/","logo":{"@type":"ImageObject","inLanguage":"de","@id":"https:\/\/marktxxl.de\/markt\/#\/schema\/logo\/image\/","url":"https:\/\/marktxxl.de\/markt\/wp-content\/uploads\/sites\/3\/2020\/12\/logo.png","contentUrl":"https:\/\/marktxxl.de\/markt\/wp-content\/uploads\/sites\/3\/2020\/12\/logo.png","width":200,"height":70,"caption":"Markt-XXL"},"image":{"@id":"https:\/\/marktxxl.de\/markt\/#\/schema\/logo\/image\/"}}]}},"_links":{"self":[{"href":"https:\/\/marktxxl.de\/markt\/wp-json\/wp\/v2\/product\/212872","targetHints":{"allow":["GET"]}}],"collection":[{"href":"https:\/\/marktxxl.de\/markt\/wp-json\/wp\/v2\/product"}],"about":[{"href":"https:\/\/marktxxl.de\/markt\/wp-json\/wp\/v2\/types\/product"}],"replies":[{"embeddable":true,"href":"https:\/\/marktxxl.de\/markt\/wp-json\/wp\/v2\/comments?post=212872"}],"wp:featuredmedia":[{"embeddable":true,"href":"https:\/\/marktxxl.de\/markt\/wp-json\/wp\/v2\/media\/212873"}],"wp:attachment":[{"href":"https:\/\/marktxxl.de\/markt\/wp-json\/wp\/v2\/media?parent=212872"}],"wp:term":[{"taxonomy":"product_brand","embeddable":true,"href":"https:\/\/marktxxl.de\/markt\/wp-json\/wp\/v2\/product_brand?post=212872"},{"taxonomy":"product_cat","embeddable":true,"href":"https:\/\/marktxxl.de\/markt\/wp-json\/wp\/v2\/product_cat?post=212872"},{"taxonomy":"product_tag","embeddable":true,"href":"https:\/\/marktxxl.de\/markt\/wp-json\/wp\/v2\/product_tag?post=212872"}],"curies":[{"name":"wp","href":"https:\/\/api.w.org\/{rel}","templated":true}]}}