{"id":212846,"date":"2024-06-28T15:25:38","date_gmt":"2024-06-28T13:25:38","guid":{"rendered":"https:\/\/marktxxl.de\/markt\/produkt\/mg-rack-yf-mopp-und-besenhalter-wandhalterung-rustikaler-massivholzhalter-garten-und-kuechen-garage-werkzeug-organizer-wandaufhaenger-fuer-haushaltswaren-3-positionen-mit-4-haken\/"},"modified":"2024-06-28T15:25:38","modified_gmt":"2024-06-28T13:25:38","slug":"mg-rack-yf-mopp-und-besenhalter-wandhalterung-rustikaler-massivholzhalter-garten-und-kuechen-garage-werkzeug-organizer-wandaufhaenger-fuer-haushaltswaren-3-positionen-mit-4-haken","status":"publish","type":"product","link":"https:\/\/marktxxl.de\/markt\/produkt\/mg-rack-yf-mopp-und-besenhalter-wandhalterung-rustikaler-massivholzhalter-garten-und-kuechen-garage-werkzeug-organizer-wandaufhaenger-fuer-haushaltswaren-3-positionen-mit-4-haken\/","title":{"rendered":"MG rack YF Mopp- und Besenhalter, Wandhalterung, rustikaler Massivholzhalter, Garten- und K\u00fcchen-Garage, Werkzeug-Organizer, Wandaufh\u00e4nger f\u00fcr Haushaltswaren (3 Positionen mit 4 Haken)"},"content":{"rendered":"<p>Vom Chaos zur Heimdekoration: Wenn Sie Reinigungsmittel haben, die Ihr Badezimmer, Ihre K\u00fcche oder Ihr Garagenregal \u00fcbernehmen, k\u00f6nnen Sie es mit diesem Aufbewahrungssystem entspannen, das Sie Ihren G\u00e4sten zeigen wollen<br \/>\nVielseitig einsetzbar f\u00fcr drinnen und drau\u00dfen: Eine kreative Mischung aus reichhaltigem, handlichem Fackelholz in Fackel-Optik und gepr\u00e4gtem industriellen Metallzubeh\u00f6r vermischt sich zu einem Landhausst\u00fcck mit modernem Gef\u00fchl. Ordnen Sie Ihren Besen, Mopp, Rechen, Werkzeuge und mehr! Perfekt f\u00fcr K\u00fcche, Waschk\u00fcche, Garten, Garage, B\u00fcro und mehr, und dank des Hartholzes ideal f\u00fcr den Innen- und Au\u00dfenbereich.<br \/>\nRutschfestes Silikon-Design: Mopp- und Besenhalter Wandhalterung mit 15,9 kg Haltekapazit\u00e4t. Dank der federbelasteten, doppelt gummierten Schlitze, egal ob Nasswischer, schmutzige Rechen oder Baseballschl\u00e4ger rutscht nichts.<br \/>\n\u3010NEUE INSTALLATION UND STABIL\u3011 Der Abstand zwischen den Befestigungsl\u00f6chern des Besenhalters bis zu 40,6 cm, Wandbefestigungsschrauben und D\u00fcbel im Lieferumfang enthalten f\u00fcr eine einfache und schnelle Installation. Keine Montage erforderlich. 3 federbelastete Schlitze mit Gummigriffen, 4 robuste Haken, die es nach der Installation stabiler als andere Mopphalter machen.<br \/>\nSERVICE: Wenn Sie Fragen haben, k\u00f6nnen Sie sich gerne an uns wenden und wir werden Ihnen innerhalb von 24 Stunden die perfekte L\u00f6sung geben.Ihre Zufriedenheit ist unsere oberste Priorit\u00e4t!<br \/>\n<div class=\"main-cross-sell\" data-asin=\"B09CKFVPD7\">\n\n\t<div class=\"WooZone-cross-sell-loader\">\n\t\t<div>\n\t\t\t<div id=\"floatingBarsG\">\n\t\t\t\t<div class=\"blockG\" id=\"rotateG_01\"><\/div>\n\t\t\t\t<div class=\"blockG\" id=\"rotateG_02\"><\/div>\n\t\t\t\t<div class=\"blockG\" id=\"rotateG_03\"><\/div>\n\t\t\t\t<div class=\"blockG\" id=\"rotateG_04\"><\/div>\n\t\t\t\t<div class=\"blockG\" id=\"rotateG_05\"><\/div>\n\t\t\t\t<div class=\"blockG\" id=\"rotateG_06\"><\/div>\n\t\t\t\t<div class=\"blockG\" id=\"rotateG_07\"><\/div>\n\t\t\t\t<div class=\"blockG\" id=\"rotateG_08\"><\/div>\n\t\t\t<\/div>\n\t\t\t<div class=\"WooZone-cross-sell-loader-text\"><\/div>\n\t\t<\/div>\n\t<\/div>\n\n\t\t\n<\/div>\n<div style=\"clear:both;\"><\/div><\/p>\n","protected":false},"excerpt":{"rendered":"<p>Vom Chaos zur Heimdekoration: Wenn Sie Reinigungsmittel haben, die Ihr Badezimmer, Ihre K\u00fcche oder Ihr Garagenregal \u00fcbernehmen, k\u00f6nnen Sie es mit diesem Aufbewahrungssystem entspannen, das Sie Ihren G\u00e4sten zeigen wollen<br \/>\nVielseitig einsetzbar f\u00fcr drinnen und drau\u00dfen: Eine kreative Mischung aus reichhaltigem, handlichem Fackelholz in Fackel-Optik und gepr\u00e4gtem industriellen Metallzubeh\u00f6r vermischt sich zu einem Landhausst\u00fcck mit modernem Gef\u00fchl. Ordnen Sie Ihren Besen, Mopp, Rechen, Werkzeuge und mehr! Perfekt f\u00fcr K\u00fcche, Waschk\u00fcche, Garten, Garage, B\u00fcro und mehr, und dank des Hartholzes ideal f\u00fcr den Innen- und Au\u00dfenbereich.<br \/>\nRutschfestes Silikon-Design: Mopp- und Besenhalter Wandhalterung mit 15,9 kg Haltekapazit\u00e4t. Dank der federbelasteten, doppelt gummierten Schlitze, egal ob Nasswischer, schmutzige Rechen oder Baseballschl\u00e4ger rutscht nichts.<\/p>\n","protected":false},"featured_media":212847,"comment_status":"open","ping_status":"closed","template":"","meta":[],"product_brand":[],"product_cat":[1983,11179],"product_tag":[],"class_list":{"0":"post-212846","1":"product","2":"type-product","3":"status-publish","4":"has-post-thumbnail","6":"product_cat-baumarkt","7":"product_cat-lagersysteme","8":"pa_binding-werkzeug","9":"pa_brand-mg-rack-yf","10":"pa_manufacturer-mg-rack-yf","12":"first","13":"instock","14":"shipping-taxable","15":"product-type-simple","16":"customify-col","17":"product-has-gallery"},"yoast_head":"<!-- This site is optimized with the Yoast SEO plugin v27.4 - https:\/\/yoast.com\/product\/yoast-seo-wordpress\/ -->\n<title>MG rack YF Mopp- und Besenhalter, Wandhalterung, rustikaler Massivholzhalter, Garten- und K\u00fcchen-Garage, Werkzeug-Organizer, Wandaufh\u00e4nger f\u00fcr Haushaltswaren (3 Positionen mit 4 Haken) - Markt-XXL<\/title>\n<meta name=\"description\" content=\"Markt-XXL MG rack YF Mopp- und Besenhalter, Wandhalterung, rustikaler Massivholzhalter, Garten- und K\u00fcchen-Garage, Werkzeug-Organizer, Wandaufh\u00e4nger f\u00fcr Haushaltswaren (3 Positionen mit 4 Haken)\" \/>\n<meta name=\"robots\" content=\"index, follow, max-snippet:-1, max-image-preview:large, max-video-preview:-1\" \/>\n<link rel=\"canonical\" href=\"https:\/\/marktxxl.de\/markt\/produkt\/mg-rack-yf-mopp-und-besenhalter-wandhalterung-rustikaler-massivholzhalter-garten-und-kuechen-garage-werkzeug-organizer-wandaufhaenger-fuer-haushaltswaren-3-positionen-mit-4-haken\/\" \/>\n<meta property=\"og:locale\" content=\"de_DE\" \/>\n<meta property=\"og:type\" content=\"article\" \/>\n<meta property=\"og:title\" content=\"MG rack YF Mopp- und Besenhalter, Wandhalterung, rustikaler Massivholzhalter, Garten- und K\u00fcchen-Garage, Werkzeug-Organizer, Wandaufh\u00e4nger f\u00fcr Haushaltswaren (3 Positionen mit 4 Haken) - Markt-XXL\" \/>\n<meta property=\"og:description\" content=\"Markt-XXL MG rack YF Mopp- und Besenhalter, Wandhalterung, rustikaler Massivholzhalter, Garten- und K\u00fcchen-Garage, Werkzeug-Organizer, Wandaufh\u00e4nger f\u00fcr Haushaltswaren (3 Positionen mit 4 Haken)\" \/>\n<meta property=\"og:url\" content=\"https:\/\/marktxxl.de\/markt\/produkt\/mg-rack-yf-mopp-und-besenhalter-wandhalterung-rustikaler-massivholzhalter-garten-und-kuechen-garage-werkzeug-organizer-wandaufhaenger-fuer-haushaltswaren-3-positionen-mit-4-haken\/\" \/>\n<meta property=\"og:site_name\" content=\"Markt-XXL\" \/>\n<meta name=\"twitter:card\" content=\"summary_large_image\" \/>\n<meta name=\"twitter:label1\" content=\"Gesch\u00e4tzte Lesezeit\" \/>\n\t<meta name=\"twitter:data1\" content=\"1\u00a0Minute\" \/>\n<script type=\"application\/ld+json\" class=\"yoast-schema-graph\">{\"@context\":\"https:\\\/\\\/schema.org\",\"@graph\":[{\"@type\":\"WebPage\",\"@id\":\"https:\\\/\\\/marktxxl.de\\\/markt\\\/produkt\\\/mg-rack-yf-mopp-und-besenhalter-wandhalterung-rustikaler-massivholzhalter-garten-und-kuechen-garage-werkzeug-organizer-wandaufhaenger-fuer-haushaltswaren-3-positionen-mit-4-haken\\\/\",\"url\":\"https:\\\/\\\/marktxxl.de\\\/markt\\\/produkt\\\/mg-rack-yf-mopp-und-besenhalter-wandhalterung-rustikaler-massivholzhalter-garten-und-kuechen-garage-werkzeug-organizer-wandaufhaenger-fuer-haushaltswaren-3-positionen-mit-4-haken\\\/\",\"name\":\"MG rack YF Mopp- und Besenhalter, Wandhalterung, rustikaler Massivholzhalter, Garten- und K\u00fcchen-Garage, Werkzeug-Organizer, Wandaufh\u00e4nger f\u00fcr Haushaltswaren (3 Positionen mit 4 Haken) - Markt-XXL\",\"isPartOf\":{\"@id\":\"https:\\\/\\\/marktxxl.de\\\/markt\\\/#website\"},\"primaryImageOfPage\":{\"@id\":\"https:\\\/\\\/marktxxl.de\\\/markt\\\/produkt\\\/mg-rack-yf-mopp-und-besenhalter-wandhalterung-rustikaler-massivholzhalter-garten-und-kuechen-garage-werkzeug-organizer-wandaufhaenger-fuer-haushaltswaren-3-positionen-mit-4-haken\\\/#primaryimage\"},\"image\":{\"@id\":\"https:\\\/\\\/marktxxl.de\\\/markt\\\/produkt\\\/mg-rack-yf-mopp-und-besenhalter-wandhalterung-rustikaler-massivholzhalter-garten-und-kuechen-garage-werkzeug-organizer-wandaufhaenger-fuer-haushaltswaren-3-positionen-mit-4-haken\\\/#primaryimage\"},\"thumbnailUrl\":\"https:\\\/\\\/m.media-amazon.com\\\/images\\\/I\\\/41uZpjl6foL._SL500_.jpg\",\"datePublished\":\"2024-06-28T13:25:38+00:00\",\"description\":\"Markt-XXL MG rack YF Mopp- und Besenhalter, Wandhalterung, rustikaler Massivholzhalter, Garten- und K\u00fcchen-Garage, Werkzeug-Organizer, Wandaufh\u00e4nger f\u00fcr Haushaltswaren (3 Positionen mit 4 Haken)\",\"breadcrumb\":{\"@id\":\"https:\\\/\\\/marktxxl.de\\\/markt\\\/produkt\\\/mg-rack-yf-mopp-und-besenhalter-wandhalterung-rustikaler-massivholzhalter-garten-und-kuechen-garage-werkzeug-organizer-wandaufhaenger-fuer-haushaltswaren-3-positionen-mit-4-haken\\\/#breadcrumb\"},\"inLanguage\":\"de\",\"potentialAction\":[{\"@type\":\"ReadAction\",\"target\":[\"https:\\\/\\\/marktxxl.de\\\/markt\\\/produkt\\\/mg-rack-yf-mopp-und-besenhalter-wandhalterung-rustikaler-massivholzhalter-garten-und-kuechen-garage-werkzeug-organizer-wandaufhaenger-fuer-haushaltswaren-3-positionen-mit-4-haken\\\/\"]}]},{\"@type\":\"ImageObject\",\"inLanguage\":\"de\",\"@id\":\"https:\\\/\\\/marktxxl.de\\\/markt\\\/produkt\\\/mg-rack-yf-mopp-und-besenhalter-wandhalterung-rustikaler-massivholzhalter-garten-und-kuechen-garage-werkzeug-organizer-wandaufhaenger-fuer-haushaltswaren-3-positionen-mit-4-haken\\\/#primaryimage\",\"url\":\"https:\\\/\\\/m.media-amazon.com\\\/images\\\/I\\\/41uZpjl6foL._SL500_.jpg\",\"contentUrl\":\"https:\\\/\\\/m.media-amazon.com\\\/images\\\/I\\\/41uZpjl6foL._SL500_.jpg\",\"width\":500,\"height\":490},{\"@type\":\"BreadcrumbList\",\"@id\":\"https:\\\/\\\/marktxxl.de\\\/markt\\\/produkt\\\/mg-rack-yf-mopp-und-besenhalter-wandhalterung-rustikaler-massivholzhalter-garten-und-kuechen-garage-werkzeug-organizer-wandaufhaenger-fuer-haushaltswaren-3-positionen-mit-4-haken\\\/#breadcrumb\",\"itemListElement\":[{\"@type\":\"ListItem\",\"position\":1,\"name\":\"Startseite\",\"item\":\"https:\\\/\\\/marktxxl.de\\\/markt\\\/\"},{\"@type\":\"ListItem\",\"position\":2,\"name\":\"Markt\",\"item\":\"https:\\\/\\\/marktxxl.de\\\/markt\\\/\"},{\"@type\":\"ListItem\",\"position\":3,\"name\":\"MG rack YF Mopp- und Besenhalter, Wandhalterung, rustikaler Massivholzhalter, Garten- und K\u00fcchen-Garage, Werkzeug-Organizer, Wandaufh\u00e4nger f\u00fcr Haushaltswaren (3 Positionen mit 4 Haken)\"}]},{\"@type\":\"WebSite\",\"@id\":\"https:\\\/\\\/marktxxl.de\\\/markt\\\/#website\",\"url\":\"https:\\\/\\\/marktxxl.de\\\/markt\\\/\",\"name\":\"Markt-XXL\",\"description\":\"Ihr Markt Online\",\"publisher\":{\"@id\":\"https:\\\/\\\/marktxxl.de\\\/markt\\\/#organization\"},\"potentialAction\":[{\"@type\":\"SearchAction\",\"target\":{\"@type\":\"EntryPoint\",\"urlTemplate\":\"https:\\\/\\\/marktxxl.de\\\/markt\\\/?s={search_term_string}\"},\"query-input\":{\"@type\":\"PropertyValueSpecification\",\"valueRequired\":true,\"valueName\":\"search_term_string\"}}],\"inLanguage\":\"de\"},{\"@type\":\"Organization\",\"@id\":\"https:\\\/\\\/marktxxl.de\\\/markt\\\/#organization\",\"name\":\"Markt-XXL\",\"url\":\"https:\\\/\\\/marktxxl.de\\\/markt\\\/\",\"logo\":{\"@type\":\"ImageObject\",\"inLanguage\":\"de\",\"@id\":\"https:\\\/\\\/marktxxl.de\\\/markt\\\/#\\\/schema\\\/logo\\\/image\\\/\",\"url\":\"https:\\\/\\\/marktxxl.de\\\/markt\\\/wp-content\\\/uploads\\\/sites\\\/3\\\/2020\\\/12\\\/logo.png\",\"contentUrl\":\"https:\\\/\\\/marktxxl.de\\\/markt\\\/wp-content\\\/uploads\\\/sites\\\/3\\\/2020\\\/12\\\/logo.png\",\"width\":200,\"height\":70,\"caption\":\"Markt-XXL\"},\"image\":{\"@id\":\"https:\\\/\\\/marktxxl.de\\\/markt\\\/#\\\/schema\\\/logo\\\/image\\\/\"}}]}<\/script>\n<!-- \/ Yoast SEO plugin. -->","yoast_head_json":{"title":"MG rack YF Mopp- und Besenhalter, Wandhalterung, rustikaler Massivholzhalter, Garten- und K\u00fcchen-Garage, Werkzeug-Organizer, Wandaufh\u00e4nger f\u00fcr Haushaltswaren (3 Positionen mit 4 Haken) - Markt-XXL","description":"Markt-XXL MG rack YF Mopp- und Besenhalter, Wandhalterung, rustikaler Massivholzhalter, Garten- und K\u00fcchen-Garage, Werkzeug-Organizer, Wandaufh\u00e4nger f\u00fcr Haushaltswaren (3 Positionen mit 4 Haken)","robots":{"index":"index","follow":"follow","max-snippet":"max-snippet:-1","max-image-preview":"max-image-preview:large","max-video-preview":"max-video-preview:-1"},"canonical":"https:\/\/marktxxl.de\/markt\/produkt\/mg-rack-yf-mopp-und-besenhalter-wandhalterung-rustikaler-massivholzhalter-garten-und-kuechen-garage-werkzeug-organizer-wandaufhaenger-fuer-haushaltswaren-3-positionen-mit-4-haken\/","og_locale":"de_DE","og_type":"article","og_title":"MG rack YF Mopp- und Besenhalter, Wandhalterung, rustikaler Massivholzhalter, Garten- und K\u00fcchen-Garage, Werkzeug-Organizer, Wandaufh\u00e4nger f\u00fcr Haushaltswaren (3 Positionen mit 4 Haken) - Markt-XXL","og_description":"Markt-XXL MG rack YF Mopp- und Besenhalter, Wandhalterung, rustikaler Massivholzhalter, Garten- und K\u00fcchen-Garage, Werkzeug-Organizer, Wandaufh\u00e4nger f\u00fcr Haushaltswaren (3 Positionen mit 4 Haken)","og_url":"https:\/\/marktxxl.de\/markt\/produkt\/mg-rack-yf-mopp-und-besenhalter-wandhalterung-rustikaler-massivholzhalter-garten-und-kuechen-garage-werkzeug-organizer-wandaufhaenger-fuer-haushaltswaren-3-positionen-mit-4-haken\/","og_site_name":"Markt-XXL","twitter_card":"summary_large_image","twitter_misc":{"Gesch\u00e4tzte Lesezeit":"1\u00a0Minute"},"schema":{"@context":"https:\/\/schema.org","@graph":[{"@type":"WebPage","@id":"https:\/\/marktxxl.de\/markt\/produkt\/mg-rack-yf-mopp-und-besenhalter-wandhalterung-rustikaler-massivholzhalter-garten-und-kuechen-garage-werkzeug-organizer-wandaufhaenger-fuer-haushaltswaren-3-positionen-mit-4-haken\/","url":"https:\/\/marktxxl.de\/markt\/produkt\/mg-rack-yf-mopp-und-besenhalter-wandhalterung-rustikaler-massivholzhalter-garten-und-kuechen-garage-werkzeug-organizer-wandaufhaenger-fuer-haushaltswaren-3-positionen-mit-4-haken\/","name":"MG rack YF Mopp- und Besenhalter, Wandhalterung, rustikaler Massivholzhalter, Garten- und K\u00fcchen-Garage, Werkzeug-Organizer, Wandaufh\u00e4nger f\u00fcr Haushaltswaren (3 Positionen mit 4 Haken) - Markt-XXL","isPartOf":{"@id":"https:\/\/marktxxl.de\/markt\/#website"},"primaryImageOfPage":{"@id":"https:\/\/marktxxl.de\/markt\/produkt\/mg-rack-yf-mopp-und-besenhalter-wandhalterung-rustikaler-massivholzhalter-garten-und-kuechen-garage-werkzeug-organizer-wandaufhaenger-fuer-haushaltswaren-3-positionen-mit-4-haken\/#primaryimage"},"image":{"@id":"https:\/\/marktxxl.de\/markt\/produkt\/mg-rack-yf-mopp-und-besenhalter-wandhalterung-rustikaler-massivholzhalter-garten-und-kuechen-garage-werkzeug-organizer-wandaufhaenger-fuer-haushaltswaren-3-positionen-mit-4-haken\/#primaryimage"},"thumbnailUrl":"https:\/\/m.media-amazon.com\/images\/I\/41uZpjl6foL._SL500_.jpg","datePublished":"2024-06-28T13:25:38+00:00","description":"Markt-XXL MG rack YF Mopp- und Besenhalter, Wandhalterung, rustikaler Massivholzhalter, Garten- und K\u00fcchen-Garage, Werkzeug-Organizer, Wandaufh\u00e4nger f\u00fcr Haushaltswaren (3 Positionen mit 4 Haken)","breadcrumb":{"@id":"https:\/\/marktxxl.de\/markt\/produkt\/mg-rack-yf-mopp-und-besenhalter-wandhalterung-rustikaler-massivholzhalter-garten-und-kuechen-garage-werkzeug-organizer-wandaufhaenger-fuer-haushaltswaren-3-positionen-mit-4-haken\/#breadcrumb"},"inLanguage":"de","potentialAction":[{"@type":"ReadAction","target":["https:\/\/marktxxl.de\/markt\/produkt\/mg-rack-yf-mopp-und-besenhalter-wandhalterung-rustikaler-massivholzhalter-garten-und-kuechen-garage-werkzeug-organizer-wandaufhaenger-fuer-haushaltswaren-3-positionen-mit-4-haken\/"]}]},{"@type":"ImageObject","inLanguage":"de","@id":"https:\/\/marktxxl.de\/markt\/produkt\/mg-rack-yf-mopp-und-besenhalter-wandhalterung-rustikaler-massivholzhalter-garten-und-kuechen-garage-werkzeug-organizer-wandaufhaenger-fuer-haushaltswaren-3-positionen-mit-4-haken\/#primaryimage","url":"https:\/\/m.media-amazon.com\/images\/I\/41uZpjl6foL._SL500_.jpg","contentUrl":"https:\/\/m.media-amazon.com\/images\/I\/41uZpjl6foL._SL500_.jpg","width":500,"height":490},{"@type":"BreadcrumbList","@id":"https:\/\/marktxxl.de\/markt\/produkt\/mg-rack-yf-mopp-und-besenhalter-wandhalterung-rustikaler-massivholzhalter-garten-und-kuechen-garage-werkzeug-organizer-wandaufhaenger-fuer-haushaltswaren-3-positionen-mit-4-haken\/#breadcrumb","itemListElement":[{"@type":"ListItem","position":1,"name":"Startseite","item":"https:\/\/marktxxl.de\/markt\/"},{"@type":"ListItem","position":2,"name":"Markt","item":"https:\/\/marktxxl.de\/markt\/"},{"@type":"ListItem","position":3,"name":"MG rack YF Mopp- und Besenhalter, Wandhalterung, rustikaler Massivholzhalter, Garten- und K\u00fcchen-Garage, Werkzeug-Organizer, Wandaufh\u00e4nger f\u00fcr Haushaltswaren (3 Positionen mit 4 Haken)"}]},{"@type":"WebSite","@id":"https:\/\/marktxxl.de\/markt\/#website","url":"https:\/\/marktxxl.de\/markt\/","name":"Markt-XXL","description":"Ihr Markt Online","publisher":{"@id":"https:\/\/marktxxl.de\/markt\/#organization"},"potentialAction":[{"@type":"SearchAction","target":{"@type":"EntryPoint","urlTemplate":"https:\/\/marktxxl.de\/markt\/?s={search_term_string}"},"query-input":{"@type":"PropertyValueSpecification","valueRequired":true,"valueName":"search_term_string"}}],"inLanguage":"de"},{"@type":"Organization","@id":"https:\/\/marktxxl.de\/markt\/#organization","name":"Markt-XXL","url":"https:\/\/marktxxl.de\/markt\/","logo":{"@type":"ImageObject","inLanguage":"de","@id":"https:\/\/marktxxl.de\/markt\/#\/schema\/logo\/image\/","url":"https:\/\/marktxxl.de\/markt\/wp-content\/uploads\/sites\/3\/2020\/12\/logo.png","contentUrl":"https:\/\/marktxxl.de\/markt\/wp-content\/uploads\/sites\/3\/2020\/12\/logo.png","width":200,"height":70,"caption":"Markt-XXL"},"image":{"@id":"https:\/\/marktxxl.de\/markt\/#\/schema\/logo\/image\/"}}]}},"_links":{"self":[{"href":"https:\/\/marktxxl.de\/markt\/wp-json\/wp\/v2\/product\/212846","targetHints":{"allow":["GET"]}}],"collection":[{"href":"https:\/\/marktxxl.de\/markt\/wp-json\/wp\/v2\/product"}],"about":[{"href":"https:\/\/marktxxl.de\/markt\/wp-json\/wp\/v2\/types\/product"}],"replies":[{"embeddable":true,"href":"https:\/\/marktxxl.de\/markt\/wp-json\/wp\/v2\/comments?post=212846"}],"wp:featuredmedia":[{"embeddable":true,"href":"https:\/\/marktxxl.de\/markt\/wp-json\/wp\/v2\/media\/212847"}],"wp:attachment":[{"href":"https:\/\/marktxxl.de\/markt\/wp-json\/wp\/v2\/media?parent=212846"}],"wp:term":[{"taxonomy":"product_brand","embeddable":true,"href":"https:\/\/marktxxl.de\/markt\/wp-json\/wp\/v2\/product_brand?post=212846"},{"taxonomy":"product_cat","embeddable":true,"href":"https:\/\/marktxxl.de\/markt\/wp-json\/wp\/v2\/product_cat?post=212846"},{"taxonomy":"product_tag","embeddable":true,"href":"https:\/\/marktxxl.de\/markt\/wp-json\/wp\/v2\/product_tag?post=212846"}],"curies":[{"name":"wp","href":"https:\/\/api.w.org\/{rel}","templated":true}]}}