{"id":212768,"date":"2024-06-28T14:48:06","date_gmt":"2024-06-28T12:48:06","guid":{"rendered":"https:\/\/marktxxl.de\/markt\/produkt\/logiplast-5-stueck-transportroller-fuer-kisten-60-x-40-cm-mit-4-lenkrollen-in-rot\/"},"modified":"2024-06-28T14:48:06","modified_gmt":"2024-06-28T12:48:06","slug":"logiplast-5-stueck-transportroller-fuer-kisten-60-x-40-cm-mit-4-lenkrollen-in-rot","status":"publish","type":"product","link":"https:\/\/marktxxl.de\/markt\/produkt\/logiplast-5-stueck-transportroller-fuer-kisten-60-x-40-cm-mit-4-lenkrollen-in-rot\/","title":{"rendered":"Logiplast 5 St\u00fcck Transportroller f\u00fcr Kisten 60 x 40 cm mit 4 Lenkrollen in rot"},"content":{"rendered":"<p>Au\u00dfenabmessungen (LxBxH): 612 x 417 x 170 mm mit Stapelrahmen zur Transportsicherheit<br \/>\nAusf\u00fchrung: 4 Lenkrollen mit einem Raddurchmesser von 100 mm | Radmaterial: thermoplastischem Gummi (streifenfrei und leise)<br \/>\nEinfach zu reinigen, robust, langlebig, ein geringes Eigengewicht und kompatibel mit den Kisten der E-Serie (Eurok\u00e4sten E1 &#8211; E3)<br \/>\nTragf\u00e4higkeit: 250 kg<br \/>\nUnsere Transportroller sind vielseitig einsetzbar, egal ob privat f\u00fcr den Umzug, zum Transportieren von Wasserk\u00e4sten oder in der Industrie, um den Mitarbeitern die Bef\u00f6rderung von schweren Produkten und Gegenst\u00e4nden zu vereinfachen und sicher zu gestalten<br \/>\n<div class=\"main-cross-sell\" data-asin=\"B077QPKPPC\">\n\n\t<div class=\"WooZone-cross-sell-loader\">\n\t\t<div>\n\t\t\t<div id=\"floatingBarsG\">\n\t\t\t\t<div class=\"blockG\" id=\"rotateG_01\"><\/div>\n\t\t\t\t<div class=\"blockG\" id=\"rotateG_02\"><\/div>\n\t\t\t\t<div class=\"blockG\" id=\"rotateG_03\"><\/div>\n\t\t\t\t<div class=\"blockG\" id=\"rotateG_04\"><\/div>\n\t\t\t\t<div class=\"blockG\" id=\"rotateG_05\"><\/div>\n\t\t\t\t<div class=\"blockG\" id=\"rotateG_06\"><\/div>\n\t\t\t\t<div class=\"blockG\" id=\"rotateG_07\"><\/div>\n\t\t\t\t<div class=\"blockG\" id=\"rotateG_08\"><\/div>\n\t\t\t<\/div>\n\t\t\t<div class=\"WooZone-cross-sell-loader-text\"><\/div>\n\t\t<\/div>\n\t<\/div>\n\n\t\t\n<\/div>\n<div style=\"clear:both;\"><\/div><\/p>\n","protected":false},"excerpt":{"rendered":"<p>Au\u00dfenabmessungen (LxBxH): 612 x 417 x 170 mm mit Stapelrahmen zur Transportsicherheit<br \/>\nAusf\u00fchrung: 4 Lenkrollen mit einem Raddurchmesser von 100 mm | Radmaterial: thermoplastischem Gummi (streifenfrei und leise)<br \/>\nEinfach zu reinigen, robust, langlebig, ein geringes Eigengewicht und kompatibel mit den Kisten der E-Serie (Eurok\u00e4sten E1 &#8211; E3)<\/p>\n","protected":false},"featured_media":212769,"comment_status":"open","ping_status":"closed","template":"","meta":[],"product_brand":[],"product_cat":[10704,1983],"product_tag":[],"class_list":{"0":"post-212768","1":"product","2":"type-product","3":"status-publish","4":"has-post-thumbnail","6":"product_cat-baubedarf","7":"product_cat-baumarkt","8":"pa_brand-logiplast","9":"pa_color-rot","10":"pa_manufacturer-logiplast","11":"pa_weight-8-377565956-pounds","13":"first","14":"instock","15":"shipping-taxable","16":"purchasable","17":"product-type-simple","18":"customify-col","19":"product-has-gallery"},"yoast_head":"<!-- This site is optimized with the Yoast SEO plugin v27.4 - https:\/\/yoast.com\/product\/yoast-seo-wordpress\/ -->\n<title>Logiplast 5 St\u00fcck Transportroller f\u00fcr Kisten 60 x 40 cm mit 4 Lenkrollen in rot - Markt-XXL<\/title>\n<meta name=\"description\" content=\"Markt-XXL Logiplast 5 St\u00fcck Transportroller f\u00fcr Kisten 60 x 40 cm mit 4 Lenkrollen in rot\" \/>\n<meta name=\"robots\" content=\"index, follow, max-snippet:-1, max-image-preview:large, max-video-preview:-1\" \/>\n<link rel=\"canonical\" href=\"https:\/\/marktxxl.de\/markt\/produkt\/logiplast-5-stueck-transportroller-fuer-kisten-60-x-40-cm-mit-4-lenkrollen-in-rot\/\" \/>\n<meta property=\"og:locale\" content=\"de_DE\" \/>\n<meta property=\"og:type\" content=\"article\" \/>\n<meta property=\"og:title\" content=\"Logiplast 5 St\u00fcck Transportroller f\u00fcr Kisten 60 x 40 cm mit 4 Lenkrollen in rot - Markt-XXL\" \/>\n<meta property=\"og:description\" content=\"Markt-XXL Logiplast 5 St\u00fcck Transportroller f\u00fcr Kisten 60 x 40 cm mit 4 Lenkrollen in rot\" \/>\n<meta property=\"og:url\" content=\"https:\/\/marktxxl.de\/markt\/produkt\/logiplast-5-stueck-transportroller-fuer-kisten-60-x-40-cm-mit-4-lenkrollen-in-rot\/\" \/>\n<meta property=\"og:site_name\" content=\"Markt-XXL\" \/>\n<meta name=\"twitter:card\" content=\"summary_large_image\" \/>\n<script type=\"application\/ld+json\" class=\"yoast-schema-graph\">{\"@context\":\"https:\\\/\\\/schema.org\",\"@graph\":[{\"@type\":\"WebPage\",\"@id\":\"https:\\\/\\\/marktxxl.de\\\/markt\\\/produkt\\\/logiplast-5-stueck-transportroller-fuer-kisten-60-x-40-cm-mit-4-lenkrollen-in-rot\\\/\",\"url\":\"https:\\\/\\\/marktxxl.de\\\/markt\\\/produkt\\\/logiplast-5-stueck-transportroller-fuer-kisten-60-x-40-cm-mit-4-lenkrollen-in-rot\\\/\",\"name\":\"Logiplast 5 St\u00fcck Transportroller f\u00fcr Kisten 60 x 40 cm mit 4 Lenkrollen in rot - Markt-XXL\",\"isPartOf\":{\"@id\":\"https:\\\/\\\/marktxxl.de\\\/markt\\\/#website\"},\"primaryImageOfPage\":{\"@id\":\"https:\\\/\\\/marktxxl.de\\\/markt\\\/produkt\\\/logiplast-5-stueck-transportroller-fuer-kisten-60-x-40-cm-mit-4-lenkrollen-in-rot\\\/#primaryimage\"},\"image\":{\"@id\":\"https:\\\/\\\/marktxxl.de\\\/markt\\\/produkt\\\/logiplast-5-stueck-transportroller-fuer-kisten-60-x-40-cm-mit-4-lenkrollen-in-rot\\\/#primaryimage\"},\"thumbnailUrl\":\"https:\\\/\\\/m.media-amazon.com\\\/images\\\/I\\\/51X7WLoyzbL._SL500_.jpg\",\"datePublished\":\"2024-06-28T12:48:06+00:00\",\"description\":\"Markt-XXL Logiplast 5 St\u00fcck Transportroller f\u00fcr Kisten 60 x 40 cm mit 4 Lenkrollen in rot\",\"breadcrumb\":{\"@id\":\"https:\\\/\\\/marktxxl.de\\\/markt\\\/produkt\\\/logiplast-5-stueck-transportroller-fuer-kisten-60-x-40-cm-mit-4-lenkrollen-in-rot\\\/#breadcrumb\"},\"inLanguage\":\"de\",\"potentialAction\":[{\"@type\":\"ReadAction\",\"target\":[\"https:\\\/\\\/marktxxl.de\\\/markt\\\/produkt\\\/logiplast-5-stueck-transportroller-fuer-kisten-60-x-40-cm-mit-4-lenkrollen-in-rot\\\/\"]}]},{\"@type\":\"ImageObject\",\"inLanguage\":\"de\",\"@id\":\"https:\\\/\\\/marktxxl.de\\\/markt\\\/produkt\\\/logiplast-5-stueck-transportroller-fuer-kisten-60-x-40-cm-mit-4-lenkrollen-in-rot\\\/#primaryimage\",\"url\":\"https:\\\/\\\/m.media-amazon.com\\\/images\\\/I\\\/51X7WLoyzbL._SL500_.jpg\",\"contentUrl\":\"https:\\\/\\\/m.media-amazon.com\\\/images\\\/I\\\/51X7WLoyzbL._SL500_.jpg\",\"width\":500,\"height\":454},{\"@type\":\"BreadcrumbList\",\"@id\":\"https:\\\/\\\/marktxxl.de\\\/markt\\\/produkt\\\/logiplast-5-stueck-transportroller-fuer-kisten-60-x-40-cm-mit-4-lenkrollen-in-rot\\\/#breadcrumb\",\"itemListElement\":[{\"@type\":\"ListItem\",\"position\":1,\"name\":\"Startseite\",\"item\":\"https:\\\/\\\/marktxxl.de\\\/markt\\\/\"},{\"@type\":\"ListItem\",\"position\":2,\"name\":\"Markt\",\"item\":\"https:\\\/\\\/marktxxl.de\\\/markt\\\/\"},{\"@type\":\"ListItem\",\"position\":3,\"name\":\"Logiplast 5 St\u00fcck Transportroller f\u00fcr Kisten 60 x 40 cm mit 4 Lenkrollen in rot\"}]},{\"@type\":\"WebSite\",\"@id\":\"https:\\\/\\\/marktxxl.de\\\/markt\\\/#website\",\"url\":\"https:\\\/\\\/marktxxl.de\\\/markt\\\/\",\"name\":\"Markt-XXL\",\"description\":\"Ihr Markt Online\",\"publisher\":{\"@id\":\"https:\\\/\\\/marktxxl.de\\\/markt\\\/#organization\"},\"potentialAction\":[{\"@type\":\"SearchAction\",\"target\":{\"@type\":\"EntryPoint\",\"urlTemplate\":\"https:\\\/\\\/marktxxl.de\\\/markt\\\/?s={search_term_string}\"},\"query-input\":{\"@type\":\"PropertyValueSpecification\",\"valueRequired\":true,\"valueName\":\"search_term_string\"}}],\"inLanguage\":\"de\"},{\"@type\":\"Organization\",\"@id\":\"https:\\\/\\\/marktxxl.de\\\/markt\\\/#organization\",\"name\":\"Markt-XXL\",\"url\":\"https:\\\/\\\/marktxxl.de\\\/markt\\\/\",\"logo\":{\"@type\":\"ImageObject\",\"inLanguage\":\"de\",\"@id\":\"https:\\\/\\\/marktxxl.de\\\/markt\\\/#\\\/schema\\\/logo\\\/image\\\/\",\"url\":\"https:\\\/\\\/marktxxl.de\\\/markt\\\/wp-content\\\/uploads\\\/sites\\\/3\\\/2020\\\/12\\\/logo.png\",\"contentUrl\":\"https:\\\/\\\/marktxxl.de\\\/markt\\\/wp-content\\\/uploads\\\/sites\\\/3\\\/2020\\\/12\\\/logo.png\",\"width\":200,\"height\":70,\"caption\":\"Markt-XXL\"},\"image\":{\"@id\":\"https:\\\/\\\/marktxxl.de\\\/markt\\\/#\\\/schema\\\/logo\\\/image\\\/\"}}]}<\/script>\n<!-- \/ Yoast SEO plugin. -->","yoast_head_json":{"title":"Logiplast 5 St\u00fcck Transportroller f\u00fcr Kisten 60 x 40 cm mit 4 Lenkrollen in rot - Markt-XXL","description":"Markt-XXL Logiplast 5 St\u00fcck Transportroller f\u00fcr Kisten 60 x 40 cm mit 4 Lenkrollen in rot","robots":{"index":"index","follow":"follow","max-snippet":"max-snippet:-1","max-image-preview":"max-image-preview:large","max-video-preview":"max-video-preview:-1"},"canonical":"https:\/\/marktxxl.de\/markt\/produkt\/logiplast-5-stueck-transportroller-fuer-kisten-60-x-40-cm-mit-4-lenkrollen-in-rot\/","og_locale":"de_DE","og_type":"article","og_title":"Logiplast 5 St\u00fcck Transportroller f\u00fcr Kisten 60 x 40 cm mit 4 Lenkrollen in rot - Markt-XXL","og_description":"Markt-XXL Logiplast 5 St\u00fcck Transportroller f\u00fcr Kisten 60 x 40 cm mit 4 Lenkrollen in rot","og_url":"https:\/\/marktxxl.de\/markt\/produkt\/logiplast-5-stueck-transportroller-fuer-kisten-60-x-40-cm-mit-4-lenkrollen-in-rot\/","og_site_name":"Markt-XXL","twitter_card":"summary_large_image","schema":{"@context":"https:\/\/schema.org","@graph":[{"@type":"WebPage","@id":"https:\/\/marktxxl.de\/markt\/produkt\/logiplast-5-stueck-transportroller-fuer-kisten-60-x-40-cm-mit-4-lenkrollen-in-rot\/","url":"https:\/\/marktxxl.de\/markt\/produkt\/logiplast-5-stueck-transportroller-fuer-kisten-60-x-40-cm-mit-4-lenkrollen-in-rot\/","name":"Logiplast 5 St\u00fcck Transportroller f\u00fcr Kisten 60 x 40 cm mit 4 Lenkrollen in rot - Markt-XXL","isPartOf":{"@id":"https:\/\/marktxxl.de\/markt\/#website"},"primaryImageOfPage":{"@id":"https:\/\/marktxxl.de\/markt\/produkt\/logiplast-5-stueck-transportroller-fuer-kisten-60-x-40-cm-mit-4-lenkrollen-in-rot\/#primaryimage"},"image":{"@id":"https:\/\/marktxxl.de\/markt\/produkt\/logiplast-5-stueck-transportroller-fuer-kisten-60-x-40-cm-mit-4-lenkrollen-in-rot\/#primaryimage"},"thumbnailUrl":"https:\/\/m.media-amazon.com\/images\/I\/51X7WLoyzbL._SL500_.jpg","datePublished":"2024-06-28T12:48:06+00:00","description":"Markt-XXL Logiplast 5 St\u00fcck Transportroller f\u00fcr Kisten 60 x 40 cm mit 4 Lenkrollen in rot","breadcrumb":{"@id":"https:\/\/marktxxl.de\/markt\/produkt\/logiplast-5-stueck-transportroller-fuer-kisten-60-x-40-cm-mit-4-lenkrollen-in-rot\/#breadcrumb"},"inLanguage":"de","potentialAction":[{"@type":"ReadAction","target":["https:\/\/marktxxl.de\/markt\/produkt\/logiplast-5-stueck-transportroller-fuer-kisten-60-x-40-cm-mit-4-lenkrollen-in-rot\/"]}]},{"@type":"ImageObject","inLanguage":"de","@id":"https:\/\/marktxxl.de\/markt\/produkt\/logiplast-5-stueck-transportroller-fuer-kisten-60-x-40-cm-mit-4-lenkrollen-in-rot\/#primaryimage","url":"https:\/\/m.media-amazon.com\/images\/I\/51X7WLoyzbL._SL500_.jpg","contentUrl":"https:\/\/m.media-amazon.com\/images\/I\/51X7WLoyzbL._SL500_.jpg","width":500,"height":454},{"@type":"BreadcrumbList","@id":"https:\/\/marktxxl.de\/markt\/produkt\/logiplast-5-stueck-transportroller-fuer-kisten-60-x-40-cm-mit-4-lenkrollen-in-rot\/#breadcrumb","itemListElement":[{"@type":"ListItem","position":1,"name":"Startseite","item":"https:\/\/marktxxl.de\/markt\/"},{"@type":"ListItem","position":2,"name":"Markt","item":"https:\/\/marktxxl.de\/markt\/"},{"@type":"ListItem","position":3,"name":"Logiplast 5 St\u00fcck Transportroller f\u00fcr Kisten 60 x 40 cm mit 4 Lenkrollen in rot"}]},{"@type":"WebSite","@id":"https:\/\/marktxxl.de\/markt\/#website","url":"https:\/\/marktxxl.de\/markt\/","name":"Markt-XXL","description":"Ihr Markt Online","publisher":{"@id":"https:\/\/marktxxl.de\/markt\/#organization"},"potentialAction":[{"@type":"SearchAction","target":{"@type":"EntryPoint","urlTemplate":"https:\/\/marktxxl.de\/markt\/?s={search_term_string}"},"query-input":{"@type":"PropertyValueSpecification","valueRequired":true,"valueName":"search_term_string"}}],"inLanguage":"de"},{"@type":"Organization","@id":"https:\/\/marktxxl.de\/markt\/#organization","name":"Markt-XXL","url":"https:\/\/marktxxl.de\/markt\/","logo":{"@type":"ImageObject","inLanguage":"de","@id":"https:\/\/marktxxl.de\/markt\/#\/schema\/logo\/image\/","url":"https:\/\/marktxxl.de\/markt\/wp-content\/uploads\/sites\/3\/2020\/12\/logo.png","contentUrl":"https:\/\/marktxxl.de\/markt\/wp-content\/uploads\/sites\/3\/2020\/12\/logo.png","width":200,"height":70,"caption":"Markt-XXL"},"image":{"@id":"https:\/\/marktxxl.de\/markt\/#\/schema\/logo\/image\/"}}]}},"_links":{"self":[{"href":"https:\/\/marktxxl.de\/markt\/wp-json\/wp\/v2\/product\/212768","targetHints":{"allow":["GET"]}}],"collection":[{"href":"https:\/\/marktxxl.de\/markt\/wp-json\/wp\/v2\/product"}],"about":[{"href":"https:\/\/marktxxl.de\/markt\/wp-json\/wp\/v2\/types\/product"}],"replies":[{"embeddable":true,"href":"https:\/\/marktxxl.de\/markt\/wp-json\/wp\/v2\/comments?post=212768"}],"wp:featuredmedia":[{"embeddable":true,"href":"https:\/\/marktxxl.de\/markt\/wp-json\/wp\/v2\/media\/212769"}],"wp:attachment":[{"href":"https:\/\/marktxxl.de\/markt\/wp-json\/wp\/v2\/media?parent=212768"}],"wp:term":[{"taxonomy":"product_brand","embeddable":true,"href":"https:\/\/marktxxl.de\/markt\/wp-json\/wp\/v2\/product_brand?post=212768"},{"taxonomy":"product_cat","embeddable":true,"href":"https:\/\/marktxxl.de\/markt\/wp-json\/wp\/v2\/product_cat?post=212768"},{"taxonomy":"product_tag","embeddable":true,"href":"https:\/\/marktxxl.de\/markt\/wp-json\/wp\/v2\/product_tag?post=212768"}],"curies":[{"name":"wp","href":"https:\/\/api.w.org\/{rel}","templated":true}]}}