{"id":212737,"date":"2024-06-28T14:47:08","date_gmt":"2024-06-28T12:47:08","guid":{"rendered":"https:\/\/marktxxl.de\/markt\/produkt\/dachrinnenbuerste-10-meter-o-8cm-direkt-vom-hersteller\/"},"modified":"2024-06-28T14:47:08","modified_gmt":"2024-06-28T12:47:08","slug":"dachrinnenbuerste-10-meter-o-8cm-direkt-vom-hersteller","status":"publish","type":"product","link":"https:\/\/marktxxl.de\/markt\/produkt\/dachrinnenbuerste-10-meter-o-8cm-direkt-vom-hersteller\/","title":{"rendered":"Dachrinnenb\u00fcrste 10 Meter \u00d8 8cm, direkt vom Hersteller"},"content":{"rendered":"<p>10 B\u00fcrsten \u00e0 100cm \u2013 direkt vom Hersteller aus deutscher Qualit\u00e4tsfertigung. Bitte beachten Sie: diese B\u00fcrsten sind f\u00fcr nur verzinkte oder PVC- Rinnen geeignet, nicht f\u00fcr Edelstahl- oder Kupferdachrinnen. (vgl. unsere weiteren Angebote). Jeder Sendung liegt eine Rechnung mit ausgewiesener MwSt. bei.<br \/>\nf\u00fcr halbrunde Dachrinnen im \u00d8 8cm geeignet. Nur mit dem richtigen B\u00fcrstendurchmesser erzielen Sie den gew\u00fcnschten Erfolg. Ist er zu gro\u00df gew\u00e4hlt, dr\u00fcckt sich die B\u00fcrste aus der Rinne heraus (die harten Borsten k\u00f6nnen sich weder \u201aanschmiegen\u2018 noch \u201averkanten\u2018, sie k\u00f6nnen nur leicht nachgeben). Wurde der Durchmesser zu klein gew\u00e4hlt, liegt die B\u00fcrste ohne Halt in der Rinne und kann vom Wind herausgeweht werden. Au\u00dferdem sammelt sich weiterhin Laub in der Rinne.<br \/>\nBei 2 B\u00fcrsten nebeneinander gelegt auch f\u00fcr kastenf\u00f6rmige Dachrinnen im \u00d8 12cm x 7,5cm bzw. 15cm x 9cm geeignet. Aus UV-best\u00e4ndigem Kunststoff, verwitterungsfrei, mit verzinktem Drehdraht f\u00fcr eine lange Lebensdauer in Dachrinne oder als Nistschutz unter der Photovoltaikanlage.<br \/>\nan jedem Ende 1 Haken zum Verbinden mehrerer B\u00fcrsten miteinander, zus\u00e4tzlich bieten wir Sicherungsklammern an, um gegen Sturm und Wind gesch\u00fctzt zu sein.<br \/>\nIhre Dachrinnen und Abfl\u00fcsse bleiben frei von Laub. Mit der einfachen und leichten Einlage der B\u00fcrsten erreichen Sie einen hochwirksamen Schutz gegen Marder, Waschb\u00e4ren, Siebenschl\u00e4fer, V\u00f6gel, M\u00e4use, Wespen etc.<br \/>\n<div class=\"main-cross-sell\" data-asin=\"B01GD7B01Q\">\n\n\t<div class=\"WooZone-cross-sell-loader\">\n\t\t<div>\n\t\t\t<div id=\"floatingBarsG\">\n\t\t\t\t<div class=\"blockG\" id=\"rotateG_01\"><\/div>\n\t\t\t\t<div class=\"blockG\" id=\"rotateG_02\"><\/div>\n\t\t\t\t<div class=\"blockG\" id=\"rotateG_03\"><\/div>\n\t\t\t\t<div class=\"blockG\" id=\"rotateG_04\"><\/div>\n\t\t\t\t<div class=\"blockG\" id=\"rotateG_05\"><\/div>\n\t\t\t\t<div class=\"blockG\" id=\"rotateG_06\"><\/div>\n\t\t\t\t<div class=\"blockG\" id=\"rotateG_07\"><\/div>\n\t\t\t\t<div class=\"blockG\" id=\"rotateG_08\"><\/div>\n\t\t\t<\/div>\n\t\t\t<div class=\"WooZone-cross-sell-loader-text\"><\/div>\n\t\t<\/div>\n\t<\/div>\n\n\t\t\n<\/div>\n<div style=\"clear:both;\"><\/div><\/p>\n","protected":false},"excerpt":{"rendered":"<p>10 B\u00fcrsten \u00e0 100cm \u2013 direkt vom Hersteller aus deutscher Qualit\u00e4tsfertigung. Bitte beachten Sie: diese B\u00fcrsten sind f\u00fcr nur verzinkte oder PVC- Rinnen geeignet, nicht f\u00fcr Edelstahl- oder Kupferdachrinnen. (vgl. unsere weiteren Angebote). Jeder Sendung liegt eine Rechnung mit ausgewiesener MwSt. bei.<br \/>\nf\u00fcr halbrunde Dachrinnen im \u00d8 8cm geeignet. Nur mit dem richtigen B\u00fcrstendurchmesser erzielen Sie den gew\u00fcnschten Erfolg. Ist er zu gro\u00df gew\u00e4hlt, dr\u00fcckt sich die B\u00fcrste aus der Rinne heraus (die harten Borsten k\u00f6nnen sich weder \u201aanschmiegen\u2018 noch \u201averkanten\u2018, sie k\u00f6nnen nur leicht nachgeben). Wurde der Durchmesser zu klein gew\u00e4hlt, liegt die B\u00fcrste ohne Halt in der Rinne und kann vom Wind herausgeweht werden. Au\u00dferdem sammelt sich weiterhin Laub in der Rinne.<br \/>\nBei 2 B\u00fcrsten nebeneinander gelegt auch f\u00fcr kastenf\u00f6rmige Dachrinnen im \u00d8 12cm x 7,5cm bzw. 15cm x 9cm geeignet. Aus UV-best\u00e4ndigem Kunststoff, verwitterungsfrei, mit verzinktem Drehdraht f\u00fcr eine lange Lebensdauer in Dachrinne oder als Nistschutz unter der Photovoltaikanlage.<\/p>\n","protected":false},"featured_media":212738,"comment_status":"open","ping_status":"closed","template":"","meta":[],"product_brand":[],"product_cat":[10704,1983],"product_tag":[],"class_list":{"0":"post-212737","1":"product","2":"type-product","3":"status-publish","4":"has-post-thumbnail","6":"product_cat-baubedarf","7":"product_cat-baumarkt","8":"pa_brand-werkstatt-bedarf","9":"pa_manufacturer-werkstattbedarf","11":"first","12":"instock","13":"shipping-taxable","14":"purchasable","15":"product-type-simple","16":"customify-col","17":"product-has-gallery"},"yoast_head":"<!-- This site is optimized with the Yoast SEO plugin v27.3 - https:\/\/yoast.com\/product\/yoast-seo-wordpress\/ -->\n<title>Dachrinnenb\u00fcrste 10 Meter \u00d8 8cm, direkt vom Hersteller - Markt-XXL<\/title>\n<meta name=\"description\" content=\"Markt-XXL Dachrinnenb\u00fcrste 10 Meter \u00d8 8cm, direkt vom Hersteller\" \/>\n<meta name=\"robots\" content=\"index, follow, max-snippet:-1, max-image-preview:large, max-video-preview:-1\" \/>\n<link rel=\"canonical\" href=\"https:\/\/marktxxl.de\/markt\/produkt\/dachrinnenbuerste-10-meter-o-8cm-direkt-vom-hersteller\/\" \/>\n<meta property=\"og:locale\" content=\"de_DE\" \/>\n<meta property=\"og:type\" content=\"article\" \/>\n<meta property=\"og:title\" content=\"Dachrinnenb\u00fcrste 10 Meter \u00d8 8cm, direkt vom Hersteller - Markt-XXL\" \/>\n<meta property=\"og:description\" content=\"Markt-XXL Dachrinnenb\u00fcrste 10 Meter \u00d8 8cm, direkt vom Hersteller\" \/>\n<meta property=\"og:url\" content=\"https:\/\/marktxxl.de\/markt\/produkt\/dachrinnenbuerste-10-meter-o-8cm-direkt-vom-hersteller\/\" \/>\n<meta property=\"og:site_name\" content=\"Markt-XXL\" \/>\n<meta name=\"twitter:card\" content=\"summary_large_image\" \/>\n<meta name=\"twitter:label1\" content=\"Gesch\u00e4tzte Lesezeit\" \/>\n\t<meta name=\"twitter:data1\" content=\"1\u00a0Minute\" \/>\n<script type=\"application\/ld+json\" class=\"yoast-schema-graph\">{\"@context\":\"https:\\\/\\\/schema.org\",\"@graph\":[{\"@type\":\"WebPage\",\"@id\":\"https:\\\/\\\/marktxxl.de\\\/markt\\\/produkt\\\/dachrinnenbuerste-10-meter-o-8cm-direkt-vom-hersteller\\\/\",\"url\":\"https:\\\/\\\/marktxxl.de\\\/markt\\\/produkt\\\/dachrinnenbuerste-10-meter-o-8cm-direkt-vom-hersteller\\\/\",\"name\":\"Dachrinnenb\u00fcrste 10 Meter \u00d8 8cm, direkt vom Hersteller - Markt-XXL\",\"isPartOf\":{\"@id\":\"https:\\\/\\\/marktxxl.de\\\/markt\\\/#website\"},\"primaryImageOfPage\":{\"@id\":\"https:\\\/\\\/marktxxl.de\\\/markt\\\/produkt\\\/dachrinnenbuerste-10-meter-o-8cm-direkt-vom-hersteller\\\/#primaryimage\"},\"image\":{\"@id\":\"https:\\\/\\\/marktxxl.de\\\/markt\\\/produkt\\\/dachrinnenbuerste-10-meter-o-8cm-direkt-vom-hersteller\\\/#primaryimage\"},\"thumbnailUrl\":\"https:\\\/\\\/m.media-amazon.com\\\/images\\\/I\\\/51AXcxgxeWL._SL500_.jpg\",\"datePublished\":\"2024-06-28T12:47:08+00:00\",\"description\":\"Markt-XXL Dachrinnenb\u00fcrste 10 Meter \u00d8 8cm, direkt vom Hersteller\",\"breadcrumb\":{\"@id\":\"https:\\\/\\\/marktxxl.de\\\/markt\\\/produkt\\\/dachrinnenbuerste-10-meter-o-8cm-direkt-vom-hersteller\\\/#breadcrumb\"},\"inLanguage\":\"de\",\"potentialAction\":[{\"@type\":\"ReadAction\",\"target\":[\"https:\\\/\\\/marktxxl.de\\\/markt\\\/produkt\\\/dachrinnenbuerste-10-meter-o-8cm-direkt-vom-hersteller\\\/\"]}]},{\"@type\":\"ImageObject\",\"inLanguage\":\"de\",\"@id\":\"https:\\\/\\\/marktxxl.de\\\/markt\\\/produkt\\\/dachrinnenbuerste-10-meter-o-8cm-direkt-vom-hersteller\\\/#primaryimage\",\"url\":\"https:\\\/\\\/m.media-amazon.com\\\/images\\\/I\\\/51AXcxgxeWL._SL500_.jpg\",\"contentUrl\":\"https:\\\/\\\/m.media-amazon.com\\\/images\\\/I\\\/51AXcxgxeWL._SL500_.jpg\",\"width\":500,\"height\":410},{\"@type\":\"BreadcrumbList\",\"@id\":\"https:\\\/\\\/marktxxl.de\\\/markt\\\/produkt\\\/dachrinnenbuerste-10-meter-o-8cm-direkt-vom-hersteller\\\/#breadcrumb\",\"itemListElement\":[{\"@type\":\"ListItem\",\"position\":1,\"name\":\"Startseite\",\"item\":\"https:\\\/\\\/marktxxl.de\\\/markt\\\/\"},{\"@type\":\"ListItem\",\"position\":2,\"name\":\"Markt\",\"item\":\"https:\\\/\\\/marktxxl.de\\\/markt\\\/\"},{\"@type\":\"ListItem\",\"position\":3,\"name\":\"Dachrinnenb\u00fcrste 10 Meter \u00d8 8cm, direkt vom Hersteller\"}]},{\"@type\":\"WebSite\",\"@id\":\"https:\\\/\\\/marktxxl.de\\\/markt\\\/#website\",\"url\":\"https:\\\/\\\/marktxxl.de\\\/markt\\\/\",\"name\":\"Markt-XXL\",\"description\":\"Ihr Markt Online\",\"publisher\":{\"@id\":\"https:\\\/\\\/marktxxl.de\\\/markt\\\/#organization\"},\"potentialAction\":[{\"@type\":\"SearchAction\",\"target\":{\"@type\":\"EntryPoint\",\"urlTemplate\":\"https:\\\/\\\/marktxxl.de\\\/markt\\\/?s={search_term_string}\"},\"query-input\":{\"@type\":\"PropertyValueSpecification\",\"valueRequired\":true,\"valueName\":\"search_term_string\"}}],\"inLanguage\":\"de\"},{\"@type\":\"Organization\",\"@id\":\"https:\\\/\\\/marktxxl.de\\\/markt\\\/#organization\",\"name\":\"Markt-XXL\",\"url\":\"https:\\\/\\\/marktxxl.de\\\/markt\\\/\",\"logo\":{\"@type\":\"ImageObject\",\"inLanguage\":\"de\",\"@id\":\"https:\\\/\\\/marktxxl.de\\\/markt\\\/#\\\/schema\\\/logo\\\/image\\\/\",\"url\":\"https:\\\/\\\/marktxxl.de\\\/markt\\\/wp-content\\\/uploads\\\/sites\\\/3\\\/2020\\\/12\\\/logo.png\",\"contentUrl\":\"https:\\\/\\\/marktxxl.de\\\/markt\\\/wp-content\\\/uploads\\\/sites\\\/3\\\/2020\\\/12\\\/logo.png\",\"width\":200,\"height\":70,\"caption\":\"Markt-XXL\"},\"image\":{\"@id\":\"https:\\\/\\\/marktxxl.de\\\/markt\\\/#\\\/schema\\\/logo\\\/image\\\/\"}}]}<\/script>\n<!-- \/ Yoast SEO plugin. -->","yoast_head_json":{"title":"Dachrinnenb\u00fcrste 10 Meter \u00d8 8cm, direkt vom Hersteller - Markt-XXL","description":"Markt-XXL Dachrinnenb\u00fcrste 10 Meter \u00d8 8cm, direkt vom Hersteller","robots":{"index":"index","follow":"follow","max-snippet":"max-snippet:-1","max-image-preview":"max-image-preview:large","max-video-preview":"max-video-preview:-1"},"canonical":"https:\/\/marktxxl.de\/markt\/produkt\/dachrinnenbuerste-10-meter-o-8cm-direkt-vom-hersteller\/","og_locale":"de_DE","og_type":"article","og_title":"Dachrinnenb\u00fcrste 10 Meter \u00d8 8cm, direkt vom Hersteller - Markt-XXL","og_description":"Markt-XXL Dachrinnenb\u00fcrste 10 Meter \u00d8 8cm, direkt vom Hersteller","og_url":"https:\/\/marktxxl.de\/markt\/produkt\/dachrinnenbuerste-10-meter-o-8cm-direkt-vom-hersteller\/","og_site_name":"Markt-XXL","twitter_card":"summary_large_image","twitter_misc":{"Gesch\u00e4tzte Lesezeit":"1\u00a0Minute"},"schema":{"@context":"https:\/\/schema.org","@graph":[{"@type":"WebPage","@id":"https:\/\/marktxxl.de\/markt\/produkt\/dachrinnenbuerste-10-meter-o-8cm-direkt-vom-hersteller\/","url":"https:\/\/marktxxl.de\/markt\/produkt\/dachrinnenbuerste-10-meter-o-8cm-direkt-vom-hersteller\/","name":"Dachrinnenb\u00fcrste 10 Meter \u00d8 8cm, direkt vom Hersteller - Markt-XXL","isPartOf":{"@id":"https:\/\/marktxxl.de\/markt\/#website"},"primaryImageOfPage":{"@id":"https:\/\/marktxxl.de\/markt\/produkt\/dachrinnenbuerste-10-meter-o-8cm-direkt-vom-hersteller\/#primaryimage"},"image":{"@id":"https:\/\/marktxxl.de\/markt\/produkt\/dachrinnenbuerste-10-meter-o-8cm-direkt-vom-hersteller\/#primaryimage"},"thumbnailUrl":"https:\/\/m.media-amazon.com\/images\/I\/51AXcxgxeWL._SL500_.jpg","datePublished":"2024-06-28T12:47:08+00:00","description":"Markt-XXL Dachrinnenb\u00fcrste 10 Meter \u00d8 8cm, direkt vom Hersteller","breadcrumb":{"@id":"https:\/\/marktxxl.de\/markt\/produkt\/dachrinnenbuerste-10-meter-o-8cm-direkt-vom-hersteller\/#breadcrumb"},"inLanguage":"de","potentialAction":[{"@type":"ReadAction","target":["https:\/\/marktxxl.de\/markt\/produkt\/dachrinnenbuerste-10-meter-o-8cm-direkt-vom-hersteller\/"]}]},{"@type":"ImageObject","inLanguage":"de","@id":"https:\/\/marktxxl.de\/markt\/produkt\/dachrinnenbuerste-10-meter-o-8cm-direkt-vom-hersteller\/#primaryimage","url":"https:\/\/m.media-amazon.com\/images\/I\/51AXcxgxeWL._SL500_.jpg","contentUrl":"https:\/\/m.media-amazon.com\/images\/I\/51AXcxgxeWL._SL500_.jpg","width":500,"height":410},{"@type":"BreadcrumbList","@id":"https:\/\/marktxxl.de\/markt\/produkt\/dachrinnenbuerste-10-meter-o-8cm-direkt-vom-hersteller\/#breadcrumb","itemListElement":[{"@type":"ListItem","position":1,"name":"Startseite","item":"https:\/\/marktxxl.de\/markt\/"},{"@type":"ListItem","position":2,"name":"Markt","item":"https:\/\/marktxxl.de\/markt\/"},{"@type":"ListItem","position":3,"name":"Dachrinnenb\u00fcrste 10 Meter \u00d8 8cm, direkt vom Hersteller"}]},{"@type":"WebSite","@id":"https:\/\/marktxxl.de\/markt\/#website","url":"https:\/\/marktxxl.de\/markt\/","name":"Markt-XXL","description":"Ihr Markt Online","publisher":{"@id":"https:\/\/marktxxl.de\/markt\/#organization"},"potentialAction":[{"@type":"SearchAction","target":{"@type":"EntryPoint","urlTemplate":"https:\/\/marktxxl.de\/markt\/?s={search_term_string}"},"query-input":{"@type":"PropertyValueSpecification","valueRequired":true,"valueName":"search_term_string"}}],"inLanguage":"de"},{"@type":"Organization","@id":"https:\/\/marktxxl.de\/markt\/#organization","name":"Markt-XXL","url":"https:\/\/marktxxl.de\/markt\/","logo":{"@type":"ImageObject","inLanguage":"de","@id":"https:\/\/marktxxl.de\/markt\/#\/schema\/logo\/image\/","url":"https:\/\/marktxxl.de\/markt\/wp-content\/uploads\/sites\/3\/2020\/12\/logo.png","contentUrl":"https:\/\/marktxxl.de\/markt\/wp-content\/uploads\/sites\/3\/2020\/12\/logo.png","width":200,"height":70,"caption":"Markt-XXL"},"image":{"@id":"https:\/\/marktxxl.de\/markt\/#\/schema\/logo\/image\/"}}]}},"_links":{"self":[{"href":"https:\/\/marktxxl.de\/markt\/wp-json\/wp\/v2\/product\/212737","targetHints":{"allow":["GET"]}}],"collection":[{"href":"https:\/\/marktxxl.de\/markt\/wp-json\/wp\/v2\/product"}],"about":[{"href":"https:\/\/marktxxl.de\/markt\/wp-json\/wp\/v2\/types\/product"}],"replies":[{"embeddable":true,"href":"https:\/\/marktxxl.de\/markt\/wp-json\/wp\/v2\/comments?post=212737"}],"wp:featuredmedia":[{"embeddable":true,"href":"https:\/\/marktxxl.de\/markt\/wp-json\/wp\/v2\/media\/212738"}],"wp:attachment":[{"href":"https:\/\/marktxxl.de\/markt\/wp-json\/wp\/v2\/media?parent=212737"}],"wp:term":[{"taxonomy":"product_brand","embeddable":true,"href":"https:\/\/marktxxl.de\/markt\/wp-json\/wp\/v2\/product_brand?post=212737"},{"taxonomy":"product_cat","embeddable":true,"href":"https:\/\/marktxxl.de\/markt\/wp-json\/wp\/v2\/product_cat?post=212737"},{"taxonomy":"product_tag","embeddable":true,"href":"https:\/\/marktxxl.de\/markt\/wp-json\/wp\/v2\/product_tag?post=212737"}],"curies":[{"name":"wp","href":"https:\/\/api.w.org\/{rel}","templated":true}]}}