{"id":212729,"date":"2024-06-28T14:46:54","date_gmt":"2024-06-28T12:46:54","guid":{"rendered":"https:\/\/marktxxl.de\/markt\/produkt\/schiebetuerbeschlag-slidup-170-laufschiene-300-cm-1-tuer-bis-120-kg-fuer-durchgangstueren-holztueren\/"},"modified":"2024-06-28T14:46:54","modified_gmt":"2024-06-28T12:46:54","slug":"schiebetuerbeschlag-slidup-170-laufschiene-300-cm-1-tuer-bis-120-kg-fuer-durchgangstueren-holztueren","status":"publish","type":"product","link":"https:\/\/marktxxl.de\/markt\/produkt\/schiebetuerbeschlag-slidup-170-laufschiene-300-cm-1-tuer-bis-120-kg-fuer-durchgangstueren-holztueren\/","title":{"rendered":"Schiebet\u00fcrbeschlag SLID&#8217;UP 170, Laufschiene 300 cm, 1 T\u00fcr bis 120 kg, f\u00fcr Durchgangst\u00fcren, Holzt\u00fcren"},"content":{"rendered":"<p>ACHTUNG SPEDITIONSLIEFERUNG! Die Spedition kontaktiert Sie vor Lieferung telefonisch, um den Liefertermin zu vereinbaren. Bitte pr\u00fcfen Sie bei Abschluss der Bestellung Ihre Telefonnummer auf G\u00fcltigkeit.<br \/>\nSchiebet\u00fcrbeschlag Komplettset der Marke SLID&#8217;UP 170 by Mantion zum Aufh\u00e4ngen von 1 Schiebet\u00fcr | Aluminium-Laufschiene 300 cm (33 x 33 mm) | f\u00fcr 1 Holz-T\u00fcr (erweiterbar mit Erg\u00e4nzungsset) | max. Gewicht pro T\u00fcr: 120 kg | Deckenmontage \/ in die Wand laufend, Wandmontage mit Wandwinkeln m\u00f6glich (einzeln erh\u00e4ltlich unter Art.Nr. B01MUUAULR und B01N80L17I) | Modell: Laufschiene oben, mit Bodenf\u00fchrung (h\u00e4ngende Schiebet\u00fcr) | T\u00fcrst\u00e4rke: 22-40 mm<br \/>\nempfohlen f\u00fcr Durchgangst\u00fcren, Zimmert\u00fcren | die Aluminium-Schiene kann mit einer Metalls\u00e4ge o.\u00c4. leicht auf die gew\u00fcnschte L\u00e4nge gek\u00fcrzt werden | mehrere Systeme k\u00f6nnen problemlos auf Sto\u00df montiert und so miteinander ausgerichtet werden, bei Wandmontage ist Verbindungswinkel Art.Nr. B01MSF3VXB erh\u00e4ltlich | sehr leichter und leiser Lauf durch kugelgelagerte Laufwagen mit Nylon-\u00dcberzug | schnelle und einfache Montage | Bodenf\u00fchrung als U-Profil oder in Nut laufend montierbar | Zubeh\u00f6r verf\u00fcgbar<br \/>\nMade in EU | gepr\u00fcft und zertifiziert auf 100.000 \u00d6ffnungs-und Schlie\u00dfzyklen gem\u00e4\u00df EU-Norm EN 1527-12 | hochwertig und stabil | Achtung: nur f\u00fcr den Innenbereich geeignet, da die Teile aus Rohaluminium gefertigt sind und bei Witterung ggf. korrodieren k\u00f6nnen | keine MDF\/Spanplatten (nur mit Massivholz-Umleimer, kein Stirnholz), da die Schrauben sonst oben im Holz nicht halten k\u00f6nnten | die T\u00fcr sollte max. die halbe Schienenl\u00e4nge betragen, damit der Durchgang vollst\u00e4ndig ge\u00f6ffnet werden kann<br \/>\nInhalt: 1x Laufschiene 300 cm, 2x Laufwagen, 1x Fangstopper, 1x Stopper, 1x Bodenf\u00fchrung, Schrauben, Montageanleitung | Artikel enth\u00e4lt kein T\u00fcrblatt!<br \/>\n<div class=\"main-cross-sell\" data-asin=\"B01MUTSV9F\">\n\n\t<div class=\"WooZone-cross-sell-loader\">\n\t\t<div>\n\t\t\t<div id=\"floatingBarsG\">\n\t\t\t\t<div class=\"blockG\" id=\"rotateG_01\"><\/div>\n\t\t\t\t<div class=\"blockG\" id=\"rotateG_02\"><\/div>\n\t\t\t\t<div class=\"blockG\" id=\"rotateG_03\"><\/div>\n\t\t\t\t<div class=\"blockG\" id=\"rotateG_04\"><\/div>\n\t\t\t\t<div class=\"blockG\" id=\"rotateG_05\"><\/div>\n\t\t\t\t<div class=\"blockG\" id=\"rotateG_06\"><\/div>\n\t\t\t\t<div class=\"blockG\" id=\"rotateG_07\"><\/div>\n\t\t\t\t<div class=\"blockG\" id=\"rotateG_08\"><\/div>\n\t\t\t<\/div>\n\t\t\t<div class=\"WooZone-cross-sell-loader-text\"><\/div>\n\t\t<\/div>\n\t<\/div>\n\n\t\t\n<\/div>\n<div style=\"clear:both;\"><\/div><\/p>\n","protected":false},"excerpt":{"rendered":"<p>ACHTUNG SPEDITIONSLIEFERUNG! Die Spedition kontaktiert Sie vor Lieferung telefonisch, um den Liefertermin zu vereinbaren. Bitte pr\u00fcfen Sie bei Abschluss der Bestellung Ihre Telefonnummer auf G\u00fcltigkeit.<br \/>\nSchiebet\u00fcrbeschlag Komplettset der Marke SLID&#8217;UP 170 by Mantion zum Aufh\u00e4ngen von 1 Schiebet\u00fcr | Aluminium-Laufschiene 300 cm (33 x 33 mm) | f\u00fcr 1 Holz-T\u00fcr (erweiterbar mit Erg\u00e4nzungsset) | max. Gewicht pro T\u00fcr: 120 kg | Deckenmontage \/ in die Wand laufend, Wandmontage mit Wandwinkeln m\u00f6glich (einzeln erh\u00e4ltlich unter Art.Nr. B01MUUAULR und B01N80L17I) | Modell: Laufschiene oben, mit Bodenf\u00fchrung (h\u00e4ngende Schiebet\u00fcr) | T\u00fcrst\u00e4rke: 22-40 mm<br \/>\nempfohlen f\u00fcr Durchgangst\u00fcren, Zimmert\u00fcren | die Aluminium-Schiene kann mit einer Metalls\u00e4ge o.\u00c4. leicht auf die gew\u00fcnschte L\u00e4nge gek\u00fcrzt werden | mehrere Systeme k\u00f6nnen problemlos auf Sto\u00df montiert und so miteinander ausgerichtet werden, bei Wandmontage ist Verbindungswinkel Art.Nr. B01MSF3VXB erh\u00e4ltlich | sehr leichter und leiser Lauf durch kugelgelagerte Laufwagen mit Nylon-\u00dcberzug | schnelle und einfache Montage | Bodenf\u00fchrung als U-Profil oder in Nut laufend montierbar | Zubeh\u00f6r verf\u00fcgbar<\/p>\n","protected":false},"featured_media":212730,"comment_status":"open","ping_status":"closed","template":"","meta":[],"product_brand":[],"product_cat":[10704,1983],"product_tag":[],"class_list":{"0":"post-212729","1":"product","2":"type-product","3":"status-publish","4":"has-post-thumbnail","6":"product_cat-baubedarf","7":"product_cat-baumarkt","8":"pa_brand-slidup","9":"pa_color-schwarzsilberweiss","10":"pa_height-2-755905509-zoll","11":"pa_length-0-8661417314-zoll","12":"pa_manufacturer-slidup-by-mantion","13":"pa_model-su5135","14":"pa_weight-264-5547144-pounds","15":"pa_width-119-685039248-zoll","17":"first","18":"instock","19":"sale","20":"shipping-taxable","21":"purchasable","22":"product-type-simple","23":"customify-col","24":"product-has-gallery"},"yoast_head":"<!-- This site is optimized with the Yoast SEO plugin v27.3 - https:\/\/yoast.com\/product\/yoast-seo-wordpress\/ -->\n<title>Schiebet\u00fcrbeschlag SLID&#039;UP 170, Laufschiene 300 cm, 1 T\u00fcr bis 120 kg, f\u00fcr Durchgangst\u00fcren, Holzt\u00fcren - Markt-XXL<\/title>\n<meta name=\"description\" content=\"Markt-XXL Schiebet\u00fcrbeschlag SLID&#039;UP 170, Laufschiene 300 cm, 1 T\u00fcr bis 120 kg, f\u00fcr Durchgangst\u00fcren, Holzt\u00fcren\" \/>\n<meta name=\"robots\" content=\"index, follow, max-snippet:-1, max-image-preview:large, max-video-preview:-1\" \/>\n<link rel=\"canonical\" href=\"https:\/\/marktxxl.de\/markt\/produkt\/schiebetuerbeschlag-slidup-170-laufschiene-300-cm-1-tuer-bis-120-kg-fuer-durchgangstueren-holztueren\/\" \/>\n<meta property=\"og:locale\" content=\"de_DE\" \/>\n<meta property=\"og:type\" content=\"article\" \/>\n<meta property=\"og:title\" content=\"Schiebet\u00fcrbeschlag SLID&#039;UP 170, Laufschiene 300 cm, 1 T\u00fcr bis 120 kg, f\u00fcr Durchgangst\u00fcren, Holzt\u00fcren - Markt-XXL\" \/>\n<meta property=\"og:description\" content=\"Markt-XXL Schiebet\u00fcrbeschlag SLID&#039;UP 170, Laufschiene 300 cm, 1 T\u00fcr bis 120 kg, f\u00fcr Durchgangst\u00fcren, Holzt\u00fcren\" \/>\n<meta property=\"og:url\" content=\"https:\/\/marktxxl.de\/markt\/produkt\/schiebetuerbeschlag-slidup-170-laufschiene-300-cm-1-tuer-bis-120-kg-fuer-durchgangstueren-holztueren\/\" \/>\n<meta property=\"og:site_name\" content=\"Markt-XXL\" \/>\n<meta name=\"twitter:card\" content=\"summary_large_image\" \/>\n<meta name=\"twitter:label1\" content=\"Gesch\u00e4tzte Lesezeit\" \/>\n\t<meta name=\"twitter:data1\" content=\"1\u00a0Minute\" \/>\n<script type=\"application\/ld+json\" class=\"yoast-schema-graph\">{\"@context\":\"https:\\\/\\\/schema.org\",\"@graph\":[{\"@type\":\"WebPage\",\"@id\":\"https:\\\/\\\/marktxxl.de\\\/markt\\\/produkt\\\/schiebetuerbeschlag-slidup-170-laufschiene-300-cm-1-tuer-bis-120-kg-fuer-durchgangstueren-holztueren\\\/\",\"url\":\"https:\\\/\\\/marktxxl.de\\\/markt\\\/produkt\\\/schiebetuerbeschlag-slidup-170-laufschiene-300-cm-1-tuer-bis-120-kg-fuer-durchgangstueren-holztueren\\\/\",\"name\":\"Schiebet\u00fcrbeschlag SLID'UP 170, Laufschiene 300 cm, 1 T\u00fcr bis 120 kg, f\u00fcr Durchgangst\u00fcren, Holzt\u00fcren - Markt-XXL\",\"isPartOf\":{\"@id\":\"https:\\\/\\\/marktxxl.de\\\/markt\\\/#website\"},\"primaryImageOfPage\":{\"@id\":\"https:\\\/\\\/marktxxl.de\\\/markt\\\/produkt\\\/schiebetuerbeschlag-slidup-170-laufschiene-300-cm-1-tuer-bis-120-kg-fuer-durchgangstueren-holztueren\\\/#primaryimage\"},\"image\":{\"@id\":\"https:\\\/\\\/marktxxl.de\\\/markt\\\/produkt\\\/schiebetuerbeschlag-slidup-170-laufschiene-300-cm-1-tuer-bis-120-kg-fuer-durchgangstueren-holztueren\\\/#primaryimage\"},\"thumbnailUrl\":\"https:\\\/\\\/m.media-amazon.com\\\/images\\\/I\\\/31D0IoztHfL._SL500_.jpg\",\"datePublished\":\"2024-06-28T12:46:54+00:00\",\"description\":\"Markt-XXL Schiebet\u00fcrbeschlag SLID'UP 170, Laufschiene 300 cm, 1 T\u00fcr bis 120 kg, f\u00fcr Durchgangst\u00fcren, Holzt\u00fcren\",\"breadcrumb\":{\"@id\":\"https:\\\/\\\/marktxxl.de\\\/markt\\\/produkt\\\/schiebetuerbeschlag-slidup-170-laufschiene-300-cm-1-tuer-bis-120-kg-fuer-durchgangstueren-holztueren\\\/#breadcrumb\"},\"inLanguage\":\"de\",\"potentialAction\":[{\"@type\":\"ReadAction\",\"target\":[\"https:\\\/\\\/marktxxl.de\\\/markt\\\/produkt\\\/schiebetuerbeschlag-slidup-170-laufschiene-300-cm-1-tuer-bis-120-kg-fuer-durchgangstueren-holztueren\\\/\"]}]},{\"@type\":\"ImageObject\",\"inLanguage\":\"de\",\"@id\":\"https:\\\/\\\/marktxxl.de\\\/markt\\\/produkt\\\/schiebetuerbeschlag-slidup-170-laufschiene-300-cm-1-tuer-bis-120-kg-fuer-durchgangstueren-holztueren\\\/#primaryimage\",\"url\":\"https:\\\/\\\/m.media-amazon.com\\\/images\\\/I\\\/31D0IoztHfL._SL500_.jpg\",\"contentUrl\":\"https:\\\/\\\/m.media-amazon.com\\\/images\\\/I\\\/31D0IoztHfL._SL500_.jpg\",\"width\":500,\"height\":500},{\"@type\":\"BreadcrumbList\",\"@id\":\"https:\\\/\\\/marktxxl.de\\\/markt\\\/produkt\\\/schiebetuerbeschlag-slidup-170-laufschiene-300-cm-1-tuer-bis-120-kg-fuer-durchgangstueren-holztueren\\\/#breadcrumb\",\"itemListElement\":[{\"@type\":\"ListItem\",\"position\":1,\"name\":\"Startseite\",\"item\":\"https:\\\/\\\/marktxxl.de\\\/markt\\\/\"},{\"@type\":\"ListItem\",\"position\":2,\"name\":\"Markt\",\"item\":\"https:\\\/\\\/marktxxl.de\\\/markt\\\/\"},{\"@type\":\"ListItem\",\"position\":3,\"name\":\"Schiebet\u00fcrbeschlag SLID&#8217;UP 170, Laufschiene 300 cm, 1 T\u00fcr bis 120 kg, f\u00fcr Durchgangst\u00fcren, Holzt\u00fcren\"}]},{\"@type\":\"WebSite\",\"@id\":\"https:\\\/\\\/marktxxl.de\\\/markt\\\/#website\",\"url\":\"https:\\\/\\\/marktxxl.de\\\/markt\\\/\",\"name\":\"Markt-XXL\",\"description\":\"Ihr Markt Online\",\"publisher\":{\"@id\":\"https:\\\/\\\/marktxxl.de\\\/markt\\\/#organization\"},\"potentialAction\":[{\"@type\":\"SearchAction\",\"target\":{\"@type\":\"EntryPoint\",\"urlTemplate\":\"https:\\\/\\\/marktxxl.de\\\/markt\\\/?s={search_term_string}\"},\"query-input\":{\"@type\":\"PropertyValueSpecification\",\"valueRequired\":true,\"valueName\":\"search_term_string\"}}],\"inLanguage\":\"de\"},{\"@type\":\"Organization\",\"@id\":\"https:\\\/\\\/marktxxl.de\\\/markt\\\/#organization\",\"name\":\"Markt-XXL\",\"url\":\"https:\\\/\\\/marktxxl.de\\\/markt\\\/\",\"logo\":{\"@type\":\"ImageObject\",\"inLanguage\":\"de\",\"@id\":\"https:\\\/\\\/marktxxl.de\\\/markt\\\/#\\\/schema\\\/logo\\\/image\\\/\",\"url\":\"https:\\\/\\\/marktxxl.de\\\/markt\\\/wp-content\\\/uploads\\\/sites\\\/3\\\/2020\\\/12\\\/logo.png\",\"contentUrl\":\"https:\\\/\\\/marktxxl.de\\\/markt\\\/wp-content\\\/uploads\\\/sites\\\/3\\\/2020\\\/12\\\/logo.png\",\"width\":200,\"height\":70,\"caption\":\"Markt-XXL\"},\"image\":{\"@id\":\"https:\\\/\\\/marktxxl.de\\\/markt\\\/#\\\/schema\\\/logo\\\/image\\\/\"}}]}<\/script>\n<!-- \/ Yoast SEO plugin. -->","yoast_head_json":{"title":"Schiebet\u00fcrbeschlag SLID'UP 170, Laufschiene 300 cm, 1 T\u00fcr bis 120 kg, f\u00fcr Durchgangst\u00fcren, Holzt\u00fcren - Markt-XXL","description":"Markt-XXL Schiebet\u00fcrbeschlag SLID'UP 170, Laufschiene 300 cm, 1 T\u00fcr bis 120 kg, f\u00fcr Durchgangst\u00fcren, Holzt\u00fcren","robots":{"index":"index","follow":"follow","max-snippet":"max-snippet:-1","max-image-preview":"max-image-preview:large","max-video-preview":"max-video-preview:-1"},"canonical":"https:\/\/marktxxl.de\/markt\/produkt\/schiebetuerbeschlag-slidup-170-laufschiene-300-cm-1-tuer-bis-120-kg-fuer-durchgangstueren-holztueren\/","og_locale":"de_DE","og_type":"article","og_title":"Schiebet\u00fcrbeschlag SLID'UP 170, Laufschiene 300 cm, 1 T\u00fcr bis 120 kg, f\u00fcr Durchgangst\u00fcren, Holzt\u00fcren - Markt-XXL","og_description":"Markt-XXL Schiebet\u00fcrbeschlag SLID'UP 170, Laufschiene 300 cm, 1 T\u00fcr bis 120 kg, f\u00fcr Durchgangst\u00fcren, Holzt\u00fcren","og_url":"https:\/\/marktxxl.de\/markt\/produkt\/schiebetuerbeschlag-slidup-170-laufschiene-300-cm-1-tuer-bis-120-kg-fuer-durchgangstueren-holztueren\/","og_site_name":"Markt-XXL","twitter_card":"summary_large_image","twitter_misc":{"Gesch\u00e4tzte Lesezeit":"1\u00a0Minute"},"schema":{"@context":"https:\/\/schema.org","@graph":[{"@type":"WebPage","@id":"https:\/\/marktxxl.de\/markt\/produkt\/schiebetuerbeschlag-slidup-170-laufschiene-300-cm-1-tuer-bis-120-kg-fuer-durchgangstueren-holztueren\/","url":"https:\/\/marktxxl.de\/markt\/produkt\/schiebetuerbeschlag-slidup-170-laufschiene-300-cm-1-tuer-bis-120-kg-fuer-durchgangstueren-holztueren\/","name":"Schiebet\u00fcrbeschlag SLID'UP 170, Laufschiene 300 cm, 1 T\u00fcr bis 120 kg, f\u00fcr Durchgangst\u00fcren, Holzt\u00fcren - Markt-XXL","isPartOf":{"@id":"https:\/\/marktxxl.de\/markt\/#website"},"primaryImageOfPage":{"@id":"https:\/\/marktxxl.de\/markt\/produkt\/schiebetuerbeschlag-slidup-170-laufschiene-300-cm-1-tuer-bis-120-kg-fuer-durchgangstueren-holztueren\/#primaryimage"},"image":{"@id":"https:\/\/marktxxl.de\/markt\/produkt\/schiebetuerbeschlag-slidup-170-laufschiene-300-cm-1-tuer-bis-120-kg-fuer-durchgangstueren-holztueren\/#primaryimage"},"thumbnailUrl":"https:\/\/m.media-amazon.com\/images\/I\/31D0IoztHfL._SL500_.jpg","datePublished":"2024-06-28T12:46:54+00:00","description":"Markt-XXL Schiebet\u00fcrbeschlag SLID'UP 170, Laufschiene 300 cm, 1 T\u00fcr bis 120 kg, f\u00fcr Durchgangst\u00fcren, Holzt\u00fcren","breadcrumb":{"@id":"https:\/\/marktxxl.de\/markt\/produkt\/schiebetuerbeschlag-slidup-170-laufschiene-300-cm-1-tuer-bis-120-kg-fuer-durchgangstueren-holztueren\/#breadcrumb"},"inLanguage":"de","potentialAction":[{"@type":"ReadAction","target":["https:\/\/marktxxl.de\/markt\/produkt\/schiebetuerbeschlag-slidup-170-laufschiene-300-cm-1-tuer-bis-120-kg-fuer-durchgangstueren-holztueren\/"]}]},{"@type":"ImageObject","inLanguage":"de","@id":"https:\/\/marktxxl.de\/markt\/produkt\/schiebetuerbeschlag-slidup-170-laufschiene-300-cm-1-tuer-bis-120-kg-fuer-durchgangstueren-holztueren\/#primaryimage","url":"https:\/\/m.media-amazon.com\/images\/I\/31D0IoztHfL._SL500_.jpg","contentUrl":"https:\/\/m.media-amazon.com\/images\/I\/31D0IoztHfL._SL500_.jpg","width":500,"height":500},{"@type":"BreadcrumbList","@id":"https:\/\/marktxxl.de\/markt\/produkt\/schiebetuerbeschlag-slidup-170-laufschiene-300-cm-1-tuer-bis-120-kg-fuer-durchgangstueren-holztueren\/#breadcrumb","itemListElement":[{"@type":"ListItem","position":1,"name":"Startseite","item":"https:\/\/marktxxl.de\/markt\/"},{"@type":"ListItem","position":2,"name":"Markt","item":"https:\/\/marktxxl.de\/markt\/"},{"@type":"ListItem","position":3,"name":"Schiebet\u00fcrbeschlag SLID&#8217;UP 170, Laufschiene 300 cm, 1 T\u00fcr bis 120 kg, f\u00fcr Durchgangst\u00fcren, Holzt\u00fcren"}]},{"@type":"WebSite","@id":"https:\/\/marktxxl.de\/markt\/#website","url":"https:\/\/marktxxl.de\/markt\/","name":"Markt-XXL","description":"Ihr Markt Online","publisher":{"@id":"https:\/\/marktxxl.de\/markt\/#organization"},"potentialAction":[{"@type":"SearchAction","target":{"@type":"EntryPoint","urlTemplate":"https:\/\/marktxxl.de\/markt\/?s={search_term_string}"},"query-input":{"@type":"PropertyValueSpecification","valueRequired":true,"valueName":"search_term_string"}}],"inLanguage":"de"},{"@type":"Organization","@id":"https:\/\/marktxxl.de\/markt\/#organization","name":"Markt-XXL","url":"https:\/\/marktxxl.de\/markt\/","logo":{"@type":"ImageObject","inLanguage":"de","@id":"https:\/\/marktxxl.de\/markt\/#\/schema\/logo\/image\/","url":"https:\/\/marktxxl.de\/markt\/wp-content\/uploads\/sites\/3\/2020\/12\/logo.png","contentUrl":"https:\/\/marktxxl.de\/markt\/wp-content\/uploads\/sites\/3\/2020\/12\/logo.png","width":200,"height":70,"caption":"Markt-XXL"},"image":{"@id":"https:\/\/marktxxl.de\/markt\/#\/schema\/logo\/image\/"}}]}},"_links":{"self":[{"href":"https:\/\/marktxxl.de\/markt\/wp-json\/wp\/v2\/product\/212729","targetHints":{"allow":["GET"]}}],"collection":[{"href":"https:\/\/marktxxl.de\/markt\/wp-json\/wp\/v2\/product"}],"about":[{"href":"https:\/\/marktxxl.de\/markt\/wp-json\/wp\/v2\/types\/product"}],"replies":[{"embeddable":true,"href":"https:\/\/marktxxl.de\/markt\/wp-json\/wp\/v2\/comments?post=212729"}],"wp:featuredmedia":[{"embeddable":true,"href":"https:\/\/marktxxl.de\/markt\/wp-json\/wp\/v2\/media\/212730"}],"wp:attachment":[{"href":"https:\/\/marktxxl.de\/markt\/wp-json\/wp\/v2\/media?parent=212729"}],"wp:term":[{"taxonomy":"product_brand","embeddable":true,"href":"https:\/\/marktxxl.de\/markt\/wp-json\/wp\/v2\/product_brand?post=212729"},{"taxonomy":"product_cat","embeddable":true,"href":"https:\/\/marktxxl.de\/markt\/wp-json\/wp\/v2\/product_cat?post=212729"},{"taxonomy":"product_tag","embeddable":true,"href":"https:\/\/marktxxl.de\/markt\/wp-json\/wp\/v2\/product_tag?post=212729"}],"curies":[{"name":"wp","href":"https:\/\/api.w.org\/{rel}","templated":true}]}}