{"id":212679,"date":"2024-06-28T14:25:57","date_gmt":"2024-06-28T12:25:57","guid":{"rendered":"https:\/\/marktxxl.de\/markt\/produkt\/prinz-ps400-pep-uebergangsprofil-nr-415-36mm-270cm-havanna-edelstahloptik-matt-neue-bezeichnung\/"},"modified":"2024-06-28T14:25:57","modified_gmt":"2024-06-28T12:25:57","slug":"prinz-ps400-pep-uebergangsprofil-nr-415-36mm-270cm-havanna-edelstahloptik-matt-neue-bezeichnung","status":"publish","type":"product","link":"https:\/\/marktxxl.de\/markt\/produkt\/prinz-ps400-pep-uebergangsprofil-nr-415-36mm-270cm-havanna-edelstahloptik-matt-neue-bezeichnung\/","title":{"rendered":"Prinz PS400 PEP \u00dcbergangsprofil Nr. 415, 36mm\/270cm Havanna\/edelstahloptik matt (neue Bezeichnung)"},"content":{"rendered":"<p>Prinz PS400 PEP \u00dcbergangsprofil 415 &#8211; 270cm &#8211; Praktisch &#8211; Elegant &#8211; Perfekt<br \/>\nVon extrem d\u00fcnnen Belagst\u00e4rken bis zu starken Fertigparkettb\u00f6den ist dieses Profilsystem universell einsetzbar und deckt damit eine einzigartige Bandbreite ab.<br \/>\nElegantes Design, hoher Kraftschluss, universeller Einsatz, sowie schnelle und einfache Montage &#8211; Damit macht es dieses Profilsystem zum wahren &#8220;Allesk\u00f6nner&#8221;.<br \/>\nDas Aluminium &#8211; Clipsprofilsystem ist konstruiert f\u00fcr Belagst\u00e4rken von 6 bis 13 mm. Mit den separat erh\u00e4ltlichen Erh\u00f6hungsblock (Angebot B00AHBF462) k\u00f6nnen sie sogar Belagsst\u00e4rken bis 18mm abdecken.<br \/>\nMontage: Die Montage ist besonders schnell und einfach. Das Aluminium &#8211; Basisprofil wird auf den Untergrund befestigt und der Bodenbelag verlegt. Das Oberprofil wird mit den beiliegenden selbstschneidenden Bohrschrauben auf dem Unterprofil befestigt. Das Oberprofil passt sich dabei stufenlos dem Bodenbelag an und schlie\u00dft automatisch an beiden Seiten dicht ab.<br \/>\n<div class=\"main-cross-sell\" data-asin=\"B009GFUZQY\">\n\n\t<div class=\"WooZone-cross-sell-loader\">\n\t\t<div>\n\t\t\t<div id=\"floatingBarsG\">\n\t\t\t\t<div class=\"blockG\" id=\"rotateG_01\"><\/div>\n\t\t\t\t<div class=\"blockG\" id=\"rotateG_02\"><\/div>\n\t\t\t\t<div class=\"blockG\" id=\"rotateG_03\"><\/div>\n\t\t\t\t<div class=\"blockG\" id=\"rotateG_04\"><\/div>\n\t\t\t\t<div class=\"blockG\" id=\"rotateG_05\"><\/div>\n\t\t\t\t<div class=\"blockG\" id=\"rotateG_06\"><\/div>\n\t\t\t\t<div class=\"blockG\" id=\"rotateG_07\"><\/div>\n\t\t\t\t<div class=\"blockG\" id=\"rotateG_08\"><\/div>\n\t\t\t<\/div>\n\t\t\t<div class=\"WooZone-cross-sell-loader-text\"><\/div>\n\t\t<\/div>\n\t<\/div>\n\n\t\t\n<\/div>\n<div style=\"clear:both;\"><\/div><\/p>\n","protected":false},"excerpt":{"rendered":"<p>Prinz PS400 PEP \u00dcbergangsprofil 415 &#8211; 270cm &#8211; Praktisch &#8211; Elegant &#8211; Perfekt<br \/>\nVon extrem d\u00fcnnen Belagst\u00e4rken bis zu starken Fertigparkettb\u00f6den ist dieses Profilsystem universell einsetzbar und deckt damit eine einzigartige Bandbreite ab.<br \/>\nElegantes Design, hoher Kraftschluss, universeller Einsatz, sowie schnelle und einfache Montage &#8211; Damit macht es dieses Profilsystem zum wahren &#8220;Allesk\u00f6nner&#8221;.<\/p>\n","protected":false},"featured_media":212680,"comment_status":"open","ping_status":"closed","template":"","meta":[],"product_brand":[],"product_cat":[10704,1983],"product_tag":[],"class_list":{"0":"post-212679","1":"product","2":"type-product","3":"status-publish","4":"has-post-thumbnail","6":"product_cat-baubedarf","7":"product_cat-baumarkt","8":"pa_brand-carl-prinz","9":"pa_length-2-7-meter","10":"pa_manufacturer-carl-prinz","12":"first","13":"instock","14":"shipping-taxable","15":"purchasable","16":"product-type-simple","17":"customify-col","18":"product-has-gallery"},"yoast_head":"<!-- This site is optimized with the Yoast SEO plugin v27.4 - https:\/\/yoast.com\/product\/yoast-seo-wordpress\/ -->\n<title>Prinz PS400 PEP \u00dcbergangsprofil Nr. 415, 36mm\/270cm Havanna\/edelstahloptik matt (neue Bezeichnung) - Markt-XXL<\/title>\n<meta name=\"description\" content=\"Markt-XXL Prinz PS400 PEP \u00dcbergangsprofil Nr. 415, 36mm\/270cm Havanna\/edelstahloptik matt (neue Bezeichnung)\" \/>\n<meta name=\"robots\" content=\"index, follow, max-snippet:-1, max-image-preview:large, max-video-preview:-1\" \/>\n<link rel=\"canonical\" href=\"https:\/\/marktxxl.de\/markt\/produkt\/prinz-ps400-pep-uebergangsprofil-nr-415-36mm-270cm-havanna-edelstahloptik-matt-neue-bezeichnung\/\" \/>\n<meta property=\"og:locale\" content=\"de_DE\" \/>\n<meta property=\"og:type\" content=\"article\" \/>\n<meta property=\"og:title\" content=\"Prinz PS400 PEP \u00dcbergangsprofil Nr. 415, 36mm\/270cm Havanna\/edelstahloptik matt (neue Bezeichnung) - Markt-XXL\" \/>\n<meta property=\"og:description\" content=\"Markt-XXL Prinz PS400 PEP \u00dcbergangsprofil Nr. 415, 36mm\/270cm Havanna\/edelstahloptik matt (neue Bezeichnung)\" \/>\n<meta property=\"og:url\" content=\"https:\/\/marktxxl.de\/markt\/produkt\/prinz-ps400-pep-uebergangsprofil-nr-415-36mm-270cm-havanna-edelstahloptik-matt-neue-bezeichnung\/\" \/>\n<meta property=\"og:site_name\" content=\"Markt-XXL\" \/>\n<meta name=\"twitter:card\" content=\"summary_large_image\" \/>\n<meta name=\"twitter:label1\" content=\"Gesch\u00e4tzte Lesezeit\" \/>\n\t<meta name=\"twitter:data1\" content=\"1\u00a0Minute\" \/>\n<script type=\"application\/ld+json\" class=\"yoast-schema-graph\">{\"@context\":\"https:\\\/\\\/schema.org\",\"@graph\":[{\"@type\":\"WebPage\",\"@id\":\"https:\\\/\\\/marktxxl.de\\\/markt\\\/produkt\\\/prinz-ps400-pep-uebergangsprofil-nr-415-36mm-270cm-havanna-edelstahloptik-matt-neue-bezeichnung\\\/\",\"url\":\"https:\\\/\\\/marktxxl.de\\\/markt\\\/produkt\\\/prinz-ps400-pep-uebergangsprofil-nr-415-36mm-270cm-havanna-edelstahloptik-matt-neue-bezeichnung\\\/\",\"name\":\"Prinz PS400 PEP \u00dcbergangsprofil Nr. 415, 36mm\\\/270cm Havanna\\\/edelstahloptik matt (neue Bezeichnung) - Markt-XXL\",\"isPartOf\":{\"@id\":\"https:\\\/\\\/marktxxl.de\\\/markt\\\/#website\"},\"primaryImageOfPage\":{\"@id\":\"https:\\\/\\\/marktxxl.de\\\/markt\\\/produkt\\\/prinz-ps400-pep-uebergangsprofil-nr-415-36mm-270cm-havanna-edelstahloptik-matt-neue-bezeichnung\\\/#primaryimage\"},\"image\":{\"@id\":\"https:\\\/\\\/marktxxl.de\\\/markt\\\/produkt\\\/prinz-ps400-pep-uebergangsprofil-nr-415-36mm-270cm-havanna-edelstahloptik-matt-neue-bezeichnung\\\/#primaryimage\"},\"thumbnailUrl\":\"https:\\\/\\\/m.media-amazon.com\\\/images\\\/I\\\/41AED9fKm-L._SL500_.jpg\",\"datePublished\":\"2024-06-28T12:25:57+00:00\",\"description\":\"Markt-XXL Prinz PS400 PEP \u00dcbergangsprofil Nr. 415, 36mm\\\/270cm Havanna\\\/edelstahloptik matt (neue Bezeichnung)\",\"breadcrumb\":{\"@id\":\"https:\\\/\\\/marktxxl.de\\\/markt\\\/produkt\\\/prinz-ps400-pep-uebergangsprofil-nr-415-36mm-270cm-havanna-edelstahloptik-matt-neue-bezeichnung\\\/#breadcrumb\"},\"inLanguage\":\"de\",\"potentialAction\":[{\"@type\":\"ReadAction\",\"target\":[\"https:\\\/\\\/marktxxl.de\\\/markt\\\/produkt\\\/prinz-ps400-pep-uebergangsprofil-nr-415-36mm-270cm-havanna-edelstahloptik-matt-neue-bezeichnung\\\/\"]}]},{\"@type\":\"ImageObject\",\"inLanguage\":\"de\",\"@id\":\"https:\\\/\\\/marktxxl.de\\\/markt\\\/produkt\\\/prinz-ps400-pep-uebergangsprofil-nr-415-36mm-270cm-havanna-edelstahloptik-matt-neue-bezeichnung\\\/#primaryimage\",\"url\":\"https:\\\/\\\/m.media-amazon.com\\\/images\\\/I\\\/41AED9fKm-L._SL500_.jpg\",\"contentUrl\":\"https:\\\/\\\/m.media-amazon.com\\\/images\\\/I\\\/41AED9fKm-L._SL500_.jpg\",\"width\":500,\"height\":281},{\"@type\":\"BreadcrumbList\",\"@id\":\"https:\\\/\\\/marktxxl.de\\\/markt\\\/produkt\\\/prinz-ps400-pep-uebergangsprofil-nr-415-36mm-270cm-havanna-edelstahloptik-matt-neue-bezeichnung\\\/#breadcrumb\",\"itemListElement\":[{\"@type\":\"ListItem\",\"position\":1,\"name\":\"Startseite\",\"item\":\"https:\\\/\\\/marktxxl.de\\\/markt\\\/\"},{\"@type\":\"ListItem\",\"position\":2,\"name\":\"Markt\",\"item\":\"https:\\\/\\\/marktxxl.de\\\/markt\\\/\"},{\"@type\":\"ListItem\",\"position\":3,\"name\":\"Prinz PS400 PEP \u00dcbergangsprofil Nr. 415, 36mm\\\/270cm Havanna\\\/edelstahloptik matt (neue Bezeichnung)\"}]},{\"@type\":\"WebSite\",\"@id\":\"https:\\\/\\\/marktxxl.de\\\/markt\\\/#website\",\"url\":\"https:\\\/\\\/marktxxl.de\\\/markt\\\/\",\"name\":\"Markt-XXL\",\"description\":\"Ihr Markt Online\",\"publisher\":{\"@id\":\"https:\\\/\\\/marktxxl.de\\\/markt\\\/#organization\"},\"potentialAction\":[{\"@type\":\"SearchAction\",\"target\":{\"@type\":\"EntryPoint\",\"urlTemplate\":\"https:\\\/\\\/marktxxl.de\\\/markt\\\/?s={search_term_string}\"},\"query-input\":{\"@type\":\"PropertyValueSpecification\",\"valueRequired\":true,\"valueName\":\"search_term_string\"}}],\"inLanguage\":\"de\"},{\"@type\":\"Organization\",\"@id\":\"https:\\\/\\\/marktxxl.de\\\/markt\\\/#organization\",\"name\":\"Markt-XXL\",\"url\":\"https:\\\/\\\/marktxxl.de\\\/markt\\\/\",\"logo\":{\"@type\":\"ImageObject\",\"inLanguage\":\"de\",\"@id\":\"https:\\\/\\\/marktxxl.de\\\/markt\\\/#\\\/schema\\\/logo\\\/image\\\/\",\"url\":\"https:\\\/\\\/marktxxl.de\\\/markt\\\/wp-content\\\/uploads\\\/sites\\\/3\\\/2020\\\/12\\\/logo.png\",\"contentUrl\":\"https:\\\/\\\/marktxxl.de\\\/markt\\\/wp-content\\\/uploads\\\/sites\\\/3\\\/2020\\\/12\\\/logo.png\",\"width\":200,\"height\":70,\"caption\":\"Markt-XXL\"},\"image\":{\"@id\":\"https:\\\/\\\/marktxxl.de\\\/markt\\\/#\\\/schema\\\/logo\\\/image\\\/\"}}]}<\/script>\n<!-- \/ Yoast SEO plugin. -->","yoast_head_json":{"title":"Prinz PS400 PEP \u00dcbergangsprofil Nr. 415, 36mm\/270cm Havanna\/edelstahloptik matt (neue Bezeichnung) - Markt-XXL","description":"Markt-XXL Prinz PS400 PEP \u00dcbergangsprofil Nr. 415, 36mm\/270cm Havanna\/edelstahloptik matt (neue Bezeichnung)","robots":{"index":"index","follow":"follow","max-snippet":"max-snippet:-1","max-image-preview":"max-image-preview:large","max-video-preview":"max-video-preview:-1"},"canonical":"https:\/\/marktxxl.de\/markt\/produkt\/prinz-ps400-pep-uebergangsprofil-nr-415-36mm-270cm-havanna-edelstahloptik-matt-neue-bezeichnung\/","og_locale":"de_DE","og_type":"article","og_title":"Prinz PS400 PEP \u00dcbergangsprofil Nr. 415, 36mm\/270cm Havanna\/edelstahloptik matt (neue Bezeichnung) - Markt-XXL","og_description":"Markt-XXL Prinz PS400 PEP \u00dcbergangsprofil Nr. 415, 36mm\/270cm Havanna\/edelstahloptik matt (neue Bezeichnung)","og_url":"https:\/\/marktxxl.de\/markt\/produkt\/prinz-ps400-pep-uebergangsprofil-nr-415-36mm-270cm-havanna-edelstahloptik-matt-neue-bezeichnung\/","og_site_name":"Markt-XXL","twitter_card":"summary_large_image","twitter_misc":{"Gesch\u00e4tzte Lesezeit":"1\u00a0Minute"},"schema":{"@context":"https:\/\/schema.org","@graph":[{"@type":"WebPage","@id":"https:\/\/marktxxl.de\/markt\/produkt\/prinz-ps400-pep-uebergangsprofil-nr-415-36mm-270cm-havanna-edelstahloptik-matt-neue-bezeichnung\/","url":"https:\/\/marktxxl.de\/markt\/produkt\/prinz-ps400-pep-uebergangsprofil-nr-415-36mm-270cm-havanna-edelstahloptik-matt-neue-bezeichnung\/","name":"Prinz PS400 PEP \u00dcbergangsprofil Nr. 415, 36mm\/270cm Havanna\/edelstahloptik matt (neue Bezeichnung) - Markt-XXL","isPartOf":{"@id":"https:\/\/marktxxl.de\/markt\/#website"},"primaryImageOfPage":{"@id":"https:\/\/marktxxl.de\/markt\/produkt\/prinz-ps400-pep-uebergangsprofil-nr-415-36mm-270cm-havanna-edelstahloptik-matt-neue-bezeichnung\/#primaryimage"},"image":{"@id":"https:\/\/marktxxl.de\/markt\/produkt\/prinz-ps400-pep-uebergangsprofil-nr-415-36mm-270cm-havanna-edelstahloptik-matt-neue-bezeichnung\/#primaryimage"},"thumbnailUrl":"https:\/\/m.media-amazon.com\/images\/I\/41AED9fKm-L._SL500_.jpg","datePublished":"2024-06-28T12:25:57+00:00","description":"Markt-XXL Prinz PS400 PEP \u00dcbergangsprofil Nr. 415, 36mm\/270cm Havanna\/edelstahloptik matt (neue Bezeichnung)","breadcrumb":{"@id":"https:\/\/marktxxl.de\/markt\/produkt\/prinz-ps400-pep-uebergangsprofil-nr-415-36mm-270cm-havanna-edelstahloptik-matt-neue-bezeichnung\/#breadcrumb"},"inLanguage":"de","potentialAction":[{"@type":"ReadAction","target":["https:\/\/marktxxl.de\/markt\/produkt\/prinz-ps400-pep-uebergangsprofil-nr-415-36mm-270cm-havanna-edelstahloptik-matt-neue-bezeichnung\/"]}]},{"@type":"ImageObject","inLanguage":"de","@id":"https:\/\/marktxxl.de\/markt\/produkt\/prinz-ps400-pep-uebergangsprofil-nr-415-36mm-270cm-havanna-edelstahloptik-matt-neue-bezeichnung\/#primaryimage","url":"https:\/\/m.media-amazon.com\/images\/I\/41AED9fKm-L._SL500_.jpg","contentUrl":"https:\/\/m.media-amazon.com\/images\/I\/41AED9fKm-L._SL500_.jpg","width":500,"height":281},{"@type":"BreadcrumbList","@id":"https:\/\/marktxxl.de\/markt\/produkt\/prinz-ps400-pep-uebergangsprofil-nr-415-36mm-270cm-havanna-edelstahloptik-matt-neue-bezeichnung\/#breadcrumb","itemListElement":[{"@type":"ListItem","position":1,"name":"Startseite","item":"https:\/\/marktxxl.de\/markt\/"},{"@type":"ListItem","position":2,"name":"Markt","item":"https:\/\/marktxxl.de\/markt\/"},{"@type":"ListItem","position":3,"name":"Prinz PS400 PEP \u00dcbergangsprofil Nr. 415, 36mm\/270cm Havanna\/edelstahloptik matt (neue Bezeichnung)"}]},{"@type":"WebSite","@id":"https:\/\/marktxxl.de\/markt\/#website","url":"https:\/\/marktxxl.de\/markt\/","name":"Markt-XXL","description":"Ihr Markt Online","publisher":{"@id":"https:\/\/marktxxl.de\/markt\/#organization"},"potentialAction":[{"@type":"SearchAction","target":{"@type":"EntryPoint","urlTemplate":"https:\/\/marktxxl.de\/markt\/?s={search_term_string}"},"query-input":{"@type":"PropertyValueSpecification","valueRequired":true,"valueName":"search_term_string"}}],"inLanguage":"de"},{"@type":"Organization","@id":"https:\/\/marktxxl.de\/markt\/#organization","name":"Markt-XXL","url":"https:\/\/marktxxl.de\/markt\/","logo":{"@type":"ImageObject","inLanguage":"de","@id":"https:\/\/marktxxl.de\/markt\/#\/schema\/logo\/image\/","url":"https:\/\/marktxxl.de\/markt\/wp-content\/uploads\/sites\/3\/2020\/12\/logo.png","contentUrl":"https:\/\/marktxxl.de\/markt\/wp-content\/uploads\/sites\/3\/2020\/12\/logo.png","width":200,"height":70,"caption":"Markt-XXL"},"image":{"@id":"https:\/\/marktxxl.de\/markt\/#\/schema\/logo\/image\/"}}]}},"_links":{"self":[{"href":"https:\/\/marktxxl.de\/markt\/wp-json\/wp\/v2\/product\/212679","targetHints":{"allow":["GET"]}}],"collection":[{"href":"https:\/\/marktxxl.de\/markt\/wp-json\/wp\/v2\/product"}],"about":[{"href":"https:\/\/marktxxl.de\/markt\/wp-json\/wp\/v2\/types\/product"}],"replies":[{"embeddable":true,"href":"https:\/\/marktxxl.de\/markt\/wp-json\/wp\/v2\/comments?post=212679"}],"wp:featuredmedia":[{"embeddable":true,"href":"https:\/\/marktxxl.de\/markt\/wp-json\/wp\/v2\/media\/212680"}],"wp:attachment":[{"href":"https:\/\/marktxxl.de\/markt\/wp-json\/wp\/v2\/media?parent=212679"}],"wp:term":[{"taxonomy":"product_brand","embeddable":true,"href":"https:\/\/marktxxl.de\/markt\/wp-json\/wp\/v2\/product_brand?post=212679"},{"taxonomy":"product_cat","embeddable":true,"href":"https:\/\/marktxxl.de\/markt\/wp-json\/wp\/v2\/product_cat?post=212679"},{"taxonomy":"product_tag","embeddable":true,"href":"https:\/\/marktxxl.de\/markt\/wp-json\/wp\/v2\/product_tag?post=212679"}],"curies":[{"name":"wp","href":"https:\/\/api.w.org\/{rel}","templated":true}]}}