{"id":212611,"date":"2024-06-28T14:06:31","date_gmt":"2024-06-28T12:06:31","guid":{"rendered":"https:\/\/marktxxl.de\/markt\/produkt\/kesser-kinderanhaenger-fahrradanhaenger-360-drehbar-mit-federung-2in1-joggerfunktion-kinderfahrradanhaenger-5-punkt-gurt-jogger-fahrrad-anhaenger-fuer-1-bis-2-kinder-max-40kg\/"},"modified":"2024-06-28T14:06:31","modified_gmt":"2024-06-28T12:06:31","slug":"kesser-kinderanhaenger-fahrradanhaenger-360-drehbar-mit-federung-2in1-joggerfunktion-kinderfahrradanhaenger-5-punkt-gurt-jogger-fahrrad-anhaenger-fuer-1-bis-2-kinder-max-40kg","status":"publish","type":"product","link":"https:\/\/marktxxl.de\/markt\/produkt\/kesser-kinderanhaenger-fahrradanhaenger-360-drehbar-mit-federung-2in1-joggerfunktion-kinderfahrradanhaenger-5-punkt-gurt-jogger-fahrrad-anhaenger-fuer-1-bis-2-kinder-max-40kg\/","title":{"rendered":"KESSER\u00ae Kinderanh\u00e4nger Fahrradanh\u00e4nger 360\u00b0 Drehbar mit Federung 2in1 Joggerfunktion Kinderfahrradanh\u00e4nger + 5-Punkt Gurt Jogger Fahrrad Anh\u00e4nger f\u00fcr 1 bis 2 Kinder max. 40kg"},"content":{"rendered":"<p>\ud835\udc12\ud835\udc08\ud835\udc02\ud835\udc07\ud835\udc04\ud835\udc11\ud835\udc07\ud835\udc04\ud835\udc08\ud835\udc13: Reflexstreifen und Reflektoren Vorne, Hinten sowie am Aufbau garantieren eine optimale Sichtbarkeit im Stra\u00dfenverkehr. Die Parkbremse sowie das 360\u00b0-Vorderrad machen den Fahrradanh\u00e4nger besonders leicht zu man\u00f6vrieren und geben Ihnen die Kontrolle, die Sie ben\u00f6tigen. Der klappbare Griff macht den Transport noch einfacher. Das 5-Punkt Gurtsystem bietet maximale Sicherheit und Komfort f\u00fcr Ihre Kinder, damit sie nicht verrutschen oder fallen k\u00f6nnen.<br \/>\n\ud835\udc16\ud835\udc04\ud835\udc13\ud835\udc13\ud835\udc04\ud835\udc11\ud835\udc05\ud835\udc04\ud835\udc12\ud835\udc13: Der Kinderanh\u00e4nger hat ein Ladegewicht von max. 40 kg und bietet ausreichend Platz f\u00fcr 1-2 Kinder ab 18 Monaten. F\u00fcr optimalen Wetterschutz sorgen die ausrollbaren Kunststoffplanen an der Vorder-, Ober- und R\u00fcckseite sowie die get\u00f6nten Kunststoffplanen, die Ihre Kinder vor Sonneneinstrahlungen sch\u00fctzen. Eine ansteckbare Warnfahne sorgt daf\u00fcr, dass Sie auch bei schlechtem Wetter schnell im Verkehr sichtbar sind.<br \/>\n\ud835\udc07\ud835\udc0e\ud835\udc02\ud835\udc07\ud835\udc16\ud835\udc04\ud835\udc11\ud835\udc13\ud835\udc08\ud835\udc06\ud835\udc04\ud835\udc12 \ud835\udc0c\ud835\udc00\ud835\udc13\ud835\udc04\ud835\udc11\ud835\udc08\ud835\udc00\ud835\udc0b: Das transparente und innovative Gitter sorgt f\u00fcr eine optimale Durchl\u00fcftung und eine angenehme Fahrt f\u00fcr Ihre Kinder. Das robuste 600D Oxford-Gewebe 100% Polyester PVC-Beschichtet ist au\u00dferdem besonders pflegeleicht und kann ganz einfach mit Wasser abgesp\u00fclt werden. Dadurch l\u00e4sst sich der hochwertige Fahrradanh\u00e4nger einfach, schnell und unkompliziert reinigen und sieht immer wie neu aus.<br \/>\n\ud835\udfd0\ud835\udc08\ud835\udc0d\ud835\udfcf \ud835\udc03\ud835\udc00\ud835\udc0d\ud835\udc0a \ud835\udc12\ud835\udc0f\ud835\udc0b\ud835\udc08\ud835\udc0d\ud835\udc13-\ud835\udc12\ud835\udc18\ud835\udc12\ud835\udc13\ud835\udc04\ud835\udc0c: Der Lastenanh\u00e4nger l\u00e4sst sich einfach in wenigen Schritten vom Buggy zum Fahrradanh\u00e4nger wechseln. Durch das simple Splint-System ist ein schnelles Umr\u00fcsten m\u00f6glich und Sie k\u00f6nnen daher flexibel entscheiden, welche Transportvariante Sie bevorzugen. Die dualen Federn im Fahrradanh\u00e4nger reduzieren starkes Ruckeln auf unebenen Wegen und erm\u00f6glichen Ihnen ein entspanntes Fahren f\u00fcr Ihren Hund.<br \/>\n\ud835\udc06\ud835\udc11\ud835\udc0e\ud835\udc12\ud835\udc12\ud835\udc11\u00c4\ud835\udc14\ud835\udc0c\ud835\udc08\ud835\udc06 \ud835\udc14\ud835\udc0d\ud835\udc03 \ud835\udc19\ud835\udc14\ud835\udc12\ud835\udc00\ud835\udc0c\ud835\udc0c\ud835\udc04\ud835\udc0d\ud835\udc0a\ud835\udc0b\ud835\udc00\ud835\udc0f\ud835\udc0f\ud835\udc01\ud835\udc00\ud835\udc11: Im Innenraum des Handwagen haben Ihre Kinder viel Bewegungsfreiheit und k\u00f6nnen sich bequem hinsetzen oder sogar hinlegen. Der Fu\u00dfraum sorgt daf\u00fcr, dass auch gr\u00f6\u00dfere Kinder ausreichend Platz haben. Zwei Seitentaschen bieten Platz f\u00fcr Spielzeug und andere Utensilien. Der Fahrradanh\u00e4nger ist kompakt zusammenklappbar und kann platzsparend verstaut werden. Dabei ist er auch ein echter Hingucker und besticht durch sein sportliches Design.<br \/>\n<div class=\"main-cross-sell\" data-asin=\"B0CTQKS4BV\">\n\n\t<div class=\"WooZone-cross-sell-loader\">\n\t\t<div>\n\t\t\t<div id=\"floatingBarsG\">\n\t\t\t\t<div class=\"blockG\" id=\"rotateG_01\"><\/div>\n\t\t\t\t<div class=\"blockG\" id=\"rotateG_02\"><\/div>\n\t\t\t\t<div class=\"blockG\" id=\"rotateG_03\"><\/div>\n\t\t\t\t<div class=\"blockG\" id=\"rotateG_04\"><\/div>\n\t\t\t\t<div class=\"blockG\" id=\"rotateG_05\"><\/div>\n\t\t\t\t<div class=\"blockG\" id=\"rotateG_06\"><\/div>\n\t\t\t\t<div class=\"blockG\" id=\"rotateG_07\"><\/div>\n\t\t\t\t<div class=\"blockG\" id=\"rotateG_08\"><\/div>\n\t\t\t<\/div>\n\t\t\t<div class=\"WooZone-cross-sell-loader-text\"><\/div>\n\t\t<\/div>\n\t<\/div>\n\n\t\t\n<\/div>\n<div style=\"clear:both;\"><\/div><\/p>\n","protected":false},"excerpt":{"rendered":"<p>\ud835\udc12\ud835\udc08\ud835\udc02\ud835\udc07\ud835\udc04\ud835\udc11\ud835\udc07\ud835\udc04\ud835\udc08\ud835\udc13: Reflexstreifen und Reflektoren Vorne, Hinten sowie am Aufbau garantieren eine optimale Sichtbarkeit im Stra\u00dfenverkehr. Die Parkbremse sowie das 360\u00b0-Vorderrad machen den Fahrradanh\u00e4nger besonders leicht zu man\u00f6vrieren und geben Ihnen die Kontrolle, die Sie ben\u00f6tigen. Der klappbare Griff macht den Transport noch einfacher. Das 5-Punkt Gurtsystem bietet maximale Sicherheit und Komfort f\u00fcr Ihre Kinder, damit sie nicht verrutschen oder fallen k\u00f6nnen.<br \/>\n\ud835\udc16\ud835\udc04\ud835\udc13\ud835\udc13\ud835\udc04\ud835\udc11\ud835\udc05\ud835\udc04\ud835\udc12\ud835\udc13: Der Kinderanh\u00e4nger hat ein Ladegewicht von max. 40 kg und bietet ausreichend Platz f\u00fcr 1-2 Kinder ab 18 Monaten. F\u00fcr optimalen Wetterschutz sorgen die ausrollbaren Kunststoffplanen an der Vorder-, Ober- und R\u00fcckseite sowie die get\u00f6nten Kunststoffplanen, die Ihre Kinder vor Sonneneinstrahlungen sch\u00fctzen. Eine ansteckbare Warnfahne sorgt daf\u00fcr, dass Sie auch bei schlechtem Wetter schnell im Verkehr sichtbar sind.<br \/>\n\ud835\udc07\ud835\udc0e\ud835\udc02\ud835\udc07\ud835\udc16\ud835\udc04\ud835\udc11\ud835\udc13\ud835\udc08\ud835\udc06\ud835\udc04\ud835\udc12 \ud835\udc0c\ud835\udc00\ud835\udc13\ud835\udc04\ud835\udc11\ud835\udc08\ud835\udc00\ud835\udc0b: Das transparente und innovative Gitter sorgt f\u00fcr eine optimale Durchl\u00fcftung und eine angenehme Fahrt f\u00fcr Ihre Kinder. Das robuste 600D Oxford-Gewebe 100% Polyester PVC-Beschichtet ist au\u00dferdem besonders pflegeleicht und kann ganz einfach mit Wasser abgesp\u00fclt werden. Dadurch l\u00e4sst sich der hochwertige Fahrradanh\u00e4nger einfach, schnell und unkompliziert reinigen und sieht immer wie neu aus.<\/p>\n","protected":false},"featured_media":212612,"comment_status":"open","ping_status":"closed","template":"","meta":[],"product_brand":[],"product_cat":[21,9245],"product_tag":[],"class_list":{"0":"post-212611","1":"product","2":"type-product","3":"status-publish","4":"has-post-thumbnail","6":"product_cat-baby","7":"product_cat-fahrradanhaenger-zubehoer-baby","8":"pa_brand-kesser","9":"pa_manufacturer-kesser","11":"first","12":"instock","13":"shipping-taxable","14":"product-type-simple","15":"customify-col","16":"product-has-gallery"},"yoast_head":"<!-- This site is optimized with the Yoast SEO plugin v27.4 - https:\/\/yoast.com\/product\/yoast-seo-wordpress\/ -->\n<title>KESSER\u00ae Kinderanh\u00e4nger Fahrradanh\u00e4nger 360\u00b0 Drehbar mit Federung 2in1 Joggerfunktion Kinderfahrradanh\u00e4nger + 5-Punkt Gurt Jogger Fahrrad Anh\u00e4nger f\u00fcr 1 bis 2 Kinder max. 40kg - Markt-XXL<\/title>\n<meta name=\"description\" content=\"Markt-XXL KESSER\u00ae Kinderanh\u00e4nger Fahrradanh\u00e4nger 360\u00b0 Drehbar mit Federung 2in1 Joggerfunktion Kinderfahrradanh\u00e4nger + 5-Punkt Gurt Jogger Fahrrad Anh\u00e4nger f\u00fcr 1 bis 2 Kinder max. 40kg\" \/>\n<meta name=\"robots\" content=\"index, follow, max-snippet:-1, max-image-preview:large, max-video-preview:-1\" \/>\n<link rel=\"canonical\" href=\"https:\/\/marktxxl.de\/markt\/produkt\/kesser-kinderanhaenger-fahrradanhaenger-360-drehbar-mit-federung-2in1-joggerfunktion-kinderfahrradanhaenger-5-punkt-gurt-jogger-fahrrad-anhaenger-fuer-1-bis-2-kinder-max-40kg\/\" \/>\n<meta property=\"og:locale\" content=\"de_DE\" \/>\n<meta property=\"og:type\" content=\"article\" \/>\n<meta property=\"og:title\" content=\"KESSER\u00ae Kinderanh\u00e4nger Fahrradanh\u00e4nger 360\u00b0 Drehbar mit Federung 2in1 Joggerfunktion Kinderfahrradanh\u00e4nger + 5-Punkt Gurt Jogger Fahrrad Anh\u00e4nger f\u00fcr 1 bis 2 Kinder max. 40kg - Markt-XXL\" \/>\n<meta property=\"og:description\" content=\"Markt-XXL KESSER\u00ae Kinderanh\u00e4nger Fahrradanh\u00e4nger 360\u00b0 Drehbar mit Federung 2in1 Joggerfunktion Kinderfahrradanh\u00e4nger + 5-Punkt Gurt Jogger Fahrrad Anh\u00e4nger f\u00fcr 1 bis 2 Kinder max. 40kg\" \/>\n<meta property=\"og:url\" content=\"https:\/\/marktxxl.de\/markt\/produkt\/kesser-kinderanhaenger-fahrradanhaenger-360-drehbar-mit-federung-2in1-joggerfunktion-kinderfahrradanhaenger-5-punkt-gurt-jogger-fahrrad-anhaenger-fuer-1-bis-2-kinder-max-40kg\/\" \/>\n<meta property=\"og:site_name\" content=\"Markt-XXL\" \/>\n<meta name=\"twitter:card\" content=\"summary_large_image\" \/>\n<meta name=\"twitter:label1\" content=\"Gesch\u00e4tzte Lesezeit\" \/>\n\t<meta name=\"twitter:data1\" content=\"2\u00a0Minuten\" \/>\n<script type=\"application\/ld+json\" class=\"yoast-schema-graph\">{\"@context\":\"https:\\\/\\\/schema.org\",\"@graph\":[{\"@type\":\"WebPage\",\"@id\":\"https:\\\/\\\/marktxxl.de\\\/markt\\\/produkt\\\/kesser-kinderanhaenger-fahrradanhaenger-360-drehbar-mit-federung-2in1-joggerfunktion-kinderfahrradanhaenger-5-punkt-gurt-jogger-fahrrad-anhaenger-fuer-1-bis-2-kinder-max-40kg\\\/\",\"url\":\"https:\\\/\\\/marktxxl.de\\\/markt\\\/produkt\\\/kesser-kinderanhaenger-fahrradanhaenger-360-drehbar-mit-federung-2in1-joggerfunktion-kinderfahrradanhaenger-5-punkt-gurt-jogger-fahrrad-anhaenger-fuer-1-bis-2-kinder-max-40kg\\\/\",\"name\":\"KESSER\u00ae Kinderanh\u00e4nger Fahrradanh\u00e4nger 360\u00b0 Drehbar mit Federung 2in1 Joggerfunktion Kinderfahrradanh\u00e4nger + 5-Punkt Gurt Jogger Fahrrad Anh\u00e4nger f\u00fcr 1 bis 2 Kinder max. 40kg - Markt-XXL\",\"isPartOf\":{\"@id\":\"https:\\\/\\\/marktxxl.de\\\/markt\\\/#website\"},\"primaryImageOfPage\":{\"@id\":\"https:\\\/\\\/marktxxl.de\\\/markt\\\/produkt\\\/kesser-kinderanhaenger-fahrradanhaenger-360-drehbar-mit-federung-2in1-joggerfunktion-kinderfahrradanhaenger-5-punkt-gurt-jogger-fahrrad-anhaenger-fuer-1-bis-2-kinder-max-40kg\\\/#primaryimage\"},\"image\":{\"@id\":\"https:\\\/\\\/marktxxl.de\\\/markt\\\/produkt\\\/kesser-kinderanhaenger-fahrradanhaenger-360-drehbar-mit-federung-2in1-joggerfunktion-kinderfahrradanhaenger-5-punkt-gurt-jogger-fahrrad-anhaenger-fuer-1-bis-2-kinder-max-40kg\\\/#primaryimage\"},\"thumbnailUrl\":\"https:\\\/\\\/m.media-amazon.com\\\/images\\\/I\\\/51UDpC13Y0L._SL500_.jpg\",\"datePublished\":\"2024-06-28T12:06:31+00:00\",\"description\":\"Markt-XXL KESSER\u00ae Kinderanh\u00e4nger Fahrradanh\u00e4nger 360\u00b0 Drehbar mit Federung 2in1 Joggerfunktion Kinderfahrradanh\u00e4nger + 5-Punkt Gurt Jogger Fahrrad Anh\u00e4nger f\u00fcr 1 bis 2 Kinder max. 40kg\",\"breadcrumb\":{\"@id\":\"https:\\\/\\\/marktxxl.de\\\/markt\\\/produkt\\\/kesser-kinderanhaenger-fahrradanhaenger-360-drehbar-mit-federung-2in1-joggerfunktion-kinderfahrradanhaenger-5-punkt-gurt-jogger-fahrrad-anhaenger-fuer-1-bis-2-kinder-max-40kg\\\/#breadcrumb\"},\"inLanguage\":\"de\",\"potentialAction\":[{\"@type\":\"ReadAction\",\"target\":[\"https:\\\/\\\/marktxxl.de\\\/markt\\\/produkt\\\/kesser-kinderanhaenger-fahrradanhaenger-360-drehbar-mit-federung-2in1-joggerfunktion-kinderfahrradanhaenger-5-punkt-gurt-jogger-fahrrad-anhaenger-fuer-1-bis-2-kinder-max-40kg\\\/\"]}]},{\"@type\":\"ImageObject\",\"inLanguage\":\"de\",\"@id\":\"https:\\\/\\\/marktxxl.de\\\/markt\\\/produkt\\\/kesser-kinderanhaenger-fahrradanhaenger-360-drehbar-mit-federung-2in1-joggerfunktion-kinderfahrradanhaenger-5-punkt-gurt-jogger-fahrrad-anhaenger-fuer-1-bis-2-kinder-max-40kg\\\/#primaryimage\",\"url\":\"https:\\\/\\\/m.media-amazon.com\\\/images\\\/I\\\/51UDpC13Y0L._SL500_.jpg\",\"contentUrl\":\"https:\\\/\\\/m.media-amazon.com\\\/images\\\/I\\\/51UDpC13Y0L._SL500_.jpg\",\"width\":500,\"height\":500},{\"@type\":\"BreadcrumbList\",\"@id\":\"https:\\\/\\\/marktxxl.de\\\/markt\\\/produkt\\\/kesser-kinderanhaenger-fahrradanhaenger-360-drehbar-mit-federung-2in1-joggerfunktion-kinderfahrradanhaenger-5-punkt-gurt-jogger-fahrrad-anhaenger-fuer-1-bis-2-kinder-max-40kg\\\/#breadcrumb\",\"itemListElement\":[{\"@type\":\"ListItem\",\"position\":1,\"name\":\"Startseite\",\"item\":\"https:\\\/\\\/marktxxl.de\\\/markt\\\/\"},{\"@type\":\"ListItem\",\"position\":2,\"name\":\"Markt\",\"item\":\"https:\\\/\\\/marktxxl.de\\\/markt\\\/\"},{\"@type\":\"ListItem\",\"position\":3,\"name\":\"KESSER\u00ae Kinderanh\u00e4nger Fahrradanh\u00e4nger 360\u00b0 Drehbar mit Federung 2in1 Joggerfunktion Kinderfahrradanh\u00e4nger + 5-Punkt Gurt Jogger Fahrrad Anh\u00e4nger f\u00fcr 1 bis 2 Kinder max. 40kg\"}]},{\"@type\":\"WebSite\",\"@id\":\"https:\\\/\\\/marktxxl.de\\\/markt\\\/#website\",\"url\":\"https:\\\/\\\/marktxxl.de\\\/markt\\\/\",\"name\":\"Markt-XXL\",\"description\":\"Ihr Markt Online\",\"publisher\":{\"@id\":\"https:\\\/\\\/marktxxl.de\\\/markt\\\/#organization\"},\"potentialAction\":[{\"@type\":\"SearchAction\",\"target\":{\"@type\":\"EntryPoint\",\"urlTemplate\":\"https:\\\/\\\/marktxxl.de\\\/markt\\\/?s={search_term_string}\"},\"query-input\":{\"@type\":\"PropertyValueSpecification\",\"valueRequired\":true,\"valueName\":\"search_term_string\"}}],\"inLanguage\":\"de\"},{\"@type\":\"Organization\",\"@id\":\"https:\\\/\\\/marktxxl.de\\\/markt\\\/#organization\",\"name\":\"Markt-XXL\",\"url\":\"https:\\\/\\\/marktxxl.de\\\/markt\\\/\",\"logo\":{\"@type\":\"ImageObject\",\"inLanguage\":\"de\",\"@id\":\"https:\\\/\\\/marktxxl.de\\\/markt\\\/#\\\/schema\\\/logo\\\/image\\\/\",\"url\":\"https:\\\/\\\/marktxxl.de\\\/markt\\\/wp-content\\\/uploads\\\/sites\\\/3\\\/2020\\\/12\\\/logo.png\",\"contentUrl\":\"https:\\\/\\\/marktxxl.de\\\/markt\\\/wp-content\\\/uploads\\\/sites\\\/3\\\/2020\\\/12\\\/logo.png\",\"width\":200,\"height\":70,\"caption\":\"Markt-XXL\"},\"image\":{\"@id\":\"https:\\\/\\\/marktxxl.de\\\/markt\\\/#\\\/schema\\\/logo\\\/image\\\/\"}}]}<\/script>\n<!-- \/ Yoast SEO plugin. -->","yoast_head_json":{"title":"KESSER\u00ae Kinderanh\u00e4nger Fahrradanh\u00e4nger 360\u00b0 Drehbar mit Federung 2in1 Joggerfunktion Kinderfahrradanh\u00e4nger + 5-Punkt Gurt Jogger Fahrrad Anh\u00e4nger f\u00fcr 1 bis 2 Kinder max. 40kg - Markt-XXL","description":"Markt-XXL KESSER\u00ae Kinderanh\u00e4nger Fahrradanh\u00e4nger 360\u00b0 Drehbar mit Federung 2in1 Joggerfunktion Kinderfahrradanh\u00e4nger + 5-Punkt Gurt Jogger Fahrrad Anh\u00e4nger f\u00fcr 1 bis 2 Kinder max. 40kg","robots":{"index":"index","follow":"follow","max-snippet":"max-snippet:-1","max-image-preview":"max-image-preview:large","max-video-preview":"max-video-preview:-1"},"canonical":"https:\/\/marktxxl.de\/markt\/produkt\/kesser-kinderanhaenger-fahrradanhaenger-360-drehbar-mit-federung-2in1-joggerfunktion-kinderfahrradanhaenger-5-punkt-gurt-jogger-fahrrad-anhaenger-fuer-1-bis-2-kinder-max-40kg\/","og_locale":"de_DE","og_type":"article","og_title":"KESSER\u00ae Kinderanh\u00e4nger Fahrradanh\u00e4nger 360\u00b0 Drehbar mit Federung 2in1 Joggerfunktion Kinderfahrradanh\u00e4nger + 5-Punkt Gurt Jogger Fahrrad Anh\u00e4nger f\u00fcr 1 bis 2 Kinder max. 40kg - Markt-XXL","og_description":"Markt-XXL KESSER\u00ae Kinderanh\u00e4nger Fahrradanh\u00e4nger 360\u00b0 Drehbar mit Federung 2in1 Joggerfunktion Kinderfahrradanh\u00e4nger + 5-Punkt Gurt Jogger Fahrrad Anh\u00e4nger f\u00fcr 1 bis 2 Kinder max. 40kg","og_url":"https:\/\/marktxxl.de\/markt\/produkt\/kesser-kinderanhaenger-fahrradanhaenger-360-drehbar-mit-federung-2in1-joggerfunktion-kinderfahrradanhaenger-5-punkt-gurt-jogger-fahrrad-anhaenger-fuer-1-bis-2-kinder-max-40kg\/","og_site_name":"Markt-XXL","twitter_card":"summary_large_image","twitter_misc":{"Gesch\u00e4tzte Lesezeit":"2\u00a0Minuten"},"schema":{"@context":"https:\/\/schema.org","@graph":[{"@type":"WebPage","@id":"https:\/\/marktxxl.de\/markt\/produkt\/kesser-kinderanhaenger-fahrradanhaenger-360-drehbar-mit-federung-2in1-joggerfunktion-kinderfahrradanhaenger-5-punkt-gurt-jogger-fahrrad-anhaenger-fuer-1-bis-2-kinder-max-40kg\/","url":"https:\/\/marktxxl.de\/markt\/produkt\/kesser-kinderanhaenger-fahrradanhaenger-360-drehbar-mit-federung-2in1-joggerfunktion-kinderfahrradanhaenger-5-punkt-gurt-jogger-fahrrad-anhaenger-fuer-1-bis-2-kinder-max-40kg\/","name":"KESSER\u00ae Kinderanh\u00e4nger Fahrradanh\u00e4nger 360\u00b0 Drehbar mit Federung 2in1 Joggerfunktion Kinderfahrradanh\u00e4nger + 5-Punkt Gurt Jogger Fahrrad Anh\u00e4nger f\u00fcr 1 bis 2 Kinder max. 40kg - Markt-XXL","isPartOf":{"@id":"https:\/\/marktxxl.de\/markt\/#website"},"primaryImageOfPage":{"@id":"https:\/\/marktxxl.de\/markt\/produkt\/kesser-kinderanhaenger-fahrradanhaenger-360-drehbar-mit-federung-2in1-joggerfunktion-kinderfahrradanhaenger-5-punkt-gurt-jogger-fahrrad-anhaenger-fuer-1-bis-2-kinder-max-40kg\/#primaryimage"},"image":{"@id":"https:\/\/marktxxl.de\/markt\/produkt\/kesser-kinderanhaenger-fahrradanhaenger-360-drehbar-mit-federung-2in1-joggerfunktion-kinderfahrradanhaenger-5-punkt-gurt-jogger-fahrrad-anhaenger-fuer-1-bis-2-kinder-max-40kg\/#primaryimage"},"thumbnailUrl":"https:\/\/m.media-amazon.com\/images\/I\/51UDpC13Y0L._SL500_.jpg","datePublished":"2024-06-28T12:06:31+00:00","description":"Markt-XXL KESSER\u00ae Kinderanh\u00e4nger Fahrradanh\u00e4nger 360\u00b0 Drehbar mit Federung 2in1 Joggerfunktion Kinderfahrradanh\u00e4nger + 5-Punkt Gurt Jogger Fahrrad Anh\u00e4nger f\u00fcr 1 bis 2 Kinder max. 40kg","breadcrumb":{"@id":"https:\/\/marktxxl.de\/markt\/produkt\/kesser-kinderanhaenger-fahrradanhaenger-360-drehbar-mit-federung-2in1-joggerfunktion-kinderfahrradanhaenger-5-punkt-gurt-jogger-fahrrad-anhaenger-fuer-1-bis-2-kinder-max-40kg\/#breadcrumb"},"inLanguage":"de","potentialAction":[{"@type":"ReadAction","target":["https:\/\/marktxxl.de\/markt\/produkt\/kesser-kinderanhaenger-fahrradanhaenger-360-drehbar-mit-federung-2in1-joggerfunktion-kinderfahrradanhaenger-5-punkt-gurt-jogger-fahrrad-anhaenger-fuer-1-bis-2-kinder-max-40kg\/"]}]},{"@type":"ImageObject","inLanguage":"de","@id":"https:\/\/marktxxl.de\/markt\/produkt\/kesser-kinderanhaenger-fahrradanhaenger-360-drehbar-mit-federung-2in1-joggerfunktion-kinderfahrradanhaenger-5-punkt-gurt-jogger-fahrrad-anhaenger-fuer-1-bis-2-kinder-max-40kg\/#primaryimage","url":"https:\/\/m.media-amazon.com\/images\/I\/51UDpC13Y0L._SL500_.jpg","contentUrl":"https:\/\/m.media-amazon.com\/images\/I\/51UDpC13Y0L._SL500_.jpg","width":500,"height":500},{"@type":"BreadcrumbList","@id":"https:\/\/marktxxl.de\/markt\/produkt\/kesser-kinderanhaenger-fahrradanhaenger-360-drehbar-mit-federung-2in1-joggerfunktion-kinderfahrradanhaenger-5-punkt-gurt-jogger-fahrrad-anhaenger-fuer-1-bis-2-kinder-max-40kg\/#breadcrumb","itemListElement":[{"@type":"ListItem","position":1,"name":"Startseite","item":"https:\/\/marktxxl.de\/markt\/"},{"@type":"ListItem","position":2,"name":"Markt","item":"https:\/\/marktxxl.de\/markt\/"},{"@type":"ListItem","position":3,"name":"KESSER\u00ae Kinderanh\u00e4nger Fahrradanh\u00e4nger 360\u00b0 Drehbar mit Federung 2in1 Joggerfunktion Kinderfahrradanh\u00e4nger + 5-Punkt Gurt Jogger Fahrrad Anh\u00e4nger f\u00fcr 1 bis 2 Kinder max. 40kg"}]},{"@type":"WebSite","@id":"https:\/\/marktxxl.de\/markt\/#website","url":"https:\/\/marktxxl.de\/markt\/","name":"Markt-XXL","description":"Ihr Markt Online","publisher":{"@id":"https:\/\/marktxxl.de\/markt\/#organization"},"potentialAction":[{"@type":"SearchAction","target":{"@type":"EntryPoint","urlTemplate":"https:\/\/marktxxl.de\/markt\/?s={search_term_string}"},"query-input":{"@type":"PropertyValueSpecification","valueRequired":true,"valueName":"search_term_string"}}],"inLanguage":"de"},{"@type":"Organization","@id":"https:\/\/marktxxl.de\/markt\/#organization","name":"Markt-XXL","url":"https:\/\/marktxxl.de\/markt\/","logo":{"@type":"ImageObject","inLanguage":"de","@id":"https:\/\/marktxxl.de\/markt\/#\/schema\/logo\/image\/","url":"https:\/\/marktxxl.de\/markt\/wp-content\/uploads\/sites\/3\/2020\/12\/logo.png","contentUrl":"https:\/\/marktxxl.de\/markt\/wp-content\/uploads\/sites\/3\/2020\/12\/logo.png","width":200,"height":70,"caption":"Markt-XXL"},"image":{"@id":"https:\/\/marktxxl.de\/markt\/#\/schema\/logo\/image\/"}}]}},"_links":{"self":[{"href":"https:\/\/marktxxl.de\/markt\/wp-json\/wp\/v2\/product\/212611","targetHints":{"allow":["GET"]}}],"collection":[{"href":"https:\/\/marktxxl.de\/markt\/wp-json\/wp\/v2\/product"}],"about":[{"href":"https:\/\/marktxxl.de\/markt\/wp-json\/wp\/v2\/types\/product"}],"replies":[{"embeddable":true,"href":"https:\/\/marktxxl.de\/markt\/wp-json\/wp\/v2\/comments?post=212611"}],"wp:featuredmedia":[{"embeddable":true,"href":"https:\/\/marktxxl.de\/markt\/wp-json\/wp\/v2\/media\/212612"}],"wp:attachment":[{"href":"https:\/\/marktxxl.de\/markt\/wp-json\/wp\/v2\/media?parent=212611"}],"wp:term":[{"taxonomy":"product_brand","embeddable":true,"href":"https:\/\/marktxxl.de\/markt\/wp-json\/wp\/v2\/product_brand?post=212611"},{"taxonomy":"product_cat","embeddable":true,"href":"https:\/\/marktxxl.de\/markt\/wp-json\/wp\/v2\/product_cat?post=212611"},{"taxonomy":"product_tag","embeddable":true,"href":"https:\/\/marktxxl.de\/markt\/wp-json\/wp\/v2\/product_tag?post=212611"}],"curies":[{"name":"wp","href":"https:\/\/api.w.org\/{rel}","templated":true}]}}