{"id":212535,"date":"2024-06-28T13:27:55","date_gmt":"2024-06-28T11:27:55","guid":{"rendered":"https:\/\/marktxxl.de\/markt\/produkt\/1-packung-1-step-zhi-gao\/"},"modified":"2024-06-28T13:27:55","modified_gmt":"2024-06-28T11:27:55","slug":"1-packung-1-step-zhi-gao","status":"publish","type":"product","link":"https:\/\/marktxxl.de\/markt\/produkt\/1-packung-1-step-zhi-gao\/","title":{"rendered":"1 Packung 1 Step Zhi Gao"},"content":{"rendered":"<p>Multifunktional: Perfekter Hocker f\u00fcr das T\u00f6pfchentraining, Z\u00e4hneputzen oder H\u00e4ndewaschen. Hilft Kindern, an die Arbeitsplatte und Schr\u00e4nke zu gelangen. Ideal zur F\u00f6rderung der Unabh\u00e4ngigkeit von Kindern f\u00fcr alle Altersgruppen. Das 2-Stufen-Design sorgt f\u00fcr zus\u00e4tzlichen Schub, so lange sie brauchen.<br \/>\nPflegehinweis: Mit einem trockenen Tuch abwischen. Mit einem weichen, feuchten Tuch reinigen. Waschmittel oder Seifenl\u00f6sung<br \/>\nMaterialien und Umwelt: Hauptmaterial: Polypropylen. Rutschfeste Oberfl\u00e4che &#8211; synthetisches Gummi. Dieses Produkt kann zum Recycling oder zur Stromerzeugung gesendet werden. BPA-frei. PVC-frei<br \/>\nSicherheitsdesign: Doppeltes Anti-Rutsch-Design auf der Hockeroberfl\u00e4che; TPE-Anti-Rutsch-Schichtpartikel auf der Oberfl\u00e4che, verdickte und starke Anti-Rutsch-Kissen auf der Unterseite sch\u00fctzen die kleinen F\u00fc\u00dfe. Doppelseitiger Griff, einfach f\u00fcr Babyhalterung<br \/>\nMa\u00dfe: Der Tritthocker ist 37,1 cm L x 25,9 cm B x 16 cm H. Gebaut f\u00fcr die Ewigkeit mit einem stabilen Kunststoffsockel, der bis zu 90 kg tragen kann.<br \/>\n<div class=\"main-cross-sell\" data-asin=\"B0C1RFR817\">\n\n\t<div class=\"WooZone-cross-sell-loader\">\n\t\t<div>\n\t\t\t<div id=\"floatingBarsG\">\n\t\t\t\t<div class=\"blockG\" id=\"rotateG_01\"><\/div>\n\t\t\t\t<div class=\"blockG\" id=\"rotateG_02\"><\/div>\n\t\t\t\t<div class=\"blockG\" id=\"rotateG_03\"><\/div>\n\t\t\t\t<div class=\"blockG\" id=\"rotateG_04\"><\/div>\n\t\t\t\t<div class=\"blockG\" id=\"rotateG_05\"><\/div>\n\t\t\t\t<div class=\"blockG\" id=\"rotateG_06\"><\/div>\n\t\t\t\t<div class=\"blockG\" id=\"rotateG_07\"><\/div>\n\t\t\t\t<div class=\"blockG\" id=\"rotateG_08\"><\/div>\n\t\t\t<\/div>\n\t\t\t<div class=\"WooZone-cross-sell-loader-text\"><\/div>\n\t\t<\/div>\n\t<\/div>\n\n\t\t\n<\/div>\n<div style=\"clear:both;\"><\/div><\/p>\n","protected":false},"excerpt":{"rendered":"<p>Multifunktional: Perfekter Hocker f\u00fcr das T\u00f6pfchentraining, Z\u00e4hneputzen oder H\u00e4ndewaschen. Hilft Kindern, an die Arbeitsplatte und Schr\u00e4nke zu gelangen. Ideal zur F\u00f6rderung der Unabh\u00e4ngigkeit von Kindern f\u00fcr alle Altersgruppen. Das 2-Stufen-Design sorgt f\u00fcr zus\u00e4tzlichen Schub, so lange sie brauchen.<br \/>\nPflegehinweis: Mit einem trockenen Tuch abwischen. Mit einem weichen, feuchten Tuch reinigen. Waschmittel oder Seifenl\u00f6sung<br \/>\nMaterialien und Umwelt: Hauptmaterial: Polypropylen. Rutschfeste Oberfl\u00e4che &#8211; synthetisches Gummi. Dieses Produkt kann zum Recycling oder zur Stromerzeugung gesendet werden. BPA-frei. PVC-frei<\/p>\n","protected":false},"featured_media":212536,"comment_status":"open","ping_status":"closed","template":"","meta":[],"product_brand":[],"product_cat":[21,9437],"product_tag":[],"class_list":{"0":"post-212535","1":"product","2":"type-product","3":"status-publish","4":"has-post-thumbnail","6":"product_cat-baby","7":"product_cat-toepfchen-trittschemel-baby","8":"pa_brand-uncle-wu","9":"pa_height-6-3-zoll","10":"pa_length-14-zoll","11":"pa_manufacturer-un","12":"pa_model-step-un","13":"pa_width-10-2-zoll","15":"first","16":"instock","17":"shipping-taxable","18":"product-type-simple","19":"customify-col","20":"product-has-gallery"},"yoast_head":"<!-- This site is optimized with the Yoast SEO plugin v27.3 - https:\/\/yoast.com\/product\/yoast-seo-wordpress\/ -->\n<title>1 Packung 1 Step Zhi Gao - Markt-XXL<\/title>\n<meta name=\"description\" content=\"Markt-XXL 1 Packung 1 Step Zhi Gao\" \/>\n<meta name=\"robots\" content=\"index, follow, max-snippet:-1, max-image-preview:large, max-video-preview:-1\" \/>\n<link rel=\"canonical\" href=\"https:\/\/marktxxl.de\/markt\/produkt\/1-packung-1-step-zhi-gao\/\" \/>\n<meta property=\"og:locale\" content=\"de_DE\" \/>\n<meta property=\"og:type\" content=\"article\" \/>\n<meta property=\"og:title\" content=\"1 Packung 1 Step Zhi Gao - Markt-XXL\" \/>\n<meta property=\"og:description\" content=\"Markt-XXL 1 Packung 1 Step Zhi Gao\" \/>\n<meta property=\"og:url\" content=\"https:\/\/marktxxl.de\/markt\/produkt\/1-packung-1-step-zhi-gao\/\" \/>\n<meta property=\"og:site_name\" content=\"Markt-XXL\" \/>\n<meta name=\"twitter:card\" content=\"summary_large_image\" \/>\n<meta name=\"twitter:label1\" content=\"Gesch\u00e4tzte Lesezeit\" \/>\n\t<meta name=\"twitter:data1\" content=\"1\u00a0Minute\" \/>\n<script type=\"application\/ld+json\" class=\"yoast-schema-graph\">{\"@context\":\"https:\\\/\\\/schema.org\",\"@graph\":[{\"@type\":\"WebPage\",\"@id\":\"https:\\\/\\\/marktxxl.de\\\/markt\\\/produkt\\\/1-packung-1-step-zhi-gao\\\/\",\"url\":\"https:\\\/\\\/marktxxl.de\\\/markt\\\/produkt\\\/1-packung-1-step-zhi-gao\\\/\",\"name\":\"1 Packung 1 Step Zhi Gao - Markt-XXL\",\"isPartOf\":{\"@id\":\"https:\\\/\\\/marktxxl.de\\\/markt\\\/#website\"},\"primaryImageOfPage\":{\"@id\":\"https:\\\/\\\/marktxxl.de\\\/markt\\\/produkt\\\/1-packung-1-step-zhi-gao\\\/#primaryimage\"},\"image\":{\"@id\":\"https:\\\/\\\/marktxxl.de\\\/markt\\\/produkt\\\/1-packung-1-step-zhi-gao\\\/#primaryimage\"},\"thumbnailUrl\":\"https:\\\/\\\/m.media-amazon.com\\\/images\\\/I\\\/218IiLvX+EL._SL500_.jpg\",\"datePublished\":\"2024-06-28T11:27:55+00:00\",\"description\":\"Markt-XXL 1 Packung 1 Step Zhi Gao\",\"breadcrumb\":{\"@id\":\"https:\\\/\\\/marktxxl.de\\\/markt\\\/produkt\\\/1-packung-1-step-zhi-gao\\\/#breadcrumb\"},\"inLanguage\":\"de\",\"potentialAction\":[{\"@type\":\"ReadAction\",\"target\":[\"https:\\\/\\\/marktxxl.de\\\/markt\\\/produkt\\\/1-packung-1-step-zhi-gao\\\/\"]}]},{\"@type\":\"ImageObject\",\"inLanguage\":\"de\",\"@id\":\"https:\\\/\\\/marktxxl.de\\\/markt\\\/produkt\\\/1-packung-1-step-zhi-gao\\\/#primaryimage\",\"url\":\"https:\\\/\\\/m.media-amazon.com\\\/images\\\/I\\\/218IiLvX+EL._SL500_.jpg\",\"contentUrl\":\"https:\\\/\\\/m.media-amazon.com\\\/images\\\/I\\\/218IiLvX+EL._SL500_.jpg\",\"width\":500,\"height\":500},{\"@type\":\"BreadcrumbList\",\"@id\":\"https:\\\/\\\/marktxxl.de\\\/markt\\\/produkt\\\/1-packung-1-step-zhi-gao\\\/#breadcrumb\",\"itemListElement\":[{\"@type\":\"ListItem\",\"position\":1,\"name\":\"Startseite\",\"item\":\"https:\\\/\\\/marktxxl.de\\\/markt\\\/\"},{\"@type\":\"ListItem\",\"position\":2,\"name\":\"Markt\",\"item\":\"https:\\\/\\\/marktxxl.de\\\/markt\\\/\"},{\"@type\":\"ListItem\",\"position\":3,\"name\":\"1 Packung 1 Step Zhi Gao\"}]},{\"@type\":\"WebSite\",\"@id\":\"https:\\\/\\\/marktxxl.de\\\/markt\\\/#website\",\"url\":\"https:\\\/\\\/marktxxl.de\\\/markt\\\/\",\"name\":\"Markt-XXL\",\"description\":\"Ihr Markt Online\",\"publisher\":{\"@id\":\"https:\\\/\\\/marktxxl.de\\\/markt\\\/#organization\"},\"potentialAction\":[{\"@type\":\"SearchAction\",\"target\":{\"@type\":\"EntryPoint\",\"urlTemplate\":\"https:\\\/\\\/marktxxl.de\\\/markt\\\/?s={search_term_string}\"},\"query-input\":{\"@type\":\"PropertyValueSpecification\",\"valueRequired\":true,\"valueName\":\"search_term_string\"}}],\"inLanguage\":\"de\"},{\"@type\":\"Organization\",\"@id\":\"https:\\\/\\\/marktxxl.de\\\/markt\\\/#organization\",\"name\":\"Markt-XXL\",\"url\":\"https:\\\/\\\/marktxxl.de\\\/markt\\\/\",\"logo\":{\"@type\":\"ImageObject\",\"inLanguage\":\"de\",\"@id\":\"https:\\\/\\\/marktxxl.de\\\/markt\\\/#\\\/schema\\\/logo\\\/image\\\/\",\"url\":\"https:\\\/\\\/marktxxl.de\\\/markt\\\/wp-content\\\/uploads\\\/sites\\\/3\\\/2020\\\/12\\\/logo.png\",\"contentUrl\":\"https:\\\/\\\/marktxxl.de\\\/markt\\\/wp-content\\\/uploads\\\/sites\\\/3\\\/2020\\\/12\\\/logo.png\",\"width\":200,\"height\":70,\"caption\":\"Markt-XXL\"},\"image\":{\"@id\":\"https:\\\/\\\/marktxxl.de\\\/markt\\\/#\\\/schema\\\/logo\\\/image\\\/\"}}]}<\/script>\n<!-- \/ Yoast SEO plugin. -->","yoast_head_json":{"title":"1 Packung 1 Step Zhi Gao - Markt-XXL","description":"Markt-XXL 1 Packung 1 Step Zhi Gao","robots":{"index":"index","follow":"follow","max-snippet":"max-snippet:-1","max-image-preview":"max-image-preview:large","max-video-preview":"max-video-preview:-1"},"canonical":"https:\/\/marktxxl.de\/markt\/produkt\/1-packung-1-step-zhi-gao\/","og_locale":"de_DE","og_type":"article","og_title":"1 Packung 1 Step Zhi Gao - Markt-XXL","og_description":"Markt-XXL 1 Packung 1 Step Zhi Gao","og_url":"https:\/\/marktxxl.de\/markt\/produkt\/1-packung-1-step-zhi-gao\/","og_site_name":"Markt-XXL","twitter_card":"summary_large_image","twitter_misc":{"Gesch\u00e4tzte Lesezeit":"1\u00a0Minute"},"schema":{"@context":"https:\/\/schema.org","@graph":[{"@type":"WebPage","@id":"https:\/\/marktxxl.de\/markt\/produkt\/1-packung-1-step-zhi-gao\/","url":"https:\/\/marktxxl.de\/markt\/produkt\/1-packung-1-step-zhi-gao\/","name":"1 Packung 1 Step Zhi Gao - Markt-XXL","isPartOf":{"@id":"https:\/\/marktxxl.de\/markt\/#website"},"primaryImageOfPage":{"@id":"https:\/\/marktxxl.de\/markt\/produkt\/1-packung-1-step-zhi-gao\/#primaryimage"},"image":{"@id":"https:\/\/marktxxl.de\/markt\/produkt\/1-packung-1-step-zhi-gao\/#primaryimage"},"thumbnailUrl":"https:\/\/m.media-amazon.com\/images\/I\/218IiLvX+EL._SL500_.jpg","datePublished":"2024-06-28T11:27:55+00:00","description":"Markt-XXL 1 Packung 1 Step Zhi Gao","breadcrumb":{"@id":"https:\/\/marktxxl.de\/markt\/produkt\/1-packung-1-step-zhi-gao\/#breadcrumb"},"inLanguage":"de","potentialAction":[{"@type":"ReadAction","target":["https:\/\/marktxxl.de\/markt\/produkt\/1-packung-1-step-zhi-gao\/"]}]},{"@type":"ImageObject","inLanguage":"de","@id":"https:\/\/marktxxl.de\/markt\/produkt\/1-packung-1-step-zhi-gao\/#primaryimage","url":"https:\/\/m.media-amazon.com\/images\/I\/218IiLvX+EL._SL500_.jpg","contentUrl":"https:\/\/m.media-amazon.com\/images\/I\/218IiLvX+EL._SL500_.jpg","width":500,"height":500},{"@type":"BreadcrumbList","@id":"https:\/\/marktxxl.de\/markt\/produkt\/1-packung-1-step-zhi-gao\/#breadcrumb","itemListElement":[{"@type":"ListItem","position":1,"name":"Startseite","item":"https:\/\/marktxxl.de\/markt\/"},{"@type":"ListItem","position":2,"name":"Markt","item":"https:\/\/marktxxl.de\/markt\/"},{"@type":"ListItem","position":3,"name":"1 Packung 1 Step Zhi Gao"}]},{"@type":"WebSite","@id":"https:\/\/marktxxl.de\/markt\/#website","url":"https:\/\/marktxxl.de\/markt\/","name":"Markt-XXL","description":"Ihr Markt Online","publisher":{"@id":"https:\/\/marktxxl.de\/markt\/#organization"},"potentialAction":[{"@type":"SearchAction","target":{"@type":"EntryPoint","urlTemplate":"https:\/\/marktxxl.de\/markt\/?s={search_term_string}"},"query-input":{"@type":"PropertyValueSpecification","valueRequired":true,"valueName":"search_term_string"}}],"inLanguage":"de"},{"@type":"Organization","@id":"https:\/\/marktxxl.de\/markt\/#organization","name":"Markt-XXL","url":"https:\/\/marktxxl.de\/markt\/","logo":{"@type":"ImageObject","inLanguage":"de","@id":"https:\/\/marktxxl.de\/markt\/#\/schema\/logo\/image\/","url":"https:\/\/marktxxl.de\/markt\/wp-content\/uploads\/sites\/3\/2020\/12\/logo.png","contentUrl":"https:\/\/marktxxl.de\/markt\/wp-content\/uploads\/sites\/3\/2020\/12\/logo.png","width":200,"height":70,"caption":"Markt-XXL"},"image":{"@id":"https:\/\/marktxxl.de\/markt\/#\/schema\/logo\/image\/"}}]}},"_links":{"self":[{"href":"https:\/\/marktxxl.de\/markt\/wp-json\/wp\/v2\/product\/212535","targetHints":{"allow":["GET"]}}],"collection":[{"href":"https:\/\/marktxxl.de\/markt\/wp-json\/wp\/v2\/product"}],"about":[{"href":"https:\/\/marktxxl.de\/markt\/wp-json\/wp\/v2\/types\/product"}],"replies":[{"embeddable":true,"href":"https:\/\/marktxxl.de\/markt\/wp-json\/wp\/v2\/comments?post=212535"}],"wp:featuredmedia":[{"embeddable":true,"href":"https:\/\/marktxxl.de\/markt\/wp-json\/wp\/v2\/media\/212536"}],"wp:attachment":[{"href":"https:\/\/marktxxl.de\/markt\/wp-json\/wp\/v2\/media?parent=212535"}],"wp:term":[{"taxonomy":"product_brand","embeddable":true,"href":"https:\/\/marktxxl.de\/markt\/wp-json\/wp\/v2\/product_brand?post=212535"},{"taxonomy":"product_cat","embeddable":true,"href":"https:\/\/marktxxl.de\/markt\/wp-json\/wp\/v2\/product_cat?post=212535"},{"taxonomy":"product_tag","embeddable":true,"href":"https:\/\/marktxxl.de\/markt\/wp-json\/wp\/v2\/product_tag?post=212535"}],"curies":[{"name":"wp","href":"https:\/\/api.w.org\/{rel}","templated":true}]}}