{"id":212517,"date":"2024-06-28T13:27:25","date_gmt":"2024-06-28T11:27:25","guid":{"rendered":"https:\/\/marktxxl.de\/markt\/produkt\/sagrotan-2in1-desinfektionstuecher-zum-desinfizieren-von-haenden-und-oberflaechen-8-x-15-feuchttuecher-in-wiederverschliessbarer-verpackung-weiss-ozean\/"},"modified":"2024-06-28T13:27:25","modified_gmt":"2024-06-28T11:27:25","slug":"sagrotan-2in1-desinfektionstuecher-zum-desinfizieren-von-haenden-und-oberflaechen-8-x-15-feuchttuecher-in-wiederverschliessbarer-verpackung-weiss-ozean","status":"publish","type":"product","link":"https:\/\/marktxxl.de\/markt\/produkt\/sagrotan-2in1-desinfektionstuecher-zum-desinfizieren-von-haenden-und-oberflaechen-8-x-15-feuchttuecher-in-wiederverschliessbarer-verpackung-weiss-ozean\/","title":{"rendered":"Sagrotan 2in1-Desinfektionst\u00fccher \u2013 Zum Desinfizieren von H\u00e4nden und Oberfl\u00e4chen \u2013 8 x 15 Feuchtt\u00fccher in wiederverschlie\u00dfbarer Verpackung, Wei\u00df, Ozean"},"content":{"rendered":"<p>2IN1 HYGIENE: Die samtweichen Reinigungst\u00fccher von Sagrotan eignen sich sowohl ideal f\u00fcr eine schnelle H\u00e4ndedesinfektion unterwegs als auch f\u00fcr die unkomplizierte S\u00e4uberung von Oberfl\u00e4chen<br \/>\nDESINFEKTION UND SCHUTZ: Dieses Sagrotan Desinfektionsprodukt entfernt 99,9 Prozent der Bakterien und sorgt so f\u00fcr den Schutz der Gesundheit und f\u00fcr hygienische Sauberkeit &#8211; zu jeder Zeit, an jedem Ort<br \/>\nPRAKTISCHE GR\u00d6\u00dfE: Die Hygienet\u00fccher in praktischer Reisegr\u00f6\u00dfe passen in jede Handtasche und hinterlassen nach der Anwendung einen angenehm frischen Duft &#8211; ohne strengen Nachgeruch<br \/>\nDERMATOLOGISCH GETESTET: Die Hautvertr\u00e4glichkeit ist dermatologisch getestet \/ Biozidprodukte vorsichtig verwenden und vor Gebrauch stets Etikett und Produktinformationen lesen. BAuA Reg: N-55549 N-55551<br \/>\nLIEFERUMFANG: 8 x 15 2in1-Feuchtt\u00fccher von Sagrotan \/ Desinfektion f\u00fcr H\u00e4nde und Oberfl\u00e4chen in handlichem Format \/ Ideal f\u00fcr Unterwegs und auf Reisen<br \/>\nGEMEINSAM GEGEN PLASTIK IM OZEAN: Mit jedem Kauf helfen Sie uns insgesamt 5 Millionen Plastikflaschen aus der Umwelt zu sammeln (Bei Verkauf durch Amazon\/Sediva\/Lamos4u 1 Flasche = 20g Plastikm\u00fcll)\u200b<br \/>\n<div class=\"main-cross-sell\" data-asin=\"B09DGB5H6Q\">\n\n\t<div class=\"WooZone-cross-sell-loader\">\n\t\t<div>\n\t\t\t<div id=\"floatingBarsG\">\n\t\t\t\t<div class=\"blockG\" id=\"rotateG_01\"><\/div>\n\t\t\t\t<div class=\"blockG\" id=\"rotateG_02\"><\/div>\n\t\t\t\t<div class=\"blockG\" id=\"rotateG_03\"><\/div>\n\t\t\t\t<div class=\"blockG\" id=\"rotateG_04\"><\/div>\n\t\t\t\t<div class=\"blockG\" id=\"rotateG_05\"><\/div>\n\t\t\t\t<div class=\"blockG\" id=\"rotateG_06\"><\/div>\n\t\t\t\t<div class=\"blockG\" id=\"rotateG_07\"><\/div>\n\t\t\t\t<div class=\"blockG\" id=\"rotateG_08\"><\/div>\n\t\t\t<\/div>\n\t\t\t<div class=\"WooZone-cross-sell-loader-text\"><\/div>\n\t\t<\/div>\n\t<\/div>\n\n\t\t\n<\/div>\n<div style=\"clear:both;\"><\/div><\/p>\n","protected":false},"excerpt":{"rendered":"<p>2IN1 HYGIENE: Die samtweichen Reinigungst\u00fccher von Sagrotan eignen sich sowohl ideal f\u00fcr eine schnelle H\u00e4ndedesinfektion unterwegs als auch f\u00fcr die unkomplizierte S\u00e4uberung von Oberfl\u00e4chen<br \/>\nDESINFEKTION UND SCHUTZ: Dieses Sagrotan Desinfektionsprodukt entfernt 99,9 Prozent der Bakterien und sorgt so f\u00fcr den Schutz der Gesundheit und f\u00fcr hygienische Sauberkeit &#8211; zu jeder Zeit, an jedem Ort<br \/>\nPRAKTISCHE GR\u00d6\u00dfE: Die Hygienet\u00fccher in praktischer Reisegr\u00f6\u00dfe passen in jede Handtasche und hinterlassen nach der Anwendung einen angenehm frischen Duft &#8211; ohne strengen Nachgeruch<\/p>\n","protected":false},"featured_media":212518,"comment_status":"open","ping_status":"closed","template":"","meta":[],"product_brand":[],"product_cat":[21,9437],"product_tag":[],"class_list":{"0":"post-212517","1":"product","2":"type-product","3":"status-publish","4":"has-post-thumbnail","6":"product_cat-baby","7":"product_cat-toepfchen-trittschemel-baby","8":"pa_binding-badartikel","9":"pa_brand-sagrotan","10":"pa_color-weiss","11":"pa_height-4-52755-zoll","12":"pa_length-4-7244-zoll","13":"pa_manufacturer-rb-hygiene-home-deutschland-gmbh","14":"pa_model-53577","15":"pa_size-15-stueck-8er-pack","16":"pa_weight-0-99999918345104-pfund","17":"pa_width-10-43305-zoll","19":"first","20":"instock","21":"shipping-taxable","22":"purchasable","23":"product-type-simple","24":"customify-col","25":"product-has-gallery"},"yoast_head":"<!-- This site is optimized with the Yoast SEO plugin v27.3 - https:\/\/yoast.com\/product\/yoast-seo-wordpress\/ -->\n<title>Sagrotan 2in1-Desinfektionst\u00fccher \u2013 Zum Desinfizieren von H\u00e4nden und Oberfl\u00e4chen \u2013 8 x 15 Feuchtt\u00fccher in wiederverschlie\u00dfbarer Verpackung, Wei\u00df, Ozean - Markt-XXL<\/title>\n<meta name=\"description\" content=\"Markt-XXL Sagrotan 2in1-Desinfektionst\u00fccher \u2013 Zum Desinfizieren von H\u00e4nden und Oberfl\u00e4chen \u2013 8 x 15 Feuchtt\u00fccher in wiederverschlie\u00dfbarer Verpackung, Wei\u00df, Ozean\" \/>\n<meta name=\"robots\" content=\"index, follow, max-snippet:-1, max-image-preview:large, max-video-preview:-1\" \/>\n<link rel=\"canonical\" href=\"https:\/\/marktxxl.de\/markt\/produkt\/sagrotan-2in1-desinfektionstuecher-zum-desinfizieren-von-haenden-und-oberflaechen-8-x-15-feuchttuecher-in-wiederverschliessbarer-verpackung-weiss-ozean\/\" \/>\n<meta property=\"og:locale\" content=\"de_DE\" \/>\n<meta property=\"og:type\" content=\"article\" \/>\n<meta property=\"og:title\" content=\"Sagrotan 2in1-Desinfektionst\u00fccher \u2013 Zum Desinfizieren von H\u00e4nden und Oberfl\u00e4chen \u2013 8 x 15 Feuchtt\u00fccher in wiederverschlie\u00dfbarer Verpackung, Wei\u00df, Ozean - Markt-XXL\" \/>\n<meta property=\"og:description\" content=\"Markt-XXL Sagrotan 2in1-Desinfektionst\u00fccher \u2013 Zum Desinfizieren von H\u00e4nden und Oberfl\u00e4chen \u2013 8 x 15 Feuchtt\u00fccher in wiederverschlie\u00dfbarer Verpackung, Wei\u00df, Ozean\" \/>\n<meta property=\"og:url\" content=\"https:\/\/marktxxl.de\/markt\/produkt\/sagrotan-2in1-desinfektionstuecher-zum-desinfizieren-von-haenden-und-oberflaechen-8-x-15-feuchttuecher-in-wiederverschliessbarer-verpackung-weiss-ozean\/\" \/>\n<meta property=\"og:site_name\" content=\"Markt-XXL\" \/>\n<meta name=\"twitter:card\" content=\"summary_large_image\" \/>\n<meta name=\"twitter:label1\" content=\"Gesch\u00e4tzte Lesezeit\" \/>\n\t<meta name=\"twitter:data1\" content=\"1\u00a0Minute\" \/>\n<script type=\"application\/ld+json\" class=\"yoast-schema-graph\">{\"@context\":\"https:\\\/\\\/schema.org\",\"@graph\":[{\"@type\":\"WebPage\",\"@id\":\"https:\\\/\\\/marktxxl.de\\\/markt\\\/produkt\\\/sagrotan-2in1-desinfektionstuecher-zum-desinfizieren-von-haenden-und-oberflaechen-8-x-15-feuchttuecher-in-wiederverschliessbarer-verpackung-weiss-ozean\\\/\",\"url\":\"https:\\\/\\\/marktxxl.de\\\/markt\\\/produkt\\\/sagrotan-2in1-desinfektionstuecher-zum-desinfizieren-von-haenden-und-oberflaechen-8-x-15-feuchttuecher-in-wiederverschliessbarer-verpackung-weiss-ozean\\\/\",\"name\":\"Sagrotan 2in1-Desinfektionst\u00fccher \u2013 Zum Desinfizieren von H\u00e4nden und Oberfl\u00e4chen \u2013 8 x 15 Feuchtt\u00fccher in wiederverschlie\u00dfbarer Verpackung, Wei\u00df, Ozean - Markt-XXL\",\"isPartOf\":{\"@id\":\"https:\\\/\\\/marktxxl.de\\\/markt\\\/#website\"},\"primaryImageOfPage\":{\"@id\":\"https:\\\/\\\/marktxxl.de\\\/markt\\\/produkt\\\/sagrotan-2in1-desinfektionstuecher-zum-desinfizieren-von-haenden-und-oberflaechen-8-x-15-feuchttuecher-in-wiederverschliessbarer-verpackung-weiss-ozean\\\/#primaryimage\"},\"image\":{\"@id\":\"https:\\\/\\\/marktxxl.de\\\/markt\\\/produkt\\\/sagrotan-2in1-desinfektionstuecher-zum-desinfizieren-von-haenden-und-oberflaechen-8-x-15-feuchttuecher-in-wiederverschliessbarer-verpackung-weiss-ozean\\\/#primaryimage\"},\"thumbnailUrl\":\"https:\\\/\\\/m.media-amazon.com\\\/images\\\/I\\\/41gFpnjTdiL._SL500_.jpg\",\"datePublished\":\"2024-06-28T11:27:25+00:00\",\"description\":\"Markt-XXL Sagrotan 2in1-Desinfektionst\u00fccher \u2013 Zum Desinfizieren von H\u00e4nden und Oberfl\u00e4chen \u2013 8 x 15 Feuchtt\u00fccher in wiederverschlie\u00dfbarer Verpackung, Wei\u00df, Ozean\",\"breadcrumb\":{\"@id\":\"https:\\\/\\\/marktxxl.de\\\/markt\\\/produkt\\\/sagrotan-2in1-desinfektionstuecher-zum-desinfizieren-von-haenden-und-oberflaechen-8-x-15-feuchttuecher-in-wiederverschliessbarer-verpackung-weiss-ozean\\\/#breadcrumb\"},\"inLanguage\":\"de\",\"potentialAction\":[{\"@type\":\"ReadAction\",\"target\":[\"https:\\\/\\\/marktxxl.de\\\/markt\\\/produkt\\\/sagrotan-2in1-desinfektionstuecher-zum-desinfizieren-von-haenden-und-oberflaechen-8-x-15-feuchttuecher-in-wiederverschliessbarer-verpackung-weiss-ozean\\\/\"]}]},{\"@type\":\"ImageObject\",\"inLanguage\":\"de\",\"@id\":\"https:\\\/\\\/marktxxl.de\\\/markt\\\/produkt\\\/sagrotan-2in1-desinfektionstuecher-zum-desinfizieren-von-haenden-und-oberflaechen-8-x-15-feuchttuecher-in-wiederverschliessbarer-verpackung-weiss-ozean\\\/#primaryimage\",\"url\":\"https:\\\/\\\/m.media-amazon.com\\\/images\\\/I\\\/41gFpnjTdiL._SL500_.jpg\",\"contentUrl\":\"https:\\\/\\\/m.media-amazon.com\\\/images\\\/I\\\/41gFpnjTdiL._SL500_.jpg\",\"width\":500,\"height\":500},{\"@type\":\"BreadcrumbList\",\"@id\":\"https:\\\/\\\/marktxxl.de\\\/markt\\\/produkt\\\/sagrotan-2in1-desinfektionstuecher-zum-desinfizieren-von-haenden-und-oberflaechen-8-x-15-feuchttuecher-in-wiederverschliessbarer-verpackung-weiss-ozean\\\/#breadcrumb\",\"itemListElement\":[{\"@type\":\"ListItem\",\"position\":1,\"name\":\"Startseite\",\"item\":\"https:\\\/\\\/marktxxl.de\\\/markt\\\/\"},{\"@type\":\"ListItem\",\"position\":2,\"name\":\"Markt\",\"item\":\"https:\\\/\\\/marktxxl.de\\\/markt\\\/\"},{\"@type\":\"ListItem\",\"position\":3,\"name\":\"Sagrotan 2in1-Desinfektionst\u00fccher \u2013 Zum Desinfizieren von H\u00e4nden und Oberfl\u00e4chen \u2013 8 x 15 Feuchtt\u00fccher in wiederverschlie\u00dfbarer Verpackung, Wei\u00df, Ozean\"}]},{\"@type\":\"WebSite\",\"@id\":\"https:\\\/\\\/marktxxl.de\\\/markt\\\/#website\",\"url\":\"https:\\\/\\\/marktxxl.de\\\/markt\\\/\",\"name\":\"Markt-XXL\",\"description\":\"Ihr Markt Online\",\"publisher\":{\"@id\":\"https:\\\/\\\/marktxxl.de\\\/markt\\\/#organization\"},\"potentialAction\":[{\"@type\":\"SearchAction\",\"target\":{\"@type\":\"EntryPoint\",\"urlTemplate\":\"https:\\\/\\\/marktxxl.de\\\/markt\\\/?s={search_term_string}\"},\"query-input\":{\"@type\":\"PropertyValueSpecification\",\"valueRequired\":true,\"valueName\":\"search_term_string\"}}],\"inLanguage\":\"de\"},{\"@type\":\"Organization\",\"@id\":\"https:\\\/\\\/marktxxl.de\\\/markt\\\/#organization\",\"name\":\"Markt-XXL\",\"url\":\"https:\\\/\\\/marktxxl.de\\\/markt\\\/\",\"logo\":{\"@type\":\"ImageObject\",\"inLanguage\":\"de\",\"@id\":\"https:\\\/\\\/marktxxl.de\\\/markt\\\/#\\\/schema\\\/logo\\\/image\\\/\",\"url\":\"https:\\\/\\\/marktxxl.de\\\/markt\\\/wp-content\\\/uploads\\\/sites\\\/3\\\/2020\\\/12\\\/logo.png\",\"contentUrl\":\"https:\\\/\\\/marktxxl.de\\\/markt\\\/wp-content\\\/uploads\\\/sites\\\/3\\\/2020\\\/12\\\/logo.png\",\"width\":200,\"height\":70,\"caption\":\"Markt-XXL\"},\"image\":{\"@id\":\"https:\\\/\\\/marktxxl.de\\\/markt\\\/#\\\/schema\\\/logo\\\/image\\\/\"}}]}<\/script>\n<!-- \/ Yoast SEO plugin. -->","yoast_head_json":{"title":"Sagrotan 2in1-Desinfektionst\u00fccher \u2013 Zum Desinfizieren von H\u00e4nden und Oberfl\u00e4chen \u2013 8 x 15 Feuchtt\u00fccher in wiederverschlie\u00dfbarer Verpackung, Wei\u00df, Ozean - Markt-XXL","description":"Markt-XXL Sagrotan 2in1-Desinfektionst\u00fccher \u2013 Zum Desinfizieren von H\u00e4nden und Oberfl\u00e4chen \u2013 8 x 15 Feuchtt\u00fccher in wiederverschlie\u00dfbarer Verpackung, Wei\u00df, Ozean","robots":{"index":"index","follow":"follow","max-snippet":"max-snippet:-1","max-image-preview":"max-image-preview:large","max-video-preview":"max-video-preview:-1"},"canonical":"https:\/\/marktxxl.de\/markt\/produkt\/sagrotan-2in1-desinfektionstuecher-zum-desinfizieren-von-haenden-und-oberflaechen-8-x-15-feuchttuecher-in-wiederverschliessbarer-verpackung-weiss-ozean\/","og_locale":"de_DE","og_type":"article","og_title":"Sagrotan 2in1-Desinfektionst\u00fccher \u2013 Zum Desinfizieren von H\u00e4nden und Oberfl\u00e4chen \u2013 8 x 15 Feuchtt\u00fccher in wiederverschlie\u00dfbarer Verpackung, Wei\u00df, Ozean - Markt-XXL","og_description":"Markt-XXL Sagrotan 2in1-Desinfektionst\u00fccher \u2013 Zum Desinfizieren von H\u00e4nden und Oberfl\u00e4chen \u2013 8 x 15 Feuchtt\u00fccher in wiederverschlie\u00dfbarer Verpackung, Wei\u00df, Ozean","og_url":"https:\/\/marktxxl.de\/markt\/produkt\/sagrotan-2in1-desinfektionstuecher-zum-desinfizieren-von-haenden-und-oberflaechen-8-x-15-feuchttuecher-in-wiederverschliessbarer-verpackung-weiss-ozean\/","og_site_name":"Markt-XXL","twitter_card":"summary_large_image","twitter_misc":{"Gesch\u00e4tzte Lesezeit":"1\u00a0Minute"},"schema":{"@context":"https:\/\/schema.org","@graph":[{"@type":"WebPage","@id":"https:\/\/marktxxl.de\/markt\/produkt\/sagrotan-2in1-desinfektionstuecher-zum-desinfizieren-von-haenden-und-oberflaechen-8-x-15-feuchttuecher-in-wiederverschliessbarer-verpackung-weiss-ozean\/","url":"https:\/\/marktxxl.de\/markt\/produkt\/sagrotan-2in1-desinfektionstuecher-zum-desinfizieren-von-haenden-und-oberflaechen-8-x-15-feuchttuecher-in-wiederverschliessbarer-verpackung-weiss-ozean\/","name":"Sagrotan 2in1-Desinfektionst\u00fccher \u2013 Zum Desinfizieren von H\u00e4nden und Oberfl\u00e4chen \u2013 8 x 15 Feuchtt\u00fccher in wiederverschlie\u00dfbarer Verpackung, Wei\u00df, Ozean - Markt-XXL","isPartOf":{"@id":"https:\/\/marktxxl.de\/markt\/#website"},"primaryImageOfPage":{"@id":"https:\/\/marktxxl.de\/markt\/produkt\/sagrotan-2in1-desinfektionstuecher-zum-desinfizieren-von-haenden-und-oberflaechen-8-x-15-feuchttuecher-in-wiederverschliessbarer-verpackung-weiss-ozean\/#primaryimage"},"image":{"@id":"https:\/\/marktxxl.de\/markt\/produkt\/sagrotan-2in1-desinfektionstuecher-zum-desinfizieren-von-haenden-und-oberflaechen-8-x-15-feuchttuecher-in-wiederverschliessbarer-verpackung-weiss-ozean\/#primaryimage"},"thumbnailUrl":"https:\/\/m.media-amazon.com\/images\/I\/41gFpnjTdiL._SL500_.jpg","datePublished":"2024-06-28T11:27:25+00:00","description":"Markt-XXL Sagrotan 2in1-Desinfektionst\u00fccher \u2013 Zum Desinfizieren von H\u00e4nden und Oberfl\u00e4chen \u2013 8 x 15 Feuchtt\u00fccher in wiederverschlie\u00dfbarer Verpackung, Wei\u00df, Ozean","breadcrumb":{"@id":"https:\/\/marktxxl.de\/markt\/produkt\/sagrotan-2in1-desinfektionstuecher-zum-desinfizieren-von-haenden-und-oberflaechen-8-x-15-feuchttuecher-in-wiederverschliessbarer-verpackung-weiss-ozean\/#breadcrumb"},"inLanguage":"de","potentialAction":[{"@type":"ReadAction","target":["https:\/\/marktxxl.de\/markt\/produkt\/sagrotan-2in1-desinfektionstuecher-zum-desinfizieren-von-haenden-und-oberflaechen-8-x-15-feuchttuecher-in-wiederverschliessbarer-verpackung-weiss-ozean\/"]}]},{"@type":"ImageObject","inLanguage":"de","@id":"https:\/\/marktxxl.de\/markt\/produkt\/sagrotan-2in1-desinfektionstuecher-zum-desinfizieren-von-haenden-und-oberflaechen-8-x-15-feuchttuecher-in-wiederverschliessbarer-verpackung-weiss-ozean\/#primaryimage","url":"https:\/\/m.media-amazon.com\/images\/I\/41gFpnjTdiL._SL500_.jpg","contentUrl":"https:\/\/m.media-amazon.com\/images\/I\/41gFpnjTdiL._SL500_.jpg","width":500,"height":500},{"@type":"BreadcrumbList","@id":"https:\/\/marktxxl.de\/markt\/produkt\/sagrotan-2in1-desinfektionstuecher-zum-desinfizieren-von-haenden-und-oberflaechen-8-x-15-feuchttuecher-in-wiederverschliessbarer-verpackung-weiss-ozean\/#breadcrumb","itemListElement":[{"@type":"ListItem","position":1,"name":"Startseite","item":"https:\/\/marktxxl.de\/markt\/"},{"@type":"ListItem","position":2,"name":"Markt","item":"https:\/\/marktxxl.de\/markt\/"},{"@type":"ListItem","position":3,"name":"Sagrotan 2in1-Desinfektionst\u00fccher \u2013 Zum Desinfizieren von H\u00e4nden und Oberfl\u00e4chen \u2013 8 x 15 Feuchtt\u00fccher in wiederverschlie\u00dfbarer Verpackung, Wei\u00df, Ozean"}]},{"@type":"WebSite","@id":"https:\/\/marktxxl.de\/markt\/#website","url":"https:\/\/marktxxl.de\/markt\/","name":"Markt-XXL","description":"Ihr Markt Online","publisher":{"@id":"https:\/\/marktxxl.de\/markt\/#organization"},"potentialAction":[{"@type":"SearchAction","target":{"@type":"EntryPoint","urlTemplate":"https:\/\/marktxxl.de\/markt\/?s={search_term_string}"},"query-input":{"@type":"PropertyValueSpecification","valueRequired":true,"valueName":"search_term_string"}}],"inLanguage":"de"},{"@type":"Organization","@id":"https:\/\/marktxxl.de\/markt\/#organization","name":"Markt-XXL","url":"https:\/\/marktxxl.de\/markt\/","logo":{"@type":"ImageObject","inLanguage":"de","@id":"https:\/\/marktxxl.de\/markt\/#\/schema\/logo\/image\/","url":"https:\/\/marktxxl.de\/markt\/wp-content\/uploads\/sites\/3\/2020\/12\/logo.png","contentUrl":"https:\/\/marktxxl.de\/markt\/wp-content\/uploads\/sites\/3\/2020\/12\/logo.png","width":200,"height":70,"caption":"Markt-XXL"},"image":{"@id":"https:\/\/marktxxl.de\/markt\/#\/schema\/logo\/image\/"}}]}},"_links":{"self":[{"href":"https:\/\/marktxxl.de\/markt\/wp-json\/wp\/v2\/product\/212517","targetHints":{"allow":["GET"]}}],"collection":[{"href":"https:\/\/marktxxl.de\/markt\/wp-json\/wp\/v2\/product"}],"about":[{"href":"https:\/\/marktxxl.de\/markt\/wp-json\/wp\/v2\/types\/product"}],"replies":[{"embeddable":true,"href":"https:\/\/marktxxl.de\/markt\/wp-json\/wp\/v2\/comments?post=212517"}],"wp:featuredmedia":[{"embeddable":true,"href":"https:\/\/marktxxl.de\/markt\/wp-json\/wp\/v2\/media\/212518"}],"wp:attachment":[{"href":"https:\/\/marktxxl.de\/markt\/wp-json\/wp\/v2\/media?parent=212517"}],"wp:term":[{"taxonomy":"product_brand","embeddable":true,"href":"https:\/\/marktxxl.de\/markt\/wp-json\/wp\/v2\/product_brand?post=212517"},{"taxonomy":"product_cat","embeddable":true,"href":"https:\/\/marktxxl.de\/markt\/wp-json\/wp\/v2\/product_cat?post=212517"},{"taxonomy":"product_tag","embeddable":true,"href":"https:\/\/marktxxl.de\/markt\/wp-json\/wp\/v2\/product_tag?post=212517"}],"curies":[{"name":"wp","href":"https:\/\/api.w.org\/{rel}","templated":true}]}}