{"id":212483,"date":"2024-06-28T13:26:09","date_gmt":"2024-06-28T11:26:09","guid":{"rendered":"https:\/\/marktxxl.de\/markt\/produkt\/homcom-kinderanhaenger-radanhaenger-mit-fahne-einklappbarer-fahrradanhaenger-fuer-2-kinder-mit-regenschutz-atmungsaktiv-oxfordgewebe-rot-155-x-88-x-108-cm\/"},"modified":"2024-06-28T13:26:09","modified_gmt":"2024-06-28T11:26:09","slug":"homcom-kinderanhaenger-radanhaenger-mit-fahne-einklappbarer-fahrradanhaenger-fuer-2-kinder-mit-regenschutz-atmungsaktiv-oxfordgewebe-rot-155-x-88-x-108-cm","status":"publish","type":"product","link":"https:\/\/marktxxl.de\/markt\/produkt\/homcom-kinderanhaenger-radanhaenger-mit-fahne-einklappbarer-fahrradanhaenger-fuer-2-kinder-mit-regenschutz-atmungsaktiv-oxfordgewebe-rot-155-x-88-x-108-cm\/","title":{"rendered":"HOMCOM Kinderanh\u00e4nger Radanh\u00e4nger mit Fahne einklappbarer Fahrradanh\u00e4nger f\u00fcr 2 Kinder mit Regenschutz atmungsaktiv Oxfordgewebe Rot 155 x 88 x 108 cm"},"content":{"rendered":"<p>Universelle Kupplung: Die praktische Anh\u00e4ngerkupplung ist f\u00fcr die meisten g\u00e4ngigen Fahrr\u00e4der geeignet. Einfach anschlie\u00dfen und losfahren!<br \/>\nHochwertiger Kinderanh\u00e4nger: In unseren hochwertigen Fahrradanh\u00e4ngern finden bis zu 2 Kinder Platz. Das Kind sollte mindestens 18 Monate alt und nicht gr\u00f6\u00dfer als 1,10 m sein. Der Anh\u00e4nger ist ideal f\u00fcr Fahrradtouren, Spazierg\u00e4nge oder Ausfl\u00fcge zum Kindergarten.<br \/>\nGute Federung: Dank der Luftreifen und der voll gefederten Hinterachse bringen Sie Ihr Kind auch auf unebenem Gel\u00e4nde sicher und bequem ans Ziel.<br \/>\nSicherheit geht vor: Die Regenh\u00fclle und das Moskitonetz sch\u00fctzen Ihr Kind vor Regen und Insekten. Eine Flagge ist ebenfalls enthalten. Im Inneren sorgen zwei F\u00fcnf-Punkt-Sicherheitsgurte f\u00fcr einen sicheren Halt.<br \/>\nProduktdaten: Au\u00dfenma\u00dfe: 155L x 88B x 108H cm (mit Anh\u00e4ngerkupplung), Tragf\u00e4higkeit: 18 kg pro Kind (f\u00fcr Kinder ab 18 Monaten, maximal 2 Kinder), Tragf\u00e4higkeit des gesamten Anh\u00e4ngers inklusive Ladung: 40 kg. Empfohlene Gr\u00f6\u00dfe: bis zu 110 cm, empfohlenes Alter: bis zu 5 Jahren. Hinweis: Der Kinderfahrradanh\u00e4nger kann nicht zu einem Kinderwagen umgebaut oder als Kinderwagen verwendet werden.<br \/>\n<div class=\"main-cross-sell\" data-asin=\"B0BVHMX426\">\n\n\t<div class=\"WooZone-cross-sell-loader\">\n\t\t<div>\n\t\t\t<div id=\"floatingBarsG\">\n\t\t\t\t<div class=\"blockG\" id=\"rotateG_01\"><\/div>\n\t\t\t\t<div class=\"blockG\" id=\"rotateG_02\"><\/div>\n\t\t\t\t<div class=\"blockG\" id=\"rotateG_03\"><\/div>\n\t\t\t\t<div class=\"blockG\" id=\"rotateG_04\"><\/div>\n\t\t\t\t<div class=\"blockG\" id=\"rotateG_05\"><\/div>\n\t\t\t\t<div class=\"blockG\" id=\"rotateG_06\"><\/div>\n\t\t\t\t<div class=\"blockG\" id=\"rotateG_07\"><\/div>\n\t\t\t\t<div class=\"blockG\" id=\"rotateG_08\"><\/div>\n\t\t\t<\/div>\n\t\t\t<div class=\"WooZone-cross-sell-loader-text\"><\/div>\n\t\t<\/div>\n\t<\/div>\n\n\t\t\n<\/div>\n<div style=\"clear:both;\"><\/div><\/p>\n","protected":false},"excerpt":{"rendered":"<p>Universelle Kupplung: Die praktische Anh\u00e4ngerkupplung ist f\u00fcr die meisten g\u00e4ngigen Fahrr\u00e4der geeignet. Einfach anschlie\u00dfen und losfahren!<br \/>\nHochwertiger Kinderanh\u00e4nger: In unseren hochwertigen Fahrradanh\u00e4ngern finden bis zu 2 Kinder Platz. Das Kind sollte mindestens 18 Monate alt und nicht gr\u00f6\u00dfer als 1,10 m sein. Der Anh\u00e4nger ist ideal f\u00fcr Fahrradtouren, Spazierg\u00e4nge oder Ausfl\u00fcge zum Kindergarten.<br \/>\nGute Federung: Dank der Luftreifen und der voll gefederten Hinterachse bringen Sie Ihr Kind auch auf unebenem Gel\u00e4nde sicher und bequem ans Ziel.<\/p>\n","protected":false},"featured_media":212484,"comment_status":"open","ping_status":"closed","template":"","meta":[],"product_brand":[],"product_cat":[21,9245],"product_tag":[],"class_list":{"0":"post-212483","1":"product","2":"type-product","3":"status-publish","4":"has-post-thumbnail","6":"product_cat-baby","7":"product_cat-fahrradanhaenger-zubehoer-baby","8":"pa_brand-homcom","9":"pa_color-rotplusschwarz","10":"pa_height-42-519684996-zoll","11":"pa_length-61-023621985-zoll","12":"pa_manufacturer-mh-handel-gmbh","13":"pa_model-440-037v00rd","14":"pa_size-155l-x-88b-x-108h-cm","15":"pa_weight-36-37627323-pfund","16":"pa_width-34-645669256-zoll","18":"first","19":"instock","20":"shipping-taxable","21":"purchasable","22":"product-type-simple","23":"customify-col","24":"product-has-gallery"},"yoast_head":"<!-- This site is optimized with the Yoast SEO plugin v27.4 - https:\/\/yoast.com\/product\/yoast-seo-wordpress\/ -->\n<title>HOMCOM Kinderanh\u00e4nger Radanh\u00e4nger mit Fahne einklappbarer Fahrradanh\u00e4nger f\u00fcr 2 Kinder mit Regenschutz atmungsaktiv Oxfordgewebe Rot 155 x 88 x 108 cm - Markt-XXL<\/title>\n<meta name=\"description\" content=\"Markt-XXL HOMCOM Kinderanh\u00e4nger Radanh\u00e4nger mit Fahne einklappbarer Fahrradanh\u00e4nger f\u00fcr 2 Kinder mit Regenschutz atmungsaktiv Oxfordgewebe Rot 155 x 88 x 108 cm\" \/>\n<meta name=\"robots\" content=\"index, follow, max-snippet:-1, max-image-preview:large, max-video-preview:-1\" \/>\n<link rel=\"canonical\" href=\"https:\/\/marktxxl.de\/markt\/produkt\/homcom-kinderanhaenger-radanhaenger-mit-fahne-einklappbarer-fahrradanhaenger-fuer-2-kinder-mit-regenschutz-atmungsaktiv-oxfordgewebe-rot-155-x-88-x-108-cm\/\" \/>\n<meta property=\"og:locale\" content=\"de_DE\" \/>\n<meta property=\"og:type\" content=\"article\" \/>\n<meta property=\"og:title\" content=\"HOMCOM Kinderanh\u00e4nger Radanh\u00e4nger mit Fahne einklappbarer Fahrradanh\u00e4nger f\u00fcr 2 Kinder mit Regenschutz atmungsaktiv Oxfordgewebe Rot 155 x 88 x 108 cm - Markt-XXL\" \/>\n<meta property=\"og:description\" content=\"Markt-XXL HOMCOM Kinderanh\u00e4nger Radanh\u00e4nger mit Fahne einklappbarer Fahrradanh\u00e4nger f\u00fcr 2 Kinder mit Regenschutz atmungsaktiv Oxfordgewebe Rot 155 x 88 x 108 cm\" \/>\n<meta property=\"og:url\" content=\"https:\/\/marktxxl.de\/markt\/produkt\/homcom-kinderanhaenger-radanhaenger-mit-fahne-einklappbarer-fahrradanhaenger-fuer-2-kinder-mit-regenschutz-atmungsaktiv-oxfordgewebe-rot-155-x-88-x-108-cm\/\" \/>\n<meta property=\"og:site_name\" content=\"Markt-XXL\" \/>\n<meta name=\"twitter:card\" content=\"summary_large_image\" \/>\n<meta name=\"twitter:label1\" content=\"Gesch\u00e4tzte Lesezeit\" \/>\n\t<meta name=\"twitter:data1\" content=\"1\u00a0Minute\" \/>\n<script type=\"application\/ld+json\" class=\"yoast-schema-graph\">{\"@context\":\"https:\\\/\\\/schema.org\",\"@graph\":[{\"@type\":\"WebPage\",\"@id\":\"https:\\\/\\\/marktxxl.de\\\/markt\\\/produkt\\\/homcom-kinderanhaenger-radanhaenger-mit-fahne-einklappbarer-fahrradanhaenger-fuer-2-kinder-mit-regenschutz-atmungsaktiv-oxfordgewebe-rot-155-x-88-x-108-cm\\\/\",\"url\":\"https:\\\/\\\/marktxxl.de\\\/markt\\\/produkt\\\/homcom-kinderanhaenger-radanhaenger-mit-fahne-einklappbarer-fahrradanhaenger-fuer-2-kinder-mit-regenschutz-atmungsaktiv-oxfordgewebe-rot-155-x-88-x-108-cm\\\/\",\"name\":\"HOMCOM Kinderanh\u00e4nger Radanh\u00e4nger mit Fahne einklappbarer Fahrradanh\u00e4nger f\u00fcr 2 Kinder mit Regenschutz atmungsaktiv Oxfordgewebe Rot 155 x 88 x 108 cm - Markt-XXL\",\"isPartOf\":{\"@id\":\"https:\\\/\\\/marktxxl.de\\\/markt\\\/#website\"},\"primaryImageOfPage\":{\"@id\":\"https:\\\/\\\/marktxxl.de\\\/markt\\\/produkt\\\/homcom-kinderanhaenger-radanhaenger-mit-fahne-einklappbarer-fahrradanhaenger-fuer-2-kinder-mit-regenschutz-atmungsaktiv-oxfordgewebe-rot-155-x-88-x-108-cm\\\/#primaryimage\"},\"image\":{\"@id\":\"https:\\\/\\\/marktxxl.de\\\/markt\\\/produkt\\\/homcom-kinderanhaenger-radanhaenger-mit-fahne-einklappbarer-fahrradanhaenger-fuer-2-kinder-mit-regenschutz-atmungsaktiv-oxfordgewebe-rot-155-x-88-x-108-cm\\\/#primaryimage\"},\"thumbnailUrl\":\"https:\\\/\\\/m.media-amazon.com\\\/images\\\/I\\\/41Pcbs7bYjL._SL500_.jpg\",\"datePublished\":\"2024-06-28T11:26:09+00:00\",\"description\":\"Markt-XXL HOMCOM Kinderanh\u00e4nger Radanh\u00e4nger mit Fahne einklappbarer Fahrradanh\u00e4nger f\u00fcr 2 Kinder mit Regenschutz atmungsaktiv Oxfordgewebe Rot 155 x 88 x 108 cm\",\"breadcrumb\":{\"@id\":\"https:\\\/\\\/marktxxl.de\\\/markt\\\/produkt\\\/homcom-kinderanhaenger-radanhaenger-mit-fahne-einklappbarer-fahrradanhaenger-fuer-2-kinder-mit-regenschutz-atmungsaktiv-oxfordgewebe-rot-155-x-88-x-108-cm\\\/#breadcrumb\"},\"inLanguage\":\"de\",\"potentialAction\":[{\"@type\":\"ReadAction\",\"target\":[\"https:\\\/\\\/marktxxl.de\\\/markt\\\/produkt\\\/homcom-kinderanhaenger-radanhaenger-mit-fahne-einklappbarer-fahrradanhaenger-fuer-2-kinder-mit-regenschutz-atmungsaktiv-oxfordgewebe-rot-155-x-88-x-108-cm\\\/\"]}]},{\"@type\":\"ImageObject\",\"inLanguage\":\"de\",\"@id\":\"https:\\\/\\\/marktxxl.de\\\/markt\\\/produkt\\\/homcom-kinderanhaenger-radanhaenger-mit-fahne-einklappbarer-fahrradanhaenger-fuer-2-kinder-mit-regenschutz-atmungsaktiv-oxfordgewebe-rot-155-x-88-x-108-cm\\\/#primaryimage\",\"url\":\"https:\\\/\\\/m.media-amazon.com\\\/images\\\/I\\\/41Pcbs7bYjL._SL500_.jpg\",\"contentUrl\":\"https:\\\/\\\/m.media-amazon.com\\\/images\\\/I\\\/41Pcbs7bYjL._SL500_.jpg\",\"width\":500,\"height\":500},{\"@type\":\"BreadcrumbList\",\"@id\":\"https:\\\/\\\/marktxxl.de\\\/markt\\\/produkt\\\/homcom-kinderanhaenger-radanhaenger-mit-fahne-einklappbarer-fahrradanhaenger-fuer-2-kinder-mit-regenschutz-atmungsaktiv-oxfordgewebe-rot-155-x-88-x-108-cm\\\/#breadcrumb\",\"itemListElement\":[{\"@type\":\"ListItem\",\"position\":1,\"name\":\"Startseite\",\"item\":\"https:\\\/\\\/marktxxl.de\\\/markt\\\/\"},{\"@type\":\"ListItem\",\"position\":2,\"name\":\"Markt\",\"item\":\"https:\\\/\\\/marktxxl.de\\\/markt\\\/\"},{\"@type\":\"ListItem\",\"position\":3,\"name\":\"HOMCOM Kinderanh\u00e4nger Radanh\u00e4nger mit Fahne einklappbarer Fahrradanh\u00e4nger f\u00fcr 2 Kinder mit Regenschutz atmungsaktiv Oxfordgewebe Rot 155 x 88 x 108 cm\"}]},{\"@type\":\"WebSite\",\"@id\":\"https:\\\/\\\/marktxxl.de\\\/markt\\\/#website\",\"url\":\"https:\\\/\\\/marktxxl.de\\\/markt\\\/\",\"name\":\"Markt-XXL\",\"description\":\"Ihr Markt Online\",\"publisher\":{\"@id\":\"https:\\\/\\\/marktxxl.de\\\/markt\\\/#organization\"},\"potentialAction\":[{\"@type\":\"SearchAction\",\"target\":{\"@type\":\"EntryPoint\",\"urlTemplate\":\"https:\\\/\\\/marktxxl.de\\\/markt\\\/?s={search_term_string}\"},\"query-input\":{\"@type\":\"PropertyValueSpecification\",\"valueRequired\":true,\"valueName\":\"search_term_string\"}}],\"inLanguage\":\"de\"},{\"@type\":\"Organization\",\"@id\":\"https:\\\/\\\/marktxxl.de\\\/markt\\\/#organization\",\"name\":\"Markt-XXL\",\"url\":\"https:\\\/\\\/marktxxl.de\\\/markt\\\/\",\"logo\":{\"@type\":\"ImageObject\",\"inLanguage\":\"de\",\"@id\":\"https:\\\/\\\/marktxxl.de\\\/markt\\\/#\\\/schema\\\/logo\\\/image\\\/\",\"url\":\"https:\\\/\\\/marktxxl.de\\\/markt\\\/wp-content\\\/uploads\\\/sites\\\/3\\\/2020\\\/12\\\/logo.png\",\"contentUrl\":\"https:\\\/\\\/marktxxl.de\\\/markt\\\/wp-content\\\/uploads\\\/sites\\\/3\\\/2020\\\/12\\\/logo.png\",\"width\":200,\"height\":70,\"caption\":\"Markt-XXL\"},\"image\":{\"@id\":\"https:\\\/\\\/marktxxl.de\\\/markt\\\/#\\\/schema\\\/logo\\\/image\\\/\"}}]}<\/script>\n<!-- \/ Yoast SEO plugin. -->","yoast_head_json":{"title":"HOMCOM Kinderanh\u00e4nger Radanh\u00e4nger mit Fahne einklappbarer Fahrradanh\u00e4nger f\u00fcr 2 Kinder mit Regenschutz atmungsaktiv Oxfordgewebe Rot 155 x 88 x 108 cm - Markt-XXL","description":"Markt-XXL HOMCOM Kinderanh\u00e4nger Radanh\u00e4nger mit Fahne einklappbarer Fahrradanh\u00e4nger f\u00fcr 2 Kinder mit Regenschutz atmungsaktiv Oxfordgewebe Rot 155 x 88 x 108 cm","robots":{"index":"index","follow":"follow","max-snippet":"max-snippet:-1","max-image-preview":"max-image-preview:large","max-video-preview":"max-video-preview:-1"},"canonical":"https:\/\/marktxxl.de\/markt\/produkt\/homcom-kinderanhaenger-radanhaenger-mit-fahne-einklappbarer-fahrradanhaenger-fuer-2-kinder-mit-regenschutz-atmungsaktiv-oxfordgewebe-rot-155-x-88-x-108-cm\/","og_locale":"de_DE","og_type":"article","og_title":"HOMCOM Kinderanh\u00e4nger Radanh\u00e4nger mit Fahne einklappbarer Fahrradanh\u00e4nger f\u00fcr 2 Kinder mit Regenschutz atmungsaktiv Oxfordgewebe Rot 155 x 88 x 108 cm - Markt-XXL","og_description":"Markt-XXL HOMCOM Kinderanh\u00e4nger Radanh\u00e4nger mit Fahne einklappbarer Fahrradanh\u00e4nger f\u00fcr 2 Kinder mit Regenschutz atmungsaktiv Oxfordgewebe Rot 155 x 88 x 108 cm","og_url":"https:\/\/marktxxl.de\/markt\/produkt\/homcom-kinderanhaenger-radanhaenger-mit-fahne-einklappbarer-fahrradanhaenger-fuer-2-kinder-mit-regenschutz-atmungsaktiv-oxfordgewebe-rot-155-x-88-x-108-cm\/","og_site_name":"Markt-XXL","twitter_card":"summary_large_image","twitter_misc":{"Gesch\u00e4tzte Lesezeit":"1\u00a0Minute"},"schema":{"@context":"https:\/\/schema.org","@graph":[{"@type":"WebPage","@id":"https:\/\/marktxxl.de\/markt\/produkt\/homcom-kinderanhaenger-radanhaenger-mit-fahne-einklappbarer-fahrradanhaenger-fuer-2-kinder-mit-regenschutz-atmungsaktiv-oxfordgewebe-rot-155-x-88-x-108-cm\/","url":"https:\/\/marktxxl.de\/markt\/produkt\/homcom-kinderanhaenger-radanhaenger-mit-fahne-einklappbarer-fahrradanhaenger-fuer-2-kinder-mit-regenschutz-atmungsaktiv-oxfordgewebe-rot-155-x-88-x-108-cm\/","name":"HOMCOM Kinderanh\u00e4nger Radanh\u00e4nger mit Fahne einklappbarer Fahrradanh\u00e4nger f\u00fcr 2 Kinder mit Regenschutz atmungsaktiv Oxfordgewebe Rot 155 x 88 x 108 cm - Markt-XXL","isPartOf":{"@id":"https:\/\/marktxxl.de\/markt\/#website"},"primaryImageOfPage":{"@id":"https:\/\/marktxxl.de\/markt\/produkt\/homcom-kinderanhaenger-radanhaenger-mit-fahne-einklappbarer-fahrradanhaenger-fuer-2-kinder-mit-regenschutz-atmungsaktiv-oxfordgewebe-rot-155-x-88-x-108-cm\/#primaryimage"},"image":{"@id":"https:\/\/marktxxl.de\/markt\/produkt\/homcom-kinderanhaenger-radanhaenger-mit-fahne-einklappbarer-fahrradanhaenger-fuer-2-kinder-mit-regenschutz-atmungsaktiv-oxfordgewebe-rot-155-x-88-x-108-cm\/#primaryimage"},"thumbnailUrl":"https:\/\/m.media-amazon.com\/images\/I\/41Pcbs7bYjL._SL500_.jpg","datePublished":"2024-06-28T11:26:09+00:00","description":"Markt-XXL HOMCOM Kinderanh\u00e4nger Radanh\u00e4nger mit Fahne einklappbarer Fahrradanh\u00e4nger f\u00fcr 2 Kinder mit Regenschutz atmungsaktiv Oxfordgewebe Rot 155 x 88 x 108 cm","breadcrumb":{"@id":"https:\/\/marktxxl.de\/markt\/produkt\/homcom-kinderanhaenger-radanhaenger-mit-fahne-einklappbarer-fahrradanhaenger-fuer-2-kinder-mit-regenschutz-atmungsaktiv-oxfordgewebe-rot-155-x-88-x-108-cm\/#breadcrumb"},"inLanguage":"de","potentialAction":[{"@type":"ReadAction","target":["https:\/\/marktxxl.de\/markt\/produkt\/homcom-kinderanhaenger-radanhaenger-mit-fahne-einklappbarer-fahrradanhaenger-fuer-2-kinder-mit-regenschutz-atmungsaktiv-oxfordgewebe-rot-155-x-88-x-108-cm\/"]}]},{"@type":"ImageObject","inLanguage":"de","@id":"https:\/\/marktxxl.de\/markt\/produkt\/homcom-kinderanhaenger-radanhaenger-mit-fahne-einklappbarer-fahrradanhaenger-fuer-2-kinder-mit-regenschutz-atmungsaktiv-oxfordgewebe-rot-155-x-88-x-108-cm\/#primaryimage","url":"https:\/\/m.media-amazon.com\/images\/I\/41Pcbs7bYjL._SL500_.jpg","contentUrl":"https:\/\/m.media-amazon.com\/images\/I\/41Pcbs7bYjL._SL500_.jpg","width":500,"height":500},{"@type":"BreadcrumbList","@id":"https:\/\/marktxxl.de\/markt\/produkt\/homcom-kinderanhaenger-radanhaenger-mit-fahne-einklappbarer-fahrradanhaenger-fuer-2-kinder-mit-regenschutz-atmungsaktiv-oxfordgewebe-rot-155-x-88-x-108-cm\/#breadcrumb","itemListElement":[{"@type":"ListItem","position":1,"name":"Startseite","item":"https:\/\/marktxxl.de\/markt\/"},{"@type":"ListItem","position":2,"name":"Markt","item":"https:\/\/marktxxl.de\/markt\/"},{"@type":"ListItem","position":3,"name":"HOMCOM Kinderanh\u00e4nger Radanh\u00e4nger mit Fahne einklappbarer Fahrradanh\u00e4nger f\u00fcr 2 Kinder mit Regenschutz atmungsaktiv Oxfordgewebe Rot 155 x 88 x 108 cm"}]},{"@type":"WebSite","@id":"https:\/\/marktxxl.de\/markt\/#website","url":"https:\/\/marktxxl.de\/markt\/","name":"Markt-XXL","description":"Ihr Markt Online","publisher":{"@id":"https:\/\/marktxxl.de\/markt\/#organization"},"potentialAction":[{"@type":"SearchAction","target":{"@type":"EntryPoint","urlTemplate":"https:\/\/marktxxl.de\/markt\/?s={search_term_string}"},"query-input":{"@type":"PropertyValueSpecification","valueRequired":true,"valueName":"search_term_string"}}],"inLanguage":"de"},{"@type":"Organization","@id":"https:\/\/marktxxl.de\/markt\/#organization","name":"Markt-XXL","url":"https:\/\/marktxxl.de\/markt\/","logo":{"@type":"ImageObject","inLanguage":"de","@id":"https:\/\/marktxxl.de\/markt\/#\/schema\/logo\/image\/","url":"https:\/\/marktxxl.de\/markt\/wp-content\/uploads\/sites\/3\/2020\/12\/logo.png","contentUrl":"https:\/\/marktxxl.de\/markt\/wp-content\/uploads\/sites\/3\/2020\/12\/logo.png","width":200,"height":70,"caption":"Markt-XXL"},"image":{"@id":"https:\/\/marktxxl.de\/markt\/#\/schema\/logo\/image\/"}}]}},"_links":{"self":[{"href":"https:\/\/marktxxl.de\/markt\/wp-json\/wp\/v2\/product\/212483","targetHints":{"allow":["GET"]}}],"collection":[{"href":"https:\/\/marktxxl.de\/markt\/wp-json\/wp\/v2\/product"}],"about":[{"href":"https:\/\/marktxxl.de\/markt\/wp-json\/wp\/v2\/types\/product"}],"replies":[{"embeddable":true,"href":"https:\/\/marktxxl.de\/markt\/wp-json\/wp\/v2\/comments?post=212483"}],"wp:featuredmedia":[{"embeddable":true,"href":"https:\/\/marktxxl.de\/markt\/wp-json\/wp\/v2\/media\/212484"}],"wp:attachment":[{"href":"https:\/\/marktxxl.de\/markt\/wp-json\/wp\/v2\/media?parent=212483"}],"wp:term":[{"taxonomy":"product_brand","embeddable":true,"href":"https:\/\/marktxxl.de\/markt\/wp-json\/wp\/v2\/product_brand?post=212483"},{"taxonomy":"product_cat","embeddable":true,"href":"https:\/\/marktxxl.de\/markt\/wp-json\/wp\/v2\/product_cat?post=212483"},{"taxonomy":"product_tag","embeddable":true,"href":"https:\/\/marktxxl.de\/markt\/wp-json\/wp\/v2\/product_tag?post=212483"}],"curies":[{"name":"wp","href":"https:\/\/api.w.org\/{rel}","templated":true}]}}