{"id":212448,"date":"2024-06-28T13:08:22","date_gmt":"2024-06-28T11:08:22","guid":{"rendered":"https:\/\/marktxxl.de\/markt\/produkt\/fahrradanhaenger-kupplung-kupplung-befestigung-kompatibel-mit-rist-fahrradanhaengern-flach-und-winkelkupplungen-fuer-eine-vielzahl-von-fahrradtraeger-anhaengergroessen\/"},"modified":"2024-06-28T13:08:22","modified_gmt":"2024-06-28T11:08:22","slug":"fahrradanhaenger-kupplung-kupplung-befestigung-kompatibel-mit-rist-fahrradanhaengern-flach-und-winkelkupplungen-fuer-eine-vielzahl-von-fahrradtraeger-anhaengergroessen","status":"publish","type":"product","link":"https:\/\/marktxxl.de\/markt\/produkt\/fahrradanhaenger-kupplung-kupplung-befestigung-kompatibel-mit-rist-fahrradanhaengern-flach-und-winkelkupplungen-fuer-eine-vielzahl-von-fahrradtraeger-anhaengergroessen\/","title":{"rendered":"Fahrradanh\u00e4nger Kupplung Kupplung Befestigung kompatibel mit Rist-Fahrradanh\u00e4ngern, Flach- und Winkelkupplungen f\u00fcr eine Vielzahl von Fahrradtr\u00e4ger, Anh\u00e4ngergr\u00f6\u00dfen"},"content":{"rendered":"<p>Pr\u00e4zises Design: Das All-in-One-Set f\u00fcr Fahrradanh\u00e4nger hat eine flache Kupplung, Unterlegscheibe und Sicherungsstift<br \/>\nPerfekte Passform: Die Fahrradanh\u00e4nger-Kupplung ist f\u00fcr eine Vielzahl von Fahrradtr\u00e4gern, Anh\u00e4ngergr\u00f6\u00dfen, Modellen und Stilen konzipiert, kompatibel mit Rist- und Schwinn-Anh\u00e4ngern<br \/>\nStrapazierf\u00e4hige Qualit\u00e4t: Die Fahrradanh\u00e4nger-Kupplung kann einfach installiert werden. Sie m\u00fcssen sie nur mit einer Schraubenmutter am Fahrrad befestigen und den Anh\u00e4ngeraufsatz einsetzen und den Stift aufsetzen. Der Stift kann sich kaum \u00f6ffnen, auch wenn Sie ihn installieren, fallen sie nicht leicht ab<br \/>\nStrapazierf\u00e4hige Qualit\u00e4t: Die Fahrradanh\u00e4ngerkupplung ist aus Stahl mit schwarzer Emaille-Beschichtung, hergestellt aus robustem Eisenmaterial, stark und langlebig, korrosionsbest\u00e4ndig, schwer zu besch\u00e4digen<br \/>\n\u2705\u3010LEBENSLANGE GARANTIE\u3011&#8211; Wenn Sie irgendwelche Probleme haben oder es Sch\u00e4den am Produkt gibt, bieten wir eine 100% Geld-zur\u00fcck-Garantie. Willkommen, um uns zu kontaktieren, wir werden unser Bestes versuchen, um Ihr Problem zu l\u00f6sen. Kundenzufriedenheit ist unser unerm\u00fcdliches Streben.<br \/>\n<div class=\"main-cross-sell\" data-asin=\"B08LB8NL4L\">\n\n\t<div class=\"WooZone-cross-sell-loader\">\n\t\t<div>\n\t\t\t<div id=\"floatingBarsG\">\n\t\t\t\t<div class=\"blockG\" id=\"rotateG_01\"><\/div>\n\t\t\t\t<div class=\"blockG\" id=\"rotateG_02\"><\/div>\n\t\t\t\t<div class=\"blockG\" id=\"rotateG_03\"><\/div>\n\t\t\t\t<div class=\"blockG\" id=\"rotateG_04\"><\/div>\n\t\t\t\t<div class=\"blockG\" id=\"rotateG_05\"><\/div>\n\t\t\t\t<div class=\"blockG\" id=\"rotateG_06\"><\/div>\n\t\t\t\t<div class=\"blockG\" id=\"rotateG_07\"><\/div>\n\t\t\t\t<div class=\"blockG\" id=\"rotateG_08\"><\/div>\n\t\t\t<\/div>\n\t\t\t<div class=\"WooZone-cross-sell-loader-text\"><\/div>\n\t\t<\/div>\n\t<\/div>\n\n\t\t\n<\/div>\n<div style=\"clear:both;\"><\/div><\/p>\n","protected":false},"excerpt":{"rendered":"<p>Pr\u00e4zises Design: Das All-in-One-Set f\u00fcr Fahrradanh\u00e4nger hat eine flache Kupplung, Unterlegscheibe und Sicherungsstift<br \/>\nPerfekte Passform: Die Fahrradanh\u00e4nger-Kupplung ist f\u00fcr eine Vielzahl von Fahrradtr\u00e4gern, Anh\u00e4ngergr\u00f6\u00dfen, Modellen und Stilen konzipiert, kompatibel mit Rist- und Schwinn-Anh\u00e4ngern<br \/>\nStrapazierf\u00e4hige Qualit\u00e4t: Die Fahrradanh\u00e4nger-Kupplung kann einfach installiert werden. Sie m\u00fcssen sie nur mit einer Schraubenmutter am Fahrrad befestigen und den Anh\u00e4ngeraufsatz einsetzen und den Stift aufsetzen. Der Stift kann sich kaum \u00f6ffnen, auch wenn Sie ihn installieren, fallen sie nicht leicht ab<\/p>\n","protected":false},"featured_media":212449,"comment_status":"open","ping_status":"closed","template":"","meta":[],"product_brand":[],"product_cat":[21,9245],"product_tag":[],"class_list":{"0":"post-212448","1":"product","2":"type-product","3":"status-publish","4":"has-post-thumbnail","6":"product_cat-baby","7":"product_cat-fahrradanhaenger-zubehoer-baby","8":"pa_binding-ausruestung","9":"pa_brand-sikawai","10":"pa_color-siehe-abbildung","11":"pa_manufacturer-sikawai","12":"pa_model-bike-trailer-hitch2","14":"first","15":"instock","16":"shipping-taxable","17":"purchasable","18":"product-type-simple","19":"customify-col","20":"product-has-gallery"},"yoast_head":"<!-- This site is optimized with the Yoast SEO plugin v27.4 - https:\/\/yoast.com\/product\/yoast-seo-wordpress\/ -->\n<title>Fahrradanh\u00e4nger Kupplung Kupplung Befestigung kompatibel mit Rist-Fahrradanh\u00e4ngern, Flach- und Winkelkupplungen f\u00fcr eine Vielzahl von Fahrradtr\u00e4ger, Anh\u00e4ngergr\u00f6\u00dfen - Markt-XXL<\/title>\n<meta name=\"description\" content=\"Markt-XXL Fahrradanh\u00e4nger Kupplung Kupplung Befestigung kompatibel mit Rist-Fahrradanh\u00e4ngern, Flach- und Winkelkupplungen f\u00fcr eine Vielzahl von Fahrradtr\u00e4ger, Anh\u00e4ngergr\u00f6\u00dfen\" \/>\n<meta name=\"robots\" content=\"index, follow, max-snippet:-1, max-image-preview:large, max-video-preview:-1\" \/>\n<link rel=\"canonical\" href=\"https:\/\/marktxxl.de\/markt\/produkt\/fahrradanhaenger-kupplung-kupplung-befestigung-kompatibel-mit-rist-fahrradanhaengern-flach-und-winkelkupplungen-fuer-eine-vielzahl-von-fahrradtraeger-anhaengergroessen\/\" \/>\n<meta property=\"og:locale\" content=\"de_DE\" \/>\n<meta property=\"og:type\" content=\"article\" \/>\n<meta property=\"og:title\" content=\"Fahrradanh\u00e4nger Kupplung Kupplung Befestigung kompatibel mit Rist-Fahrradanh\u00e4ngern, Flach- und Winkelkupplungen f\u00fcr eine Vielzahl von Fahrradtr\u00e4ger, Anh\u00e4ngergr\u00f6\u00dfen - Markt-XXL\" \/>\n<meta property=\"og:description\" content=\"Markt-XXL Fahrradanh\u00e4nger Kupplung Kupplung Befestigung kompatibel mit Rist-Fahrradanh\u00e4ngern, Flach- und Winkelkupplungen f\u00fcr eine Vielzahl von Fahrradtr\u00e4ger, Anh\u00e4ngergr\u00f6\u00dfen\" \/>\n<meta property=\"og:url\" content=\"https:\/\/marktxxl.de\/markt\/produkt\/fahrradanhaenger-kupplung-kupplung-befestigung-kompatibel-mit-rist-fahrradanhaengern-flach-und-winkelkupplungen-fuer-eine-vielzahl-von-fahrradtraeger-anhaengergroessen\/\" \/>\n<meta property=\"og:site_name\" content=\"Markt-XXL\" \/>\n<meta name=\"twitter:card\" content=\"summary_large_image\" \/>\n<meta name=\"twitter:label1\" content=\"Gesch\u00e4tzte Lesezeit\" \/>\n\t<meta name=\"twitter:data1\" content=\"1\u00a0Minute\" \/>\n<script type=\"application\/ld+json\" class=\"yoast-schema-graph\">{\"@context\":\"https:\\\/\\\/schema.org\",\"@graph\":[{\"@type\":\"WebPage\",\"@id\":\"https:\\\/\\\/marktxxl.de\\\/markt\\\/produkt\\\/fahrradanhaenger-kupplung-kupplung-befestigung-kompatibel-mit-rist-fahrradanhaengern-flach-und-winkelkupplungen-fuer-eine-vielzahl-von-fahrradtraeger-anhaengergroessen\\\/\",\"url\":\"https:\\\/\\\/marktxxl.de\\\/markt\\\/produkt\\\/fahrradanhaenger-kupplung-kupplung-befestigung-kompatibel-mit-rist-fahrradanhaengern-flach-und-winkelkupplungen-fuer-eine-vielzahl-von-fahrradtraeger-anhaengergroessen\\\/\",\"name\":\"Fahrradanh\u00e4nger Kupplung Kupplung Befestigung kompatibel mit Rist-Fahrradanh\u00e4ngern, Flach- und Winkelkupplungen f\u00fcr eine Vielzahl von Fahrradtr\u00e4ger, Anh\u00e4ngergr\u00f6\u00dfen - Markt-XXL\",\"isPartOf\":{\"@id\":\"https:\\\/\\\/marktxxl.de\\\/markt\\\/#website\"},\"primaryImageOfPage\":{\"@id\":\"https:\\\/\\\/marktxxl.de\\\/markt\\\/produkt\\\/fahrradanhaenger-kupplung-kupplung-befestigung-kompatibel-mit-rist-fahrradanhaengern-flach-und-winkelkupplungen-fuer-eine-vielzahl-von-fahrradtraeger-anhaengergroessen\\\/#primaryimage\"},\"image\":{\"@id\":\"https:\\\/\\\/marktxxl.de\\\/markt\\\/produkt\\\/fahrradanhaenger-kupplung-kupplung-befestigung-kompatibel-mit-rist-fahrradanhaengern-flach-und-winkelkupplungen-fuer-eine-vielzahl-von-fahrradtraeger-anhaengergroessen\\\/#primaryimage\"},\"thumbnailUrl\":\"https:\\\/\\\/m.media-amazon.com\\\/images\\\/I\\\/41x1rGdGtrL._SL500_.jpg\",\"datePublished\":\"2024-06-28T11:08:22+00:00\",\"description\":\"Markt-XXL Fahrradanh\u00e4nger Kupplung Kupplung Befestigung kompatibel mit Rist-Fahrradanh\u00e4ngern, Flach- und Winkelkupplungen f\u00fcr eine Vielzahl von Fahrradtr\u00e4ger, Anh\u00e4ngergr\u00f6\u00dfen\",\"breadcrumb\":{\"@id\":\"https:\\\/\\\/marktxxl.de\\\/markt\\\/produkt\\\/fahrradanhaenger-kupplung-kupplung-befestigung-kompatibel-mit-rist-fahrradanhaengern-flach-und-winkelkupplungen-fuer-eine-vielzahl-von-fahrradtraeger-anhaengergroessen\\\/#breadcrumb\"},\"inLanguage\":\"de\",\"potentialAction\":[{\"@type\":\"ReadAction\",\"target\":[\"https:\\\/\\\/marktxxl.de\\\/markt\\\/produkt\\\/fahrradanhaenger-kupplung-kupplung-befestigung-kompatibel-mit-rist-fahrradanhaengern-flach-und-winkelkupplungen-fuer-eine-vielzahl-von-fahrradtraeger-anhaengergroessen\\\/\"]}]},{\"@type\":\"ImageObject\",\"inLanguage\":\"de\",\"@id\":\"https:\\\/\\\/marktxxl.de\\\/markt\\\/produkt\\\/fahrradanhaenger-kupplung-kupplung-befestigung-kompatibel-mit-rist-fahrradanhaengern-flach-und-winkelkupplungen-fuer-eine-vielzahl-von-fahrradtraeger-anhaengergroessen\\\/#primaryimage\",\"url\":\"https:\\\/\\\/m.media-amazon.com\\\/images\\\/I\\\/41x1rGdGtrL._SL500_.jpg\",\"contentUrl\":\"https:\\\/\\\/m.media-amazon.com\\\/images\\\/I\\\/41x1rGdGtrL._SL500_.jpg\",\"width\":500,\"height\":500},{\"@type\":\"BreadcrumbList\",\"@id\":\"https:\\\/\\\/marktxxl.de\\\/markt\\\/produkt\\\/fahrradanhaenger-kupplung-kupplung-befestigung-kompatibel-mit-rist-fahrradanhaengern-flach-und-winkelkupplungen-fuer-eine-vielzahl-von-fahrradtraeger-anhaengergroessen\\\/#breadcrumb\",\"itemListElement\":[{\"@type\":\"ListItem\",\"position\":1,\"name\":\"Startseite\",\"item\":\"https:\\\/\\\/marktxxl.de\\\/markt\\\/\"},{\"@type\":\"ListItem\",\"position\":2,\"name\":\"Markt\",\"item\":\"https:\\\/\\\/marktxxl.de\\\/markt\\\/\"},{\"@type\":\"ListItem\",\"position\":3,\"name\":\"Fahrradanh\u00e4nger Kupplung Kupplung Befestigung kompatibel mit Rist-Fahrradanh\u00e4ngern, Flach- und Winkelkupplungen f\u00fcr eine Vielzahl von Fahrradtr\u00e4ger, Anh\u00e4ngergr\u00f6\u00dfen\"}]},{\"@type\":\"WebSite\",\"@id\":\"https:\\\/\\\/marktxxl.de\\\/markt\\\/#website\",\"url\":\"https:\\\/\\\/marktxxl.de\\\/markt\\\/\",\"name\":\"Markt-XXL\",\"description\":\"Ihr Markt Online\",\"publisher\":{\"@id\":\"https:\\\/\\\/marktxxl.de\\\/markt\\\/#organization\"},\"potentialAction\":[{\"@type\":\"SearchAction\",\"target\":{\"@type\":\"EntryPoint\",\"urlTemplate\":\"https:\\\/\\\/marktxxl.de\\\/markt\\\/?s={search_term_string}\"},\"query-input\":{\"@type\":\"PropertyValueSpecification\",\"valueRequired\":true,\"valueName\":\"search_term_string\"}}],\"inLanguage\":\"de\"},{\"@type\":\"Organization\",\"@id\":\"https:\\\/\\\/marktxxl.de\\\/markt\\\/#organization\",\"name\":\"Markt-XXL\",\"url\":\"https:\\\/\\\/marktxxl.de\\\/markt\\\/\",\"logo\":{\"@type\":\"ImageObject\",\"inLanguage\":\"de\",\"@id\":\"https:\\\/\\\/marktxxl.de\\\/markt\\\/#\\\/schema\\\/logo\\\/image\\\/\",\"url\":\"https:\\\/\\\/marktxxl.de\\\/markt\\\/wp-content\\\/uploads\\\/sites\\\/3\\\/2020\\\/12\\\/logo.png\",\"contentUrl\":\"https:\\\/\\\/marktxxl.de\\\/markt\\\/wp-content\\\/uploads\\\/sites\\\/3\\\/2020\\\/12\\\/logo.png\",\"width\":200,\"height\":70,\"caption\":\"Markt-XXL\"},\"image\":{\"@id\":\"https:\\\/\\\/marktxxl.de\\\/markt\\\/#\\\/schema\\\/logo\\\/image\\\/\"}}]}<\/script>\n<!-- \/ Yoast SEO plugin. -->","yoast_head_json":{"title":"Fahrradanh\u00e4nger Kupplung Kupplung Befestigung kompatibel mit Rist-Fahrradanh\u00e4ngern, Flach- und Winkelkupplungen f\u00fcr eine Vielzahl von Fahrradtr\u00e4ger, Anh\u00e4ngergr\u00f6\u00dfen - Markt-XXL","description":"Markt-XXL Fahrradanh\u00e4nger Kupplung Kupplung Befestigung kompatibel mit Rist-Fahrradanh\u00e4ngern, Flach- und Winkelkupplungen f\u00fcr eine Vielzahl von Fahrradtr\u00e4ger, Anh\u00e4ngergr\u00f6\u00dfen","robots":{"index":"index","follow":"follow","max-snippet":"max-snippet:-1","max-image-preview":"max-image-preview:large","max-video-preview":"max-video-preview:-1"},"canonical":"https:\/\/marktxxl.de\/markt\/produkt\/fahrradanhaenger-kupplung-kupplung-befestigung-kompatibel-mit-rist-fahrradanhaengern-flach-und-winkelkupplungen-fuer-eine-vielzahl-von-fahrradtraeger-anhaengergroessen\/","og_locale":"de_DE","og_type":"article","og_title":"Fahrradanh\u00e4nger Kupplung Kupplung Befestigung kompatibel mit Rist-Fahrradanh\u00e4ngern, Flach- und Winkelkupplungen f\u00fcr eine Vielzahl von Fahrradtr\u00e4ger, Anh\u00e4ngergr\u00f6\u00dfen - Markt-XXL","og_description":"Markt-XXL Fahrradanh\u00e4nger Kupplung Kupplung Befestigung kompatibel mit Rist-Fahrradanh\u00e4ngern, Flach- und Winkelkupplungen f\u00fcr eine Vielzahl von Fahrradtr\u00e4ger, Anh\u00e4ngergr\u00f6\u00dfen","og_url":"https:\/\/marktxxl.de\/markt\/produkt\/fahrradanhaenger-kupplung-kupplung-befestigung-kompatibel-mit-rist-fahrradanhaengern-flach-und-winkelkupplungen-fuer-eine-vielzahl-von-fahrradtraeger-anhaengergroessen\/","og_site_name":"Markt-XXL","twitter_card":"summary_large_image","twitter_misc":{"Gesch\u00e4tzte Lesezeit":"1\u00a0Minute"},"schema":{"@context":"https:\/\/schema.org","@graph":[{"@type":"WebPage","@id":"https:\/\/marktxxl.de\/markt\/produkt\/fahrradanhaenger-kupplung-kupplung-befestigung-kompatibel-mit-rist-fahrradanhaengern-flach-und-winkelkupplungen-fuer-eine-vielzahl-von-fahrradtraeger-anhaengergroessen\/","url":"https:\/\/marktxxl.de\/markt\/produkt\/fahrradanhaenger-kupplung-kupplung-befestigung-kompatibel-mit-rist-fahrradanhaengern-flach-und-winkelkupplungen-fuer-eine-vielzahl-von-fahrradtraeger-anhaengergroessen\/","name":"Fahrradanh\u00e4nger Kupplung Kupplung Befestigung kompatibel mit Rist-Fahrradanh\u00e4ngern, Flach- und Winkelkupplungen f\u00fcr eine Vielzahl von Fahrradtr\u00e4ger, Anh\u00e4ngergr\u00f6\u00dfen - Markt-XXL","isPartOf":{"@id":"https:\/\/marktxxl.de\/markt\/#website"},"primaryImageOfPage":{"@id":"https:\/\/marktxxl.de\/markt\/produkt\/fahrradanhaenger-kupplung-kupplung-befestigung-kompatibel-mit-rist-fahrradanhaengern-flach-und-winkelkupplungen-fuer-eine-vielzahl-von-fahrradtraeger-anhaengergroessen\/#primaryimage"},"image":{"@id":"https:\/\/marktxxl.de\/markt\/produkt\/fahrradanhaenger-kupplung-kupplung-befestigung-kompatibel-mit-rist-fahrradanhaengern-flach-und-winkelkupplungen-fuer-eine-vielzahl-von-fahrradtraeger-anhaengergroessen\/#primaryimage"},"thumbnailUrl":"https:\/\/m.media-amazon.com\/images\/I\/41x1rGdGtrL._SL500_.jpg","datePublished":"2024-06-28T11:08:22+00:00","description":"Markt-XXL Fahrradanh\u00e4nger Kupplung Kupplung Befestigung kompatibel mit Rist-Fahrradanh\u00e4ngern, Flach- und Winkelkupplungen f\u00fcr eine Vielzahl von Fahrradtr\u00e4ger, Anh\u00e4ngergr\u00f6\u00dfen","breadcrumb":{"@id":"https:\/\/marktxxl.de\/markt\/produkt\/fahrradanhaenger-kupplung-kupplung-befestigung-kompatibel-mit-rist-fahrradanhaengern-flach-und-winkelkupplungen-fuer-eine-vielzahl-von-fahrradtraeger-anhaengergroessen\/#breadcrumb"},"inLanguage":"de","potentialAction":[{"@type":"ReadAction","target":["https:\/\/marktxxl.de\/markt\/produkt\/fahrradanhaenger-kupplung-kupplung-befestigung-kompatibel-mit-rist-fahrradanhaengern-flach-und-winkelkupplungen-fuer-eine-vielzahl-von-fahrradtraeger-anhaengergroessen\/"]}]},{"@type":"ImageObject","inLanguage":"de","@id":"https:\/\/marktxxl.de\/markt\/produkt\/fahrradanhaenger-kupplung-kupplung-befestigung-kompatibel-mit-rist-fahrradanhaengern-flach-und-winkelkupplungen-fuer-eine-vielzahl-von-fahrradtraeger-anhaengergroessen\/#primaryimage","url":"https:\/\/m.media-amazon.com\/images\/I\/41x1rGdGtrL._SL500_.jpg","contentUrl":"https:\/\/m.media-amazon.com\/images\/I\/41x1rGdGtrL._SL500_.jpg","width":500,"height":500},{"@type":"BreadcrumbList","@id":"https:\/\/marktxxl.de\/markt\/produkt\/fahrradanhaenger-kupplung-kupplung-befestigung-kompatibel-mit-rist-fahrradanhaengern-flach-und-winkelkupplungen-fuer-eine-vielzahl-von-fahrradtraeger-anhaengergroessen\/#breadcrumb","itemListElement":[{"@type":"ListItem","position":1,"name":"Startseite","item":"https:\/\/marktxxl.de\/markt\/"},{"@type":"ListItem","position":2,"name":"Markt","item":"https:\/\/marktxxl.de\/markt\/"},{"@type":"ListItem","position":3,"name":"Fahrradanh\u00e4nger Kupplung Kupplung Befestigung kompatibel mit Rist-Fahrradanh\u00e4ngern, Flach- und Winkelkupplungen f\u00fcr eine Vielzahl von Fahrradtr\u00e4ger, Anh\u00e4ngergr\u00f6\u00dfen"}]},{"@type":"WebSite","@id":"https:\/\/marktxxl.de\/markt\/#website","url":"https:\/\/marktxxl.de\/markt\/","name":"Markt-XXL","description":"Ihr Markt Online","publisher":{"@id":"https:\/\/marktxxl.de\/markt\/#organization"},"potentialAction":[{"@type":"SearchAction","target":{"@type":"EntryPoint","urlTemplate":"https:\/\/marktxxl.de\/markt\/?s={search_term_string}"},"query-input":{"@type":"PropertyValueSpecification","valueRequired":true,"valueName":"search_term_string"}}],"inLanguage":"de"},{"@type":"Organization","@id":"https:\/\/marktxxl.de\/markt\/#organization","name":"Markt-XXL","url":"https:\/\/marktxxl.de\/markt\/","logo":{"@type":"ImageObject","inLanguage":"de","@id":"https:\/\/marktxxl.de\/markt\/#\/schema\/logo\/image\/","url":"https:\/\/marktxxl.de\/markt\/wp-content\/uploads\/sites\/3\/2020\/12\/logo.png","contentUrl":"https:\/\/marktxxl.de\/markt\/wp-content\/uploads\/sites\/3\/2020\/12\/logo.png","width":200,"height":70,"caption":"Markt-XXL"},"image":{"@id":"https:\/\/marktxxl.de\/markt\/#\/schema\/logo\/image\/"}}]}},"_links":{"self":[{"href":"https:\/\/marktxxl.de\/markt\/wp-json\/wp\/v2\/product\/212448","targetHints":{"allow":["GET"]}}],"collection":[{"href":"https:\/\/marktxxl.de\/markt\/wp-json\/wp\/v2\/product"}],"about":[{"href":"https:\/\/marktxxl.de\/markt\/wp-json\/wp\/v2\/types\/product"}],"replies":[{"embeddable":true,"href":"https:\/\/marktxxl.de\/markt\/wp-json\/wp\/v2\/comments?post=212448"}],"wp:featuredmedia":[{"embeddable":true,"href":"https:\/\/marktxxl.de\/markt\/wp-json\/wp\/v2\/media\/212449"}],"wp:attachment":[{"href":"https:\/\/marktxxl.de\/markt\/wp-json\/wp\/v2\/media?parent=212448"}],"wp:term":[{"taxonomy":"product_brand","embeddable":true,"href":"https:\/\/marktxxl.de\/markt\/wp-json\/wp\/v2\/product_brand?post=212448"},{"taxonomy":"product_cat","embeddable":true,"href":"https:\/\/marktxxl.de\/markt\/wp-json\/wp\/v2\/product_cat?post=212448"},{"taxonomy":"product_tag","embeddable":true,"href":"https:\/\/marktxxl.de\/markt\/wp-json\/wp\/v2\/product_tag?post=212448"}],"curies":[{"name":"wp","href":"https:\/\/api.w.org\/{rel}","templated":true}]}}