{"id":212434,"date":"2024-06-28T13:07:52","date_gmt":"2024-06-28T11:07:52","guid":{"rendered":"https:\/\/marktxxl.de\/markt\/produkt\/baby-kamera-halterung-fuer-eufy-security-spaceview-babyphone-spaceview-s-spaceview-pro-babyfon-baby-monitor-halter-flexibel-monitorhalter-fuer-kinderzimmer-babybett-umrandungen-720p\/"},"modified":"2024-06-28T13:07:52","modified_gmt":"2024-06-28T11:07:52","slug":"baby-kamera-halterung-fuer-eufy-security-spaceview-babyphone-spaceview-s-spaceview-pro-babyfon-baby-monitor-halter-flexibel-monitorhalter-fuer-kinderzimmer-babybett-umrandungen-720p","status":"publish","type":"product","link":"https:\/\/marktxxl.de\/markt\/produkt\/baby-kamera-halterung-fuer-eufy-security-spaceview-babyphone-spaceview-s-spaceview-pro-babyfon-baby-monitor-halter-flexibel-monitorhalter-fuer-kinderzimmer-babybett-umrandungen-720p\/","title":{"rendered":"Baby-Kamera Halterung f\u00fcr eufy Security SpaceView-Babyphone &#8211; \/ SpaceView S \/ SpaceView Pro Babyfon, Baby Monitor Halter, Flexibel Monitorhalter f\u00fcr Kinderzimmer Babybett Umrandungen, 720p"},"content":{"rendered":"<p>\u3010Babyphone Halterung Kompatibel mit Eufy Security Babyphones\u3011Kompatible Modelle sind &#8216;Eufy Security SpaceView \/ SpaceView S \/ SpaceView Pro&#8217; Babyphon. Nicht kompatibel mit &#8216;Eufy 720P Video-Babyphon&#8217;. Best\u00e4tigen Sie das sicherheitskamera Modell, bevor Sie eine Bestellung aufgeben.<br \/>\n\u3010Stabile und 360\u00b0 Flexiblen Halterungen\u3011Durch den Verstellbarer flexiblen Hals kann man die babykamera gut platzieren. Der flexible lange Arm ist in alle Richtungen beweglich. Es verrutscht nichts und die babymonitor bleibt da wo sie ist. Sie erhalten den besten Betrachtungswinkel<br \/>\n\u3010Kein Bohren erforderlich\u3011Diese Halterung f\u00fcr das eufy \u00fcberwachungskameras babycam ben\u00f6tigt keine zus\u00e4tzlichen Werkzeuge zur Installation. Sie k\u00f6nnen die Halterung einfach am Kinderbett befestigen und leicht entfernen.<br \/>\n\u3010Angenehme Ber\u00fchrung\u3011Die Halterung f\u00fcr das eufy-Babyfone verwendet hochwertiges Silikon und Metallmaterial und hat eine glatte Touch-Oberfl\u00e4che.<br \/>\n\u3010Tragbar\u3011Schnell montiert und auch wieder abgebaut um evtl. an einem anderen Ort zum Einsatz zu kommen.<br \/>\n<div class=\"main-cross-sell\" data-asin=\"B09BFS28GT\">\n\n\t<div class=\"WooZone-cross-sell-loader\">\n\t\t<div>\n\t\t\t<div id=\"floatingBarsG\">\n\t\t\t\t<div class=\"blockG\" id=\"rotateG_01\"><\/div>\n\t\t\t\t<div class=\"blockG\" id=\"rotateG_02\"><\/div>\n\t\t\t\t<div class=\"blockG\" id=\"rotateG_03\"><\/div>\n\t\t\t\t<div class=\"blockG\" id=\"rotateG_04\"><\/div>\n\t\t\t\t<div class=\"blockG\" id=\"rotateG_05\"><\/div>\n\t\t\t\t<div class=\"blockG\" id=\"rotateG_06\"><\/div>\n\t\t\t\t<div class=\"blockG\" id=\"rotateG_07\"><\/div>\n\t\t\t\t<div class=\"blockG\" id=\"rotateG_08\"><\/div>\n\t\t\t<\/div>\n\t\t\t<div class=\"WooZone-cross-sell-loader-text\"><\/div>\n\t\t<\/div>\n\t<\/div>\n\n\t\t\n<\/div>\n<div style=\"clear:both;\"><\/div><\/p>\n","protected":false},"excerpt":{"rendered":"<p>\u3010Babyphone Halterung Kompatibel mit Eufy Security Babyphones\u3011Kompatible Modelle sind &#8216;Eufy Security SpaceView \/ SpaceView S \/ SpaceView Pro&#8217; Babyphon. Nicht kompatibel mit &#8216;Eufy 720P Video-Babyphon&#8217;. Best\u00e4tigen Sie das sicherheitskamera Modell, bevor Sie eine Bestellung aufgeben.<br \/>\n\u3010Stabile und 360\u00b0 Flexiblen Halterungen\u3011Durch den Verstellbarer flexiblen Hals kann man die babykamera gut platzieren. Der flexible lange Arm ist in alle Richtungen beweglich. Es verrutscht nichts und die babymonitor bleibt da wo sie ist. Sie erhalten den besten Betrachtungswinkel<br \/>\n\u3010Kein Bohren erforderlich\u3011Diese Halterung f\u00fcr das eufy \u00fcberwachungskameras babycam ben\u00f6tigt keine zus\u00e4tzlichen Werkzeuge zur Installation. Sie k\u00f6nnen die Halterung einfach am Kinderbett befestigen und leicht entfernen.<\/p>\n","protected":false},"featured_media":212435,"comment_status":"open","ping_status":"closed","template":"","meta":[],"product_brand":[],"product_cat":[21,9378],"product_tag":[],"class_list":{"0":"post-212434","1":"product","2":"type-product","3":"status-publish","4":"has-post-thumbnail","6":"product_cat-baby","7":"product_cat-sicherheit-baby","8":"pa_binding-werkzeug","9":"pa_brand-skinghong","10":"pa_size-1-stueck-1er-pack","12":"first","13":"instock","14":"shipping-taxable","15":"purchasable","16":"product-type-simple","17":"customify-col","18":"product-has-gallery"},"yoast_head":"<!-- This site is optimized with the Yoast SEO plugin v27.4 - https:\/\/yoast.com\/product\/yoast-seo-wordpress\/ -->\n<title>Baby-Kamera Halterung f\u00fcr eufy Security SpaceView-Babyphone - \/ SpaceView S \/ SpaceView Pro Babyfon, Baby Monitor Halter, Flexibel Monitorhalter f\u00fcr Kinderzimmer Babybett Umrandungen, 720p - Markt-XXL<\/title>\n<meta name=\"description\" content=\"Markt-XXL Baby-Kamera Halterung f\u00fcr eufy Security SpaceView-Babyphone - \/ SpaceView S \/ SpaceView Pro Babyfon, Baby Monitor Halter, Flexibel Monitorhalter f\u00fcr Kinderzimmer Babybett Umrandungen, 720p\" \/>\n<meta name=\"robots\" content=\"index, follow, max-snippet:-1, max-image-preview:large, max-video-preview:-1\" \/>\n<link rel=\"canonical\" href=\"https:\/\/marktxxl.de\/markt\/produkt\/baby-kamera-halterung-fuer-eufy-security-spaceview-babyphone-spaceview-s-spaceview-pro-babyfon-baby-monitor-halter-flexibel-monitorhalter-fuer-kinderzimmer-babybett-umrandungen-720p\/\" \/>\n<meta property=\"og:locale\" content=\"de_DE\" \/>\n<meta property=\"og:type\" content=\"article\" \/>\n<meta property=\"og:title\" content=\"Baby-Kamera Halterung f\u00fcr eufy Security SpaceView-Babyphone - \/ SpaceView S \/ SpaceView Pro Babyfon, Baby Monitor Halter, Flexibel Monitorhalter f\u00fcr Kinderzimmer Babybett Umrandungen, 720p - Markt-XXL\" \/>\n<meta property=\"og:description\" content=\"Markt-XXL Baby-Kamera Halterung f\u00fcr eufy Security SpaceView-Babyphone - \/ SpaceView S \/ SpaceView Pro Babyfon, Baby Monitor Halter, Flexibel Monitorhalter f\u00fcr Kinderzimmer Babybett Umrandungen, 720p\" \/>\n<meta property=\"og:url\" content=\"https:\/\/marktxxl.de\/markt\/produkt\/baby-kamera-halterung-fuer-eufy-security-spaceview-babyphone-spaceview-s-spaceview-pro-babyfon-baby-monitor-halter-flexibel-monitorhalter-fuer-kinderzimmer-babybett-umrandungen-720p\/\" \/>\n<meta property=\"og:site_name\" content=\"Markt-XXL\" \/>\n<meta name=\"twitter:card\" content=\"summary_large_image\" \/>\n<meta name=\"twitter:label1\" content=\"Gesch\u00e4tzte Lesezeit\" \/>\n\t<meta name=\"twitter:data1\" content=\"1\u00a0Minute\" \/>\n<script type=\"application\/ld+json\" class=\"yoast-schema-graph\">{\"@context\":\"https:\\\/\\\/schema.org\",\"@graph\":[{\"@type\":\"WebPage\",\"@id\":\"https:\\\/\\\/marktxxl.de\\\/markt\\\/produkt\\\/baby-kamera-halterung-fuer-eufy-security-spaceview-babyphone-spaceview-s-spaceview-pro-babyfon-baby-monitor-halter-flexibel-monitorhalter-fuer-kinderzimmer-babybett-umrandungen-720p\\\/\",\"url\":\"https:\\\/\\\/marktxxl.de\\\/markt\\\/produkt\\\/baby-kamera-halterung-fuer-eufy-security-spaceview-babyphone-spaceview-s-spaceview-pro-babyfon-baby-monitor-halter-flexibel-monitorhalter-fuer-kinderzimmer-babybett-umrandungen-720p\\\/\",\"name\":\"Baby-Kamera Halterung f\u00fcr eufy Security SpaceView-Babyphone - \\\/ SpaceView S \\\/ SpaceView Pro Babyfon, Baby Monitor Halter, Flexibel Monitorhalter f\u00fcr Kinderzimmer Babybett Umrandungen, 720p - Markt-XXL\",\"isPartOf\":{\"@id\":\"https:\\\/\\\/marktxxl.de\\\/markt\\\/#website\"},\"primaryImageOfPage\":{\"@id\":\"https:\\\/\\\/marktxxl.de\\\/markt\\\/produkt\\\/baby-kamera-halterung-fuer-eufy-security-spaceview-babyphone-spaceview-s-spaceview-pro-babyfon-baby-monitor-halter-flexibel-monitorhalter-fuer-kinderzimmer-babybett-umrandungen-720p\\\/#primaryimage\"},\"image\":{\"@id\":\"https:\\\/\\\/marktxxl.de\\\/markt\\\/produkt\\\/baby-kamera-halterung-fuer-eufy-security-spaceview-babyphone-spaceview-s-spaceview-pro-babyfon-baby-monitor-halter-flexibel-monitorhalter-fuer-kinderzimmer-babybett-umrandungen-720p\\\/#primaryimage\"},\"thumbnailUrl\":\"https:\\\/\\\/m.media-amazon.com\\\/images\\\/I\\\/41PEoO4n2xS._SL500_.jpg\",\"datePublished\":\"2024-06-28T11:07:52+00:00\",\"description\":\"Markt-XXL Baby-Kamera Halterung f\u00fcr eufy Security SpaceView-Babyphone - \\\/ SpaceView S \\\/ SpaceView Pro Babyfon, Baby Monitor Halter, Flexibel Monitorhalter f\u00fcr Kinderzimmer Babybett Umrandungen, 720p\",\"breadcrumb\":{\"@id\":\"https:\\\/\\\/marktxxl.de\\\/markt\\\/produkt\\\/baby-kamera-halterung-fuer-eufy-security-spaceview-babyphone-spaceview-s-spaceview-pro-babyfon-baby-monitor-halter-flexibel-monitorhalter-fuer-kinderzimmer-babybett-umrandungen-720p\\\/#breadcrumb\"},\"inLanguage\":\"de\",\"potentialAction\":[{\"@type\":\"ReadAction\",\"target\":[\"https:\\\/\\\/marktxxl.de\\\/markt\\\/produkt\\\/baby-kamera-halterung-fuer-eufy-security-spaceview-babyphone-spaceview-s-spaceview-pro-babyfon-baby-monitor-halter-flexibel-monitorhalter-fuer-kinderzimmer-babybett-umrandungen-720p\\\/\"]}]},{\"@type\":\"ImageObject\",\"inLanguage\":\"de\",\"@id\":\"https:\\\/\\\/marktxxl.de\\\/markt\\\/produkt\\\/baby-kamera-halterung-fuer-eufy-security-spaceview-babyphone-spaceview-s-spaceview-pro-babyfon-baby-monitor-halter-flexibel-monitorhalter-fuer-kinderzimmer-babybett-umrandungen-720p\\\/#primaryimage\",\"url\":\"https:\\\/\\\/m.media-amazon.com\\\/images\\\/I\\\/41PEoO4n2xS._SL500_.jpg\",\"contentUrl\":\"https:\\\/\\\/m.media-amazon.com\\\/images\\\/I\\\/41PEoO4n2xS._SL500_.jpg\",\"width\":500,\"height\":500},{\"@type\":\"BreadcrumbList\",\"@id\":\"https:\\\/\\\/marktxxl.de\\\/markt\\\/produkt\\\/baby-kamera-halterung-fuer-eufy-security-spaceview-babyphone-spaceview-s-spaceview-pro-babyfon-baby-monitor-halter-flexibel-monitorhalter-fuer-kinderzimmer-babybett-umrandungen-720p\\\/#breadcrumb\",\"itemListElement\":[{\"@type\":\"ListItem\",\"position\":1,\"name\":\"Startseite\",\"item\":\"https:\\\/\\\/marktxxl.de\\\/markt\\\/\"},{\"@type\":\"ListItem\",\"position\":2,\"name\":\"Markt\",\"item\":\"https:\\\/\\\/marktxxl.de\\\/markt\\\/\"},{\"@type\":\"ListItem\",\"position\":3,\"name\":\"Baby-Kamera Halterung f\u00fcr eufy Security SpaceView-Babyphone &#8211; \\\/ SpaceView S \\\/ SpaceView Pro Babyfon, Baby Monitor Halter, Flexibel Monitorhalter f\u00fcr Kinderzimmer Babybett Umrandungen, 720p\"}]},{\"@type\":\"WebSite\",\"@id\":\"https:\\\/\\\/marktxxl.de\\\/markt\\\/#website\",\"url\":\"https:\\\/\\\/marktxxl.de\\\/markt\\\/\",\"name\":\"Markt-XXL\",\"description\":\"Ihr Markt Online\",\"publisher\":{\"@id\":\"https:\\\/\\\/marktxxl.de\\\/markt\\\/#organization\"},\"potentialAction\":[{\"@type\":\"SearchAction\",\"target\":{\"@type\":\"EntryPoint\",\"urlTemplate\":\"https:\\\/\\\/marktxxl.de\\\/markt\\\/?s={search_term_string}\"},\"query-input\":{\"@type\":\"PropertyValueSpecification\",\"valueRequired\":true,\"valueName\":\"search_term_string\"}}],\"inLanguage\":\"de\"},{\"@type\":\"Organization\",\"@id\":\"https:\\\/\\\/marktxxl.de\\\/markt\\\/#organization\",\"name\":\"Markt-XXL\",\"url\":\"https:\\\/\\\/marktxxl.de\\\/markt\\\/\",\"logo\":{\"@type\":\"ImageObject\",\"inLanguage\":\"de\",\"@id\":\"https:\\\/\\\/marktxxl.de\\\/markt\\\/#\\\/schema\\\/logo\\\/image\\\/\",\"url\":\"https:\\\/\\\/marktxxl.de\\\/markt\\\/wp-content\\\/uploads\\\/sites\\\/3\\\/2020\\\/12\\\/logo.png\",\"contentUrl\":\"https:\\\/\\\/marktxxl.de\\\/markt\\\/wp-content\\\/uploads\\\/sites\\\/3\\\/2020\\\/12\\\/logo.png\",\"width\":200,\"height\":70,\"caption\":\"Markt-XXL\"},\"image\":{\"@id\":\"https:\\\/\\\/marktxxl.de\\\/markt\\\/#\\\/schema\\\/logo\\\/image\\\/\"}}]}<\/script>\n<!-- \/ Yoast SEO plugin. -->","yoast_head_json":{"title":"Baby-Kamera Halterung f\u00fcr eufy Security SpaceView-Babyphone - \/ SpaceView S \/ SpaceView Pro Babyfon, Baby Monitor Halter, Flexibel Monitorhalter f\u00fcr Kinderzimmer Babybett Umrandungen, 720p - Markt-XXL","description":"Markt-XXL Baby-Kamera Halterung f\u00fcr eufy Security SpaceView-Babyphone - \/ SpaceView S \/ SpaceView Pro Babyfon, Baby Monitor Halter, Flexibel Monitorhalter f\u00fcr Kinderzimmer Babybett Umrandungen, 720p","robots":{"index":"index","follow":"follow","max-snippet":"max-snippet:-1","max-image-preview":"max-image-preview:large","max-video-preview":"max-video-preview:-1"},"canonical":"https:\/\/marktxxl.de\/markt\/produkt\/baby-kamera-halterung-fuer-eufy-security-spaceview-babyphone-spaceview-s-spaceview-pro-babyfon-baby-monitor-halter-flexibel-monitorhalter-fuer-kinderzimmer-babybett-umrandungen-720p\/","og_locale":"de_DE","og_type":"article","og_title":"Baby-Kamera Halterung f\u00fcr eufy Security SpaceView-Babyphone - \/ SpaceView S \/ SpaceView Pro Babyfon, Baby Monitor Halter, Flexibel Monitorhalter f\u00fcr Kinderzimmer Babybett Umrandungen, 720p - Markt-XXL","og_description":"Markt-XXL Baby-Kamera Halterung f\u00fcr eufy Security SpaceView-Babyphone - \/ SpaceView S \/ SpaceView Pro Babyfon, Baby Monitor Halter, Flexibel Monitorhalter f\u00fcr Kinderzimmer Babybett Umrandungen, 720p","og_url":"https:\/\/marktxxl.de\/markt\/produkt\/baby-kamera-halterung-fuer-eufy-security-spaceview-babyphone-spaceview-s-spaceview-pro-babyfon-baby-monitor-halter-flexibel-monitorhalter-fuer-kinderzimmer-babybett-umrandungen-720p\/","og_site_name":"Markt-XXL","twitter_card":"summary_large_image","twitter_misc":{"Gesch\u00e4tzte Lesezeit":"1\u00a0Minute"},"schema":{"@context":"https:\/\/schema.org","@graph":[{"@type":"WebPage","@id":"https:\/\/marktxxl.de\/markt\/produkt\/baby-kamera-halterung-fuer-eufy-security-spaceview-babyphone-spaceview-s-spaceview-pro-babyfon-baby-monitor-halter-flexibel-monitorhalter-fuer-kinderzimmer-babybett-umrandungen-720p\/","url":"https:\/\/marktxxl.de\/markt\/produkt\/baby-kamera-halterung-fuer-eufy-security-spaceview-babyphone-spaceview-s-spaceview-pro-babyfon-baby-monitor-halter-flexibel-monitorhalter-fuer-kinderzimmer-babybett-umrandungen-720p\/","name":"Baby-Kamera Halterung f\u00fcr eufy Security SpaceView-Babyphone - \/ SpaceView S \/ SpaceView Pro Babyfon, Baby Monitor Halter, Flexibel Monitorhalter f\u00fcr Kinderzimmer Babybett Umrandungen, 720p - Markt-XXL","isPartOf":{"@id":"https:\/\/marktxxl.de\/markt\/#website"},"primaryImageOfPage":{"@id":"https:\/\/marktxxl.de\/markt\/produkt\/baby-kamera-halterung-fuer-eufy-security-spaceview-babyphone-spaceview-s-spaceview-pro-babyfon-baby-monitor-halter-flexibel-monitorhalter-fuer-kinderzimmer-babybett-umrandungen-720p\/#primaryimage"},"image":{"@id":"https:\/\/marktxxl.de\/markt\/produkt\/baby-kamera-halterung-fuer-eufy-security-spaceview-babyphone-spaceview-s-spaceview-pro-babyfon-baby-monitor-halter-flexibel-monitorhalter-fuer-kinderzimmer-babybett-umrandungen-720p\/#primaryimage"},"thumbnailUrl":"https:\/\/m.media-amazon.com\/images\/I\/41PEoO4n2xS._SL500_.jpg","datePublished":"2024-06-28T11:07:52+00:00","description":"Markt-XXL Baby-Kamera Halterung f\u00fcr eufy Security SpaceView-Babyphone - \/ SpaceView S \/ SpaceView Pro Babyfon, Baby Monitor Halter, Flexibel Monitorhalter f\u00fcr Kinderzimmer Babybett Umrandungen, 720p","breadcrumb":{"@id":"https:\/\/marktxxl.de\/markt\/produkt\/baby-kamera-halterung-fuer-eufy-security-spaceview-babyphone-spaceview-s-spaceview-pro-babyfon-baby-monitor-halter-flexibel-monitorhalter-fuer-kinderzimmer-babybett-umrandungen-720p\/#breadcrumb"},"inLanguage":"de","potentialAction":[{"@type":"ReadAction","target":["https:\/\/marktxxl.de\/markt\/produkt\/baby-kamera-halterung-fuer-eufy-security-spaceview-babyphone-spaceview-s-spaceview-pro-babyfon-baby-monitor-halter-flexibel-monitorhalter-fuer-kinderzimmer-babybett-umrandungen-720p\/"]}]},{"@type":"ImageObject","inLanguage":"de","@id":"https:\/\/marktxxl.de\/markt\/produkt\/baby-kamera-halterung-fuer-eufy-security-spaceview-babyphone-spaceview-s-spaceview-pro-babyfon-baby-monitor-halter-flexibel-monitorhalter-fuer-kinderzimmer-babybett-umrandungen-720p\/#primaryimage","url":"https:\/\/m.media-amazon.com\/images\/I\/41PEoO4n2xS._SL500_.jpg","contentUrl":"https:\/\/m.media-amazon.com\/images\/I\/41PEoO4n2xS._SL500_.jpg","width":500,"height":500},{"@type":"BreadcrumbList","@id":"https:\/\/marktxxl.de\/markt\/produkt\/baby-kamera-halterung-fuer-eufy-security-spaceview-babyphone-spaceview-s-spaceview-pro-babyfon-baby-monitor-halter-flexibel-monitorhalter-fuer-kinderzimmer-babybett-umrandungen-720p\/#breadcrumb","itemListElement":[{"@type":"ListItem","position":1,"name":"Startseite","item":"https:\/\/marktxxl.de\/markt\/"},{"@type":"ListItem","position":2,"name":"Markt","item":"https:\/\/marktxxl.de\/markt\/"},{"@type":"ListItem","position":3,"name":"Baby-Kamera Halterung f\u00fcr eufy Security SpaceView-Babyphone &#8211; \/ SpaceView S \/ SpaceView Pro Babyfon, Baby Monitor Halter, Flexibel Monitorhalter f\u00fcr Kinderzimmer Babybett Umrandungen, 720p"}]},{"@type":"WebSite","@id":"https:\/\/marktxxl.de\/markt\/#website","url":"https:\/\/marktxxl.de\/markt\/","name":"Markt-XXL","description":"Ihr Markt Online","publisher":{"@id":"https:\/\/marktxxl.de\/markt\/#organization"},"potentialAction":[{"@type":"SearchAction","target":{"@type":"EntryPoint","urlTemplate":"https:\/\/marktxxl.de\/markt\/?s={search_term_string}"},"query-input":{"@type":"PropertyValueSpecification","valueRequired":true,"valueName":"search_term_string"}}],"inLanguage":"de"},{"@type":"Organization","@id":"https:\/\/marktxxl.de\/markt\/#organization","name":"Markt-XXL","url":"https:\/\/marktxxl.de\/markt\/","logo":{"@type":"ImageObject","inLanguage":"de","@id":"https:\/\/marktxxl.de\/markt\/#\/schema\/logo\/image\/","url":"https:\/\/marktxxl.de\/markt\/wp-content\/uploads\/sites\/3\/2020\/12\/logo.png","contentUrl":"https:\/\/marktxxl.de\/markt\/wp-content\/uploads\/sites\/3\/2020\/12\/logo.png","width":200,"height":70,"caption":"Markt-XXL"},"image":{"@id":"https:\/\/marktxxl.de\/markt\/#\/schema\/logo\/image\/"}}]}},"_links":{"self":[{"href":"https:\/\/marktxxl.de\/markt\/wp-json\/wp\/v2\/product\/212434","targetHints":{"allow":["GET"]}}],"collection":[{"href":"https:\/\/marktxxl.de\/markt\/wp-json\/wp\/v2\/product"}],"about":[{"href":"https:\/\/marktxxl.de\/markt\/wp-json\/wp\/v2\/types\/product"}],"replies":[{"embeddable":true,"href":"https:\/\/marktxxl.de\/markt\/wp-json\/wp\/v2\/comments?post=212434"}],"wp:featuredmedia":[{"embeddable":true,"href":"https:\/\/marktxxl.de\/markt\/wp-json\/wp\/v2\/media\/212435"}],"wp:attachment":[{"href":"https:\/\/marktxxl.de\/markt\/wp-json\/wp\/v2\/media?parent=212434"}],"wp:term":[{"taxonomy":"product_brand","embeddable":true,"href":"https:\/\/marktxxl.de\/markt\/wp-json\/wp\/v2\/product_brand?post=212434"},{"taxonomy":"product_cat","embeddable":true,"href":"https:\/\/marktxxl.de\/markt\/wp-json\/wp\/v2\/product_cat?post=212434"},{"taxonomy":"product_tag","embeddable":true,"href":"https:\/\/marktxxl.de\/markt\/wp-json\/wp\/v2\/product_tag?post=212434"}],"curies":[{"name":"wp","href":"https:\/\/api.w.org\/{rel}","templated":true}]}}