{"id":212269,"date":"2024-06-28T11:57:44","date_gmt":"2024-06-28T09:57:44","guid":{"rendered":"https:\/\/marktxxl.de\/markt\/produkt\/mam-2er-set-sauger-groesse-x-extra-schneller-fluss-fuer-die-pappe-aus-silikon-6-monate\/"},"modified":"2024-06-28T11:57:44","modified_gmt":"2024-06-28T09:57:44","slug":"mam-2er-set-sauger-groesse-x-extra-schneller-fluss-fuer-die-pappe-aus-silikon-6-monate","status":"publish","type":"product","link":"https:\/\/marktxxl.de\/markt\/produkt\/mam-2er-set-sauger-groesse-x-extra-schneller-fluss-fuer-die-pappe-aus-silikon-6-monate\/","title":{"rendered":"MAM 2er Set Sauger Gr\u00f6\u00dfe X (extra schneller Fluss), f\u00fcr die Pappe, aus Silikon, 6+ Monate"},"content":{"rendered":"<p>Praktischer Sauger \u2013 Dieser MAM Sauger wird im praktischen 2er-Set geliefert und ist perfekt f\u00fcr jede Flasche oder Mam-Flasche mit breitem Mundst\u00fcck und Mam-Trainer-Tasse<br \/>\nFamiliengef\u00fchl &#8211; Der spezielle MAM Skinsoft Silikon Sauger ist weich und weich und verleiht ein vertrautes Gef\u00fchl, \u00e4hnlich dem der Mutterbrust<br \/>\nNAT\u00dcRLICHE FORM &#8211; Durch die flache Form, die sich dem Mund des Babys anpasst, vereinfacht der MAM Sauger 2 Monate das Trinkverhalten und wird von Kindern sehr gut akzeptiert<br \/>\nBesonders geeignet f\u00fcr dichtere Fl\u00fcssigkeiten und Brei<br \/>\nVerpackung \u2013 mam Sauger Gr\u00f6\u00dfe: X (extra schneller Durchfluss), 2er-Set, 6+ Monate, Skinsoft-Silikon, f\u00fcr Mam-Glas oder Kunststoff (Weithalsausschnitt), Bedienungsanleitung auf Italienisch, Artikelnummer: 9001616341427<br \/>\n<div class=\"main-cross-sell\" data-asin=\"B0931KWDB3\">\n\n\t<div class=\"WooZone-cross-sell-loader\">\n\t\t<div>\n\t\t\t<div id=\"floatingBarsG\">\n\t\t\t\t<div class=\"blockG\" id=\"rotateG_01\"><\/div>\n\t\t\t\t<div class=\"blockG\" id=\"rotateG_02\"><\/div>\n\t\t\t\t<div class=\"blockG\" id=\"rotateG_03\"><\/div>\n\t\t\t\t<div class=\"blockG\" id=\"rotateG_04\"><\/div>\n\t\t\t\t<div class=\"blockG\" id=\"rotateG_05\"><\/div>\n\t\t\t\t<div class=\"blockG\" id=\"rotateG_06\"><\/div>\n\t\t\t\t<div class=\"blockG\" id=\"rotateG_07\"><\/div>\n\t\t\t\t<div class=\"blockG\" id=\"rotateG_08\"><\/div>\n\t\t\t<\/div>\n\t\t\t<div class=\"WooZone-cross-sell-loader-text\"><\/div>\n\t\t<\/div>\n\t<\/div>\n\n\t\t\n<\/div>\n<div style=\"clear:both;\"><\/div><\/p>\n","protected":false},"excerpt":{"rendered":"<p>Praktischer Sauger \u2013 Dieser MAM Sauger wird im praktischen 2er-Set geliefert und ist perfekt f\u00fcr jede Flasche oder Mam-Flasche mit breitem Mundst\u00fcck und Mam-Trainer-Tasse<br \/>\nFamiliengef\u00fchl &#8211; Der spezielle MAM Skinsoft Silikon Sauger ist weich und weich und verleiht ein vertrautes Gef\u00fchl, \u00e4hnlich dem der Mutterbrust<br \/>\nNAT\u00dcRLICHE FORM &#8211; Durch die flache Form, die sich dem Mund des Babys anpasst, vereinfacht der MAM Sauger 2 Monate das Trinkverhalten und wird von Kindern sehr gut akzeptiert<\/p>\n","protected":false},"featured_media":212270,"comment_status":"open","ping_status":"closed","template":"","meta":[],"product_brand":[],"product_cat":[21,9216],"product_tag":[],"class_list":{"0":"post-212269","1":"product","2":"type-product","3":"status-publish","4":"has-post-thumbnail","6":"product_cat-baby","7":"product_cat-ernaehrung-stillen-baby","8":"pa_binding-babyartikel","9":"pa_brand-mam","10":"pa_color-durchsichtig","11":"pa_height-2-2047244072-zoll","12":"pa_languages-originalsprache-italienisch","13":"pa_length-4-724409444-zoll","14":"pa_manufacturer-bamed-baby","15":"pa_model-zedmm265_1","16":"pa_size-2-stueck-1er-pack","17":"pa_width-3-7401574765-zoll","19":"first","20":"instock","21":"shipping-taxable","22":"purchasable","23":"product-type-simple","24":"customify-col","25":"product-has-gallery"},"yoast_head":"<!-- This site is optimized with the Yoast SEO plugin v27.3 - https:\/\/yoast.com\/product\/yoast-seo-wordpress\/ -->\n<title>MAM 2er Set Sauger Gr\u00f6\u00dfe X (extra schneller Fluss), f\u00fcr die Pappe, aus Silikon, 6+ Monate - Markt-XXL<\/title>\n<meta name=\"description\" content=\"Markt-XXL MAM 2er Set Sauger Gr\u00f6\u00dfe X (extra schneller Fluss), f\u00fcr die Pappe, aus Silikon, 6+ Monate\" \/>\n<meta name=\"robots\" content=\"index, follow, max-snippet:-1, max-image-preview:large, max-video-preview:-1\" \/>\n<link rel=\"canonical\" href=\"https:\/\/marktxxl.de\/markt\/produkt\/mam-2er-set-sauger-groesse-x-extra-schneller-fluss-fuer-die-pappe-aus-silikon-6-monate\/\" \/>\n<meta property=\"og:locale\" content=\"de_DE\" \/>\n<meta property=\"og:type\" content=\"article\" \/>\n<meta property=\"og:title\" content=\"MAM 2er Set Sauger Gr\u00f6\u00dfe X (extra schneller Fluss), f\u00fcr die Pappe, aus Silikon, 6+ Monate - Markt-XXL\" \/>\n<meta property=\"og:description\" content=\"Markt-XXL MAM 2er Set Sauger Gr\u00f6\u00dfe X (extra schneller Fluss), f\u00fcr die Pappe, aus Silikon, 6+ Monate\" \/>\n<meta property=\"og:url\" content=\"https:\/\/marktxxl.de\/markt\/produkt\/mam-2er-set-sauger-groesse-x-extra-schneller-fluss-fuer-die-pappe-aus-silikon-6-monate\/\" \/>\n<meta property=\"og:site_name\" content=\"Markt-XXL\" \/>\n<meta name=\"twitter:card\" content=\"summary_large_image\" \/>\n<meta name=\"twitter:label1\" content=\"Gesch\u00e4tzte Lesezeit\" \/>\n\t<meta name=\"twitter:data1\" content=\"1\u00a0Minute\" \/>\n<script type=\"application\/ld+json\" class=\"yoast-schema-graph\">{\"@context\":\"https:\\\/\\\/schema.org\",\"@graph\":[{\"@type\":\"WebPage\",\"@id\":\"https:\\\/\\\/marktxxl.de\\\/markt\\\/produkt\\\/mam-2er-set-sauger-groesse-x-extra-schneller-fluss-fuer-die-pappe-aus-silikon-6-monate\\\/\",\"url\":\"https:\\\/\\\/marktxxl.de\\\/markt\\\/produkt\\\/mam-2er-set-sauger-groesse-x-extra-schneller-fluss-fuer-die-pappe-aus-silikon-6-monate\\\/\",\"name\":\"MAM 2er Set Sauger Gr\u00f6\u00dfe X (extra schneller Fluss), f\u00fcr die Pappe, aus Silikon, 6+ Monate - Markt-XXL\",\"isPartOf\":{\"@id\":\"https:\\\/\\\/marktxxl.de\\\/markt\\\/#website\"},\"primaryImageOfPage\":{\"@id\":\"https:\\\/\\\/marktxxl.de\\\/markt\\\/produkt\\\/mam-2er-set-sauger-groesse-x-extra-schneller-fluss-fuer-die-pappe-aus-silikon-6-monate\\\/#primaryimage\"},\"image\":{\"@id\":\"https:\\\/\\\/marktxxl.de\\\/markt\\\/produkt\\\/mam-2er-set-sauger-groesse-x-extra-schneller-fluss-fuer-die-pappe-aus-silikon-6-monate\\\/#primaryimage\"},\"thumbnailUrl\":\"https:\\\/\\\/m.media-amazon.com\\\/images\\\/I\\\/3139AIFLtbL._SL500_.jpg\",\"datePublished\":\"2024-06-28T09:57:44+00:00\",\"description\":\"Markt-XXL MAM 2er Set Sauger Gr\u00f6\u00dfe X (extra schneller Fluss), f\u00fcr die Pappe, aus Silikon, 6+ Monate\",\"breadcrumb\":{\"@id\":\"https:\\\/\\\/marktxxl.de\\\/markt\\\/produkt\\\/mam-2er-set-sauger-groesse-x-extra-schneller-fluss-fuer-die-pappe-aus-silikon-6-monate\\\/#breadcrumb\"},\"inLanguage\":\"de\",\"potentialAction\":[{\"@type\":\"ReadAction\",\"target\":[\"https:\\\/\\\/marktxxl.de\\\/markt\\\/produkt\\\/mam-2er-set-sauger-groesse-x-extra-schneller-fluss-fuer-die-pappe-aus-silikon-6-monate\\\/\"]}]},{\"@type\":\"ImageObject\",\"inLanguage\":\"de\",\"@id\":\"https:\\\/\\\/marktxxl.de\\\/markt\\\/produkt\\\/mam-2er-set-sauger-groesse-x-extra-schneller-fluss-fuer-die-pappe-aus-silikon-6-monate\\\/#primaryimage\",\"url\":\"https:\\\/\\\/m.media-amazon.com\\\/images\\\/I\\\/3139AIFLtbL._SL500_.jpg\",\"contentUrl\":\"https:\\\/\\\/m.media-amazon.com\\\/images\\\/I\\\/3139AIFLtbL._SL500_.jpg\",\"width\":500,\"height\":500},{\"@type\":\"BreadcrumbList\",\"@id\":\"https:\\\/\\\/marktxxl.de\\\/markt\\\/produkt\\\/mam-2er-set-sauger-groesse-x-extra-schneller-fluss-fuer-die-pappe-aus-silikon-6-monate\\\/#breadcrumb\",\"itemListElement\":[{\"@type\":\"ListItem\",\"position\":1,\"name\":\"Startseite\",\"item\":\"https:\\\/\\\/marktxxl.de\\\/markt\\\/\"},{\"@type\":\"ListItem\",\"position\":2,\"name\":\"Markt\",\"item\":\"https:\\\/\\\/marktxxl.de\\\/markt\\\/\"},{\"@type\":\"ListItem\",\"position\":3,\"name\":\"MAM 2er Set Sauger Gr\u00f6\u00dfe X (extra schneller Fluss), f\u00fcr die Pappe, aus Silikon, 6+ Monate\"}]},{\"@type\":\"WebSite\",\"@id\":\"https:\\\/\\\/marktxxl.de\\\/markt\\\/#website\",\"url\":\"https:\\\/\\\/marktxxl.de\\\/markt\\\/\",\"name\":\"Markt-XXL\",\"description\":\"Ihr Markt Online\",\"publisher\":{\"@id\":\"https:\\\/\\\/marktxxl.de\\\/markt\\\/#organization\"},\"potentialAction\":[{\"@type\":\"SearchAction\",\"target\":{\"@type\":\"EntryPoint\",\"urlTemplate\":\"https:\\\/\\\/marktxxl.de\\\/markt\\\/?s={search_term_string}\"},\"query-input\":{\"@type\":\"PropertyValueSpecification\",\"valueRequired\":true,\"valueName\":\"search_term_string\"}}],\"inLanguage\":\"de\"},{\"@type\":\"Organization\",\"@id\":\"https:\\\/\\\/marktxxl.de\\\/markt\\\/#organization\",\"name\":\"Markt-XXL\",\"url\":\"https:\\\/\\\/marktxxl.de\\\/markt\\\/\",\"logo\":{\"@type\":\"ImageObject\",\"inLanguage\":\"de\",\"@id\":\"https:\\\/\\\/marktxxl.de\\\/markt\\\/#\\\/schema\\\/logo\\\/image\\\/\",\"url\":\"https:\\\/\\\/marktxxl.de\\\/markt\\\/wp-content\\\/uploads\\\/sites\\\/3\\\/2020\\\/12\\\/logo.png\",\"contentUrl\":\"https:\\\/\\\/marktxxl.de\\\/markt\\\/wp-content\\\/uploads\\\/sites\\\/3\\\/2020\\\/12\\\/logo.png\",\"width\":200,\"height\":70,\"caption\":\"Markt-XXL\"},\"image\":{\"@id\":\"https:\\\/\\\/marktxxl.de\\\/markt\\\/#\\\/schema\\\/logo\\\/image\\\/\"}}]}<\/script>\n<!-- \/ Yoast SEO plugin. -->","yoast_head_json":{"title":"MAM 2er Set Sauger Gr\u00f6\u00dfe X (extra schneller Fluss), f\u00fcr die Pappe, aus Silikon, 6+ Monate - Markt-XXL","description":"Markt-XXL MAM 2er Set Sauger Gr\u00f6\u00dfe X (extra schneller Fluss), f\u00fcr die Pappe, aus Silikon, 6+ Monate","robots":{"index":"index","follow":"follow","max-snippet":"max-snippet:-1","max-image-preview":"max-image-preview:large","max-video-preview":"max-video-preview:-1"},"canonical":"https:\/\/marktxxl.de\/markt\/produkt\/mam-2er-set-sauger-groesse-x-extra-schneller-fluss-fuer-die-pappe-aus-silikon-6-monate\/","og_locale":"de_DE","og_type":"article","og_title":"MAM 2er Set Sauger Gr\u00f6\u00dfe X (extra schneller Fluss), f\u00fcr die Pappe, aus Silikon, 6+ Monate - Markt-XXL","og_description":"Markt-XXL MAM 2er Set Sauger Gr\u00f6\u00dfe X (extra schneller Fluss), f\u00fcr die Pappe, aus Silikon, 6+ Monate","og_url":"https:\/\/marktxxl.de\/markt\/produkt\/mam-2er-set-sauger-groesse-x-extra-schneller-fluss-fuer-die-pappe-aus-silikon-6-monate\/","og_site_name":"Markt-XXL","twitter_card":"summary_large_image","twitter_misc":{"Gesch\u00e4tzte Lesezeit":"1\u00a0Minute"},"schema":{"@context":"https:\/\/schema.org","@graph":[{"@type":"WebPage","@id":"https:\/\/marktxxl.de\/markt\/produkt\/mam-2er-set-sauger-groesse-x-extra-schneller-fluss-fuer-die-pappe-aus-silikon-6-monate\/","url":"https:\/\/marktxxl.de\/markt\/produkt\/mam-2er-set-sauger-groesse-x-extra-schneller-fluss-fuer-die-pappe-aus-silikon-6-monate\/","name":"MAM 2er Set Sauger Gr\u00f6\u00dfe X (extra schneller Fluss), f\u00fcr die Pappe, aus Silikon, 6+ Monate - Markt-XXL","isPartOf":{"@id":"https:\/\/marktxxl.de\/markt\/#website"},"primaryImageOfPage":{"@id":"https:\/\/marktxxl.de\/markt\/produkt\/mam-2er-set-sauger-groesse-x-extra-schneller-fluss-fuer-die-pappe-aus-silikon-6-monate\/#primaryimage"},"image":{"@id":"https:\/\/marktxxl.de\/markt\/produkt\/mam-2er-set-sauger-groesse-x-extra-schneller-fluss-fuer-die-pappe-aus-silikon-6-monate\/#primaryimage"},"thumbnailUrl":"https:\/\/m.media-amazon.com\/images\/I\/3139AIFLtbL._SL500_.jpg","datePublished":"2024-06-28T09:57:44+00:00","description":"Markt-XXL MAM 2er Set Sauger Gr\u00f6\u00dfe X (extra schneller Fluss), f\u00fcr die Pappe, aus Silikon, 6+ Monate","breadcrumb":{"@id":"https:\/\/marktxxl.de\/markt\/produkt\/mam-2er-set-sauger-groesse-x-extra-schneller-fluss-fuer-die-pappe-aus-silikon-6-monate\/#breadcrumb"},"inLanguage":"de","potentialAction":[{"@type":"ReadAction","target":["https:\/\/marktxxl.de\/markt\/produkt\/mam-2er-set-sauger-groesse-x-extra-schneller-fluss-fuer-die-pappe-aus-silikon-6-monate\/"]}]},{"@type":"ImageObject","inLanguage":"de","@id":"https:\/\/marktxxl.de\/markt\/produkt\/mam-2er-set-sauger-groesse-x-extra-schneller-fluss-fuer-die-pappe-aus-silikon-6-monate\/#primaryimage","url":"https:\/\/m.media-amazon.com\/images\/I\/3139AIFLtbL._SL500_.jpg","contentUrl":"https:\/\/m.media-amazon.com\/images\/I\/3139AIFLtbL._SL500_.jpg","width":500,"height":500},{"@type":"BreadcrumbList","@id":"https:\/\/marktxxl.de\/markt\/produkt\/mam-2er-set-sauger-groesse-x-extra-schneller-fluss-fuer-die-pappe-aus-silikon-6-monate\/#breadcrumb","itemListElement":[{"@type":"ListItem","position":1,"name":"Startseite","item":"https:\/\/marktxxl.de\/markt\/"},{"@type":"ListItem","position":2,"name":"Markt","item":"https:\/\/marktxxl.de\/markt\/"},{"@type":"ListItem","position":3,"name":"MAM 2er Set Sauger Gr\u00f6\u00dfe X (extra schneller Fluss), f\u00fcr die Pappe, aus Silikon, 6+ Monate"}]},{"@type":"WebSite","@id":"https:\/\/marktxxl.de\/markt\/#website","url":"https:\/\/marktxxl.de\/markt\/","name":"Markt-XXL","description":"Ihr Markt Online","publisher":{"@id":"https:\/\/marktxxl.de\/markt\/#organization"},"potentialAction":[{"@type":"SearchAction","target":{"@type":"EntryPoint","urlTemplate":"https:\/\/marktxxl.de\/markt\/?s={search_term_string}"},"query-input":{"@type":"PropertyValueSpecification","valueRequired":true,"valueName":"search_term_string"}}],"inLanguage":"de"},{"@type":"Organization","@id":"https:\/\/marktxxl.de\/markt\/#organization","name":"Markt-XXL","url":"https:\/\/marktxxl.de\/markt\/","logo":{"@type":"ImageObject","inLanguage":"de","@id":"https:\/\/marktxxl.de\/markt\/#\/schema\/logo\/image\/","url":"https:\/\/marktxxl.de\/markt\/wp-content\/uploads\/sites\/3\/2020\/12\/logo.png","contentUrl":"https:\/\/marktxxl.de\/markt\/wp-content\/uploads\/sites\/3\/2020\/12\/logo.png","width":200,"height":70,"caption":"Markt-XXL"},"image":{"@id":"https:\/\/marktxxl.de\/markt\/#\/schema\/logo\/image\/"}}]}},"_links":{"self":[{"href":"https:\/\/marktxxl.de\/markt\/wp-json\/wp\/v2\/product\/212269","targetHints":{"allow":["GET"]}}],"collection":[{"href":"https:\/\/marktxxl.de\/markt\/wp-json\/wp\/v2\/product"}],"about":[{"href":"https:\/\/marktxxl.de\/markt\/wp-json\/wp\/v2\/types\/product"}],"replies":[{"embeddable":true,"href":"https:\/\/marktxxl.de\/markt\/wp-json\/wp\/v2\/comments?post=212269"}],"wp:featuredmedia":[{"embeddable":true,"href":"https:\/\/marktxxl.de\/markt\/wp-json\/wp\/v2\/media\/212270"}],"wp:attachment":[{"href":"https:\/\/marktxxl.de\/markt\/wp-json\/wp\/v2\/media?parent=212269"}],"wp:term":[{"taxonomy":"product_brand","embeddable":true,"href":"https:\/\/marktxxl.de\/markt\/wp-json\/wp\/v2\/product_brand?post=212269"},{"taxonomy":"product_cat","embeddable":true,"href":"https:\/\/marktxxl.de\/markt\/wp-json\/wp\/v2\/product_cat?post=212269"},{"taxonomy":"product_tag","embeddable":true,"href":"https:\/\/marktxxl.de\/markt\/wp-json\/wp\/v2\/product_tag?post=212269"}],"curies":[{"name":"wp","href":"https:\/\/api.w.org\/{rel}","templated":true}]}}