{"id":212115,"date":"2024-06-28T11:17:18","date_gmt":"2024-06-28T09:17:18","guid":{"rendered":"https:\/\/marktxxl.de\/markt\/produkt\/trulybaby-erinnerungsbuch-fuer-baby-junge-oder-maedchen-zeitloses-babybuch-fuer-die-ersten-5-jahre-jedes-ereignis-von-der-geburt-bis-zum-5-lebensjahr-festhalten-geschlec\/"},"modified":"2024-06-28T11:17:18","modified_gmt":"2024-06-28T09:17:18","slug":"trulybaby-erinnerungsbuch-fuer-baby-junge-oder-maedchen-zeitloses-babybuch-fuer-die-ersten-5-jahre-jedes-ereignis-von-der-geburt-bis-zum-5-lebensjahr-festhalten-geschlec","status":"publish","type":"product","link":"https:\/\/marktxxl.de\/markt\/produkt\/trulybaby-erinnerungsbuch-fuer-baby-junge-oder-maedchen-zeitloses-babybuch-fuer-die-ersten-5-jahre-jedes-ereignis-von-der-geburt-bis-zum-5-lebensjahr-festhalten-geschlec\/","title":{"rendered":"TrulyBaby Erinnerungsbuch f\u00fcr Baby Junge oder M\u00e4dchen \u2013 Zeitloses Babybuch f\u00fcr die ersten 5 Jahre \u2013 jedes Ereignis von der Geburt bis zum 5. Lebensjahr festhalten \u2013 geschlechtsneutrales Baby-Scrapbook"},"content":{"rendered":"<p>Halten Sie das gesamte Abenteuer Ihres Babys beim Aufwachsen mit unserem 110-seitigen Baby-Erinnerungsbuch f\u00fcr Jungen und M\u00e4dchen fest und halten Sie jede wertvolle Erinnerung, Meilenstein und Ereignis von der Schwangerschaft und Geburt bis zum 5. Lebensjahr fest. Erz\u00e4hlen Sie die komplette Geschichte Ihres Kindes von Babyhood, Toddlerhood und dar\u00fcber hinaus in 6 umfassenden Kapiteln, die jeder Phase der sch\u00f6nen Reise gewidmet sind.<br \/>\nEinfach, niedlich und funktional: Egal, ob Sie viel Zeit oder einen engen Tagesplan haben, nur ein paar Minuten pro Woche reichen aus, um dieses einfach auszuf\u00fcllende Baby-Tagebuch-Fotoalbum mit eleganten Anweisungen zu vervollst\u00e4ndigen, die Sie an die Dinge erinnern, die Sie vielleicht dokumentieren m\u00f6chten, w\u00e4hrend Sie genug Platz haben, um die Seiten entsprechend der einzigartigen Geschichte Ihres Babys anzupassen. Mit Platz f\u00fcr \u00fcber 56 Fotos.<br \/>\nBei TrulyBaby ist es unsere Mission, Baby-Andenken von h\u00f6chster Qualit\u00e4t zu bieten, die es wert sind, die wertvollen Erinnerungen an das sch\u00f6ne Abenteuer Ihres Babys zu speichern, das Erwachsenwerden ist. Aus diesem Grund haben wir dieses Babybuch aus den besten Materialien kreiert, mit einem stabilen Einband mit Goldfolie, dickem 160 g\/m\u00b2-Papier und einer festen goldenen Doppelspiralbindung. Enth\u00e4lt auch einen Erinnerungsumschlag und eine stabile Schutzh\u00fclle, um Ihre wertvollen Erinnerungen f\u00fcr Jahrzehnte sicher aufzubewahren.<br \/>\nSch\u00f6n, elegant und herzlich: Wir haben einen au\u00dfergew\u00f6hnlichen Fokus darauf gelegt, zeitloses, ber\u00fchrendes und geschlechtsneutrales Design vom Cover bis zur letzten Seite zu schaffen, passend f\u00fcr jede Art von Familie und einzigartige Geschichte. Das TrulyBaby Baby-Erinnerungsbuch ist ein au\u00dfergew\u00f6hnliches Geschenk f\u00fcr Babypartys, Neugeborene oder frischgebackene Eltern, passend zu jedem besonderen Anlass.<br \/>\nHalten Sie jeden unvergesslichen Moment in 6 Kapiteln auf: 1. Vor der Geburt (Eltern, Stammbaum, Schwangerschaft, 1. Ultraschall, Babyparty); 2. First Weeks (Birth, Hand\/Footprints, Going Home, Nursery, First Bath &amp; other 1st Adventures); 3. Erstes Jahr (Wachstumsdiagramm, Monate 1-12, 1. Geburtstag, erste Jahreszeiten und Feiertage); 4. Firsts &amp; Meilensteine (Meilensteine der Bewegung, 1. W\u00f6rter &amp; Interaktionen &amp; viele andere denkw\u00fcrdige Erste); 5. Jahre 2-5 (Wachstumsdiagramm, j\u00e4hrliche Updates; Zusammenfassungen und Reflexionen) 6.Letters to you<br \/>\n<div class=\"main-cross-sell\" data-asin=\"B0BLZHRNMV\">\n\n\t<div class=\"WooZone-cross-sell-loader\">\n\t\t<div>\n\t\t\t<div id=\"floatingBarsG\">\n\t\t\t\t<div class=\"blockG\" id=\"rotateG_01\"><\/div>\n\t\t\t\t<div class=\"blockG\" id=\"rotateG_02\"><\/div>\n\t\t\t\t<div class=\"blockG\" id=\"rotateG_03\"><\/div>\n\t\t\t\t<div class=\"blockG\" id=\"rotateG_04\"><\/div>\n\t\t\t\t<div class=\"blockG\" id=\"rotateG_05\"><\/div>\n\t\t\t\t<div class=\"blockG\" id=\"rotateG_06\"><\/div>\n\t\t\t\t<div class=\"blockG\" id=\"rotateG_07\"><\/div>\n\t\t\t\t<div class=\"blockG\" id=\"rotateG_08\"><\/div>\n\t\t\t<\/div>\n\t\t\t<div class=\"WooZone-cross-sell-loader-text\"><\/div>\n\t\t<\/div>\n\t<\/div>\n\n\t\t\n<\/div>\n<div style=\"clear:both;\"><\/div><\/p>\n","protected":false},"excerpt":{"rendered":"<p>Halten Sie das gesamte Abenteuer Ihres Babys beim Aufwachsen mit unserem 110-seitigen Baby-Erinnerungsbuch f\u00fcr Jungen und M\u00e4dchen fest und halten Sie jede wertvolle Erinnerung, Meilenstein und Ereignis von der Schwangerschaft und Geburt bis zum 5. Lebensjahr fest. Erz\u00e4hlen Sie die komplette Geschichte Ihres Kindes von Babyhood, Toddlerhood und dar\u00fcber hinaus in 6 umfassenden Kapiteln, die jeder Phase der sch\u00f6nen Reise gewidmet sind.<br \/>\nEinfach, niedlich und funktional: Egal, ob Sie viel Zeit oder einen engen Tagesplan haben, nur ein paar Minuten pro Woche reichen aus, um dieses einfach auszuf\u00fcllende Baby-Tagebuch-Fotoalbum mit eleganten Anweisungen zu vervollst\u00e4ndigen, die Sie an die Dinge erinnern, die Sie vielleicht dokumentieren m\u00f6chten, w\u00e4hrend Sie genug Platz haben, um die Seiten entsprechend der einzigartigen Geschichte Ihres Babys anzupassen. Mit Platz f\u00fcr \u00fcber 56 Fotos.<br \/>\nBei TrulyBaby ist es unsere Mission, Baby-Andenken von h\u00f6chster Qualit\u00e4t zu bieten, die es wert sind, die wertvollen Erinnerungen an das sch\u00f6ne Abenteuer Ihres Babys zu speichern, das Erwachsenwerden ist. Aus diesem Grund haben wir dieses Babybuch aus den besten Materialien kreiert, mit einem stabilen Einband mit Goldfolie, dickem 160 g\/m\u00b2-Papier und einer festen goldenen Doppelspiralbindung. Enth\u00e4lt auch einen Erinnerungsumschlag und eine stabile Schutzh\u00fclle, um Ihre wertvollen Erinnerungen f\u00fcr Jahrzehnte sicher aufzubewahren.<\/p>\n","protected":false},"featured_media":212116,"comment_status":"open","ping_status":"closed","template":"","meta":[],"product_brand":[],"product_cat":[21,8929],"product_tag":[],"class_list":{"0":"post-212115","1":"product","2":"type-product","3":"status-publish","4":"has-post-thumbnail","6":"product_cat-baby","7":"product_cat-babygeschenke-baby","8":"pa_binding-werkzeug","9":"pa_brand-trulybaby","10":"pa_color-gold","11":"pa_height-1-2-zoll","12":"pa_length-9-8-zoll","13":"pa_manufacturer-trulybaby","14":"pa_model-trlybby0016","15":"pa_width-9-5-zoll","17":"first","18":"instock","19":"shipping-taxable","20":"purchasable","21":"product-type-simple","22":"customify-col","23":"product-has-gallery"},"yoast_head":"<!-- This site is optimized with the Yoast SEO plugin v27.4 - https:\/\/yoast.com\/product\/yoast-seo-wordpress\/ -->\n<title>TrulyBaby Erinnerungsbuch f\u00fcr Baby Junge oder M\u00e4dchen \u2013 Zeitloses Babybuch f\u00fcr die ersten 5 Jahre \u2013 jedes Ereignis von der Geburt bis zum 5. Lebensjahr festhalten \u2013 geschlechtsneutrales Baby-Scrapbook - Markt-XXL<\/title>\n<meta name=\"description\" content=\"Markt-XXL TrulyBaby Erinnerungsbuch f\u00fcr Baby Junge oder M\u00e4dchen \u2013 Zeitloses Babybuch f\u00fcr die ersten 5 Jahre \u2013 jedes Ereignis von der Geburt bis zum 5. Lebensjahr festhalten \u2013 geschlechtsneutrales Baby-Scrapbook\" \/>\n<meta name=\"robots\" content=\"index, follow, max-snippet:-1, max-image-preview:large, max-video-preview:-1\" \/>\n<link rel=\"canonical\" href=\"https:\/\/marktxxl.de\/markt\/produkt\/trulybaby-erinnerungsbuch-fuer-baby-junge-oder-maedchen-zeitloses-babybuch-fuer-die-ersten-5-jahre-jedes-ereignis-von-der-geburt-bis-zum-5-lebensjahr-festhalten-geschlec\/\" \/>\n<meta property=\"og:locale\" content=\"de_DE\" \/>\n<meta property=\"og:type\" content=\"article\" \/>\n<meta property=\"og:title\" content=\"TrulyBaby Erinnerungsbuch f\u00fcr Baby Junge oder M\u00e4dchen \u2013 Zeitloses Babybuch f\u00fcr die ersten 5 Jahre \u2013 jedes Ereignis von der Geburt bis zum 5. Lebensjahr festhalten \u2013 geschlechtsneutrales Baby-Scrapbook - Markt-XXL\" \/>\n<meta property=\"og:description\" content=\"Markt-XXL TrulyBaby Erinnerungsbuch f\u00fcr Baby Junge oder M\u00e4dchen \u2013 Zeitloses Babybuch f\u00fcr die ersten 5 Jahre \u2013 jedes Ereignis von der Geburt bis zum 5. Lebensjahr festhalten \u2013 geschlechtsneutrales Baby-Scrapbook\" \/>\n<meta property=\"og:url\" content=\"https:\/\/marktxxl.de\/markt\/produkt\/trulybaby-erinnerungsbuch-fuer-baby-junge-oder-maedchen-zeitloses-babybuch-fuer-die-ersten-5-jahre-jedes-ereignis-von-der-geburt-bis-zum-5-lebensjahr-festhalten-geschlec\/\" \/>\n<meta property=\"og:site_name\" content=\"Markt-XXL\" \/>\n<meta name=\"twitter:card\" content=\"summary_large_image\" \/>\n<meta name=\"twitter:label1\" content=\"Gesch\u00e4tzte Lesezeit\" \/>\n\t<meta name=\"twitter:data1\" content=\"2\u00a0Minuten\" \/>\n<script type=\"application\/ld+json\" class=\"yoast-schema-graph\">{\"@context\":\"https:\\\/\\\/schema.org\",\"@graph\":[{\"@type\":\"WebPage\",\"@id\":\"https:\\\/\\\/marktxxl.de\\\/markt\\\/produkt\\\/trulybaby-erinnerungsbuch-fuer-baby-junge-oder-maedchen-zeitloses-babybuch-fuer-die-ersten-5-jahre-jedes-ereignis-von-der-geburt-bis-zum-5-lebensjahr-festhalten-geschlec\\\/\",\"url\":\"https:\\\/\\\/marktxxl.de\\\/markt\\\/produkt\\\/trulybaby-erinnerungsbuch-fuer-baby-junge-oder-maedchen-zeitloses-babybuch-fuer-die-ersten-5-jahre-jedes-ereignis-von-der-geburt-bis-zum-5-lebensjahr-festhalten-geschlec\\\/\",\"name\":\"TrulyBaby Erinnerungsbuch f\u00fcr Baby Junge oder M\u00e4dchen \u2013 Zeitloses Babybuch f\u00fcr die ersten 5 Jahre \u2013 jedes Ereignis von der Geburt bis zum 5. Lebensjahr festhalten \u2013 geschlechtsneutrales Baby-Scrapbook - Markt-XXL\",\"isPartOf\":{\"@id\":\"https:\\\/\\\/marktxxl.de\\\/markt\\\/#website\"},\"primaryImageOfPage\":{\"@id\":\"https:\\\/\\\/marktxxl.de\\\/markt\\\/produkt\\\/trulybaby-erinnerungsbuch-fuer-baby-junge-oder-maedchen-zeitloses-babybuch-fuer-die-ersten-5-jahre-jedes-ereignis-von-der-geburt-bis-zum-5-lebensjahr-festhalten-geschlec\\\/#primaryimage\"},\"image\":{\"@id\":\"https:\\\/\\\/marktxxl.de\\\/markt\\\/produkt\\\/trulybaby-erinnerungsbuch-fuer-baby-junge-oder-maedchen-zeitloses-babybuch-fuer-die-ersten-5-jahre-jedes-ereignis-von-der-geburt-bis-zum-5-lebensjahr-festhalten-geschlec\\\/#primaryimage\"},\"thumbnailUrl\":\"https:\\\/\\\/m.media-amazon.com\\\/images\\\/I\\\/51ZEIvEnHcL._SL500_.jpg\",\"datePublished\":\"2024-06-28T09:17:18+00:00\",\"description\":\"Markt-XXL TrulyBaby Erinnerungsbuch f\u00fcr Baby Junge oder M\u00e4dchen \u2013 Zeitloses Babybuch f\u00fcr die ersten 5 Jahre \u2013 jedes Ereignis von der Geburt bis zum 5. Lebensjahr festhalten \u2013 geschlechtsneutrales Baby-Scrapbook\",\"breadcrumb\":{\"@id\":\"https:\\\/\\\/marktxxl.de\\\/markt\\\/produkt\\\/trulybaby-erinnerungsbuch-fuer-baby-junge-oder-maedchen-zeitloses-babybuch-fuer-die-ersten-5-jahre-jedes-ereignis-von-der-geburt-bis-zum-5-lebensjahr-festhalten-geschlec\\\/#breadcrumb\"},\"inLanguage\":\"de\",\"potentialAction\":[{\"@type\":\"ReadAction\",\"target\":[\"https:\\\/\\\/marktxxl.de\\\/markt\\\/produkt\\\/trulybaby-erinnerungsbuch-fuer-baby-junge-oder-maedchen-zeitloses-babybuch-fuer-die-ersten-5-jahre-jedes-ereignis-von-der-geburt-bis-zum-5-lebensjahr-festhalten-geschlec\\\/\"]}]},{\"@type\":\"ImageObject\",\"inLanguage\":\"de\",\"@id\":\"https:\\\/\\\/marktxxl.de\\\/markt\\\/produkt\\\/trulybaby-erinnerungsbuch-fuer-baby-junge-oder-maedchen-zeitloses-babybuch-fuer-die-ersten-5-jahre-jedes-ereignis-von-der-geburt-bis-zum-5-lebensjahr-festhalten-geschlec\\\/#primaryimage\",\"url\":\"https:\\\/\\\/m.media-amazon.com\\\/images\\\/I\\\/51ZEIvEnHcL._SL500_.jpg\",\"contentUrl\":\"https:\\\/\\\/m.media-amazon.com\\\/images\\\/I\\\/51ZEIvEnHcL._SL500_.jpg\",\"width\":468,\"height\":500},{\"@type\":\"BreadcrumbList\",\"@id\":\"https:\\\/\\\/marktxxl.de\\\/markt\\\/produkt\\\/trulybaby-erinnerungsbuch-fuer-baby-junge-oder-maedchen-zeitloses-babybuch-fuer-die-ersten-5-jahre-jedes-ereignis-von-der-geburt-bis-zum-5-lebensjahr-festhalten-geschlec\\\/#breadcrumb\",\"itemListElement\":[{\"@type\":\"ListItem\",\"position\":1,\"name\":\"Startseite\",\"item\":\"https:\\\/\\\/marktxxl.de\\\/markt\\\/\"},{\"@type\":\"ListItem\",\"position\":2,\"name\":\"Markt\",\"item\":\"https:\\\/\\\/marktxxl.de\\\/markt\\\/\"},{\"@type\":\"ListItem\",\"position\":3,\"name\":\"TrulyBaby Erinnerungsbuch f\u00fcr Baby Junge oder M\u00e4dchen \u2013 Zeitloses Babybuch f\u00fcr die ersten 5 Jahre \u2013 jedes Ereignis von der Geburt bis zum 5. Lebensjahr festhalten \u2013 geschlechtsneutrales Baby-Scrapbook\"}]},{\"@type\":\"WebSite\",\"@id\":\"https:\\\/\\\/marktxxl.de\\\/markt\\\/#website\",\"url\":\"https:\\\/\\\/marktxxl.de\\\/markt\\\/\",\"name\":\"Markt-XXL\",\"description\":\"Ihr Markt Online\",\"publisher\":{\"@id\":\"https:\\\/\\\/marktxxl.de\\\/markt\\\/#organization\"},\"potentialAction\":[{\"@type\":\"SearchAction\",\"target\":{\"@type\":\"EntryPoint\",\"urlTemplate\":\"https:\\\/\\\/marktxxl.de\\\/markt\\\/?s={search_term_string}\"},\"query-input\":{\"@type\":\"PropertyValueSpecification\",\"valueRequired\":true,\"valueName\":\"search_term_string\"}}],\"inLanguage\":\"de\"},{\"@type\":\"Organization\",\"@id\":\"https:\\\/\\\/marktxxl.de\\\/markt\\\/#organization\",\"name\":\"Markt-XXL\",\"url\":\"https:\\\/\\\/marktxxl.de\\\/markt\\\/\",\"logo\":{\"@type\":\"ImageObject\",\"inLanguage\":\"de\",\"@id\":\"https:\\\/\\\/marktxxl.de\\\/markt\\\/#\\\/schema\\\/logo\\\/image\\\/\",\"url\":\"https:\\\/\\\/marktxxl.de\\\/markt\\\/wp-content\\\/uploads\\\/sites\\\/3\\\/2020\\\/12\\\/logo.png\",\"contentUrl\":\"https:\\\/\\\/marktxxl.de\\\/markt\\\/wp-content\\\/uploads\\\/sites\\\/3\\\/2020\\\/12\\\/logo.png\",\"width\":200,\"height\":70,\"caption\":\"Markt-XXL\"},\"image\":{\"@id\":\"https:\\\/\\\/marktxxl.de\\\/markt\\\/#\\\/schema\\\/logo\\\/image\\\/\"}}]}<\/script>\n<!-- \/ Yoast SEO plugin. -->","yoast_head_json":{"title":"TrulyBaby Erinnerungsbuch f\u00fcr Baby Junge oder M\u00e4dchen \u2013 Zeitloses Babybuch f\u00fcr die ersten 5 Jahre \u2013 jedes Ereignis von der Geburt bis zum 5. Lebensjahr festhalten \u2013 geschlechtsneutrales Baby-Scrapbook - Markt-XXL","description":"Markt-XXL TrulyBaby Erinnerungsbuch f\u00fcr Baby Junge oder M\u00e4dchen \u2013 Zeitloses Babybuch f\u00fcr die ersten 5 Jahre \u2013 jedes Ereignis von der Geburt bis zum 5. Lebensjahr festhalten \u2013 geschlechtsneutrales Baby-Scrapbook","robots":{"index":"index","follow":"follow","max-snippet":"max-snippet:-1","max-image-preview":"max-image-preview:large","max-video-preview":"max-video-preview:-1"},"canonical":"https:\/\/marktxxl.de\/markt\/produkt\/trulybaby-erinnerungsbuch-fuer-baby-junge-oder-maedchen-zeitloses-babybuch-fuer-die-ersten-5-jahre-jedes-ereignis-von-der-geburt-bis-zum-5-lebensjahr-festhalten-geschlec\/","og_locale":"de_DE","og_type":"article","og_title":"TrulyBaby Erinnerungsbuch f\u00fcr Baby Junge oder M\u00e4dchen \u2013 Zeitloses Babybuch f\u00fcr die ersten 5 Jahre \u2013 jedes Ereignis von der Geburt bis zum 5. Lebensjahr festhalten \u2013 geschlechtsneutrales Baby-Scrapbook - Markt-XXL","og_description":"Markt-XXL TrulyBaby Erinnerungsbuch f\u00fcr Baby Junge oder M\u00e4dchen \u2013 Zeitloses Babybuch f\u00fcr die ersten 5 Jahre \u2013 jedes Ereignis von der Geburt bis zum 5. Lebensjahr festhalten \u2013 geschlechtsneutrales Baby-Scrapbook","og_url":"https:\/\/marktxxl.de\/markt\/produkt\/trulybaby-erinnerungsbuch-fuer-baby-junge-oder-maedchen-zeitloses-babybuch-fuer-die-ersten-5-jahre-jedes-ereignis-von-der-geburt-bis-zum-5-lebensjahr-festhalten-geschlec\/","og_site_name":"Markt-XXL","twitter_card":"summary_large_image","twitter_misc":{"Gesch\u00e4tzte Lesezeit":"2\u00a0Minuten"},"schema":{"@context":"https:\/\/schema.org","@graph":[{"@type":"WebPage","@id":"https:\/\/marktxxl.de\/markt\/produkt\/trulybaby-erinnerungsbuch-fuer-baby-junge-oder-maedchen-zeitloses-babybuch-fuer-die-ersten-5-jahre-jedes-ereignis-von-der-geburt-bis-zum-5-lebensjahr-festhalten-geschlec\/","url":"https:\/\/marktxxl.de\/markt\/produkt\/trulybaby-erinnerungsbuch-fuer-baby-junge-oder-maedchen-zeitloses-babybuch-fuer-die-ersten-5-jahre-jedes-ereignis-von-der-geburt-bis-zum-5-lebensjahr-festhalten-geschlec\/","name":"TrulyBaby Erinnerungsbuch f\u00fcr Baby Junge oder M\u00e4dchen \u2013 Zeitloses Babybuch f\u00fcr die ersten 5 Jahre \u2013 jedes Ereignis von der Geburt bis zum 5. Lebensjahr festhalten \u2013 geschlechtsneutrales Baby-Scrapbook - Markt-XXL","isPartOf":{"@id":"https:\/\/marktxxl.de\/markt\/#website"},"primaryImageOfPage":{"@id":"https:\/\/marktxxl.de\/markt\/produkt\/trulybaby-erinnerungsbuch-fuer-baby-junge-oder-maedchen-zeitloses-babybuch-fuer-die-ersten-5-jahre-jedes-ereignis-von-der-geburt-bis-zum-5-lebensjahr-festhalten-geschlec\/#primaryimage"},"image":{"@id":"https:\/\/marktxxl.de\/markt\/produkt\/trulybaby-erinnerungsbuch-fuer-baby-junge-oder-maedchen-zeitloses-babybuch-fuer-die-ersten-5-jahre-jedes-ereignis-von-der-geburt-bis-zum-5-lebensjahr-festhalten-geschlec\/#primaryimage"},"thumbnailUrl":"https:\/\/m.media-amazon.com\/images\/I\/51ZEIvEnHcL._SL500_.jpg","datePublished":"2024-06-28T09:17:18+00:00","description":"Markt-XXL TrulyBaby Erinnerungsbuch f\u00fcr Baby Junge oder M\u00e4dchen \u2013 Zeitloses Babybuch f\u00fcr die ersten 5 Jahre \u2013 jedes Ereignis von der Geburt bis zum 5. Lebensjahr festhalten \u2013 geschlechtsneutrales Baby-Scrapbook","breadcrumb":{"@id":"https:\/\/marktxxl.de\/markt\/produkt\/trulybaby-erinnerungsbuch-fuer-baby-junge-oder-maedchen-zeitloses-babybuch-fuer-die-ersten-5-jahre-jedes-ereignis-von-der-geburt-bis-zum-5-lebensjahr-festhalten-geschlec\/#breadcrumb"},"inLanguage":"de","potentialAction":[{"@type":"ReadAction","target":["https:\/\/marktxxl.de\/markt\/produkt\/trulybaby-erinnerungsbuch-fuer-baby-junge-oder-maedchen-zeitloses-babybuch-fuer-die-ersten-5-jahre-jedes-ereignis-von-der-geburt-bis-zum-5-lebensjahr-festhalten-geschlec\/"]}]},{"@type":"ImageObject","inLanguage":"de","@id":"https:\/\/marktxxl.de\/markt\/produkt\/trulybaby-erinnerungsbuch-fuer-baby-junge-oder-maedchen-zeitloses-babybuch-fuer-die-ersten-5-jahre-jedes-ereignis-von-der-geburt-bis-zum-5-lebensjahr-festhalten-geschlec\/#primaryimage","url":"https:\/\/m.media-amazon.com\/images\/I\/51ZEIvEnHcL._SL500_.jpg","contentUrl":"https:\/\/m.media-amazon.com\/images\/I\/51ZEIvEnHcL._SL500_.jpg","width":468,"height":500},{"@type":"BreadcrumbList","@id":"https:\/\/marktxxl.de\/markt\/produkt\/trulybaby-erinnerungsbuch-fuer-baby-junge-oder-maedchen-zeitloses-babybuch-fuer-die-ersten-5-jahre-jedes-ereignis-von-der-geburt-bis-zum-5-lebensjahr-festhalten-geschlec\/#breadcrumb","itemListElement":[{"@type":"ListItem","position":1,"name":"Startseite","item":"https:\/\/marktxxl.de\/markt\/"},{"@type":"ListItem","position":2,"name":"Markt","item":"https:\/\/marktxxl.de\/markt\/"},{"@type":"ListItem","position":3,"name":"TrulyBaby Erinnerungsbuch f\u00fcr Baby Junge oder M\u00e4dchen \u2013 Zeitloses Babybuch f\u00fcr die ersten 5 Jahre \u2013 jedes Ereignis von der Geburt bis zum 5. Lebensjahr festhalten \u2013 geschlechtsneutrales Baby-Scrapbook"}]},{"@type":"WebSite","@id":"https:\/\/marktxxl.de\/markt\/#website","url":"https:\/\/marktxxl.de\/markt\/","name":"Markt-XXL","description":"Ihr Markt Online","publisher":{"@id":"https:\/\/marktxxl.de\/markt\/#organization"},"potentialAction":[{"@type":"SearchAction","target":{"@type":"EntryPoint","urlTemplate":"https:\/\/marktxxl.de\/markt\/?s={search_term_string}"},"query-input":{"@type":"PropertyValueSpecification","valueRequired":true,"valueName":"search_term_string"}}],"inLanguage":"de"},{"@type":"Organization","@id":"https:\/\/marktxxl.de\/markt\/#organization","name":"Markt-XXL","url":"https:\/\/marktxxl.de\/markt\/","logo":{"@type":"ImageObject","inLanguage":"de","@id":"https:\/\/marktxxl.de\/markt\/#\/schema\/logo\/image\/","url":"https:\/\/marktxxl.de\/markt\/wp-content\/uploads\/sites\/3\/2020\/12\/logo.png","contentUrl":"https:\/\/marktxxl.de\/markt\/wp-content\/uploads\/sites\/3\/2020\/12\/logo.png","width":200,"height":70,"caption":"Markt-XXL"},"image":{"@id":"https:\/\/marktxxl.de\/markt\/#\/schema\/logo\/image\/"}}]}},"_links":{"self":[{"href":"https:\/\/marktxxl.de\/markt\/wp-json\/wp\/v2\/product\/212115","targetHints":{"allow":["GET"]}}],"collection":[{"href":"https:\/\/marktxxl.de\/markt\/wp-json\/wp\/v2\/product"}],"about":[{"href":"https:\/\/marktxxl.de\/markt\/wp-json\/wp\/v2\/types\/product"}],"replies":[{"embeddable":true,"href":"https:\/\/marktxxl.de\/markt\/wp-json\/wp\/v2\/comments?post=212115"}],"wp:featuredmedia":[{"embeddable":true,"href":"https:\/\/marktxxl.de\/markt\/wp-json\/wp\/v2\/media\/212116"}],"wp:attachment":[{"href":"https:\/\/marktxxl.de\/markt\/wp-json\/wp\/v2\/media?parent=212115"}],"wp:term":[{"taxonomy":"product_brand","embeddable":true,"href":"https:\/\/marktxxl.de\/markt\/wp-json\/wp\/v2\/product_brand?post=212115"},{"taxonomy":"product_cat","embeddable":true,"href":"https:\/\/marktxxl.de\/markt\/wp-json\/wp\/v2\/product_cat?post=212115"},{"taxonomy":"product_tag","embeddable":true,"href":"https:\/\/marktxxl.de\/markt\/wp-json\/wp\/v2\/product_tag?post=212115"}],"curies":[{"name":"wp","href":"https:\/\/api.w.org\/{rel}","templated":true}]}}