{"id":212090,"date":"2024-06-28T11:16:19","date_gmt":"2024-06-28T09:16:19","guid":{"rendered":"https:\/\/marktxxl.de\/markt\/produkt\/hallmark-dankeskarten-sortiment-goldfolie-120-dankeskarten-mit-umschlaegen-fuer-hochzeit-brautparty-babyparty-business-abschluss\/"},"modified":"2024-06-28T11:16:19","modified_gmt":"2024-06-28T09:16:19","slug":"hallmark-dankeskarten-sortiment-goldfolie-120-dankeskarten-mit-umschlaegen-fuer-hochzeit-brautparty-babyparty-business-abschluss","status":"publish","type":"product","link":"https:\/\/marktxxl.de\/markt\/produkt\/hallmark-dankeskarten-sortiment-goldfolie-120-dankeskarten-mit-umschlaegen-fuer-hochzeit-brautparty-babyparty-business-abschluss\/","title":{"rendered":"Hallmark Dankeskarten Sortiment Goldfolie (120 Dankeskarten mit Umschl\u00e4gen f\u00fcr Hochzeit, Brautparty, Babyparty, Business, Abschluss)"},"content":{"rendered":"<p>Das raffinierte Dankeskarton-Set verf\u00fcgt \u00fcber sechs Goldfolien-Designs und Danksagungen, einschlie\u00dflich geometrischer Muster, dezente Streifen und Schriftzug.<br \/>\nElegantes Sortiment beinhaltet 120 goldfarbene und wei\u00dfe Dankeskarten (20 von jedem Design) mit Umschl\u00e4gen. Die Karten sind innen unbeschriftet, so dass viel Platz f\u00fcr eine handgeschriebene und personalisierte Notiz bleibt.<br \/>\nDas Set mit hochwertigen Notizkarten macht das Sagen &#8220;Danke&#8221; einfacher und attraktiver als je zuvor. Sch\u00f6nes Design hebt Ihre Note hervor, perfekt f\u00fcr jeden Anlass.<br \/>\nMa\u00dfe der Dankeskarten: 13,2 x 9,5 cm.<br \/>\nGedruckt auf hochwertigem Papier. Die Briefpapier von Hallmark werden aus Papier aus nachhaltig bewirtschafteten W\u00e4ldern hergestellt.<br \/>\n<div class=\"main-cross-sell\" data-asin=\"B09W3TTXWJ\">\n\n\t<div class=\"WooZone-cross-sell-loader\">\n\t\t<div>\n\t\t\t<div id=\"floatingBarsG\">\n\t\t\t\t<div class=\"blockG\" id=\"rotateG_01\"><\/div>\n\t\t\t\t<div class=\"blockG\" id=\"rotateG_02\"><\/div>\n\t\t\t\t<div class=\"blockG\" id=\"rotateG_03\"><\/div>\n\t\t\t\t<div class=\"blockG\" id=\"rotateG_04\"><\/div>\n\t\t\t\t<div class=\"blockG\" id=\"rotateG_05\"><\/div>\n\t\t\t\t<div class=\"blockG\" id=\"rotateG_06\"><\/div>\n\t\t\t\t<div class=\"blockG\" id=\"rotateG_07\"><\/div>\n\t\t\t\t<div class=\"blockG\" id=\"rotateG_08\"><\/div>\n\t\t\t<\/div>\n\t\t\t<div class=\"WooZone-cross-sell-loader-text\"><\/div>\n\t\t<\/div>\n\t<\/div>\n\n\t\t\n<\/div>\n<div style=\"clear:both;\"><\/div><\/p>\n","protected":false},"excerpt":{"rendered":"<p>Das raffinierte Dankeskarton-Set verf\u00fcgt \u00fcber sechs Goldfolien-Designs und Danksagungen, einschlie\u00dflich geometrischer Muster, dezente Streifen und Schriftzug.<br \/>\nElegantes Sortiment beinhaltet 120 goldfarbene und wei\u00dfe Dankeskarten (20 von jedem Design) mit Umschl\u00e4gen. Die Karten sind innen unbeschriftet, so dass viel Platz f\u00fcr eine handgeschriebene und personalisierte Notiz bleibt.<br \/>\nDas Set mit hochwertigen Notizkarten macht das Sagen &#8220;Danke&#8221; einfacher und attraktiver als je zuvor. Sch\u00f6nes Design hebt Ihre Note hervor, perfekt f\u00fcr jeden Anlass.<\/p>\n","protected":false},"featured_media":212091,"comment_status":"open","ping_status":"closed","template":"","meta":[],"product_brand":[],"product_cat":[21,8929],"product_tag":[],"class_list":{"0":"post-212090","1":"product","2":"type-product","3":"status-publish","4":"has-post-thumbnail","6":"product_cat-baby","7":"product_cat-babygeschenke-baby","8":"pa_binding-unbekannter-einband","9":"pa_brand-hallmark","10":"pa_color-weiss","11":"pa_height-0-01181102361-zoll","12":"pa_length-5-20078739627-zoll","13":"pa_manufacturer-hallmark-marketing-company-llc-office","14":"pa_model-5stz1161","15":"pa_weight-2-25-pfund","16":"pa_width-3-75196850011-zoll","18":"first","19":"instock","20":"shipping-taxable","21":"purchasable","22":"product-type-simple","23":"customify-col","24":"product-has-gallery"},"yoast_head":"<!-- This site is optimized with the Yoast SEO plugin v27.4 - https:\/\/yoast.com\/product\/yoast-seo-wordpress\/ -->\n<title>Hallmark Dankeskarten Sortiment Goldfolie (120 Dankeskarten mit Umschl\u00e4gen f\u00fcr Hochzeit, Brautparty, Babyparty, Business, Abschluss) - Markt-XXL<\/title>\n<meta name=\"description\" content=\"Markt-XXL Hallmark Dankeskarten Sortiment Goldfolie (120 Dankeskarten mit Umschl\u00e4gen f\u00fcr Hochzeit, Brautparty, Babyparty, Business, Abschluss)\" \/>\n<meta name=\"robots\" content=\"index, follow, max-snippet:-1, max-image-preview:large, max-video-preview:-1\" \/>\n<link rel=\"canonical\" href=\"https:\/\/marktxxl.de\/markt\/produkt\/hallmark-dankeskarten-sortiment-goldfolie-120-dankeskarten-mit-umschlaegen-fuer-hochzeit-brautparty-babyparty-business-abschluss\/\" \/>\n<meta property=\"og:locale\" content=\"de_DE\" \/>\n<meta property=\"og:type\" content=\"article\" \/>\n<meta property=\"og:title\" content=\"Hallmark Dankeskarten Sortiment Goldfolie (120 Dankeskarten mit Umschl\u00e4gen f\u00fcr Hochzeit, Brautparty, Babyparty, Business, Abschluss) - Markt-XXL\" \/>\n<meta property=\"og:description\" content=\"Markt-XXL Hallmark Dankeskarten Sortiment Goldfolie (120 Dankeskarten mit Umschl\u00e4gen f\u00fcr Hochzeit, Brautparty, Babyparty, Business, Abschluss)\" \/>\n<meta property=\"og:url\" content=\"https:\/\/marktxxl.de\/markt\/produkt\/hallmark-dankeskarten-sortiment-goldfolie-120-dankeskarten-mit-umschlaegen-fuer-hochzeit-brautparty-babyparty-business-abschluss\/\" \/>\n<meta property=\"og:site_name\" content=\"Markt-XXL\" \/>\n<meta name=\"twitter:card\" content=\"summary_large_image\" \/>\n<meta name=\"twitter:label1\" content=\"Gesch\u00e4tzte Lesezeit\" \/>\n\t<meta name=\"twitter:data1\" content=\"1\u00a0Minute\" \/>\n<script type=\"application\/ld+json\" class=\"yoast-schema-graph\">{\"@context\":\"https:\\\/\\\/schema.org\",\"@graph\":[{\"@type\":\"WebPage\",\"@id\":\"https:\\\/\\\/marktxxl.de\\\/markt\\\/produkt\\\/hallmark-dankeskarten-sortiment-goldfolie-120-dankeskarten-mit-umschlaegen-fuer-hochzeit-brautparty-babyparty-business-abschluss\\\/\",\"url\":\"https:\\\/\\\/marktxxl.de\\\/markt\\\/produkt\\\/hallmark-dankeskarten-sortiment-goldfolie-120-dankeskarten-mit-umschlaegen-fuer-hochzeit-brautparty-babyparty-business-abschluss\\\/\",\"name\":\"Hallmark Dankeskarten Sortiment Goldfolie (120 Dankeskarten mit Umschl\u00e4gen f\u00fcr Hochzeit, Brautparty, Babyparty, Business, Abschluss) - Markt-XXL\",\"isPartOf\":{\"@id\":\"https:\\\/\\\/marktxxl.de\\\/markt\\\/#website\"},\"primaryImageOfPage\":{\"@id\":\"https:\\\/\\\/marktxxl.de\\\/markt\\\/produkt\\\/hallmark-dankeskarten-sortiment-goldfolie-120-dankeskarten-mit-umschlaegen-fuer-hochzeit-brautparty-babyparty-business-abschluss\\\/#primaryimage\"},\"image\":{\"@id\":\"https:\\\/\\\/marktxxl.de\\\/markt\\\/produkt\\\/hallmark-dankeskarten-sortiment-goldfolie-120-dankeskarten-mit-umschlaegen-fuer-hochzeit-brautparty-babyparty-business-abschluss\\\/#primaryimage\"},\"thumbnailUrl\":\"https:\\\/\\\/m.media-amazon.com\\\/images\\\/I\\\/41pPZ3TphBL._SL500_.jpg\",\"datePublished\":\"2024-06-28T09:16:19+00:00\",\"description\":\"Markt-XXL Hallmark Dankeskarten Sortiment Goldfolie (120 Dankeskarten mit Umschl\u00e4gen f\u00fcr Hochzeit, Brautparty, Babyparty, Business, Abschluss)\",\"breadcrumb\":{\"@id\":\"https:\\\/\\\/marktxxl.de\\\/markt\\\/produkt\\\/hallmark-dankeskarten-sortiment-goldfolie-120-dankeskarten-mit-umschlaegen-fuer-hochzeit-brautparty-babyparty-business-abschluss\\\/#breadcrumb\"},\"inLanguage\":\"de\",\"potentialAction\":[{\"@type\":\"ReadAction\",\"target\":[\"https:\\\/\\\/marktxxl.de\\\/markt\\\/produkt\\\/hallmark-dankeskarten-sortiment-goldfolie-120-dankeskarten-mit-umschlaegen-fuer-hochzeit-brautparty-babyparty-business-abschluss\\\/\"]}]},{\"@type\":\"ImageObject\",\"inLanguage\":\"de\",\"@id\":\"https:\\\/\\\/marktxxl.de\\\/markt\\\/produkt\\\/hallmark-dankeskarten-sortiment-goldfolie-120-dankeskarten-mit-umschlaegen-fuer-hochzeit-brautparty-babyparty-business-abschluss\\\/#primaryimage\",\"url\":\"https:\\\/\\\/m.media-amazon.com\\\/images\\\/I\\\/41pPZ3TphBL._SL500_.jpg\",\"contentUrl\":\"https:\\\/\\\/m.media-amazon.com\\\/images\\\/I\\\/41pPZ3TphBL._SL500_.jpg\",\"width\":500,\"height\":500},{\"@type\":\"BreadcrumbList\",\"@id\":\"https:\\\/\\\/marktxxl.de\\\/markt\\\/produkt\\\/hallmark-dankeskarten-sortiment-goldfolie-120-dankeskarten-mit-umschlaegen-fuer-hochzeit-brautparty-babyparty-business-abschluss\\\/#breadcrumb\",\"itemListElement\":[{\"@type\":\"ListItem\",\"position\":1,\"name\":\"Startseite\",\"item\":\"https:\\\/\\\/marktxxl.de\\\/markt\\\/\"},{\"@type\":\"ListItem\",\"position\":2,\"name\":\"Markt\",\"item\":\"https:\\\/\\\/marktxxl.de\\\/markt\\\/\"},{\"@type\":\"ListItem\",\"position\":3,\"name\":\"Hallmark Dankeskarten Sortiment Goldfolie (120 Dankeskarten mit Umschl\u00e4gen f\u00fcr Hochzeit, Brautparty, Babyparty, Business, Abschluss)\"}]},{\"@type\":\"WebSite\",\"@id\":\"https:\\\/\\\/marktxxl.de\\\/markt\\\/#website\",\"url\":\"https:\\\/\\\/marktxxl.de\\\/markt\\\/\",\"name\":\"Markt-XXL\",\"description\":\"Ihr Markt Online\",\"publisher\":{\"@id\":\"https:\\\/\\\/marktxxl.de\\\/markt\\\/#organization\"},\"potentialAction\":[{\"@type\":\"SearchAction\",\"target\":{\"@type\":\"EntryPoint\",\"urlTemplate\":\"https:\\\/\\\/marktxxl.de\\\/markt\\\/?s={search_term_string}\"},\"query-input\":{\"@type\":\"PropertyValueSpecification\",\"valueRequired\":true,\"valueName\":\"search_term_string\"}}],\"inLanguage\":\"de\"},{\"@type\":\"Organization\",\"@id\":\"https:\\\/\\\/marktxxl.de\\\/markt\\\/#organization\",\"name\":\"Markt-XXL\",\"url\":\"https:\\\/\\\/marktxxl.de\\\/markt\\\/\",\"logo\":{\"@type\":\"ImageObject\",\"inLanguage\":\"de\",\"@id\":\"https:\\\/\\\/marktxxl.de\\\/markt\\\/#\\\/schema\\\/logo\\\/image\\\/\",\"url\":\"https:\\\/\\\/marktxxl.de\\\/markt\\\/wp-content\\\/uploads\\\/sites\\\/3\\\/2020\\\/12\\\/logo.png\",\"contentUrl\":\"https:\\\/\\\/marktxxl.de\\\/markt\\\/wp-content\\\/uploads\\\/sites\\\/3\\\/2020\\\/12\\\/logo.png\",\"width\":200,\"height\":70,\"caption\":\"Markt-XXL\"},\"image\":{\"@id\":\"https:\\\/\\\/marktxxl.de\\\/markt\\\/#\\\/schema\\\/logo\\\/image\\\/\"}}]}<\/script>\n<!-- \/ Yoast SEO plugin. -->","yoast_head_json":{"title":"Hallmark Dankeskarten Sortiment Goldfolie (120 Dankeskarten mit Umschl\u00e4gen f\u00fcr Hochzeit, Brautparty, Babyparty, Business, Abschluss) - Markt-XXL","description":"Markt-XXL Hallmark Dankeskarten Sortiment Goldfolie (120 Dankeskarten mit Umschl\u00e4gen f\u00fcr Hochzeit, Brautparty, Babyparty, Business, Abschluss)","robots":{"index":"index","follow":"follow","max-snippet":"max-snippet:-1","max-image-preview":"max-image-preview:large","max-video-preview":"max-video-preview:-1"},"canonical":"https:\/\/marktxxl.de\/markt\/produkt\/hallmark-dankeskarten-sortiment-goldfolie-120-dankeskarten-mit-umschlaegen-fuer-hochzeit-brautparty-babyparty-business-abschluss\/","og_locale":"de_DE","og_type":"article","og_title":"Hallmark Dankeskarten Sortiment Goldfolie (120 Dankeskarten mit Umschl\u00e4gen f\u00fcr Hochzeit, Brautparty, Babyparty, Business, Abschluss) - Markt-XXL","og_description":"Markt-XXL Hallmark Dankeskarten Sortiment Goldfolie (120 Dankeskarten mit Umschl\u00e4gen f\u00fcr Hochzeit, Brautparty, Babyparty, Business, Abschluss)","og_url":"https:\/\/marktxxl.de\/markt\/produkt\/hallmark-dankeskarten-sortiment-goldfolie-120-dankeskarten-mit-umschlaegen-fuer-hochzeit-brautparty-babyparty-business-abschluss\/","og_site_name":"Markt-XXL","twitter_card":"summary_large_image","twitter_misc":{"Gesch\u00e4tzte Lesezeit":"1\u00a0Minute"},"schema":{"@context":"https:\/\/schema.org","@graph":[{"@type":"WebPage","@id":"https:\/\/marktxxl.de\/markt\/produkt\/hallmark-dankeskarten-sortiment-goldfolie-120-dankeskarten-mit-umschlaegen-fuer-hochzeit-brautparty-babyparty-business-abschluss\/","url":"https:\/\/marktxxl.de\/markt\/produkt\/hallmark-dankeskarten-sortiment-goldfolie-120-dankeskarten-mit-umschlaegen-fuer-hochzeit-brautparty-babyparty-business-abschluss\/","name":"Hallmark Dankeskarten Sortiment Goldfolie (120 Dankeskarten mit Umschl\u00e4gen f\u00fcr Hochzeit, Brautparty, Babyparty, Business, Abschluss) - Markt-XXL","isPartOf":{"@id":"https:\/\/marktxxl.de\/markt\/#website"},"primaryImageOfPage":{"@id":"https:\/\/marktxxl.de\/markt\/produkt\/hallmark-dankeskarten-sortiment-goldfolie-120-dankeskarten-mit-umschlaegen-fuer-hochzeit-brautparty-babyparty-business-abschluss\/#primaryimage"},"image":{"@id":"https:\/\/marktxxl.de\/markt\/produkt\/hallmark-dankeskarten-sortiment-goldfolie-120-dankeskarten-mit-umschlaegen-fuer-hochzeit-brautparty-babyparty-business-abschluss\/#primaryimage"},"thumbnailUrl":"https:\/\/m.media-amazon.com\/images\/I\/41pPZ3TphBL._SL500_.jpg","datePublished":"2024-06-28T09:16:19+00:00","description":"Markt-XXL Hallmark Dankeskarten Sortiment Goldfolie (120 Dankeskarten mit Umschl\u00e4gen f\u00fcr Hochzeit, Brautparty, Babyparty, Business, Abschluss)","breadcrumb":{"@id":"https:\/\/marktxxl.de\/markt\/produkt\/hallmark-dankeskarten-sortiment-goldfolie-120-dankeskarten-mit-umschlaegen-fuer-hochzeit-brautparty-babyparty-business-abschluss\/#breadcrumb"},"inLanguage":"de","potentialAction":[{"@type":"ReadAction","target":["https:\/\/marktxxl.de\/markt\/produkt\/hallmark-dankeskarten-sortiment-goldfolie-120-dankeskarten-mit-umschlaegen-fuer-hochzeit-brautparty-babyparty-business-abschluss\/"]}]},{"@type":"ImageObject","inLanguage":"de","@id":"https:\/\/marktxxl.de\/markt\/produkt\/hallmark-dankeskarten-sortiment-goldfolie-120-dankeskarten-mit-umschlaegen-fuer-hochzeit-brautparty-babyparty-business-abschluss\/#primaryimage","url":"https:\/\/m.media-amazon.com\/images\/I\/41pPZ3TphBL._SL500_.jpg","contentUrl":"https:\/\/m.media-amazon.com\/images\/I\/41pPZ3TphBL._SL500_.jpg","width":500,"height":500},{"@type":"BreadcrumbList","@id":"https:\/\/marktxxl.de\/markt\/produkt\/hallmark-dankeskarten-sortiment-goldfolie-120-dankeskarten-mit-umschlaegen-fuer-hochzeit-brautparty-babyparty-business-abschluss\/#breadcrumb","itemListElement":[{"@type":"ListItem","position":1,"name":"Startseite","item":"https:\/\/marktxxl.de\/markt\/"},{"@type":"ListItem","position":2,"name":"Markt","item":"https:\/\/marktxxl.de\/markt\/"},{"@type":"ListItem","position":3,"name":"Hallmark Dankeskarten Sortiment Goldfolie (120 Dankeskarten mit Umschl\u00e4gen f\u00fcr Hochzeit, Brautparty, Babyparty, Business, Abschluss)"}]},{"@type":"WebSite","@id":"https:\/\/marktxxl.de\/markt\/#website","url":"https:\/\/marktxxl.de\/markt\/","name":"Markt-XXL","description":"Ihr Markt Online","publisher":{"@id":"https:\/\/marktxxl.de\/markt\/#organization"},"potentialAction":[{"@type":"SearchAction","target":{"@type":"EntryPoint","urlTemplate":"https:\/\/marktxxl.de\/markt\/?s={search_term_string}"},"query-input":{"@type":"PropertyValueSpecification","valueRequired":true,"valueName":"search_term_string"}}],"inLanguage":"de"},{"@type":"Organization","@id":"https:\/\/marktxxl.de\/markt\/#organization","name":"Markt-XXL","url":"https:\/\/marktxxl.de\/markt\/","logo":{"@type":"ImageObject","inLanguage":"de","@id":"https:\/\/marktxxl.de\/markt\/#\/schema\/logo\/image\/","url":"https:\/\/marktxxl.de\/markt\/wp-content\/uploads\/sites\/3\/2020\/12\/logo.png","contentUrl":"https:\/\/marktxxl.de\/markt\/wp-content\/uploads\/sites\/3\/2020\/12\/logo.png","width":200,"height":70,"caption":"Markt-XXL"},"image":{"@id":"https:\/\/marktxxl.de\/markt\/#\/schema\/logo\/image\/"}}]}},"_links":{"self":[{"href":"https:\/\/marktxxl.de\/markt\/wp-json\/wp\/v2\/product\/212090","targetHints":{"allow":["GET"]}}],"collection":[{"href":"https:\/\/marktxxl.de\/markt\/wp-json\/wp\/v2\/product"}],"about":[{"href":"https:\/\/marktxxl.de\/markt\/wp-json\/wp\/v2\/types\/product"}],"replies":[{"embeddable":true,"href":"https:\/\/marktxxl.de\/markt\/wp-json\/wp\/v2\/comments?post=212090"}],"wp:featuredmedia":[{"embeddable":true,"href":"https:\/\/marktxxl.de\/markt\/wp-json\/wp\/v2\/media\/212091"}],"wp:attachment":[{"href":"https:\/\/marktxxl.de\/markt\/wp-json\/wp\/v2\/media?parent=212090"}],"wp:term":[{"taxonomy":"product_brand","embeddable":true,"href":"https:\/\/marktxxl.de\/markt\/wp-json\/wp\/v2\/product_brand?post=212090"},{"taxonomy":"product_cat","embeddable":true,"href":"https:\/\/marktxxl.de\/markt\/wp-json\/wp\/v2\/product_cat?post=212090"},{"taxonomy":"product_tag","embeddable":true,"href":"https:\/\/marktxxl.de\/markt\/wp-json\/wp\/v2\/product_tag?post=212090"}],"curies":[{"name":"wp","href":"https:\/\/api.w.org\/{rel}","templated":true}]}}