{"id":212019,"date":"2024-06-28T10:58:19","date_gmt":"2024-06-28T08:58:19","guid":{"rendered":"https:\/\/marktxxl.de\/markt\/produkt\/decomomo-faltbarer-aufbewahrungskorb-stabiler-kationischer-stoff-aufbewahrungskorb-mit-griffen-fuer-die-organisation-von-regal-kinderzimmer-zuhause-schrank\/"},"modified":"2024-06-28T10:58:19","modified_gmt":"2024-06-28T08:58:19","slug":"decomomo-faltbarer-aufbewahrungskorb-stabiler-kationischer-stoff-aufbewahrungskorb-mit-griffen-fuer-die-organisation-von-regal-kinderzimmer-zuhause-schrank","status":"publish","type":"product","link":"https:\/\/marktxxl.de\/markt\/produkt\/decomomo-faltbarer-aufbewahrungskorb-stabiler-kationischer-stoff-aufbewahrungskorb-mit-griffen-fuer-die-organisation-von-regal-kinderzimmer-zuhause-schrank\/","title":{"rendered":"DECOMOMO Faltbarer Aufbewahrungskorb | Stabiler kationischer Stoff-Aufbewahrungskorb mit Griffen f\u00fcr die Organisation von Regal, Kinderzimmer, Zuhause, Schrank"},"content":{"rendered":"<p>\u2705 ATTRAKTIVES UND MODISCHES DESIGN: Das neutrale Au\u00dfenmaterial mit passenden Griffen schafft nicht nur ein modernes Design, sondern f\u00fcgt sich auch leicht in Ihre Heimdekorationen und -stile ein. DECOMOMO K\u00f6rbe und M\u00fclleimer sind Haushaltsgegenst\u00e4nde bei Ihren Organisationsprojekten zu Hause, aber auch als charmante Dekoration. To Live Simple. Damit Ihr Zuhause s\u00fc\u00df zu Hause wird<br \/>\n\u2705 PREMIUM-MATERIAL: Hergestellt aus dekorativem und strapazierf\u00e4higem, extra dickem kationischem Gewebe au\u00dfen gepaart mit Polyester-Innenfutter. Verst\u00e4rkt durch einen oberen Metallst\u00fctzrahmen zur Aufrechterhaltung einer gr\u00f6\u00dferen strukturellen Integrit\u00e4t. Robuste Kunstledergriffe bieten einen starken und komfortablen Griff zum Ziehen und Tragen. Unterst\u00fctzt mit 2,5 mm MDF-Faserplattenboden f\u00fcr Haltbarkeit und Steifigkeit und eine l\u00e4ngere Produktlebensdauer<br \/>\n\u2705 PLATZSPAREND UND EINFACH ZU PFLEGEN: Die faltbare Funktion erm\u00f6glicht es Ihnen, Platz zu sparen, wenn sie nicht in Gebrauch ist und bietet den Komfort, \u00fcberall mitgenommen zu werden. EVA-Stoffk\u00f6rbe sind leicht zu reinigen, es wird empfohlen, den Korb mit einem weichen trockenen Tuch abzustauben. Bei Bedarf mit leichtem Seifenwasser reinigen. Nicht empfohlen in der Maschine zu waschen, da es einen Metallrahmen und eine harte Unterseite im Inneren gibt.<br \/>\n\u2705 MEHRZWECK: Die robusten gro\u00dfen Beh\u00e4lter von DECOMOMO bieten eine L\u00f6sung f\u00fcr viele Aufbewahrungsbed\u00fcrfnisse: Organisieren und Aufbewahren von Babyprodukten, Kleidung, Schuhen, Kinderspielzeug, Haustierprodukten, W\u00e4sche, Handt\u00fcchern, Decken, Bettlaken und vielen anderen Anwendungen. DECOMOMO Vorratsbeh\u00e4lter k\u00f6nnen in Schlafzimmer, Wohnzimmer, Ruheraum, K\u00fcche, B\u00fcro, Schr\u00e4nken und Schr\u00e4nken verwendet werden.<br \/>\n\u2705 DECOMOMO GRO\u00dfER AUFBEWAHRUNGSBEH\u00c4LTER: 3er-Set f\u00fcr mehr Wert und Einkaufskomfort. Abmessungen (jeweils): 15&#8243; (L) x 11&#8243; (B) x 9,5&#8243; (H) \/ (38 cm x 28 cm x 24 cm). Diese gro\u00dfe Gr\u00f6\u00dfe erm\u00f6glicht die Aufbewahrung einer Vielzahl von Gegenst\u00e4nden. Passt gut zu einer Vielzahl von Stauf\u00e4chern und Regalen. Beschriften Sie jeden Beh\u00e4lter geschickt mit der mitgelieferten Schnur und kennzeichnen Sie ihn mit dem DIY-Kit von DECOMOMO.<br \/>\n\u2705100% KUNDENZUFRIEDENHEIT GARANTIERT: Wir m\u00f6chten unseren Kunden das beste Einkaufserlebnis bieten. Wenn Sie aus irgendeinem Grund Probleme mit unseren Produkten oder Dienstleistungen haben, k\u00f6nnen Sie sich gerne \u00fcber Amazon mit uns in Verbindung setzen.<br \/>\n<div class=\"main-cross-sell\" data-asin=\"B07V57MP98\">\n\n\t<div class=\"WooZone-cross-sell-loader\">\n\t\t<div>\n\t\t\t<div id=\"floatingBarsG\">\n\t\t\t\t<div class=\"blockG\" id=\"rotateG_01\"><\/div>\n\t\t\t\t<div class=\"blockG\" id=\"rotateG_02\"><\/div>\n\t\t\t\t<div class=\"blockG\" id=\"rotateG_03\"><\/div>\n\t\t\t\t<div class=\"blockG\" id=\"rotateG_04\"><\/div>\n\t\t\t\t<div class=\"blockG\" id=\"rotateG_05\"><\/div>\n\t\t\t\t<div class=\"blockG\" id=\"rotateG_06\"><\/div>\n\t\t\t\t<div class=\"blockG\" id=\"rotateG_07\"><\/div>\n\t\t\t\t<div class=\"blockG\" id=\"rotateG_08\"><\/div>\n\t\t\t<\/div>\n\t\t\t<div class=\"WooZone-cross-sell-loader-text\"><\/div>\n\t\t<\/div>\n\t<\/div>\n\n\t\t\n<\/div>\n<div style=\"clear:both;\"><\/div><\/p>\n","protected":false},"excerpt":{"rendered":"<p>\u2705 ATTRAKTIVES UND MODISCHES DESIGN: Das neutrale Au\u00dfenmaterial mit passenden Griffen schafft nicht nur ein modernes Design, sondern f\u00fcgt sich auch leicht in Ihre Heimdekorationen und -stile ein. DECOMOMO K\u00f6rbe und M\u00fclleimer sind Haushaltsgegenst\u00e4nde bei Ihren Organisationsprojekten zu Hause, aber auch als charmante Dekoration. To Live Simple. Damit Ihr Zuhause s\u00fc\u00df zu Hause wird<br \/>\n\u2705 PREMIUM-MATERIAL: Hergestellt aus dekorativem und strapazierf\u00e4higem, extra dickem kationischem Gewebe au\u00dfen gepaart mit Polyester-Innenfutter. Verst\u00e4rkt durch einen oberen Metallst\u00fctzrahmen zur Aufrechterhaltung einer gr\u00f6\u00dferen strukturellen Integrit\u00e4t. Robuste Kunstledergriffe bieten einen starken und komfortablen Griff zum Ziehen und Tragen. Unterst\u00fctzt mit 2,5 mm MDF-Faserplattenboden f\u00fcr Haltbarkeit und Steifigkeit und eine l\u00e4ngere Produktlebensdauer<br \/>\n\u2705 PLATZSPAREND UND EINFACH ZU PFLEGEN: Die faltbare Funktion erm\u00f6glicht es Ihnen, Platz zu sparen, wenn sie nicht in Gebrauch ist und bietet den Komfort, \u00fcberall mitgenommen zu werden. EVA-Stoffk\u00f6rbe sind leicht zu reinigen, es wird empfohlen, den Korb mit einem weichen trockenen Tuch abzustauben. Bei Bedarf mit leichtem Seifenwasser reinigen. Nicht empfohlen in der Maschine zu waschen, da es einen Metallrahmen und eine harte Unterseite im Inneren gibt.<\/p>\n","protected":false},"featured_media":212020,"comment_status":"open","ping_status":"closed","template":"","meta":[],"product_brand":[],"product_cat":[21,8825],"product_tag":[],"class_list":{"0":"post-212019","1":"product","2":"type-product","3":"status-publish","4":"has-post-thumbnail","6":"product_cat-baby","7":"product_cat-baby-kleinkinderzimmer-baby","8":"pa_binding-werkzeug","9":"pa_brand-decomomo","10":"pa_color-grau-und-weiss-mit-deckel","11":"pa_height-10-zoll","12":"pa_length-15-8-zoll","13":"pa_manufacturer-decomomo","14":"pa_model-53437","15":"pa_size-13-3-p","16":"pa_width-12-5-zoll","18":"first","19":"instock","20":"shipping-taxable","21":"product-type-simple","22":"customify-col","23":"product-has-gallery"},"yoast_head":"<!-- This site is optimized with the Yoast SEO plugin v27.4 - https:\/\/yoast.com\/product\/yoast-seo-wordpress\/ -->\n<title>DECOMOMO Faltbarer Aufbewahrungskorb | Stabiler kationischer Stoff-Aufbewahrungskorb mit Griffen f\u00fcr die Organisation von Regal, Kinderzimmer, Zuhause, Schrank - Markt-XXL<\/title>\n<meta name=\"description\" content=\"Markt-XXL DECOMOMO Faltbarer Aufbewahrungskorb | Stabiler kationischer Stoff-Aufbewahrungskorb mit Griffen f\u00fcr die Organisation von Regal, Kinderzimmer, Zuhause, Schrank\" \/>\n<meta name=\"robots\" content=\"index, follow, max-snippet:-1, max-image-preview:large, max-video-preview:-1\" \/>\n<link rel=\"canonical\" href=\"https:\/\/marktxxl.de\/markt\/produkt\/decomomo-faltbarer-aufbewahrungskorb-stabiler-kationischer-stoff-aufbewahrungskorb-mit-griffen-fuer-die-organisation-von-regal-kinderzimmer-zuhause-schrank\/\" \/>\n<meta property=\"og:locale\" content=\"de_DE\" \/>\n<meta property=\"og:type\" content=\"article\" \/>\n<meta property=\"og:title\" content=\"DECOMOMO Faltbarer Aufbewahrungskorb | Stabiler kationischer Stoff-Aufbewahrungskorb mit Griffen f\u00fcr die Organisation von Regal, Kinderzimmer, Zuhause, Schrank - Markt-XXL\" \/>\n<meta property=\"og:description\" content=\"Markt-XXL DECOMOMO Faltbarer Aufbewahrungskorb | Stabiler kationischer Stoff-Aufbewahrungskorb mit Griffen f\u00fcr die Organisation von Regal, Kinderzimmer, Zuhause, Schrank\" \/>\n<meta property=\"og:url\" content=\"https:\/\/marktxxl.de\/markt\/produkt\/decomomo-faltbarer-aufbewahrungskorb-stabiler-kationischer-stoff-aufbewahrungskorb-mit-griffen-fuer-die-organisation-von-regal-kinderzimmer-zuhause-schrank\/\" \/>\n<meta property=\"og:site_name\" content=\"Markt-XXL\" \/>\n<meta name=\"twitter:card\" content=\"summary_large_image\" \/>\n<meta name=\"twitter:label1\" content=\"Gesch\u00e4tzte Lesezeit\" \/>\n\t<meta name=\"twitter:data1\" content=\"2\u00a0Minuten\" \/>\n<script type=\"application\/ld+json\" class=\"yoast-schema-graph\">{\"@context\":\"https:\\\/\\\/schema.org\",\"@graph\":[{\"@type\":\"WebPage\",\"@id\":\"https:\\\/\\\/marktxxl.de\\\/markt\\\/produkt\\\/decomomo-faltbarer-aufbewahrungskorb-stabiler-kationischer-stoff-aufbewahrungskorb-mit-griffen-fuer-die-organisation-von-regal-kinderzimmer-zuhause-schrank\\\/\",\"url\":\"https:\\\/\\\/marktxxl.de\\\/markt\\\/produkt\\\/decomomo-faltbarer-aufbewahrungskorb-stabiler-kationischer-stoff-aufbewahrungskorb-mit-griffen-fuer-die-organisation-von-regal-kinderzimmer-zuhause-schrank\\\/\",\"name\":\"DECOMOMO Faltbarer Aufbewahrungskorb | Stabiler kationischer Stoff-Aufbewahrungskorb mit Griffen f\u00fcr die Organisation von Regal, Kinderzimmer, Zuhause, Schrank - Markt-XXL\",\"isPartOf\":{\"@id\":\"https:\\\/\\\/marktxxl.de\\\/markt\\\/#website\"},\"primaryImageOfPage\":{\"@id\":\"https:\\\/\\\/marktxxl.de\\\/markt\\\/produkt\\\/decomomo-faltbarer-aufbewahrungskorb-stabiler-kationischer-stoff-aufbewahrungskorb-mit-griffen-fuer-die-organisation-von-regal-kinderzimmer-zuhause-schrank\\\/#primaryimage\"},\"image\":{\"@id\":\"https:\\\/\\\/marktxxl.de\\\/markt\\\/produkt\\\/decomomo-faltbarer-aufbewahrungskorb-stabiler-kationischer-stoff-aufbewahrungskorb-mit-griffen-fuer-die-organisation-von-regal-kinderzimmer-zuhause-schrank\\\/#primaryimage\"},\"thumbnailUrl\":\"https:\\\/\\\/m.media-amazon.com\\\/images\\\/I\\\/51Wn9PjD1lL._SL500_.jpg\",\"datePublished\":\"2024-06-28T08:58:19+00:00\",\"description\":\"Markt-XXL DECOMOMO Faltbarer Aufbewahrungskorb | Stabiler kationischer Stoff-Aufbewahrungskorb mit Griffen f\u00fcr die Organisation von Regal, Kinderzimmer, Zuhause, Schrank\",\"breadcrumb\":{\"@id\":\"https:\\\/\\\/marktxxl.de\\\/markt\\\/produkt\\\/decomomo-faltbarer-aufbewahrungskorb-stabiler-kationischer-stoff-aufbewahrungskorb-mit-griffen-fuer-die-organisation-von-regal-kinderzimmer-zuhause-schrank\\\/#breadcrumb\"},\"inLanguage\":\"de\",\"potentialAction\":[{\"@type\":\"ReadAction\",\"target\":[\"https:\\\/\\\/marktxxl.de\\\/markt\\\/produkt\\\/decomomo-faltbarer-aufbewahrungskorb-stabiler-kationischer-stoff-aufbewahrungskorb-mit-griffen-fuer-die-organisation-von-regal-kinderzimmer-zuhause-schrank\\\/\"]}]},{\"@type\":\"ImageObject\",\"inLanguage\":\"de\",\"@id\":\"https:\\\/\\\/marktxxl.de\\\/markt\\\/produkt\\\/decomomo-faltbarer-aufbewahrungskorb-stabiler-kationischer-stoff-aufbewahrungskorb-mit-griffen-fuer-die-organisation-von-regal-kinderzimmer-zuhause-schrank\\\/#primaryimage\",\"url\":\"https:\\\/\\\/m.media-amazon.com\\\/images\\\/I\\\/51Wn9PjD1lL._SL500_.jpg\",\"contentUrl\":\"https:\\\/\\\/m.media-amazon.com\\\/images\\\/I\\\/51Wn9PjD1lL._SL500_.jpg\",\"width\":500,\"height\":500},{\"@type\":\"BreadcrumbList\",\"@id\":\"https:\\\/\\\/marktxxl.de\\\/markt\\\/produkt\\\/decomomo-faltbarer-aufbewahrungskorb-stabiler-kationischer-stoff-aufbewahrungskorb-mit-griffen-fuer-die-organisation-von-regal-kinderzimmer-zuhause-schrank\\\/#breadcrumb\",\"itemListElement\":[{\"@type\":\"ListItem\",\"position\":1,\"name\":\"Startseite\",\"item\":\"https:\\\/\\\/marktxxl.de\\\/markt\\\/\"},{\"@type\":\"ListItem\",\"position\":2,\"name\":\"Markt\",\"item\":\"https:\\\/\\\/marktxxl.de\\\/markt\\\/\"},{\"@type\":\"ListItem\",\"position\":3,\"name\":\"DECOMOMO Faltbarer Aufbewahrungskorb | Stabiler kationischer Stoff-Aufbewahrungskorb mit Griffen f\u00fcr die Organisation von Regal, Kinderzimmer, Zuhause, Schrank\"}]},{\"@type\":\"WebSite\",\"@id\":\"https:\\\/\\\/marktxxl.de\\\/markt\\\/#website\",\"url\":\"https:\\\/\\\/marktxxl.de\\\/markt\\\/\",\"name\":\"Markt-XXL\",\"description\":\"Ihr Markt Online\",\"publisher\":{\"@id\":\"https:\\\/\\\/marktxxl.de\\\/markt\\\/#organization\"},\"potentialAction\":[{\"@type\":\"SearchAction\",\"target\":{\"@type\":\"EntryPoint\",\"urlTemplate\":\"https:\\\/\\\/marktxxl.de\\\/markt\\\/?s={search_term_string}\"},\"query-input\":{\"@type\":\"PropertyValueSpecification\",\"valueRequired\":true,\"valueName\":\"search_term_string\"}}],\"inLanguage\":\"de\"},{\"@type\":\"Organization\",\"@id\":\"https:\\\/\\\/marktxxl.de\\\/markt\\\/#organization\",\"name\":\"Markt-XXL\",\"url\":\"https:\\\/\\\/marktxxl.de\\\/markt\\\/\",\"logo\":{\"@type\":\"ImageObject\",\"inLanguage\":\"de\",\"@id\":\"https:\\\/\\\/marktxxl.de\\\/markt\\\/#\\\/schema\\\/logo\\\/image\\\/\",\"url\":\"https:\\\/\\\/marktxxl.de\\\/markt\\\/wp-content\\\/uploads\\\/sites\\\/3\\\/2020\\\/12\\\/logo.png\",\"contentUrl\":\"https:\\\/\\\/marktxxl.de\\\/markt\\\/wp-content\\\/uploads\\\/sites\\\/3\\\/2020\\\/12\\\/logo.png\",\"width\":200,\"height\":70,\"caption\":\"Markt-XXL\"},\"image\":{\"@id\":\"https:\\\/\\\/marktxxl.de\\\/markt\\\/#\\\/schema\\\/logo\\\/image\\\/\"}}]}<\/script>\n<!-- \/ Yoast SEO plugin. -->","yoast_head_json":{"title":"DECOMOMO Faltbarer Aufbewahrungskorb | Stabiler kationischer Stoff-Aufbewahrungskorb mit Griffen f\u00fcr die Organisation von Regal, Kinderzimmer, Zuhause, Schrank - Markt-XXL","description":"Markt-XXL DECOMOMO Faltbarer Aufbewahrungskorb | Stabiler kationischer Stoff-Aufbewahrungskorb mit Griffen f\u00fcr die Organisation von Regal, Kinderzimmer, Zuhause, Schrank","robots":{"index":"index","follow":"follow","max-snippet":"max-snippet:-1","max-image-preview":"max-image-preview:large","max-video-preview":"max-video-preview:-1"},"canonical":"https:\/\/marktxxl.de\/markt\/produkt\/decomomo-faltbarer-aufbewahrungskorb-stabiler-kationischer-stoff-aufbewahrungskorb-mit-griffen-fuer-die-organisation-von-regal-kinderzimmer-zuhause-schrank\/","og_locale":"de_DE","og_type":"article","og_title":"DECOMOMO Faltbarer Aufbewahrungskorb | Stabiler kationischer Stoff-Aufbewahrungskorb mit Griffen f\u00fcr die Organisation von Regal, Kinderzimmer, Zuhause, Schrank - Markt-XXL","og_description":"Markt-XXL DECOMOMO Faltbarer Aufbewahrungskorb | Stabiler kationischer Stoff-Aufbewahrungskorb mit Griffen f\u00fcr die Organisation von Regal, Kinderzimmer, Zuhause, Schrank","og_url":"https:\/\/marktxxl.de\/markt\/produkt\/decomomo-faltbarer-aufbewahrungskorb-stabiler-kationischer-stoff-aufbewahrungskorb-mit-griffen-fuer-die-organisation-von-regal-kinderzimmer-zuhause-schrank\/","og_site_name":"Markt-XXL","twitter_card":"summary_large_image","twitter_misc":{"Gesch\u00e4tzte Lesezeit":"2\u00a0Minuten"},"schema":{"@context":"https:\/\/schema.org","@graph":[{"@type":"WebPage","@id":"https:\/\/marktxxl.de\/markt\/produkt\/decomomo-faltbarer-aufbewahrungskorb-stabiler-kationischer-stoff-aufbewahrungskorb-mit-griffen-fuer-die-organisation-von-regal-kinderzimmer-zuhause-schrank\/","url":"https:\/\/marktxxl.de\/markt\/produkt\/decomomo-faltbarer-aufbewahrungskorb-stabiler-kationischer-stoff-aufbewahrungskorb-mit-griffen-fuer-die-organisation-von-regal-kinderzimmer-zuhause-schrank\/","name":"DECOMOMO Faltbarer Aufbewahrungskorb | Stabiler kationischer Stoff-Aufbewahrungskorb mit Griffen f\u00fcr die Organisation von Regal, Kinderzimmer, Zuhause, Schrank - Markt-XXL","isPartOf":{"@id":"https:\/\/marktxxl.de\/markt\/#website"},"primaryImageOfPage":{"@id":"https:\/\/marktxxl.de\/markt\/produkt\/decomomo-faltbarer-aufbewahrungskorb-stabiler-kationischer-stoff-aufbewahrungskorb-mit-griffen-fuer-die-organisation-von-regal-kinderzimmer-zuhause-schrank\/#primaryimage"},"image":{"@id":"https:\/\/marktxxl.de\/markt\/produkt\/decomomo-faltbarer-aufbewahrungskorb-stabiler-kationischer-stoff-aufbewahrungskorb-mit-griffen-fuer-die-organisation-von-regal-kinderzimmer-zuhause-schrank\/#primaryimage"},"thumbnailUrl":"https:\/\/m.media-amazon.com\/images\/I\/51Wn9PjD1lL._SL500_.jpg","datePublished":"2024-06-28T08:58:19+00:00","description":"Markt-XXL DECOMOMO Faltbarer Aufbewahrungskorb | Stabiler kationischer Stoff-Aufbewahrungskorb mit Griffen f\u00fcr die Organisation von Regal, Kinderzimmer, Zuhause, Schrank","breadcrumb":{"@id":"https:\/\/marktxxl.de\/markt\/produkt\/decomomo-faltbarer-aufbewahrungskorb-stabiler-kationischer-stoff-aufbewahrungskorb-mit-griffen-fuer-die-organisation-von-regal-kinderzimmer-zuhause-schrank\/#breadcrumb"},"inLanguage":"de","potentialAction":[{"@type":"ReadAction","target":["https:\/\/marktxxl.de\/markt\/produkt\/decomomo-faltbarer-aufbewahrungskorb-stabiler-kationischer-stoff-aufbewahrungskorb-mit-griffen-fuer-die-organisation-von-regal-kinderzimmer-zuhause-schrank\/"]}]},{"@type":"ImageObject","inLanguage":"de","@id":"https:\/\/marktxxl.de\/markt\/produkt\/decomomo-faltbarer-aufbewahrungskorb-stabiler-kationischer-stoff-aufbewahrungskorb-mit-griffen-fuer-die-organisation-von-regal-kinderzimmer-zuhause-schrank\/#primaryimage","url":"https:\/\/m.media-amazon.com\/images\/I\/51Wn9PjD1lL._SL500_.jpg","contentUrl":"https:\/\/m.media-amazon.com\/images\/I\/51Wn9PjD1lL._SL500_.jpg","width":500,"height":500},{"@type":"BreadcrumbList","@id":"https:\/\/marktxxl.de\/markt\/produkt\/decomomo-faltbarer-aufbewahrungskorb-stabiler-kationischer-stoff-aufbewahrungskorb-mit-griffen-fuer-die-organisation-von-regal-kinderzimmer-zuhause-schrank\/#breadcrumb","itemListElement":[{"@type":"ListItem","position":1,"name":"Startseite","item":"https:\/\/marktxxl.de\/markt\/"},{"@type":"ListItem","position":2,"name":"Markt","item":"https:\/\/marktxxl.de\/markt\/"},{"@type":"ListItem","position":3,"name":"DECOMOMO Faltbarer Aufbewahrungskorb | Stabiler kationischer Stoff-Aufbewahrungskorb mit Griffen f\u00fcr die Organisation von Regal, Kinderzimmer, Zuhause, Schrank"}]},{"@type":"WebSite","@id":"https:\/\/marktxxl.de\/markt\/#website","url":"https:\/\/marktxxl.de\/markt\/","name":"Markt-XXL","description":"Ihr Markt Online","publisher":{"@id":"https:\/\/marktxxl.de\/markt\/#organization"},"potentialAction":[{"@type":"SearchAction","target":{"@type":"EntryPoint","urlTemplate":"https:\/\/marktxxl.de\/markt\/?s={search_term_string}"},"query-input":{"@type":"PropertyValueSpecification","valueRequired":true,"valueName":"search_term_string"}}],"inLanguage":"de"},{"@type":"Organization","@id":"https:\/\/marktxxl.de\/markt\/#organization","name":"Markt-XXL","url":"https:\/\/marktxxl.de\/markt\/","logo":{"@type":"ImageObject","inLanguage":"de","@id":"https:\/\/marktxxl.de\/markt\/#\/schema\/logo\/image\/","url":"https:\/\/marktxxl.de\/markt\/wp-content\/uploads\/sites\/3\/2020\/12\/logo.png","contentUrl":"https:\/\/marktxxl.de\/markt\/wp-content\/uploads\/sites\/3\/2020\/12\/logo.png","width":200,"height":70,"caption":"Markt-XXL"},"image":{"@id":"https:\/\/marktxxl.de\/markt\/#\/schema\/logo\/image\/"}}]}},"_links":{"self":[{"href":"https:\/\/marktxxl.de\/markt\/wp-json\/wp\/v2\/product\/212019","targetHints":{"allow":["GET"]}}],"collection":[{"href":"https:\/\/marktxxl.de\/markt\/wp-json\/wp\/v2\/product"}],"about":[{"href":"https:\/\/marktxxl.de\/markt\/wp-json\/wp\/v2\/types\/product"}],"replies":[{"embeddable":true,"href":"https:\/\/marktxxl.de\/markt\/wp-json\/wp\/v2\/comments?post=212019"}],"wp:featuredmedia":[{"embeddable":true,"href":"https:\/\/marktxxl.de\/markt\/wp-json\/wp\/v2\/media\/212020"}],"wp:attachment":[{"href":"https:\/\/marktxxl.de\/markt\/wp-json\/wp\/v2\/media?parent=212019"}],"wp:term":[{"taxonomy":"product_brand","embeddable":true,"href":"https:\/\/marktxxl.de\/markt\/wp-json\/wp\/v2\/product_brand?post=212019"},{"taxonomy":"product_cat","embeddable":true,"href":"https:\/\/marktxxl.de\/markt\/wp-json\/wp\/v2\/product_cat?post=212019"},{"taxonomy":"product_tag","embeddable":true,"href":"https:\/\/marktxxl.de\/markt\/wp-json\/wp\/v2\/product_tag?post=212019"}],"curies":[{"name":"wp","href":"https:\/\/api.w.org\/{rel}","templated":true}]}}