{"id":211852,"date":"2024-06-28T09:58:44","date_gmt":"2024-06-28T07:58:44","guid":{"rendered":"https:\/\/marktxxl.de\/markt\/produkt\/vivulla68-wifey-nutrition-facts-tumbler-gifts-for-wife-wife-gifts-from-husband-birthday-gifts-for-wife-from-husband-romantic-gift-for-her-gifts-for-her-anniversary-wife-birthday-gifts-ideas\/"},"modified":"2024-06-28T09:58:44","modified_gmt":"2024-06-28T07:58:44","slug":"vivulla68-wifey-nutrition-facts-tumbler-gifts-for-wife-wife-gifts-from-husband-birthday-gifts-for-wife-from-husband-romantic-gift-for-her-gifts-for-her-anniversary-wife-birthday-gifts-ideas","status":"publish","type":"product","link":"https:\/\/marktxxl.de\/markt\/produkt\/vivulla68-wifey-nutrition-facts-tumbler-gifts-for-wife-wife-gifts-from-husband-birthday-gifts-for-wife-from-husband-romantic-gift-for-her-gifts-for-her-anniversary-wife-birthday-gifts-ideas\/","title":{"rendered":"Vivulla68 Wifey Nutrition Facts Tumbler, Gifts for Wife, Wife Gifts from Husband, Birthday Gifts for Wife from Husband, Romantic Gift for Her, Gifts for Her Anniversary, Wife Birthday Gifts Ideas"},"content":{"rendered":"<p>Geschenke f\u00fcr die Frau zum Jahrestag: Umarmen Sie das Gef\u00fchl Ihrer Liebe zu Ihrer Frau mit diesem Becher f\u00fcr die Frau, der perfekte Zuneigungsbeweis f\u00fcr die gesch\u00e4tzte Person in Ihrem Leben, wie zum Beispiel 1 Jahr Jubil\u00e4umsgeschenke f\u00fcr Frau oder romantisches Geschenk f\u00fcr sie<br \/>\n\u3010Tolle Frau Geburtstagsgeschenke\u3011Wenn Sie auf der Suche nach einem Geburtstagsgeschenk f\u00fcr Frau sind, dann feiern Sie den Geburtstag Ihrer Frau mit W\u00e4rme und sch\u00f6nen Erinnerungen mit diesem besonderen Geschenk. Es ist mehr als nur ein Geschenk, es ist ein herzlicher Wunsch und ein Grund zum Feiern.<br \/>\nGeschenke f\u00fcr die Frau vom Ehemann: Dieser Becher f\u00fcr die Frau ist nicht nur auf den Jahrestag beschr\u00e4nkt. Ob Geschenk f\u00fcr die Frau zum Geburtstag, Valentinstag, Weihnachtsgeschenke vom Ehemann oder romantische Geschenke f\u00fcr Ehefrau, dieser Becher ist eine entz\u00fcckende Wahl.<br \/>\nHochwertiges Material und BPA-frei: Dieser Wifey-Becher ist aus Edelstahl gefertigt, wodurch er langlebig, unzerbrechlich und schwei\u00dffest ist. Doppelwandige Vakuumisolierung h\u00e4lt Ihre Getr\u00e4nke 6+ Stunden hei\u00df und unter normalen Bedingungen 12+ Stunden kalt.<br \/>\nWifey-Becher mit Strohhalm: Dieser Becher wird mit 1 Becher mit Griff, 100% auslaufsicherem Klappdeckel, 1 Strohhalm und 1 Strohhalm-Reiniger geliefert. Es wurde entwickelt, um keine seltsamen Ger\u00fcche oder Geschmack zu behalten, um sicherzustellen, dass Ihre Getr\u00e4nke frisch und k\u00f6stlich bleiben<br \/>\n<div class=\"main-cross-sell\" data-asin=\"B0CG1MM3Q9\">\n\n\t<div class=\"WooZone-cross-sell-loader\">\n\t\t<div>\n\t\t\t<div id=\"floatingBarsG\">\n\t\t\t\t<div class=\"blockG\" id=\"rotateG_01\"><\/div>\n\t\t\t\t<div class=\"blockG\" id=\"rotateG_02\"><\/div>\n\t\t\t\t<div class=\"blockG\" id=\"rotateG_03\"><\/div>\n\t\t\t\t<div class=\"blockG\" id=\"rotateG_04\"><\/div>\n\t\t\t\t<div class=\"blockG\" id=\"rotateG_05\"><\/div>\n\t\t\t\t<div class=\"blockG\" id=\"rotateG_06\"><\/div>\n\t\t\t\t<div class=\"blockG\" id=\"rotateG_07\"><\/div>\n\t\t\t\t<div class=\"blockG\" id=\"rotateG_08\"><\/div>\n\t\t\t<\/div>\n\t\t\t<div class=\"WooZone-cross-sell-loader-text\"><\/div>\n\t\t<\/div>\n\t<\/div>\n\n\t\t\n<\/div>\n<div style=\"clear:both;\"><\/div><\/p>\n","protected":false},"excerpt":{"rendered":"<p>Geschenke f\u00fcr die Frau zum Jahrestag: Umarmen Sie das Gef\u00fchl Ihrer Liebe zu Ihrer Frau mit diesem Becher f\u00fcr die Frau, der perfekte Zuneigungsbeweis f\u00fcr die gesch\u00e4tzte Person in Ihrem Leben, wie zum Beispiel 1 Jahr Jubil\u00e4umsgeschenke f\u00fcr Frau oder romantisches Geschenk f\u00fcr sie<br \/>\n\u3010Tolle Frau Geburtstagsgeschenke\u3011Wenn Sie auf der Suche nach einem Geburtstagsgeschenk f\u00fcr Frau sind, dann feiern Sie den Geburtstag Ihrer Frau mit W\u00e4rme und sch\u00f6nen Erinnerungen mit diesem besonderen Geschenk. Es ist mehr als nur ein Geschenk, es ist ein herzlicher Wunsch und ein Grund zum Feiern.<br \/>\nGeschenke f\u00fcr die Frau vom Ehemann: Dieser Becher f\u00fcr die Frau ist nicht nur auf den Jahrestag beschr\u00e4nkt. Ob Geschenk f\u00fcr die Frau zum Geburtstag, Valentinstag, Weihnachtsgeschenke vom Ehemann oder romantische Geschenke f\u00fcr Ehefrau, dieser Becher ist eine entz\u00fcckende Wahl.<\/p>\n","protected":false},"featured_media":211853,"comment_status":"open","ping_status":"closed","template":"","meta":[],"product_brand":[],"product_cat":[652,2977],"product_tag":[],"class_list":{"0":"post-211852","1":"product","2":"type-product","3":"status-publish","4":"has-post-thumbnail","6":"product_cat-erotik-markt-xxl","7":"product_cat-sexspielzeug","8":"pa_binding-haushaltswaren","9":"pa_brand-vivulla68","10":"pa_color-weiss-opulenter-garten","11":"pa_height-10-63-zoll","12":"pa_length-2-91-zoll","13":"pa_model-wifey","14":"pa_weight-1-43-pounds","15":"pa_width-2-91-zoll","17":"first","18":"instock","19":"shipping-taxable","20":"purchasable","21":"product-type-simple","22":"customify-col","23":"product-has-gallery"},"yoast_head":"<!-- This site is optimized with the Yoast SEO plugin v27.3 - https:\/\/yoast.com\/product\/yoast-seo-wordpress\/ -->\n<title>Vivulla68 Wifey Nutrition Facts Tumbler, Gifts for Wife, Wife Gifts from Husband, Birthday Gifts for Wife from Husband, Romantic Gift for Her, Gifts for Her Anniversary, Wife Birthday Gifts Ideas - Markt-XXL<\/title>\n<meta name=\"description\" content=\"Markt-XXL Vivulla68 Wifey Nutrition Facts Tumbler, Gifts for Wife, Wife Gifts from Husband, Birthday Gifts for Wife from Husband, Romantic Gift for Her, Gifts for Her Anniversary, Wife Birthday Gifts Ideas\" \/>\n<meta name=\"robots\" content=\"index, follow, max-snippet:-1, max-image-preview:large, max-video-preview:-1\" \/>\n<link rel=\"canonical\" href=\"https:\/\/marktxxl.de\/markt\/produkt\/vivulla68-wifey-nutrition-facts-tumbler-gifts-for-wife-wife-gifts-from-husband-birthday-gifts-for-wife-from-husband-romantic-gift-for-her-gifts-for-her-anniversary-wife-birthday-gifts-ideas\/\" \/>\n<meta property=\"og:locale\" content=\"de_DE\" \/>\n<meta property=\"og:type\" content=\"article\" \/>\n<meta property=\"og:title\" content=\"Vivulla68 Wifey Nutrition Facts Tumbler, Gifts for Wife, Wife Gifts from Husband, Birthday Gifts for Wife from Husband, Romantic Gift for Her, Gifts for Her Anniversary, Wife Birthday Gifts Ideas - Markt-XXL\" \/>\n<meta property=\"og:description\" content=\"Markt-XXL Vivulla68 Wifey Nutrition Facts Tumbler, Gifts for Wife, Wife Gifts from Husband, Birthday Gifts for Wife from Husband, Romantic Gift for Her, Gifts for Her Anniversary, Wife Birthday Gifts Ideas\" \/>\n<meta property=\"og:url\" content=\"https:\/\/marktxxl.de\/markt\/produkt\/vivulla68-wifey-nutrition-facts-tumbler-gifts-for-wife-wife-gifts-from-husband-birthday-gifts-for-wife-from-husband-romantic-gift-for-her-gifts-for-her-anniversary-wife-birthday-gifts-ideas\/\" \/>\n<meta property=\"og:site_name\" content=\"Markt-XXL\" \/>\n<meta name=\"twitter:card\" content=\"summary_large_image\" \/>\n<meta name=\"twitter:label1\" content=\"Gesch\u00e4tzte Lesezeit\" \/>\n\t<meta name=\"twitter:data1\" content=\"1\u00a0Minute\" \/>\n<script type=\"application\/ld+json\" class=\"yoast-schema-graph\">{\"@context\":\"https:\\\/\\\/schema.org\",\"@graph\":[{\"@type\":\"WebPage\",\"@id\":\"https:\\\/\\\/marktxxl.de\\\/markt\\\/produkt\\\/vivulla68-wifey-nutrition-facts-tumbler-gifts-for-wife-wife-gifts-from-husband-birthday-gifts-for-wife-from-husband-romantic-gift-for-her-gifts-for-her-anniversary-wife-birthday-gifts-ideas\\\/\",\"url\":\"https:\\\/\\\/marktxxl.de\\\/markt\\\/produkt\\\/vivulla68-wifey-nutrition-facts-tumbler-gifts-for-wife-wife-gifts-from-husband-birthday-gifts-for-wife-from-husband-romantic-gift-for-her-gifts-for-her-anniversary-wife-birthday-gifts-ideas\\\/\",\"name\":\"Vivulla68 Wifey Nutrition Facts Tumbler, Gifts for Wife, Wife Gifts from Husband, Birthday Gifts for Wife from Husband, Romantic Gift for Her, Gifts for Her Anniversary, Wife Birthday Gifts Ideas - Markt-XXL\",\"isPartOf\":{\"@id\":\"https:\\\/\\\/marktxxl.de\\\/markt\\\/#website\"},\"primaryImageOfPage\":{\"@id\":\"https:\\\/\\\/marktxxl.de\\\/markt\\\/produkt\\\/vivulla68-wifey-nutrition-facts-tumbler-gifts-for-wife-wife-gifts-from-husband-birthday-gifts-for-wife-from-husband-romantic-gift-for-her-gifts-for-her-anniversary-wife-birthday-gifts-ideas\\\/#primaryimage\"},\"image\":{\"@id\":\"https:\\\/\\\/marktxxl.de\\\/markt\\\/produkt\\\/vivulla68-wifey-nutrition-facts-tumbler-gifts-for-wife-wife-gifts-from-husband-birthday-gifts-for-wife-from-husband-romantic-gift-for-her-gifts-for-her-anniversary-wife-birthday-gifts-ideas\\\/#primaryimage\"},\"thumbnailUrl\":\"https:\\\/\\\/m.media-amazon.com\\\/images\\\/I\\\/41mKWjTzcrL._SL500_.jpg\",\"datePublished\":\"2024-06-28T07:58:44+00:00\",\"description\":\"Markt-XXL Vivulla68 Wifey Nutrition Facts Tumbler, Gifts for Wife, Wife Gifts from Husband, Birthday Gifts for Wife from Husband, Romantic Gift for Her, Gifts for Her Anniversary, Wife Birthday Gifts Ideas\",\"breadcrumb\":{\"@id\":\"https:\\\/\\\/marktxxl.de\\\/markt\\\/produkt\\\/vivulla68-wifey-nutrition-facts-tumbler-gifts-for-wife-wife-gifts-from-husband-birthday-gifts-for-wife-from-husband-romantic-gift-for-her-gifts-for-her-anniversary-wife-birthday-gifts-ideas\\\/#breadcrumb\"},\"inLanguage\":\"de\",\"potentialAction\":[{\"@type\":\"ReadAction\",\"target\":[\"https:\\\/\\\/marktxxl.de\\\/markt\\\/produkt\\\/vivulla68-wifey-nutrition-facts-tumbler-gifts-for-wife-wife-gifts-from-husband-birthday-gifts-for-wife-from-husband-romantic-gift-for-her-gifts-for-her-anniversary-wife-birthday-gifts-ideas\\\/\"]}]},{\"@type\":\"ImageObject\",\"inLanguage\":\"de\",\"@id\":\"https:\\\/\\\/marktxxl.de\\\/markt\\\/produkt\\\/vivulla68-wifey-nutrition-facts-tumbler-gifts-for-wife-wife-gifts-from-husband-birthday-gifts-for-wife-from-husband-romantic-gift-for-her-gifts-for-her-anniversary-wife-birthday-gifts-ideas\\\/#primaryimage\",\"url\":\"https:\\\/\\\/m.media-amazon.com\\\/images\\\/I\\\/41mKWjTzcrL._SL500_.jpg\",\"contentUrl\":\"https:\\\/\\\/m.media-amazon.com\\\/images\\\/I\\\/41mKWjTzcrL._SL500_.jpg\",\"width\":500,\"height\":500},{\"@type\":\"BreadcrumbList\",\"@id\":\"https:\\\/\\\/marktxxl.de\\\/markt\\\/produkt\\\/vivulla68-wifey-nutrition-facts-tumbler-gifts-for-wife-wife-gifts-from-husband-birthday-gifts-for-wife-from-husband-romantic-gift-for-her-gifts-for-her-anniversary-wife-birthday-gifts-ideas\\\/#breadcrumb\",\"itemListElement\":[{\"@type\":\"ListItem\",\"position\":1,\"name\":\"Startseite\",\"item\":\"https:\\\/\\\/marktxxl.de\\\/markt\\\/\"},{\"@type\":\"ListItem\",\"position\":2,\"name\":\"Markt\",\"item\":\"https:\\\/\\\/marktxxl.de\\\/markt\\\/\"},{\"@type\":\"ListItem\",\"position\":3,\"name\":\"Vivulla68 Wifey Nutrition Facts Tumbler, Gifts for Wife, Wife Gifts from Husband, Birthday Gifts for Wife from Husband, Romantic Gift for Her, Gifts for Her Anniversary, Wife Birthday Gifts Ideas\"}]},{\"@type\":\"WebSite\",\"@id\":\"https:\\\/\\\/marktxxl.de\\\/markt\\\/#website\",\"url\":\"https:\\\/\\\/marktxxl.de\\\/markt\\\/\",\"name\":\"Markt-XXL\",\"description\":\"Ihr Markt Online\",\"publisher\":{\"@id\":\"https:\\\/\\\/marktxxl.de\\\/markt\\\/#organization\"},\"potentialAction\":[{\"@type\":\"SearchAction\",\"target\":{\"@type\":\"EntryPoint\",\"urlTemplate\":\"https:\\\/\\\/marktxxl.de\\\/markt\\\/?s={search_term_string}\"},\"query-input\":{\"@type\":\"PropertyValueSpecification\",\"valueRequired\":true,\"valueName\":\"search_term_string\"}}],\"inLanguage\":\"de\"},{\"@type\":\"Organization\",\"@id\":\"https:\\\/\\\/marktxxl.de\\\/markt\\\/#organization\",\"name\":\"Markt-XXL\",\"url\":\"https:\\\/\\\/marktxxl.de\\\/markt\\\/\",\"logo\":{\"@type\":\"ImageObject\",\"inLanguage\":\"de\",\"@id\":\"https:\\\/\\\/marktxxl.de\\\/markt\\\/#\\\/schema\\\/logo\\\/image\\\/\",\"url\":\"https:\\\/\\\/marktxxl.de\\\/markt\\\/wp-content\\\/uploads\\\/sites\\\/3\\\/2020\\\/12\\\/logo.png\",\"contentUrl\":\"https:\\\/\\\/marktxxl.de\\\/markt\\\/wp-content\\\/uploads\\\/sites\\\/3\\\/2020\\\/12\\\/logo.png\",\"width\":200,\"height\":70,\"caption\":\"Markt-XXL\"},\"image\":{\"@id\":\"https:\\\/\\\/marktxxl.de\\\/markt\\\/#\\\/schema\\\/logo\\\/image\\\/\"}}]}<\/script>\n<!-- \/ Yoast SEO plugin. -->","yoast_head_json":{"title":"Vivulla68 Wifey Nutrition Facts Tumbler, Gifts for Wife, Wife Gifts from Husband, Birthday Gifts for Wife from Husband, Romantic Gift for Her, Gifts for Her Anniversary, Wife Birthday Gifts Ideas - Markt-XXL","description":"Markt-XXL Vivulla68 Wifey Nutrition Facts Tumbler, Gifts for Wife, Wife Gifts from Husband, Birthday Gifts for Wife from Husband, Romantic Gift for Her, Gifts for Her Anniversary, Wife Birthday Gifts Ideas","robots":{"index":"index","follow":"follow","max-snippet":"max-snippet:-1","max-image-preview":"max-image-preview:large","max-video-preview":"max-video-preview:-1"},"canonical":"https:\/\/marktxxl.de\/markt\/produkt\/vivulla68-wifey-nutrition-facts-tumbler-gifts-for-wife-wife-gifts-from-husband-birthday-gifts-for-wife-from-husband-romantic-gift-for-her-gifts-for-her-anniversary-wife-birthday-gifts-ideas\/","og_locale":"de_DE","og_type":"article","og_title":"Vivulla68 Wifey Nutrition Facts Tumbler, Gifts for Wife, Wife Gifts from Husband, Birthday Gifts for Wife from Husband, Romantic Gift for Her, Gifts for Her Anniversary, Wife Birthday Gifts Ideas - Markt-XXL","og_description":"Markt-XXL Vivulla68 Wifey Nutrition Facts Tumbler, Gifts for Wife, Wife Gifts from Husband, Birthday Gifts for Wife from Husband, Romantic Gift for Her, Gifts for Her Anniversary, Wife Birthday Gifts Ideas","og_url":"https:\/\/marktxxl.de\/markt\/produkt\/vivulla68-wifey-nutrition-facts-tumbler-gifts-for-wife-wife-gifts-from-husband-birthday-gifts-for-wife-from-husband-romantic-gift-for-her-gifts-for-her-anniversary-wife-birthday-gifts-ideas\/","og_site_name":"Markt-XXL","twitter_card":"summary_large_image","twitter_misc":{"Gesch\u00e4tzte Lesezeit":"1\u00a0Minute"},"schema":{"@context":"https:\/\/schema.org","@graph":[{"@type":"WebPage","@id":"https:\/\/marktxxl.de\/markt\/produkt\/vivulla68-wifey-nutrition-facts-tumbler-gifts-for-wife-wife-gifts-from-husband-birthday-gifts-for-wife-from-husband-romantic-gift-for-her-gifts-for-her-anniversary-wife-birthday-gifts-ideas\/","url":"https:\/\/marktxxl.de\/markt\/produkt\/vivulla68-wifey-nutrition-facts-tumbler-gifts-for-wife-wife-gifts-from-husband-birthday-gifts-for-wife-from-husband-romantic-gift-for-her-gifts-for-her-anniversary-wife-birthday-gifts-ideas\/","name":"Vivulla68 Wifey Nutrition Facts Tumbler, Gifts for Wife, Wife Gifts from Husband, Birthday Gifts for Wife from Husband, Romantic Gift for Her, Gifts for Her Anniversary, Wife Birthday Gifts Ideas - Markt-XXL","isPartOf":{"@id":"https:\/\/marktxxl.de\/markt\/#website"},"primaryImageOfPage":{"@id":"https:\/\/marktxxl.de\/markt\/produkt\/vivulla68-wifey-nutrition-facts-tumbler-gifts-for-wife-wife-gifts-from-husband-birthday-gifts-for-wife-from-husband-romantic-gift-for-her-gifts-for-her-anniversary-wife-birthday-gifts-ideas\/#primaryimage"},"image":{"@id":"https:\/\/marktxxl.de\/markt\/produkt\/vivulla68-wifey-nutrition-facts-tumbler-gifts-for-wife-wife-gifts-from-husband-birthday-gifts-for-wife-from-husband-romantic-gift-for-her-gifts-for-her-anniversary-wife-birthday-gifts-ideas\/#primaryimage"},"thumbnailUrl":"https:\/\/m.media-amazon.com\/images\/I\/41mKWjTzcrL._SL500_.jpg","datePublished":"2024-06-28T07:58:44+00:00","description":"Markt-XXL Vivulla68 Wifey Nutrition Facts Tumbler, Gifts for Wife, Wife Gifts from Husband, Birthday Gifts for Wife from Husband, Romantic Gift for Her, Gifts for Her Anniversary, Wife Birthday Gifts Ideas","breadcrumb":{"@id":"https:\/\/marktxxl.de\/markt\/produkt\/vivulla68-wifey-nutrition-facts-tumbler-gifts-for-wife-wife-gifts-from-husband-birthday-gifts-for-wife-from-husband-romantic-gift-for-her-gifts-for-her-anniversary-wife-birthday-gifts-ideas\/#breadcrumb"},"inLanguage":"de","potentialAction":[{"@type":"ReadAction","target":["https:\/\/marktxxl.de\/markt\/produkt\/vivulla68-wifey-nutrition-facts-tumbler-gifts-for-wife-wife-gifts-from-husband-birthday-gifts-for-wife-from-husband-romantic-gift-for-her-gifts-for-her-anniversary-wife-birthday-gifts-ideas\/"]}]},{"@type":"ImageObject","inLanguage":"de","@id":"https:\/\/marktxxl.de\/markt\/produkt\/vivulla68-wifey-nutrition-facts-tumbler-gifts-for-wife-wife-gifts-from-husband-birthday-gifts-for-wife-from-husband-romantic-gift-for-her-gifts-for-her-anniversary-wife-birthday-gifts-ideas\/#primaryimage","url":"https:\/\/m.media-amazon.com\/images\/I\/41mKWjTzcrL._SL500_.jpg","contentUrl":"https:\/\/m.media-amazon.com\/images\/I\/41mKWjTzcrL._SL500_.jpg","width":500,"height":500},{"@type":"BreadcrumbList","@id":"https:\/\/marktxxl.de\/markt\/produkt\/vivulla68-wifey-nutrition-facts-tumbler-gifts-for-wife-wife-gifts-from-husband-birthday-gifts-for-wife-from-husband-romantic-gift-for-her-gifts-for-her-anniversary-wife-birthday-gifts-ideas\/#breadcrumb","itemListElement":[{"@type":"ListItem","position":1,"name":"Startseite","item":"https:\/\/marktxxl.de\/markt\/"},{"@type":"ListItem","position":2,"name":"Markt","item":"https:\/\/marktxxl.de\/markt\/"},{"@type":"ListItem","position":3,"name":"Vivulla68 Wifey Nutrition Facts Tumbler, Gifts for Wife, Wife Gifts from Husband, Birthday Gifts for Wife from Husband, Romantic Gift for Her, Gifts for Her Anniversary, Wife Birthday Gifts Ideas"}]},{"@type":"WebSite","@id":"https:\/\/marktxxl.de\/markt\/#website","url":"https:\/\/marktxxl.de\/markt\/","name":"Markt-XXL","description":"Ihr Markt Online","publisher":{"@id":"https:\/\/marktxxl.de\/markt\/#organization"},"potentialAction":[{"@type":"SearchAction","target":{"@type":"EntryPoint","urlTemplate":"https:\/\/marktxxl.de\/markt\/?s={search_term_string}"},"query-input":{"@type":"PropertyValueSpecification","valueRequired":true,"valueName":"search_term_string"}}],"inLanguage":"de"},{"@type":"Organization","@id":"https:\/\/marktxxl.de\/markt\/#organization","name":"Markt-XXL","url":"https:\/\/marktxxl.de\/markt\/","logo":{"@type":"ImageObject","inLanguage":"de","@id":"https:\/\/marktxxl.de\/markt\/#\/schema\/logo\/image\/","url":"https:\/\/marktxxl.de\/markt\/wp-content\/uploads\/sites\/3\/2020\/12\/logo.png","contentUrl":"https:\/\/marktxxl.de\/markt\/wp-content\/uploads\/sites\/3\/2020\/12\/logo.png","width":200,"height":70,"caption":"Markt-XXL"},"image":{"@id":"https:\/\/marktxxl.de\/markt\/#\/schema\/logo\/image\/"}}]}},"_links":{"self":[{"href":"https:\/\/marktxxl.de\/markt\/wp-json\/wp\/v2\/product\/211852","targetHints":{"allow":["GET"]}}],"collection":[{"href":"https:\/\/marktxxl.de\/markt\/wp-json\/wp\/v2\/product"}],"about":[{"href":"https:\/\/marktxxl.de\/markt\/wp-json\/wp\/v2\/types\/product"}],"replies":[{"embeddable":true,"href":"https:\/\/marktxxl.de\/markt\/wp-json\/wp\/v2\/comments?post=211852"}],"wp:featuredmedia":[{"embeddable":true,"href":"https:\/\/marktxxl.de\/markt\/wp-json\/wp\/v2\/media\/211853"}],"wp:attachment":[{"href":"https:\/\/marktxxl.de\/markt\/wp-json\/wp\/v2\/media?parent=211852"}],"wp:term":[{"taxonomy":"product_brand","embeddable":true,"href":"https:\/\/marktxxl.de\/markt\/wp-json\/wp\/v2\/product_brand?post=211852"},{"taxonomy":"product_cat","embeddable":true,"href":"https:\/\/marktxxl.de\/markt\/wp-json\/wp\/v2\/product_cat?post=211852"},{"taxonomy":"product_tag","embeddable":true,"href":"https:\/\/marktxxl.de\/markt\/wp-json\/wp\/v2\/product_tag?post=211852"}],"curies":[{"name":"wp","href":"https:\/\/api.w.org\/{rel}","templated":true}]}}