{"id":211381,"date":"2024-06-28T07:38:00","date_gmt":"2024-06-28T05:38:00","guid":{"rendered":"https:\/\/marktxxl.de\/markt\/produkt\/lifedesign-5x-trauerkarten-mit-umschlag-edel-beileidskarten-mit-umschlag-hochwertig-modern-einfuehlsam-kondolenzkarten-din-a6-klappkarten-trauerkarten-set-5-stk-beileid-ausdruecken-handmad\/"},"modified":"2024-06-28T07:38:00","modified_gmt":"2024-06-28T05:38:00","slug":"lifedesign-5x-trauerkarten-mit-umschlag-edel-beileidskarten-mit-umschlag-hochwertig-modern-einfuehlsam-kondolenzkarten-din-a6-klappkarten-trauerkarten-set-5-stk-beileid-ausdruecken-handmad","status":"publish","type":"product","link":"https:\/\/marktxxl.de\/markt\/produkt\/lifedesign-5x-trauerkarten-mit-umschlag-edel-beileidskarten-mit-umschlag-hochwertig-modern-einfuehlsam-kondolenzkarten-din-a6-klappkarten-trauerkarten-set-5-stk-beileid-ausdruecken-handmad\/","title":{"rendered":"LifeDesign 5x Trauerkarten mit Umschlag edel, Beileidskarten mit Umschlag hochwertig, modern &amp; einf\u00fchlsam, Kondolenzkarten DIN A6 Klappkarten Trauerkarten-Set 5 Stk. Beileid ausdr\u00fccken &#8211; Handmade-Stil"},"content":{"rendered":"<p>TRAUERKARTEN SET: Das Set beinhaltet 5 einf\u00fchlsame Trauerkarten mit passenden Umschl\u00e4gen. F\u00fcr jede Karte ist ein Umschlag dabei.<br \/>\nHOCHWERTIGE QUALIT\u00c4T: Die Kondolenzkarten sind von hochwertiger Papierqualit\u00e4t und die stabilen wei\u00dfen Briefumschl\u00e4ge aus 120g wei\u00dfem Naturpapier gefertigt.<br \/>\nEINZIGARTIGES DESIGN: Die Beileidskarten sind besonders liebevoll von Hand gemalt im modernen Aquarell-Watercolour Handmade-Stil und verleihen den Karten eine ansprechende Ausstrahlung.<br \/>\nVIELSEITIG: Die Innenseite der Trauerkarte ist blanko und bietet somit viel Platz f\u00fcr Ihre pers\u00f6nliche Anteilnahme, Trauer, Mitgef\u00fchl und um Herzliches Beileid auszudr\u00fccken.<br \/>\nMADE IN GERMANY: Die Entwicklung, das Design und die Produktion der LifeDesign Trauerkarten findet in Deutschland statt. Das schont die Umwelt, f\u00f6rdert die heimische Wirtschaft und verspricht Qualit\u00e4t.<br \/>\nMITGEF\u00dcHL AUSDR\u00dcCKEN: Eine Trauerkarte kann den Hinterbliebenen viel Trost schenken und das Wissen, dass Sie in Ihrer Trauer nicht alleine sind.<br \/>\nKARTEN-FORMAT: Die A6 Doppelkarten haben die Standard Postkarten Ma\u00dfe 14,8 x 10,5 cm. Passende C6 Briefumschl\u00e4ge liegen bei.<br \/>\nTRAUERSPR\u00dcCHE F\u00dcR BEILEIDSKARTEN: Als Trauerspr\u00fcche eignen sich Zitate, Gedichte, Beileidsbekundungen, pers\u00f6nliche &amp; liebevolle Worte, oder religi\u00f6se Trauerspr\u00fcche. Somit k\u00f6nnen Sie die Karten selbst gestalten und einen passenden Spruch oder Worte formulieren.<br \/>\nSTARKES PAPIER: Die stilvollen Kondolenzkarten mit Umschlag sind f\u00fcr herk\u00f6mmliche Stiftarten geeignet und sehr gut beschreibbar ohne zu verschmieren.<br \/>\nPASSENDER ANLASS: Mit LifeDesign finden Sie auch f\u00fcr andere Anl\u00e4sse wie Weihnachten oder um Ihre Gl\u00fcckw\u00fcnsche auszudr\u00fccken ebenfalls passende Karten in unserem Sortiment.<br \/>\n<div class=\"main-cross-sell\" data-asin=\"B07H1JR2JH\">\n\n\t<div class=\"WooZone-cross-sell-loader\">\n\t\t<div>\n\t\t\t<div id=\"floatingBarsG\">\n\t\t\t\t<div class=\"blockG\" id=\"rotateG_01\"><\/div>\n\t\t\t\t<div class=\"blockG\" id=\"rotateG_02\"><\/div>\n\t\t\t\t<div class=\"blockG\" id=\"rotateG_03\"><\/div>\n\t\t\t\t<div class=\"blockG\" id=\"rotateG_04\"><\/div>\n\t\t\t\t<div class=\"blockG\" id=\"rotateG_05\"><\/div>\n\t\t\t\t<div class=\"blockG\" id=\"rotateG_06\"><\/div>\n\t\t\t\t<div class=\"blockG\" id=\"rotateG_07\"><\/div>\n\t\t\t\t<div class=\"blockG\" id=\"rotateG_08\"><\/div>\n\t\t\t<\/div>\n\t\t\t<div class=\"WooZone-cross-sell-loader-text\"><\/div>\n\t\t<\/div>\n\t<\/div>\n\n\t\t\n<\/div>\n<div style=\"clear:both;\"><\/div><\/p>\n","protected":false},"excerpt":{"rendered":"<p>TRAUERKARTEN SET: Das Set beinhaltet 5 einf\u00fchlsame Trauerkarten mit passenden Umschl\u00e4gen. F\u00fcr jede Karte ist ein Umschlag dabei.<br \/>\nHOCHWERTIGE QUALIT\u00c4T: Die Kondolenzkarten sind von hochwertiger Papierqualit\u00e4t und die stabilen wei\u00dfen Briefumschl\u00e4ge aus 120g wei\u00dfem Naturpapier gefertigt.<br \/>\nEINZIGARTIGES DESIGN: Die Beileidskarten sind besonders liebevoll von Hand gemalt im modernen Aquarell-Watercolour Handmade-Stil und verleihen den Karten eine ansprechende Ausstrahlung.<\/p>\n","protected":false},"featured_media":211382,"comment_status":"open","ping_status":"closed","template":"","meta":[],"product_brand":[],"product_cat":[504,8527],"product_tag":[],"class_list":{"0":"post-211381","1":"product","2":"type-product","3":"status-publish","4":"has-post-thumbnail","6":"product_cat-buerobedarf-schreibwaren","7":"product_cat-papierprodukte","8":"pa_brand-lifedesign","9":"pa_height-0-31496-zoll","10":"pa_languages-unbekannt-deutsch","11":"pa_length-6-37794-zoll","12":"pa_manufacturer-lifedesign","13":"pa_size-din-a6","14":"pa_width-4-48818-zoll","16":"first","17":"instock","18":"shipping-taxable","19":"purchasable","20":"product-type-simple","21":"customify-col","22":"product-has-gallery"},"yoast_head":"<!-- This site is optimized with the Yoast SEO plugin v27.3 - https:\/\/yoast.com\/product\/yoast-seo-wordpress\/ -->\n<title>LifeDesign 5x Trauerkarten mit Umschlag edel, Beileidskarten mit Umschlag hochwertig, modern &amp; einf\u00fchlsam, Kondolenzkarten DIN A6 Klappkarten Trauerkarten-Set 5 Stk. Beileid ausdr\u00fccken - Handmade-Stil - Markt-XXL<\/title>\n<meta name=\"description\" content=\"Markt-XXL LifeDesign 5x Trauerkarten mit Umschlag edel, Beileidskarten mit Umschlag hochwertig, modern &amp; einf\u00fchlsam, Kondolenzkarten DIN A6 Klappkarten Trauerkarten-Set 5 Stk. Beileid ausdr\u00fccken - Handmade-Stil\" \/>\n<meta name=\"robots\" content=\"index, follow, max-snippet:-1, max-image-preview:large, max-video-preview:-1\" \/>\n<link rel=\"canonical\" href=\"https:\/\/marktxxl.de\/markt\/produkt\/lifedesign-5x-trauerkarten-mit-umschlag-edel-beileidskarten-mit-umschlag-hochwertig-modern-einfuehlsam-kondolenzkarten-din-a6-klappkarten-trauerkarten-set-5-stk-beileid-ausdruecken-handmad\/\" \/>\n<meta property=\"og:locale\" content=\"de_DE\" \/>\n<meta property=\"og:type\" content=\"article\" \/>\n<meta property=\"og:title\" content=\"LifeDesign 5x Trauerkarten mit Umschlag edel, Beileidskarten mit Umschlag hochwertig, modern &amp; einf\u00fchlsam, Kondolenzkarten DIN A6 Klappkarten Trauerkarten-Set 5 Stk. Beileid ausdr\u00fccken - Handmade-Stil - Markt-XXL\" \/>\n<meta property=\"og:description\" content=\"Markt-XXL LifeDesign 5x Trauerkarten mit Umschlag edel, Beileidskarten mit Umschlag hochwertig, modern &amp; einf\u00fchlsam, Kondolenzkarten DIN A6 Klappkarten Trauerkarten-Set 5 Stk. Beileid ausdr\u00fccken - Handmade-Stil\" \/>\n<meta property=\"og:url\" content=\"https:\/\/marktxxl.de\/markt\/produkt\/lifedesign-5x-trauerkarten-mit-umschlag-edel-beileidskarten-mit-umschlag-hochwertig-modern-einfuehlsam-kondolenzkarten-din-a6-klappkarten-trauerkarten-set-5-stk-beileid-ausdruecken-handmad\/\" \/>\n<meta property=\"og:site_name\" content=\"Markt-XXL\" \/>\n<meta name=\"twitter:card\" content=\"summary_large_image\" \/>\n<meta name=\"twitter:label1\" content=\"Gesch\u00e4tzte Lesezeit\" \/>\n\t<meta name=\"twitter:data1\" content=\"1\u00a0Minute\" \/>\n<script type=\"application\/ld+json\" class=\"yoast-schema-graph\">{\"@context\":\"https:\\\/\\\/schema.org\",\"@graph\":[{\"@type\":\"WebPage\",\"@id\":\"https:\\\/\\\/marktxxl.de\\\/markt\\\/produkt\\\/lifedesign-5x-trauerkarten-mit-umschlag-edel-beileidskarten-mit-umschlag-hochwertig-modern-einfuehlsam-kondolenzkarten-din-a6-klappkarten-trauerkarten-set-5-stk-beileid-ausdruecken-handmad\\\/\",\"url\":\"https:\\\/\\\/marktxxl.de\\\/markt\\\/produkt\\\/lifedesign-5x-trauerkarten-mit-umschlag-edel-beileidskarten-mit-umschlag-hochwertig-modern-einfuehlsam-kondolenzkarten-din-a6-klappkarten-trauerkarten-set-5-stk-beileid-ausdruecken-handmad\\\/\",\"name\":\"LifeDesign 5x Trauerkarten mit Umschlag edel, Beileidskarten mit Umschlag hochwertig, modern &amp; einf\u00fchlsam, Kondolenzkarten DIN A6 Klappkarten Trauerkarten-Set 5 Stk. Beileid ausdr\u00fccken - Handmade-Stil - Markt-XXL\",\"isPartOf\":{\"@id\":\"https:\\\/\\\/marktxxl.de\\\/markt\\\/#website\"},\"primaryImageOfPage\":{\"@id\":\"https:\\\/\\\/marktxxl.de\\\/markt\\\/produkt\\\/lifedesign-5x-trauerkarten-mit-umschlag-edel-beileidskarten-mit-umschlag-hochwertig-modern-einfuehlsam-kondolenzkarten-din-a6-klappkarten-trauerkarten-set-5-stk-beileid-ausdruecken-handmad\\\/#primaryimage\"},\"image\":{\"@id\":\"https:\\\/\\\/marktxxl.de\\\/markt\\\/produkt\\\/lifedesign-5x-trauerkarten-mit-umschlag-edel-beileidskarten-mit-umschlag-hochwertig-modern-einfuehlsam-kondolenzkarten-din-a6-klappkarten-trauerkarten-set-5-stk-beileid-ausdruecken-handmad\\\/#primaryimage\"},\"thumbnailUrl\":\"https:\\\/\\\/m.media-amazon.com\\\/images\\\/I\\\/41U1xTeBhiL._SL500_.jpg\",\"datePublished\":\"2024-06-28T05:38:00+00:00\",\"description\":\"Markt-XXL LifeDesign 5x Trauerkarten mit Umschlag edel, Beileidskarten mit Umschlag hochwertig, modern &amp; einf\u00fchlsam, Kondolenzkarten DIN A6 Klappkarten Trauerkarten-Set 5 Stk. Beileid ausdr\u00fccken - Handmade-Stil\",\"breadcrumb\":{\"@id\":\"https:\\\/\\\/marktxxl.de\\\/markt\\\/produkt\\\/lifedesign-5x-trauerkarten-mit-umschlag-edel-beileidskarten-mit-umschlag-hochwertig-modern-einfuehlsam-kondolenzkarten-din-a6-klappkarten-trauerkarten-set-5-stk-beileid-ausdruecken-handmad\\\/#breadcrumb\"},\"inLanguage\":\"de\",\"potentialAction\":[{\"@type\":\"ReadAction\",\"target\":[\"https:\\\/\\\/marktxxl.de\\\/markt\\\/produkt\\\/lifedesign-5x-trauerkarten-mit-umschlag-edel-beileidskarten-mit-umschlag-hochwertig-modern-einfuehlsam-kondolenzkarten-din-a6-klappkarten-trauerkarten-set-5-stk-beileid-ausdruecken-handmad\\\/\"]}]},{\"@type\":\"ImageObject\",\"inLanguage\":\"de\",\"@id\":\"https:\\\/\\\/marktxxl.de\\\/markt\\\/produkt\\\/lifedesign-5x-trauerkarten-mit-umschlag-edel-beileidskarten-mit-umschlag-hochwertig-modern-einfuehlsam-kondolenzkarten-din-a6-klappkarten-trauerkarten-set-5-stk-beileid-ausdruecken-handmad\\\/#primaryimage\",\"url\":\"https:\\\/\\\/m.media-amazon.com\\\/images\\\/I\\\/41U1xTeBhiL._SL500_.jpg\",\"contentUrl\":\"https:\\\/\\\/m.media-amazon.com\\\/images\\\/I\\\/41U1xTeBhiL._SL500_.jpg\",\"width\":500,\"height\":500},{\"@type\":\"BreadcrumbList\",\"@id\":\"https:\\\/\\\/marktxxl.de\\\/markt\\\/produkt\\\/lifedesign-5x-trauerkarten-mit-umschlag-edel-beileidskarten-mit-umschlag-hochwertig-modern-einfuehlsam-kondolenzkarten-din-a6-klappkarten-trauerkarten-set-5-stk-beileid-ausdruecken-handmad\\\/#breadcrumb\",\"itemListElement\":[{\"@type\":\"ListItem\",\"position\":1,\"name\":\"Startseite\",\"item\":\"https:\\\/\\\/marktxxl.de\\\/markt\\\/\"},{\"@type\":\"ListItem\",\"position\":2,\"name\":\"Markt\",\"item\":\"https:\\\/\\\/marktxxl.de\\\/markt\\\/\"},{\"@type\":\"ListItem\",\"position\":3,\"name\":\"LifeDesign 5x Trauerkarten mit Umschlag edel, Beileidskarten mit Umschlag hochwertig, modern &amp; einf\u00fchlsam, Kondolenzkarten DIN A6 Klappkarten Trauerkarten-Set 5 Stk. Beileid ausdr\u00fccken &#8211; Handmade-Stil\"}]},{\"@type\":\"WebSite\",\"@id\":\"https:\\\/\\\/marktxxl.de\\\/markt\\\/#website\",\"url\":\"https:\\\/\\\/marktxxl.de\\\/markt\\\/\",\"name\":\"Markt-XXL\",\"description\":\"Ihr Markt Online\",\"publisher\":{\"@id\":\"https:\\\/\\\/marktxxl.de\\\/markt\\\/#organization\"},\"potentialAction\":[{\"@type\":\"SearchAction\",\"target\":{\"@type\":\"EntryPoint\",\"urlTemplate\":\"https:\\\/\\\/marktxxl.de\\\/markt\\\/?s={search_term_string}\"},\"query-input\":{\"@type\":\"PropertyValueSpecification\",\"valueRequired\":true,\"valueName\":\"search_term_string\"}}],\"inLanguage\":\"de\"},{\"@type\":\"Organization\",\"@id\":\"https:\\\/\\\/marktxxl.de\\\/markt\\\/#organization\",\"name\":\"Markt-XXL\",\"url\":\"https:\\\/\\\/marktxxl.de\\\/markt\\\/\",\"logo\":{\"@type\":\"ImageObject\",\"inLanguage\":\"de\",\"@id\":\"https:\\\/\\\/marktxxl.de\\\/markt\\\/#\\\/schema\\\/logo\\\/image\\\/\",\"url\":\"https:\\\/\\\/marktxxl.de\\\/markt\\\/wp-content\\\/uploads\\\/sites\\\/3\\\/2020\\\/12\\\/logo.png\",\"contentUrl\":\"https:\\\/\\\/marktxxl.de\\\/markt\\\/wp-content\\\/uploads\\\/sites\\\/3\\\/2020\\\/12\\\/logo.png\",\"width\":200,\"height\":70,\"caption\":\"Markt-XXL\"},\"image\":{\"@id\":\"https:\\\/\\\/marktxxl.de\\\/markt\\\/#\\\/schema\\\/logo\\\/image\\\/\"}}]}<\/script>\n<!-- \/ Yoast SEO plugin. -->","yoast_head_json":{"title":"LifeDesign 5x Trauerkarten mit Umschlag edel, Beileidskarten mit Umschlag hochwertig, modern &amp; einf\u00fchlsam, Kondolenzkarten DIN A6 Klappkarten Trauerkarten-Set 5 Stk. Beileid ausdr\u00fccken - Handmade-Stil - Markt-XXL","description":"Markt-XXL LifeDesign 5x Trauerkarten mit Umschlag edel, Beileidskarten mit Umschlag hochwertig, modern &amp; einf\u00fchlsam, Kondolenzkarten DIN A6 Klappkarten Trauerkarten-Set 5 Stk. Beileid ausdr\u00fccken - Handmade-Stil","robots":{"index":"index","follow":"follow","max-snippet":"max-snippet:-1","max-image-preview":"max-image-preview:large","max-video-preview":"max-video-preview:-1"},"canonical":"https:\/\/marktxxl.de\/markt\/produkt\/lifedesign-5x-trauerkarten-mit-umschlag-edel-beileidskarten-mit-umschlag-hochwertig-modern-einfuehlsam-kondolenzkarten-din-a6-klappkarten-trauerkarten-set-5-stk-beileid-ausdruecken-handmad\/","og_locale":"de_DE","og_type":"article","og_title":"LifeDesign 5x Trauerkarten mit Umschlag edel, Beileidskarten mit Umschlag hochwertig, modern &amp; einf\u00fchlsam, Kondolenzkarten DIN A6 Klappkarten Trauerkarten-Set 5 Stk. Beileid ausdr\u00fccken - Handmade-Stil - Markt-XXL","og_description":"Markt-XXL LifeDesign 5x Trauerkarten mit Umschlag edel, Beileidskarten mit Umschlag hochwertig, modern &amp; einf\u00fchlsam, Kondolenzkarten DIN A6 Klappkarten Trauerkarten-Set 5 Stk. Beileid ausdr\u00fccken - Handmade-Stil","og_url":"https:\/\/marktxxl.de\/markt\/produkt\/lifedesign-5x-trauerkarten-mit-umschlag-edel-beileidskarten-mit-umschlag-hochwertig-modern-einfuehlsam-kondolenzkarten-din-a6-klappkarten-trauerkarten-set-5-stk-beileid-ausdruecken-handmad\/","og_site_name":"Markt-XXL","twitter_card":"summary_large_image","twitter_misc":{"Gesch\u00e4tzte Lesezeit":"1\u00a0Minute"},"schema":{"@context":"https:\/\/schema.org","@graph":[{"@type":"WebPage","@id":"https:\/\/marktxxl.de\/markt\/produkt\/lifedesign-5x-trauerkarten-mit-umschlag-edel-beileidskarten-mit-umschlag-hochwertig-modern-einfuehlsam-kondolenzkarten-din-a6-klappkarten-trauerkarten-set-5-stk-beileid-ausdruecken-handmad\/","url":"https:\/\/marktxxl.de\/markt\/produkt\/lifedesign-5x-trauerkarten-mit-umschlag-edel-beileidskarten-mit-umschlag-hochwertig-modern-einfuehlsam-kondolenzkarten-din-a6-klappkarten-trauerkarten-set-5-stk-beileid-ausdruecken-handmad\/","name":"LifeDesign 5x Trauerkarten mit Umschlag edel, Beileidskarten mit Umschlag hochwertig, modern &amp; einf\u00fchlsam, Kondolenzkarten DIN A6 Klappkarten Trauerkarten-Set 5 Stk. Beileid ausdr\u00fccken - Handmade-Stil - Markt-XXL","isPartOf":{"@id":"https:\/\/marktxxl.de\/markt\/#website"},"primaryImageOfPage":{"@id":"https:\/\/marktxxl.de\/markt\/produkt\/lifedesign-5x-trauerkarten-mit-umschlag-edel-beileidskarten-mit-umschlag-hochwertig-modern-einfuehlsam-kondolenzkarten-din-a6-klappkarten-trauerkarten-set-5-stk-beileid-ausdruecken-handmad\/#primaryimage"},"image":{"@id":"https:\/\/marktxxl.de\/markt\/produkt\/lifedesign-5x-trauerkarten-mit-umschlag-edel-beileidskarten-mit-umschlag-hochwertig-modern-einfuehlsam-kondolenzkarten-din-a6-klappkarten-trauerkarten-set-5-stk-beileid-ausdruecken-handmad\/#primaryimage"},"thumbnailUrl":"https:\/\/m.media-amazon.com\/images\/I\/41U1xTeBhiL._SL500_.jpg","datePublished":"2024-06-28T05:38:00+00:00","description":"Markt-XXL LifeDesign 5x Trauerkarten mit Umschlag edel, Beileidskarten mit Umschlag hochwertig, modern &amp; einf\u00fchlsam, Kondolenzkarten DIN A6 Klappkarten Trauerkarten-Set 5 Stk. Beileid ausdr\u00fccken - Handmade-Stil","breadcrumb":{"@id":"https:\/\/marktxxl.de\/markt\/produkt\/lifedesign-5x-trauerkarten-mit-umschlag-edel-beileidskarten-mit-umschlag-hochwertig-modern-einfuehlsam-kondolenzkarten-din-a6-klappkarten-trauerkarten-set-5-stk-beileid-ausdruecken-handmad\/#breadcrumb"},"inLanguage":"de","potentialAction":[{"@type":"ReadAction","target":["https:\/\/marktxxl.de\/markt\/produkt\/lifedesign-5x-trauerkarten-mit-umschlag-edel-beileidskarten-mit-umschlag-hochwertig-modern-einfuehlsam-kondolenzkarten-din-a6-klappkarten-trauerkarten-set-5-stk-beileid-ausdruecken-handmad\/"]}]},{"@type":"ImageObject","inLanguage":"de","@id":"https:\/\/marktxxl.de\/markt\/produkt\/lifedesign-5x-trauerkarten-mit-umschlag-edel-beileidskarten-mit-umschlag-hochwertig-modern-einfuehlsam-kondolenzkarten-din-a6-klappkarten-trauerkarten-set-5-stk-beileid-ausdruecken-handmad\/#primaryimage","url":"https:\/\/m.media-amazon.com\/images\/I\/41U1xTeBhiL._SL500_.jpg","contentUrl":"https:\/\/m.media-amazon.com\/images\/I\/41U1xTeBhiL._SL500_.jpg","width":500,"height":500},{"@type":"BreadcrumbList","@id":"https:\/\/marktxxl.de\/markt\/produkt\/lifedesign-5x-trauerkarten-mit-umschlag-edel-beileidskarten-mit-umschlag-hochwertig-modern-einfuehlsam-kondolenzkarten-din-a6-klappkarten-trauerkarten-set-5-stk-beileid-ausdruecken-handmad\/#breadcrumb","itemListElement":[{"@type":"ListItem","position":1,"name":"Startseite","item":"https:\/\/marktxxl.de\/markt\/"},{"@type":"ListItem","position":2,"name":"Markt","item":"https:\/\/marktxxl.de\/markt\/"},{"@type":"ListItem","position":3,"name":"LifeDesign 5x Trauerkarten mit Umschlag edel, Beileidskarten mit Umschlag hochwertig, modern &amp; einf\u00fchlsam, Kondolenzkarten DIN A6 Klappkarten Trauerkarten-Set 5 Stk. Beileid ausdr\u00fccken &#8211; Handmade-Stil"}]},{"@type":"WebSite","@id":"https:\/\/marktxxl.de\/markt\/#website","url":"https:\/\/marktxxl.de\/markt\/","name":"Markt-XXL","description":"Ihr Markt Online","publisher":{"@id":"https:\/\/marktxxl.de\/markt\/#organization"},"potentialAction":[{"@type":"SearchAction","target":{"@type":"EntryPoint","urlTemplate":"https:\/\/marktxxl.de\/markt\/?s={search_term_string}"},"query-input":{"@type":"PropertyValueSpecification","valueRequired":true,"valueName":"search_term_string"}}],"inLanguage":"de"},{"@type":"Organization","@id":"https:\/\/marktxxl.de\/markt\/#organization","name":"Markt-XXL","url":"https:\/\/marktxxl.de\/markt\/","logo":{"@type":"ImageObject","inLanguage":"de","@id":"https:\/\/marktxxl.de\/markt\/#\/schema\/logo\/image\/","url":"https:\/\/marktxxl.de\/markt\/wp-content\/uploads\/sites\/3\/2020\/12\/logo.png","contentUrl":"https:\/\/marktxxl.de\/markt\/wp-content\/uploads\/sites\/3\/2020\/12\/logo.png","width":200,"height":70,"caption":"Markt-XXL"},"image":{"@id":"https:\/\/marktxxl.de\/markt\/#\/schema\/logo\/image\/"}}]}},"_links":{"self":[{"href":"https:\/\/marktxxl.de\/markt\/wp-json\/wp\/v2\/product\/211381","targetHints":{"allow":["GET"]}}],"collection":[{"href":"https:\/\/marktxxl.de\/markt\/wp-json\/wp\/v2\/product"}],"about":[{"href":"https:\/\/marktxxl.de\/markt\/wp-json\/wp\/v2\/types\/product"}],"replies":[{"embeddable":true,"href":"https:\/\/marktxxl.de\/markt\/wp-json\/wp\/v2\/comments?post=211381"}],"wp:featuredmedia":[{"embeddable":true,"href":"https:\/\/marktxxl.de\/markt\/wp-json\/wp\/v2\/media\/211382"}],"wp:attachment":[{"href":"https:\/\/marktxxl.de\/markt\/wp-json\/wp\/v2\/media?parent=211381"}],"wp:term":[{"taxonomy":"product_brand","embeddable":true,"href":"https:\/\/marktxxl.de\/markt\/wp-json\/wp\/v2\/product_brand?post=211381"},{"taxonomy":"product_cat","embeddable":true,"href":"https:\/\/marktxxl.de\/markt\/wp-json\/wp\/v2\/product_cat?post=211381"},{"taxonomy":"product_tag","embeddable":true,"href":"https:\/\/marktxxl.de\/markt\/wp-json\/wp\/v2\/product_tag?post=211381"}],"curies":[{"name":"wp","href":"https:\/\/api.w.org\/{rel}","templated":true}]}}