{"id":211360,"date":"2024-06-28T07:36:47","date_gmt":"2024-06-28T05:36:47","guid":{"rendered":"https:\/\/marktxxl.de\/markt\/produkt\/surnie-tp-pjb-gt0001-acc-us\/"},"modified":"2024-06-28T07:36:47","modified_gmt":"2024-06-28T05:36:47","slug":"surnie-tp-pjb-gt0001-acc-us","status":"publish","type":"product","link":"https:\/\/marktxxl.de\/markt\/produkt\/surnie-tp-pjb-gt0001-acc-us\/","title":{"rendered":"SURNIE TP pjb GT0001-ACC-US"},"content":{"rendered":"<p>Vorteile: Die einzigartige wasserdichte Silikonh\u00fclle kann das Problem des Wassereintritts nach dem Schneiden vollst\u00e4ndig ausgleichen. Ein vollst\u00e4ndiger Satz von Installationszubeh\u00f6r kann Ihnen die M\u00fche ersparen, den Lichtg\u00fcrtel zu installieren und zu schneiden.<br \/>\nStrip Light Clip: aus hochwertigem transparentem PVC-Kunststoff, langlebig und wiederverwendbar. Diese Dorne machen die T\u00fcr sehr stark und besch\u00e4digen die T\u00fcr nicht.<br \/>\nKabelbinder: Selbstsichernde Befestigungselemente sind so konzipiert, dass sie langlebig, strapazierf\u00e4hig und in Industriequalit\u00e4t sind. Keine Angst vor Wind und Regen. Befestigung macht die Form der Lichtleiste sch\u00f6ner. Hitze- und UV-Best\u00e4ndigkeit<br \/>\nInternational products have separate terms, are sold from abroad and may differ from local products, including fit, age ratings, and language of product, labeling or instructions.<br \/>\n<div class=\"main-cross-sell\" data-asin=\"B07T2J1GTL\">\n\n\t<div class=\"WooZone-cross-sell-loader\">\n\t\t<div>\n\t\t\t<div id=\"floatingBarsG\">\n\t\t\t\t<div class=\"blockG\" id=\"rotateG_01\"><\/div>\n\t\t\t\t<div class=\"blockG\" id=\"rotateG_02\"><\/div>\n\t\t\t\t<div class=\"blockG\" id=\"rotateG_03\"><\/div>\n\t\t\t\t<div class=\"blockG\" id=\"rotateG_04\"><\/div>\n\t\t\t\t<div class=\"blockG\" id=\"rotateG_05\"><\/div>\n\t\t\t\t<div class=\"blockG\" id=\"rotateG_06\"><\/div>\n\t\t\t\t<div class=\"blockG\" id=\"rotateG_07\"><\/div>\n\t\t\t\t<div class=\"blockG\" id=\"rotateG_08\"><\/div>\n\t\t\t<\/div>\n\t\t\t<div class=\"WooZone-cross-sell-loader-text\"><\/div>\n\t\t<\/div>\n\t<\/div>\n\n\t\t\n<\/div>\n<div style=\"clear:both;\"><\/div><\/p>\n","protected":false},"excerpt":{"rendered":"<p>Vorteile: Die einzigartige wasserdichte Silikonh\u00fclle kann das Problem des Wassereintritts nach dem Schneiden vollst\u00e4ndig ausgleichen. Ein vollst\u00e4ndiger Satz von Installationszubeh\u00f6r kann Ihnen die M\u00fche ersparen, den Lichtg\u00fcrtel zu installieren und zu schneiden.<br \/>\nStrip Light Clip: aus hochwertigem transparentem PVC-Kunststoff, langlebig und wiederverwendbar. Diese Dorne machen die T\u00fcr sehr stark und besch\u00e4digen die T\u00fcr nicht.<br \/>\nKabelbinder: Selbstsichernde Befestigungselemente sind so konzipiert, dass sie langlebig, strapazierf\u00e4hig und in Industriequalit\u00e4t sind. Keine Angst vor Wind und Regen. Befestigung macht die Form der Lichtleiste sch\u00f6ner. Hitze- und UV-Best\u00e4ndigkeit<\/p>\n","protected":false},"featured_media":211361,"comment_status":"open","ping_status":"closed","template":"","meta":[],"product_brand":[],"product_cat":[2108,15623],"product_tag":[],"class_list":{"0":"post-211360","1":"product","2":"type-product","3":"status-publish","4":"has-post-thumbnail","6":"product_cat-beleuchtung","7":"product_cat-lichtschlaeuche","8":"pa_brand-surnie","9":"pa_color-silver","10":"pa_height-0-31-zoll","11":"pa_length-1-18-zoll","12":"pa_manufacturer-surnie-store","13":"pa_width-0-31-zoll","15":"first","16":"instock","17":"shipping-taxable","18":"purchasable","19":"product-type-simple","20":"customify-col","21":"product-has-gallery"},"yoast_head":"<!-- This site is optimized with the Yoast SEO plugin v27.3 - https:\/\/yoast.com\/product\/yoast-seo-wordpress\/ -->\n<title>SURNIE TP pjb GT0001-ACC-US - Markt-XXL<\/title>\n<meta name=\"description\" content=\"Markt-XXL SURNIE TP pjb GT0001-ACC-US\" \/>\n<meta name=\"robots\" content=\"index, follow, max-snippet:-1, max-image-preview:large, max-video-preview:-1\" \/>\n<link rel=\"canonical\" href=\"https:\/\/marktxxl.de\/markt\/produkt\/surnie-tp-pjb-gt0001-acc-us\/\" \/>\n<meta property=\"og:locale\" content=\"de_DE\" \/>\n<meta property=\"og:type\" content=\"article\" \/>\n<meta property=\"og:title\" content=\"SURNIE TP pjb GT0001-ACC-US - Markt-XXL\" \/>\n<meta property=\"og:description\" content=\"Markt-XXL SURNIE TP pjb GT0001-ACC-US\" \/>\n<meta property=\"og:url\" content=\"https:\/\/marktxxl.de\/markt\/produkt\/surnie-tp-pjb-gt0001-acc-us\/\" \/>\n<meta property=\"og:site_name\" content=\"Markt-XXL\" \/>\n<meta name=\"twitter:card\" content=\"summary_large_image\" \/>\n<meta name=\"twitter:label1\" content=\"Gesch\u00e4tzte Lesezeit\" \/>\n\t<meta name=\"twitter:data1\" content=\"1\u00a0Minute\" \/>\n<script type=\"application\/ld+json\" class=\"yoast-schema-graph\">{\"@context\":\"https:\\\/\\\/schema.org\",\"@graph\":[{\"@type\":\"WebPage\",\"@id\":\"https:\\\/\\\/marktxxl.de\\\/markt\\\/produkt\\\/surnie-tp-pjb-gt0001-acc-us\\\/\",\"url\":\"https:\\\/\\\/marktxxl.de\\\/markt\\\/produkt\\\/surnie-tp-pjb-gt0001-acc-us\\\/\",\"name\":\"SURNIE TP pjb GT0001-ACC-US - Markt-XXL\",\"isPartOf\":{\"@id\":\"https:\\\/\\\/marktxxl.de\\\/markt\\\/#website\"},\"primaryImageOfPage\":{\"@id\":\"https:\\\/\\\/marktxxl.de\\\/markt\\\/produkt\\\/surnie-tp-pjb-gt0001-acc-us\\\/#primaryimage\"},\"image\":{\"@id\":\"https:\\\/\\\/marktxxl.de\\\/markt\\\/produkt\\\/surnie-tp-pjb-gt0001-acc-us\\\/#primaryimage\"},\"thumbnailUrl\":\"https:\\\/\\\/m.media-amazon.com\\\/images\\\/I\\\/2119MZE2-8L._SL500_.jpg\",\"datePublished\":\"2024-06-28T05:36:47+00:00\",\"description\":\"Markt-XXL SURNIE TP pjb GT0001-ACC-US\",\"breadcrumb\":{\"@id\":\"https:\\\/\\\/marktxxl.de\\\/markt\\\/produkt\\\/surnie-tp-pjb-gt0001-acc-us\\\/#breadcrumb\"},\"inLanguage\":\"de\",\"potentialAction\":[{\"@type\":\"ReadAction\",\"target\":[\"https:\\\/\\\/marktxxl.de\\\/markt\\\/produkt\\\/surnie-tp-pjb-gt0001-acc-us\\\/\"]}]},{\"@type\":\"ImageObject\",\"inLanguage\":\"de\",\"@id\":\"https:\\\/\\\/marktxxl.de\\\/markt\\\/produkt\\\/surnie-tp-pjb-gt0001-acc-us\\\/#primaryimage\",\"url\":\"https:\\\/\\\/m.media-amazon.com\\\/images\\\/I\\\/2119MZE2-8L._SL500_.jpg\",\"contentUrl\":\"https:\\\/\\\/m.media-amazon.com\\\/images\\\/I\\\/2119MZE2-8L._SL500_.jpg\",\"width\":400,\"height\":400},{\"@type\":\"BreadcrumbList\",\"@id\":\"https:\\\/\\\/marktxxl.de\\\/markt\\\/produkt\\\/surnie-tp-pjb-gt0001-acc-us\\\/#breadcrumb\",\"itemListElement\":[{\"@type\":\"ListItem\",\"position\":1,\"name\":\"Startseite\",\"item\":\"https:\\\/\\\/marktxxl.de\\\/markt\\\/\"},{\"@type\":\"ListItem\",\"position\":2,\"name\":\"Markt\",\"item\":\"https:\\\/\\\/marktxxl.de\\\/markt\\\/\"},{\"@type\":\"ListItem\",\"position\":3,\"name\":\"SURNIE TP pjb GT0001-ACC-US\"}]},{\"@type\":\"WebSite\",\"@id\":\"https:\\\/\\\/marktxxl.de\\\/markt\\\/#website\",\"url\":\"https:\\\/\\\/marktxxl.de\\\/markt\\\/\",\"name\":\"Markt-XXL\",\"description\":\"Ihr Markt Online\",\"publisher\":{\"@id\":\"https:\\\/\\\/marktxxl.de\\\/markt\\\/#organization\"},\"potentialAction\":[{\"@type\":\"SearchAction\",\"target\":{\"@type\":\"EntryPoint\",\"urlTemplate\":\"https:\\\/\\\/marktxxl.de\\\/markt\\\/?s={search_term_string}\"},\"query-input\":{\"@type\":\"PropertyValueSpecification\",\"valueRequired\":true,\"valueName\":\"search_term_string\"}}],\"inLanguage\":\"de\"},{\"@type\":\"Organization\",\"@id\":\"https:\\\/\\\/marktxxl.de\\\/markt\\\/#organization\",\"name\":\"Markt-XXL\",\"url\":\"https:\\\/\\\/marktxxl.de\\\/markt\\\/\",\"logo\":{\"@type\":\"ImageObject\",\"inLanguage\":\"de\",\"@id\":\"https:\\\/\\\/marktxxl.de\\\/markt\\\/#\\\/schema\\\/logo\\\/image\\\/\",\"url\":\"https:\\\/\\\/marktxxl.de\\\/markt\\\/wp-content\\\/uploads\\\/sites\\\/3\\\/2020\\\/12\\\/logo.png\",\"contentUrl\":\"https:\\\/\\\/marktxxl.de\\\/markt\\\/wp-content\\\/uploads\\\/sites\\\/3\\\/2020\\\/12\\\/logo.png\",\"width\":200,\"height\":70,\"caption\":\"Markt-XXL\"},\"image\":{\"@id\":\"https:\\\/\\\/marktxxl.de\\\/markt\\\/#\\\/schema\\\/logo\\\/image\\\/\"}}]}<\/script>\n<!-- \/ Yoast SEO plugin. -->","yoast_head_json":{"title":"SURNIE TP pjb GT0001-ACC-US - Markt-XXL","description":"Markt-XXL SURNIE TP pjb GT0001-ACC-US","robots":{"index":"index","follow":"follow","max-snippet":"max-snippet:-1","max-image-preview":"max-image-preview:large","max-video-preview":"max-video-preview:-1"},"canonical":"https:\/\/marktxxl.de\/markt\/produkt\/surnie-tp-pjb-gt0001-acc-us\/","og_locale":"de_DE","og_type":"article","og_title":"SURNIE TP pjb GT0001-ACC-US - Markt-XXL","og_description":"Markt-XXL SURNIE TP pjb GT0001-ACC-US","og_url":"https:\/\/marktxxl.de\/markt\/produkt\/surnie-tp-pjb-gt0001-acc-us\/","og_site_name":"Markt-XXL","twitter_card":"summary_large_image","twitter_misc":{"Gesch\u00e4tzte Lesezeit":"1\u00a0Minute"},"schema":{"@context":"https:\/\/schema.org","@graph":[{"@type":"WebPage","@id":"https:\/\/marktxxl.de\/markt\/produkt\/surnie-tp-pjb-gt0001-acc-us\/","url":"https:\/\/marktxxl.de\/markt\/produkt\/surnie-tp-pjb-gt0001-acc-us\/","name":"SURNIE TP pjb GT0001-ACC-US - Markt-XXL","isPartOf":{"@id":"https:\/\/marktxxl.de\/markt\/#website"},"primaryImageOfPage":{"@id":"https:\/\/marktxxl.de\/markt\/produkt\/surnie-tp-pjb-gt0001-acc-us\/#primaryimage"},"image":{"@id":"https:\/\/marktxxl.de\/markt\/produkt\/surnie-tp-pjb-gt0001-acc-us\/#primaryimage"},"thumbnailUrl":"https:\/\/m.media-amazon.com\/images\/I\/2119MZE2-8L._SL500_.jpg","datePublished":"2024-06-28T05:36:47+00:00","description":"Markt-XXL SURNIE TP pjb GT0001-ACC-US","breadcrumb":{"@id":"https:\/\/marktxxl.de\/markt\/produkt\/surnie-tp-pjb-gt0001-acc-us\/#breadcrumb"},"inLanguage":"de","potentialAction":[{"@type":"ReadAction","target":["https:\/\/marktxxl.de\/markt\/produkt\/surnie-tp-pjb-gt0001-acc-us\/"]}]},{"@type":"ImageObject","inLanguage":"de","@id":"https:\/\/marktxxl.de\/markt\/produkt\/surnie-tp-pjb-gt0001-acc-us\/#primaryimage","url":"https:\/\/m.media-amazon.com\/images\/I\/2119MZE2-8L._SL500_.jpg","contentUrl":"https:\/\/m.media-amazon.com\/images\/I\/2119MZE2-8L._SL500_.jpg","width":400,"height":400},{"@type":"BreadcrumbList","@id":"https:\/\/marktxxl.de\/markt\/produkt\/surnie-tp-pjb-gt0001-acc-us\/#breadcrumb","itemListElement":[{"@type":"ListItem","position":1,"name":"Startseite","item":"https:\/\/marktxxl.de\/markt\/"},{"@type":"ListItem","position":2,"name":"Markt","item":"https:\/\/marktxxl.de\/markt\/"},{"@type":"ListItem","position":3,"name":"SURNIE TP pjb GT0001-ACC-US"}]},{"@type":"WebSite","@id":"https:\/\/marktxxl.de\/markt\/#website","url":"https:\/\/marktxxl.de\/markt\/","name":"Markt-XXL","description":"Ihr Markt Online","publisher":{"@id":"https:\/\/marktxxl.de\/markt\/#organization"},"potentialAction":[{"@type":"SearchAction","target":{"@type":"EntryPoint","urlTemplate":"https:\/\/marktxxl.de\/markt\/?s={search_term_string}"},"query-input":{"@type":"PropertyValueSpecification","valueRequired":true,"valueName":"search_term_string"}}],"inLanguage":"de"},{"@type":"Organization","@id":"https:\/\/marktxxl.de\/markt\/#organization","name":"Markt-XXL","url":"https:\/\/marktxxl.de\/markt\/","logo":{"@type":"ImageObject","inLanguage":"de","@id":"https:\/\/marktxxl.de\/markt\/#\/schema\/logo\/image\/","url":"https:\/\/marktxxl.de\/markt\/wp-content\/uploads\/sites\/3\/2020\/12\/logo.png","contentUrl":"https:\/\/marktxxl.de\/markt\/wp-content\/uploads\/sites\/3\/2020\/12\/logo.png","width":200,"height":70,"caption":"Markt-XXL"},"image":{"@id":"https:\/\/marktxxl.de\/markt\/#\/schema\/logo\/image\/"}}]}},"_links":{"self":[{"href":"https:\/\/marktxxl.de\/markt\/wp-json\/wp\/v2\/product\/211360","targetHints":{"allow":["GET"]}}],"collection":[{"href":"https:\/\/marktxxl.de\/markt\/wp-json\/wp\/v2\/product"}],"about":[{"href":"https:\/\/marktxxl.de\/markt\/wp-json\/wp\/v2\/types\/product"}],"replies":[{"embeddable":true,"href":"https:\/\/marktxxl.de\/markt\/wp-json\/wp\/v2\/comments?post=211360"}],"wp:featuredmedia":[{"embeddable":true,"href":"https:\/\/marktxxl.de\/markt\/wp-json\/wp\/v2\/media\/211361"}],"wp:attachment":[{"href":"https:\/\/marktxxl.de\/markt\/wp-json\/wp\/v2\/media?parent=211360"}],"wp:term":[{"taxonomy":"product_brand","embeddable":true,"href":"https:\/\/marktxxl.de\/markt\/wp-json\/wp\/v2\/product_brand?post=211360"},{"taxonomy":"product_cat","embeddable":true,"href":"https:\/\/marktxxl.de\/markt\/wp-json\/wp\/v2\/product_cat?post=211360"},{"taxonomy":"product_tag","embeddable":true,"href":"https:\/\/marktxxl.de\/markt\/wp-json\/wp\/v2\/product_tag?post=211360"}],"curies":[{"name":"wp","href":"https:\/\/api.w.org\/{rel}","templated":true}]}}