{"id":211339,"date":"2024-06-28T07:17:56","date_gmt":"2024-06-28T05:17:56","guid":{"rendered":"https:\/\/marktxxl.de\/markt\/produkt\/aourow-led-spiegelleuchte-fuer-das-badspiegellampe-badezimmer-40cm-10w-1200lmsuperhell-badlampe-spiegel-neutralweiss-4000kip44-wasserdichtbadezimmer-lampe-wand-230vklasse-ii\/"},"modified":"2024-06-28T07:17:56","modified_gmt":"2024-06-28T05:17:56","slug":"aourow-led-spiegelleuchte-fuer-das-badspiegellampe-badezimmer-40cm-10w-1200lmsuperhell-badlampe-spiegel-neutralweiss-4000kip44-wasserdichtbadezimmer-lampe-wand-230vklasse-ii","status":"publish","type":"product","link":"https:\/\/marktxxl.de\/markt\/produkt\/aourow-led-spiegelleuchte-fuer-das-badspiegellampe-badezimmer-40cm-10w-1200lmsuperhell-badlampe-spiegel-neutralweiss-4000kip44-wasserdichtbadezimmer-lampe-wand-230vklasse-ii\/","title":{"rendered":"Aourow LED Spiegelleuchte f\u00fcr das Bad,Spiegellampe Badezimmer 40cm 10W 1200lm,Superhell Badlampe Spiegel Neutralwei\u00df 4000K,IP44 Wasserdicht,Badezimmer Lampe Wand 230V,Klasse II"},"content":{"rendered":"<p>\u30103 Montagem\u00f6glichkeiten\u3011Die Bad spiegelleuchte kann an der Wand,am Schrank oder am Spiegel festgeschraubt werden(geeignet f\u00fcr Spiegel mit einer Tiefe von max.6mm).<br \/>\n\u3010Wasserdicht IP44\u3011Dank ihres schlichten Designs und der Schutzklasse IP44 kann die Spiegellampe im Badezimmer oder anderen feuchten Innenr\u00e4umen ohne Angst vor Spritzwasser verwendet werden.<br \/>\n\u3010Weiches und helles Licht\u3011Mit flimmerfreier Lichtleistung von 1200 Lumen und einem angenehmen Licht von 4000 Kelvin,Diese Spiegellampe f\u00fcr das bad erstrahlt in neutralem Wei\u00df und hellem Licht,hat keinen Gelb- und Blaustich,daher ist das lampe badezimmer zum Schminken geeignet und Rasieren.<br \/>\n\u3010Rationelles Design &amp; sicher\u3011Der Hauptk\u00f6rper dieser Spiegelleuchte besteht aus mattiertem Acryl und Edelstahl,und da sich im Arm dieser Leuchte ein eingebauter Konverter befindet,haben wir als Arm der spiegelschrank beleuchtung doppelt isolierten Kunststoff gew\u00e4hlt chosen f\u00fcr sicherheit.<br \/>\n\u3010Kundenservice\u3011Kunden mit zufriedenstellenden Produkten und Dienstleistungen zu versorgen,ist unser oberstes Ziel.F\u00fcr alle Kunden,die unsere Produkte gekauft haben,k\u00f6nnen Sie die 24 Monate Garantie genie\u00dfen,Bitte z\u00f6gern Sie nicht,uns zu kontaktieren,wenn Sie Fragen w\u00e4hrend der Verwendung unserer led badleuchte haben,wir werden Ihnen eine zufriedenstellende Antwort geben.<br \/>\n<div class=\"main-cross-sell\" data-asin=\"B098NB1LHN\">\n\n\t<div class=\"WooZone-cross-sell-loader\">\n\t\t<div>\n\t\t\t<div id=\"floatingBarsG\">\n\t\t\t\t<div class=\"blockG\" id=\"rotateG_01\"><\/div>\n\t\t\t\t<div class=\"blockG\" id=\"rotateG_02\"><\/div>\n\t\t\t\t<div class=\"blockG\" id=\"rotateG_03\"><\/div>\n\t\t\t\t<div class=\"blockG\" id=\"rotateG_04\"><\/div>\n\t\t\t\t<div class=\"blockG\" id=\"rotateG_05\"><\/div>\n\t\t\t\t<div class=\"blockG\" id=\"rotateG_06\"><\/div>\n\t\t\t\t<div class=\"blockG\" id=\"rotateG_07\"><\/div>\n\t\t\t\t<div class=\"blockG\" id=\"rotateG_08\"><\/div>\n\t\t\t<\/div>\n\t\t\t<div class=\"WooZone-cross-sell-loader-text\"><\/div>\n\t\t<\/div>\n\t<\/div>\n\n\t\t\n<\/div>\n<div style=\"clear:both;\"><\/div><\/p>\n","protected":false},"excerpt":{"rendered":"<p>\u30103 Montagem\u00f6glichkeiten\u3011Die Bad spiegelleuchte kann an der Wand,am Schrank oder am Spiegel festgeschraubt werden(geeignet f\u00fcr Spiegel mit einer Tiefe von max.6mm).<br \/>\n\u3010Wasserdicht IP44\u3011Dank ihres schlichten Designs und der Schutzklasse IP44 kann die Spiegellampe im Badezimmer oder anderen feuchten Innenr\u00e4umen ohne Angst vor Spritzwasser verwendet werden.<br \/>\n\u3010Weiches und helles Licht\u3011Mit flimmerfreier Lichtleistung von 1200 Lumen und einem angenehmen Licht von 4000 Kelvin,Diese Spiegellampe f\u00fcr das bad erstrahlt in neutralem Wei\u00df und hellem Licht,hat keinen Gelb- und Blaustich,daher ist das lampe badezimmer zum Schminken geeignet und Rasieren.<\/p>\n","protected":false},"featured_media":211340,"comment_status":"open","ping_status":"closed","template":"","meta":[],"product_brand":[],"product_cat":[11474,2108],"product_tag":[],"class_list":{"0":"post-211339","1":"product","2":"type-product","3":"status-publish","4":"has-post-thumbnail","6":"product_cat-bad-beleuchtung","7":"product_cat-beleuchtung","8":"pa_binding-haushaltswaren","9":"pa_brand-aourow","10":"pa_color-weiss","11":"pa_height-15-74803148-zoll","12":"pa_length-3-93700787-zoll","13":"pa_manufacturer-aourow","14":"pa_model-orb400-4000k","15":"pa_size-40cm","16":"pa_weight-0-661386786-pounds","17":"pa_width-1-574803148-zoll","19":"first","20":"instock","21":"shipping-taxable","22":"purchasable","23":"product-type-simple","24":"customify-col","25":"product-has-gallery"},"yoast_head":"<!-- This site is optimized with the Yoast SEO plugin v27.4 - https:\/\/yoast.com\/product\/yoast-seo-wordpress\/ -->\n<title>Aourow LED Spiegelleuchte f\u00fcr das Bad,Spiegellampe Badezimmer 40cm 10W 1200lm,Superhell Badlampe Spiegel Neutralwei\u00df 4000K,IP44 Wasserdicht,Badezimmer Lampe Wand 230V,Klasse II - Markt-XXL<\/title>\n<meta name=\"description\" content=\"Markt-XXL Aourow LED Spiegelleuchte f\u00fcr das Bad,Spiegellampe Badezimmer 40cm 10W 1200lm,Superhell Badlampe Spiegel Neutralwei\u00df 4000K,IP44 Wasserdicht,Badezimmer Lampe Wand 230V,Klasse II\" \/>\n<meta name=\"robots\" content=\"index, follow, max-snippet:-1, max-image-preview:large, max-video-preview:-1\" \/>\n<link rel=\"canonical\" href=\"https:\/\/marktxxl.de\/markt\/produkt\/aourow-led-spiegelleuchte-fuer-das-badspiegellampe-badezimmer-40cm-10w-1200lmsuperhell-badlampe-spiegel-neutralweiss-4000kip44-wasserdichtbadezimmer-lampe-wand-230vklasse-ii\/\" \/>\n<meta property=\"og:locale\" content=\"de_DE\" \/>\n<meta property=\"og:type\" content=\"article\" \/>\n<meta property=\"og:title\" content=\"Aourow LED Spiegelleuchte f\u00fcr das Bad,Spiegellampe Badezimmer 40cm 10W 1200lm,Superhell Badlampe Spiegel Neutralwei\u00df 4000K,IP44 Wasserdicht,Badezimmer Lampe Wand 230V,Klasse II - Markt-XXL\" \/>\n<meta property=\"og:description\" content=\"Markt-XXL Aourow LED Spiegelleuchte f\u00fcr das Bad,Spiegellampe Badezimmer 40cm 10W 1200lm,Superhell Badlampe Spiegel Neutralwei\u00df 4000K,IP44 Wasserdicht,Badezimmer Lampe Wand 230V,Klasse II\" \/>\n<meta property=\"og:url\" content=\"https:\/\/marktxxl.de\/markt\/produkt\/aourow-led-spiegelleuchte-fuer-das-badspiegellampe-badezimmer-40cm-10w-1200lmsuperhell-badlampe-spiegel-neutralweiss-4000kip44-wasserdichtbadezimmer-lampe-wand-230vklasse-ii\/\" \/>\n<meta property=\"og:site_name\" content=\"Markt-XXL\" \/>\n<meta name=\"twitter:card\" content=\"summary_large_image\" \/>\n<meta name=\"twitter:label1\" content=\"Gesch\u00e4tzte Lesezeit\" \/>\n\t<meta name=\"twitter:data1\" content=\"1\u00a0Minute\" \/>\n<script type=\"application\/ld+json\" class=\"yoast-schema-graph\">{\"@context\":\"https:\\\/\\\/schema.org\",\"@graph\":[{\"@type\":\"WebPage\",\"@id\":\"https:\\\/\\\/marktxxl.de\\\/markt\\\/produkt\\\/aourow-led-spiegelleuchte-fuer-das-badspiegellampe-badezimmer-40cm-10w-1200lmsuperhell-badlampe-spiegel-neutralweiss-4000kip44-wasserdichtbadezimmer-lampe-wand-230vklasse-ii\\\/\",\"url\":\"https:\\\/\\\/marktxxl.de\\\/markt\\\/produkt\\\/aourow-led-spiegelleuchte-fuer-das-badspiegellampe-badezimmer-40cm-10w-1200lmsuperhell-badlampe-spiegel-neutralweiss-4000kip44-wasserdichtbadezimmer-lampe-wand-230vklasse-ii\\\/\",\"name\":\"Aourow LED Spiegelleuchte f\u00fcr das Bad,Spiegellampe Badezimmer 40cm 10W 1200lm,Superhell Badlampe Spiegel Neutralwei\u00df 4000K,IP44 Wasserdicht,Badezimmer Lampe Wand 230V,Klasse II - Markt-XXL\",\"isPartOf\":{\"@id\":\"https:\\\/\\\/marktxxl.de\\\/markt\\\/#website\"},\"primaryImageOfPage\":{\"@id\":\"https:\\\/\\\/marktxxl.de\\\/markt\\\/produkt\\\/aourow-led-spiegelleuchte-fuer-das-badspiegellampe-badezimmer-40cm-10w-1200lmsuperhell-badlampe-spiegel-neutralweiss-4000kip44-wasserdichtbadezimmer-lampe-wand-230vklasse-ii\\\/#primaryimage\"},\"image\":{\"@id\":\"https:\\\/\\\/marktxxl.de\\\/markt\\\/produkt\\\/aourow-led-spiegelleuchte-fuer-das-badspiegellampe-badezimmer-40cm-10w-1200lmsuperhell-badlampe-spiegel-neutralweiss-4000kip44-wasserdichtbadezimmer-lampe-wand-230vklasse-ii\\\/#primaryimage\"},\"thumbnailUrl\":\"https:\\\/\\\/m.media-amazon.com\\\/images\\\/I\\\/21zwdcPGveL._SL500_.jpg\",\"datePublished\":\"2024-06-28T05:17:56+00:00\",\"description\":\"Markt-XXL Aourow LED Spiegelleuchte f\u00fcr das Bad,Spiegellampe Badezimmer 40cm 10W 1200lm,Superhell Badlampe Spiegel Neutralwei\u00df 4000K,IP44 Wasserdicht,Badezimmer Lampe Wand 230V,Klasse II\",\"breadcrumb\":{\"@id\":\"https:\\\/\\\/marktxxl.de\\\/markt\\\/produkt\\\/aourow-led-spiegelleuchte-fuer-das-badspiegellampe-badezimmer-40cm-10w-1200lmsuperhell-badlampe-spiegel-neutralweiss-4000kip44-wasserdichtbadezimmer-lampe-wand-230vklasse-ii\\\/#breadcrumb\"},\"inLanguage\":\"de\",\"potentialAction\":[{\"@type\":\"ReadAction\",\"target\":[\"https:\\\/\\\/marktxxl.de\\\/markt\\\/produkt\\\/aourow-led-spiegelleuchte-fuer-das-badspiegellampe-badezimmer-40cm-10w-1200lmsuperhell-badlampe-spiegel-neutralweiss-4000kip44-wasserdichtbadezimmer-lampe-wand-230vklasse-ii\\\/\"]}]},{\"@type\":\"ImageObject\",\"inLanguage\":\"de\",\"@id\":\"https:\\\/\\\/marktxxl.de\\\/markt\\\/produkt\\\/aourow-led-spiegelleuchte-fuer-das-badspiegellampe-badezimmer-40cm-10w-1200lmsuperhell-badlampe-spiegel-neutralweiss-4000kip44-wasserdichtbadezimmer-lampe-wand-230vklasse-ii\\\/#primaryimage\",\"url\":\"https:\\\/\\\/m.media-amazon.com\\\/images\\\/I\\\/21zwdcPGveL._SL500_.jpg\",\"contentUrl\":\"https:\\\/\\\/m.media-amazon.com\\\/images\\\/I\\\/21zwdcPGveL._SL500_.jpg\",\"width\":500,\"height\":500},{\"@type\":\"BreadcrumbList\",\"@id\":\"https:\\\/\\\/marktxxl.de\\\/markt\\\/produkt\\\/aourow-led-spiegelleuchte-fuer-das-badspiegellampe-badezimmer-40cm-10w-1200lmsuperhell-badlampe-spiegel-neutralweiss-4000kip44-wasserdichtbadezimmer-lampe-wand-230vklasse-ii\\\/#breadcrumb\",\"itemListElement\":[{\"@type\":\"ListItem\",\"position\":1,\"name\":\"Startseite\",\"item\":\"https:\\\/\\\/marktxxl.de\\\/markt\\\/\"},{\"@type\":\"ListItem\",\"position\":2,\"name\":\"Markt\",\"item\":\"https:\\\/\\\/marktxxl.de\\\/markt\\\/\"},{\"@type\":\"ListItem\",\"position\":3,\"name\":\"Aourow LED Spiegelleuchte f\u00fcr das Bad,Spiegellampe Badezimmer 40cm 10W 1200lm,Superhell Badlampe Spiegel Neutralwei\u00df 4000K,IP44 Wasserdicht,Badezimmer Lampe Wand 230V,Klasse II\"}]},{\"@type\":\"WebSite\",\"@id\":\"https:\\\/\\\/marktxxl.de\\\/markt\\\/#website\",\"url\":\"https:\\\/\\\/marktxxl.de\\\/markt\\\/\",\"name\":\"Markt-XXL\",\"description\":\"Ihr Markt Online\",\"publisher\":{\"@id\":\"https:\\\/\\\/marktxxl.de\\\/markt\\\/#organization\"},\"potentialAction\":[{\"@type\":\"SearchAction\",\"target\":{\"@type\":\"EntryPoint\",\"urlTemplate\":\"https:\\\/\\\/marktxxl.de\\\/markt\\\/?s={search_term_string}\"},\"query-input\":{\"@type\":\"PropertyValueSpecification\",\"valueRequired\":true,\"valueName\":\"search_term_string\"}}],\"inLanguage\":\"de\"},{\"@type\":\"Organization\",\"@id\":\"https:\\\/\\\/marktxxl.de\\\/markt\\\/#organization\",\"name\":\"Markt-XXL\",\"url\":\"https:\\\/\\\/marktxxl.de\\\/markt\\\/\",\"logo\":{\"@type\":\"ImageObject\",\"inLanguage\":\"de\",\"@id\":\"https:\\\/\\\/marktxxl.de\\\/markt\\\/#\\\/schema\\\/logo\\\/image\\\/\",\"url\":\"https:\\\/\\\/marktxxl.de\\\/markt\\\/wp-content\\\/uploads\\\/sites\\\/3\\\/2020\\\/12\\\/logo.png\",\"contentUrl\":\"https:\\\/\\\/marktxxl.de\\\/markt\\\/wp-content\\\/uploads\\\/sites\\\/3\\\/2020\\\/12\\\/logo.png\",\"width\":200,\"height\":70,\"caption\":\"Markt-XXL\"},\"image\":{\"@id\":\"https:\\\/\\\/marktxxl.de\\\/markt\\\/#\\\/schema\\\/logo\\\/image\\\/\"}}]}<\/script>\n<!-- \/ Yoast SEO plugin. -->","yoast_head_json":{"title":"Aourow LED Spiegelleuchte f\u00fcr das Bad,Spiegellampe Badezimmer 40cm 10W 1200lm,Superhell Badlampe Spiegel Neutralwei\u00df 4000K,IP44 Wasserdicht,Badezimmer Lampe Wand 230V,Klasse II - Markt-XXL","description":"Markt-XXL Aourow LED Spiegelleuchte f\u00fcr das Bad,Spiegellampe Badezimmer 40cm 10W 1200lm,Superhell Badlampe Spiegel Neutralwei\u00df 4000K,IP44 Wasserdicht,Badezimmer Lampe Wand 230V,Klasse II","robots":{"index":"index","follow":"follow","max-snippet":"max-snippet:-1","max-image-preview":"max-image-preview:large","max-video-preview":"max-video-preview:-1"},"canonical":"https:\/\/marktxxl.de\/markt\/produkt\/aourow-led-spiegelleuchte-fuer-das-badspiegellampe-badezimmer-40cm-10w-1200lmsuperhell-badlampe-spiegel-neutralweiss-4000kip44-wasserdichtbadezimmer-lampe-wand-230vklasse-ii\/","og_locale":"de_DE","og_type":"article","og_title":"Aourow LED Spiegelleuchte f\u00fcr das Bad,Spiegellampe Badezimmer 40cm 10W 1200lm,Superhell Badlampe Spiegel Neutralwei\u00df 4000K,IP44 Wasserdicht,Badezimmer Lampe Wand 230V,Klasse II - Markt-XXL","og_description":"Markt-XXL Aourow LED Spiegelleuchte f\u00fcr das Bad,Spiegellampe Badezimmer 40cm 10W 1200lm,Superhell Badlampe Spiegel Neutralwei\u00df 4000K,IP44 Wasserdicht,Badezimmer Lampe Wand 230V,Klasse II","og_url":"https:\/\/marktxxl.de\/markt\/produkt\/aourow-led-spiegelleuchte-fuer-das-badspiegellampe-badezimmer-40cm-10w-1200lmsuperhell-badlampe-spiegel-neutralweiss-4000kip44-wasserdichtbadezimmer-lampe-wand-230vklasse-ii\/","og_site_name":"Markt-XXL","twitter_card":"summary_large_image","twitter_misc":{"Gesch\u00e4tzte Lesezeit":"1\u00a0Minute"},"schema":{"@context":"https:\/\/schema.org","@graph":[{"@type":"WebPage","@id":"https:\/\/marktxxl.de\/markt\/produkt\/aourow-led-spiegelleuchte-fuer-das-badspiegellampe-badezimmer-40cm-10w-1200lmsuperhell-badlampe-spiegel-neutralweiss-4000kip44-wasserdichtbadezimmer-lampe-wand-230vklasse-ii\/","url":"https:\/\/marktxxl.de\/markt\/produkt\/aourow-led-spiegelleuchte-fuer-das-badspiegellampe-badezimmer-40cm-10w-1200lmsuperhell-badlampe-spiegel-neutralweiss-4000kip44-wasserdichtbadezimmer-lampe-wand-230vklasse-ii\/","name":"Aourow LED Spiegelleuchte f\u00fcr das Bad,Spiegellampe Badezimmer 40cm 10W 1200lm,Superhell Badlampe Spiegel Neutralwei\u00df 4000K,IP44 Wasserdicht,Badezimmer Lampe Wand 230V,Klasse II - Markt-XXL","isPartOf":{"@id":"https:\/\/marktxxl.de\/markt\/#website"},"primaryImageOfPage":{"@id":"https:\/\/marktxxl.de\/markt\/produkt\/aourow-led-spiegelleuchte-fuer-das-badspiegellampe-badezimmer-40cm-10w-1200lmsuperhell-badlampe-spiegel-neutralweiss-4000kip44-wasserdichtbadezimmer-lampe-wand-230vklasse-ii\/#primaryimage"},"image":{"@id":"https:\/\/marktxxl.de\/markt\/produkt\/aourow-led-spiegelleuchte-fuer-das-badspiegellampe-badezimmer-40cm-10w-1200lmsuperhell-badlampe-spiegel-neutralweiss-4000kip44-wasserdichtbadezimmer-lampe-wand-230vklasse-ii\/#primaryimage"},"thumbnailUrl":"https:\/\/m.media-amazon.com\/images\/I\/21zwdcPGveL._SL500_.jpg","datePublished":"2024-06-28T05:17:56+00:00","description":"Markt-XXL Aourow LED Spiegelleuchte f\u00fcr das Bad,Spiegellampe Badezimmer 40cm 10W 1200lm,Superhell Badlampe Spiegel Neutralwei\u00df 4000K,IP44 Wasserdicht,Badezimmer Lampe Wand 230V,Klasse II","breadcrumb":{"@id":"https:\/\/marktxxl.de\/markt\/produkt\/aourow-led-spiegelleuchte-fuer-das-badspiegellampe-badezimmer-40cm-10w-1200lmsuperhell-badlampe-spiegel-neutralweiss-4000kip44-wasserdichtbadezimmer-lampe-wand-230vklasse-ii\/#breadcrumb"},"inLanguage":"de","potentialAction":[{"@type":"ReadAction","target":["https:\/\/marktxxl.de\/markt\/produkt\/aourow-led-spiegelleuchte-fuer-das-badspiegellampe-badezimmer-40cm-10w-1200lmsuperhell-badlampe-spiegel-neutralweiss-4000kip44-wasserdichtbadezimmer-lampe-wand-230vklasse-ii\/"]}]},{"@type":"ImageObject","inLanguage":"de","@id":"https:\/\/marktxxl.de\/markt\/produkt\/aourow-led-spiegelleuchte-fuer-das-badspiegellampe-badezimmer-40cm-10w-1200lmsuperhell-badlampe-spiegel-neutralweiss-4000kip44-wasserdichtbadezimmer-lampe-wand-230vklasse-ii\/#primaryimage","url":"https:\/\/m.media-amazon.com\/images\/I\/21zwdcPGveL._SL500_.jpg","contentUrl":"https:\/\/m.media-amazon.com\/images\/I\/21zwdcPGveL._SL500_.jpg","width":500,"height":500},{"@type":"BreadcrumbList","@id":"https:\/\/marktxxl.de\/markt\/produkt\/aourow-led-spiegelleuchte-fuer-das-badspiegellampe-badezimmer-40cm-10w-1200lmsuperhell-badlampe-spiegel-neutralweiss-4000kip44-wasserdichtbadezimmer-lampe-wand-230vklasse-ii\/#breadcrumb","itemListElement":[{"@type":"ListItem","position":1,"name":"Startseite","item":"https:\/\/marktxxl.de\/markt\/"},{"@type":"ListItem","position":2,"name":"Markt","item":"https:\/\/marktxxl.de\/markt\/"},{"@type":"ListItem","position":3,"name":"Aourow LED Spiegelleuchte f\u00fcr das Bad,Spiegellampe Badezimmer 40cm 10W 1200lm,Superhell Badlampe Spiegel Neutralwei\u00df 4000K,IP44 Wasserdicht,Badezimmer Lampe Wand 230V,Klasse II"}]},{"@type":"WebSite","@id":"https:\/\/marktxxl.de\/markt\/#website","url":"https:\/\/marktxxl.de\/markt\/","name":"Markt-XXL","description":"Ihr Markt Online","publisher":{"@id":"https:\/\/marktxxl.de\/markt\/#organization"},"potentialAction":[{"@type":"SearchAction","target":{"@type":"EntryPoint","urlTemplate":"https:\/\/marktxxl.de\/markt\/?s={search_term_string}"},"query-input":{"@type":"PropertyValueSpecification","valueRequired":true,"valueName":"search_term_string"}}],"inLanguage":"de"},{"@type":"Organization","@id":"https:\/\/marktxxl.de\/markt\/#organization","name":"Markt-XXL","url":"https:\/\/marktxxl.de\/markt\/","logo":{"@type":"ImageObject","inLanguage":"de","@id":"https:\/\/marktxxl.de\/markt\/#\/schema\/logo\/image\/","url":"https:\/\/marktxxl.de\/markt\/wp-content\/uploads\/sites\/3\/2020\/12\/logo.png","contentUrl":"https:\/\/marktxxl.de\/markt\/wp-content\/uploads\/sites\/3\/2020\/12\/logo.png","width":200,"height":70,"caption":"Markt-XXL"},"image":{"@id":"https:\/\/marktxxl.de\/markt\/#\/schema\/logo\/image\/"}}]}},"_links":{"self":[{"href":"https:\/\/marktxxl.de\/markt\/wp-json\/wp\/v2\/product\/211339","targetHints":{"allow":["GET"]}}],"collection":[{"href":"https:\/\/marktxxl.de\/markt\/wp-json\/wp\/v2\/product"}],"about":[{"href":"https:\/\/marktxxl.de\/markt\/wp-json\/wp\/v2\/types\/product"}],"replies":[{"embeddable":true,"href":"https:\/\/marktxxl.de\/markt\/wp-json\/wp\/v2\/comments?post=211339"}],"wp:featuredmedia":[{"embeddable":true,"href":"https:\/\/marktxxl.de\/markt\/wp-json\/wp\/v2\/media\/211340"}],"wp:attachment":[{"href":"https:\/\/marktxxl.de\/markt\/wp-json\/wp\/v2\/media?parent=211339"}],"wp:term":[{"taxonomy":"product_brand","embeddable":true,"href":"https:\/\/marktxxl.de\/markt\/wp-json\/wp\/v2\/product_brand?post=211339"},{"taxonomy":"product_cat","embeddable":true,"href":"https:\/\/marktxxl.de\/markt\/wp-json\/wp\/v2\/product_cat?post=211339"},{"taxonomy":"product_tag","embeddable":true,"href":"https:\/\/marktxxl.de\/markt\/wp-json\/wp\/v2\/product_tag?post=211339"}],"curies":[{"name":"wp","href":"https:\/\/api.w.org\/{rel}","templated":true}]}}