{"id":211275,"date":"2024-06-28T07:16:56","date_gmt":"2024-06-28T05:16:56","guid":{"rendered":"https:\/\/marktxxl.de\/markt\/produkt\/k-bright-led-badlampe-wandleuchten-innen\/"},"modified":"2024-06-28T07:16:56","modified_gmt":"2024-06-28T05:16:56","slug":"k-bright-led-badlampe-wandleuchten-innen","status":"publish","type":"product","link":"https:\/\/marktxxl.de\/markt\/produkt\/k-bright-led-badlampe-wandleuchten-innen\/","title":{"rendered":"K-Bright LED Badlampe Wandleuchten Innen"},"content":{"rendered":"<p>1.\u3010Pemium-Qualit\u00e4t\u3011 Diese dekorative K-Bright Wandlampe besteht aus reinem Aluminium. Sch\u00f6n und modern, ist es f\u00fcr jeden Wohnstil geeignet. Der LED-Treiber ist kurzschlussfest.<br \/>\n2.\u3010Modern Fashion Simple Design\u3011Das Design der K-Bright LED Wandleuchte Wei\u00df ist einfach und elegant\/elegant, Sie k\u00f6nnen es als dekorative Wandlampe Wei\u00df f\u00fcr den Hintergrund verwenden. Sie k\u00f6nnen es horizontal oder vertikal installieren, um Ihren eigenen Stil zu kreieren<br \/>\n3.\u3010Angenehmer Lichteffekt\u3011 Die Up &amp; Down Wandleuchten Innen leuchtet sch\u00f6n nach oben und unten aus . Ma\u00dfe: 87.5 *13 * 7CM, Lichtwinkel: 120 \u00b0, Watt: 30W,Lumen:3600 lm,Material: Aluminium<br \/>\n4.\u3010Hochwertige Materialien\u3011Die sch\u00f6n polierte wandlampen innen badbeleuchtung l\u00e4\u00dft sich leicht reinigen und verf\u00fcgt \u00fcber ausgezeichnete Korrosionsbest\u00e4ndigkeit und hervorragende Schlagfestigkeit, da sie aus Aluminium und PMMA besteht.<br \/>\n5.\u3010Breites Verwendungsspektrum\u3011Die Wandleuchte Innen Badlampe (Wasserdicht IP44) eignet sich f\u00fcr Badzimmer, Schlafzimmer, Wohnzimmer, Treppenhaus usw. Die maximale Sicherheit wird gew\u00e4hrleistet mit dem wasserdichten LED Transformator.<br \/>\n<div class=\"main-cross-sell\" data-asin=\"B07CKH2TQF\">\n\n\t<div class=\"WooZone-cross-sell-loader\">\n\t\t<div>\n\t\t\t<div id=\"floatingBarsG\">\n\t\t\t\t<div class=\"blockG\" id=\"rotateG_01\"><\/div>\n\t\t\t\t<div class=\"blockG\" id=\"rotateG_02\"><\/div>\n\t\t\t\t<div class=\"blockG\" id=\"rotateG_03\"><\/div>\n\t\t\t\t<div class=\"blockG\" id=\"rotateG_04\"><\/div>\n\t\t\t\t<div class=\"blockG\" id=\"rotateG_05\"><\/div>\n\t\t\t\t<div class=\"blockG\" id=\"rotateG_06\"><\/div>\n\t\t\t\t<div class=\"blockG\" id=\"rotateG_07\"><\/div>\n\t\t\t\t<div class=\"blockG\" id=\"rotateG_08\"><\/div>\n\t\t\t<\/div>\n\t\t\t<div class=\"WooZone-cross-sell-loader-text\"><\/div>\n\t\t<\/div>\n\t<\/div>\n\n\t\t\n<\/div>\n<div style=\"clear:both;\"><\/div><\/p>\n","protected":false},"excerpt":{"rendered":"<p>1.\u3010Pemium-Qualit\u00e4t\u3011 Diese dekorative K-Bright Wandlampe besteht aus reinem Aluminium. Sch\u00f6n und modern, ist es f\u00fcr jeden Wohnstil geeignet. Der LED-Treiber ist kurzschlussfest.<br \/>\n2.\u3010Modern Fashion Simple Design\u3011Das Design der K-Bright LED Wandleuchte Wei\u00df ist einfach und elegant\/elegant, Sie k\u00f6nnen es als dekorative Wandlampe Wei\u00df f\u00fcr den Hintergrund verwenden. Sie k\u00f6nnen es horizontal oder vertikal installieren, um Ihren eigenen Stil zu kreieren<br \/>\n3.\u3010Angenehmer Lichteffekt\u3011 Die Up &amp; Down Wandleuchten Innen leuchtet sch\u00f6n nach oben und unten aus . Ma\u00dfe: 87.5 *13 * 7CM, Lichtwinkel: 120 \u00b0, Watt: 30W,Lumen:3600 lm,Material: Aluminium<\/p>\n","protected":false},"featured_media":211276,"comment_status":"open","ping_status":"closed","template":"","meta":[],"product_brand":[],"product_cat":[11474,2108],"product_tag":[],"class_list":{"0":"post-211275","1":"product","2":"type-product","3":"status-publish","4":"has-post-thumbnail","6":"product_cat-bad-beleuchtung","7":"product_cat-beleuchtung","8":"pa_brand-k-bright","9":"pa_manufacturer-k-bright","11":"first","12":"instock","13":"shipping-taxable","14":"product-type-simple","15":"customify-col","16":"product-has-gallery"},"yoast_head":"<!-- This site is optimized with the Yoast SEO plugin v27.4 - https:\/\/yoast.com\/product\/yoast-seo-wordpress\/ -->\n<title>K-Bright LED Badlampe Wandleuchten Innen - Markt-XXL<\/title>\n<meta name=\"description\" content=\"Markt-XXL K-Bright LED Badlampe Wandleuchten Innen\" \/>\n<meta name=\"robots\" content=\"index, follow, max-snippet:-1, max-image-preview:large, max-video-preview:-1\" \/>\n<link rel=\"canonical\" href=\"https:\/\/marktxxl.de\/markt\/produkt\/k-bright-led-badlampe-wandleuchten-innen\/\" \/>\n<meta property=\"og:locale\" content=\"de_DE\" \/>\n<meta property=\"og:type\" content=\"article\" \/>\n<meta property=\"og:title\" content=\"K-Bright LED Badlampe Wandleuchten Innen - Markt-XXL\" \/>\n<meta property=\"og:description\" content=\"Markt-XXL K-Bright LED Badlampe Wandleuchten Innen\" \/>\n<meta property=\"og:url\" content=\"https:\/\/marktxxl.de\/markt\/produkt\/k-bright-led-badlampe-wandleuchten-innen\/\" \/>\n<meta property=\"og:site_name\" content=\"Markt-XXL\" \/>\n<meta name=\"twitter:card\" content=\"summary_large_image\" \/>\n<meta name=\"twitter:label1\" content=\"Gesch\u00e4tzte Lesezeit\" \/>\n\t<meta name=\"twitter:data1\" content=\"1\u00a0Minute\" \/>\n<script type=\"application\/ld+json\" class=\"yoast-schema-graph\">{\"@context\":\"https:\\\/\\\/schema.org\",\"@graph\":[{\"@type\":\"WebPage\",\"@id\":\"https:\\\/\\\/marktxxl.de\\\/markt\\\/produkt\\\/k-bright-led-badlampe-wandleuchten-innen\\\/\",\"url\":\"https:\\\/\\\/marktxxl.de\\\/markt\\\/produkt\\\/k-bright-led-badlampe-wandleuchten-innen\\\/\",\"name\":\"K-Bright LED Badlampe Wandleuchten Innen - Markt-XXL\",\"isPartOf\":{\"@id\":\"https:\\\/\\\/marktxxl.de\\\/markt\\\/#website\"},\"primaryImageOfPage\":{\"@id\":\"https:\\\/\\\/marktxxl.de\\\/markt\\\/produkt\\\/k-bright-led-badlampe-wandleuchten-innen\\\/#primaryimage\"},\"image\":{\"@id\":\"https:\\\/\\\/marktxxl.de\\\/markt\\\/produkt\\\/k-bright-led-badlampe-wandleuchten-innen\\\/#primaryimage\"},\"thumbnailUrl\":\"https:\\\/\\\/m.media-amazon.com\\\/images\\\/I\\\/31W1IYJP3pL._SL500_.jpg\",\"datePublished\":\"2024-06-28T05:16:56+00:00\",\"description\":\"Markt-XXL K-Bright LED Badlampe Wandleuchten Innen\",\"breadcrumb\":{\"@id\":\"https:\\\/\\\/marktxxl.de\\\/markt\\\/produkt\\\/k-bright-led-badlampe-wandleuchten-innen\\\/#breadcrumb\"},\"inLanguage\":\"de\",\"potentialAction\":[{\"@type\":\"ReadAction\",\"target\":[\"https:\\\/\\\/marktxxl.de\\\/markt\\\/produkt\\\/k-bright-led-badlampe-wandleuchten-innen\\\/\"]}]},{\"@type\":\"ImageObject\",\"inLanguage\":\"de\",\"@id\":\"https:\\\/\\\/marktxxl.de\\\/markt\\\/produkt\\\/k-bright-led-badlampe-wandleuchten-innen\\\/#primaryimage\",\"url\":\"https:\\\/\\\/m.media-amazon.com\\\/images\\\/I\\\/31W1IYJP3pL._SL500_.jpg\",\"contentUrl\":\"https:\\\/\\\/m.media-amazon.com\\\/images\\\/I\\\/31W1IYJP3pL._SL500_.jpg\",\"width\":500,\"height\":500},{\"@type\":\"BreadcrumbList\",\"@id\":\"https:\\\/\\\/marktxxl.de\\\/markt\\\/produkt\\\/k-bright-led-badlampe-wandleuchten-innen\\\/#breadcrumb\",\"itemListElement\":[{\"@type\":\"ListItem\",\"position\":1,\"name\":\"Startseite\",\"item\":\"https:\\\/\\\/marktxxl.de\\\/markt\\\/\"},{\"@type\":\"ListItem\",\"position\":2,\"name\":\"Markt\",\"item\":\"https:\\\/\\\/marktxxl.de\\\/markt\\\/\"},{\"@type\":\"ListItem\",\"position\":3,\"name\":\"K-Bright LED Badlampe Wandleuchten Innen\"}]},{\"@type\":\"WebSite\",\"@id\":\"https:\\\/\\\/marktxxl.de\\\/markt\\\/#website\",\"url\":\"https:\\\/\\\/marktxxl.de\\\/markt\\\/\",\"name\":\"Markt-XXL\",\"description\":\"Ihr Markt Online\",\"publisher\":{\"@id\":\"https:\\\/\\\/marktxxl.de\\\/markt\\\/#organization\"},\"potentialAction\":[{\"@type\":\"SearchAction\",\"target\":{\"@type\":\"EntryPoint\",\"urlTemplate\":\"https:\\\/\\\/marktxxl.de\\\/markt\\\/?s={search_term_string}\"},\"query-input\":{\"@type\":\"PropertyValueSpecification\",\"valueRequired\":true,\"valueName\":\"search_term_string\"}}],\"inLanguage\":\"de\"},{\"@type\":\"Organization\",\"@id\":\"https:\\\/\\\/marktxxl.de\\\/markt\\\/#organization\",\"name\":\"Markt-XXL\",\"url\":\"https:\\\/\\\/marktxxl.de\\\/markt\\\/\",\"logo\":{\"@type\":\"ImageObject\",\"inLanguage\":\"de\",\"@id\":\"https:\\\/\\\/marktxxl.de\\\/markt\\\/#\\\/schema\\\/logo\\\/image\\\/\",\"url\":\"https:\\\/\\\/marktxxl.de\\\/markt\\\/wp-content\\\/uploads\\\/sites\\\/3\\\/2020\\\/12\\\/logo.png\",\"contentUrl\":\"https:\\\/\\\/marktxxl.de\\\/markt\\\/wp-content\\\/uploads\\\/sites\\\/3\\\/2020\\\/12\\\/logo.png\",\"width\":200,\"height\":70,\"caption\":\"Markt-XXL\"},\"image\":{\"@id\":\"https:\\\/\\\/marktxxl.de\\\/markt\\\/#\\\/schema\\\/logo\\\/image\\\/\"}}]}<\/script>\n<!-- \/ Yoast SEO plugin. -->","yoast_head_json":{"title":"K-Bright LED Badlampe Wandleuchten Innen - Markt-XXL","description":"Markt-XXL K-Bright LED Badlampe Wandleuchten Innen","robots":{"index":"index","follow":"follow","max-snippet":"max-snippet:-1","max-image-preview":"max-image-preview:large","max-video-preview":"max-video-preview:-1"},"canonical":"https:\/\/marktxxl.de\/markt\/produkt\/k-bright-led-badlampe-wandleuchten-innen\/","og_locale":"de_DE","og_type":"article","og_title":"K-Bright LED Badlampe Wandleuchten Innen - Markt-XXL","og_description":"Markt-XXL K-Bright LED Badlampe Wandleuchten Innen","og_url":"https:\/\/marktxxl.de\/markt\/produkt\/k-bright-led-badlampe-wandleuchten-innen\/","og_site_name":"Markt-XXL","twitter_card":"summary_large_image","twitter_misc":{"Gesch\u00e4tzte Lesezeit":"1\u00a0Minute"},"schema":{"@context":"https:\/\/schema.org","@graph":[{"@type":"WebPage","@id":"https:\/\/marktxxl.de\/markt\/produkt\/k-bright-led-badlampe-wandleuchten-innen\/","url":"https:\/\/marktxxl.de\/markt\/produkt\/k-bright-led-badlampe-wandleuchten-innen\/","name":"K-Bright LED Badlampe Wandleuchten Innen - Markt-XXL","isPartOf":{"@id":"https:\/\/marktxxl.de\/markt\/#website"},"primaryImageOfPage":{"@id":"https:\/\/marktxxl.de\/markt\/produkt\/k-bright-led-badlampe-wandleuchten-innen\/#primaryimage"},"image":{"@id":"https:\/\/marktxxl.de\/markt\/produkt\/k-bright-led-badlampe-wandleuchten-innen\/#primaryimage"},"thumbnailUrl":"https:\/\/m.media-amazon.com\/images\/I\/31W1IYJP3pL._SL500_.jpg","datePublished":"2024-06-28T05:16:56+00:00","description":"Markt-XXL K-Bright LED Badlampe Wandleuchten Innen","breadcrumb":{"@id":"https:\/\/marktxxl.de\/markt\/produkt\/k-bright-led-badlampe-wandleuchten-innen\/#breadcrumb"},"inLanguage":"de","potentialAction":[{"@type":"ReadAction","target":["https:\/\/marktxxl.de\/markt\/produkt\/k-bright-led-badlampe-wandleuchten-innen\/"]}]},{"@type":"ImageObject","inLanguage":"de","@id":"https:\/\/marktxxl.de\/markt\/produkt\/k-bright-led-badlampe-wandleuchten-innen\/#primaryimage","url":"https:\/\/m.media-amazon.com\/images\/I\/31W1IYJP3pL._SL500_.jpg","contentUrl":"https:\/\/m.media-amazon.com\/images\/I\/31W1IYJP3pL._SL500_.jpg","width":500,"height":500},{"@type":"BreadcrumbList","@id":"https:\/\/marktxxl.de\/markt\/produkt\/k-bright-led-badlampe-wandleuchten-innen\/#breadcrumb","itemListElement":[{"@type":"ListItem","position":1,"name":"Startseite","item":"https:\/\/marktxxl.de\/markt\/"},{"@type":"ListItem","position":2,"name":"Markt","item":"https:\/\/marktxxl.de\/markt\/"},{"@type":"ListItem","position":3,"name":"K-Bright LED Badlampe Wandleuchten Innen"}]},{"@type":"WebSite","@id":"https:\/\/marktxxl.de\/markt\/#website","url":"https:\/\/marktxxl.de\/markt\/","name":"Markt-XXL","description":"Ihr Markt Online","publisher":{"@id":"https:\/\/marktxxl.de\/markt\/#organization"},"potentialAction":[{"@type":"SearchAction","target":{"@type":"EntryPoint","urlTemplate":"https:\/\/marktxxl.de\/markt\/?s={search_term_string}"},"query-input":{"@type":"PropertyValueSpecification","valueRequired":true,"valueName":"search_term_string"}}],"inLanguage":"de"},{"@type":"Organization","@id":"https:\/\/marktxxl.de\/markt\/#organization","name":"Markt-XXL","url":"https:\/\/marktxxl.de\/markt\/","logo":{"@type":"ImageObject","inLanguage":"de","@id":"https:\/\/marktxxl.de\/markt\/#\/schema\/logo\/image\/","url":"https:\/\/marktxxl.de\/markt\/wp-content\/uploads\/sites\/3\/2020\/12\/logo.png","contentUrl":"https:\/\/marktxxl.de\/markt\/wp-content\/uploads\/sites\/3\/2020\/12\/logo.png","width":200,"height":70,"caption":"Markt-XXL"},"image":{"@id":"https:\/\/marktxxl.de\/markt\/#\/schema\/logo\/image\/"}}]}},"_links":{"self":[{"href":"https:\/\/marktxxl.de\/markt\/wp-json\/wp\/v2\/product\/211275","targetHints":{"allow":["GET"]}}],"collection":[{"href":"https:\/\/marktxxl.de\/markt\/wp-json\/wp\/v2\/product"}],"about":[{"href":"https:\/\/marktxxl.de\/markt\/wp-json\/wp\/v2\/types\/product"}],"replies":[{"embeddable":true,"href":"https:\/\/marktxxl.de\/markt\/wp-json\/wp\/v2\/comments?post=211275"}],"wp:featuredmedia":[{"embeddable":true,"href":"https:\/\/marktxxl.de\/markt\/wp-json\/wp\/v2\/media\/211276"}],"wp:attachment":[{"href":"https:\/\/marktxxl.de\/markt\/wp-json\/wp\/v2\/media?parent=211275"}],"wp:term":[{"taxonomy":"product_brand","embeddable":true,"href":"https:\/\/marktxxl.de\/markt\/wp-json\/wp\/v2\/product_brand?post=211275"},{"taxonomy":"product_cat","embeddable":true,"href":"https:\/\/marktxxl.de\/markt\/wp-json\/wp\/v2\/product_cat?post=211275"},{"taxonomy":"product_tag","embeddable":true,"href":"https:\/\/marktxxl.de\/markt\/wp-json\/wp\/v2\/product_tag?post=211275"}],"curies":[{"name":"wp","href":"https:\/\/api.w.org\/{rel}","templated":true}]}}