{"id":211204,"date":"2024-06-28T06:50:55","date_gmt":"2024-06-28T04:50:55","guid":{"rendered":"https:\/\/marktxxl.de\/markt\/produkt\/gluroo-led-spiegelleuchte-dimmbar-hollywood-stil-schminktisch-beleuchtung-schminklicht-mit-10-lampen-3-farbe-usb-spiegellampe-mit-schalter-fuer-kosmetikspieg-badzimmer-spiegel\/"},"modified":"2024-06-28T06:50:55","modified_gmt":"2024-06-28T04:50:55","slug":"gluroo-led-spiegelleuchte-dimmbar-hollywood-stil-schminktisch-beleuchtung-schminklicht-mit-10-lampen-3-farbe-usb-spiegellampe-mit-schalter-fuer-kosmetikspieg-badzimmer-spiegel","status":"publish","type":"product","link":"https:\/\/marktxxl.de\/markt\/produkt\/gluroo-led-spiegelleuchte-dimmbar-hollywood-stil-schminktisch-beleuchtung-schminklicht-mit-10-lampen-3-farbe-usb-spiegellampe-mit-schalter-fuer-kosmetikspieg-badzimmer-spiegel\/","title":{"rendered":"GLUROO LED Spiegelleuchte Dimmbar, Hollywood-Stil Schminktisch Beleuchtung Schminklicht mit 10 Lampen, 3 Farbe, USB Spiegellampe mit Schalter f\u00fcr Kosmetikspieg, Badzimmer Spiegel"},"content":{"rendered":"<p>\ud83c\udf1f\u3010Nat\u00fcrliche 3 Lichtmodi\u3011Schminktisch licht strahlen warmes Wei\u00df f\u00fcr Make-up beim Abendessen, nat\u00fcrliches Wei\u00df f\u00fcr Make-up im B\u00fcro und Tageslichtwei\u00df f\u00fcr Make-up bei Outdoor-Aktivit\u00e4ten aus und erm\u00f6glichen so ein exquisites Make-up in verschiedenen Umgebungen.<br \/>\n\ud83c\udf1f\u3010Sanfte &amp; Einstellbare Helligkeit\u3011Pr\u00e4zise Helligkeitsanpassung von 10 % bis 100 %, ideal f\u00fcr den Einsatz in schwach beleuchteten Bereichen, erleben Sie die Freude an effizientem Make-up. Spiegellicht mit hochwertigen LED-Chips und Anti-Flimmer-Technologie zur Linderung von Augenerm\u00fcdung bei l\u00e4ngeren Sitzungen.<br \/>\n\ud83c\udf1f\u3010Sicheres &amp; Tragbares USB-Kabel\u3011Spiegel beleuchtung mit sichererem USB-Kabel beziehen Strom problemlos von Laptops, Powerbanks oder jedem anderen USB-Anschluss, sodass Sie nicht mehr nach Steckdosen suchen m\u00fcssen! Mit leichtem Design ist es zweifellos ein Muss f\u00fcr schnelle Ausbesserungen w\u00e4hrend Ihrer Reisen.<br \/>\n\ud83c\udf1f\u3010Einfache DIY-Installation\u3011Die rotierende Gl\u00fchbirne verdeckt \u00fcbersch\u00fcssige Kabel und sorgt f\u00fcr eine saubere Spiegeloberfl\u00e4che, ohne dass Bohren erforderlich ist. Die mitgelieferten Klebeaufkleber sorgen f\u00fcr einen sicheren Halt und hinterlassen auch nach dem Entfernen der Spiegelleuchte keine Spuren.<br \/>\n\ud83c\udf1f\u3010Schlankes Aussehen &amp; Vielseitig\u3011Unsere klassischen und stilvollen wei\u00dfen schminktisch lampe schaffen eine entspannte und angenehme Make-up-Atmosph\u00e4re f\u00fcr Sie. Perfekt zum Dekorieren von Kosmetikspiegeln, Kleiderschr\u00e4nken, Partys, Feiertagsfeiern usw. Ein ideales Geschenk f\u00fcr Freunde und Familie. Bitte kontaktieren Sie uns bei Fragen.<br \/>\n<div class=\"main-cross-sell\" data-asin=\"B0CL9TDT55\">\n\n\t<div class=\"WooZone-cross-sell-loader\">\n\t\t<div>\n\t\t\t<div id=\"floatingBarsG\">\n\t\t\t\t<div class=\"blockG\" id=\"rotateG_01\"><\/div>\n\t\t\t\t<div class=\"blockG\" id=\"rotateG_02\"><\/div>\n\t\t\t\t<div class=\"blockG\" id=\"rotateG_03\"><\/div>\n\t\t\t\t<div class=\"blockG\" id=\"rotateG_04\"><\/div>\n\t\t\t\t<div class=\"blockG\" id=\"rotateG_05\"><\/div>\n\t\t\t\t<div class=\"blockG\" id=\"rotateG_06\"><\/div>\n\t\t\t\t<div class=\"blockG\" id=\"rotateG_07\"><\/div>\n\t\t\t\t<div class=\"blockG\" id=\"rotateG_08\"><\/div>\n\t\t\t<\/div>\n\t\t\t<div class=\"WooZone-cross-sell-loader-text\"><\/div>\n\t\t<\/div>\n\t<\/div>\n\n\t\t\n<\/div>\n<div style=\"clear:both;\"><\/div><\/p>\n","protected":false},"excerpt":{"rendered":"<p>\ud83c\udf1f\u3010Nat\u00fcrliche 3 Lichtmodi\u3011Schminktisch licht strahlen warmes Wei\u00df f\u00fcr Make-up beim Abendessen, nat\u00fcrliches Wei\u00df f\u00fcr Make-up im B\u00fcro und Tageslichtwei\u00df f\u00fcr Make-up bei Outdoor-Aktivit\u00e4ten aus und erm\u00f6glichen so ein exquisites Make-up in verschiedenen Umgebungen.<br \/>\n\ud83c\udf1f\u3010Sanfte &amp; Einstellbare Helligkeit\u3011Pr\u00e4zise Helligkeitsanpassung von 10 % bis 100 %, ideal f\u00fcr den Einsatz in schwach beleuchteten Bereichen, erleben Sie die Freude an effizientem Make-up. Spiegellicht mit hochwertigen LED-Chips und Anti-Flimmer-Technologie zur Linderung von Augenerm\u00fcdung bei l\u00e4ngeren Sitzungen.<br \/>\n\ud83c\udf1f\u3010Sicheres &amp; Tragbares USB-Kabel\u3011Spiegel beleuchtung mit sichererem USB-Kabel beziehen Strom problemlos von Laptops, Powerbanks oder jedem anderen USB-Anschluss, sodass Sie nicht mehr nach Steckdosen suchen m\u00fcssen! Mit leichtem Design ist es zweifellos ein Muss f\u00fcr schnelle Ausbesserungen w\u00e4hrend Ihrer Reisen.<\/p>\n","protected":false},"featured_media":211205,"comment_status":"open","ping_status":"closed","template":"","meta":[],"product_brand":[],"product_cat":[11474,2108],"product_tag":[],"class_list":{"0":"post-211204","1":"product","2":"type-product","3":"status-publish","4":"has-post-thumbnail","6":"product_cat-bad-beleuchtung","7":"product_cat-beleuchtung","8":"pa_binding-haushaltswaren","9":"pa_brand-gluroo","10":"pa_color-weiss","11":"pa_height-9-448818888-zoll","12":"pa_length-4-330708657-zoll","13":"pa_manufacturer-gluroo","14":"pa_model-jqd10","15":"pa_width-2-0866141711-zoll","17":"first","18":"instock","19":"sale","20":"shipping-taxable","21":"purchasable","22":"product-type-simple","23":"customify-col","24":"product-has-gallery"},"yoast_head":"<!-- This site is optimized with the Yoast SEO plugin v27.4 - https:\/\/yoast.com\/product\/yoast-seo-wordpress\/ -->\n<title>GLUROO LED Spiegelleuchte Dimmbar, Hollywood-Stil Schminktisch Beleuchtung Schminklicht mit 10 Lampen, 3 Farbe, USB Spiegellampe mit Schalter f\u00fcr Kosmetikspieg, Badzimmer Spiegel - Markt-XXL<\/title>\n<meta name=\"description\" content=\"Markt-XXL GLUROO LED Spiegelleuchte Dimmbar, Hollywood-Stil Schminktisch Beleuchtung Schminklicht mit 10 Lampen, 3 Farbe, USB Spiegellampe mit Schalter f\u00fcr Kosmetikspieg, Badzimmer Spiegel\" \/>\n<meta name=\"robots\" content=\"index, follow, max-snippet:-1, max-image-preview:large, max-video-preview:-1\" \/>\n<link rel=\"canonical\" href=\"https:\/\/marktxxl.de\/markt\/produkt\/gluroo-led-spiegelleuchte-dimmbar-hollywood-stil-schminktisch-beleuchtung-schminklicht-mit-10-lampen-3-farbe-usb-spiegellampe-mit-schalter-fuer-kosmetikspieg-badzimmer-spiegel\/\" \/>\n<meta property=\"og:locale\" content=\"de_DE\" \/>\n<meta property=\"og:type\" content=\"article\" \/>\n<meta property=\"og:title\" content=\"GLUROO LED Spiegelleuchte Dimmbar, Hollywood-Stil Schminktisch Beleuchtung Schminklicht mit 10 Lampen, 3 Farbe, USB Spiegellampe mit Schalter f\u00fcr Kosmetikspieg, Badzimmer Spiegel - Markt-XXL\" \/>\n<meta property=\"og:description\" content=\"Markt-XXL GLUROO LED Spiegelleuchte Dimmbar, Hollywood-Stil Schminktisch Beleuchtung Schminklicht mit 10 Lampen, 3 Farbe, USB Spiegellampe mit Schalter f\u00fcr Kosmetikspieg, Badzimmer Spiegel\" \/>\n<meta property=\"og:url\" content=\"https:\/\/marktxxl.de\/markt\/produkt\/gluroo-led-spiegelleuchte-dimmbar-hollywood-stil-schminktisch-beleuchtung-schminklicht-mit-10-lampen-3-farbe-usb-spiegellampe-mit-schalter-fuer-kosmetikspieg-badzimmer-spiegel\/\" \/>\n<meta property=\"og:site_name\" content=\"Markt-XXL\" \/>\n<meta name=\"twitter:card\" content=\"summary_large_image\" \/>\n<meta name=\"twitter:label1\" content=\"Gesch\u00e4tzte Lesezeit\" \/>\n\t<meta name=\"twitter:data1\" content=\"1\u00a0Minute\" \/>\n<script type=\"application\/ld+json\" class=\"yoast-schema-graph\">{\"@context\":\"https:\\\/\\\/schema.org\",\"@graph\":[{\"@type\":\"WebPage\",\"@id\":\"https:\\\/\\\/marktxxl.de\\\/markt\\\/produkt\\\/gluroo-led-spiegelleuchte-dimmbar-hollywood-stil-schminktisch-beleuchtung-schminklicht-mit-10-lampen-3-farbe-usb-spiegellampe-mit-schalter-fuer-kosmetikspieg-badzimmer-spiegel\\\/\",\"url\":\"https:\\\/\\\/marktxxl.de\\\/markt\\\/produkt\\\/gluroo-led-spiegelleuchte-dimmbar-hollywood-stil-schminktisch-beleuchtung-schminklicht-mit-10-lampen-3-farbe-usb-spiegellampe-mit-schalter-fuer-kosmetikspieg-badzimmer-spiegel\\\/\",\"name\":\"GLUROO LED Spiegelleuchte Dimmbar, Hollywood-Stil Schminktisch Beleuchtung Schminklicht mit 10 Lampen, 3 Farbe, USB Spiegellampe mit Schalter f\u00fcr Kosmetikspieg, Badzimmer Spiegel - Markt-XXL\",\"isPartOf\":{\"@id\":\"https:\\\/\\\/marktxxl.de\\\/markt\\\/#website\"},\"primaryImageOfPage\":{\"@id\":\"https:\\\/\\\/marktxxl.de\\\/markt\\\/produkt\\\/gluroo-led-spiegelleuchte-dimmbar-hollywood-stil-schminktisch-beleuchtung-schminklicht-mit-10-lampen-3-farbe-usb-spiegellampe-mit-schalter-fuer-kosmetikspieg-badzimmer-spiegel\\\/#primaryimage\"},\"image\":{\"@id\":\"https:\\\/\\\/marktxxl.de\\\/markt\\\/produkt\\\/gluroo-led-spiegelleuchte-dimmbar-hollywood-stil-schminktisch-beleuchtung-schminklicht-mit-10-lampen-3-farbe-usb-spiegellampe-mit-schalter-fuer-kosmetikspieg-badzimmer-spiegel\\\/#primaryimage\"},\"thumbnailUrl\":\"https:\\\/\\\/m.media-amazon.com\\\/images\\\/I\\\/41MiqmmliVL._SL500_.jpg\",\"datePublished\":\"2024-06-28T04:50:55+00:00\",\"description\":\"Markt-XXL GLUROO LED Spiegelleuchte Dimmbar, Hollywood-Stil Schminktisch Beleuchtung Schminklicht mit 10 Lampen, 3 Farbe, USB Spiegellampe mit Schalter f\u00fcr Kosmetikspieg, Badzimmer Spiegel\",\"breadcrumb\":{\"@id\":\"https:\\\/\\\/marktxxl.de\\\/markt\\\/produkt\\\/gluroo-led-spiegelleuchte-dimmbar-hollywood-stil-schminktisch-beleuchtung-schminklicht-mit-10-lampen-3-farbe-usb-spiegellampe-mit-schalter-fuer-kosmetikspieg-badzimmer-spiegel\\\/#breadcrumb\"},\"inLanguage\":\"de\",\"potentialAction\":[{\"@type\":\"ReadAction\",\"target\":[\"https:\\\/\\\/marktxxl.de\\\/markt\\\/produkt\\\/gluroo-led-spiegelleuchte-dimmbar-hollywood-stil-schminktisch-beleuchtung-schminklicht-mit-10-lampen-3-farbe-usb-spiegellampe-mit-schalter-fuer-kosmetikspieg-badzimmer-spiegel\\\/\"]}]},{\"@type\":\"ImageObject\",\"inLanguage\":\"de\",\"@id\":\"https:\\\/\\\/marktxxl.de\\\/markt\\\/produkt\\\/gluroo-led-spiegelleuchte-dimmbar-hollywood-stil-schminktisch-beleuchtung-schminklicht-mit-10-lampen-3-farbe-usb-spiegellampe-mit-schalter-fuer-kosmetikspieg-badzimmer-spiegel\\\/#primaryimage\",\"url\":\"https:\\\/\\\/m.media-amazon.com\\\/images\\\/I\\\/41MiqmmliVL._SL500_.jpg\",\"contentUrl\":\"https:\\\/\\\/m.media-amazon.com\\\/images\\\/I\\\/41MiqmmliVL._SL500_.jpg\",\"width\":500,\"height\":500},{\"@type\":\"BreadcrumbList\",\"@id\":\"https:\\\/\\\/marktxxl.de\\\/markt\\\/produkt\\\/gluroo-led-spiegelleuchte-dimmbar-hollywood-stil-schminktisch-beleuchtung-schminklicht-mit-10-lampen-3-farbe-usb-spiegellampe-mit-schalter-fuer-kosmetikspieg-badzimmer-spiegel\\\/#breadcrumb\",\"itemListElement\":[{\"@type\":\"ListItem\",\"position\":1,\"name\":\"Startseite\",\"item\":\"https:\\\/\\\/marktxxl.de\\\/markt\\\/\"},{\"@type\":\"ListItem\",\"position\":2,\"name\":\"Markt\",\"item\":\"https:\\\/\\\/marktxxl.de\\\/markt\\\/\"},{\"@type\":\"ListItem\",\"position\":3,\"name\":\"GLUROO LED Spiegelleuchte Dimmbar, Hollywood-Stil Schminktisch Beleuchtung Schminklicht mit 10 Lampen, 3 Farbe, USB Spiegellampe mit Schalter f\u00fcr Kosmetikspieg, Badzimmer Spiegel\"}]},{\"@type\":\"WebSite\",\"@id\":\"https:\\\/\\\/marktxxl.de\\\/markt\\\/#website\",\"url\":\"https:\\\/\\\/marktxxl.de\\\/markt\\\/\",\"name\":\"Markt-XXL\",\"description\":\"Ihr Markt Online\",\"publisher\":{\"@id\":\"https:\\\/\\\/marktxxl.de\\\/markt\\\/#organization\"},\"potentialAction\":[{\"@type\":\"SearchAction\",\"target\":{\"@type\":\"EntryPoint\",\"urlTemplate\":\"https:\\\/\\\/marktxxl.de\\\/markt\\\/?s={search_term_string}\"},\"query-input\":{\"@type\":\"PropertyValueSpecification\",\"valueRequired\":true,\"valueName\":\"search_term_string\"}}],\"inLanguage\":\"de\"},{\"@type\":\"Organization\",\"@id\":\"https:\\\/\\\/marktxxl.de\\\/markt\\\/#organization\",\"name\":\"Markt-XXL\",\"url\":\"https:\\\/\\\/marktxxl.de\\\/markt\\\/\",\"logo\":{\"@type\":\"ImageObject\",\"inLanguage\":\"de\",\"@id\":\"https:\\\/\\\/marktxxl.de\\\/markt\\\/#\\\/schema\\\/logo\\\/image\\\/\",\"url\":\"https:\\\/\\\/marktxxl.de\\\/markt\\\/wp-content\\\/uploads\\\/sites\\\/3\\\/2020\\\/12\\\/logo.png\",\"contentUrl\":\"https:\\\/\\\/marktxxl.de\\\/markt\\\/wp-content\\\/uploads\\\/sites\\\/3\\\/2020\\\/12\\\/logo.png\",\"width\":200,\"height\":70,\"caption\":\"Markt-XXL\"},\"image\":{\"@id\":\"https:\\\/\\\/marktxxl.de\\\/markt\\\/#\\\/schema\\\/logo\\\/image\\\/\"}}]}<\/script>\n<!-- \/ Yoast SEO plugin. -->","yoast_head_json":{"title":"GLUROO LED Spiegelleuchte Dimmbar, Hollywood-Stil Schminktisch Beleuchtung Schminklicht mit 10 Lampen, 3 Farbe, USB Spiegellampe mit Schalter f\u00fcr Kosmetikspieg, Badzimmer Spiegel - Markt-XXL","description":"Markt-XXL GLUROO LED Spiegelleuchte Dimmbar, Hollywood-Stil Schminktisch Beleuchtung Schminklicht mit 10 Lampen, 3 Farbe, USB Spiegellampe mit Schalter f\u00fcr Kosmetikspieg, Badzimmer Spiegel","robots":{"index":"index","follow":"follow","max-snippet":"max-snippet:-1","max-image-preview":"max-image-preview:large","max-video-preview":"max-video-preview:-1"},"canonical":"https:\/\/marktxxl.de\/markt\/produkt\/gluroo-led-spiegelleuchte-dimmbar-hollywood-stil-schminktisch-beleuchtung-schminklicht-mit-10-lampen-3-farbe-usb-spiegellampe-mit-schalter-fuer-kosmetikspieg-badzimmer-spiegel\/","og_locale":"de_DE","og_type":"article","og_title":"GLUROO LED Spiegelleuchte Dimmbar, Hollywood-Stil Schminktisch Beleuchtung Schminklicht mit 10 Lampen, 3 Farbe, USB Spiegellampe mit Schalter f\u00fcr Kosmetikspieg, Badzimmer Spiegel - Markt-XXL","og_description":"Markt-XXL GLUROO LED Spiegelleuchte Dimmbar, Hollywood-Stil Schminktisch Beleuchtung Schminklicht mit 10 Lampen, 3 Farbe, USB Spiegellampe mit Schalter f\u00fcr Kosmetikspieg, Badzimmer Spiegel","og_url":"https:\/\/marktxxl.de\/markt\/produkt\/gluroo-led-spiegelleuchte-dimmbar-hollywood-stil-schminktisch-beleuchtung-schminklicht-mit-10-lampen-3-farbe-usb-spiegellampe-mit-schalter-fuer-kosmetikspieg-badzimmer-spiegel\/","og_site_name":"Markt-XXL","twitter_card":"summary_large_image","twitter_misc":{"Gesch\u00e4tzte Lesezeit":"1\u00a0Minute"},"schema":{"@context":"https:\/\/schema.org","@graph":[{"@type":"WebPage","@id":"https:\/\/marktxxl.de\/markt\/produkt\/gluroo-led-spiegelleuchte-dimmbar-hollywood-stil-schminktisch-beleuchtung-schminklicht-mit-10-lampen-3-farbe-usb-spiegellampe-mit-schalter-fuer-kosmetikspieg-badzimmer-spiegel\/","url":"https:\/\/marktxxl.de\/markt\/produkt\/gluroo-led-spiegelleuchte-dimmbar-hollywood-stil-schminktisch-beleuchtung-schminklicht-mit-10-lampen-3-farbe-usb-spiegellampe-mit-schalter-fuer-kosmetikspieg-badzimmer-spiegel\/","name":"GLUROO LED Spiegelleuchte Dimmbar, Hollywood-Stil Schminktisch Beleuchtung Schminklicht mit 10 Lampen, 3 Farbe, USB Spiegellampe mit Schalter f\u00fcr Kosmetikspieg, Badzimmer Spiegel - Markt-XXL","isPartOf":{"@id":"https:\/\/marktxxl.de\/markt\/#website"},"primaryImageOfPage":{"@id":"https:\/\/marktxxl.de\/markt\/produkt\/gluroo-led-spiegelleuchte-dimmbar-hollywood-stil-schminktisch-beleuchtung-schminklicht-mit-10-lampen-3-farbe-usb-spiegellampe-mit-schalter-fuer-kosmetikspieg-badzimmer-spiegel\/#primaryimage"},"image":{"@id":"https:\/\/marktxxl.de\/markt\/produkt\/gluroo-led-spiegelleuchte-dimmbar-hollywood-stil-schminktisch-beleuchtung-schminklicht-mit-10-lampen-3-farbe-usb-spiegellampe-mit-schalter-fuer-kosmetikspieg-badzimmer-spiegel\/#primaryimage"},"thumbnailUrl":"https:\/\/m.media-amazon.com\/images\/I\/41MiqmmliVL._SL500_.jpg","datePublished":"2024-06-28T04:50:55+00:00","description":"Markt-XXL GLUROO LED Spiegelleuchte Dimmbar, Hollywood-Stil Schminktisch Beleuchtung Schminklicht mit 10 Lampen, 3 Farbe, USB Spiegellampe mit Schalter f\u00fcr Kosmetikspieg, Badzimmer Spiegel","breadcrumb":{"@id":"https:\/\/marktxxl.de\/markt\/produkt\/gluroo-led-spiegelleuchte-dimmbar-hollywood-stil-schminktisch-beleuchtung-schminklicht-mit-10-lampen-3-farbe-usb-spiegellampe-mit-schalter-fuer-kosmetikspieg-badzimmer-spiegel\/#breadcrumb"},"inLanguage":"de","potentialAction":[{"@type":"ReadAction","target":["https:\/\/marktxxl.de\/markt\/produkt\/gluroo-led-spiegelleuchte-dimmbar-hollywood-stil-schminktisch-beleuchtung-schminklicht-mit-10-lampen-3-farbe-usb-spiegellampe-mit-schalter-fuer-kosmetikspieg-badzimmer-spiegel\/"]}]},{"@type":"ImageObject","inLanguage":"de","@id":"https:\/\/marktxxl.de\/markt\/produkt\/gluroo-led-spiegelleuchte-dimmbar-hollywood-stil-schminktisch-beleuchtung-schminklicht-mit-10-lampen-3-farbe-usb-spiegellampe-mit-schalter-fuer-kosmetikspieg-badzimmer-spiegel\/#primaryimage","url":"https:\/\/m.media-amazon.com\/images\/I\/41MiqmmliVL._SL500_.jpg","contentUrl":"https:\/\/m.media-amazon.com\/images\/I\/41MiqmmliVL._SL500_.jpg","width":500,"height":500},{"@type":"BreadcrumbList","@id":"https:\/\/marktxxl.de\/markt\/produkt\/gluroo-led-spiegelleuchte-dimmbar-hollywood-stil-schminktisch-beleuchtung-schminklicht-mit-10-lampen-3-farbe-usb-spiegellampe-mit-schalter-fuer-kosmetikspieg-badzimmer-spiegel\/#breadcrumb","itemListElement":[{"@type":"ListItem","position":1,"name":"Startseite","item":"https:\/\/marktxxl.de\/markt\/"},{"@type":"ListItem","position":2,"name":"Markt","item":"https:\/\/marktxxl.de\/markt\/"},{"@type":"ListItem","position":3,"name":"GLUROO LED Spiegelleuchte Dimmbar, Hollywood-Stil Schminktisch Beleuchtung Schminklicht mit 10 Lampen, 3 Farbe, USB Spiegellampe mit Schalter f\u00fcr Kosmetikspieg, Badzimmer Spiegel"}]},{"@type":"WebSite","@id":"https:\/\/marktxxl.de\/markt\/#website","url":"https:\/\/marktxxl.de\/markt\/","name":"Markt-XXL","description":"Ihr Markt Online","publisher":{"@id":"https:\/\/marktxxl.de\/markt\/#organization"},"potentialAction":[{"@type":"SearchAction","target":{"@type":"EntryPoint","urlTemplate":"https:\/\/marktxxl.de\/markt\/?s={search_term_string}"},"query-input":{"@type":"PropertyValueSpecification","valueRequired":true,"valueName":"search_term_string"}}],"inLanguage":"de"},{"@type":"Organization","@id":"https:\/\/marktxxl.de\/markt\/#organization","name":"Markt-XXL","url":"https:\/\/marktxxl.de\/markt\/","logo":{"@type":"ImageObject","inLanguage":"de","@id":"https:\/\/marktxxl.de\/markt\/#\/schema\/logo\/image\/","url":"https:\/\/marktxxl.de\/markt\/wp-content\/uploads\/sites\/3\/2020\/12\/logo.png","contentUrl":"https:\/\/marktxxl.de\/markt\/wp-content\/uploads\/sites\/3\/2020\/12\/logo.png","width":200,"height":70,"caption":"Markt-XXL"},"image":{"@id":"https:\/\/marktxxl.de\/markt\/#\/schema\/logo\/image\/"}}]}},"_links":{"self":[{"href":"https:\/\/marktxxl.de\/markt\/wp-json\/wp\/v2\/product\/211204","targetHints":{"allow":["GET"]}}],"collection":[{"href":"https:\/\/marktxxl.de\/markt\/wp-json\/wp\/v2\/product"}],"about":[{"href":"https:\/\/marktxxl.de\/markt\/wp-json\/wp\/v2\/types\/product"}],"replies":[{"embeddable":true,"href":"https:\/\/marktxxl.de\/markt\/wp-json\/wp\/v2\/comments?post=211204"}],"wp:featuredmedia":[{"embeddable":true,"href":"https:\/\/marktxxl.de\/markt\/wp-json\/wp\/v2\/media\/211205"}],"wp:attachment":[{"href":"https:\/\/marktxxl.de\/markt\/wp-json\/wp\/v2\/media?parent=211204"}],"wp:term":[{"taxonomy":"product_brand","embeddable":true,"href":"https:\/\/marktxxl.de\/markt\/wp-json\/wp\/v2\/product_brand?post=211204"},{"taxonomy":"product_cat","embeddable":true,"href":"https:\/\/marktxxl.de\/markt\/wp-json\/wp\/v2\/product_cat?post=211204"},{"taxonomy":"product_tag","embeddable":true,"href":"https:\/\/marktxxl.de\/markt\/wp-json\/wp\/v2\/product_tag?post=211204"}],"curies":[{"name":"wp","href":"https:\/\/api.w.org\/{rel}","templated":true}]}}