{"id":211051,"date":"2024-06-28T02:42:02","date_gmt":"2024-06-28T00:42:02","guid":{"rendered":"https:\/\/marktxxl.de\/markt\/produkt\/oulesvte-3-stuecke-braunglas-spruehflasche-50-ml-spruehflasche-klein-glas-mit-trichte-und-tropferr-nachfuellbar-spruehflaschen-leer-zerstaeuber-tragbares-kleine-sprayflasche-fuer-familie-geschenk\/"},"modified":"2024-06-28T02:42:02","modified_gmt":"2024-06-28T00:42:02","slug":"oulesvte-3-stuecke-braunglas-spruehflasche-50-ml-spruehflasche-klein-glas-mit-trichte-und-tropferr-nachfuellbar-spruehflaschen-leer-zerstaeuber-tragbares-kleine-sprayflasche-fuer-familie-geschenk","status":"publish","type":"product","link":"https:\/\/marktxxl.de\/markt\/produkt\/oulesvte-3-stuecke-braunglas-spruehflasche-50-ml-spruehflasche-klein-glas-mit-trichte-und-tropferr-nachfuellbar-spruehflaschen-leer-zerstaeuber-tragbares-kleine-sprayflasche-fuer-familie-geschenk\/","title":{"rendered":"Oulesvte 3 St\u00fccke Braunglas Spr\u00fchflasche, 50 ml Spr\u00fchflasche Klein Glas mit trichte und tropferr, Nachf\u00fcllbar Spr\u00fchflaschen Leer, Zerst\u00e4uber Tragbares, Kleine Sprayflasche f\u00fcr Familie, Geschenke"},"content":{"rendered":"<p>[Was Sie bekommen] Die Packung hat 3 x 50ml teal Glas-Spr\u00fchflaschen Messung 37 * 119mm mit 3 Vollkunststoffd\u00fcsen, 3 Trichter und 3 x 0,5ml Tropfer, ideal f\u00fcr die Verd\u00fcnnung von \u00e4therischen \u00d6len, Luftreiniger, Labors, Parfums, Gesichtsspray und andere Fl\u00fcssigkeiten<br \/>\n[Hochwertiges Material] Es ist aus hochwertigem Glasmaterial, stark und langlebig, kann gewaschen und wiederverwendet werden, die D\u00fcse kann die Fl\u00fcssigkeit fein und gleichm\u00e4\u00dfig zerst\u00e4uben, ungiftig und geruchlos, die nicht sch\u00e4dlich f\u00fcr den menschlichen K\u00f6rper ist, so dass Sie nicht \u00fcber Ihre Sicherheit Frage zu k\u00fcmmern haben<br \/>\n[UV-gesch\u00fctztes Design] Die Oberfl\u00e4che der leeren Glas-Spr\u00fchflasche ist UV-gesch\u00fctzt braun, was den Inhalt der Flasche effektiv vor UV-Strahlen sch\u00fctzt, so dass Sie sich keine Sorgen \u00fcber die Verschlechterung oder Verd\u00fcnnung Ihrer Produkte machen m\u00fcssen<br \/>\n[Einfach zu bedienen] Glas leere Spr\u00fchflasche hat 3 Trichter und 3 Tropfer, k\u00f6nnen Sie die Fl\u00fcssigkeit, die Sie in zwei M\u00f6glichkeiten, Airline erm\u00f6glicht 50ml Kapazit\u00e4t, leicht und tragbar, ein guter Helfer, wenn Sie reisen<br \/>\n[Starke Abdichtung] Diese leere Glas-Spr\u00fchflasche ist gut versiegelt, Sie m\u00fcssen sich keine Sorgen \u00fcber das Auslaufen der Fl\u00fcssigkeit machen, Sie k\u00f6nnen es in Ihre Tasche oder Ihr Gep\u00e4ck stecken, es ist das beste Geschenk f\u00fcr Ihre Lieben oder Lieben<br \/>\n<div class=\"main-cross-sell\" data-asin=\"B0C2HGDLPW\">\n\n\t<div class=\"WooZone-cross-sell-loader\">\n\t\t<div>\n\t\t\t<div id=\"floatingBarsG\">\n\t\t\t\t<div class=\"blockG\" id=\"rotateG_01\"><\/div>\n\t\t\t\t<div class=\"blockG\" id=\"rotateG_02\"><\/div>\n\t\t\t\t<div class=\"blockG\" id=\"rotateG_03\"><\/div>\n\t\t\t\t<div class=\"blockG\" id=\"rotateG_04\"><\/div>\n\t\t\t\t<div class=\"blockG\" id=\"rotateG_05\"><\/div>\n\t\t\t\t<div class=\"blockG\" id=\"rotateG_06\"><\/div>\n\t\t\t\t<div class=\"blockG\" id=\"rotateG_07\"><\/div>\n\t\t\t\t<div class=\"blockG\" id=\"rotateG_08\"><\/div>\n\t\t\t<\/div>\n\t\t\t<div class=\"WooZone-cross-sell-loader-text\"><\/div>\n\t\t<\/div>\n\t<\/div>\n\n\t\t\n<\/div>\n<div style=\"clear:both;\"><\/div><\/p>\n","protected":false},"excerpt":{"rendered":"<p>[Was Sie bekommen] Die Packung hat 3 x 50ml teal Glas-Spr\u00fchflaschen Messung 37 * 119mm mit 3 Vollkunststoffd\u00fcsen, 3 Trichter und 3 x 0,5ml Tropfer, ideal f\u00fcr die Verd\u00fcnnung von \u00e4therischen \u00d6len, Luftreiniger, Labors, Parfums, Gesichtsspray und andere Fl\u00fcssigkeiten<br \/>\n[Hochwertiges Material] Es ist aus hochwertigem Glasmaterial, stark und langlebig, kann gewaschen und wiederverwendet werden, die D\u00fcse kann die Fl\u00fcssigkeit fein und gleichm\u00e4\u00dfig zerst\u00e4uben, ungiftig und geruchlos, die nicht sch\u00e4dlich f\u00fcr den menschlichen K\u00f6rper ist, so dass Sie nicht \u00fcber Ihre Sicherheit Frage zu k\u00fcmmern haben<br \/>\n[UV-gesch\u00fctztes Design] Die Oberfl\u00e4che der leeren Glas-Spr\u00fchflasche ist UV-gesch\u00fctzt braun, was den Inhalt der Flasche effektiv vor UV-Strahlen sch\u00fctzt, so dass Sie sich keine Sorgen \u00fcber die Verschlechterung oder Verd\u00fcnnung Ihrer Produkte machen m\u00fcssen<\/p>\n","protected":false},"featured_media":211052,"comment_status":"open","ping_status":"closed","template":"","meta":[],"product_brand":[],"product_cat":[2858,7726],"product_tag":[],"class_list":{"0":"post-211051","1":"product","2":"type-product","3":"status-publish","4":"has-post-thumbnail","6":"product_cat-beauty","7":"product_cat-zubehoer-beauty","8":"pa_binding-werkzeug","9":"pa_brand-oulesvte","10":"pa_color-braun","11":"pa_height-4-6850393653-zoll","12":"pa_length-1-4566929119-zoll","13":"pa_manufacturer-oulesvte","14":"pa_model-6690","15":"pa_weight-0-5070632026-pfund","16":"pa_width-1-4566929119-zoll","18":"first","19":"instock","20":"shipping-taxable","21":"purchasable","22":"product-type-simple","23":"customify-col","24":"product-has-gallery"},"yoast_head":"<!-- This site is optimized with the Yoast SEO plugin v27.4 - https:\/\/yoast.com\/product\/yoast-seo-wordpress\/ -->\n<title>Oulesvte 3 St\u00fccke Braunglas Spr\u00fchflasche, 50 ml Spr\u00fchflasche Klein Glas mit trichte und tropferr, Nachf\u00fcllbar Spr\u00fchflaschen Leer, Zerst\u00e4uber Tragbares, Kleine Sprayflasche f\u00fcr Familie, Geschenke - Markt-XXL<\/title>\n<meta name=\"description\" content=\"Markt-XXL Oulesvte 3 St\u00fccke Braunglas Spr\u00fchflasche, 50 ml Spr\u00fchflasche Klein Glas mit trichte und tropferr, Nachf\u00fcllbar Spr\u00fchflaschen Leer, Zerst\u00e4uber Tragbares, Kleine Sprayflasche f\u00fcr Familie, Geschenke\" \/>\n<meta name=\"robots\" content=\"index, follow, max-snippet:-1, max-image-preview:large, max-video-preview:-1\" \/>\n<link rel=\"canonical\" href=\"https:\/\/marktxxl.de\/markt\/produkt\/oulesvte-3-stuecke-braunglas-spruehflasche-50-ml-spruehflasche-klein-glas-mit-trichte-und-tropferr-nachfuellbar-spruehflaschen-leer-zerstaeuber-tragbares-kleine-sprayflasche-fuer-familie-geschenk\/\" \/>\n<meta property=\"og:locale\" content=\"de_DE\" \/>\n<meta property=\"og:type\" content=\"article\" \/>\n<meta property=\"og:title\" content=\"Oulesvte 3 St\u00fccke Braunglas Spr\u00fchflasche, 50 ml Spr\u00fchflasche Klein Glas mit trichte und tropferr, Nachf\u00fcllbar Spr\u00fchflaschen Leer, Zerst\u00e4uber Tragbares, Kleine Sprayflasche f\u00fcr Familie, Geschenke - Markt-XXL\" \/>\n<meta property=\"og:description\" content=\"Markt-XXL Oulesvte 3 St\u00fccke Braunglas Spr\u00fchflasche, 50 ml Spr\u00fchflasche Klein Glas mit trichte und tropferr, Nachf\u00fcllbar Spr\u00fchflaschen Leer, Zerst\u00e4uber Tragbares, Kleine Sprayflasche f\u00fcr Familie, Geschenke\" \/>\n<meta property=\"og:url\" content=\"https:\/\/marktxxl.de\/markt\/produkt\/oulesvte-3-stuecke-braunglas-spruehflasche-50-ml-spruehflasche-klein-glas-mit-trichte-und-tropferr-nachfuellbar-spruehflaschen-leer-zerstaeuber-tragbares-kleine-sprayflasche-fuer-familie-geschenk\/\" \/>\n<meta property=\"og:site_name\" content=\"Markt-XXL\" \/>\n<meta name=\"twitter:card\" content=\"summary_large_image\" \/>\n<meta name=\"twitter:label1\" content=\"Gesch\u00e4tzte Lesezeit\" \/>\n\t<meta name=\"twitter:data1\" content=\"1\u00a0Minute\" \/>\n<script type=\"application\/ld+json\" class=\"yoast-schema-graph\">{\"@context\":\"https:\\\/\\\/schema.org\",\"@graph\":[{\"@type\":\"WebPage\",\"@id\":\"https:\\\/\\\/marktxxl.de\\\/markt\\\/produkt\\\/oulesvte-3-stuecke-braunglas-spruehflasche-50-ml-spruehflasche-klein-glas-mit-trichte-und-tropferr-nachfuellbar-spruehflaschen-leer-zerstaeuber-tragbares-kleine-sprayflasche-fuer-familie-geschenk\\\/\",\"url\":\"https:\\\/\\\/marktxxl.de\\\/markt\\\/produkt\\\/oulesvte-3-stuecke-braunglas-spruehflasche-50-ml-spruehflasche-klein-glas-mit-trichte-und-tropferr-nachfuellbar-spruehflaschen-leer-zerstaeuber-tragbares-kleine-sprayflasche-fuer-familie-geschenk\\\/\",\"name\":\"Oulesvte 3 St\u00fccke Braunglas Spr\u00fchflasche, 50 ml Spr\u00fchflasche Klein Glas mit trichte und tropferr, Nachf\u00fcllbar Spr\u00fchflaschen Leer, Zerst\u00e4uber Tragbares, Kleine Sprayflasche f\u00fcr Familie, Geschenke - Markt-XXL\",\"isPartOf\":{\"@id\":\"https:\\\/\\\/marktxxl.de\\\/markt\\\/#website\"},\"primaryImageOfPage\":{\"@id\":\"https:\\\/\\\/marktxxl.de\\\/markt\\\/produkt\\\/oulesvte-3-stuecke-braunglas-spruehflasche-50-ml-spruehflasche-klein-glas-mit-trichte-und-tropferr-nachfuellbar-spruehflaschen-leer-zerstaeuber-tragbares-kleine-sprayflasche-fuer-familie-geschenk\\\/#primaryimage\"},\"image\":{\"@id\":\"https:\\\/\\\/marktxxl.de\\\/markt\\\/produkt\\\/oulesvte-3-stuecke-braunglas-spruehflasche-50-ml-spruehflasche-klein-glas-mit-trichte-und-tropferr-nachfuellbar-spruehflaschen-leer-zerstaeuber-tragbares-kleine-sprayflasche-fuer-familie-geschenk\\\/#primaryimage\"},\"thumbnailUrl\":\"https:\\\/\\\/m.media-amazon.com\\\/images\\\/I\\\/41uu6cfrG6L._SL500_.jpg\",\"datePublished\":\"2024-06-28T00:42:02+00:00\",\"description\":\"Markt-XXL Oulesvte 3 St\u00fccke Braunglas Spr\u00fchflasche, 50 ml Spr\u00fchflasche Klein Glas mit trichte und tropferr, Nachf\u00fcllbar Spr\u00fchflaschen Leer, Zerst\u00e4uber Tragbares, Kleine Sprayflasche f\u00fcr Familie, Geschenke\",\"breadcrumb\":{\"@id\":\"https:\\\/\\\/marktxxl.de\\\/markt\\\/produkt\\\/oulesvte-3-stuecke-braunglas-spruehflasche-50-ml-spruehflasche-klein-glas-mit-trichte-und-tropferr-nachfuellbar-spruehflaschen-leer-zerstaeuber-tragbares-kleine-sprayflasche-fuer-familie-geschenk\\\/#breadcrumb\"},\"inLanguage\":\"de\",\"potentialAction\":[{\"@type\":\"ReadAction\",\"target\":[\"https:\\\/\\\/marktxxl.de\\\/markt\\\/produkt\\\/oulesvte-3-stuecke-braunglas-spruehflasche-50-ml-spruehflasche-klein-glas-mit-trichte-und-tropferr-nachfuellbar-spruehflaschen-leer-zerstaeuber-tragbares-kleine-sprayflasche-fuer-familie-geschenk\\\/\"]}]},{\"@type\":\"ImageObject\",\"inLanguage\":\"de\",\"@id\":\"https:\\\/\\\/marktxxl.de\\\/markt\\\/produkt\\\/oulesvte-3-stuecke-braunglas-spruehflasche-50-ml-spruehflasche-klein-glas-mit-trichte-und-tropferr-nachfuellbar-spruehflaschen-leer-zerstaeuber-tragbares-kleine-sprayflasche-fuer-familie-geschenk\\\/#primaryimage\",\"url\":\"https:\\\/\\\/m.media-amazon.com\\\/images\\\/I\\\/41uu6cfrG6L._SL500_.jpg\",\"contentUrl\":\"https:\\\/\\\/m.media-amazon.com\\\/images\\\/I\\\/41uu6cfrG6L._SL500_.jpg\",\"width\":500,\"height\":500},{\"@type\":\"BreadcrumbList\",\"@id\":\"https:\\\/\\\/marktxxl.de\\\/markt\\\/produkt\\\/oulesvte-3-stuecke-braunglas-spruehflasche-50-ml-spruehflasche-klein-glas-mit-trichte-und-tropferr-nachfuellbar-spruehflaschen-leer-zerstaeuber-tragbares-kleine-sprayflasche-fuer-familie-geschenk\\\/#breadcrumb\",\"itemListElement\":[{\"@type\":\"ListItem\",\"position\":1,\"name\":\"Startseite\",\"item\":\"https:\\\/\\\/marktxxl.de\\\/markt\\\/\"},{\"@type\":\"ListItem\",\"position\":2,\"name\":\"Markt\",\"item\":\"https:\\\/\\\/marktxxl.de\\\/markt\\\/\"},{\"@type\":\"ListItem\",\"position\":3,\"name\":\"Oulesvte 3 St\u00fccke Braunglas Spr\u00fchflasche, 50 ml Spr\u00fchflasche Klein Glas mit trichte und tropferr, Nachf\u00fcllbar Spr\u00fchflaschen Leer, Zerst\u00e4uber Tragbares, Kleine Sprayflasche f\u00fcr Familie, Geschenke\"}]},{\"@type\":\"WebSite\",\"@id\":\"https:\\\/\\\/marktxxl.de\\\/markt\\\/#website\",\"url\":\"https:\\\/\\\/marktxxl.de\\\/markt\\\/\",\"name\":\"Markt-XXL\",\"description\":\"Ihr Markt Online\",\"publisher\":{\"@id\":\"https:\\\/\\\/marktxxl.de\\\/markt\\\/#organization\"},\"potentialAction\":[{\"@type\":\"SearchAction\",\"target\":{\"@type\":\"EntryPoint\",\"urlTemplate\":\"https:\\\/\\\/marktxxl.de\\\/markt\\\/?s={search_term_string}\"},\"query-input\":{\"@type\":\"PropertyValueSpecification\",\"valueRequired\":true,\"valueName\":\"search_term_string\"}}],\"inLanguage\":\"de\"},{\"@type\":\"Organization\",\"@id\":\"https:\\\/\\\/marktxxl.de\\\/markt\\\/#organization\",\"name\":\"Markt-XXL\",\"url\":\"https:\\\/\\\/marktxxl.de\\\/markt\\\/\",\"logo\":{\"@type\":\"ImageObject\",\"inLanguage\":\"de\",\"@id\":\"https:\\\/\\\/marktxxl.de\\\/markt\\\/#\\\/schema\\\/logo\\\/image\\\/\",\"url\":\"https:\\\/\\\/marktxxl.de\\\/markt\\\/wp-content\\\/uploads\\\/sites\\\/3\\\/2020\\\/12\\\/logo.png\",\"contentUrl\":\"https:\\\/\\\/marktxxl.de\\\/markt\\\/wp-content\\\/uploads\\\/sites\\\/3\\\/2020\\\/12\\\/logo.png\",\"width\":200,\"height\":70,\"caption\":\"Markt-XXL\"},\"image\":{\"@id\":\"https:\\\/\\\/marktxxl.de\\\/markt\\\/#\\\/schema\\\/logo\\\/image\\\/\"}}]}<\/script>\n<!-- \/ Yoast SEO plugin. -->","yoast_head_json":{"title":"Oulesvte 3 St\u00fccke Braunglas Spr\u00fchflasche, 50 ml Spr\u00fchflasche Klein Glas mit trichte und tropferr, Nachf\u00fcllbar Spr\u00fchflaschen Leer, Zerst\u00e4uber Tragbares, Kleine Sprayflasche f\u00fcr Familie, Geschenke - Markt-XXL","description":"Markt-XXL Oulesvte 3 St\u00fccke Braunglas Spr\u00fchflasche, 50 ml Spr\u00fchflasche Klein Glas mit trichte und tropferr, Nachf\u00fcllbar Spr\u00fchflaschen Leer, Zerst\u00e4uber Tragbares, Kleine Sprayflasche f\u00fcr Familie, Geschenke","robots":{"index":"index","follow":"follow","max-snippet":"max-snippet:-1","max-image-preview":"max-image-preview:large","max-video-preview":"max-video-preview:-1"},"canonical":"https:\/\/marktxxl.de\/markt\/produkt\/oulesvte-3-stuecke-braunglas-spruehflasche-50-ml-spruehflasche-klein-glas-mit-trichte-und-tropferr-nachfuellbar-spruehflaschen-leer-zerstaeuber-tragbares-kleine-sprayflasche-fuer-familie-geschenk\/","og_locale":"de_DE","og_type":"article","og_title":"Oulesvte 3 St\u00fccke Braunglas Spr\u00fchflasche, 50 ml Spr\u00fchflasche Klein Glas mit trichte und tropferr, Nachf\u00fcllbar Spr\u00fchflaschen Leer, Zerst\u00e4uber Tragbares, Kleine Sprayflasche f\u00fcr Familie, Geschenke - Markt-XXL","og_description":"Markt-XXL Oulesvte 3 St\u00fccke Braunglas Spr\u00fchflasche, 50 ml Spr\u00fchflasche Klein Glas mit trichte und tropferr, Nachf\u00fcllbar Spr\u00fchflaschen Leer, Zerst\u00e4uber Tragbares, Kleine Sprayflasche f\u00fcr Familie, Geschenke","og_url":"https:\/\/marktxxl.de\/markt\/produkt\/oulesvte-3-stuecke-braunglas-spruehflasche-50-ml-spruehflasche-klein-glas-mit-trichte-und-tropferr-nachfuellbar-spruehflaschen-leer-zerstaeuber-tragbares-kleine-sprayflasche-fuer-familie-geschenk\/","og_site_name":"Markt-XXL","twitter_card":"summary_large_image","twitter_misc":{"Gesch\u00e4tzte Lesezeit":"1\u00a0Minute"},"schema":{"@context":"https:\/\/schema.org","@graph":[{"@type":"WebPage","@id":"https:\/\/marktxxl.de\/markt\/produkt\/oulesvte-3-stuecke-braunglas-spruehflasche-50-ml-spruehflasche-klein-glas-mit-trichte-und-tropferr-nachfuellbar-spruehflaschen-leer-zerstaeuber-tragbares-kleine-sprayflasche-fuer-familie-geschenk\/","url":"https:\/\/marktxxl.de\/markt\/produkt\/oulesvte-3-stuecke-braunglas-spruehflasche-50-ml-spruehflasche-klein-glas-mit-trichte-und-tropferr-nachfuellbar-spruehflaschen-leer-zerstaeuber-tragbares-kleine-sprayflasche-fuer-familie-geschenk\/","name":"Oulesvte 3 St\u00fccke Braunglas Spr\u00fchflasche, 50 ml Spr\u00fchflasche Klein Glas mit trichte und tropferr, Nachf\u00fcllbar Spr\u00fchflaschen Leer, Zerst\u00e4uber Tragbares, Kleine Sprayflasche f\u00fcr Familie, Geschenke - Markt-XXL","isPartOf":{"@id":"https:\/\/marktxxl.de\/markt\/#website"},"primaryImageOfPage":{"@id":"https:\/\/marktxxl.de\/markt\/produkt\/oulesvte-3-stuecke-braunglas-spruehflasche-50-ml-spruehflasche-klein-glas-mit-trichte-und-tropferr-nachfuellbar-spruehflaschen-leer-zerstaeuber-tragbares-kleine-sprayflasche-fuer-familie-geschenk\/#primaryimage"},"image":{"@id":"https:\/\/marktxxl.de\/markt\/produkt\/oulesvte-3-stuecke-braunglas-spruehflasche-50-ml-spruehflasche-klein-glas-mit-trichte-und-tropferr-nachfuellbar-spruehflaschen-leer-zerstaeuber-tragbares-kleine-sprayflasche-fuer-familie-geschenk\/#primaryimage"},"thumbnailUrl":"https:\/\/m.media-amazon.com\/images\/I\/41uu6cfrG6L._SL500_.jpg","datePublished":"2024-06-28T00:42:02+00:00","description":"Markt-XXL Oulesvte 3 St\u00fccke Braunglas Spr\u00fchflasche, 50 ml Spr\u00fchflasche Klein Glas mit trichte und tropferr, Nachf\u00fcllbar Spr\u00fchflaschen Leer, Zerst\u00e4uber Tragbares, Kleine Sprayflasche f\u00fcr Familie, Geschenke","breadcrumb":{"@id":"https:\/\/marktxxl.de\/markt\/produkt\/oulesvte-3-stuecke-braunglas-spruehflasche-50-ml-spruehflasche-klein-glas-mit-trichte-und-tropferr-nachfuellbar-spruehflaschen-leer-zerstaeuber-tragbares-kleine-sprayflasche-fuer-familie-geschenk\/#breadcrumb"},"inLanguage":"de","potentialAction":[{"@type":"ReadAction","target":["https:\/\/marktxxl.de\/markt\/produkt\/oulesvte-3-stuecke-braunglas-spruehflasche-50-ml-spruehflasche-klein-glas-mit-trichte-und-tropferr-nachfuellbar-spruehflaschen-leer-zerstaeuber-tragbares-kleine-sprayflasche-fuer-familie-geschenk\/"]}]},{"@type":"ImageObject","inLanguage":"de","@id":"https:\/\/marktxxl.de\/markt\/produkt\/oulesvte-3-stuecke-braunglas-spruehflasche-50-ml-spruehflasche-klein-glas-mit-trichte-und-tropferr-nachfuellbar-spruehflaschen-leer-zerstaeuber-tragbares-kleine-sprayflasche-fuer-familie-geschenk\/#primaryimage","url":"https:\/\/m.media-amazon.com\/images\/I\/41uu6cfrG6L._SL500_.jpg","contentUrl":"https:\/\/m.media-amazon.com\/images\/I\/41uu6cfrG6L._SL500_.jpg","width":500,"height":500},{"@type":"BreadcrumbList","@id":"https:\/\/marktxxl.de\/markt\/produkt\/oulesvte-3-stuecke-braunglas-spruehflasche-50-ml-spruehflasche-klein-glas-mit-trichte-und-tropferr-nachfuellbar-spruehflaschen-leer-zerstaeuber-tragbares-kleine-sprayflasche-fuer-familie-geschenk\/#breadcrumb","itemListElement":[{"@type":"ListItem","position":1,"name":"Startseite","item":"https:\/\/marktxxl.de\/markt\/"},{"@type":"ListItem","position":2,"name":"Markt","item":"https:\/\/marktxxl.de\/markt\/"},{"@type":"ListItem","position":3,"name":"Oulesvte 3 St\u00fccke Braunglas Spr\u00fchflasche, 50 ml Spr\u00fchflasche Klein Glas mit trichte und tropferr, Nachf\u00fcllbar Spr\u00fchflaschen Leer, Zerst\u00e4uber Tragbares, Kleine Sprayflasche f\u00fcr Familie, Geschenke"}]},{"@type":"WebSite","@id":"https:\/\/marktxxl.de\/markt\/#website","url":"https:\/\/marktxxl.de\/markt\/","name":"Markt-XXL","description":"Ihr Markt Online","publisher":{"@id":"https:\/\/marktxxl.de\/markt\/#organization"},"potentialAction":[{"@type":"SearchAction","target":{"@type":"EntryPoint","urlTemplate":"https:\/\/marktxxl.de\/markt\/?s={search_term_string}"},"query-input":{"@type":"PropertyValueSpecification","valueRequired":true,"valueName":"search_term_string"}}],"inLanguage":"de"},{"@type":"Organization","@id":"https:\/\/marktxxl.de\/markt\/#organization","name":"Markt-XXL","url":"https:\/\/marktxxl.de\/markt\/","logo":{"@type":"ImageObject","inLanguage":"de","@id":"https:\/\/marktxxl.de\/markt\/#\/schema\/logo\/image\/","url":"https:\/\/marktxxl.de\/markt\/wp-content\/uploads\/sites\/3\/2020\/12\/logo.png","contentUrl":"https:\/\/marktxxl.de\/markt\/wp-content\/uploads\/sites\/3\/2020\/12\/logo.png","width":200,"height":70,"caption":"Markt-XXL"},"image":{"@id":"https:\/\/marktxxl.de\/markt\/#\/schema\/logo\/image\/"}}]}},"_links":{"self":[{"href":"https:\/\/marktxxl.de\/markt\/wp-json\/wp\/v2\/product\/211051","targetHints":{"allow":["GET"]}}],"collection":[{"href":"https:\/\/marktxxl.de\/markt\/wp-json\/wp\/v2\/product"}],"about":[{"href":"https:\/\/marktxxl.de\/markt\/wp-json\/wp\/v2\/types\/product"}],"replies":[{"embeddable":true,"href":"https:\/\/marktxxl.de\/markt\/wp-json\/wp\/v2\/comments?post=211051"}],"wp:featuredmedia":[{"embeddable":true,"href":"https:\/\/marktxxl.de\/markt\/wp-json\/wp\/v2\/media\/211052"}],"wp:attachment":[{"href":"https:\/\/marktxxl.de\/markt\/wp-json\/wp\/v2\/media?parent=211051"}],"wp:term":[{"taxonomy":"product_brand","embeddable":true,"href":"https:\/\/marktxxl.de\/markt\/wp-json\/wp\/v2\/product_brand?post=211051"},{"taxonomy":"product_cat","embeddable":true,"href":"https:\/\/marktxxl.de\/markt\/wp-json\/wp\/v2\/product_cat?post=211051"},{"taxonomy":"product_tag","embeddable":true,"href":"https:\/\/marktxxl.de\/markt\/wp-json\/wp\/v2\/product_tag?post=211051"}],"curies":[{"name":"wp","href":"https:\/\/api.w.org\/{rel}","templated":true}]}}