{"id":211043,"date":"2024-06-28T02:41:47","date_gmt":"2024-06-28T00:41:47","guid":{"rendered":"https:\/\/marktxxl.de\/markt\/produkt\/hundun-tasche-fuer-beurer-br-60-br-90-br-10-stichheiler-huelle-case-schutzhuelle-fuer-beurer-br-60-br-90-br-10-schwarz\/"},"modified":"2024-06-28T02:41:47","modified_gmt":"2024-06-28T00:41:47","slug":"hundun-tasche-fuer-beurer-br-60-br-90-br-10-stichheiler-huelle-case-schutzhuelle-fuer-beurer-br-60-br-90-br-10-schwarz","status":"publish","type":"product","link":"https:\/\/marktxxl.de\/markt\/produkt\/hundun-tasche-fuer-beurer-br-60-br-90-br-10-stichheiler-huelle-case-schutzhuelle-fuer-beurer-br-60-br-90-br-10-schwarz\/","title":{"rendered":"HunDun Tasche f\u00fcr Beurer BR 60 BR 90 BR 10 Stichheiler, H\u00fclle | Case | Schutzh\u00fclle f\u00fcr Beurer BR 60 BR 90 BR 10, Schwarz"},"content":{"rendered":"<p>Reisetasche f\u00fcr Beurer BR 60 \/ BR 10 mit optionaler Handschlaufe. F\u00fcr die sto\u00dfsichere und hygienische Aufbewahrung und sicheren Transport des batteriebetriebenen Beurer BR 60 Stichheilers<br \/>\nIntelligente Aufteilung mit Aufbewahrungsfach im Deckel f\u00fcr Batterien, Pflaster, Feuerzeug<br \/>\nBeurer BR 60 \/ BR 10 Antishock H\u00fclle im slim Design. Das leichte Etui passt in viele Handtaschen und ist perfekt geeignet f\u00fcr unterwegs und auf Urlaubs-Reisen<br \/>\nStabile H\u00fclle, innen weich gepolstert zur schonenden Aufbewahrung des Beurer BR 60 \/ BR 10. Ideal zum Schutz bei Flugreisen oder dem Transport im Koffer bzw in Strand- Taschen<br \/>\nLieferumfang: 1 Tasche (Ohne Elektronischer Stichheiler Ausr\u00fcstung),1 Karabiner,1 Hand am Seil.<br \/>\n<div class=\"main-cross-sell\" data-asin=\"B097P7M9W2\">\n\n\t<div class=\"WooZone-cross-sell-loader\">\n\t\t<div>\n\t\t\t<div id=\"floatingBarsG\">\n\t\t\t\t<div class=\"blockG\" id=\"rotateG_01\"><\/div>\n\t\t\t\t<div class=\"blockG\" id=\"rotateG_02\"><\/div>\n\t\t\t\t<div class=\"blockG\" id=\"rotateG_03\"><\/div>\n\t\t\t\t<div class=\"blockG\" id=\"rotateG_04\"><\/div>\n\t\t\t\t<div class=\"blockG\" id=\"rotateG_05\"><\/div>\n\t\t\t\t<div class=\"blockG\" id=\"rotateG_06\"><\/div>\n\t\t\t\t<div class=\"blockG\" id=\"rotateG_07\"><\/div>\n\t\t\t\t<div class=\"blockG\" id=\"rotateG_08\"><\/div>\n\t\t\t<\/div>\n\t\t\t<div class=\"WooZone-cross-sell-loader-text\"><\/div>\n\t\t<\/div>\n\t<\/div>\n\n\t\t\n<\/div>\n<div style=\"clear:both;\"><\/div><\/p>\n","protected":false},"excerpt":{"rendered":"<p>Reisetasche f\u00fcr Beurer BR 60 \/ BR 10 mit optionaler Handschlaufe. F\u00fcr die sto\u00dfsichere und hygienische Aufbewahrung und sicheren Transport des batteriebetriebenen Beurer BR 60 Stichheilers<br \/>\nIntelligente Aufteilung mit Aufbewahrungsfach im Deckel f\u00fcr Batterien, Pflaster, Feuerzeug<br \/>\nBeurer BR 60 \/ BR 10 Antishock H\u00fclle im slim Design. Das leichte Etui passt in viele Handtaschen und ist perfekt geeignet f\u00fcr unterwegs und auf Urlaubs-Reisen<\/p>\n","protected":false},"featured_media":211044,"comment_status":"open","ping_status":"closed","template":"","meta":[],"product_brand":[],"product_cat":[2858,7726],"product_tag":[],"class_list":{"0":"post-211043","1":"product","2":"type-product","3":"status-publish","4":"has-post-thumbnail","6":"product_cat-beauty","7":"product_cat-zubehoer-beauty","8":"pa_binding-badartikel","9":"pa_brand-hundun","10":"pa_color-schwarz","11":"pa_manufacturer-hundun","12":"pa_model-hd-br60cdk","14":"first","15":"instock","16":"shipping-taxable","17":"purchasable","18":"product-type-simple","19":"customify-col","20":"product-has-gallery"},"yoast_head":"<!-- This site is optimized with the Yoast SEO plugin v27.4 - https:\/\/yoast.com\/product\/yoast-seo-wordpress\/ -->\n<title>HunDun Tasche f\u00fcr Beurer BR 60 BR 90 BR 10 Stichheiler, H\u00fclle | Case | Schutzh\u00fclle f\u00fcr Beurer BR 60 BR 90 BR 10, Schwarz - Markt-XXL<\/title>\n<meta name=\"description\" content=\"Markt-XXL HunDun Tasche f\u00fcr Beurer BR 60 BR 90 BR 10 Stichheiler, H\u00fclle | Case | Schutzh\u00fclle f\u00fcr Beurer BR 60 BR 90 BR 10, Schwarz\" \/>\n<meta name=\"robots\" content=\"index, follow, max-snippet:-1, max-image-preview:large, max-video-preview:-1\" \/>\n<link rel=\"canonical\" href=\"https:\/\/marktxxl.de\/markt\/produkt\/hundun-tasche-fuer-beurer-br-60-br-90-br-10-stichheiler-huelle-case-schutzhuelle-fuer-beurer-br-60-br-90-br-10-schwarz\/\" \/>\n<meta property=\"og:locale\" content=\"de_DE\" \/>\n<meta property=\"og:type\" content=\"article\" \/>\n<meta property=\"og:title\" content=\"HunDun Tasche f\u00fcr Beurer BR 60 BR 90 BR 10 Stichheiler, H\u00fclle | Case | Schutzh\u00fclle f\u00fcr Beurer BR 60 BR 90 BR 10, Schwarz - Markt-XXL\" \/>\n<meta property=\"og:description\" content=\"Markt-XXL HunDun Tasche f\u00fcr Beurer BR 60 BR 90 BR 10 Stichheiler, H\u00fclle | Case | Schutzh\u00fclle f\u00fcr Beurer BR 60 BR 90 BR 10, Schwarz\" \/>\n<meta property=\"og:url\" content=\"https:\/\/marktxxl.de\/markt\/produkt\/hundun-tasche-fuer-beurer-br-60-br-90-br-10-stichheiler-huelle-case-schutzhuelle-fuer-beurer-br-60-br-90-br-10-schwarz\/\" \/>\n<meta property=\"og:site_name\" content=\"Markt-XXL\" \/>\n<meta name=\"twitter:card\" content=\"summary_large_image\" \/>\n<meta name=\"twitter:label1\" content=\"Gesch\u00e4tzte Lesezeit\" \/>\n\t<meta name=\"twitter:data1\" content=\"1\u00a0Minute\" \/>\n<script type=\"application\/ld+json\" class=\"yoast-schema-graph\">{\"@context\":\"https:\\\/\\\/schema.org\",\"@graph\":[{\"@type\":\"WebPage\",\"@id\":\"https:\\\/\\\/marktxxl.de\\\/markt\\\/produkt\\\/hundun-tasche-fuer-beurer-br-60-br-90-br-10-stichheiler-huelle-case-schutzhuelle-fuer-beurer-br-60-br-90-br-10-schwarz\\\/\",\"url\":\"https:\\\/\\\/marktxxl.de\\\/markt\\\/produkt\\\/hundun-tasche-fuer-beurer-br-60-br-90-br-10-stichheiler-huelle-case-schutzhuelle-fuer-beurer-br-60-br-90-br-10-schwarz\\\/\",\"name\":\"HunDun Tasche f\u00fcr Beurer BR 60 BR 90 BR 10 Stichheiler, H\u00fclle | Case | Schutzh\u00fclle f\u00fcr Beurer BR 60 BR 90 BR 10, Schwarz - Markt-XXL\",\"isPartOf\":{\"@id\":\"https:\\\/\\\/marktxxl.de\\\/markt\\\/#website\"},\"primaryImageOfPage\":{\"@id\":\"https:\\\/\\\/marktxxl.de\\\/markt\\\/produkt\\\/hundun-tasche-fuer-beurer-br-60-br-90-br-10-stichheiler-huelle-case-schutzhuelle-fuer-beurer-br-60-br-90-br-10-schwarz\\\/#primaryimage\"},\"image\":{\"@id\":\"https:\\\/\\\/marktxxl.de\\\/markt\\\/produkt\\\/hundun-tasche-fuer-beurer-br-60-br-90-br-10-stichheiler-huelle-case-schutzhuelle-fuer-beurer-br-60-br-90-br-10-schwarz\\\/#primaryimage\"},\"thumbnailUrl\":\"https:\\\/\\\/m.media-amazon.com\\\/images\\\/I\\\/41IanAip-eL._SL500_.jpg\",\"datePublished\":\"2024-06-28T00:41:47+00:00\",\"description\":\"Markt-XXL HunDun Tasche f\u00fcr Beurer BR 60 BR 90 BR 10 Stichheiler, H\u00fclle | Case | Schutzh\u00fclle f\u00fcr Beurer BR 60 BR 90 BR 10, Schwarz\",\"breadcrumb\":{\"@id\":\"https:\\\/\\\/marktxxl.de\\\/markt\\\/produkt\\\/hundun-tasche-fuer-beurer-br-60-br-90-br-10-stichheiler-huelle-case-schutzhuelle-fuer-beurer-br-60-br-90-br-10-schwarz\\\/#breadcrumb\"},\"inLanguage\":\"de\",\"potentialAction\":[{\"@type\":\"ReadAction\",\"target\":[\"https:\\\/\\\/marktxxl.de\\\/markt\\\/produkt\\\/hundun-tasche-fuer-beurer-br-60-br-90-br-10-stichheiler-huelle-case-schutzhuelle-fuer-beurer-br-60-br-90-br-10-schwarz\\\/\"]}]},{\"@type\":\"ImageObject\",\"inLanguage\":\"de\",\"@id\":\"https:\\\/\\\/marktxxl.de\\\/markt\\\/produkt\\\/hundun-tasche-fuer-beurer-br-60-br-90-br-10-stichheiler-huelle-case-schutzhuelle-fuer-beurer-br-60-br-90-br-10-schwarz\\\/#primaryimage\",\"url\":\"https:\\\/\\\/m.media-amazon.com\\\/images\\\/I\\\/41IanAip-eL._SL500_.jpg\",\"contentUrl\":\"https:\\\/\\\/m.media-amazon.com\\\/images\\\/I\\\/41IanAip-eL._SL500_.jpg\",\"width\":500,\"height\":375},{\"@type\":\"BreadcrumbList\",\"@id\":\"https:\\\/\\\/marktxxl.de\\\/markt\\\/produkt\\\/hundun-tasche-fuer-beurer-br-60-br-90-br-10-stichheiler-huelle-case-schutzhuelle-fuer-beurer-br-60-br-90-br-10-schwarz\\\/#breadcrumb\",\"itemListElement\":[{\"@type\":\"ListItem\",\"position\":1,\"name\":\"Startseite\",\"item\":\"https:\\\/\\\/marktxxl.de\\\/markt\\\/\"},{\"@type\":\"ListItem\",\"position\":2,\"name\":\"Markt\",\"item\":\"https:\\\/\\\/marktxxl.de\\\/markt\\\/\"},{\"@type\":\"ListItem\",\"position\":3,\"name\":\"HunDun Tasche f\u00fcr Beurer BR 60 BR 90 BR 10 Stichheiler, H\u00fclle | Case | Schutzh\u00fclle f\u00fcr Beurer BR 60 BR 90 BR 10, Schwarz\"}]},{\"@type\":\"WebSite\",\"@id\":\"https:\\\/\\\/marktxxl.de\\\/markt\\\/#website\",\"url\":\"https:\\\/\\\/marktxxl.de\\\/markt\\\/\",\"name\":\"Markt-XXL\",\"description\":\"Ihr Markt Online\",\"publisher\":{\"@id\":\"https:\\\/\\\/marktxxl.de\\\/markt\\\/#organization\"},\"potentialAction\":[{\"@type\":\"SearchAction\",\"target\":{\"@type\":\"EntryPoint\",\"urlTemplate\":\"https:\\\/\\\/marktxxl.de\\\/markt\\\/?s={search_term_string}\"},\"query-input\":{\"@type\":\"PropertyValueSpecification\",\"valueRequired\":true,\"valueName\":\"search_term_string\"}}],\"inLanguage\":\"de\"},{\"@type\":\"Organization\",\"@id\":\"https:\\\/\\\/marktxxl.de\\\/markt\\\/#organization\",\"name\":\"Markt-XXL\",\"url\":\"https:\\\/\\\/marktxxl.de\\\/markt\\\/\",\"logo\":{\"@type\":\"ImageObject\",\"inLanguage\":\"de\",\"@id\":\"https:\\\/\\\/marktxxl.de\\\/markt\\\/#\\\/schema\\\/logo\\\/image\\\/\",\"url\":\"https:\\\/\\\/marktxxl.de\\\/markt\\\/wp-content\\\/uploads\\\/sites\\\/3\\\/2020\\\/12\\\/logo.png\",\"contentUrl\":\"https:\\\/\\\/marktxxl.de\\\/markt\\\/wp-content\\\/uploads\\\/sites\\\/3\\\/2020\\\/12\\\/logo.png\",\"width\":200,\"height\":70,\"caption\":\"Markt-XXL\"},\"image\":{\"@id\":\"https:\\\/\\\/marktxxl.de\\\/markt\\\/#\\\/schema\\\/logo\\\/image\\\/\"}}]}<\/script>\n<!-- \/ Yoast SEO plugin. -->","yoast_head_json":{"title":"HunDun Tasche f\u00fcr Beurer BR 60 BR 90 BR 10 Stichheiler, H\u00fclle | Case | Schutzh\u00fclle f\u00fcr Beurer BR 60 BR 90 BR 10, Schwarz - Markt-XXL","description":"Markt-XXL HunDun Tasche f\u00fcr Beurer BR 60 BR 90 BR 10 Stichheiler, H\u00fclle | Case | Schutzh\u00fclle f\u00fcr Beurer BR 60 BR 90 BR 10, Schwarz","robots":{"index":"index","follow":"follow","max-snippet":"max-snippet:-1","max-image-preview":"max-image-preview:large","max-video-preview":"max-video-preview:-1"},"canonical":"https:\/\/marktxxl.de\/markt\/produkt\/hundun-tasche-fuer-beurer-br-60-br-90-br-10-stichheiler-huelle-case-schutzhuelle-fuer-beurer-br-60-br-90-br-10-schwarz\/","og_locale":"de_DE","og_type":"article","og_title":"HunDun Tasche f\u00fcr Beurer BR 60 BR 90 BR 10 Stichheiler, H\u00fclle | Case | Schutzh\u00fclle f\u00fcr Beurer BR 60 BR 90 BR 10, Schwarz - Markt-XXL","og_description":"Markt-XXL HunDun Tasche f\u00fcr Beurer BR 60 BR 90 BR 10 Stichheiler, H\u00fclle | Case | Schutzh\u00fclle f\u00fcr Beurer BR 60 BR 90 BR 10, Schwarz","og_url":"https:\/\/marktxxl.de\/markt\/produkt\/hundun-tasche-fuer-beurer-br-60-br-90-br-10-stichheiler-huelle-case-schutzhuelle-fuer-beurer-br-60-br-90-br-10-schwarz\/","og_site_name":"Markt-XXL","twitter_card":"summary_large_image","twitter_misc":{"Gesch\u00e4tzte Lesezeit":"1\u00a0Minute"},"schema":{"@context":"https:\/\/schema.org","@graph":[{"@type":"WebPage","@id":"https:\/\/marktxxl.de\/markt\/produkt\/hundun-tasche-fuer-beurer-br-60-br-90-br-10-stichheiler-huelle-case-schutzhuelle-fuer-beurer-br-60-br-90-br-10-schwarz\/","url":"https:\/\/marktxxl.de\/markt\/produkt\/hundun-tasche-fuer-beurer-br-60-br-90-br-10-stichheiler-huelle-case-schutzhuelle-fuer-beurer-br-60-br-90-br-10-schwarz\/","name":"HunDun Tasche f\u00fcr Beurer BR 60 BR 90 BR 10 Stichheiler, H\u00fclle | Case | Schutzh\u00fclle f\u00fcr Beurer BR 60 BR 90 BR 10, Schwarz - Markt-XXL","isPartOf":{"@id":"https:\/\/marktxxl.de\/markt\/#website"},"primaryImageOfPage":{"@id":"https:\/\/marktxxl.de\/markt\/produkt\/hundun-tasche-fuer-beurer-br-60-br-90-br-10-stichheiler-huelle-case-schutzhuelle-fuer-beurer-br-60-br-90-br-10-schwarz\/#primaryimage"},"image":{"@id":"https:\/\/marktxxl.de\/markt\/produkt\/hundun-tasche-fuer-beurer-br-60-br-90-br-10-stichheiler-huelle-case-schutzhuelle-fuer-beurer-br-60-br-90-br-10-schwarz\/#primaryimage"},"thumbnailUrl":"https:\/\/m.media-amazon.com\/images\/I\/41IanAip-eL._SL500_.jpg","datePublished":"2024-06-28T00:41:47+00:00","description":"Markt-XXL HunDun Tasche f\u00fcr Beurer BR 60 BR 90 BR 10 Stichheiler, H\u00fclle | Case | Schutzh\u00fclle f\u00fcr Beurer BR 60 BR 90 BR 10, Schwarz","breadcrumb":{"@id":"https:\/\/marktxxl.de\/markt\/produkt\/hundun-tasche-fuer-beurer-br-60-br-90-br-10-stichheiler-huelle-case-schutzhuelle-fuer-beurer-br-60-br-90-br-10-schwarz\/#breadcrumb"},"inLanguage":"de","potentialAction":[{"@type":"ReadAction","target":["https:\/\/marktxxl.de\/markt\/produkt\/hundun-tasche-fuer-beurer-br-60-br-90-br-10-stichheiler-huelle-case-schutzhuelle-fuer-beurer-br-60-br-90-br-10-schwarz\/"]}]},{"@type":"ImageObject","inLanguage":"de","@id":"https:\/\/marktxxl.de\/markt\/produkt\/hundun-tasche-fuer-beurer-br-60-br-90-br-10-stichheiler-huelle-case-schutzhuelle-fuer-beurer-br-60-br-90-br-10-schwarz\/#primaryimage","url":"https:\/\/m.media-amazon.com\/images\/I\/41IanAip-eL._SL500_.jpg","contentUrl":"https:\/\/m.media-amazon.com\/images\/I\/41IanAip-eL._SL500_.jpg","width":500,"height":375},{"@type":"BreadcrumbList","@id":"https:\/\/marktxxl.de\/markt\/produkt\/hundun-tasche-fuer-beurer-br-60-br-90-br-10-stichheiler-huelle-case-schutzhuelle-fuer-beurer-br-60-br-90-br-10-schwarz\/#breadcrumb","itemListElement":[{"@type":"ListItem","position":1,"name":"Startseite","item":"https:\/\/marktxxl.de\/markt\/"},{"@type":"ListItem","position":2,"name":"Markt","item":"https:\/\/marktxxl.de\/markt\/"},{"@type":"ListItem","position":3,"name":"HunDun Tasche f\u00fcr Beurer BR 60 BR 90 BR 10 Stichheiler, H\u00fclle | Case | Schutzh\u00fclle f\u00fcr Beurer BR 60 BR 90 BR 10, Schwarz"}]},{"@type":"WebSite","@id":"https:\/\/marktxxl.de\/markt\/#website","url":"https:\/\/marktxxl.de\/markt\/","name":"Markt-XXL","description":"Ihr Markt Online","publisher":{"@id":"https:\/\/marktxxl.de\/markt\/#organization"},"potentialAction":[{"@type":"SearchAction","target":{"@type":"EntryPoint","urlTemplate":"https:\/\/marktxxl.de\/markt\/?s={search_term_string}"},"query-input":{"@type":"PropertyValueSpecification","valueRequired":true,"valueName":"search_term_string"}}],"inLanguage":"de"},{"@type":"Organization","@id":"https:\/\/marktxxl.de\/markt\/#organization","name":"Markt-XXL","url":"https:\/\/marktxxl.de\/markt\/","logo":{"@type":"ImageObject","inLanguage":"de","@id":"https:\/\/marktxxl.de\/markt\/#\/schema\/logo\/image\/","url":"https:\/\/marktxxl.de\/markt\/wp-content\/uploads\/sites\/3\/2020\/12\/logo.png","contentUrl":"https:\/\/marktxxl.de\/markt\/wp-content\/uploads\/sites\/3\/2020\/12\/logo.png","width":200,"height":70,"caption":"Markt-XXL"},"image":{"@id":"https:\/\/marktxxl.de\/markt\/#\/schema\/logo\/image\/"}}]}},"_links":{"self":[{"href":"https:\/\/marktxxl.de\/markt\/wp-json\/wp\/v2\/product\/211043","targetHints":{"allow":["GET"]}}],"collection":[{"href":"https:\/\/marktxxl.de\/markt\/wp-json\/wp\/v2\/product"}],"about":[{"href":"https:\/\/marktxxl.de\/markt\/wp-json\/wp\/v2\/types\/product"}],"replies":[{"embeddable":true,"href":"https:\/\/marktxxl.de\/markt\/wp-json\/wp\/v2\/comments?post=211043"}],"wp:featuredmedia":[{"embeddable":true,"href":"https:\/\/marktxxl.de\/markt\/wp-json\/wp\/v2\/media\/211044"}],"wp:attachment":[{"href":"https:\/\/marktxxl.de\/markt\/wp-json\/wp\/v2\/media?parent=211043"}],"wp:term":[{"taxonomy":"product_brand","embeddable":true,"href":"https:\/\/marktxxl.de\/markt\/wp-json\/wp\/v2\/product_brand?post=211043"},{"taxonomy":"product_cat","embeddable":true,"href":"https:\/\/marktxxl.de\/markt\/wp-json\/wp\/v2\/product_cat?post=211043"},{"taxonomy":"product_tag","embeddable":true,"href":"https:\/\/marktxxl.de\/markt\/wp-json\/wp\/v2\/product_tag?post=211043"}],"curies":[{"name":"wp","href":"https:\/\/api.w.org\/{rel}","templated":true}]}}