{"id":210544,"date":"2024-05-29T15:44:14","date_gmt":"2024-05-29T13:44:14","guid":{"rendered":"https:\/\/marktxxl.de\/markt\/produkt\/nasenhaartrimmer-wiederaufladbarer-nasenhaartrimmer-mit-led-anzeige-2-in-1-schmerzfreier-multifunktionaler-ohr-und-nasenhaartrimmer-mit-ipx7-wasserdichten-doppelschneidigen-klingenleicht-zu-tragen\/"},"modified":"2024-05-29T15:44:14","modified_gmt":"2024-05-29T13:44:14","slug":"nasenhaartrimmer-wiederaufladbarer-nasenhaartrimmer-mit-led-anzeige-2-in-1-schmerzfreier-multifunktionaler-ohr-und-nasenhaartrimmer-mit-ipx7-wasserdichten-doppelschneidigen-klingenleicht-zu-tragen","status":"publish","type":"product","link":"https:\/\/marktxxl.de\/markt\/produkt\/nasenhaartrimmer-wiederaufladbarer-nasenhaartrimmer-mit-led-anzeige-2-in-1-schmerzfreier-multifunktionaler-ohr-und-nasenhaartrimmer-mit-ipx7-wasserdichten-doppelschneidigen-klingenleicht-zu-tragen\/","title":{"rendered":"Nasenhaartrimmer, Wiederaufladbarer Nasenhaartrimmer mit LED-Anzeige, 2 IN 1 Schmerzfreier Multifunktionaler Ohr und Nasenhaartrimmer mit IPX7 Wasserdichten, doppelschneidigen Klingen,leicht zu tragen"},"content":{"rendered":"<p>\ud83d\udc43\u3010Neues Digitales Display\u3011:Der neu aktualisierte Nasenhaartrimmer f\u00fcr M\u00e4nner verf\u00fcgt \u00fcber ein digitales LCD-Display, das den verbleibenden Batteriestand anzeigt, so dass Sie sich keine Sorgen \u00fcber Stromausf\u00e4lle machen m\u00fcssen. Au\u00dferdem k\u00f6nnen Sie den Ladevorgang jederzeit \u00fcberwachen, und das Display zeigt 100 beim Laden an, was bedeutet, dass der Akku vollst\u00e4ndig geladen ist.<br \/>\n\ud83d\udc43\u30102 Austauschbare K\u00f6Pfe &amp; Multifunktional\u3011:Dieser Nasenhaartrimmer f\u00fcr M\u00e4nner wird mit 2 austauschbaren Nasen- und Ohrhaartrimmerk\u00f6pfen geliefert, die es zwei Personen erm\u00f6glichen, ihn gleichzeitig zu benutzen, was sowohl hygienisch als auch praktisch ist. Wechseln Sie die K\u00f6pfe einfach durch Drehen im Uhrzeigersinn.<br \/>\n\ud83d\udc43\u3010Powerful Copper Core Motor &amp; Painless\u3011: Dieser Nasenhaartrimmer verwendet einen neu aufger\u00fcsteten Kupferkernmotor, der sich mit bis zu 13000 Umdrehungen pro Minute drehen kann, viel schneller als normale Nasenhaartrimmer mit Kunststoffmotor. Es ist auch langlebig und wird nicht brechen, und kann Haare glatt und genau ohne schmerzhaftes oder unangenehmes Ziehen entfernen. Es ist bequem und einfach zu bedienen.<br \/>\n\ud83d\udc43\u3010Typ-C wiederaufladbar &amp; gro\u00dfe Batteriekapazit\u00e4t\u3011: Verabschieden Sie sich von AA-Batterien, der Nasenhaartrimmer f\u00fcr M\u00e4nner ist mit einem wiederaufladbaren Typ-C-Datenkabel und einem eingebauten Akku ausgestattet, der jederzeit und \u00fcberall f\u00fcr ausreichende Leistung sorgt, ohne dass Sie weitere Batterien kaufen m\u00fcssen.<br \/>\n\ud83d\udc43\u3010IPX7 Wasserdicht und einfache Reinigung\u3011:Dieser Nasenhaartrimmer f\u00fcr M\u00e4nner und Frauen hat einen waschbaren und abnehmbaren Trimmerkopf f\u00fcr einfache Reinigung und Wartung. Es kommt auch mit einer kleinen Reinigungsb\u00fcrste\uff08included\uff09, die beide Nasenhaark\u00f6pfe reinigen kann. Er ist klein und leicht, einfach zu transportieren und wird mit einer Staubschutzh\u00fclle zum Schutz des Nasenhaartrimmerkopfes geliefert.<br \/>\n\ud83d\udc43\u3010Was Sie bekommen &amp; Langzeit-Garantie\u3011:Paketliste: Nasenhaartrimmer*2,Reinigungsb\u00fcrste*1,Bedienungsanleitung*1,TYPE-C Kabel*1.Wir bieten 1 Jahr Garantie.Egal, was Sie mit unseren Produkten unzufrieden sind, k\u00f6nnen Sie uns direkt f\u00fcr den Austausch oder die R\u00fcckerstattung kontaktieren.Intime Kundenbetreuung 7 Tage die Woche.Wenn Sie irgendwelche Fragen haben, f\u00fchlen Sie sich bitte frei, uns zu mailen und wir werden es f\u00fcr Sie innerhalb von 24 Stunden l\u00f6sen.<br \/>\n<div class=\"main-cross-sell\" data-asin=\"B0CQT48MMJ\">\n\n\t<div class=\"WooZone-cross-sell-loader\">\n\t\t<div>\n\t\t\t<div id=\"floatingBarsG\">\n\t\t\t\t<div class=\"blockG\" id=\"rotateG_01\"><\/div>\n\t\t\t\t<div class=\"blockG\" id=\"rotateG_02\"><\/div>\n\t\t\t\t<div class=\"blockG\" id=\"rotateG_03\"><\/div>\n\t\t\t\t<div class=\"blockG\" id=\"rotateG_04\"><\/div>\n\t\t\t\t<div class=\"blockG\" id=\"rotateG_05\"><\/div>\n\t\t\t\t<div class=\"blockG\" id=\"rotateG_06\"><\/div>\n\t\t\t\t<div class=\"blockG\" id=\"rotateG_07\"><\/div>\n\t\t\t\t<div class=\"blockG\" id=\"rotateG_08\"><\/div>\n\t\t\t<\/div>\n\t\t\t<div class=\"WooZone-cross-sell-loader-text\"><\/div>\n\t\t<\/div>\n\t<\/div>\n\n\t\t\n<\/div>\n<div style=\"clear:both;\"><\/div><\/p>\n","protected":false},"excerpt":{"rendered":"<p>\ud83d\udc43\u3010Neues Digitales Display\u3011:Der neu aktualisierte Nasenhaartrimmer f\u00fcr M\u00e4nner verf\u00fcgt \u00fcber ein digitales LCD-Display, das den verbleibenden Batteriestand anzeigt, so dass Sie sich keine Sorgen \u00fcber Stromausf\u00e4lle machen m\u00fcssen. Au\u00dferdem k\u00f6nnen Sie den Ladevorgang jederzeit \u00fcberwachen, und das Display zeigt 100 beim Laden an, was bedeutet, dass der Akku vollst\u00e4ndig geladen ist.<br \/>\n\ud83d\udc43\u30102 Austauschbare K\u00f6Pfe &amp; Multifunktional\u3011:Dieser Nasenhaartrimmer f\u00fcr M\u00e4nner wird mit 2 austauschbaren Nasen- und Ohrhaartrimmerk\u00f6pfen geliefert, die es zwei Personen erm\u00f6glichen, ihn gleichzeitig zu benutzen, was sowohl hygienisch als auch praktisch ist. Wechseln Sie die K\u00f6pfe einfach durch Drehen im Uhrzeigersinn.<br \/>\n\ud83d\udc43\u3010Powerful Copper Core Motor &amp; Painless\u3011: Dieser Nasenhaartrimmer verwendet einen neu aufger\u00fcsteten Kupferkernmotor, der sich mit bis zu 13000 Umdrehungen pro Minute drehen kann, viel schneller als normale Nasenhaartrimmer mit Kunststoffmotor. Es ist auch langlebig und wird nicht brechen, und kann Haare glatt und genau ohne schmerzhaftes oder unangenehmes Ziehen entfernen. Es ist bequem und einfach zu bedienen.<\/p>\n","protected":false},"featured_media":210545,"comment_status":"open","ping_status":"closed","template":"","meta":[],"product_brand":[],"product_cat":[566,6190],"product_tag":[],"class_list":{"0":"post-210544","1":"product","2":"type-product","3":"status-publish","4":"has-post-thumbnail","6":"product_cat-drogerie-koerperpflege","7":"product_cat-rasur-enthaarung","8":"pa_brand-brigin","9":"pa_color-xjq-5001","10":"pa_height-0-393700787-zoll","11":"pa_length-0-393700787-zoll","12":"pa_manufacturer-brigin","13":"pa_model-xjq-5001","14":"pa_width-0-393700787-zoll","16":"first","17":"instock","18":"shipping-taxable","19":"purchasable","20":"product-type-simple","21":"customify-col","22":"product-has-gallery"},"yoast_head":"<!-- This site is optimized with the Yoast SEO plugin v27.3 - https:\/\/yoast.com\/product\/yoast-seo-wordpress\/ -->\n<title>Nasenhaartrimmer, Wiederaufladbarer Nasenhaartrimmer mit LED-Anzeige, 2 IN 1 Schmerzfreier Multifunktionaler Ohr und Nasenhaartrimmer mit IPX7 Wasserdichten, doppelschneidigen Klingen,leicht zu tragen - Markt-XXL<\/title>\n<meta name=\"description\" content=\"Markt-XXL Nasenhaartrimmer, Wiederaufladbarer Nasenhaartrimmer mit LED-Anzeige, 2 IN 1 Schmerzfreier Multifunktionaler Ohr und Nasenhaartrimmer mit IPX7 Wasserdichten, doppelschneidigen Klingen,leicht zu tragen\" \/>\n<meta name=\"robots\" content=\"index, follow, max-snippet:-1, max-image-preview:large, max-video-preview:-1\" \/>\n<link rel=\"canonical\" href=\"https:\/\/marktxxl.de\/markt\/produkt\/nasenhaartrimmer-wiederaufladbarer-nasenhaartrimmer-mit-led-anzeige-2-in-1-schmerzfreier-multifunktionaler-ohr-und-nasenhaartrimmer-mit-ipx7-wasserdichten-doppelschneidigen-klingenleicht-zu-tragen\/\" \/>\n<meta property=\"og:locale\" content=\"de_DE\" \/>\n<meta property=\"og:type\" content=\"article\" \/>\n<meta property=\"og:title\" content=\"Nasenhaartrimmer, Wiederaufladbarer Nasenhaartrimmer mit LED-Anzeige, 2 IN 1 Schmerzfreier Multifunktionaler Ohr und Nasenhaartrimmer mit IPX7 Wasserdichten, doppelschneidigen Klingen,leicht zu tragen - Markt-XXL\" \/>\n<meta property=\"og:description\" content=\"Markt-XXL Nasenhaartrimmer, Wiederaufladbarer Nasenhaartrimmer mit LED-Anzeige, 2 IN 1 Schmerzfreier Multifunktionaler Ohr und Nasenhaartrimmer mit IPX7 Wasserdichten, doppelschneidigen Klingen,leicht zu tragen\" \/>\n<meta property=\"og:url\" content=\"https:\/\/marktxxl.de\/markt\/produkt\/nasenhaartrimmer-wiederaufladbarer-nasenhaartrimmer-mit-led-anzeige-2-in-1-schmerzfreier-multifunktionaler-ohr-und-nasenhaartrimmer-mit-ipx7-wasserdichten-doppelschneidigen-klingenleicht-zu-tragen\/\" \/>\n<meta property=\"og:site_name\" content=\"Markt-XXL\" \/>\n<meta name=\"twitter:card\" content=\"summary_large_image\" \/>\n<meta name=\"twitter:label1\" content=\"Gesch\u00e4tzte Lesezeit\" \/>\n\t<meta name=\"twitter:data1\" content=\"2\u00a0Minuten\" \/>\n<script type=\"application\/ld+json\" class=\"yoast-schema-graph\">{\"@context\":\"https:\\\/\\\/schema.org\",\"@graph\":[{\"@type\":\"WebPage\",\"@id\":\"https:\\\/\\\/marktxxl.de\\\/markt\\\/produkt\\\/nasenhaartrimmer-wiederaufladbarer-nasenhaartrimmer-mit-led-anzeige-2-in-1-schmerzfreier-multifunktionaler-ohr-und-nasenhaartrimmer-mit-ipx7-wasserdichten-doppelschneidigen-klingenleicht-zu-tragen\\\/\",\"url\":\"https:\\\/\\\/marktxxl.de\\\/markt\\\/produkt\\\/nasenhaartrimmer-wiederaufladbarer-nasenhaartrimmer-mit-led-anzeige-2-in-1-schmerzfreier-multifunktionaler-ohr-und-nasenhaartrimmer-mit-ipx7-wasserdichten-doppelschneidigen-klingenleicht-zu-tragen\\\/\",\"name\":\"Nasenhaartrimmer, Wiederaufladbarer Nasenhaartrimmer mit LED-Anzeige, 2 IN 1 Schmerzfreier Multifunktionaler Ohr und Nasenhaartrimmer mit IPX7 Wasserdichten, doppelschneidigen Klingen,leicht zu tragen - Markt-XXL\",\"isPartOf\":{\"@id\":\"https:\\\/\\\/marktxxl.de\\\/markt\\\/#website\"},\"primaryImageOfPage\":{\"@id\":\"https:\\\/\\\/marktxxl.de\\\/markt\\\/produkt\\\/nasenhaartrimmer-wiederaufladbarer-nasenhaartrimmer-mit-led-anzeige-2-in-1-schmerzfreier-multifunktionaler-ohr-und-nasenhaartrimmer-mit-ipx7-wasserdichten-doppelschneidigen-klingenleicht-zu-tragen\\\/#primaryimage\"},\"image\":{\"@id\":\"https:\\\/\\\/marktxxl.de\\\/markt\\\/produkt\\\/nasenhaartrimmer-wiederaufladbarer-nasenhaartrimmer-mit-led-anzeige-2-in-1-schmerzfreier-multifunktionaler-ohr-und-nasenhaartrimmer-mit-ipx7-wasserdichten-doppelschneidigen-klingenleicht-zu-tragen\\\/#primaryimage\"},\"thumbnailUrl\":\"https:\\\/\\\/m.media-amazon.com\\\/images\\\/I\\\/41xZov3typL._SL500_.jpg\",\"datePublished\":\"2024-05-29T13:44:14+00:00\",\"description\":\"Markt-XXL Nasenhaartrimmer, Wiederaufladbarer Nasenhaartrimmer mit LED-Anzeige, 2 IN 1 Schmerzfreier Multifunktionaler Ohr und Nasenhaartrimmer mit IPX7 Wasserdichten, doppelschneidigen Klingen,leicht zu tragen\",\"breadcrumb\":{\"@id\":\"https:\\\/\\\/marktxxl.de\\\/markt\\\/produkt\\\/nasenhaartrimmer-wiederaufladbarer-nasenhaartrimmer-mit-led-anzeige-2-in-1-schmerzfreier-multifunktionaler-ohr-und-nasenhaartrimmer-mit-ipx7-wasserdichten-doppelschneidigen-klingenleicht-zu-tragen\\\/#breadcrumb\"},\"inLanguage\":\"de\",\"potentialAction\":[{\"@type\":\"ReadAction\",\"target\":[\"https:\\\/\\\/marktxxl.de\\\/markt\\\/produkt\\\/nasenhaartrimmer-wiederaufladbarer-nasenhaartrimmer-mit-led-anzeige-2-in-1-schmerzfreier-multifunktionaler-ohr-und-nasenhaartrimmer-mit-ipx7-wasserdichten-doppelschneidigen-klingenleicht-zu-tragen\\\/\"]}]},{\"@type\":\"ImageObject\",\"inLanguage\":\"de\",\"@id\":\"https:\\\/\\\/marktxxl.de\\\/markt\\\/produkt\\\/nasenhaartrimmer-wiederaufladbarer-nasenhaartrimmer-mit-led-anzeige-2-in-1-schmerzfreier-multifunktionaler-ohr-und-nasenhaartrimmer-mit-ipx7-wasserdichten-doppelschneidigen-klingenleicht-zu-tragen\\\/#primaryimage\",\"url\":\"https:\\\/\\\/m.media-amazon.com\\\/images\\\/I\\\/41xZov3typL._SL500_.jpg\",\"contentUrl\":\"https:\\\/\\\/m.media-amazon.com\\\/images\\\/I\\\/41xZov3typL._SL500_.jpg\",\"width\":500,\"height\":500},{\"@type\":\"BreadcrumbList\",\"@id\":\"https:\\\/\\\/marktxxl.de\\\/markt\\\/produkt\\\/nasenhaartrimmer-wiederaufladbarer-nasenhaartrimmer-mit-led-anzeige-2-in-1-schmerzfreier-multifunktionaler-ohr-und-nasenhaartrimmer-mit-ipx7-wasserdichten-doppelschneidigen-klingenleicht-zu-tragen\\\/#breadcrumb\",\"itemListElement\":[{\"@type\":\"ListItem\",\"position\":1,\"name\":\"Startseite\",\"item\":\"https:\\\/\\\/marktxxl.de\\\/markt\\\/\"},{\"@type\":\"ListItem\",\"position\":2,\"name\":\"Markt\",\"item\":\"https:\\\/\\\/marktxxl.de\\\/markt\\\/\"},{\"@type\":\"ListItem\",\"position\":3,\"name\":\"Nasenhaartrimmer, Wiederaufladbarer Nasenhaartrimmer mit LED-Anzeige, 2 IN 1 Schmerzfreier Multifunktionaler Ohr und Nasenhaartrimmer mit IPX7 Wasserdichten, doppelschneidigen Klingen,leicht zu tragen\"}]},{\"@type\":\"WebSite\",\"@id\":\"https:\\\/\\\/marktxxl.de\\\/markt\\\/#website\",\"url\":\"https:\\\/\\\/marktxxl.de\\\/markt\\\/\",\"name\":\"Markt-XXL\",\"description\":\"Ihr Markt Online\",\"publisher\":{\"@id\":\"https:\\\/\\\/marktxxl.de\\\/markt\\\/#organization\"},\"potentialAction\":[{\"@type\":\"SearchAction\",\"target\":{\"@type\":\"EntryPoint\",\"urlTemplate\":\"https:\\\/\\\/marktxxl.de\\\/markt\\\/?s={search_term_string}\"},\"query-input\":{\"@type\":\"PropertyValueSpecification\",\"valueRequired\":true,\"valueName\":\"search_term_string\"}}],\"inLanguage\":\"de\"},{\"@type\":\"Organization\",\"@id\":\"https:\\\/\\\/marktxxl.de\\\/markt\\\/#organization\",\"name\":\"Markt-XXL\",\"url\":\"https:\\\/\\\/marktxxl.de\\\/markt\\\/\",\"logo\":{\"@type\":\"ImageObject\",\"inLanguage\":\"de\",\"@id\":\"https:\\\/\\\/marktxxl.de\\\/markt\\\/#\\\/schema\\\/logo\\\/image\\\/\",\"url\":\"https:\\\/\\\/marktxxl.de\\\/markt\\\/wp-content\\\/uploads\\\/sites\\\/3\\\/2020\\\/12\\\/logo.png\",\"contentUrl\":\"https:\\\/\\\/marktxxl.de\\\/markt\\\/wp-content\\\/uploads\\\/sites\\\/3\\\/2020\\\/12\\\/logo.png\",\"width\":200,\"height\":70,\"caption\":\"Markt-XXL\"},\"image\":{\"@id\":\"https:\\\/\\\/marktxxl.de\\\/markt\\\/#\\\/schema\\\/logo\\\/image\\\/\"}}]}<\/script>\n<!-- \/ Yoast SEO plugin. -->","yoast_head_json":{"title":"Nasenhaartrimmer, Wiederaufladbarer Nasenhaartrimmer mit LED-Anzeige, 2 IN 1 Schmerzfreier Multifunktionaler Ohr und Nasenhaartrimmer mit IPX7 Wasserdichten, doppelschneidigen Klingen,leicht zu tragen - Markt-XXL","description":"Markt-XXL Nasenhaartrimmer, Wiederaufladbarer Nasenhaartrimmer mit LED-Anzeige, 2 IN 1 Schmerzfreier Multifunktionaler Ohr und Nasenhaartrimmer mit IPX7 Wasserdichten, doppelschneidigen Klingen,leicht zu tragen","robots":{"index":"index","follow":"follow","max-snippet":"max-snippet:-1","max-image-preview":"max-image-preview:large","max-video-preview":"max-video-preview:-1"},"canonical":"https:\/\/marktxxl.de\/markt\/produkt\/nasenhaartrimmer-wiederaufladbarer-nasenhaartrimmer-mit-led-anzeige-2-in-1-schmerzfreier-multifunktionaler-ohr-und-nasenhaartrimmer-mit-ipx7-wasserdichten-doppelschneidigen-klingenleicht-zu-tragen\/","og_locale":"de_DE","og_type":"article","og_title":"Nasenhaartrimmer, Wiederaufladbarer Nasenhaartrimmer mit LED-Anzeige, 2 IN 1 Schmerzfreier Multifunktionaler Ohr und Nasenhaartrimmer mit IPX7 Wasserdichten, doppelschneidigen Klingen,leicht zu tragen - Markt-XXL","og_description":"Markt-XXL Nasenhaartrimmer, Wiederaufladbarer Nasenhaartrimmer mit LED-Anzeige, 2 IN 1 Schmerzfreier Multifunktionaler Ohr und Nasenhaartrimmer mit IPX7 Wasserdichten, doppelschneidigen Klingen,leicht zu tragen","og_url":"https:\/\/marktxxl.de\/markt\/produkt\/nasenhaartrimmer-wiederaufladbarer-nasenhaartrimmer-mit-led-anzeige-2-in-1-schmerzfreier-multifunktionaler-ohr-und-nasenhaartrimmer-mit-ipx7-wasserdichten-doppelschneidigen-klingenleicht-zu-tragen\/","og_site_name":"Markt-XXL","twitter_card":"summary_large_image","twitter_misc":{"Gesch\u00e4tzte Lesezeit":"2\u00a0Minuten"},"schema":{"@context":"https:\/\/schema.org","@graph":[{"@type":"WebPage","@id":"https:\/\/marktxxl.de\/markt\/produkt\/nasenhaartrimmer-wiederaufladbarer-nasenhaartrimmer-mit-led-anzeige-2-in-1-schmerzfreier-multifunktionaler-ohr-und-nasenhaartrimmer-mit-ipx7-wasserdichten-doppelschneidigen-klingenleicht-zu-tragen\/","url":"https:\/\/marktxxl.de\/markt\/produkt\/nasenhaartrimmer-wiederaufladbarer-nasenhaartrimmer-mit-led-anzeige-2-in-1-schmerzfreier-multifunktionaler-ohr-und-nasenhaartrimmer-mit-ipx7-wasserdichten-doppelschneidigen-klingenleicht-zu-tragen\/","name":"Nasenhaartrimmer, Wiederaufladbarer Nasenhaartrimmer mit LED-Anzeige, 2 IN 1 Schmerzfreier Multifunktionaler Ohr und Nasenhaartrimmer mit IPX7 Wasserdichten, doppelschneidigen Klingen,leicht zu tragen - Markt-XXL","isPartOf":{"@id":"https:\/\/marktxxl.de\/markt\/#website"},"primaryImageOfPage":{"@id":"https:\/\/marktxxl.de\/markt\/produkt\/nasenhaartrimmer-wiederaufladbarer-nasenhaartrimmer-mit-led-anzeige-2-in-1-schmerzfreier-multifunktionaler-ohr-und-nasenhaartrimmer-mit-ipx7-wasserdichten-doppelschneidigen-klingenleicht-zu-tragen\/#primaryimage"},"image":{"@id":"https:\/\/marktxxl.de\/markt\/produkt\/nasenhaartrimmer-wiederaufladbarer-nasenhaartrimmer-mit-led-anzeige-2-in-1-schmerzfreier-multifunktionaler-ohr-und-nasenhaartrimmer-mit-ipx7-wasserdichten-doppelschneidigen-klingenleicht-zu-tragen\/#primaryimage"},"thumbnailUrl":"https:\/\/m.media-amazon.com\/images\/I\/41xZov3typL._SL500_.jpg","datePublished":"2024-05-29T13:44:14+00:00","description":"Markt-XXL Nasenhaartrimmer, Wiederaufladbarer Nasenhaartrimmer mit LED-Anzeige, 2 IN 1 Schmerzfreier Multifunktionaler Ohr und Nasenhaartrimmer mit IPX7 Wasserdichten, doppelschneidigen Klingen,leicht zu tragen","breadcrumb":{"@id":"https:\/\/marktxxl.de\/markt\/produkt\/nasenhaartrimmer-wiederaufladbarer-nasenhaartrimmer-mit-led-anzeige-2-in-1-schmerzfreier-multifunktionaler-ohr-und-nasenhaartrimmer-mit-ipx7-wasserdichten-doppelschneidigen-klingenleicht-zu-tragen\/#breadcrumb"},"inLanguage":"de","potentialAction":[{"@type":"ReadAction","target":["https:\/\/marktxxl.de\/markt\/produkt\/nasenhaartrimmer-wiederaufladbarer-nasenhaartrimmer-mit-led-anzeige-2-in-1-schmerzfreier-multifunktionaler-ohr-und-nasenhaartrimmer-mit-ipx7-wasserdichten-doppelschneidigen-klingenleicht-zu-tragen\/"]}]},{"@type":"ImageObject","inLanguage":"de","@id":"https:\/\/marktxxl.de\/markt\/produkt\/nasenhaartrimmer-wiederaufladbarer-nasenhaartrimmer-mit-led-anzeige-2-in-1-schmerzfreier-multifunktionaler-ohr-und-nasenhaartrimmer-mit-ipx7-wasserdichten-doppelschneidigen-klingenleicht-zu-tragen\/#primaryimage","url":"https:\/\/m.media-amazon.com\/images\/I\/41xZov3typL._SL500_.jpg","contentUrl":"https:\/\/m.media-amazon.com\/images\/I\/41xZov3typL._SL500_.jpg","width":500,"height":500},{"@type":"BreadcrumbList","@id":"https:\/\/marktxxl.de\/markt\/produkt\/nasenhaartrimmer-wiederaufladbarer-nasenhaartrimmer-mit-led-anzeige-2-in-1-schmerzfreier-multifunktionaler-ohr-und-nasenhaartrimmer-mit-ipx7-wasserdichten-doppelschneidigen-klingenleicht-zu-tragen\/#breadcrumb","itemListElement":[{"@type":"ListItem","position":1,"name":"Startseite","item":"https:\/\/marktxxl.de\/markt\/"},{"@type":"ListItem","position":2,"name":"Markt","item":"https:\/\/marktxxl.de\/markt\/"},{"@type":"ListItem","position":3,"name":"Nasenhaartrimmer, Wiederaufladbarer Nasenhaartrimmer mit LED-Anzeige, 2 IN 1 Schmerzfreier Multifunktionaler Ohr und Nasenhaartrimmer mit IPX7 Wasserdichten, doppelschneidigen Klingen,leicht zu tragen"}]},{"@type":"WebSite","@id":"https:\/\/marktxxl.de\/markt\/#website","url":"https:\/\/marktxxl.de\/markt\/","name":"Markt-XXL","description":"Ihr Markt Online","publisher":{"@id":"https:\/\/marktxxl.de\/markt\/#organization"},"potentialAction":[{"@type":"SearchAction","target":{"@type":"EntryPoint","urlTemplate":"https:\/\/marktxxl.de\/markt\/?s={search_term_string}"},"query-input":{"@type":"PropertyValueSpecification","valueRequired":true,"valueName":"search_term_string"}}],"inLanguage":"de"},{"@type":"Organization","@id":"https:\/\/marktxxl.de\/markt\/#organization","name":"Markt-XXL","url":"https:\/\/marktxxl.de\/markt\/","logo":{"@type":"ImageObject","inLanguage":"de","@id":"https:\/\/marktxxl.de\/markt\/#\/schema\/logo\/image\/","url":"https:\/\/marktxxl.de\/markt\/wp-content\/uploads\/sites\/3\/2020\/12\/logo.png","contentUrl":"https:\/\/marktxxl.de\/markt\/wp-content\/uploads\/sites\/3\/2020\/12\/logo.png","width":200,"height":70,"caption":"Markt-XXL"},"image":{"@id":"https:\/\/marktxxl.de\/markt\/#\/schema\/logo\/image\/"}}]}},"_links":{"self":[{"href":"https:\/\/marktxxl.de\/markt\/wp-json\/wp\/v2\/product\/210544","targetHints":{"allow":["GET"]}}],"collection":[{"href":"https:\/\/marktxxl.de\/markt\/wp-json\/wp\/v2\/product"}],"about":[{"href":"https:\/\/marktxxl.de\/markt\/wp-json\/wp\/v2\/types\/product"}],"replies":[{"embeddable":true,"href":"https:\/\/marktxxl.de\/markt\/wp-json\/wp\/v2\/comments?post=210544"}],"wp:featuredmedia":[{"embeddable":true,"href":"https:\/\/marktxxl.de\/markt\/wp-json\/wp\/v2\/media\/210545"}],"wp:attachment":[{"href":"https:\/\/marktxxl.de\/markt\/wp-json\/wp\/v2\/media?parent=210544"}],"wp:term":[{"taxonomy":"product_brand","embeddable":true,"href":"https:\/\/marktxxl.de\/markt\/wp-json\/wp\/v2\/product_brand?post=210544"},{"taxonomy":"product_cat","embeddable":true,"href":"https:\/\/marktxxl.de\/markt\/wp-json\/wp\/v2\/product_cat?post=210544"},{"taxonomy":"product_tag","embeddable":true,"href":"https:\/\/marktxxl.de\/markt\/wp-json\/wp\/v2\/product_tag?post=210544"}],"curies":[{"name":"wp","href":"https:\/\/api.w.org\/{rel}","templated":true}]}}