{"id":210359,"date":"2024-05-29T15:05:26","date_gmt":"2024-05-29T13:05:26","guid":{"rendered":"https:\/\/marktxxl.de\/markt\/produkt\/weigla-schwibbogen-original-erzgebirge-i-lichterbogen-weihnachten-i-motiv-hirschfamilie-i-7-lampenkerzen-1-ersatzlampe-i-7-x-34-v-3-w-e10-i-beleuchtete-weihnachtsdeko-innen\/"},"modified":"2024-05-29T15:05:26","modified_gmt":"2024-05-29T13:05:26","slug":"weigla-schwibbogen-original-erzgebirge-i-lichterbogen-weihnachten-i-motiv-hirschfamilie-i-7-lampenkerzen-1-ersatzlampe-i-7-x-34-v-3-w-e10-i-beleuchtete-weihnachtsdeko-innen","status":"publish","type":"product","link":"https:\/\/marktxxl.de\/markt\/produkt\/weigla-schwibbogen-original-erzgebirge-i-lichterbogen-weihnachten-i-motiv-hirschfamilie-i-7-lampenkerzen-1-ersatzlampe-i-7-x-34-v-3-w-e10-i-beleuchtete-weihnachtsdeko-innen\/","title":{"rendered":"WEIGLA &#8211; Schwibbogen original Erzgebirge I Lichterbogen Weihnachten I Motiv Hirschfamilie I 7 Lampenkerzen + 1 Ersatzlampe I 7 x 34 V, 3 W, E10 I beleuchtete Weihnachtsdeko innen"},"content":{"rendered":"<p>HOCHWERTIGE HOLZKUNST &#8211; Dieser Schwibbogen aus dem Erzgebirge, ist die perfekte Holzkunst f\u00fcr Ihre Weihnachtsdeko<br \/>\nHERGESTELLT IN DEUTSCHLAND &#8211; Unser Schwibbogen verbindet erzgebirgische Tradition und modernes Design, mit einer Fensterbeleuchtung made in Germany.<br \/>\nIDEALE FENSTERBELEUCHTUNG- Dieser liebevoll gefertigte Holzschwibbogen f\u00fcr Ihre Fensterbank kreiert eine weihnachtliche Atmosph\u00e4re im Innenbereich und erg\u00e4nzt perfekt Ihre Weihnachtsdeko.<br \/>\nINKLUSIVE ERSATZLAMPE &#8211; Schwibbogen mit 7 Lampen + Ersatzlampe sorgt f\u00fcr eine festliche Beleuchtung.\u200b<br \/>\nWEIGLA &#8211; Entdecken Sie unsere Marke weigla, mit exklusiven, hochwertigen Lichterb\u00f6gen, beleuchteten Fensterbildern und Holzdekorationen aus dem Erzgebirge<br \/>\nEINZIGARTIGES GESCHENK &#8211; Eine liebevolle Geschenkidee f\u00fcr Freunde und Familie. Machen Sie Ihren Lieben eine Freude mit diesem einzigartigen Weihnachtsgeschenk.<br \/>\n<div class=\"main-cross-sell\" data-asin=\"B06XC23D1J\">\n\n\t<div class=\"WooZone-cross-sell-loader\">\n\t\t<div>\n\t\t\t<div id=\"floatingBarsG\">\n\t\t\t\t<div class=\"blockG\" id=\"rotateG_01\"><\/div>\n\t\t\t\t<div class=\"blockG\" id=\"rotateG_02\"><\/div>\n\t\t\t\t<div class=\"blockG\" id=\"rotateG_03\"><\/div>\n\t\t\t\t<div class=\"blockG\" id=\"rotateG_04\"><\/div>\n\t\t\t\t<div class=\"blockG\" id=\"rotateG_05\"><\/div>\n\t\t\t\t<div class=\"blockG\" id=\"rotateG_06\"><\/div>\n\t\t\t\t<div class=\"blockG\" id=\"rotateG_07\"><\/div>\n\t\t\t\t<div class=\"blockG\" id=\"rotateG_08\"><\/div>\n\t\t\t<\/div>\n\t\t\t<div class=\"WooZone-cross-sell-loader-text\"><\/div>\n\t\t<\/div>\n\t<\/div>\n\n\t\t\n<\/div>\n<div style=\"clear:both;\"><\/div><\/p>\n","protected":false},"excerpt":{"rendered":"<p>HOCHWERTIGE HOLZKUNST &#8211; Dieser Schwibbogen aus dem Erzgebirge, ist die perfekte Holzkunst f\u00fcr Ihre Weihnachtsdeko<br \/>\nHERGESTELLT IN DEUTSCHLAND &#8211; Unser Schwibbogen verbindet erzgebirgische Tradition und modernes Design, mit einer Fensterbeleuchtung made in Germany.<br \/>\nIDEALE FENSTERBELEUCHTUNG- Dieser liebevoll gefertigte Holzschwibbogen f\u00fcr Ihre Fensterbank kreiert eine weihnachtliche Atmosph\u00e4re im Innenbereich und erg\u00e4nzt perfekt Ihre Weihnachtsdeko.<\/p>\n","protected":false},"featured_media":210360,"comment_status":"open","ping_status":"closed","template":"","meta":[],"product_brand":[],"product_cat":[2108,15622],"product_tag":[],"class_list":{"0":"post-210359","1":"product","2":"type-product","3":"status-publish","4":"has-post-thumbnail","6":"product_cat-beleuchtung","7":"product_cat-lichterketten","8":"pa_binding-werkzeug","9":"pa_brand-weigla","10":"pa_color-naturholz","11":"pa_height-12-598425184-zoll","12":"pa_languages-unbekannt-deutsch","13":"pa_length-20-472440924-zoll","14":"pa_manufacturer-guenter-glaeser-leuchtenherstellung","15":"pa_model-sb7hf","16":"pa_weight-2-0282528104-pfund","17":"pa_width-2-362204722-zoll","19":"first","20":"instock","21":"shipping-taxable","22":"purchasable","23":"product-type-simple","24":"customify-col","25":"product-has-gallery"},"yoast_head":"<!-- This site is optimized with the Yoast SEO plugin v27.4 - https:\/\/yoast.com\/product\/yoast-seo-wordpress\/ -->\n<title>WEIGLA - Schwibbogen original Erzgebirge I Lichterbogen Weihnachten I Motiv Hirschfamilie I 7 Lampenkerzen + 1 Ersatzlampe I 7 x 34 V, 3 W, E10 I beleuchtete Weihnachtsdeko innen - Markt-XXL<\/title>\n<meta name=\"description\" content=\"Markt-XXL WEIGLA - Schwibbogen original Erzgebirge I Lichterbogen Weihnachten I Motiv Hirschfamilie I 7 Lampenkerzen + 1 Ersatzlampe I 7 x 34 V, 3 W, E10 I beleuchtete Weihnachtsdeko innen\" \/>\n<meta name=\"robots\" content=\"index, follow, max-snippet:-1, max-image-preview:large, max-video-preview:-1\" \/>\n<link rel=\"canonical\" href=\"https:\/\/marktxxl.de\/markt\/produkt\/weigla-schwibbogen-original-erzgebirge-i-lichterbogen-weihnachten-i-motiv-hirschfamilie-i-7-lampenkerzen-1-ersatzlampe-i-7-x-34-v-3-w-e10-i-beleuchtete-weihnachtsdeko-innen\/\" \/>\n<meta property=\"og:locale\" content=\"de_DE\" \/>\n<meta property=\"og:type\" content=\"article\" \/>\n<meta property=\"og:title\" content=\"WEIGLA - Schwibbogen original Erzgebirge I Lichterbogen Weihnachten I Motiv Hirschfamilie I 7 Lampenkerzen + 1 Ersatzlampe I 7 x 34 V, 3 W, E10 I beleuchtete Weihnachtsdeko innen - Markt-XXL\" \/>\n<meta property=\"og:description\" content=\"Markt-XXL WEIGLA - Schwibbogen original Erzgebirge I Lichterbogen Weihnachten I Motiv Hirschfamilie I 7 Lampenkerzen + 1 Ersatzlampe I 7 x 34 V, 3 W, E10 I beleuchtete Weihnachtsdeko innen\" \/>\n<meta property=\"og:url\" content=\"https:\/\/marktxxl.de\/markt\/produkt\/weigla-schwibbogen-original-erzgebirge-i-lichterbogen-weihnachten-i-motiv-hirschfamilie-i-7-lampenkerzen-1-ersatzlampe-i-7-x-34-v-3-w-e10-i-beleuchtete-weihnachtsdeko-innen\/\" \/>\n<meta property=\"og:site_name\" content=\"Markt-XXL\" \/>\n<meta name=\"twitter:card\" content=\"summary_large_image\" \/>\n<meta name=\"twitter:label1\" content=\"Gesch\u00e4tzte Lesezeit\" \/>\n\t<meta name=\"twitter:data1\" content=\"1\u00a0Minute\" \/>\n<script type=\"application\/ld+json\" class=\"yoast-schema-graph\">{\"@context\":\"https:\\\/\\\/schema.org\",\"@graph\":[{\"@type\":\"WebPage\",\"@id\":\"https:\\\/\\\/marktxxl.de\\\/markt\\\/produkt\\\/weigla-schwibbogen-original-erzgebirge-i-lichterbogen-weihnachten-i-motiv-hirschfamilie-i-7-lampenkerzen-1-ersatzlampe-i-7-x-34-v-3-w-e10-i-beleuchtete-weihnachtsdeko-innen\\\/\",\"url\":\"https:\\\/\\\/marktxxl.de\\\/markt\\\/produkt\\\/weigla-schwibbogen-original-erzgebirge-i-lichterbogen-weihnachten-i-motiv-hirschfamilie-i-7-lampenkerzen-1-ersatzlampe-i-7-x-34-v-3-w-e10-i-beleuchtete-weihnachtsdeko-innen\\\/\",\"name\":\"WEIGLA - Schwibbogen original Erzgebirge I Lichterbogen Weihnachten I Motiv Hirschfamilie I 7 Lampenkerzen + 1 Ersatzlampe I 7 x 34 V, 3 W, E10 I beleuchtete Weihnachtsdeko innen - Markt-XXL\",\"isPartOf\":{\"@id\":\"https:\\\/\\\/marktxxl.de\\\/markt\\\/#website\"},\"primaryImageOfPage\":{\"@id\":\"https:\\\/\\\/marktxxl.de\\\/markt\\\/produkt\\\/weigla-schwibbogen-original-erzgebirge-i-lichterbogen-weihnachten-i-motiv-hirschfamilie-i-7-lampenkerzen-1-ersatzlampe-i-7-x-34-v-3-w-e10-i-beleuchtete-weihnachtsdeko-innen\\\/#primaryimage\"},\"image\":{\"@id\":\"https:\\\/\\\/marktxxl.de\\\/markt\\\/produkt\\\/weigla-schwibbogen-original-erzgebirge-i-lichterbogen-weihnachten-i-motiv-hirschfamilie-i-7-lampenkerzen-1-ersatzlampe-i-7-x-34-v-3-w-e10-i-beleuchtete-weihnachtsdeko-innen\\\/#primaryimage\"},\"thumbnailUrl\":\"https:\\\/\\\/m.media-amazon.com\\\/images\\\/I\\\/41kULWmpNeL._SL500_.jpg\",\"datePublished\":\"2024-05-29T13:05:26+00:00\",\"description\":\"Markt-XXL WEIGLA - Schwibbogen original Erzgebirge I Lichterbogen Weihnachten I Motiv Hirschfamilie I 7 Lampenkerzen + 1 Ersatzlampe I 7 x 34 V, 3 W, E10 I beleuchtete Weihnachtsdeko innen\",\"breadcrumb\":{\"@id\":\"https:\\\/\\\/marktxxl.de\\\/markt\\\/produkt\\\/weigla-schwibbogen-original-erzgebirge-i-lichterbogen-weihnachten-i-motiv-hirschfamilie-i-7-lampenkerzen-1-ersatzlampe-i-7-x-34-v-3-w-e10-i-beleuchtete-weihnachtsdeko-innen\\\/#breadcrumb\"},\"inLanguage\":\"de\",\"potentialAction\":[{\"@type\":\"ReadAction\",\"target\":[\"https:\\\/\\\/marktxxl.de\\\/markt\\\/produkt\\\/weigla-schwibbogen-original-erzgebirge-i-lichterbogen-weihnachten-i-motiv-hirschfamilie-i-7-lampenkerzen-1-ersatzlampe-i-7-x-34-v-3-w-e10-i-beleuchtete-weihnachtsdeko-innen\\\/\"]}]},{\"@type\":\"ImageObject\",\"inLanguage\":\"de\",\"@id\":\"https:\\\/\\\/marktxxl.de\\\/markt\\\/produkt\\\/weigla-schwibbogen-original-erzgebirge-i-lichterbogen-weihnachten-i-motiv-hirschfamilie-i-7-lampenkerzen-1-ersatzlampe-i-7-x-34-v-3-w-e10-i-beleuchtete-weihnachtsdeko-innen\\\/#primaryimage\",\"url\":\"https:\\\/\\\/m.media-amazon.com\\\/images\\\/I\\\/41kULWmpNeL._SL500_.jpg\",\"contentUrl\":\"https:\\\/\\\/m.media-amazon.com\\\/images\\\/I\\\/41kULWmpNeL._SL500_.jpg\",\"width\":500,\"height\":500},{\"@type\":\"BreadcrumbList\",\"@id\":\"https:\\\/\\\/marktxxl.de\\\/markt\\\/produkt\\\/weigla-schwibbogen-original-erzgebirge-i-lichterbogen-weihnachten-i-motiv-hirschfamilie-i-7-lampenkerzen-1-ersatzlampe-i-7-x-34-v-3-w-e10-i-beleuchtete-weihnachtsdeko-innen\\\/#breadcrumb\",\"itemListElement\":[{\"@type\":\"ListItem\",\"position\":1,\"name\":\"Startseite\",\"item\":\"https:\\\/\\\/marktxxl.de\\\/markt\\\/\"},{\"@type\":\"ListItem\",\"position\":2,\"name\":\"Markt\",\"item\":\"https:\\\/\\\/marktxxl.de\\\/markt\\\/\"},{\"@type\":\"ListItem\",\"position\":3,\"name\":\"WEIGLA &#8211; Schwibbogen original Erzgebirge I Lichterbogen Weihnachten I Motiv Hirschfamilie I 7 Lampenkerzen + 1 Ersatzlampe I 7 x 34 V, 3 W, E10 I beleuchtete Weihnachtsdeko innen\"}]},{\"@type\":\"WebSite\",\"@id\":\"https:\\\/\\\/marktxxl.de\\\/markt\\\/#website\",\"url\":\"https:\\\/\\\/marktxxl.de\\\/markt\\\/\",\"name\":\"Markt-XXL\",\"description\":\"Ihr Markt Online\",\"publisher\":{\"@id\":\"https:\\\/\\\/marktxxl.de\\\/markt\\\/#organization\"},\"potentialAction\":[{\"@type\":\"SearchAction\",\"target\":{\"@type\":\"EntryPoint\",\"urlTemplate\":\"https:\\\/\\\/marktxxl.de\\\/markt\\\/?s={search_term_string}\"},\"query-input\":{\"@type\":\"PropertyValueSpecification\",\"valueRequired\":true,\"valueName\":\"search_term_string\"}}],\"inLanguage\":\"de\"},{\"@type\":\"Organization\",\"@id\":\"https:\\\/\\\/marktxxl.de\\\/markt\\\/#organization\",\"name\":\"Markt-XXL\",\"url\":\"https:\\\/\\\/marktxxl.de\\\/markt\\\/\",\"logo\":{\"@type\":\"ImageObject\",\"inLanguage\":\"de\",\"@id\":\"https:\\\/\\\/marktxxl.de\\\/markt\\\/#\\\/schema\\\/logo\\\/image\\\/\",\"url\":\"https:\\\/\\\/marktxxl.de\\\/markt\\\/wp-content\\\/uploads\\\/sites\\\/3\\\/2020\\\/12\\\/logo.png\",\"contentUrl\":\"https:\\\/\\\/marktxxl.de\\\/markt\\\/wp-content\\\/uploads\\\/sites\\\/3\\\/2020\\\/12\\\/logo.png\",\"width\":200,\"height\":70,\"caption\":\"Markt-XXL\"},\"image\":{\"@id\":\"https:\\\/\\\/marktxxl.de\\\/markt\\\/#\\\/schema\\\/logo\\\/image\\\/\"}}]}<\/script>\n<!-- \/ Yoast SEO plugin. -->","yoast_head_json":{"title":"WEIGLA - Schwibbogen original Erzgebirge I Lichterbogen Weihnachten I Motiv Hirschfamilie I 7 Lampenkerzen + 1 Ersatzlampe I 7 x 34 V, 3 W, E10 I beleuchtete Weihnachtsdeko innen - Markt-XXL","description":"Markt-XXL WEIGLA - Schwibbogen original Erzgebirge I Lichterbogen Weihnachten I Motiv Hirschfamilie I 7 Lampenkerzen + 1 Ersatzlampe I 7 x 34 V, 3 W, E10 I beleuchtete Weihnachtsdeko innen","robots":{"index":"index","follow":"follow","max-snippet":"max-snippet:-1","max-image-preview":"max-image-preview:large","max-video-preview":"max-video-preview:-1"},"canonical":"https:\/\/marktxxl.de\/markt\/produkt\/weigla-schwibbogen-original-erzgebirge-i-lichterbogen-weihnachten-i-motiv-hirschfamilie-i-7-lampenkerzen-1-ersatzlampe-i-7-x-34-v-3-w-e10-i-beleuchtete-weihnachtsdeko-innen\/","og_locale":"de_DE","og_type":"article","og_title":"WEIGLA - Schwibbogen original Erzgebirge I Lichterbogen Weihnachten I Motiv Hirschfamilie I 7 Lampenkerzen + 1 Ersatzlampe I 7 x 34 V, 3 W, E10 I beleuchtete Weihnachtsdeko innen - Markt-XXL","og_description":"Markt-XXL WEIGLA - Schwibbogen original Erzgebirge I Lichterbogen Weihnachten I Motiv Hirschfamilie I 7 Lampenkerzen + 1 Ersatzlampe I 7 x 34 V, 3 W, E10 I beleuchtete Weihnachtsdeko innen","og_url":"https:\/\/marktxxl.de\/markt\/produkt\/weigla-schwibbogen-original-erzgebirge-i-lichterbogen-weihnachten-i-motiv-hirschfamilie-i-7-lampenkerzen-1-ersatzlampe-i-7-x-34-v-3-w-e10-i-beleuchtete-weihnachtsdeko-innen\/","og_site_name":"Markt-XXL","twitter_card":"summary_large_image","twitter_misc":{"Gesch\u00e4tzte Lesezeit":"1\u00a0Minute"},"schema":{"@context":"https:\/\/schema.org","@graph":[{"@type":"WebPage","@id":"https:\/\/marktxxl.de\/markt\/produkt\/weigla-schwibbogen-original-erzgebirge-i-lichterbogen-weihnachten-i-motiv-hirschfamilie-i-7-lampenkerzen-1-ersatzlampe-i-7-x-34-v-3-w-e10-i-beleuchtete-weihnachtsdeko-innen\/","url":"https:\/\/marktxxl.de\/markt\/produkt\/weigla-schwibbogen-original-erzgebirge-i-lichterbogen-weihnachten-i-motiv-hirschfamilie-i-7-lampenkerzen-1-ersatzlampe-i-7-x-34-v-3-w-e10-i-beleuchtete-weihnachtsdeko-innen\/","name":"WEIGLA - Schwibbogen original Erzgebirge I Lichterbogen Weihnachten I Motiv Hirschfamilie I 7 Lampenkerzen + 1 Ersatzlampe I 7 x 34 V, 3 W, E10 I beleuchtete Weihnachtsdeko innen - Markt-XXL","isPartOf":{"@id":"https:\/\/marktxxl.de\/markt\/#website"},"primaryImageOfPage":{"@id":"https:\/\/marktxxl.de\/markt\/produkt\/weigla-schwibbogen-original-erzgebirge-i-lichterbogen-weihnachten-i-motiv-hirschfamilie-i-7-lampenkerzen-1-ersatzlampe-i-7-x-34-v-3-w-e10-i-beleuchtete-weihnachtsdeko-innen\/#primaryimage"},"image":{"@id":"https:\/\/marktxxl.de\/markt\/produkt\/weigla-schwibbogen-original-erzgebirge-i-lichterbogen-weihnachten-i-motiv-hirschfamilie-i-7-lampenkerzen-1-ersatzlampe-i-7-x-34-v-3-w-e10-i-beleuchtete-weihnachtsdeko-innen\/#primaryimage"},"thumbnailUrl":"https:\/\/m.media-amazon.com\/images\/I\/41kULWmpNeL._SL500_.jpg","datePublished":"2024-05-29T13:05:26+00:00","description":"Markt-XXL WEIGLA - Schwibbogen original Erzgebirge I Lichterbogen Weihnachten I Motiv Hirschfamilie I 7 Lampenkerzen + 1 Ersatzlampe I 7 x 34 V, 3 W, E10 I beleuchtete Weihnachtsdeko innen","breadcrumb":{"@id":"https:\/\/marktxxl.de\/markt\/produkt\/weigla-schwibbogen-original-erzgebirge-i-lichterbogen-weihnachten-i-motiv-hirschfamilie-i-7-lampenkerzen-1-ersatzlampe-i-7-x-34-v-3-w-e10-i-beleuchtete-weihnachtsdeko-innen\/#breadcrumb"},"inLanguage":"de","potentialAction":[{"@type":"ReadAction","target":["https:\/\/marktxxl.de\/markt\/produkt\/weigla-schwibbogen-original-erzgebirge-i-lichterbogen-weihnachten-i-motiv-hirschfamilie-i-7-lampenkerzen-1-ersatzlampe-i-7-x-34-v-3-w-e10-i-beleuchtete-weihnachtsdeko-innen\/"]}]},{"@type":"ImageObject","inLanguage":"de","@id":"https:\/\/marktxxl.de\/markt\/produkt\/weigla-schwibbogen-original-erzgebirge-i-lichterbogen-weihnachten-i-motiv-hirschfamilie-i-7-lampenkerzen-1-ersatzlampe-i-7-x-34-v-3-w-e10-i-beleuchtete-weihnachtsdeko-innen\/#primaryimage","url":"https:\/\/m.media-amazon.com\/images\/I\/41kULWmpNeL._SL500_.jpg","contentUrl":"https:\/\/m.media-amazon.com\/images\/I\/41kULWmpNeL._SL500_.jpg","width":500,"height":500},{"@type":"BreadcrumbList","@id":"https:\/\/marktxxl.de\/markt\/produkt\/weigla-schwibbogen-original-erzgebirge-i-lichterbogen-weihnachten-i-motiv-hirschfamilie-i-7-lampenkerzen-1-ersatzlampe-i-7-x-34-v-3-w-e10-i-beleuchtete-weihnachtsdeko-innen\/#breadcrumb","itemListElement":[{"@type":"ListItem","position":1,"name":"Startseite","item":"https:\/\/marktxxl.de\/markt\/"},{"@type":"ListItem","position":2,"name":"Markt","item":"https:\/\/marktxxl.de\/markt\/"},{"@type":"ListItem","position":3,"name":"WEIGLA &#8211; Schwibbogen original Erzgebirge I Lichterbogen Weihnachten I Motiv Hirschfamilie I 7 Lampenkerzen + 1 Ersatzlampe I 7 x 34 V, 3 W, E10 I beleuchtete Weihnachtsdeko innen"}]},{"@type":"WebSite","@id":"https:\/\/marktxxl.de\/markt\/#website","url":"https:\/\/marktxxl.de\/markt\/","name":"Markt-XXL","description":"Ihr Markt Online","publisher":{"@id":"https:\/\/marktxxl.de\/markt\/#organization"},"potentialAction":[{"@type":"SearchAction","target":{"@type":"EntryPoint","urlTemplate":"https:\/\/marktxxl.de\/markt\/?s={search_term_string}"},"query-input":{"@type":"PropertyValueSpecification","valueRequired":true,"valueName":"search_term_string"}}],"inLanguage":"de"},{"@type":"Organization","@id":"https:\/\/marktxxl.de\/markt\/#organization","name":"Markt-XXL","url":"https:\/\/marktxxl.de\/markt\/","logo":{"@type":"ImageObject","inLanguage":"de","@id":"https:\/\/marktxxl.de\/markt\/#\/schema\/logo\/image\/","url":"https:\/\/marktxxl.de\/markt\/wp-content\/uploads\/sites\/3\/2020\/12\/logo.png","contentUrl":"https:\/\/marktxxl.de\/markt\/wp-content\/uploads\/sites\/3\/2020\/12\/logo.png","width":200,"height":70,"caption":"Markt-XXL"},"image":{"@id":"https:\/\/marktxxl.de\/markt\/#\/schema\/logo\/image\/"}}]}},"_links":{"self":[{"href":"https:\/\/marktxxl.de\/markt\/wp-json\/wp\/v2\/product\/210359","targetHints":{"allow":["GET"]}}],"collection":[{"href":"https:\/\/marktxxl.de\/markt\/wp-json\/wp\/v2\/product"}],"about":[{"href":"https:\/\/marktxxl.de\/markt\/wp-json\/wp\/v2\/types\/product"}],"replies":[{"embeddable":true,"href":"https:\/\/marktxxl.de\/markt\/wp-json\/wp\/v2\/comments?post=210359"}],"wp:featuredmedia":[{"embeddable":true,"href":"https:\/\/marktxxl.de\/markt\/wp-json\/wp\/v2\/media\/210360"}],"wp:attachment":[{"href":"https:\/\/marktxxl.de\/markt\/wp-json\/wp\/v2\/media?parent=210359"}],"wp:term":[{"taxonomy":"product_brand","embeddable":true,"href":"https:\/\/marktxxl.de\/markt\/wp-json\/wp\/v2\/product_brand?post=210359"},{"taxonomy":"product_cat","embeddable":true,"href":"https:\/\/marktxxl.de\/markt\/wp-json\/wp\/v2\/product_cat?post=210359"},{"taxonomy":"product_tag","embeddable":true,"href":"https:\/\/marktxxl.de\/markt\/wp-json\/wp\/v2\/product_tag?post=210359"}],"curies":[{"name":"wp","href":"https:\/\/api.w.org\/{rel}","templated":true}]}}