{"id":210350,"date":"2024-05-29T15:05:19","date_gmt":"2024-05-29T13:05:19","guid":{"rendered":"https:\/\/marktxxl.de\/markt\/produkt\/twinkly-strings-250-tws250stp-beu-smart-christmas-tree-lights-250-led-rgb-20-m\/"},"modified":"2024-05-29T15:05:19","modified_gmt":"2024-05-29T13:05:19","slug":"twinkly-strings-250-tws250stp-beu-smart-christmas-tree-lights-250-led-rgb-20-m","status":"publish","type":"product","link":"https:\/\/marktxxl.de\/markt\/produkt\/twinkly-strings-250-tws250stp-beu-smart-christmas-tree-lights-250-led-rgb-20-m\/","title":{"rendered":"twinkly Strings 250 (TWS250STP-BEU) Smart Christmas tree lights 250 LED RGB 20 m"},"content":{"rendered":"<p>Smart Controller, Stecker und Netzkabel sind im Lieferumfang enthalten. Das Ger\u00e4t arbeitet mit Google Assistant, Amazon Alexa und Razer Chroma<br \/>\nDie RGB-LEDs mit 4,3 mm Streulinsen sind mit einem flachen Kopf ausgestattet, um Lichteffekte zu verst\u00e4rken. Sie k\u00f6nnen spektakul\u00e4re Effekte Online herunterladen<br \/>\nPer Bluetooth verbindet sich die Lichterkette mit dem Wi-Fi-Netzwerk. \u00dcber die App k\u00f6nnen Sie 16 Millionen verschiedene Farben w\u00e4hlen und so einen einzigartigen Look erschaffen<br \/>\nATEMBERAUBENDE BELEUCHTUNG: Mehrere Twinkly-Ger\u00e4te k\u00f6nnen in \u00fcber die App synchronisiert und gesteuert werden. Erstellen Sie wunderbare Dekorationen f\u00fcr Ihre Weihnachtsfeierlichkeiten<br \/>\n<div class=\"main-cross-sell\" data-asin=\"B07V2977XG\">\n\n\t<div class=\"WooZone-cross-sell-loader\">\n\t\t<div>\n\t\t\t<div id=\"floatingBarsG\">\n\t\t\t\t<div class=\"blockG\" id=\"rotateG_01\"><\/div>\n\t\t\t\t<div class=\"blockG\" id=\"rotateG_02\"><\/div>\n\t\t\t\t<div class=\"blockG\" id=\"rotateG_03\"><\/div>\n\t\t\t\t<div class=\"blockG\" id=\"rotateG_04\"><\/div>\n\t\t\t\t<div class=\"blockG\" id=\"rotateG_05\"><\/div>\n\t\t\t\t<div class=\"blockG\" id=\"rotateG_06\"><\/div>\n\t\t\t\t<div class=\"blockG\" id=\"rotateG_07\"><\/div>\n\t\t\t\t<div class=\"blockG\" id=\"rotateG_08\"><\/div>\n\t\t\t<\/div>\n\t\t\t<div class=\"WooZone-cross-sell-loader-text\"><\/div>\n\t\t<\/div>\n\t<\/div>\n\n\t\t\n<\/div>\n<div style=\"clear:both;\"><\/div><\/p>\n","protected":false},"excerpt":{"rendered":"<p>Smart Controller, Stecker und Netzkabel sind im Lieferumfang enthalten. Das Ger\u00e4t arbeitet mit Google Assistant, Amazon Alexa und Razer Chroma<br \/>\nDie RGB-LEDs mit 4,3 mm Streulinsen sind mit einem flachen Kopf ausgestattet, um Lichteffekte zu verst\u00e4rken. Sie k\u00f6nnen spektakul\u00e4re Effekte Online herunterladen<br \/>\nPer Bluetooth verbindet sich die Lichterkette mit dem Wi-Fi-Netzwerk. \u00dcber die App k\u00f6nnen Sie 16 Millionen verschiedene Farben w\u00e4hlen und so einen einzigartigen Look erschaffen<\/p>\n","protected":false},"featured_media":210351,"comment_status":"open","ping_status":"closed","template":"","meta":[],"product_brand":[],"product_cat":[2108,15622],"product_tag":[],"class_list":{"0":"post-210350","1":"product","2":"type-product","3":"status-publish","4":"has-post-thumbnail","6":"product_cat-beleuchtung","7":"product_cat-lichterketten","8":"pa_binding-elektronik","9":"pa_brand-twinkly","10":"pa_color-multicolor-rgb","11":"pa_height-3-3464566895-zoll","12":"pa_length-7-87401574-zoll","13":"pa_manufacturer-twinkly","14":"pa_model-tws250stp-beu","15":"pa_size-250-led","16":"pa_warranty-2-year-manufacturer","17":"pa_weight-1-8959754532-pounds","18":"pa_width-7-086614166-zoll","20":"first","21":"instock","22":"shipping-taxable","23":"purchasable","24":"product-type-simple","25":"customify-col","26":"product-has-gallery"},"yoast_head":"<!-- This site is optimized with the Yoast SEO plugin v27.3 - https:\/\/yoast.com\/product\/yoast-seo-wordpress\/ -->\n<title>twinkly Strings 250 (TWS250STP-BEU) Smart Christmas tree lights 250 LED RGB 20 m - Markt-XXL<\/title>\n<meta name=\"description\" content=\"Markt-XXL twinkly Strings 250 (TWS250STP-BEU) Smart Christmas tree lights 250 LED RGB 20 m\" \/>\n<meta name=\"robots\" content=\"index, follow, max-snippet:-1, max-image-preview:large, max-video-preview:-1\" \/>\n<link rel=\"canonical\" href=\"https:\/\/marktxxl.de\/markt\/produkt\/twinkly-strings-250-tws250stp-beu-smart-christmas-tree-lights-250-led-rgb-20-m\/\" \/>\n<meta property=\"og:locale\" content=\"de_DE\" \/>\n<meta property=\"og:type\" content=\"article\" \/>\n<meta property=\"og:title\" content=\"twinkly Strings 250 (TWS250STP-BEU) Smart Christmas tree lights 250 LED RGB 20 m - Markt-XXL\" \/>\n<meta property=\"og:description\" content=\"Markt-XXL twinkly Strings 250 (TWS250STP-BEU) Smart Christmas tree lights 250 LED RGB 20 m\" \/>\n<meta property=\"og:url\" content=\"https:\/\/marktxxl.de\/markt\/produkt\/twinkly-strings-250-tws250stp-beu-smart-christmas-tree-lights-250-led-rgb-20-m\/\" \/>\n<meta property=\"og:site_name\" content=\"Markt-XXL\" \/>\n<meta name=\"twitter:card\" content=\"summary_large_image\" \/>\n<meta name=\"twitter:label1\" content=\"Gesch\u00e4tzte Lesezeit\" \/>\n\t<meta name=\"twitter:data1\" content=\"1\u00a0Minute\" \/>\n<script type=\"application\/ld+json\" class=\"yoast-schema-graph\">{\"@context\":\"https:\\\/\\\/schema.org\",\"@graph\":[{\"@type\":\"WebPage\",\"@id\":\"https:\\\/\\\/marktxxl.de\\\/markt\\\/produkt\\\/twinkly-strings-250-tws250stp-beu-smart-christmas-tree-lights-250-led-rgb-20-m\\\/\",\"url\":\"https:\\\/\\\/marktxxl.de\\\/markt\\\/produkt\\\/twinkly-strings-250-tws250stp-beu-smart-christmas-tree-lights-250-led-rgb-20-m\\\/\",\"name\":\"twinkly Strings 250 (TWS250STP-BEU) Smart Christmas tree lights 250 LED RGB 20 m - Markt-XXL\",\"isPartOf\":{\"@id\":\"https:\\\/\\\/marktxxl.de\\\/markt\\\/#website\"},\"primaryImageOfPage\":{\"@id\":\"https:\\\/\\\/marktxxl.de\\\/markt\\\/produkt\\\/twinkly-strings-250-tws250stp-beu-smart-christmas-tree-lights-250-led-rgb-20-m\\\/#primaryimage\"},\"image\":{\"@id\":\"https:\\\/\\\/marktxxl.de\\\/markt\\\/produkt\\\/twinkly-strings-250-tws250stp-beu-smart-christmas-tree-lights-250-led-rgb-20-m\\\/#primaryimage\"},\"thumbnailUrl\":\"https:\\\/\\\/m.media-amazon.com\\\/images\\\/I\\\/41-XwYvoonL._SL500_.jpg\",\"datePublished\":\"2024-05-29T13:05:19+00:00\",\"description\":\"Markt-XXL twinkly Strings 250 (TWS250STP-BEU) Smart Christmas tree lights 250 LED RGB 20 m\",\"breadcrumb\":{\"@id\":\"https:\\\/\\\/marktxxl.de\\\/markt\\\/produkt\\\/twinkly-strings-250-tws250stp-beu-smart-christmas-tree-lights-250-led-rgb-20-m\\\/#breadcrumb\"},\"inLanguage\":\"de\",\"potentialAction\":[{\"@type\":\"ReadAction\",\"target\":[\"https:\\\/\\\/marktxxl.de\\\/markt\\\/produkt\\\/twinkly-strings-250-tws250stp-beu-smart-christmas-tree-lights-250-led-rgb-20-m\\\/\"]}]},{\"@type\":\"ImageObject\",\"inLanguage\":\"de\",\"@id\":\"https:\\\/\\\/marktxxl.de\\\/markt\\\/produkt\\\/twinkly-strings-250-tws250stp-beu-smart-christmas-tree-lights-250-led-rgb-20-m\\\/#primaryimage\",\"url\":\"https:\\\/\\\/m.media-amazon.com\\\/images\\\/I\\\/41-XwYvoonL._SL500_.jpg\",\"contentUrl\":\"https:\\\/\\\/m.media-amazon.com\\\/images\\\/I\\\/41-XwYvoonL._SL500_.jpg\",\"width\":500,\"height\":500},{\"@type\":\"BreadcrumbList\",\"@id\":\"https:\\\/\\\/marktxxl.de\\\/markt\\\/produkt\\\/twinkly-strings-250-tws250stp-beu-smart-christmas-tree-lights-250-led-rgb-20-m\\\/#breadcrumb\",\"itemListElement\":[{\"@type\":\"ListItem\",\"position\":1,\"name\":\"Startseite\",\"item\":\"https:\\\/\\\/marktxxl.de\\\/markt\\\/\"},{\"@type\":\"ListItem\",\"position\":2,\"name\":\"Markt\",\"item\":\"https:\\\/\\\/marktxxl.de\\\/markt\\\/\"},{\"@type\":\"ListItem\",\"position\":3,\"name\":\"twinkly Strings 250 (TWS250STP-BEU) Smart Christmas tree lights 250 LED RGB 20 m\"}]},{\"@type\":\"WebSite\",\"@id\":\"https:\\\/\\\/marktxxl.de\\\/markt\\\/#website\",\"url\":\"https:\\\/\\\/marktxxl.de\\\/markt\\\/\",\"name\":\"Markt-XXL\",\"description\":\"Ihr Markt Online\",\"publisher\":{\"@id\":\"https:\\\/\\\/marktxxl.de\\\/markt\\\/#organization\"},\"potentialAction\":[{\"@type\":\"SearchAction\",\"target\":{\"@type\":\"EntryPoint\",\"urlTemplate\":\"https:\\\/\\\/marktxxl.de\\\/markt\\\/?s={search_term_string}\"},\"query-input\":{\"@type\":\"PropertyValueSpecification\",\"valueRequired\":true,\"valueName\":\"search_term_string\"}}],\"inLanguage\":\"de\"},{\"@type\":\"Organization\",\"@id\":\"https:\\\/\\\/marktxxl.de\\\/markt\\\/#organization\",\"name\":\"Markt-XXL\",\"url\":\"https:\\\/\\\/marktxxl.de\\\/markt\\\/\",\"logo\":{\"@type\":\"ImageObject\",\"inLanguage\":\"de\",\"@id\":\"https:\\\/\\\/marktxxl.de\\\/markt\\\/#\\\/schema\\\/logo\\\/image\\\/\",\"url\":\"https:\\\/\\\/marktxxl.de\\\/markt\\\/wp-content\\\/uploads\\\/sites\\\/3\\\/2020\\\/12\\\/logo.png\",\"contentUrl\":\"https:\\\/\\\/marktxxl.de\\\/markt\\\/wp-content\\\/uploads\\\/sites\\\/3\\\/2020\\\/12\\\/logo.png\",\"width\":200,\"height\":70,\"caption\":\"Markt-XXL\"},\"image\":{\"@id\":\"https:\\\/\\\/marktxxl.de\\\/markt\\\/#\\\/schema\\\/logo\\\/image\\\/\"}}]}<\/script>\n<!-- \/ Yoast SEO plugin. -->","yoast_head_json":{"title":"twinkly Strings 250 (TWS250STP-BEU) Smart Christmas tree lights 250 LED RGB 20 m - Markt-XXL","description":"Markt-XXL twinkly Strings 250 (TWS250STP-BEU) Smart Christmas tree lights 250 LED RGB 20 m","robots":{"index":"index","follow":"follow","max-snippet":"max-snippet:-1","max-image-preview":"max-image-preview:large","max-video-preview":"max-video-preview:-1"},"canonical":"https:\/\/marktxxl.de\/markt\/produkt\/twinkly-strings-250-tws250stp-beu-smart-christmas-tree-lights-250-led-rgb-20-m\/","og_locale":"de_DE","og_type":"article","og_title":"twinkly Strings 250 (TWS250STP-BEU) Smart Christmas tree lights 250 LED RGB 20 m - Markt-XXL","og_description":"Markt-XXL twinkly Strings 250 (TWS250STP-BEU) Smart Christmas tree lights 250 LED RGB 20 m","og_url":"https:\/\/marktxxl.de\/markt\/produkt\/twinkly-strings-250-tws250stp-beu-smart-christmas-tree-lights-250-led-rgb-20-m\/","og_site_name":"Markt-XXL","twitter_card":"summary_large_image","twitter_misc":{"Gesch\u00e4tzte Lesezeit":"1\u00a0Minute"},"schema":{"@context":"https:\/\/schema.org","@graph":[{"@type":"WebPage","@id":"https:\/\/marktxxl.de\/markt\/produkt\/twinkly-strings-250-tws250stp-beu-smart-christmas-tree-lights-250-led-rgb-20-m\/","url":"https:\/\/marktxxl.de\/markt\/produkt\/twinkly-strings-250-tws250stp-beu-smart-christmas-tree-lights-250-led-rgb-20-m\/","name":"twinkly Strings 250 (TWS250STP-BEU) Smart Christmas tree lights 250 LED RGB 20 m - Markt-XXL","isPartOf":{"@id":"https:\/\/marktxxl.de\/markt\/#website"},"primaryImageOfPage":{"@id":"https:\/\/marktxxl.de\/markt\/produkt\/twinkly-strings-250-tws250stp-beu-smart-christmas-tree-lights-250-led-rgb-20-m\/#primaryimage"},"image":{"@id":"https:\/\/marktxxl.de\/markt\/produkt\/twinkly-strings-250-tws250stp-beu-smart-christmas-tree-lights-250-led-rgb-20-m\/#primaryimage"},"thumbnailUrl":"https:\/\/m.media-amazon.com\/images\/I\/41-XwYvoonL._SL500_.jpg","datePublished":"2024-05-29T13:05:19+00:00","description":"Markt-XXL twinkly Strings 250 (TWS250STP-BEU) Smart Christmas tree lights 250 LED RGB 20 m","breadcrumb":{"@id":"https:\/\/marktxxl.de\/markt\/produkt\/twinkly-strings-250-tws250stp-beu-smart-christmas-tree-lights-250-led-rgb-20-m\/#breadcrumb"},"inLanguage":"de","potentialAction":[{"@type":"ReadAction","target":["https:\/\/marktxxl.de\/markt\/produkt\/twinkly-strings-250-tws250stp-beu-smart-christmas-tree-lights-250-led-rgb-20-m\/"]}]},{"@type":"ImageObject","inLanguage":"de","@id":"https:\/\/marktxxl.de\/markt\/produkt\/twinkly-strings-250-tws250stp-beu-smart-christmas-tree-lights-250-led-rgb-20-m\/#primaryimage","url":"https:\/\/m.media-amazon.com\/images\/I\/41-XwYvoonL._SL500_.jpg","contentUrl":"https:\/\/m.media-amazon.com\/images\/I\/41-XwYvoonL._SL500_.jpg","width":500,"height":500},{"@type":"BreadcrumbList","@id":"https:\/\/marktxxl.de\/markt\/produkt\/twinkly-strings-250-tws250stp-beu-smart-christmas-tree-lights-250-led-rgb-20-m\/#breadcrumb","itemListElement":[{"@type":"ListItem","position":1,"name":"Startseite","item":"https:\/\/marktxxl.de\/markt\/"},{"@type":"ListItem","position":2,"name":"Markt","item":"https:\/\/marktxxl.de\/markt\/"},{"@type":"ListItem","position":3,"name":"twinkly Strings 250 (TWS250STP-BEU) Smart Christmas tree lights 250 LED RGB 20 m"}]},{"@type":"WebSite","@id":"https:\/\/marktxxl.de\/markt\/#website","url":"https:\/\/marktxxl.de\/markt\/","name":"Markt-XXL","description":"Ihr Markt Online","publisher":{"@id":"https:\/\/marktxxl.de\/markt\/#organization"},"potentialAction":[{"@type":"SearchAction","target":{"@type":"EntryPoint","urlTemplate":"https:\/\/marktxxl.de\/markt\/?s={search_term_string}"},"query-input":{"@type":"PropertyValueSpecification","valueRequired":true,"valueName":"search_term_string"}}],"inLanguage":"de"},{"@type":"Organization","@id":"https:\/\/marktxxl.de\/markt\/#organization","name":"Markt-XXL","url":"https:\/\/marktxxl.de\/markt\/","logo":{"@type":"ImageObject","inLanguage":"de","@id":"https:\/\/marktxxl.de\/markt\/#\/schema\/logo\/image\/","url":"https:\/\/marktxxl.de\/markt\/wp-content\/uploads\/sites\/3\/2020\/12\/logo.png","contentUrl":"https:\/\/marktxxl.de\/markt\/wp-content\/uploads\/sites\/3\/2020\/12\/logo.png","width":200,"height":70,"caption":"Markt-XXL"},"image":{"@id":"https:\/\/marktxxl.de\/markt\/#\/schema\/logo\/image\/"}}]}},"_links":{"self":[{"href":"https:\/\/marktxxl.de\/markt\/wp-json\/wp\/v2\/product\/210350","targetHints":{"allow":["GET"]}}],"collection":[{"href":"https:\/\/marktxxl.de\/markt\/wp-json\/wp\/v2\/product"}],"about":[{"href":"https:\/\/marktxxl.de\/markt\/wp-json\/wp\/v2\/types\/product"}],"replies":[{"embeddable":true,"href":"https:\/\/marktxxl.de\/markt\/wp-json\/wp\/v2\/comments?post=210350"}],"wp:featuredmedia":[{"embeddable":true,"href":"https:\/\/marktxxl.de\/markt\/wp-json\/wp\/v2\/media\/210351"}],"wp:attachment":[{"href":"https:\/\/marktxxl.de\/markt\/wp-json\/wp\/v2\/media?parent=210350"}],"wp:term":[{"taxonomy":"product_brand","embeddable":true,"href":"https:\/\/marktxxl.de\/markt\/wp-json\/wp\/v2\/product_brand?post=210350"},{"taxonomy":"product_cat","embeddable":true,"href":"https:\/\/marktxxl.de\/markt\/wp-json\/wp\/v2\/product_cat?post=210350"},{"taxonomy":"product_tag","embeddable":true,"href":"https:\/\/marktxxl.de\/markt\/wp-json\/wp\/v2\/product_tag?post=210350"}],"curies":[{"name":"wp","href":"https:\/\/api.w.org\/{rel}","templated":true}]}}