{"id":210334,"date":"2024-05-29T15:05:11","date_gmt":"2024-05-29T13:05:11","guid":{"rendered":"https:\/\/marktxxl.de\/markt\/produkt\/30m-lichterkette-aussen-led-lichterkette-gluehbirnen-aussen-g40-53er-warmweiss-ip44-wasserdicht-gluehbirnen-girland-lichterkette-fuer-garten-terrasse-hochzeit-party-weihnachten\/"},"modified":"2024-05-29T15:05:11","modified_gmt":"2024-05-29T13:05:11","slug":"30m-lichterkette-aussen-led-lichterkette-gluehbirnen-aussen-g40-53er-warmweiss-ip44-wasserdicht-gluehbirnen-girland-lichterkette-fuer-garten-terrasse-hochzeit-party-weihnachten","status":"publish","type":"product","link":"https:\/\/marktxxl.de\/markt\/produkt\/30m-lichterkette-aussen-led-lichterkette-gluehbirnen-aussen-g40-53er-warmweiss-ip44-wasserdicht-gluehbirnen-girland-lichterkette-fuer-garten-terrasse-hochzeit-party-weihnachten\/","title":{"rendered":"30M Lichterkette Au\u00dfen LED Lichterkette Gl\u00fchbirnen Aussen G40 53er Warmwei\u00df IP44 Wasserdicht Gl\u00fchbirnen Girland Lichterkette f\u00fcr Garten Terrasse Hochzeit Party Weihnachten"},"content":{"rendered":"<p>lichterkette au\u00dfen &#8211; outdoor lichterkette Jede LED-Lampe verbraucht nur 0,6 W, das Lumen entspricht einer 7-W-Wolframbirne. Das bedeutet, dass unsere Terrassenleuchten bei gleicher Helligkeit Ihr Geld bei der Stromrechnung sparen k\u00f6nnen<br \/>\nled lichterkette au\u00dfen &#8211; lichterkette au\u00dfen strom, LED-Au\u00dfenlichterketten bestehen aus hochwertigen bruchsicheren LED-PET-Gl\u00fchbirnen anstelle von traditionellen zerbrechlichen Wolframbirnen<br \/>\nlichterkette gl\u00fchbirnen end-to-end-SERIENVERBINDUNG &#8211; lichterkette garten Die L\u00e4nge der Gartenlichterkette betr\u00e4gt 30 m, Sie k\u00f6nnen je nach Bedarf bis zu 14 Str\u00e4nge anschlie\u00dfen (nicht mehr als 432 W)<br \/>\ngl\u00fchbirnen lichterkette IP44 wasserdichtes bruchsicheres Bronzekabel &#8211; LED-Lichterketten mit hoher Flexibilit\u00e4t, halten hohen Temperaturen, Frostwetter stand, sind wasserdicht und bruchsicher, um die physische und elektrische Sicherheit zu gew\u00e4hrleisten<br \/>\nEnergiesparende Lichterkette f\u00fcr den Au\u00dfenbereich, die eine fantastische Atmosph\u00e4re schafft, mit 2 Jahren Garantie, Wir werden innerhalb von 8 Stunden antworten, wenn Sie uns eine Nachricht mit Fragen senden<br \/>\n<div class=\"main-cross-sell\" data-asin=\"B0B3D9FRN4\">\n\n\t<div class=\"WooZone-cross-sell-loader\">\n\t\t<div>\n\t\t\t<div id=\"floatingBarsG\">\n\t\t\t\t<div class=\"blockG\" id=\"rotateG_01\"><\/div>\n\t\t\t\t<div class=\"blockG\" id=\"rotateG_02\"><\/div>\n\t\t\t\t<div class=\"blockG\" id=\"rotateG_03\"><\/div>\n\t\t\t\t<div class=\"blockG\" id=\"rotateG_04\"><\/div>\n\t\t\t\t<div class=\"blockG\" id=\"rotateG_05\"><\/div>\n\t\t\t\t<div class=\"blockG\" id=\"rotateG_06\"><\/div>\n\t\t\t\t<div class=\"blockG\" id=\"rotateG_07\"><\/div>\n\t\t\t\t<div class=\"blockG\" id=\"rotateG_08\"><\/div>\n\t\t\t<\/div>\n\t\t\t<div class=\"WooZone-cross-sell-loader-text\"><\/div>\n\t\t<\/div>\n\t<\/div>\n\n\t\t\n<\/div>\n<div style=\"clear:both;\"><\/div><\/p>\n","protected":false},"excerpt":{"rendered":"<p>lichterkette au\u00dfen &#8211; outdoor lichterkette Jede LED-Lampe verbraucht nur 0,6 W, das Lumen entspricht einer 7-W-Wolframbirne. Das bedeutet, dass unsere Terrassenleuchten bei gleicher Helligkeit Ihr Geld bei der Stromrechnung sparen k\u00f6nnen<br \/>\nled lichterkette au\u00dfen &#8211; lichterkette au\u00dfen strom, LED-Au\u00dfenlichterketten bestehen aus hochwertigen bruchsicheren LED-PET-Gl\u00fchbirnen anstelle von traditionellen zerbrechlichen Wolframbirnen<br \/>\nlichterkette gl\u00fchbirnen end-to-end-SERIENVERBINDUNG &#8211; lichterkette garten Die L\u00e4nge der Gartenlichterkette betr\u00e4gt 30 m, Sie k\u00f6nnen je nach Bedarf bis zu 14 Str\u00e4nge anschlie\u00dfen (nicht mehr als 432 W)<\/p>\n","protected":false},"featured_media":210335,"comment_status":"open","ping_status":"closed","template":"","meta":[],"product_brand":[],"product_cat":[2108,15622],"product_tag":[],"class_list":{"0":"post-210334","1":"product","2":"type-product","3":"status-publish","4":"has-post-thumbnail","6":"product_cat-beleuchtung","7":"product_cat-lichterketten","8":"pa_binding-werkzeug","9":"pa_brand-meidaoduo","10":"pa_color-white","11":"pa_height-2-755905509-zoll","12":"pa_languages-unbekannt-scandinavian-languages-unbekannt-belgisch-unbekannt-latin-spanish","13":"pa_length-1181-1-zoll","14":"pa_manufacturer-meidaoduo","15":"pa_model-md10050-tx20b0-g40sr27","16":"pa_size-30-meter","17":"pa_warranty-2-years-after-purchase","18":"pa_weight-2-9101018584-pounds","19":"pa_width-1-574803148-zoll","21":"first","22":"instock","23":"sale","24":"shipping-taxable","25":"purchasable","26":"product-type-simple","27":"customify-col","28":"product-has-gallery"},"yoast_head":"<!-- This site is optimized with the Yoast SEO plugin v27.4 - https:\/\/yoast.com\/product\/yoast-seo-wordpress\/ -->\n<title>30M Lichterkette Au\u00dfen LED Lichterkette Gl\u00fchbirnen Aussen G40 53er Warmwei\u00df IP44 Wasserdicht Gl\u00fchbirnen Girland Lichterkette f\u00fcr Garten Terrasse Hochzeit Party Weihnachten - Markt-XXL<\/title>\n<meta name=\"description\" content=\"Markt-XXL 30M Lichterkette Au\u00dfen LED Lichterkette Gl\u00fchbirnen Aussen G40 53er Warmwei\u00df IP44 Wasserdicht Gl\u00fchbirnen Girland Lichterkette f\u00fcr Garten Terrasse Hochzeit Party Weihnachten\" \/>\n<meta name=\"robots\" content=\"index, follow, max-snippet:-1, max-image-preview:large, max-video-preview:-1\" \/>\n<link rel=\"canonical\" href=\"https:\/\/marktxxl.de\/markt\/produkt\/30m-lichterkette-aussen-led-lichterkette-gluehbirnen-aussen-g40-53er-warmweiss-ip44-wasserdicht-gluehbirnen-girland-lichterkette-fuer-garten-terrasse-hochzeit-party-weihnachten\/\" \/>\n<meta property=\"og:locale\" content=\"de_DE\" \/>\n<meta property=\"og:type\" content=\"article\" \/>\n<meta property=\"og:title\" content=\"30M Lichterkette Au\u00dfen LED Lichterkette Gl\u00fchbirnen Aussen G40 53er Warmwei\u00df IP44 Wasserdicht Gl\u00fchbirnen Girland Lichterkette f\u00fcr Garten Terrasse Hochzeit Party Weihnachten - Markt-XXL\" \/>\n<meta property=\"og:description\" content=\"Markt-XXL 30M Lichterkette Au\u00dfen LED Lichterkette Gl\u00fchbirnen Aussen G40 53er Warmwei\u00df IP44 Wasserdicht Gl\u00fchbirnen Girland Lichterkette f\u00fcr Garten Terrasse Hochzeit Party Weihnachten\" \/>\n<meta property=\"og:url\" content=\"https:\/\/marktxxl.de\/markt\/produkt\/30m-lichterkette-aussen-led-lichterkette-gluehbirnen-aussen-g40-53er-warmweiss-ip44-wasserdicht-gluehbirnen-girland-lichterkette-fuer-garten-terrasse-hochzeit-party-weihnachten\/\" \/>\n<meta property=\"og:site_name\" content=\"Markt-XXL\" \/>\n<meta name=\"twitter:card\" content=\"summary_large_image\" \/>\n<meta name=\"twitter:label1\" content=\"Gesch\u00e4tzte Lesezeit\" \/>\n\t<meta name=\"twitter:data1\" content=\"1\u00a0Minute\" \/>\n<script type=\"application\/ld+json\" class=\"yoast-schema-graph\">{\"@context\":\"https:\\\/\\\/schema.org\",\"@graph\":[{\"@type\":\"WebPage\",\"@id\":\"https:\\\/\\\/marktxxl.de\\\/markt\\\/produkt\\\/30m-lichterkette-aussen-led-lichterkette-gluehbirnen-aussen-g40-53er-warmweiss-ip44-wasserdicht-gluehbirnen-girland-lichterkette-fuer-garten-terrasse-hochzeit-party-weihnachten\\\/\",\"url\":\"https:\\\/\\\/marktxxl.de\\\/markt\\\/produkt\\\/30m-lichterkette-aussen-led-lichterkette-gluehbirnen-aussen-g40-53er-warmweiss-ip44-wasserdicht-gluehbirnen-girland-lichterkette-fuer-garten-terrasse-hochzeit-party-weihnachten\\\/\",\"name\":\"30M Lichterkette Au\u00dfen LED Lichterkette Gl\u00fchbirnen Aussen G40 53er Warmwei\u00df IP44 Wasserdicht Gl\u00fchbirnen Girland Lichterkette f\u00fcr Garten Terrasse Hochzeit Party Weihnachten - Markt-XXL\",\"isPartOf\":{\"@id\":\"https:\\\/\\\/marktxxl.de\\\/markt\\\/#website\"},\"primaryImageOfPage\":{\"@id\":\"https:\\\/\\\/marktxxl.de\\\/markt\\\/produkt\\\/30m-lichterkette-aussen-led-lichterkette-gluehbirnen-aussen-g40-53er-warmweiss-ip44-wasserdicht-gluehbirnen-girland-lichterkette-fuer-garten-terrasse-hochzeit-party-weihnachten\\\/#primaryimage\"},\"image\":{\"@id\":\"https:\\\/\\\/marktxxl.de\\\/markt\\\/produkt\\\/30m-lichterkette-aussen-led-lichterkette-gluehbirnen-aussen-g40-53er-warmweiss-ip44-wasserdicht-gluehbirnen-girland-lichterkette-fuer-garten-terrasse-hochzeit-party-weihnachten\\\/#primaryimage\"},\"thumbnailUrl\":\"https:\\\/\\\/m.media-amazon.com\\\/images\\\/I\\\/51I3AG8h6uL._SL500_.jpg\",\"datePublished\":\"2024-05-29T13:05:11+00:00\",\"description\":\"Markt-XXL 30M Lichterkette Au\u00dfen LED Lichterkette Gl\u00fchbirnen Aussen G40 53er Warmwei\u00df IP44 Wasserdicht Gl\u00fchbirnen Girland Lichterkette f\u00fcr Garten Terrasse Hochzeit Party Weihnachten\",\"breadcrumb\":{\"@id\":\"https:\\\/\\\/marktxxl.de\\\/markt\\\/produkt\\\/30m-lichterkette-aussen-led-lichterkette-gluehbirnen-aussen-g40-53er-warmweiss-ip44-wasserdicht-gluehbirnen-girland-lichterkette-fuer-garten-terrasse-hochzeit-party-weihnachten\\\/#breadcrumb\"},\"inLanguage\":\"de\",\"potentialAction\":[{\"@type\":\"ReadAction\",\"target\":[\"https:\\\/\\\/marktxxl.de\\\/markt\\\/produkt\\\/30m-lichterkette-aussen-led-lichterkette-gluehbirnen-aussen-g40-53er-warmweiss-ip44-wasserdicht-gluehbirnen-girland-lichterkette-fuer-garten-terrasse-hochzeit-party-weihnachten\\\/\"]}]},{\"@type\":\"ImageObject\",\"inLanguage\":\"de\",\"@id\":\"https:\\\/\\\/marktxxl.de\\\/markt\\\/produkt\\\/30m-lichterkette-aussen-led-lichterkette-gluehbirnen-aussen-g40-53er-warmweiss-ip44-wasserdicht-gluehbirnen-girland-lichterkette-fuer-garten-terrasse-hochzeit-party-weihnachten\\\/#primaryimage\",\"url\":\"https:\\\/\\\/m.media-amazon.com\\\/images\\\/I\\\/51I3AG8h6uL._SL500_.jpg\",\"contentUrl\":\"https:\\\/\\\/m.media-amazon.com\\\/images\\\/I\\\/51I3AG8h6uL._SL500_.jpg\",\"width\":500,\"height\":500},{\"@type\":\"BreadcrumbList\",\"@id\":\"https:\\\/\\\/marktxxl.de\\\/markt\\\/produkt\\\/30m-lichterkette-aussen-led-lichterkette-gluehbirnen-aussen-g40-53er-warmweiss-ip44-wasserdicht-gluehbirnen-girland-lichterkette-fuer-garten-terrasse-hochzeit-party-weihnachten\\\/#breadcrumb\",\"itemListElement\":[{\"@type\":\"ListItem\",\"position\":1,\"name\":\"Startseite\",\"item\":\"https:\\\/\\\/marktxxl.de\\\/markt\\\/\"},{\"@type\":\"ListItem\",\"position\":2,\"name\":\"Markt\",\"item\":\"https:\\\/\\\/marktxxl.de\\\/markt\\\/\"},{\"@type\":\"ListItem\",\"position\":3,\"name\":\"30M Lichterkette Au\u00dfen LED Lichterkette Gl\u00fchbirnen Aussen G40 53er Warmwei\u00df IP44 Wasserdicht Gl\u00fchbirnen Girland Lichterkette f\u00fcr Garten Terrasse Hochzeit Party Weihnachten\"}]},{\"@type\":\"WebSite\",\"@id\":\"https:\\\/\\\/marktxxl.de\\\/markt\\\/#website\",\"url\":\"https:\\\/\\\/marktxxl.de\\\/markt\\\/\",\"name\":\"Markt-XXL\",\"description\":\"Ihr Markt Online\",\"publisher\":{\"@id\":\"https:\\\/\\\/marktxxl.de\\\/markt\\\/#organization\"},\"potentialAction\":[{\"@type\":\"SearchAction\",\"target\":{\"@type\":\"EntryPoint\",\"urlTemplate\":\"https:\\\/\\\/marktxxl.de\\\/markt\\\/?s={search_term_string}\"},\"query-input\":{\"@type\":\"PropertyValueSpecification\",\"valueRequired\":true,\"valueName\":\"search_term_string\"}}],\"inLanguage\":\"de\"},{\"@type\":\"Organization\",\"@id\":\"https:\\\/\\\/marktxxl.de\\\/markt\\\/#organization\",\"name\":\"Markt-XXL\",\"url\":\"https:\\\/\\\/marktxxl.de\\\/markt\\\/\",\"logo\":{\"@type\":\"ImageObject\",\"inLanguage\":\"de\",\"@id\":\"https:\\\/\\\/marktxxl.de\\\/markt\\\/#\\\/schema\\\/logo\\\/image\\\/\",\"url\":\"https:\\\/\\\/marktxxl.de\\\/markt\\\/wp-content\\\/uploads\\\/sites\\\/3\\\/2020\\\/12\\\/logo.png\",\"contentUrl\":\"https:\\\/\\\/marktxxl.de\\\/markt\\\/wp-content\\\/uploads\\\/sites\\\/3\\\/2020\\\/12\\\/logo.png\",\"width\":200,\"height\":70,\"caption\":\"Markt-XXL\"},\"image\":{\"@id\":\"https:\\\/\\\/marktxxl.de\\\/markt\\\/#\\\/schema\\\/logo\\\/image\\\/\"}}]}<\/script>\n<!-- \/ Yoast SEO plugin. -->","yoast_head_json":{"title":"30M Lichterkette Au\u00dfen LED Lichterkette Gl\u00fchbirnen Aussen G40 53er Warmwei\u00df IP44 Wasserdicht Gl\u00fchbirnen Girland Lichterkette f\u00fcr Garten Terrasse Hochzeit Party Weihnachten - Markt-XXL","description":"Markt-XXL 30M Lichterkette Au\u00dfen LED Lichterkette Gl\u00fchbirnen Aussen G40 53er Warmwei\u00df IP44 Wasserdicht Gl\u00fchbirnen Girland Lichterkette f\u00fcr Garten Terrasse Hochzeit Party Weihnachten","robots":{"index":"index","follow":"follow","max-snippet":"max-snippet:-1","max-image-preview":"max-image-preview:large","max-video-preview":"max-video-preview:-1"},"canonical":"https:\/\/marktxxl.de\/markt\/produkt\/30m-lichterkette-aussen-led-lichterkette-gluehbirnen-aussen-g40-53er-warmweiss-ip44-wasserdicht-gluehbirnen-girland-lichterkette-fuer-garten-terrasse-hochzeit-party-weihnachten\/","og_locale":"de_DE","og_type":"article","og_title":"30M Lichterkette Au\u00dfen LED Lichterkette Gl\u00fchbirnen Aussen G40 53er Warmwei\u00df IP44 Wasserdicht Gl\u00fchbirnen Girland Lichterkette f\u00fcr Garten Terrasse Hochzeit Party Weihnachten - Markt-XXL","og_description":"Markt-XXL 30M Lichterkette Au\u00dfen LED Lichterkette Gl\u00fchbirnen Aussen G40 53er Warmwei\u00df IP44 Wasserdicht Gl\u00fchbirnen Girland Lichterkette f\u00fcr Garten Terrasse Hochzeit Party Weihnachten","og_url":"https:\/\/marktxxl.de\/markt\/produkt\/30m-lichterkette-aussen-led-lichterkette-gluehbirnen-aussen-g40-53er-warmweiss-ip44-wasserdicht-gluehbirnen-girland-lichterkette-fuer-garten-terrasse-hochzeit-party-weihnachten\/","og_site_name":"Markt-XXL","twitter_card":"summary_large_image","twitter_misc":{"Gesch\u00e4tzte Lesezeit":"1\u00a0Minute"},"schema":{"@context":"https:\/\/schema.org","@graph":[{"@type":"WebPage","@id":"https:\/\/marktxxl.de\/markt\/produkt\/30m-lichterkette-aussen-led-lichterkette-gluehbirnen-aussen-g40-53er-warmweiss-ip44-wasserdicht-gluehbirnen-girland-lichterkette-fuer-garten-terrasse-hochzeit-party-weihnachten\/","url":"https:\/\/marktxxl.de\/markt\/produkt\/30m-lichterkette-aussen-led-lichterkette-gluehbirnen-aussen-g40-53er-warmweiss-ip44-wasserdicht-gluehbirnen-girland-lichterkette-fuer-garten-terrasse-hochzeit-party-weihnachten\/","name":"30M Lichterkette Au\u00dfen LED Lichterkette Gl\u00fchbirnen Aussen G40 53er Warmwei\u00df IP44 Wasserdicht Gl\u00fchbirnen Girland Lichterkette f\u00fcr Garten Terrasse Hochzeit Party Weihnachten - Markt-XXL","isPartOf":{"@id":"https:\/\/marktxxl.de\/markt\/#website"},"primaryImageOfPage":{"@id":"https:\/\/marktxxl.de\/markt\/produkt\/30m-lichterkette-aussen-led-lichterkette-gluehbirnen-aussen-g40-53er-warmweiss-ip44-wasserdicht-gluehbirnen-girland-lichterkette-fuer-garten-terrasse-hochzeit-party-weihnachten\/#primaryimage"},"image":{"@id":"https:\/\/marktxxl.de\/markt\/produkt\/30m-lichterkette-aussen-led-lichterkette-gluehbirnen-aussen-g40-53er-warmweiss-ip44-wasserdicht-gluehbirnen-girland-lichterkette-fuer-garten-terrasse-hochzeit-party-weihnachten\/#primaryimage"},"thumbnailUrl":"https:\/\/m.media-amazon.com\/images\/I\/51I3AG8h6uL._SL500_.jpg","datePublished":"2024-05-29T13:05:11+00:00","description":"Markt-XXL 30M Lichterkette Au\u00dfen LED Lichterkette Gl\u00fchbirnen Aussen G40 53er Warmwei\u00df IP44 Wasserdicht Gl\u00fchbirnen Girland Lichterkette f\u00fcr Garten Terrasse Hochzeit Party Weihnachten","breadcrumb":{"@id":"https:\/\/marktxxl.de\/markt\/produkt\/30m-lichterkette-aussen-led-lichterkette-gluehbirnen-aussen-g40-53er-warmweiss-ip44-wasserdicht-gluehbirnen-girland-lichterkette-fuer-garten-terrasse-hochzeit-party-weihnachten\/#breadcrumb"},"inLanguage":"de","potentialAction":[{"@type":"ReadAction","target":["https:\/\/marktxxl.de\/markt\/produkt\/30m-lichterkette-aussen-led-lichterkette-gluehbirnen-aussen-g40-53er-warmweiss-ip44-wasserdicht-gluehbirnen-girland-lichterkette-fuer-garten-terrasse-hochzeit-party-weihnachten\/"]}]},{"@type":"ImageObject","inLanguage":"de","@id":"https:\/\/marktxxl.de\/markt\/produkt\/30m-lichterkette-aussen-led-lichterkette-gluehbirnen-aussen-g40-53er-warmweiss-ip44-wasserdicht-gluehbirnen-girland-lichterkette-fuer-garten-terrasse-hochzeit-party-weihnachten\/#primaryimage","url":"https:\/\/m.media-amazon.com\/images\/I\/51I3AG8h6uL._SL500_.jpg","contentUrl":"https:\/\/m.media-amazon.com\/images\/I\/51I3AG8h6uL._SL500_.jpg","width":500,"height":500},{"@type":"BreadcrumbList","@id":"https:\/\/marktxxl.de\/markt\/produkt\/30m-lichterkette-aussen-led-lichterkette-gluehbirnen-aussen-g40-53er-warmweiss-ip44-wasserdicht-gluehbirnen-girland-lichterkette-fuer-garten-terrasse-hochzeit-party-weihnachten\/#breadcrumb","itemListElement":[{"@type":"ListItem","position":1,"name":"Startseite","item":"https:\/\/marktxxl.de\/markt\/"},{"@type":"ListItem","position":2,"name":"Markt","item":"https:\/\/marktxxl.de\/markt\/"},{"@type":"ListItem","position":3,"name":"30M Lichterkette Au\u00dfen LED Lichterkette Gl\u00fchbirnen Aussen G40 53er Warmwei\u00df IP44 Wasserdicht Gl\u00fchbirnen Girland Lichterkette f\u00fcr Garten Terrasse Hochzeit Party Weihnachten"}]},{"@type":"WebSite","@id":"https:\/\/marktxxl.de\/markt\/#website","url":"https:\/\/marktxxl.de\/markt\/","name":"Markt-XXL","description":"Ihr Markt Online","publisher":{"@id":"https:\/\/marktxxl.de\/markt\/#organization"},"potentialAction":[{"@type":"SearchAction","target":{"@type":"EntryPoint","urlTemplate":"https:\/\/marktxxl.de\/markt\/?s={search_term_string}"},"query-input":{"@type":"PropertyValueSpecification","valueRequired":true,"valueName":"search_term_string"}}],"inLanguage":"de"},{"@type":"Organization","@id":"https:\/\/marktxxl.de\/markt\/#organization","name":"Markt-XXL","url":"https:\/\/marktxxl.de\/markt\/","logo":{"@type":"ImageObject","inLanguage":"de","@id":"https:\/\/marktxxl.de\/markt\/#\/schema\/logo\/image\/","url":"https:\/\/marktxxl.de\/markt\/wp-content\/uploads\/sites\/3\/2020\/12\/logo.png","contentUrl":"https:\/\/marktxxl.de\/markt\/wp-content\/uploads\/sites\/3\/2020\/12\/logo.png","width":200,"height":70,"caption":"Markt-XXL"},"image":{"@id":"https:\/\/marktxxl.de\/markt\/#\/schema\/logo\/image\/"}}]}},"_links":{"self":[{"href":"https:\/\/marktxxl.de\/markt\/wp-json\/wp\/v2\/product\/210334","targetHints":{"allow":["GET"]}}],"collection":[{"href":"https:\/\/marktxxl.de\/markt\/wp-json\/wp\/v2\/product"}],"about":[{"href":"https:\/\/marktxxl.de\/markt\/wp-json\/wp\/v2\/types\/product"}],"replies":[{"embeddable":true,"href":"https:\/\/marktxxl.de\/markt\/wp-json\/wp\/v2\/comments?post=210334"}],"wp:featuredmedia":[{"embeddable":true,"href":"https:\/\/marktxxl.de\/markt\/wp-json\/wp\/v2\/media\/210335"}],"wp:attachment":[{"href":"https:\/\/marktxxl.de\/markt\/wp-json\/wp\/v2\/media?parent=210334"}],"wp:term":[{"taxonomy":"product_brand","embeddable":true,"href":"https:\/\/marktxxl.de\/markt\/wp-json\/wp\/v2\/product_brand?post=210334"},{"taxonomy":"product_cat","embeddable":true,"href":"https:\/\/marktxxl.de\/markt\/wp-json\/wp\/v2\/product_cat?post=210334"},{"taxonomy":"product_tag","embeddable":true,"href":"https:\/\/marktxxl.de\/markt\/wp-json\/wp\/v2\/product_tag?post=210334"}],"curies":[{"name":"wp","href":"https:\/\/api.w.org\/{rel}","templated":true}]}}