{"id":210324,"date":"2024-05-29T15:05:04","date_gmt":"2024-05-29T13:05:04","guid":{"rendered":"https:\/\/marktxxl.de\/markt\/produkt\/hugsvik-lichterkette-mit-50-leds-batteriebetrieben-st-patricks-day-8-modi-kleeblatt-lichterkette-fuer-st-patricks-day-dekoration-fuer-partys-zimmer-kamin-balkon-terrasse\/"},"modified":"2024-05-29T15:05:04","modified_gmt":"2024-05-29T13:05:04","slug":"hugsvik-lichterkette-mit-50-leds-batteriebetrieben-st-patricks-day-8-modi-kleeblatt-lichterkette-fuer-st-patricks-day-dekoration-fuer-partys-zimmer-kamin-balkon-terrasse","status":"publish","type":"product","link":"https:\/\/marktxxl.de\/markt\/produkt\/hugsvik-lichterkette-mit-50-leds-batteriebetrieben-st-patricks-day-8-modi-kleeblatt-lichterkette-fuer-st-patricks-day-dekoration-fuer-partys-zimmer-kamin-balkon-terrasse\/","title":{"rendered":"HUGSVIK Lichterkette mit 50 LEDs, batteriebetrieben, St. Patrick&#8217;s Day, 8 Modi, Kleeblatt-Lichterkette, f\u00fcr St. Patrick&#8217;s Day, Dekoration f\u00fcr Partys, Zimmer, Kamin, Balkon, Terrasse"},"content":{"rendered":"<p>\ud83c\udf40 St. Patrick&#8217;s Day Shamrock Lichter &#8212; 50 LEDs sch\u00f6ne gr\u00fcne Kleeblatt-Lichterkette, angetrieben durch 3 x AA-Batterien (nicht im Lieferumfang enthalten), ideal f\u00fcr die Dekoration von St. Patricks.<br \/>\n\ud83c\udf40 8 Beleuchtungsmodi gr\u00fcne Lichter &#8212; 8 verschiedene Beleuchtungsmuster f\u00fcr eine sch\u00f6ne Atmosph\u00e4re zu St. Patrick&#8217;s Day Partydekorationen. 8 Modi: Kombination, Wellen, Sequentiell, Slo-Glo, Chasing\/Flash, Slow Fade, Twinkle \/ Flash, Steady On.<br \/>\nEingebautes Timer-Programm &#8220;6 Stunden an, 18 Stunden aus&#8221;, Sie m\u00fcssen nicht jeden Tag ein- und ausschalten, und die gr\u00fcnen LED-Leuchten k\u00f6nnen dimmbar sein, Sie k\u00f6nnen die Helligkeitsstufen an Ihre Bed\u00fcrfnisse anpassen.<br \/>\n\ud83c\udf40 Idee f\u00fcr St. Patrick&#8217;s Day Dekorationen, perfekt f\u00fcr die Dekoration von St. Patrick&#8217;s Kranz, Kaminsims, Schlafzimmer, Fenster, Balkon, Kamin, Balkon und so weiter.<br \/>\n\ud83c\udf40 Lieferumfang: 1 x 50 LED batteriebetriebene gr\u00fcne Kleeblatt-Lichterkette und 1 x Fernbedienung, seine Gesamtl\u00e4nge betr\u00e4gt 7 m, das Kabel ist 50 cm.<br \/>\n<div class=\"main-cross-sell\" data-asin=\"B08QJLGSKD\">\n\n\t<div class=\"WooZone-cross-sell-loader\">\n\t\t<div>\n\t\t\t<div id=\"floatingBarsG\">\n\t\t\t\t<div class=\"blockG\" id=\"rotateG_01\"><\/div>\n\t\t\t\t<div class=\"blockG\" id=\"rotateG_02\"><\/div>\n\t\t\t\t<div class=\"blockG\" id=\"rotateG_03\"><\/div>\n\t\t\t\t<div class=\"blockG\" id=\"rotateG_04\"><\/div>\n\t\t\t\t<div class=\"blockG\" id=\"rotateG_05\"><\/div>\n\t\t\t\t<div class=\"blockG\" id=\"rotateG_06\"><\/div>\n\t\t\t\t<div class=\"blockG\" id=\"rotateG_07\"><\/div>\n\t\t\t\t<div class=\"blockG\" id=\"rotateG_08\"><\/div>\n\t\t\t<\/div>\n\t\t\t<div class=\"WooZone-cross-sell-loader-text\"><\/div>\n\t\t<\/div>\n\t<\/div>\n\n\t\t\n<\/div>\n<div style=\"clear:both;\"><\/div><\/p>\n","protected":false},"excerpt":{"rendered":"<p>\ud83c\udf40 St. Patrick&#8217;s Day Shamrock Lichter &#8212; 50 LEDs sch\u00f6ne gr\u00fcne Kleeblatt-Lichterkette, angetrieben durch 3 x AA-Batterien (nicht im Lieferumfang enthalten), ideal f\u00fcr die Dekoration von St. Patricks.<br \/>\n\ud83c\udf40 8 Beleuchtungsmodi gr\u00fcne Lichter &#8212; 8 verschiedene Beleuchtungsmuster f\u00fcr eine sch\u00f6ne Atmosph\u00e4re zu St. Patrick&#8217;s Day Partydekorationen. 8 Modi: Kombination, Wellen, Sequentiell, Slo-Glo, Chasing\/Flash, Slow Fade, Twinkle \/ Flash, Steady On.<br \/>\nEingebautes Timer-Programm &#8220;6 Stunden an, 18 Stunden aus&#8221;, Sie m\u00fcssen nicht jeden Tag ein- und ausschalten, und die gr\u00fcnen LED-Leuchten k\u00f6nnen dimmbar sein, Sie k\u00f6nnen die Helligkeitsstufen an Ihre Bed\u00fcrfnisse anpassen.<\/p>\n","protected":false},"featured_media":210325,"comment_status":"open","ping_status":"closed","template":"","meta":[],"product_brand":[],"product_cat":[2108,15622],"product_tag":[],"class_list":{"0":"post-210324","1":"product","2":"type-product","3":"status-publish","4":"has-post-thumbnail","6":"product_cat-beleuchtung","7":"product_cat-lichterketten","8":"pa_binding-unbekannter-einband","9":"pa_brand-hugsvik","10":"pa_color-green","11":"pa_manufacturer-hugsvik","13":"first","14":"instock","15":"shipping-taxable","16":"purchasable","17":"product-type-simple","18":"customify-col","19":"product-has-gallery"},"yoast_head":"<!-- This site is optimized with the Yoast SEO plugin v27.3 - https:\/\/yoast.com\/product\/yoast-seo-wordpress\/ -->\n<title>HUGSVIK Lichterkette mit 50 LEDs, batteriebetrieben, St. Patrick&#039;s Day, 8 Modi, Kleeblatt-Lichterkette, f\u00fcr St. Patrick&#039;s Day, Dekoration f\u00fcr Partys, Zimmer, Kamin, Balkon, Terrasse - Markt-XXL<\/title>\n<meta name=\"description\" content=\"Markt-XXL HUGSVIK Lichterkette mit 50 LEDs, batteriebetrieben, St. Patrick&#039;s Day, 8 Modi, Kleeblatt-Lichterkette, f\u00fcr St. Patrick&#039;s Day, Dekoration f\u00fcr Partys, Zimmer, Kamin, Balkon, Terrasse\" \/>\n<meta name=\"robots\" content=\"index, follow, max-snippet:-1, max-image-preview:large, max-video-preview:-1\" \/>\n<link rel=\"canonical\" href=\"https:\/\/marktxxl.de\/markt\/produkt\/hugsvik-lichterkette-mit-50-leds-batteriebetrieben-st-patricks-day-8-modi-kleeblatt-lichterkette-fuer-st-patricks-day-dekoration-fuer-partys-zimmer-kamin-balkon-terrasse\/\" \/>\n<meta property=\"og:locale\" content=\"de_DE\" \/>\n<meta property=\"og:type\" content=\"article\" \/>\n<meta property=\"og:title\" content=\"HUGSVIK Lichterkette mit 50 LEDs, batteriebetrieben, St. Patrick&#039;s Day, 8 Modi, Kleeblatt-Lichterkette, f\u00fcr St. Patrick&#039;s Day, Dekoration f\u00fcr Partys, Zimmer, Kamin, Balkon, Terrasse - Markt-XXL\" \/>\n<meta property=\"og:description\" content=\"Markt-XXL HUGSVIK Lichterkette mit 50 LEDs, batteriebetrieben, St. Patrick&#039;s Day, 8 Modi, Kleeblatt-Lichterkette, f\u00fcr St. Patrick&#039;s Day, Dekoration f\u00fcr Partys, Zimmer, Kamin, Balkon, Terrasse\" \/>\n<meta property=\"og:url\" content=\"https:\/\/marktxxl.de\/markt\/produkt\/hugsvik-lichterkette-mit-50-leds-batteriebetrieben-st-patricks-day-8-modi-kleeblatt-lichterkette-fuer-st-patricks-day-dekoration-fuer-partys-zimmer-kamin-balkon-terrasse\/\" \/>\n<meta property=\"og:site_name\" content=\"Markt-XXL\" \/>\n<meta name=\"twitter:card\" content=\"summary_large_image\" \/>\n<meta name=\"twitter:label1\" content=\"Gesch\u00e4tzte Lesezeit\" \/>\n\t<meta name=\"twitter:data1\" content=\"1\u00a0Minute\" \/>\n<script type=\"application\/ld+json\" class=\"yoast-schema-graph\">{\"@context\":\"https:\\\/\\\/schema.org\",\"@graph\":[{\"@type\":\"WebPage\",\"@id\":\"https:\\\/\\\/marktxxl.de\\\/markt\\\/produkt\\\/hugsvik-lichterkette-mit-50-leds-batteriebetrieben-st-patricks-day-8-modi-kleeblatt-lichterkette-fuer-st-patricks-day-dekoration-fuer-partys-zimmer-kamin-balkon-terrasse\\\/\",\"url\":\"https:\\\/\\\/marktxxl.de\\\/markt\\\/produkt\\\/hugsvik-lichterkette-mit-50-leds-batteriebetrieben-st-patricks-day-8-modi-kleeblatt-lichterkette-fuer-st-patricks-day-dekoration-fuer-partys-zimmer-kamin-balkon-terrasse\\\/\",\"name\":\"HUGSVIK Lichterkette mit 50 LEDs, batteriebetrieben, St. Patrick's Day, 8 Modi, Kleeblatt-Lichterkette, f\u00fcr St. Patrick's Day, Dekoration f\u00fcr Partys, Zimmer, Kamin, Balkon, Terrasse - Markt-XXL\",\"isPartOf\":{\"@id\":\"https:\\\/\\\/marktxxl.de\\\/markt\\\/#website\"},\"primaryImageOfPage\":{\"@id\":\"https:\\\/\\\/marktxxl.de\\\/markt\\\/produkt\\\/hugsvik-lichterkette-mit-50-leds-batteriebetrieben-st-patricks-day-8-modi-kleeblatt-lichterkette-fuer-st-patricks-day-dekoration-fuer-partys-zimmer-kamin-balkon-terrasse\\\/#primaryimage\"},\"image\":{\"@id\":\"https:\\\/\\\/marktxxl.de\\\/markt\\\/produkt\\\/hugsvik-lichterkette-mit-50-leds-batteriebetrieben-st-patricks-day-8-modi-kleeblatt-lichterkette-fuer-st-patricks-day-dekoration-fuer-partys-zimmer-kamin-balkon-terrasse\\\/#primaryimage\"},\"thumbnailUrl\":\"https:\\\/\\\/m.media-amazon.com\\\/images\\\/I\\\/41NWv3AlguL._SL500_.jpg\",\"datePublished\":\"2024-05-29T13:05:04+00:00\",\"description\":\"Markt-XXL HUGSVIK Lichterkette mit 50 LEDs, batteriebetrieben, St. Patrick's Day, 8 Modi, Kleeblatt-Lichterkette, f\u00fcr St. Patrick's Day, Dekoration f\u00fcr Partys, Zimmer, Kamin, Balkon, Terrasse\",\"breadcrumb\":{\"@id\":\"https:\\\/\\\/marktxxl.de\\\/markt\\\/produkt\\\/hugsvik-lichterkette-mit-50-leds-batteriebetrieben-st-patricks-day-8-modi-kleeblatt-lichterkette-fuer-st-patricks-day-dekoration-fuer-partys-zimmer-kamin-balkon-terrasse\\\/#breadcrumb\"},\"inLanguage\":\"de\",\"potentialAction\":[{\"@type\":\"ReadAction\",\"target\":[\"https:\\\/\\\/marktxxl.de\\\/markt\\\/produkt\\\/hugsvik-lichterkette-mit-50-leds-batteriebetrieben-st-patricks-day-8-modi-kleeblatt-lichterkette-fuer-st-patricks-day-dekoration-fuer-partys-zimmer-kamin-balkon-terrasse\\\/\"]}]},{\"@type\":\"ImageObject\",\"inLanguage\":\"de\",\"@id\":\"https:\\\/\\\/marktxxl.de\\\/markt\\\/produkt\\\/hugsvik-lichterkette-mit-50-leds-batteriebetrieben-st-patricks-day-8-modi-kleeblatt-lichterkette-fuer-st-patricks-day-dekoration-fuer-partys-zimmer-kamin-balkon-terrasse\\\/#primaryimage\",\"url\":\"https:\\\/\\\/m.media-amazon.com\\\/images\\\/I\\\/41NWv3AlguL._SL500_.jpg\",\"contentUrl\":\"https:\\\/\\\/m.media-amazon.com\\\/images\\\/I\\\/41NWv3AlguL._SL500_.jpg\",\"width\":500,\"height\":500},{\"@type\":\"BreadcrumbList\",\"@id\":\"https:\\\/\\\/marktxxl.de\\\/markt\\\/produkt\\\/hugsvik-lichterkette-mit-50-leds-batteriebetrieben-st-patricks-day-8-modi-kleeblatt-lichterkette-fuer-st-patricks-day-dekoration-fuer-partys-zimmer-kamin-balkon-terrasse\\\/#breadcrumb\",\"itemListElement\":[{\"@type\":\"ListItem\",\"position\":1,\"name\":\"Startseite\",\"item\":\"https:\\\/\\\/marktxxl.de\\\/markt\\\/\"},{\"@type\":\"ListItem\",\"position\":2,\"name\":\"Markt\",\"item\":\"https:\\\/\\\/marktxxl.de\\\/markt\\\/\"},{\"@type\":\"ListItem\",\"position\":3,\"name\":\"HUGSVIK Lichterkette mit 50 LEDs, batteriebetrieben, St. Patrick&#8217;s Day, 8 Modi, Kleeblatt-Lichterkette, f\u00fcr St. Patrick&#8217;s Day, Dekoration f\u00fcr Partys, Zimmer, Kamin, Balkon, Terrasse\"}]},{\"@type\":\"WebSite\",\"@id\":\"https:\\\/\\\/marktxxl.de\\\/markt\\\/#website\",\"url\":\"https:\\\/\\\/marktxxl.de\\\/markt\\\/\",\"name\":\"Markt-XXL\",\"description\":\"Ihr Markt Online\",\"publisher\":{\"@id\":\"https:\\\/\\\/marktxxl.de\\\/markt\\\/#organization\"},\"potentialAction\":[{\"@type\":\"SearchAction\",\"target\":{\"@type\":\"EntryPoint\",\"urlTemplate\":\"https:\\\/\\\/marktxxl.de\\\/markt\\\/?s={search_term_string}\"},\"query-input\":{\"@type\":\"PropertyValueSpecification\",\"valueRequired\":true,\"valueName\":\"search_term_string\"}}],\"inLanguage\":\"de\"},{\"@type\":\"Organization\",\"@id\":\"https:\\\/\\\/marktxxl.de\\\/markt\\\/#organization\",\"name\":\"Markt-XXL\",\"url\":\"https:\\\/\\\/marktxxl.de\\\/markt\\\/\",\"logo\":{\"@type\":\"ImageObject\",\"inLanguage\":\"de\",\"@id\":\"https:\\\/\\\/marktxxl.de\\\/markt\\\/#\\\/schema\\\/logo\\\/image\\\/\",\"url\":\"https:\\\/\\\/marktxxl.de\\\/markt\\\/wp-content\\\/uploads\\\/sites\\\/3\\\/2020\\\/12\\\/logo.png\",\"contentUrl\":\"https:\\\/\\\/marktxxl.de\\\/markt\\\/wp-content\\\/uploads\\\/sites\\\/3\\\/2020\\\/12\\\/logo.png\",\"width\":200,\"height\":70,\"caption\":\"Markt-XXL\"},\"image\":{\"@id\":\"https:\\\/\\\/marktxxl.de\\\/markt\\\/#\\\/schema\\\/logo\\\/image\\\/\"}}]}<\/script>\n<!-- \/ Yoast SEO plugin. -->","yoast_head_json":{"title":"HUGSVIK Lichterkette mit 50 LEDs, batteriebetrieben, St. Patrick's Day, 8 Modi, Kleeblatt-Lichterkette, f\u00fcr St. Patrick's Day, Dekoration f\u00fcr Partys, Zimmer, Kamin, Balkon, Terrasse - Markt-XXL","description":"Markt-XXL HUGSVIK Lichterkette mit 50 LEDs, batteriebetrieben, St. Patrick's Day, 8 Modi, Kleeblatt-Lichterkette, f\u00fcr St. Patrick's Day, Dekoration f\u00fcr Partys, Zimmer, Kamin, Balkon, Terrasse","robots":{"index":"index","follow":"follow","max-snippet":"max-snippet:-1","max-image-preview":"max-image-preview:large","max-video-preview":"max-video-preview:-1"},"canonical":"https:\/\/marktxxl.de\/markt\/produkt\/hugsvik-lichterkette-mit-50-leds-batteriebetrieben-st-patricks-day-8-modi-kleeblatt-lichterkette-fuer-st-patricks-day-dekoration-fuer-partys-zimmer-kamin-balkon-terrasse\/","og_locale":"de_DE","og_type":"article","og_title":"HUGSVIK Lichterkette mit 50 LEDs, batteriebetrieben, St. Patrick's Day, 8 Modi, Kleeblatt-Lichterkette, f\u00fcr St. Patrick's Day, Dekoration f\u00fcr Partys, Zimmer, Kamin, Balkon, Terrasse - Markt-XXL","og_description":"Markt-XXL HUGSVIK Lichterkette mit 50 LEDs, batteriebetrieben, St. Patrick's Day, 8 Modi, Kleeblatt-Lichterkette, f\u00fcr St. Patrick's Day, Dekoration f\u00fcr Partys, Zimmer, Kamin, Balkon, Terrasse","og_url":"https:\/\/marktxxl.de\/markt\/produkt\/hugsvik-lichterkette-mit-50-leds-batteriebetrieben-st-patricks-day-8-modi-kleeblatt-lichterkette-fuer-st-patricks-day-dekoration-fuer-partys-zimmer-kamin-balkon-terrasse\/","og_site_name":"Markt-XXL","twitter_card":"summary_large_image","twitter_misc":{"Gesch\u00e4tzte Lesezeit":"1\u00a0Minute"},"schema":{"@context":"https:\/\/schema.org","@graph":[{"@type":"WebPage","@id":"https:\/\/marktxxl.de\/markt\/produkt\/hugsvik-lichterkette-mit-50-leds-batteriebetrieben-st-patricks-day-8-modi-kleeblatt-lichterkette-fuer-st-patricks-day-dekoration-fuer-partys-zimmer-kamin-balkon-terrasse\/","url":"https:\/\/marktxxl.de\/markt\/produkt\/hugsvik-lichterkette-mit-50-leds-batteriebetrieben-st-patricks-day-8-modi-kleeblatt-lichterkette-fuer-st-patricks-day-dekoration-fuer-partys-zimmer-kamin-balkon-terrasse\/","name":"HUGSVIK Lichterkette mit 50 LEDs, batteriebetrieben, St. Patrick's Day, 8 Modi, Kleeblatt-Lichterkette, f\u00fcr St. Patrick's Day, Dekoration f\u00fcr Partys, Zimmer, Kamin, Balkon, Terrasse - Markt-XXL","isPartOf":{"@id":"https:\/\/marktxxl.de\/markt\/#website"},"primaryImageOfPage":{"@id":"https:\/\/marktxxl.de\/markt\/produkt\/hugsvik-lichterkette-mit-50-leds-batteriebetrieben-st-patricks-day-8-modi-kleeblatt-lichterkette-fuer-st-patricks-day-dekoration-fuer-partys-zimmer-kamin-balkon-terrasse\/#primaryimage"},"image":{"@id":"https:\/\/marktxxl.de\/markt\/produkt\/hugsvik-lichterkette-mit-50-leds-batteriebetrieben-st-patricks-day-8-modi-kleeblatt-lichterkette-fuer-st-patricks-day-dekoration-fuer-partys-zimmer-kamin-balkon-terrasse\/#primaryimage"},"thumbnailUrl":"https:\/\/m.media-amazon.com\/images\/I\/41NWv3AlguL._SL500_.jpg","datePublished":"2024-05-29T13:05:04+00:00","description":"Markt-XXL HUGSVIK Lichterkette mit 50 LEDs, batteriebetrieben, St. Patrick's Day, 8 Modi, Kleeblatt-Lichterkette, f\u00fcr St. Patrick's Day, Dekoration f\u00fcr Partys, Zimmer, Kamin, Balkon, Terrasse","breadcrumb":{"@id":"https:\/\/marktxxl.de\/markt\/produkt\/hugsvik-lichterkette-mit-50-leds-batteriebetrieben-st-patricks-day-8-modi-kleeblatt-lichterkette-fuer-st-patricks-day-dekoration-fuer-partys-zimmer-kamin-balkon-terrasse\/#breadcrumb"},"inLanguage":"de","potentialAction":[{"@type":"ReadAction","target":["https:\/\/marktxxl.de\/markt\/produkt\/hugsvik-lichterkette-mit-50-leds-batteriebetrieben-st-patricks-day-8-modi-kleeblatt-lichterkette-fuer-st-patricks-day-dekoration-fuer-partys-zimmer-kamin-balkon-terrasse\/"]}]},{"@type":"ImageObject","inLanguage":"de","@id":"https:\/\/marktxxl.de\/markt\/produkt\/hugsvik-lichterkette-mit-50-leds-batteriebetrieben-st-patricks-day-8-modi-kleeblatt-lichterkette-fuer-st-patricks-day-dekoration-fuer-partys-zimmer-kamin-balkon-terrasse\/#primaryimage","url":"https:\/\/m.media-amazon.com\/images\/I\/41NWv3AlguL._SL500_.jpg","contentUrl":"https:\/\/m.media-amazon.com\/images\/I\/41NWv3AlguL._SL500_.jpg","width":500,"height":500},{"@type":"BreadcrumbList","@id":"https:\/\/marktxxl.de\/markt\/produkt\/hugsvik-lichterkette-mit-50-leds-batteriebetrieben-st-patricks-day-8-modi-kleeblatt-lichterkette-fuer-st-patricks-day-dekoration-fuer-partys-zimmer-kamin-balkon-terrasse\/#breadcrumb","itemListElement":[{"@type":"ListItem","position":1,"name":"Startseite","item":"https:\/\/marktxxl.de\/markt\/"},{"@type":"ListItem","position":2,"name":"Markt","item":"https:\/\/marktxxl.de\/markt\/"},{"@type":"ListItem","position":3,"name":"HUGSVIK Lichterkette mit 50 LEDs, batteriebetrieben, St. Patrick&#8217;s Day, 8 Modi, Kleeblatt-Lichterkette, f\u00fcr St. Patrick&#8217;s Day, Dekoration f\u00fcr Partys, Zimmer, Kamin, Balkon, Terrasse"}]},{"@type":"WebSite","@id":"https:\/\/marktxxl.de\/markt\/#website","url":"https:\/\/marktxxl.de\/markt\/","name":"Markt-XXL","description":"Ihr Markt Online","publisher":{"@id":"https:\/\/marktxxl.de\/markt\/#organization"},"potentialAction":[{"@type":"SearchAction","target":{"@type":"EntryPoint","urlTemplate":"https:\/\/marktxxl.de\/markt\/?s={search_term_string}"},"query-input":{"@type":"PropertyValueSpecification","valueRequired":true,"valueName":"search_term_string"}}],"inLanguage":"de"},{"@type":"Organization","@id":"https:\/\/marktxxl.de\/markt\/#organization","name":"Markt-XXL","url":"https:\/\/marktxxl.de\/markt\/","logo":{"@type":"ImageObject","inLanguage":"de","@id":"https:\/\/marktxxl.de\/markt\/#\/schema\/logo\/image\/","url":"https:\/\/marktxxl.de\/markt\/wp-content\/uploads\/sites\/3\/2020\/12\/logo.png","contentUrl":"https:\/\/marktxxl.de\/markt\/wp-content\/uploads\/sites\/3\/2020\/12\/logo.png","width":200,"height":70,"caption":"Markt-XXL"},"image":{"@id":"https:\/\/marktxxl.de\/markt\/#\/schema\/logo\/image\/"}}]}},"_links":{"self":[{"href":"https:\/\/marktxxl.de\/markt\/wp-json\/wp\/v2\/product\/210324","targetHints":{"allow":["GET"]}}],"collection":[{"href":"https:\/\/marktxxl.de\/markt\/wp-json\/wp\/v2\/product"}],"about":[{"href":"https:\/\/marktxxl.de\/markt\/wp-json\/wp\/v2\/types\/product"}],"replies":[{"embeddable":true,"href":"https:\/\/marktxxl.de\/markt\/wp-json\/wp\/v2\/comments?post=210324"}],"wp:featuredmedia":[{"embeddable":true,"href":"https:\/\/marktxxl.de\/markt\/wp-json\/wp\/v2\/media\/210325"}],"wp:attachment":[{"href":"https:\/\/marktxxl.de\/markt\/wp-json\/wp\/v2\/media?parent=210324"}],"wp:term":[{"taxonomy":"product_brand","embeddable":true,"href":"https:\/\/marktxxl.de\/markt\/wp-json\/wp\/v2\/product_brand?post=210324"},{"taxonomy":"product_cat","embeddable":true,"href":"https:\/\/marktxxl.de\/markt\/wp-json\/wp\/v2\/product_cat?post=210324"},{"taxonomy":"product_tag","embeddable":true,"href":"https:\/\/marktxxl.de\/markt\/wp-json\/wp\/v2\/product_tag?post=210324"}],"curies":[{"name":"wp","href":"https:\/\/api.w.org\/{rel}","templated":true}]}}