{"id":210308,"date":"2024-05-29T15:04:50","date_gmt":"2024-05-29T13:04:50","guid":{"rendered":"https:\/\/marktxxl.de\/markt\/produkt\/60-stueck-weinflaschenlichter-mit-korken-kork-flaschenlichter-mit-batterien-mini-wasserdichte-winzige-lichterkette-2-1-m-silberdraht-20-leds-partydekoration-hochzeit\/"},"modified":"2024-05-29T15:04:50","modified_gmt":"2024-05-29T13:04:50","slug":"60-stueck-weinflaschenlichter-mit-korken-kork-flaschenlichter-mit-batterien-mini-wasserdichte-winzige-lichterkette-2-1-m-silberdraht-20-leds-partydekoration-hochzeit","status":"publish","type":"product","link":"https:\/\/marktxxl.de\/markt\/produkt\/60-stueck-weinflaschenlichter-mit-korken-kork-flaschenlichter-mit-batterien-mini-wasserdichte-winzige-lichterkette-2-1-m-silberdraht-20-leds-partydekoration-hochzeit\/","title":{"rendered":"60 St\u00fcck Weinflaschenlichter mit Korken, Kork-Flaschenlichter mit Batterien, Mini-Wasserdichte, winzige Lichterkette, 2.1 m, Silberdraht, 20 LEDs, Partydekoration, Hochzeit"},"content":{"rendered":"<p>Verf\u00fcgbare Anl\u00e4sse: universell f\u00fcr jede Art von Flaschen, das beliebte warmwei\u00dfe Licht schafft eine feenhafte und romantische Atmosph\u00e4re, diese batteriebetriebenen Weinflaschenlichter sind vielseitig f\u00fcr verschiedene Anl\u00e4sse, wie Geburtstagsfeiern, Hochzeiten, Grillfeste, Jubil\u00e4en, Bankette, Halloween, Weihnachten, Neujahr oder andere Anl\u00e4sse, die ein romantisches und vertr\u00e4umtes Ambiente ben\u00f6tigen<br \/>\nStabiles und sicheres Material: Unsere Korkflaschen-Lichterketten sind aus einem weichen, biegbaren Kupferdraht, zuverl\u00e4ssig und wiederverwendbar, geringer Verbrauch, keine \u00dcberhitzung und immer noch sicher zu ber\u00fchren, auch nach langer Verwendung, keine Brandgefahr, flexibel und biegsam, die einfach zu DIY jede Form, wie passen in Flaschen oder um Pflanzen, Fenster, Gel\u00e4nder, Gl\u00e4ser, Vasen, Zaun, Regal, Balkon, M\u00f6bel usw. zu wickeln<br \/>\nLang genug zu verwenden: Jedes Weinkorkenlicht-Set misst ca. 2 Meter, tragbar und leicht, die 20 LED-Lichter sind hell genug f\u00fcr Beleuchtung und Dekoration, aber blinken nicht auf Ihre Augen, ideal f\u00fcr den Innen- und Au\u00dfenbereich<br \/>\nEinfach zu bedienen: Diese Flaschenkorken-Lichter verf\u00fcgen \u00fcber eine sch\u00f6ne wasserdichte Leistung (der Draht und die LED sind wasserdicht, die Batteriebox ist nicht wasserdicht), die in Wasser eingetaucht werden kann; der Durchmesser des Korken betr\u00e4gt 1,6 cm bis 2,3 cm, was die universelle Gr\u00f6\u00dfe f\u00fcr die meisten Weinflaschen, passend f\u00fcr die meisten Glas, Wein, Bier, Limo, Whiskeyflaschen und jede andere Art von Flaschen ist<br \/>\nReich an Menge: Das Paket kommt mit 60 Packungen Flaschenlichtern, sie halten 24 Stunden hell und laufen f\u00fcr 5 Tage vor dem Batterie-Streben, jede LED-Sternlichterkette hat eine Weinflaschenform Batteriebox mit Ein- oder Aus-Schiebeschalter, bequem zu bedienen, Batterie ist im Lieferumfang enthalten, und ist austauschbar, die f\u00fcr Innen- und Au\u00dfenaktivit\u00e4ten verwendet werden kann<br \/>\n<div class=\"main-cross-sell\" data-asin=\"B09W9L41MG\">\n\n\t<div class=\"WooZone-cross-sell-loader\">\n\t\t<div>\n\t\t\t<div id=\"floatingBarsG\">\n\t\t\t\t<div class=\"blockG\" id=\"rotateG_01\"><\/div>\n\t\t\t\t<div class=\"blockG\" id=\"rotateG_02\"><\/div>\n\t\t\t\t<div class=\"blockG\" id=\"rotateG_03\"><\/div>\n\t\t\t\t<div class=\"blockG\" id=\"rotateG_04\"><\/div>\n\t\t\t\t<div class=\"blockG\" id=\"rotateG_05\"><\/div>\n\t\t\t\t<div class=\"blockG\" id=\"rotateG_06\"><\/div>\n\t\t\t\t<div class=\"blockG\" id=\"rotateG_07\"><\/div>\n\t\t\t\t<div class=\"blockG\" id=\"rotateG_08\"><\/div>\n\t\t\t<\/div>\n\t\t\t<div class=\"WooZone-cross-sell-loader-text\"><\/div>\n\t\t<\/div>\n\t<\/div>\n\n\t\t\n<\/div>\n<div style=\"clear:both;\"><\/div><\/p>\n","protected":false},"excerpt":{"rendered":"<p>Verf\u00fcgbare Anl\u00e4sse: universell f\u00fcr jede Art von Flaschen, das beliebte warmwei\u00dfe Licht schafft eine feenhafte und romantische Atmosph\u00e4re, diese batteriebetriebenen Weinflaschenlichter sind vielseitig f\u00fcr verschiedene Anl\u00e4sse, wie Geburtstagsfeiern, Hochzeiten, Grillfeste, Jubil\u00e4en, Bankette, Halloween, Weihnachten, Neujahr oder andere Anl\u00e4sse, die ein romantisches und vertr\u00e4umtes Ambiente ben\u00f6tigen<br \/>\nStabiles und sicheres Material: Unsere Korkflaschen-Lichterketten sind aus einem weichen, biegbaren Kupferdraht, zuverl\u00e4ssig und wiederverwendbar, geringer Verbrauch, keine \u00dcberhitzung und immer noch sicher zu ber\u00fchren, auch nach langer Verwendung, keine Brandgefahr, flexibel und biegsam, die einfach zu DIY jede Form, wie passen in Flaschen oder um Pflanzen, Fenster, Gel\u00e4nder, Gl\u00e4ser, Vasen, Zaun, Regal, Balkon, M\u00f6bel usw. zu wickeln<br \/>\nLang genug zu verwenden: Jedes Weinkorkenlicht-Set misst ca. 2 Meter, tragbar und leicht, die 20 LED-Lichter sind hell genug f\u00fcr Beleuchtung und Dekoration, aber blinken nicht auf Ihre Augen, ideal f\u00fcr den Innen- und Au\u00dfenbereich<\/p>\n","protected":false},"featured_media":210309,"comment_status":"open","ping_status":"closed","template":"","meta":[],"product_brand":[],"product_cat":[2108,15622],"product_tag":[],"class_list":{"0":"post-210308","1":"product","2":"type-product","3":"status-publish","4":"has-post-thumbnail","6":"product_cat-beleuchtung","7":"product_cat-lichterketten","8":"pa_brand-hortsun","9":"pa_manufacturer-hortsun","10":"pa_model-25199","12":"first","13":"instock","14":"shipping-taxable","15":"purchasable","16":"product-type-simple","17":"customify-col","18":"product-has-gallery"},"yoast_head":"<!-- This site is optimized with the Yoast SEO plugin v27.3 - https:\/\/yoast.com\/product\/yoast-seo-wordpress\/ -->\n<title>60 St\u00fcck Weinflaschenlichter mit Korken, Kork-Flaschenlichter mit Batterien, Mini-Wasserdichte, winzige Lichterkette, 2.1 m, Silberdraht, 20 LEDs, Partydekoration, Hochzeit - Markt-XXL<\/title>\n<meta name=\"description\" content=\"Markt-XXL 60 St\u00fcck Weinflaschenlichter mit Korken, Kork-Flaschenlichter mit Batterien, Mini-Wasserdichte, winzige Lichterkette, 2.1 m, Silberdraht, 20 LEDs, Partydekoration, Hochzeit\" \/>\n<meta name=\"robots\" content=\"index, follow, max-snippet:-1, max-image-preview:large, max-video-preview:-1\" \/>\n<link rel=\"canonical\" href=\"https:\/\/marktxxl.de\/markt\/produkt\/60-stueck-weinflaschenlichter-mit-korken-kork-flaschenlichter-mit-batterien-mini-wasserdichte-winzige-lichterkette-2-1-m-silberdraht-20-leds-partydekoration-hochzeit\/\" \/>\n<meta property=\"og:locale\" content=\"de_DE\" \/>\n<meta property=\"og:type\" content=\"article\" \/>\n<meta property=\"og:title\" content=\"60 St\u00fcck Weinflaschenlichter mit Korken, Kork-Flaschenlichter mit Batterien, Mini-Wasserdichte, winzige Lichterkette, 2.1 m, Silberdraht, 20 LEDs, Partydekoration, Hochzeit - Markt-XXL\" \/>\n<meta property=\"og:description\" content=\"Markt-XXL 60 St\u00fcck Weinflaschenlichter mit Korken, Kork-Flaschenlichter mit Batterien, Mini-Wasserdichte, winzige Lichterkette, 2.1 m, Silberdraht, 20 LEDs, Partydekoration, Hochzeit\" \/>\n<meta property=\"og:url\" content=\"https:\/\/marktxxl.de\/markt\/produkt\/60-stueck-weinflaschenlichter-mit-korken-kork-flaschenlichter-mit-batterien-mini-wasserdichte-winzige-lichterkette-2-1-m-silberdraht-20-leds-partydekoration-hochzeit\/\" \/>\n<meta property=\"og:site_name\" content=\"Markt-XXL\" \/>\n<meta name=\"twitter:card\" content=\"summary_large_image\" \/>\n<meta name=\"twitter:label1\" content=\"Gesch\u00e4tzte Lesezeit\" \/>\n\t<meta name=\"twitter:data1\" content=\"1\u00a0Minute\" \/>\n<script type=\"application\/ld+json\" class=\"yoast-schema-graph\">{\"@context\":\"https:\\\/\\\/schema.org\",\"@graph\":[{\"@type\":\"WebPage\",\"@id\":\"https:\\\/\\\/marktxxl.de\\\/markt\\\/produkt\\\/60-stueck-weinflaschenlichter-mit-korken-kork-flaschenlichter-mit-batterien-mini-wasserdichte-winzige-lichterkette-2-1-m-silberdraht-20-leds-partydekoration-hochzeit\\\/\",\"url\":\"https:\\\/\\\/marktxxl.de\\\/markt\\\/produkt\\\/60-stueck-weinflaschenlichter-mit-korken-kork-flaschenlichter-mit-batterien-mini-wasserdichte-winzige-lichterkette-2-1-m-silberdraht-20-leds-partydekoration-hochzeit\\\/\",\"name\":\"60 St\u00fcck Weinflaschenlichter mit Korken, Kork-Flaschenlichter mit Batterien, Mini-Wasserdichte, winzige Lichterkette, 2.1 m, Silberdraht, 20 LEDs, Partydekoration, Hochzeit - Markt-XXL\",\"isPartOf\":{\"@id\":\"https:\\\/\\\/marktxxl.de\\\/markt\\\/#website\"},\"primaryImageOfPage\":{\"@id\":\"https:\\\/\\\/marktxxl.de\\\/markt\\\/produkt\\\/60-stueck-weinflaschenlichter-mit-korken-kork-flaschenlichter-mit-batterien-mini-wasserdichte-winzige-lichterkette-2-1-m-silberdraht-20-leds-partydekoration-hochzeit\\\/#primaryimage\"},\"image\":{\"@id\":\"https:\\\/\\\/marktxxl.de\\\/markt\\\/produkt\\\/60-stueck-weinflaschenlichter-mit-korken-kork-flaschenlichter-mit-batterien-mini-wasserdichte-winzige-lichterkette-2-1-m-silberdraht-20-leds-partydekoration-hochzeit\\\/#primaryimage\"},\"thumbnailUrl\":\"https:\\\/\\\/m.media-amazon.com\\\/images\\\/I\\\/51uyVqYBYfL._SL500_.jpg\",\"datePublished\":\"2024-05-29T13:04:50+00:00\",\"description\":\"Markt-XXL 60 St\u00fcck Weinflaschenlichter mit Korken, Kork-Flaschenlichter mit Batterien, Mini-Wasserdichte, winzige Lichterkette, 2.1 m, Silberdraht, 20 LEDs, Partydekoration, Hochzeit\",\"breadcrumb\":{\"@id\":\"https:\\\/\\\/marktxxl.de\\\/markt\\\/produkt\\\/60-stueck-weinflaschenlichter-mit-korken-kork-flaschenlichter-mit-batterien-mini-wasserdichte-winzige-lichterkette-2-1-m-silberdraht-20-leds-partydekoration-hochzeit\\\/#breadcrumb\"},\"inLanguage\":\"de\",\"potentialAction\":[{\"@type\":\"ReadAction\",\"target\":[\"https:\\\/\\\/marktxxl.de\\\/markt\\\/produkt\\\/60-stueck-weinflaschenlichter-mit-korken-kork-flaschenlichter-mit-batterien-mini-wasserdichte-winzige-lichterkette-2-1-m-silberdraht-20-leds-partydekoration-hochzeit\\\/\"]}]},{\"@type\":\"ImageObject\",\"inLanguage\":\"de\",\"@id\":\"https:\\\/\\\/marktxxl.de\\\/markt\\\/produkt\\\/60-stueck-weinflaschenlichter-mit-korken-kork-flaschenlichter-mit-batterien-mini-wasserdichte-winzige-lichterkette-2-1-m-silberdraht-20-leds-partydekoration-hochzeit\\\/#primaryimage\",\"url\":\"https:\\\/\\\/m.media-amazon.com\\\/images\\\/I\\\/51uyVqYBYfL._SL500_.jpg\",\"contentUrl\":\"https:\\\/\\\/m.media-amazon.com\\\/images\\\/I\\\/51uyVqYBYfL._SL500_.jpg\",\"width\":400,\"height\":500},{\"@type\":\"BreadcrumbList\",\"@id\":\"https:\\\/\\\/marktxxl.de\\\/markt\\\/produkt\\\/60-stueck-weinflaschenlichter-mit-korken-kork-flaschenlichter-mit-batterien-mini-wasserdichte-winzige-lichterkette-2-1-m-silberdraht-20-leds-partydekoration-hochzeit\\\/#breadcrumb\",\"itemListElement\":[{\"@type\":\"ListItem\",\"position\":1,\"name\":\"Startseite\",\"item\":\"https:\\\/\\\/marktxxl.de\\\/markt\\\/\"},{\"@type\":\"ListItem\",\"position\":2,\"name\":\"Markt\",\"item\":\"https:\\\/\\\/marktxxl.de\\\/markt\\\/\"},{\"@type\":\"ListItem\",\"position\":3,\"name\":\"60 St\u00fcck Weinflaschenlichter mit Korken, Kork-Flaschenlichter mit Batterien, Mini-Wasserdichte, winzige Lichterkette, 2.1 m, Silberdraht, 20 LEDs, Partydekoration, Hochzeit\"}]},{\"@type\":\"WebSite\",\"@id\":\"https:\\\/\\\/marktxxl.de\\\/markt\\\/#website\",\"url\":\"https:\\\/\\\/marktxxl.de\\\/markt\\\/\",\"name\":\"Markt-XXL\",\"description\":\"Ihr Markt Online\",\"publisher\":{\"@id\":\"https:\\\/\\\/marktxxl.de\\\/markt\\\/#organization\"},\"potentialAction\":[{\"@type\":\"SearchAction\",\"target\":{\"@type\":\"EntryPoint\",\"urlTemplate\":\"https:\\\/\\\/marktxxl.de\\\/markt\\\/?s={search_term_string}\"},\"query-input\":{\"@type\":\"PropertyValueSpecification\",\"valueRequired\":true,\"valueName\":\"search_term_string\"}}],\"inLanguage\":\"de\"},{\"@type\":\"Organization\",\"@id\":\"https:\\\/\\\/marktxxl.de\\\/markt\\\/#organization\",\"name\":\"Markt-XXL\",\"url\":\"https:\\\/\\\/marktxxl.de\\\/markt\\\/\",\"logo\":{\"@type\":\"ImageObject\",\"inLanguage\":\"de\",\"@id\":\"https:\\\/\\\/marktxxl.de\\\/markt\\\/#\\\/schema\\\/logo\\\/image\\\/\",\"url\":\"https:\\\/\\\/marktxxl.de\\\/markt\\\/wp-content\\\/uploads\\\/sites\\\/3\\\/2020\\\/12\\\/logo.png\",\"contentUrl\":\"https:\\\/\\\/marktxxl.de\\\/markt\\\/wp-content\\\/uploads\\\/sites\\\/3\\\/2020\\\/12\\\/logo.png\",\"width\":200,\"height\":70,\"caption\":\"Markt-XXL\"},\"image\":{\"@id\":\"https:\\\/\\\/marktxxl.de\\\/markt\\\/#\\\/schema\\\/logo\\\/image\\\/\"}}]}<\/script>\n<!-- \/ Yoast SEO plugin. -->","yoast_head_json":{"title":"60 St\u00fcck Weinflaschenlichter mit Korken, Kork-Flaschenlichter mit Batterien, Mini-Wasserdichte, winzige Lichterkette, 2.1 m, Silberdraht, 20 LEDs, Partydekoration, Hochzeit - Markt-XXL","description":"Markt-XXL 60 St\u00fcck Weinflaschenlichter mit Korken, Kork-Flaschenlichter mit Batterien, Mini-Wasserdichte, winzige Lichterkette, 2.1 m, Silberdraht, 20 LEDs, Partydekoration, Hochzeit","robots":{"index":"index","follow":"follow","max-snippet":"max-snippet:-1","max-image-preview":"max-image-preview:large","max-video-preview":"max-video-preview:-1"},"canonical":"https:\/\/marktxxl.de\/markt\/produkt\/60-stueck-weinflaschenlichter-mit-korken-kork-flaschenlichter-mit-batterien-mini-wasserdichte-winzige-lichterkette-2-1-m-silberdraht-20-leds-partydekoration-hochzeit\/","og_locale":"de_DE","og_type":"article","og_title":"60 St\u00fcck Weinflaschenlichter mit Korken, Kork-Flaschenlichter mit Batterien, Mini-Wasserdichte, winzige Lichterkette, 2.1 m, Silberdraht, 20 LEDs, Partydekoration, Hochzeit - Markt-XXL","og_description":"Markt-XXL 60 St\u00fcck Weinflaschenlichter mit Korken, Kork-Flaschenlichter mit Batterien, Mini-Wasserdichte, winzige Lichterkette, 2.1 m, Silberdraht, 20 LEDs, Partydekoration, Hochzeit","og_url":"https:\/\/marktxxl.de\/markt\/produkt\/60-stueck-weinflaschenlichter-mit-korken-kork-flaschenlichter-mit-batterien-mini-wasserdichte-winzige-lichterkette-2-1-m-silberdraht-20-leds-partydekoration-hochzeit\/","og_site_name":"Markt-XXL","twitter_card":"summary_large_image","twitter_misc":{"Gesch\u00e4tzte Lesezeit":"1\u00a0Minute"},"schema":{"@context":"https:\/\/schema.org","@graph":[{"@type":"WebPage","@id":"https:\/\/marktxxl.de\/markt\/produkt\/60-stueck-weinflaschenlichter-mit-korken-kork-flaschenlichter-mit-batterien-mini-wasserdichte-winzige-lichterkette-2-1-m-silberdraht-20-leds-partydekoration-hochzeit\/","url":"https:\/\/marktxxl.de\/markt\/produkt\/60-stueck-weinflaschenlichter-mit-korken-kork-flaschenlichter-mit-batterien-mini-wasserdichte-winzige-lichterkette-2-1-m-silberdraht-20-leds-partydekoration-hochzeit\/","name":"60 St\u00fcck Weinflaschenlichter mit Korken, Kork-Flaschenlichter mit Batterien, Mini-Wasserdichte, winzige Lichterkette, 2.1 m, Silberdraht, 20 LEDs, Partydekoration, Hochzeit - Markt-XXL","isPartOf":{"@id":"https:\/\/marktxxl.de\/markt\/#website"},"primaryImageOfPage":{"@id":"https:\/\/marktxxl.de\/markt\/produkt\/60-stueck-weinflaschenlichter-mit-korken-kork-flaschenlichter-mit-batterien-mini-wasserdichte-winzige-lichterkette-2-1-m-silberdraht-20-leds-partydekoration-hochzeit\/#primaryimage"},"image":{"@id":"https:\/\/marktxxl.de\/markt\/produkt\/60-stueck-weinflaschenlichter-mit-korken-kork-flaschenlichter-mit-batterien-mini-wasserdichte-winzige-lichterkette-2-1-m-silberdraht-20-leds-partydekoration-hochzeit\/#primaryimage"},"thumbnailUrl":"https:\/\/m.media-amazon.com\/images\/I\/51uyVqYBYfL._SL500_.jpg","datePublished":"2024-05-29T13:04:50+00:00","description":"Markt-XXL 60 St\u00fcck Weinflaschenlichter mit Korken, Kork-Flaschenlichter mit Batterien, Mini-Wasserdichte, winzige Lichterkette, 2.1 m, Silberdraht, 20 LEDs, Partydekoration, Hochzeit","breadcrumb":{"@id":"https:\/\/marktxxl.de\/markt\/produkt\/60-stueck-weinflaschenlichter-mit-korken-kork-flaschenlichter-mit-batterien-mini-wasserdichte-winzige-lichterkette-2-1-m-silberdraht-20-leds-partydekoration-hochzeit\/#breadcrumb"},"inLanguage":"de","potentialAction":[{"@type":"ReadAction","target":["https:\/\/marktxxl.de\/markt\/produkt\/60-stueck-weinflaschenlichter-mit-korken-kork-flaschenlichter-mit-batterien-mini-wasserdichte-winzige-lichterkette-2-1-m-silberdraht-20-leds-partydekoration-hochzeit\/"]}]},{"@type":"ImageObject","inLanguage":"de","@id":"https:\/\/marktxxl.de\/markt\/produkt\/60-stueck-weinflaschenlichter-mit-korken-kork-flaschenlichter-mit-batterien-mini-wasserdichte-winzige-lichterkette-2-1-m-silberdraht-20-leds-partydekoration-hochzeit\/#primaryimage","url":"https:\/\/m.media-amazon.com\/images\/I\/51uyVqYBYfL._SL500_.jpg","contentUrl":"https:\/\/m.media-amazon.com\/images\/I\/51uyVqYBYfL._SL500_.jpg","width":400,"height":500},{"@type":"BreadcrumbList","@id":"https:\/\/marktxxl.de\/markt\/produkt\/60-stueck-weinflaschenlichter-mit-korken-kork-flaschenlichter-mit-batterien-mini-wasserdichte-winzige-lichterkette-2-1-m-silberdraht-20-leds-partydekoration-hochzeit\/#breadcrumb","itemListElement":[{"@type":"ListItem","position":1,"name":"Startseite","item":"https:\/\/marktxxl.de\/markt\/"},{"@type":"ListItem","position":2,"name":"Markt","item":"https:\/\/marktxxl.de\/markt\/"},{"@type":"ListItem","position":3,"name":"60 St\u00fcck Weinflaschenlichter mit Korken, Kork-Flaschenlichter mit Batterien, Mini-Wasserdichte, winzige Lichterkette, 2.1 m, Silberdraht, 20 LEDs, Partydekoration, Hochzeit"}]},{"@type":"WebSite","@id":"https:\/\/marktxxl.de\/markt\/#website","url":"https:\/\/marktxxl.de\/markt\/","name":"Markt-XXL","description":"Ihr Markt Online","publisher":{"@id":"https:\/\/marktxxl.de\/markt\/#organization"},"potentialAction":[{"@type":"SearchAction","target":{"@type":"EntryPoint","urlTemplate":"https:\/\/marktxxl.de\/markt\/?s={search_term_string}"},"query-input":{"@type":"PropertyValueSpecification","valueRequired":true,"valueName":"search_term_string"}}],"inLanguage":"de"},{"@type":"Organization","@id":"https:\/\/marktxxl.de\/markt\/#organization","name":"Markt-XXL","url":"https:\/\/marktxxl.de\/markt\/","logo":{"@type":"ImageObject","inLanguage":"de","@id":"https:\/\/marktxxl.de\/markt\/#\/schema\/logo\/image\/","url":"https:\/\/marktxxl.de\/markt\/wp-content\/uploads\/sites\/3\/2020\/12\/logo.png","contentUrl":"https:\/\/marktxxl.de\/markt\/wp-content\/uploads\/sites\/3\/2020\/12\/logo.png","width":200,"height":70,"caption":"Markt-XXL"},"image":{"@id":"https:\/\/marktxxl.de\/markt\/#\/schema\/logo\/image\/"}}]}},"_links":{"self":[{"href":"https:\/\/marktxxl.de\/markt\/wp-json\/wp\/v2\/product\/210308","targetHints":{"allow":["GET"]}}],"collection":[{"href":"https:\/\/marktxxl.de\/markt\/wp-json\/wp\/v2\/product"}],"about":[{"href":"https:\/\/marktxxl.de\/markt\/wp-json\/wp\/v2\/types\/product"}],"replies":[{"embeddable":true,"href":"https:\/\/marktxxl.de\/markt\/wp-json\/wp\/v2\/comments?post=210308"}],"wp:featuredmedia":[{"embeddable":true,"href":"https:\/\/marktxxl.de\/markt\/wp-json\/wp\/v2\/media\/210309"}],"wp:attachment":[{"href":"https:\/\/marktxxl.de\/markt\/wp-json\/wp\/v2\/media?parent=210308"}],"wp:term":[{"taxonomy":"product_brand","embeddable":true,"href":"https:\/\/marktxxl.de\/markt\/wp-json\/wp\/v2\/product_brand?post=210308"},{"taxonomy":"product_cat","embeddable":true,"href":"https:\/\/marktxxl.de\/markt\/wp-json\/wp\/v2\/product_cat?post=210308"},{"taxonomy":"product_tag","embeddable":true,"href":"https:\/\/marktxxl.de\/markt\/wp-json\/wp\/v2\/product_tag?post=210308"}],"curies":[{"name":"wp","href":"https:\/\/api.w.org\/{rel}","templated":true}]}}