{"id":210282,"date":"2024-05-29T14:46:01","date_gmt":"2024-05-29T12:46:01","guid":{"rendered":"https:\/\/marktxxl.de\/markt\/produkt\/burts-bees-baby-unisex-kinder-booties-hausschuh-socken\/"},"modified":"2024-05-29T14:46:01","modified_gmt":"2024-05-29T12:46:01","slug":"burts-bees-baby-unisex-kinder-booties-hausschuh-socken","status":"publish","type":"product","link":"https:\/\/marktxxl.de\/markt\/produkt\/burts-bees-baby-unisex-kinder-booties-hausschuh-socken\/","title":{"rendered":"Burt&#8217;s Bees Baby Unisex Kinder Booties Hausschuh-Socken"},"content":{"rendered":"<p>Reine Bio-Baumwolle: Die Stiefeletten von Burt&#8217;s Bees Baby sind aus 100 % reiner Bio-Baumwolle gefertigt und sorgen f\u00fcr eine weiche und sanfte Ber\u00fchrung auf der zarten Haut Ihres Babys \u2013 ein wahres Neugeborenenen-Essential f\u00fcr die kleine Biene in Ihrem Leben.<br \/>\nOptimiert f\u00fcr Komfort: Entworfen mit dem Komfort Ihres Babys, diese Baby-Stiefel verf\u00fcgen \u00fcber einen hochwertigen, elastischen Stretch, der an Ort und Stelle bleibt, ohne die Bewegungsfreiheit einzuschr\u00e4nken. Diese Babyschuhe haben Kn\u00f6chelverstellungen, um eine sanfte und bequeme Passform zu bieten.<br \/>\nEntz\u00fcckende Stile: W\u00e4hlen Sie aus einer Vielzahl von geschlechtsneutralen Farben f\u00fcr Jungen und M\u00e4dchen, die zu den Outfits Ihrer kleinen Bienen passen. Dieses stilvolle Schuhwerk bietet Komfort und W\u00e4rme.<br \/>\nRobust und langlebig: Diese Neugeborenen Essentials wurden aus gek\u00e4mmtem und ringgesponnenem Stoff f\u00fcr zus\u00e4tzliche Haltbarkeit, Weichheit und fusselfreies Waschen hergestellt. Das atmungsaktive Baumwollmaterial macht diese Babyschuhe perfekt f\u00fcr Babys mit empfindlicher Haut.<br \/>\n\u3010Sichere Passform\u3011 Diese Babyschuhe verf\u00fcgen \u00fcber verstellbare, leicht zu schlie\u00dfende Riemen am Kn\u00f6chel, die einen festen und sicheren Sitz gew\u00e4hrleisten, sodass Sie sich keine Sorgen machen m\u00fcssen, dass sie abrutschen. Die Stiefel eignen sich super zum Krabbeln oder auch f\u00fcr die ersten Schritte Ihres Babys.<br \/>\n<div class=\"main-cross-sell\" data-asin=\"B0D5F76BZS\">\n\n\t<div class=\"WooZone-cross-sell-loader\">\n\t\t<div>\n\t\t\t<div id=\"floatingBarsG\">\n\t\t\t\t<div class=\"blockG\" id=\"rotateG_01\"><\/div>\n\t\t\t\t<div class=\"blockG\" id=\"rotateG_02\"><\/div>\n\t\t\t\t<div class=\"blockG\" id=\"rotateG_03\"><\/div>\n\t\t\t\t<div class=\"blockG\" id=\"rotateG_04\"><\/div>\n\t\t\t\t<div class=\"blockG\" id=\"rotateG_05\"><\/div>\n\t\t\t\t<div class=\"blockG\" id=\"rotateG_06\"><\/div>\n\t\t\t\t<div class=\"blockG\" id=\"rotateG_07\"><\/div>\n\t\t\t\t<div class=\"blockG\" id=\"rotateG_08\"><\/div>\n\t\t\t<\/div>\n\t\t\t<div class=\"WooZone-cross-sell-loader-text\"><\/div>\n\t\t<\/div>\n\t<\/div>\n\n\t\t\n<\/div>\n<div style=\"clear:both;\"><\/div><\/p>\n","protected":false},"excerpt":{"rendered":"<p>Reine Bio-Baumwolle: Die Stiefeletten von Burt&#8217;s Bees Baby sind aus 100 % reiner Bio-Baumwolle gefertigt und sorgen f\u00fcr eine weiche und sanfte Ber\u00fchrung auf der zarten Haut Ihres Babys \u2013 ein wahres Neugeborenenen-Essential f\u00fcr die kleine Biene in Ihrem Leben.<br \/>\nOptimiert f\u00fcr Komfort: Entworfen mit dem Komfort Ihres Babys, diese Baby-Stiefel verf\u00fcgen \u00fcber einen hochwertigen, elastischen Stretch, der an Ort und Stelle bleibt, ohne die Bewegungsfreiheit einzuschr\u00e4nken. Diese Babyschuhe haben Kn\u00f6chelverstellungen, um eine sanfte und bequeme Passform zu bieten.<br \/>\nEntz\u00fcckende Stile: W\u00e4hlen Sie aus einer Vielzahl von geschlechtsneutralen Farben f\u00fcr Jungen und M\u00e4dchen, die zu den Outfits Ihrer kleinen Bienen passen. Dieses stilvolle Schuhwerk bietet Komfort und W\u00e4rme.<\/p>\n","protected":false},"featured_media":210283,"comment_status":"open","ping_status":"closed","template":"","meta":[],"product_brand":[],"product_cat":[4054,1186],"product_tag":[],"class_list":{"0":"post-210282","1":"product","2":"type-product","3":"status-publish","4":"has-post-thumbnail","6":"product_cat-baby-bekleidung","7":"product_cat-bekleidung","8":"pa_binding-schuhe","9":"pa_brand-burts-bees-baby","10":"pa_manufacturer-burts-bees-baby","11":"pa_model-ly24140","13":"first","14":"instock","15":"shipping-taxable","16":"product-type-simple","17":"customify-col","18":"product-has-gallery"},"yoast_head":"<!-- This site is optimized with the Yoast SEO plugin v27.3 - https:\/\/yoast.com\/product\/yoast-seo-wordpress\/ -->\n<title>Burt&#039;s Bees Baby Unisex Kinder Booties Hausschuh-Socken - Markt-XXL<\/title>\n<meta name=\"description\" content=\"Markt-XXL Burt&#039;s Bees Baby Unisex Kinder Booties Hausschuh-Socken\" \/>\n<meta name=\"robots\" content=\"index, follow, max-snippet:-1, max-image-preview:large, max-video-preview:-1\" \/>\n<link rel=\"canonical\" href=\"https:\/\/marktxxl.de\/markt\/produkt\/burts-bees-baby-unisex-kinder-booties-hausschuh-socken\/\" \/>\n<meta property=\"og:locale\" content=\"de_DE\" \/>\n<meta property=\"og:type\" content=\"article\" \/>\n<meta property=\"og:title\" content=\"Burt&#039;s Bees Baby Unisex Kinder Booties Hausschuh-Socken - Markt-XXL\" \/>\n<meta property=\"og:description\" content=\"Markt-XXL Burt&#039;s Bees Baby Unisex Kinder Booties Hausschuh-Socken\" \/>\n<meta property=\"og:url\" content=\"https:\/\/marktxxl.de\/markt\/produkt\/burts-bees-baby-unisex-kinder-booties-hausschuh-socken\/\" \/>\n<meta property=\"og:site_name\" content=\"Markt-XXL\" \/>\n<meta name=\"twitter:card\" content=\"summary_large_image\" \/>\n<meta name=\"twitter:label1\" content=\"Gesch\u00e4tzte Lesezeit\" \/>\n\t<meta name=\"twitter:data1\" content=\"1\u00a0Minute\" \/>\n<script type=\"application\/ld+json\" class=\"yoast-schema-graph\">{\"@context\":\"https:\\\/\\\/schema.org\",\"@graph\":[{\"@type\":\"WebPage\",\"@id\":\"https:\\\/\\\/marktxxl.de\\\/markt\\\/produkt\\\/burts-bees-baby-unisex-kinder-booties-hausschuh-socken\\\/\",\"url\":\"https:\\\/\\\/marktxxl.de\\\/markt\\\/produkt\\\/burts-bees-baby-unisex-kinder-booties-hausschuh-socken\\\/\",\"name\":\"Burt's Bees Baby Unisex Kinder Booties Hausschuh-Socken - Markt-XXL\",\"isPartOf\":{\"@id\":\"https:\\\/\\\/marktxxl.de\\\/markt\\\/#website\"},\"primaryImageOfPage\":{\"@id\":\"https:\\\/\\\/marktxxl.de\\\/markt\\\/produkt\\\/burts-bees-baby-unisex-kinder-booties-hausschuh-socken\\\/#primaryimage\"},\"image\":{\"@id\":\"https:\\\/\\\/marktxxl.de\\\/markt\\\/produkt\\\/burts-bees-baby-unisex-kinder-booties-hausschuh-socken\\\/#primaryimage\"},\"thumbnailUrl\":\"https:\\\/\\\/m.media-amazon.com\\\/images\\\/I\\\/31R1jQi-76L._SL500_.jpg\",\"datePublished\":\"2024-05-29T12:46:01+00:00\",\"description\":\"Markt-XXL Burt's Bees Baby Unisex Kinder Booties Hausschuh-Socken\",\"breadcrumb\":{\"@id\":\"https:\\\/\\\/marktxxl.de\\\/markt\\\/produkt\\\/burts-bees-baby-unisex-kinder-booties-hausschuh-socken\\\/#breadcrumb\"},\"inLanguage\":\"de\",\"potentialAction\":[{\"@type\":\"ReadAction\",\"target\":[\"https:\\\/\\\/marktxxl.de\\\/markt\\\/produkt\\\/burts-bees-baby-unisex-kinder-booties-hausschuh-socken\\\/\"]}]},{\"@type\":\"ImageObject\",\"inLanguage\":\"de\",\"@id\":\"https:\\\/\\\/marktxxl.de\\\/markt\\\/produkt\\\/burts-bees-baby-unisex-kinder-booties-hausschuh-socken\\\/#primaryimage\",\"url\":\"https:\\\/\\\/m.media-amazon.com\\\/images\\\/I\\\/31R1jQi-76L._SL500_.jpg\",\"contentUrl\":\"https:\\\/\\\/m.media-amazon.com\\\/images\\\/I\\\/31R1jQi-76L._SL500_.jpg\",\"width\":500,\"height\":500},{\"@type\":\"BreadcrumbList\",\"@id\":\"https:\\\/\\\/marktxxl.de\\\/markt\\\/produkt\\\/burts-bees-baby-unisex-kinder-booties-hausschuh-socken\\\/#breadcrumb\",\"itemListElement\":[{\"@type\":\"ListItem\",\"position\":1,\"name\":\"Startseite\",\"item\":\"https:\\\/\\\/marktxxl.de\\\/markt\\\/\"},{\"@type\":\"ListItem\",\"position\":2,\"name\":\"Markt\",\"item\":\"https:\\\/\\\/marktxxl.de\\\/markt\\\/\"},{\"@type\":\"ListItem\",\"position\":3,\"name\":\"Burt&#8217;s Bees Baby Unisex Kinder Booties Hausschuh-Socken\"}]},{\"@type\":\"WebSite\",\"@id\":\"https:\\\/\\\/marktxxl.de\\\/markt\\\/#website\",\"url\":\"https:\\\/\\\/marktxxl.de\\\/markt\\\/\",\"name\":\"Markt-XXL\",\"description\":\"Ihr Markt Online\",\"publisher\":{\"@id\":\"https:\\\/\\\/marktxxl.de\\\/markt\\\/#organization\"},\"potentialAction\":[{\"@type\":\"SearchAction\",\"target\":{\"@type\":\"EntryPoint\",\"urlTemplate\":\"https:\\\/\\\/marktxxl.de\\\/markt\\\/?s={search_term_string}\"},\"query-input\":{\"@type\":\"PropertyValueSpecification\",\"valueRequired\":true,\"valueName\":\"search_term_string\"}}],\"inLanguage\":\"de\"},{\"@type\":\"Organization\",\"@id\":\"https:\\\/\\\/marktxxl.de\\\/markt\\\/#organization\",\"name\":\"Markt-XXL\",\"url\":\"https:\\\/\\\/marktxxl.de\\\/markt\\\/\",\"logo\":{\"@type\":\"ImageObject\",\"inLanguage\":\"de\",\"@id\":\"https:\\\/\\\/marktxxl.de\\\/markt\\\/#\\\/schema\\\/logo\\\/image\\\/\",\"url\":\"https:\\\/\\\/marktxxl.de\\\/markt\\\/wp-content\\\/uploads\\\/sites\\\/3\\\/2020\\\/12\\\/logo.png\",\"contentUrl\":\"https:\\\/\\\/marktxxl.de\\\/markt\\\/wp-content\\\/uploads\\\/sites\\\/3\\\/2020\\\/12\\\/logo.png\",\"width\":200,\"height\":70,\"caption\":\"Markt-XXL\"},\"image\":{\"@id\":\"https:\\\/\\\/marktxxl.de\\\/markt\\\/#\\\/schema\\\/logo\\\/image\\\/\"}}]}<\/script>\n<!-- \/ Yoast SEO plugin. -->","yoast_head_json":{"title":"Burt's Bees Baby Unisex Kinder Booties Hausschuh-Socken - Markt-XXL","description":"Markt-XXL Burt's Bees Baby Unisex Kinder Booties Hausschuh-Socken","robots":{"index":"index","follow":"follow","max-snippet":"max-snippet:-1","max-image-preview":"max-image-preview:large","max-video-preview":"max-video-preview:-1"},"canonical":"https:\/\/marktxxl.de\/markt\/produkt\/burts-bees-baby-unisex-kinder-booties-hausschuh-socken\/","og_locale":"de_DE","og_type":"article","og_title":"Burt's Bees Baby Unisex Kinder Booties Hausschuh-Socken - Markt-XXL","og_description":"Markt-XXL Burt's Bees Baby Unisex Kinder Booties Hausschuh-Socken","og_url":"https:\/\/marktxxl.de\/markt\/produkt\/burts-bees-baby-unisex-kinder-booties-hausschuh-socken\/","og_site_name":"Markt-XXL","twitter_card":"summary_large_image","twitter_misc":{"Gesch\u00e4tzte Lesezeit":"1\u00a0Minute"},"schema":{"@context":"https:\/\/schema.org","@graph":[{"@type":"WebPage","@id":"https:\/\/marktxxl.de\/markt\/produkt\/burts-bees-baby-unisex-kinder-booties-hausschuh-socken\/","url":"https:\/\/marktxxl.de\/markt\/produkt\/burts-bees-baby-unisex-kinder-booties-hausschuh-socken\/","name":"Burt's Bees Baby Unisex Kinder Booties Hausschuh-Socken - Markt-XXL","isPartOf":{"@id":"https:\/\/marktxxl.de\/markt\/#website"},"primaryImageOfPage":{"@id":"https:\/\/marktxxl.de\/markt\/produkt\/burts-bees-baby-unisex-kinder-booties-hausschuh-socken\/#primaryimage"},"image":{"@id":"https:\/\/marktxxl.de\/markt\/produkt\/burts-bees-baby-unisex-kinder-booties-hausschuh-socken\/#primaryimage"},"thumbnailUrl":"https:\/\/m.media-amazon.com\/images\/I\/31R1jQi-76L._SL500_.jpg","datePublished":"2024-05-29T12:46:01+00:00","description":"Markt-XXL Burt's Bees Baby Unisex Kinder Booties Hausschuh-Socken","breadcrumb":{"@id":"https:\/\/marktxxl.de\/markt\/produkt\/burts-bees-baby-unisex-kinder-booties-hausschuh-socken\/#breadcrumb"},"inLanguage":"de","potentialAction":[{"@type":"ReadAction","target":["https:\/\/marktxxl.de\/markt\/produkt\/burts-bees-baby-unisex-kinder-booties-hausschuh-socken\/"]}]},{"@type":"ImageObject","inLanguage":"de","@id":"https:\/\/marktxxl.de\/markt\/produkt\/burts-bees-baby-unisex-kinder-booties-hausschuh-socken\/#primaryimage","url":"https:\/\/m.media-amazon.com\/images\/I\/31R1jQi-76L._SL500_.jpg","contentUrl":"https:\/\/m.media-amazon.com\/images\/I\/31R1jQi-76L._SL500_.jpg","width":500,"height":500},{"@type":"BreadcrumbList","@id":"https:\/\/marktxxl.de\/markt\/produkt\/burts-bees-baby-unisex-kinder-booties-hausschuh-socken\/#breadcrumb","itemListElement":[{"@type":"ListItem","position":1,"name":"Startseite","item":"https:\/\/marktxxl.de\/markt\/"},{"@type":"ListItem","position":2,"name":"Markt","item":"https:\/\/marktxxl.de\/markt\/"},{"@type":"ListItem","position":3,"name":"Burt&#8217;s Bees Baby Unisex Kinder Booties Hausschuh-Socken"}]},{"@type":"WebSite","@id":"https:\/\/marktxxl.de\/markt\/#website","url":"https:\/\/marktxxl.de\/markt\/","name":"Markt-XXL","description":"Ihr Markt Online","publisher":{"@id":"https:\/\/marktxxl.de\/markt\/#organization"},"potentialAction":[{"@type":"SearchAction","target":{"@type":"EntryPoint","urlTemplate":"https:\/\/marktxxl.de\/markt\/?s={search_term_string}"},"query-input":{"@type":"PropertyValueSpecification","valueRequired":true,"valueName":"search_term_string"}}],"inLanguage":"de"},{"@type":"Organization","@id":"https:\/\/marktxxl.de\/markt\/#organization","name":"Markt-XXL","url":"https:\/\/marktxxl.de\/markt\/","logo":{"@type":"ImageObject","inLanguage":"de","@id":"https:\/\/marktxxl.de\/markt\/#\/schema\/logo\/image\/","url":"https:\/\/marktxxl.de\/markt\/wp-content\/uploads\/sites\/3\/2020\/12\/logo.png","contentUrl":"https:\/\/marktxxl.de\/markt\/wp-content\/uploads\/sites\/3\/2020\/12\/logo.png","width":200,"height":70,"caption":"Markt-XXL"},"image":{"@id":"https:\/\/marktxxl.de\/markt\/#\/schema\/logo\/image\/"}}]}},"_links":{"self":[{"href":"https:\/\/marktxxl.de\/markt\/wp-json\/wp\/v2\/product\/210282","targetHints":{"allow":["GET"]}}],"collection":[{"href":"https:\/\/marktxxl.de\/markt\/wp-json\/wp\/v2\/product"}],"about":[{"href":"https:\/\/marktxxl.de\/markt\/wp-json\/wp\/v2\/types\/product"}],"replies":[{"embeddable":true,"href":"https:\/\/marktxxl.de\/markt\/wp-json\/wp\/v2\/comments?post=210282"}],"wp:featuredmedia":[{"embeddable":true,"href":"https:\/\/marktxxl.de\/markt\/wp-json\/wp\/v2\/media\/210283"}],"wp:attachment":[{"href":"https:\/\/marktxxl.de\/markt\/wp-json\/wp\/v2\/media?parent=210282"}],"wp:term":[{"taxonomy":"product_brand","embeddable":true,"href":"https:\/\/marktxxl.de\/markt\/wp-json\/wp\/v2\/product_brand?post=210282"},{"taxonomy":"product_cat","embeddable":true,"href":"https:\/\/marktxxl.de\/markt\/wp-json\/wp\/v2\/product_cat?post=210282"},{"taxonomy":"product_tag","embeddable":true,"href":"https:\/\/marktxxl.de\/markt\/wp-json\/wp\/v2\/product_tag?post=210282"}],"curies":[{"name":"wp","href":"https:\/\/api.w.org\/{rel}","templated":true}]}}