{"id":210225,"date":"2024-05-29T14:39:49","date_gmt":"2024-05-29T12:39:49","guid":{"rendered":"https:\/\/marktxxl.de\/markt\/produkt\/aisir-slim-wallet-mit-muenzfach-kartenetui-rfid-schutz-mini-geldboerse-herren-geldbeutel-herren-portmonee-herren-portemonnaie-klein-braun\/"},"modified":"2024-05-29T14:39:49","modified_gmt":"2024-05-29T12:39:49","slug":"aisir-slim-wallet-mit-muenzfach-kartenetui-rfid-schutz-mini-geldboerse-herren-geldbeutel-herren-portmonee-herren-portemonnaie-klein-braun","status":"publish","type":"product","link":"https:\/\/marktxxl.de\/markt\/produkt\/aisir-slim-wallet-mit-muenzfach-kartenetui-rfid-schutz-mini-geldboerse-herren-geldbeutel-herren-portmonee-herren-portemonnaie-klein-braun\/","title":{"rendered":"AISIR Slim Wallet mit M\u00fcnzfach, Kartenetui &amp; RFID-Schutz, Mini Geldb\u00f6rse Herren &#8211; Geldbeutel Herren &#8211; Portmonee Herren Portemonnaie Klein (Braun)"},"content":{"rendered":"<p>\u2764 POP UP Kartenhalter Geldb\u00f6rse: Diese Kartenetui ist dreifach entworfen und hat ein Metallkartenetui, alle Karten werden automatisch und geordnet durch Schieben der Taste auf der rechten Seite der kompakten Geldb\u00f6rsen mit einer Hand Pop-up. Praktisch f\u00fcr den t\u00e4glichen Gebrauch!<br \/>\n\u2764 Slim Wallet aber hohe Kapazit\u00e4t: Obwohl es nur in 3.8&#215;2.8 Zoll ist, dick: 0.98 Zoll, kann es 8-10 Karten, 5+ M\u00fcnzen, 50+ Bargeld. Es verf\u00fcgt \u00fcber ein Hartkartenetui und vier Standard-Kartenf\u00e4cher, ein verstecktes Banknotenfach, ein M\u00fcnzfach mit Rei\u00dfverschluss und ein Ausweisfenster. Geeignet f\u00fcr Reisen!<br \/>\n\u2764 Sicherheits-Datenschutz-RFID-Geldbeutel: Wir entwarfen ein RFID-Sperrmaterial innerhalb dieser Kartenb\u00f6rse, das RFID-Signal wie 125kHz, 13.56 MHz, 900MHz-Frequenzsignale unterdr\u00fccken und st\u00f6ren kann. Mit anderen Worten, unsere RFID Pop-up Kartenhalter Geldb\u00f6rse kann Ihre Kreditkarten, F\u00fchrerscheine und IDs vor unbekannten Scans sch\u00fctzen, Ihre Informationen vor elektronischen Dieben sch\u00fctzen.<br \/>\n\u2764 Qualit\u00e4t Leder Geldb\u00f6rse Herren: Diese Leder Geldb\u00f6rse f\u00fcr M\u00e4nner ist handgefertigt mit langlebigem Leder, es bietet eine komfortable Ber\u00fchrung, umweltfreundlich, abriebfest, wasserdicht. Magnetisches \u00d6ffnen und Schlie\u00dfen.Dadurch sitzt das das Karten Portemonnaie sehr angenehm und Komfortabel in jeder Hosentasche<br \/>\n\u2764 Geschenk f\u00fcr Herren: Jede unserer Herren Leder Karte Geldb\u00f6rse wurde in einer sch\u00f6nen Geschenkbox verpackt. Das ideale Geschenk f\u00fcr verschiedene Anl\u00e4sse, einschlie\u00dflich Vatertag, Weihnachten, Geburtstage, Hochzeiten und Jubil\u00e4en.<br \/>\n<div class=\"main-cross-sell\" data-asin=\"B0CSJXPGXQ\">\n\n\t<div class=\"WooZone-cross-sell-loader\">\n\t\t<div>\n\t\t\t<div id=\"floatingBarsG\">\n\t\t\t\t<div class=\"blockG\" id=\"rotateG_01\"><\/div>\n\t\t\t\t<div class=\"blockG\" id=\"rotateG_02\"><\/div>\n\t\t\t\t<div class=\"blockG\" id=\"rotateG_03\"><\/div>\n\t\t\t\t<div class=\"blockG\" id=\"rotateG_04\"><\/div>\n\t\t\t\t<div class=\"blockG\" id=\"rotateG_05\"><\/div>\n\t\t\t\t<div class=\"blockG\" id=\"rotateG_06\"><\/div>\n\t\t\t\t<div class=\"blockG\" id=\"rotateG_07\"><\/div>\n\t\t\t\t<div class=\"blockG\" id=\"rotateG_08\"><\/div>\n\t\t\t<\/div>\n\t\t\t<div class=\"WooZone-cross-sell-loader-text\"><\/div>\n\t\t<\/div>\n\t<\/div>\n\n\t\t\n<\/div>\n<div style=\"clear:both;\"><\/div><\/p>\n","protected":false},"excerpt":{"rendered":"<p>\u2764 POP UP Kartenhalter Geldb\u00f6rse: Diese Kartenetui ist dreifach entworfen und hat ein Metallkartenetui, alle Karten werden automatisch und geordnet durch Schieben der Taste auf der rechten Seite der kompakten Geldb\u00f6rsen mit einer Hand Pop-up. Praktisch f\u00fcr den t\u00e4glichen Gebrauch!<br \/>\n\u2764 Slim Wallet aber hohe Kapazit\u00e4t: Obwohl es nur in 3.8&#215;2.8 Zoll ist, dick: 0.98 Zoll, kann es 8-10 Karten, 5+ M\u00fcnzen, 50+ Bargeld. Es verf\u00fcgt \u00fcber ein Hartkartenetui und vier Standard-Kartenf\u00e4cher, ein verstecktes Banknotenfach, ein M\u00fcnzfach mit Rei\u00dfverschluss und ein Ausweisfenster. Geeignet f\u00fcr Reisen!<br \/>\n\u2764 Sicherheits-Datenschutz-RFID-Geldbeutel: Wir entwarfen ein RFID-Sperrmaterial innerhalb dieser Kartenb\u00f6rse, das RFID-Signal wie 125kHz, 13.56 MHz, 900MHz-Frequenzsignale unterdr\u00fccken und st\u00f6ren kann. Mit anderen Worten, unsere RFID Pop-up Kartenhalter Geldb\u00f6rse kann Ihre Kreditkarten, F\u00fchrerscheine und IDs vor unbekannten Scans sch\u00fctzen, Ihre Informationen vor elektronischen Dieben sch\u00fctzen.<\/p>\n","protected":false},"featured_media":210226,"comment_status":"open","ping_status":"closed","template":"","meta":[],"product_brand":[],"product_cat":[1186],"product_tag":[],"class_list":{"0":"post-210225","1":"product","2":"type-product","3":"status-publish","4":"has-post-thumbnail","6":"product_cat-bekleidung","7":"pa_binding-luggage","8":"pa_brand-aisir","9":"pa_color-braun","10":"pa_height-3-93700787-zoll","11":"pa_length-0-9842519675-zoll","12":"pa_width-2-755905509-zoll","14":"first","15":"instock","16":"shipping-taxable","17":"purchasable","18":"product-type-simple","19":"customify-col","20":"product-has-gallery"},"yoast_head":"<!-- This site is optimized with the Yoast SEO plugin v27.4 - https:\/\/yoast.com\/product\/yoast-seo-wordpress\/ -->\n<title>AISIR Slim Wallet mit M\u00fcnzfach, Kartenetui &amp; RFID-Schutz, Mini Geldb\u00f6rse Herren - Geldbeutel Herren - Portmonee Herren Portemonnaie Klein (Braun) - Markt-XXL<\/title>\n<meta name=\"description\" content=\"Markt-XXL AISIR Slim Wallet mit M\u00fcnzfach, Kartenetui &amp; RFID-Schutz, Mini Geldb\u00f6rse Herren - Geldbeutel Herren - Portmonee Herren Portemonnaie Klein (Braun)\" \/>\n<meta name=\"robots\" content=\"index, follow, max-snippet:-1, max-image-preview:large, max-video-preview:-1\" \/>\n<link rel=\"canonical\" href=\"https:\/\/marktxxl.de\/markt\/produkt\/aisir-slim-wallet-mit-muenzfach-kartenetui-rfid-schutz-mini-geldboerse-herren-geldbeutel-herren-portmonee-herren-portemonnaie-klein-braun\/\" \/>\n<meta property=\"og:locale\" content=\"de_DE\" \/>\n<meta property=\"og:type\" content=\"article\" \/>\n<meta property=\"og:title\" content=\"AISIR Slim Wallet mit M\u00fcnzfach, Kartenetui &amp; RFID-Schutz, Mini Geldb\u00f6rse Herren - Geldbeutel Herren - Portmonee Herren Portemonnaie Klein (Braun) - Markt-XXL\" \/>\n<meta property=\"og:description\" content=\"Markt-XXL AISIR Slim Wallet mit M\u00fcnzfach, Kartenetui &amp; RFID-Schutz, Mini Geldb\u00f6rse Herren - Geldbeutel Herren - Portmonee Herren Portemonnaie Klein (Braun)\" \/>\n<meta property=\"og:url\" content=\"https:\/\/marktxxl.de\/markt\/produkt\/aisir-slim-wallet-mit-muenzfach-kartenetui-rfid-schutz-mini-geldboerse-herren-geldbeutel-herren-portmonee-herren-portemonnaie-klein-braun\/\" \/>\n<meta property=\"og:site_name\" content=\"Markt-XXL\" \/>\n<meta name=\"twitter:card\" content=\"summary_large_image\" \/>\n<meta name=\"twitter:label1\" content=\"Gesch\u00e4tzte Lesezeit\" \/>\n\t<meta name=\"twitter:data1\" content=\"1\u00a0Minute\" \/>\n<script type=\"application\/ld+json\" class=\"yoast-schema-graph\">{\"@context\":\"https:\\\/\\\/schema.org\",\"@graph\":[{\"@type\":\"WebPage\",\"@id\":\"https:\\\/\\\/marktxxl.de\\\/markt\\\/produkt\\\/aisir-slim-wallet-mit-muenzfach-kartenetui-rfid-schutz-mini-geldboerse-herren-geldbeutel-herren-portmonee-herren-portemonnaie-klein-braun\\\/\",\"url\":\"https:\\\/\\\/marktxxl.de\\\/markt\\\/produkt\\\/aisir-slim-wallet-mit-muenzfach-kartenetui-rfid-schutz-mini-geldboerse-herren-geldbeutel-herren-portmonee-herren-portemonnaie-klein-braun\\\/\",\"name\":\"AISIR Slim Wallet mit M\u00fcnzfach, Kartenetui &amp; RFID-Schutz, Mini Geldb\u00f6rse Herren - Geldbeutel Herren - Portmonee Herren Portemonnaie Klein (Braun) - Markt-XXL\",\"isPartOf\":{\"@id\":\"https:\\\/\\\/marktxxl.de\\\/markt\\\/#website\"},\"primaryImageOfPage\":{\"@id\":\"https:\\\/\\\/marktxxl.de\\\/markt\\\/produkt\\\/aisir-slim-wallet-mit-muenzfach-kartenetui-rfid-schutz-mini-geldboerse-herren-geldbeutel-herren-portmonee-herren-portemonnaie-klein-braun\\\/#primaryimage\"},\"image\":{\"@id\":\"https:\\\/\\\/marktxxl.de\\\/markt\\\/produkt\\\/aisir-slim-wallet-mit-muenzfach-kartenetui-rfid-schutz-mini-geldboerse-herren-geldbeutel-herren-portmonee-herren-portemonnaie-klein-braun\\\/#primaryimage\"},\"thumbnailUrl\":\"https:\\\/\\\/m.media-amazon.com\\\/images\\\/I\\\/41f5DdJcRiL._SL500_.jpg\",\"datePublished\":\"2024-05-29T12:39:49+00:00\",\"description\":\"Markt-XXL AISIR Slim Wallet mit M\u00fcnzfach, Kartenetui &amp; RFID-Schutz, Mini Geldb\u00f6rse Herren - Geldbeutel Herren - Portmonee Herren Portemonnaie Klein (Braun)\",\"breadcrumb\":{\"@id\":\"https:\\\/\\\/marktxxl.de\\\/markt\\\/produkt\\\/aisir-slim-wallet-mit-muenzfach-kartenetui-rfid-schutz-mini-geldboerse-herren-geldbeutel-herren-portmonee-herren-portemonnaie-klein-braun\\\/#breadcrumb\"},\"inLanguage\":\"de\",\"potentialAction\":[{\"@type\":\"ReadAction\",\"target\":[\"https:\\\/\\\/marktxxl.de\\\/markt\\\/produkt\\\/aisir-slim-wallet-mit-muenzfach-kartenetui-rfid-schutz-mini-geldboerse-herren-geldbeutel-herren-portmonee-herren-portemonnaie-klein-braun\\\/\"]}]},{\"@type\":\"ImageObject\",\"inLanguage\":\"de\",\"@id\":\"https:\\\/\\\/marktxxl.de\\\/markt\\\/produkt\\\/aisir-slim-wallet-mit-muenzfach-kartenetui-rfid-schutz-mini-geldboerse-herren-geldbeutel-herren-portmonee-herren-portemonnaie-klein-braun\\\/#primaryimage\",\"url\":\"https:\\\/\\\/m.media-amazon.com\\\/images\\\/I\\\/41f5DdJcRiL._SL500_.jpg\",\"contentUrl\":\"https:\\\/\\\/m.media-amazon.com\\\/images\\\/I\\\/41f5DdJcRiL._SL500_.jpg\",\"width\":500,\"height\":500},{\"@type\":\"BreadcrumbList\",\"@id\":\"https:\\\/\\\/marktxxl.de\\\/markt\\\/produkt\\\/aisir-slim-wallet-mit-muenzfach-kartenetui-rfid-schutz-mini-geldboerse-herren-geldbeutel-herren-portmonee-herren-portemonnaie-klein-braun\\\/#breadcrumb\",\"itemListElement\":[{\"@type\":\"ListItem\",\"position\":1,\"name\":\"Startseite\",\"item\":\"https:\\\/\\\/marktxxl.de\\\/markt\\\/\"},{\"@type\":\"ListItem\",\"position\":2,\"name\":\"Markt\",\"item\":\"https:\\\/\\\/marktxxl.de\\\/markt\\\/\"},{\"@type\":\"ListItem\",\"position\":3,\"name\":\"AISIR Slim Wallet mit M\u00fcnzfach, Kartenetui &amp; RFID-Schutz, Mini Geldb\u00f6rse Herren &#8211; Geldbeutel Herren &#8211; Portmonee Herren Portemonnaie Klein (Braun)\"}]},{\"@type\":\"WebSite\",\"@id\":\"https:\\\/\\\/marktxxl.de\\\/markt\\\/#website\",\"url\":\"https:\\\/\\\/marktxxl.de\\\/markt\\\/\",\"name\":\"Markt-XXL\",\"description\":\"Ihr Markt Online\",\"publisher\":{\"@id\":\"https:\\\/\\\/marktxxl.de\\\/markt\\\/#organization\"},\"potentialAction\":[{\"@type\":\"SearchAction\",\"target\":{\"@type\":\"EntryPoint\",\"urlTemplate\":\"https:\\\/\\\/marktxxl.de\\\/markt\\\/?s={search_term_string}\"},\"query-input\":{\"@type\":\"PropertyValueSpecification\",\"valueRequired\":true,\"valueName\":\"search_term_string\"}}],\"inLanguage\":\"de\"},{\"@type\":\"Organization\",\"@id\":\"https:\\\/\\\/marktxxl.de\\\/markt\\\/#organization\",\"name\":\"Markt-XXL\",\"url\":\"https:\\\/\\\/marktxxl.de\\\/markt\\\/\",\"logo\":{\"@type\":\"ImageObject\",\"inLanguage\":\"de\",\"@id\":\"https:\\\/\\\/marktxxl.de\\\/markt\\\/#\\\/schema\\\/logo\\\/image\\\/\",\"url\":\"https:\\\/\\\/marktxxl.de\\\/markt\\\/wp-content\\\/uploads\\\/sites\\\/3\\\/2020\\\/12\\\/logo.png\",\"contentUrl\":\"https:\\\/\\\/marktxxl.de\\\/markt\\\/wp-content\\\/uploads\\\/sites\\\/3\\\/2020\\\/12\\\/logo.png\",\"width\":200,\"height\":70,\"caption\":\"Markt-XXL\"},\"image\":{\"@id\":\"https:\\\/\\\/marktxxl.de\\\/markt\\\/#\\\/schema\\\/logo\\\/image\\\/\"}}]}<\/script>\n<!-- \/ Yoast SEO plugin. -->","yoast_head_json":{"title":"AISIR Slim Wallet mit M\u00fcnzfach, Kartenetui &amp; RFID-Schutz, Mini Geldb\u00f6rse Herren - Geldbeutel Herren - Portmonee Herren Portemonnaie Klein (Braun) - Markt-XXL","description":"Markt-XXL AISIR Slim Wallet mit M\u00fcnzfach, Kartenetui &amp; RFID-Schutz, Mini Geldb\u00f6rse Herren - Geldbeutel Herren - Portmonee Herren Portemonnaie Klein (Braun)","robots":{"index":"index","follow":"follow","max-snippet":"max-snippet:-1","max-image-preview":"max-image-preview:large","max-video-preview":"max-video-preview:-1"},"canonical":"https:\/\/marktxxl.de\/markt\/produkt\/aisir-slim-wallet-mit-muenzfach-kartenetui-rfid-schutz-mini-geldboerse-herren-geldbeutel-herren-portmonee-herren-portemonnaie-klein-braun\/","og_locale":"de_DE","og_type":"article","og_title":"AISIR Slim Wallet mit M\u00fcnzfach, Kartenetui &amp; RFID-Schutz, Mini Geldb\u00f6rse Herren - Geldbeutel Herren - Portmonee Herren Portemonnaie Klein (Braun) - Markt-XXL","og_description":"Markt-XXL AISIR Slim Wallet mit M\u00fcnzfach, Kartenetui &amp; RFID-Schutz, Mini Geldb\u00f6rse Herren - Geldbeutel Herren - Portmonee Herren Portemonnaie Klein (Braun)","og_url":"https:\/\/marktxxl.de\/markt\/produkt\/aisir-slim-wallet-mit-muenzfach-kartenetui-rfid-schutz-mini-geldboerse-herren-geldbeutel-herren-portmonee-herren-portemonnaie-klein-braun\/","og_site_name":"Markt-XXL","twitter_card":"summary_large_image","twitter_misc":{"Gesch\u00e4tzte Lesezeit":"1\u00a0Minute"},"schema":{"@context":"https:\/\/schema.org","@graph":[{"@type":"WebPage","@id":"https:\/\/marktxxl.de\/markt\/produkt\/aisir-slim-wallet-mit-muenzfach-kartenetui-rfid-schutz-mini-geldboerse-herren-geldbeutel-herren-portmonee-herren-portemonnaie-klein-braun\/","url":"https:\/\/marktxxl.de\/markt\/produkt\/aisir-slim-wallet-mit-muenzfach-kartenetui-rfid-schutz-mini-geldboerse-herren-geldbeutel-herren-portmonee-herren-portemonnaie-klein-braun\/","name":"AISIR Slim Wallet mit M\u00fcnzfach, Kartenetui &amp; RFID-Schutz, Mini Geldb\u00f6rse Herren - Geldbeutel Herren - Portmonee Herren Portemonnaie Klein (Braun) - Markt-XXL","isPartOf":{"@id":"https:\/\/marktxxl.de\/markt\/#website"},"primaryImageOfPage":{"@id":"https:\/\/marktxxl.de\/markt\/produkt\/aisir-slim-wallet-mit-muenzfach-kartenetui-rfid-schutz-mini-geldboerse-herren-geldbeutel-herren-portmonee-herren-portemonnaie-klein-braun\/#primaryimage"},"image":{"@id":"https:\/\/marktxxl.de\/markt\/produkt\/aisir-slim-wallet-mit-muenzfach-kartenetui-rfid-schutz-mini-geldboerse-herren-geldbeutel-herren-portmonee-herren-portemonnaie-klein-braun\/#primaryimage"},"thumbnailUrl":"https:\/\/m.media-amazon.com\/images\/I\/41f5DdJcRiL._SL500_.jpg","datePublished":"2024-05-29T12:39:49+00:00","description":"Markt-XXL AISIR Slim Wallet mit M\u00fcnzfach, Kartenetui &amp; RFID-Schutz, Mini Geldb\u00f6rse Herren - Geldbeutel Herren - Portmonee Herren Portemonnaie Klein (Braun)","breadcrumb":{"@id":"https:\/\/marktxxl.de\/markt\/produkt\/aisir-slim-wallet-mit-muenzfach-kartenetui-rfid-schutz-mini-geldboerse-herren-geldbeutel-herren-portmonee-herren-portemonnaie-klein-braun\/#breadcrumb"},"inLanguage":"de","potentialAction":[{"@type":"ReadAction","target":["https:\/\/marktxxl.de\/markt\/produkt\/aisir-slim-wallet-mit-muenzfach-kartenetui-rfid-schutz-mini-geldboerse-herren-geldbeutel-herren-portmonee-herren-portemonnaie-klein-braun\/"]}]},{"@type":"ImageObject","inLanguage":"de","@id":"https:\/\/marktxxl.de\/markt\/produkt\/aisir-slim-wallet-mit-muenzfach-kartenetui-rfid-schutz-mini-geldboerse-herren-geldbeutel-herren-portmonee-herren-portemonnaie-klein-braun\/#primaryimage","url":"https:\/\/m.media-amazon.com\/images\/I\/41f5DdJcRiL._SL500_.jpg","contentUrl":"https:\/\/m.media-amazon.com\/images\/I\/41f5DdJcRiL._SL500_.jpg","width":500,"height":500},{"@type":"BreadcrumbList","@id":"https:\/\/marktxxl.de\/markt\/produkt\/aisir-slim-wallet-mit-muenzfach-kartenetui-rfid-schutz-mini-geldboerse-herren-geldbeutel-herren-portmonee-herren-portemonnaie-klein-braun\/#breadcrumb","itemListElement":[{"@type":"ListItem","position":1,"name":"Startseite","item":"https:\/\/marktxxl.de\/markt\/"},{"@type":"ListItem","position":2,"name":"Markt","item":"https:\/\/marktxxl.de\/markt\/"},{"@type":"ListItem","position":3,"name":"AISIR Slim Wallet mit M\u00fcnzfach, Kartenetui &amp; RFID-Schutz, Mini Geldb\u00f6rse Herren &#8211; Geldbeutel Herren &#8211; Portmonee Herren Portemonnaie Klein (Braun)"}]},{"@type":"WebSite","@id":"https:\/\/marktxxl.de\/markt\/#website","url":"https:\/\/marktxxl.de\/markt\/","name":"Markt-XXL","description":"Ihr Markt Online","publisher":{"@id":"https:\/\/marktxxl.de\/markt\/#organization"},"potentialAction":[{"@type":"SearchAction","target":{"@type":"EntryPoint","urlTemplate":"https:\/\/marktxxl.de\/markt\/?s={search_term_string}"},"query-input":{"@type":"PropertyValueSpecification","valueRequired":true,"valueName":"search_term_string"}}],"inLanguage":"de"},{"@type":"Organization","@id":"https:\/\/marktxxl.de\/markt\/#organization","name":"Markt-XXL","url":"https:\/\/marktxxl.de\/markt\/","logo":{"@type":"ImageObject","inLanguage":"de","@id":"https:\/\/marktxxl.de\/markt\/#\/schema\/logo\/image\/","url":"https:\/\/marktxxl.de\/markt\/wp-content\/uploads\/sites\/3\/2020\/12\/logo.png","contentUrl":"https:\/\/marktxxl.de\/markt\/wp-content\/uploads\/sites\/3\/2020\/12\/logo.png","width":200,"height":70,"caption":"Markt-XXL"},"image":{"@id":"https:\/\/marktxxl.de\/markt\/#\/schema\/logo\/image\/"}}]}},"_links":{"self":[{"href":"https:\/\/marktxxl.de\/markt\/wp-json\/wp\/v2\/product\/210225","targetHints":{"allow":["GET"]}}],"collection":[{"href":"https:\/\/marktxxl.de\/markt\/wp-json\/wp\/v2\/product"}],"about":[{"href":"https:\/\/marktxxl.de\/markt\/wp-json\/wp\/v2\/types\/product"}],"replies":[{"embeddable":true,"href":"https:\/\/marktxxl.de\/markt\/wp-json\/wp\/v2\/comments?post=210225"}],"wp:featuredmedia":[{"embeddable":true,"href":"https:\/\/marktxxl.de\/markt\/wp-json\/wp\/v2\/media\/210226"}],"wp:attachment":[{"href":"https:\/\/marktxxl.de\/markt\/wp-json\/wp\/v2\/media?parent=210225"}],"wp:term":[{"taxonomy":"product_brand","embeddable":true,"href":"https:\/\/marktxxl.de\/markt\/wp-json\/wp\/v2\/product_brand?post=210225"},{"taxonomy":"product_cat","embeddable":true,"href":"https:\/\/marktxxl.de\/markt\/wp-json\/wp\/v2\/product_cat?post=210225"},{"taxonomy":"product_tag","embeddable":true,"href":"https:\/\/marktxxl.de\/markt\/wp-json\/wp\/v2\/product_tag?post=210225"}],"curies":[{"name":"wp","href":"https:\/\/api.w.org\/{rel}","templated":true}]}}