{"id":210204,"date":"2024-05-29T14:39:28","date_gmt":"2024-05-29T12:39:28","guid":{"rendered":"https:\/\/marktxxl.de\/markt\/produkt\/nageltrockner-aokyom-uv-led-lampe-fuer-naegel-professionelle-nagellampe-mit-10-30-60-99s-timer-lcd-anzeige-und-smart-sensor-fuer-finger-zehennagel\/"},"modified":"2024-05-29T14:39:28","modified_gmt":"2024-05-29T12:39:28","slug":"nageltrockner-aokyom-uv-led-lampe-fuer-naegel-professionelle-nagellampe-mit-10-30-60-99s-timer-lcd-anzeige-und-smart-sensor-fuer-finger-zehennagel","status":"publish","type":"product","link":"https:\/\/marktxxl.de\/markt\/produkt\/nageltrockner-aokyom-uv-led-lampe-fuer-naegel-professionelle-nagellampe-mit-10-30-60-99s-timer-lcd-anzeige-und-smart-sensor-fuer-finger-zehennagel\/","title":{"rendered":"Nageltrockner Aokyom UV LED Lampe f\u00fcr N\u00e4gel Professionelle Nagellampe mit 10\/30\/60\/99s Timer LCD Anzeige und Smart Sensor f\u00fcr Finger\/Zehennagel"},"content":{"rendered":"<p>\ud83c\udf38\ud83c\udf38 \u3010Smart Sensor\u3011 Der Infrarotsensor der Aokyom Nagellampe ist auf beiden Seiten des Produkts installiert. Wenn Sie Ihre Hand hineinlegen, wird sie automatisch eingeschaltet. Sie m\u00fcssen den Knopf nicht lange dr\u00fccken, er schaltet sich aus, wenn Sie die Hand ausstrecken, was sehr praktisch ist. Das hochaufl\u00f6sende LCD-Display zeigt die verbleibenden Sekunden an. Dies gibt Ihnen eine bessere Auswahl an Modi und kl\u00e4rt die Zeit, die Sie ben\u00f6tigen.<br \/>\n\ud83c\udf38\ud83c\udf38 \u3010168W LED Nageltrockner und superschnelle Trocknung\u3011 168-W-UV-LED-Lampenperlen basieren auf fortschrittlicher Dual-Waveength-Technologie (365 nm + 405 nm), sodass sie schnell getrocknet werden k\u00f6nnen, um verschiedene Arten von Nagellack, Strasssteinen und Leimh\u00e4rtung aufzutragen . Ausgestattet mit 36 \u200b\u200blanglebigen LED-Lampenperlen gleichzeitig k\u00f6nnen mit Nagellack beschichtete N\u00e4gel schnell getrocknet und die Aush\u00e4rtezeit um 80% verk\u00fcrzt werden.<br \/>\n\ud83c\udf38\ud83c\udf38 \u30104 Timer und automatische Induktion\u3011 Der Nageltrockner bietet 4 Trocknungszeiten: 10s, 30s, 60s, 99s. Sie k\u00f6nnen es entsprechend Ihren Bed\u00fcrfnissen und Nagelzustand einstellen. Wenn Sie Ihre H\u00e4nde in den LED-Nageltrockner legen, ohne die Zeiteinstellungstaste zu dr\u00fccken, wird der 99s-Niedrigw\u00e4rmemodus aktiviert. Das weiche Licht ist n\u00e4her am wei\u00dfen Licht und schadet weder Augen noch Haut.<br \/>\n\ud83c\udf38\ud83c\udf38 \u3010Tragbares, gro\u00dfes Zimmer\u3011 UV-LED-Nagellicht ist einfach zu bedienen. Schlie\u00dfen Sie es einfach an das Netzteil an. Noch besser ist, dass dieser Nageltrockner eine gro\u00dfe \u00d6ffnung hat, mit der Sie 10 N\u00e4gel oder 10 Zehenn\u00e4gel gleichzeitig trocknen k\u00f6nnen. Die wei\u00dfe Basis ist abnehmbar und das LCD-Display zeigt die Aush\u00e4rtezeit an, wodurch Ihr Manik\u00fcreprozess besser sichtbar wird. Sie k\u00f6nnen es auf Sofas, G\u00e4rten und Betten mit Powerbanks verwenden.<br \/>\n\ud83c\udf38\ud83c\udf38 \u3010Perfektes Geschenk\u3011 Wenn Sie ein Nagelstudio sind, sind Aokyom Nagellichter f\u00fcr Sie sehr wichtig. Gleichzeitig ist es das perfekte Geschenk f\u00fcr Familie und Freunde an Weihnachten, Geburtstag, Muttertag und Valentinstag.Ihre Zufriedenheit ist unser oberstes Ziel, wir sind dabei, die Verpackung des Produkts zu verbessern, die alte und neue Verpackung wird zuf\u00e4llig versandt, aber die Funktion der Nagellampe ist genau die gleiche, bitte seien Sie versichert, dass Sie sie benutzen k\u00f6nnen!<br \/>\n<div class=\"main-cross-sell\" data-asin=\"B0CYL4BL8V\">\n\n\t<div class=\"WooZone-cross-sell-loader\">\n\t\t<div>\n\t\t\t<div id=\"floatingBarsG\">\n\t\t\t\t<div class=\"blockG\" id=\"rotateG_01\"><\/div>\n\t\t\t\t<div class=\"blockG\" id=\"rotateG_02\"><\/div>\n\t\t\t\t<div class=\"blockG\" id=\"rotateG_03\"><\/div>\n\t\t\t\t<div class=\"blockG\" id=\"rotateG_04\"><\/div>\n\t\t\t\t<div class=\"blockG\" id=\"rotateG_05\"><\/div>\n\t\t\t\t<div class=\"blockG\" id=\"rotateG_06\"><\/div>\n\t\t\t\t<div class=\"blockG\" id=\"rotateG_07\"><\/div>\n\t\t\t\t<div class=\"blockG\" id=\"rotateG_08\"><\/div>\n\t\t\t<\/div>\n\t\t\t<div class=\"WooZone-cross-sell-loader-text\"><\/div>\n\t\t<\/div>\n\t<\/div>\n\n\t\t\n<\/div>\n<div style=\"clear:both;\"><\/div><\/p>\n","protected":false},"excerpt":{"rendered":"<p>\ud83c\udf38\ud83c\udf38 \u3010Smart Sensor\u3011 Der Infrarotsensor der Aokyom Nagellampe ist auf beiden Seiten des Produkts installiert. Wenn Sie Ihre Hand hineinlegen, wird sie automatisch eingeschaltet. Sie m\u00fcssen den Knopf nicht lange dr\u00fccken, er schaltet sich aus, wenn Sie die Hand ausstrecken, was sehr praktisch ist. Das hochaufl\u00f6sende LCD-Display zeigt die verbleibenden Sekunden an. Dies gibt Ihnen eine bessere Auswahl an Modi und kl\u00e4rt die Zeit, die Sie ben\u00f6tigen.<br \/>\n\ud83c\udf38\ud83c\udf38 \u3010168W LED Nageltrockner und superschnelle Trocknung\u3011 168-W-UV-LED-Lampenperlen basieren auf fortschrittlicher Dual-Waveength-Technologie (365 nm + 405 nm), sodass sie schnell getrocknet werden k\u00f6nnen, um verschiedene Arten von Nagellack, Strasssteinen und Leimh\u00e4rtung aufzutragen . Ausgestattet mit 36 \u200b\u200blanglebigen LED-Lampenperlen gleichzeitig k\u00f6nnen mit Nagellack beschichtete N\u00e4gel schnell getrocknet und die Aush\u00e4rtezeit um 80% verk\u00fcrzt werden.<br \/>\n\ud83c\udf38\ud83c\udf38 \u30104 Timer und automatische Induktion\u3011 Der Nageltrockner bietet 4 Trocknungszeiten: 10s, 30s, 60s, 99s. Sie k\u00f6nnen es entsprechend Ihren Bed\u00fcrfnissen und Nagelzustand einstellen. Wenn Sie Ihre H\u00e4nde in den LED-Nageltrockner legen, ohne die Zeiteinstellungstaste zu dr\u00fccken, wird der 99s-Niedrigw\u00e4rmemodus aktiviert. Das weiche Licht ist n\u00e4her am wei\u00dfen Licht und schadet weder Augen noch Haut.<\/p>\n","protected":false},"featured_media":210205,"comment_status":"open","ping_status":"closed","template":"","meta":[],"product_brand":[],"product_cat":[2858,7659],"product_tag":[],"class_list":{"0":"post-210204","1":"product","2":"type-product","3":"status-publish","4":"has-post-thumbnail","6":"product_cat-beauty","7":"product_cat-manikuere-pedikuere","8":"pa_brand-aokyom","9":"pa_manufacturer-aokyom","11":"first","12":"instock","13":"shipping-taxable","14":"product-type-simple","15":"customify-col","16":"product-has-gallery"},"yoast_head":"<!-- This site is optimized with the Yoast SEO plugin v27.4 - https:\/\/yoast.com\/product\/yoast-seo-wordpress\/ -->\n<title>Nageltrockner Aokyom UV LED Lampe f\u00fcr N\u00e4gel Professionelle Nagellampe mit 10\/30\/60\/99s Timer LCD Anzeige und Smart Sensor f\u00fcr Finger\/Zehennagel - Markt-XXL<\/title>\n<meta name=\"description\" content=\"Markt-XXL Nageltrockner Aokyom UV LED Lampe f\u00fcr N\u00e4gel Professionelle Nagellampe mit 10\/30\/60\/99s Timer LCD Anzeige und Smart Sensor f\u00fcr Finger\/Zehennagel\" \/>\n<meta name=\"robots\" content=\"index, follow, max-snippet:-1, max-image-preview:large, max-video-preview:-1\" \/>\n<link rel=\"canonical\" href=\"https:\/\/marktxxl.de\/markt\/produkt\/nageltrockner-aokyom-uv-led-lampe-fuer-naegel-professionelle-nagellampe-mit-10-30-60-99s-timer-lcd-anzeige-und-smart-sensor-fuer-finger-zehennagel\/\" \/>\n<meta property=\"og:locale\" content=\"de_DE\" \/>\n<meta property=\"og:type\" content=\"article\" \/>\n<meta property=\"og:title\" content=\"Nageltrockner Aokyom UV LED Lampe f\u00fcr N\u00e4gel Professionelle Nagellampe mit 10\/30\/60\/99s Timer LCD Anzeige und Smart Sensor f\u00fcr Finger\/Zehennagel - Markt-XXL\" \/>\n<meta property=\"og:description\" content=\"Markt-XXL Nageltrockner Aokyom UV LED Lampe f\u00fcr N\u00e4gel Professionelle Nagellampe mit 10\/30\/60\/99s Timer LCD Anzeige und Smart Sensor f\u00fcr Finger\/Zehennagel\" \/>\n<meta property=\"og:url\" content=\"https:\/\/marktxxl.de\/markt\/produkt\/nageltrockner-aokyom-uv-led-lampe-fuer-naegel-professionelle-nagellampe-mit-10-30-60-99s-timer-lcd-anzeige-und-smart-sensor-fuer-finger-zehennagel\/\" \/>\n<meta property=\"og:site_name\" content=\"Markt-XXL\" \/>\n<meta name=\"twitter:card\" content=\"summary_large_image\" \/>\n<meta name=\"twitter:label1\" content=\"Gesch\u00e4tzte Lesezeit\" \/>\n\t<meta name=\"twitter:data1\" content=\"2\u00a0Minuten\" \/>\n<script type=\"application\/ld+json\" class=\"yoast-schema-graph\">{\"@context\":\"https:\\\/\\\/schema.org\",\"@graph\":[{\"@type\":\"WebPage\",\"@id\":\"https:\\\/\\\/marktxxl.de\\\/markt\\\/produkt\\\/nageltrockner-aokyom-uv-led-lampe-fuer-naegel-professionelle-nagellampe-mit-10-30-60-99s-timer-lcd-anzeige-und-smart-sensor-fuer-finger-zehennagel\\\/\",\"url\":\"https:\\\/\\\/marktxxl.de\\\/markt\\\/produkt\\\/nageltrockner-aokyom-uv-led-lampe-fuer-naegel-professionelle-nagellampe-mit-10-30-60-99s-timer-lcd-anzeige-und-smart-sensor-fuer-finger-zehennagel\\\/\",\"name\":\"Nageltrockner Aokyom UV LED Lampe f\u00fcr N\u00e4gel Professionelle Nagellampe mit 10\\\/30\\\/60\\\/99s Timer LCD Anzeige und Smart Sensor f\u00fcr Finger\\\/Zehennagel - Markt-XXL\",\"isPartOf\":{\"@id\":\"https:\\\/\\\/marktxxl.de\\\/markt\\\/#website\"},\"primaryImageOfPage\":{\"@id\":\"https:\\\/\\\/marktxxl.de\\\/markt\\\/produkt\\\/nageltrockner-aokyom-uv-led-lampe-fuer-naegel-professionelle-nagellampe-mit-10-30-60-99s-timer-lcd-anzeige-und-smart-sensor-fuer-finger-zehennagel\\\/#primaryimage\"},\"image\":{\"@id\":\"https:\\\/\\\/marktxxl.de\\\/markt\\\/produkt\\\/nageltrockner-aokyom-uv-led-lampe-fuer-naegel-professionelle-nagellampe-mit-10-30-60-99s-timer-lcd-anzeige-und-smart-sensor-fuer-finger-zehennagel\\\/#primaryimage\"},\"thumbnailUrl\":\"https:\\\/\\\/m.media-amazon.com\\\/images\\\/I\\\/41I3Dh5V4LS._SL500_.jpg\",\"datePublished\":\"2024-05-29T12:39:28+00:00\",\"description\":\"Markt-XXL Nageltrockner Aokyom UV LED Lampe f\u00fcr N\u00e4gel Professionelle Nagellampe mit 10\\\/30\\\/60\\\/99s Timer LCD Anzeige und Smart Sensor f\u00fcr Finger\\\/Zehennagel\",\"breadcrumb\":{\"@id\":\"https:\\\/\\\/marktxxl.de\\\/markt\\\/produkt\\\/nageltrockner-aokyom-uv-led-lampe-fuer-naegel-professionelle-nagellampe-mit-10-30-60-99s-timer-lcd-anzeige-und-smart-sensor-fuer-finger-zehennagel\\\/#breadcrumb\"},\"inLanguage\":\"de\",\"potentialAction\":[{\"@type\":\"ReadAction\",\"target\":[\"https:\\\/\\\/marktxxl.de\\\/markt\\\/produkt\\\/nageltrockner-aokyom-uv-led-lampe-fuer-naegel-professionelle-nagellampe-mit-10-30-60-99s-timer-lcd-anzeige-und-smart-sensor-fuer-finger-zehennagel\\\/\"]}]},{\"@type\":\"ImageObject\",\"inLanguage\":\"de\",\"@id\":\"https:\\\/\\\/marktxxl.de\\\/markt\\\/produkt\\\/nageltrockner-aokyom-uv-led-lampe-fuer-naegel-professionelle-nagellampe-mit-10-30-60-99s-timer-lcd-anzeige-und-smart-sensor-fuer-finger-zehennagel\\\/#primaryimage\",\"url\":\"https:\\\/\\\/m.media-amazon.com\\\/images\\\/I\\\/41I3Dh5V4LS._SL500_.jpg\",\"contentUrl\":\"https:\\\/\\\/m.media-amazon.com\\\/images\\\/I\\\/41I3Dh5V4LS._SL500_.jpg\",\"width\":500,\"height\":500},{\"@type\":\"BreadcrumbList\",\"@id\":\"https:\\\/\\\/marktxxl.de\\\/markt\\\/produkt\\\/nageltrockner-aokyom-uv-led-lampe-fuer-naegel-professionelle-nagellampe-mit-10-30-60-99s-timer-lcd-anzeige-und-smart-sensor-fuer-finger-zehennagel\\\/#breadcrumb\",\"itemListElement\":[{\"@type\":\"ListItem\",\"position\":1,\"name\":\"Startseite\",\"item\":\"https:\\\/\\\/marktxxl.de\\\/markt\\\/\"},{\"@type\":\"ListItem\",\"position\":2,\"name\":\"Markt\",\"item\":\"https:\\\/\\\/marktxxl.de\\\/markt\\\/\"},{\"@type\":\"ListItem\",\"position\":3,\"name\":\"Nageltrockner Aokyom UV LED Lampe f\u00fcr N\u00e4gel Professionelle Nagellampe mit 10\\\/30\\\/60\\\/99s Timer LCD Anzeige und Smart Sensor f\u00fcr Finger\\\/Zehennagel\"}]},{\"@type\":\"WebSite\",\"@id\":\"https:\\\/\\\/marktxxl.de\\\/markt\\\/#website\",\"url\":\"https:\\\/\\\/marktxxl.de\\\/markt\\\/\",\"name\":\"Markt-XXL\",\"description\":\"Ihr Markt Online\",\"publisher\":{\"@id\":\"https:\\\/\\\/marktxxl.de\\\/markt\\\/#organization\"},\"potentialAction\":[{\"@type\":\"SearchAction\",\"target\":{\"@type\":\"EntryPoint\",\"urlTemplate\":\"https:\\\/\\\/marktxxl.de\\\/markt\\\/?s={search_term_string}\"},\"query-input\":{\"@type\":\"PropertyValueSpecification\",\"valueRequired\":true,\"valueName\":\"search_term_string\"}}],\"inLanguage\":\"de\"},{\"@type\":\"Organization\",\"@id\":\"https:\\\/\\\/marktxxl.de\\\/markt\\\/#organization\",\"name\":\"Markt-XXL\",\"url\":\"https:\\\/\\\/marktxxl.de\\\/markt\\\/\",\"logo\":{\"@type\":\"ImageObject\",\"inLanguage\":\"de\",\"@id\":\"https:\\\/\\\/marktxxl.de\\\/markt\\\/#\\\/schema\\\/logo\\\/image\\\/\",\"url\":\"https:\\\/\\\/marktxxl.de\\\/markt\\\/wp-content\\\/uploads\\\/sites\\\/3\\\/2020\\\/12\\\/logo.png\",\"contentUrl\":\"https:\\\/\\\/marktxxl.de\\\/markt\\\/wp-content\\\/uploads\\\/sites\\\/3\\\/2020\\\/12\\\/logo.png\",\"width\":200,\"height\":70,\"caption\":\"Markt-XXL\"},\"image\":{\"@id\":\"https:\\\/\\\/marktxxl.de\\\/markt\\\/#\\\/schema\\\/logo\\\/image\\\/\"}}]}<\/script>\n<!-- \/ Yoast SEO plugin. -->","yoast_head_json":{"title":"Nageltrockner Aokyom UV LED Lampe f\u00fcr N\u00e4gel Professionelle Nagellampe mit 10\/30\/60\/99s Timer LCD Anzeige und Smart Sensor f\u00fcr Finger\/Zehennagel - Markt-XXL","description":"Markt-XXL Nageltrockner Aokyom UV LED Lampe f\u00fcr N\u00e4gel Professionelle Nagellampe mit 10\/30\/60\/99s Timer LCD Anzeige und Smart Sensor f\u00fcr Finger\/Zehennagel","robots":{"index":"index","follow":"follow","max-snippet":"max-snippet:-1","max-image-preview":"max-image-preview:large","max-video-preview":"max-video-preview:-1"},"canonical":"https:\/\/marktxxl.de\/markt\/produkt\/nageltrockner-aokyom-uv-led-lampe-fuer-naegel-professionelle-nagellampe-mit-10-30-60-99s-timer-lcd-anzeige-und-smart-sensor-fuer-finger-zehennagel\/","og_locale":"de_DE","og_type":"article","og_title":"Nageltrockner Aokyom UV LED Lampe f\u00fcr N\u00e4gel Professionelle Nagellampe mit 10\/30\/60\/99s Timer LCD Anzeige und Smart Sensor f\u00fcr Finger\/Zehennagel - Markt-XXL","og_description":"Markt-XXL Nageltrockner Aokyom UV LED Lampe f\u00fcr N\u00e4gel Professionelle Nagellampe mit 10\/30\/60\/99s Timer LCD Anzeige und Smart Sensor f\u00fcr Finger\/Zehennagel","og_url":"https:\/\/marktxxl.de\/markt\/produkt\/nageltrockner-aokyom-uv-led-lampe-fuer-naegel-professionelle-nagellampe-mit-10-30-60-99s-timer-lcd-anzeige-und-smart-sensor-fuer-finger-zehennagel\/","og_site_name":"Markt-XXL","twitter_card":"summary_large_image","twitter_misc":{"Gesch\u00e4tzte Lesezeit":"2\u00a0Minuten"},"schema":{"@context":"https:\/\/schema.org","@graph":[{"@type":"WebPage","@id":"https:\/\/marktxxl.de\/markt\/produkt\/nageltrockner-aokyom-uv-led-lampe-fuer-naegel-professionelle-nagellampe-mit-10-30-60-99s-timer-lcd-anzeige-und-smart-sensor-fuer-finger-zehennagel\/","url":"https:\/\/marktxxl.de\/markt\/produkt\/nageltrockner-aokyom-uv-led-lampe-fuer-naegel-professionelle-nagellampe-mit-10-30-60-99s-timer-lcd-anzeige-und-smart-sensor-fuer-finger-zehennagel\/","name":"Nageltrockner Aokyom UV LED Lampe f\u00fcr N\u00e4gel Professionelle Nagellampe mit 10\/30\/60\/99s Timer LCD Anzeige und Smart Sensor f\u00fcr Finger\/Zehennagel - Markt-XXL","isPartOf":{"@id":"https:\/\/marktxxl.de\/markt\/#website"},"primaryImageOfPage":{"@id":"https:\/\/marktxxl.de\/markt\/produkt\/nageltrockner-aokyom-uv-led-lampe-fuer-naegel-professionelle-nagellampe-mit-10-30-60-99s-timer-lcd-anzeige-und-smart-sensor-fuer-finger-zehennagel\/#primaryimage"},"image":{"@id":"https:\/\/marktxxl.de\/markt\/produkt\/nageltrockner-aokyom-uv-led-lampe-fuer-naegel-professionelle-nagellampe-mit-10-30-60-99s-timer-lcd-anzeige-und-smart-sensor-fuer-finger-zehennagel\/#primaryimage"},"thumbnailUrl":"https:\/\/m.media-amazon.com\/images\/I\/41I3Dh5V4LS._SL500_.jpg","datePublished":"2024-05-29T12:39:28+00:00","description":"Markt-XXL Nageltrockner Aokyom UV LED Lampe f\u00fcr N\u00e4gel Professionelle Nagellampe mit 10\/30\/60\/99s Timer LCD Anzeige und Smart Sensor f\u00fcr Finger\/Zehennagel","breadcrumb":{"@id":"https:\/\/marktxxl.de\/markt\/produkt\/nageltrockner-aokyom-uv-led-lampe-fuer-naegel-professionelle-nagellampe-mit-10-30-60-99s-timer-lcd-anzeige-und-smart-sensor-fuer-finger-zehennagel\/#breadcrumb"},"inLanguage":"de","potentialAction":[{"@type":"ReadAction","target":["https:\/\/marktxxl.de\/markt\/produkt\/nageltrockner-aokyom-uv-led-lampe-fuer-naegel-professionelle-nagellampe-mit-10-30-60-99s-timer-lcd-anzeige-und-smart-sensor-fuer-finger-zehennagel\/"]}]},{"@type":"ImageObject","inLanguage":"de","@id":"https:\/\/marktxxl.de\/markt\/produkt\/nageltrockner-aokyom-uv-led-lampe-fuer-naegel-professionelle-nagellampe-mit-10-30-60-99s-timer-lcd-anzeige-und-smart-sensor-fuer-finger-zehennagel\/#primaryimage","url":"https:\/\/m.media-amazon.com\/images\/I\/41I3Dh5V4LS._SL500_.jpg","contentUrl":"https:\/\/m.media-amazon.com\/images\/I\/41I3Dh5V4LS._SL500_.jpg","width":500,"height":500},{"@type":"BreadcrumbList","@id":"https:\/\/marktxxl.de\/markt\/produkt\/nageltrockner-aokyom-uv-led-lampe-fuer-naegel-professionelle-nagellampe-mit-10-30-60-99s-timer-lcd-anzeige-und-smart-sensor-fuer-finger-zehennagel\/#breadcrumb","itemListElement":[{"@type":"ListItem","position":1,"name":"Startseite","item":"https:\/\/marktxxl.de\/markt\/"},{"@type":"ListItem","position":2,"name":"Markt","item":"https:\/\/marktxxl.de\/markt\/"},{"@type":"ListItem","position":3,"name":"Nageltrockner Aokyom UV LED Lampe f\u00fcr N\u00e4gel Professionelle Nagellampe mit 10\/30\/60\/99s Timer LCD Anzeige und Smart Sensor f\u00fcr Finger\/Zehennagel"}]},{"@type":"WebSite","@id":"https:\/\/marktxxl.de\/markt\/#website","url":"https:\/\/marktxxl.de\/markt\/","name":"Markt-XXL","description":"Ihr Markt Online","publisher":{"@id":"https:\/\/marktxxl.de\/markt\/#organization"},"potentialAction":[{"@type":"SearchAction","target":{"@type":"EntryPoint","urlTemplate":"https:\/\/marktxxl.de\/markt\/?s={search_term_string}"},"query-input":{"@type":"PropertyValueSpecification","valueRequired":true,"valueName":"search_term_string"}}],"inLanguage":"de"},{"@type":"Organization","@id":"https:\/\/marktxxl.de\/markt\/#organization","name":"Markt-XXL","url":"https:\/\/marktxxl.de\/markt\/","logo":{"@type":"ImageObject","inLanguage":"de","@id":"https:\/\/marktxxl.de\/markt\/#\/schema\/logo\/image\/","url":"https:\/\/marktxxl.de\/markt\/wp-content\/uploads\/sites\/3\/2020\/12\/logo.png","contentUrl":"https:\/\/marktxxl.de\/markt\/wp-content\/uploads\/sites\/3\/2020\/12\/logo.png","width":200,"height":70,"caption":"Markt-XXL"},"image":{"@id":"https:\/\/marktxxl.de\/markt\/#\/schema\/logo\/image\/"}}]}},"_links":{"self":[{"href":"https:\/\/marktxxl.de\/markt\/wp-json\/wp\/v2\/product\/210204","targetHints":{"allow":["GET"]}}],"collection":[{"href":"https:\/\/marktxxl.de\/markt\/wp-json\/wp\/v2\/product"}],"about":[{"href":"https:\/\/marktxxl.de\/markt\/wp-json\/wp\/v2\/types\/product"}],"replies":[{"embeddable":true,"href":"https:\/\/marktxxl.de\/markt\/wp-json\/wp\/v2\/comments?post=210204"}],"wp:featuredmedia":[{"embeddable":true,"href":"https:\/\/marktxxl.de\/markt\/wp-json\/wp\/v2\/media\/210205"}],"wp:attachment":[{"href":"https:\/\/marktxxl.de\/markt\/wp-json\/wp\/v2\/media?parent=210204"}],"wp:term":[{"taxonomy":"product_brand","embeddable":true,"href":"https:\/\/marktxxl.de\/markt\/wp-json\/wp\/v2\/product_brand?post=210204"},{"taxonomy":"product_cat","embeddable":true,"href":"https:\/\/marktxxl.de\/markt\/wp-json\/wp\/v2\/product_cat?post=210204"},{"taxonomy":"product_tag","embeddable":true,"href":"https:\/\/marktxxl.de\/markt\/wp-json\/wp\/v2\/product_tag?post=210204"}],"curies":[{"name":"wp","href":"https:\/\/api.w.org\/{rel}","templated":true}]}}