{"id":210185,"date":"2024-05-29T14:36:16","date_gmt":"2024-05-29T12:36:16","guid":{"rendered":"https:\/\/marktxxl.de\/markt\/produkt\/shoran-hornhautentferner-elektrisch-stark-extreme-hornhaut-entfernen-fuss-wiederaufladbar-profi-elektrischer-hornhautentferner-fuesse\/"},"modified":"2024-05-29T14:36:16","modified_gmt":"2024-05-29T12:36:16","slug":"shoran-hornhautentferner-elektrisch-stark-extreme-hornhaut-entfernen-fuss-wiederaufladbar-profi-elektrischer-hornhautentferner-fuesse","status":"publish","type":"product","link":"https:\/\/marktxxl.de\/markt\/produkt\/shoran-hornhautentferner-elektrisch-stark-extreme-hornhaut-entfernen-fuss-wiederaufladbar-profi-elektrischer-hornhautentferner-fuesse\/","title":{"rendered":"SHORAN Hornhautentferner Elektrisch Stark, Extreme Hornhaut Entfernen Fu\u00df Wiederaufladbar, Profi Elektrischer Hornhautentferner F\u00fc\u00dfe"},"content":{"rendered":"<p>\u3010Komfort und Effizienz\u3011Im Vergleich zu herk\u00f6mmlichen Werkzeugen wie hornhautraspel, hornhauthobel, fussstein, hornhaut pflaster und Fu\u00dfpeelings k\u00f6nnen Sie mit dem elektrischen Fu\u00dfraspel SHORAN abgestorbene hornhaut und stark Haut an der Ferse einfacher und bequemer entfernen, ohne zus\u00e4tzlichen Aufwand, Schmerzen oder sogar Verletzungen. Wird mit 2 zus\u00e4tzlichen Ersatzrollen geliefert, um verschiedene Fu\u00dfprobleme zu l\u00f6sen und glatte F\u00fc\u00dfe zu erhalten, geeignet f\u00fcr m\u00e4nner und Frau.<br \/>\n\u30102 Geschwindigkeiten\u3011Der hornhautentferner elektrisch SHORAN verf\u00fcgt \u00fcber einen stabilen, leistungsstarken Motor und 2 Geschwindigkeiten: 17.000 U\/min bei niedriger Geschwindigkeit f\u00fcr zarte Haut und 23.000 U\/min bei hoher Geschwindigkeit f\u00fcr Horn Haut.<br \/>\n\u3010Hochleistungsakku und digitale Anzeige\u3011Der profi elektrische Fu\u00dfschleifer von SHORAN ist mit einem 1200mah Lithium &#8211; Ionen akku ausgestattet, der getestet wurde und nach einer vollen Ladung bis zu 8 Stunden halten kann. Die LED-Anzeige auf dem Bildschirm zeigt die verbleibende Leistung im Betrieb oder beim Laden an. Der Ladevorgang dauert nur 2-3 Stunden, es wird empfohlen, das USB-Kabel zum Anschluss an einen Computer, eine Powerbank oder ein Ladeger\u00e4t mit 5V 1A zu verwenden (verwenden Sie kein Schnellladeger\u00e4t mit zu hoher Stromst\u00e4rke, um eine Besch\u00e4digung der Platine zu vermeiden).<br \/>\n\u3010LED-Spot\u3011Die LED-Scheinwerfer an Ihrem elektrischen fu\u00dfpflegeger\u00e4te helfen Ihnen, die Details Ihrer F\u00fc\u00dfe auch im Dunkeln klar zu erkennen und harte Haut leicht zu entfernen, wodurch Sie mehr Energie sparen als bei anderen Modellen.<br \/>\n\u3010Perfekte Geschenkidee\u3011Die SHORAN hornhaut entfernen fu\u00df sind ideal f\u00fcr eine regelm\u00e4\u00dfige profi Pedik\u00fcre zu Hause. Gleichzeitig macht sie ihre N\u00fctzlichkeit zu einem gro\u00dfartigen Geschenk f\u00fcr Eltern, Familie oder Freunde, denn Fu\u00dfpflege ist f\u00fcr jeden wichtig.<br \/>\n<div class=\"main-cross-sell\" data-asin=\"B0D3WCGC26\">\n\n\t<div class=\"WooZone-cross-sell-loader\">\n\t\t<div>\n\t\t\t<div id=\"floatingBarsG\">\n\t\t\t\t<div class=\"blockG\" id=\"rotateG_01\"><\/div>\n\t\t\t\t<div class=\"blockG\" id=\"rotateG_02\"><\/div>\n\t\t\t\t<div class=\"blockG\" id=\"rotateG_03\"><\/div>\n\t\t\t\t<div class=\"blockG\" id=\"rotateG_04\"><\/div>\n\t\t\t\t<div class=\"blockG\" id=\"rotateG_05\"><\/div>\n\t\t\t\t<div class=\"blockG\" id=\"rotateG_06\"><\/div>\n\t\t\t\t<div class=\"blockG\" id=\"rotateG_07\"><\/div>\n\t\t\t\t<div class=\"blockG\" id=\"rotateG_08\"><\/div>\n\t\t\t<\/div>\n\t\t\t<div class=\"WooZone-cross-sell-loader-text\"><\/div>\n\t\t<\/div>\n\t<\/div>\n\n\t\t\n<\/div>\n<div style=\"clear:both;\"><\/div><\/p>\n","protected":false},"excerpt":{"rendered":"<p>\u3010Komfort und Effizienz\u3011Im Vergleich zu herk\u00f6mmlichen Werkzeugen wie hornhautraspel, hornhauthobel, fussstein, hornhaut pflaster und Fu\u00dfpeelings k\u00f6nnen Sie mit dem elektrischen Fu\u00dfraspel SHORAN abgestorbene hornhaut und stark Haut an der Ferse einfacher und bequemer entfernen, ohne zus\u00e4tzlichen Aufwand, Schmerzen oder sogar Verletzungen. Wird mit 2 zus\u00e4tzlichen Ersatzrollen geliefert, um verschiedene Fu\u00dfprobleme zu l\u00f6sen und glatte F\u00fc\u00dfe zu erhalten, geeignet f\u00fcr m\u00e4nner und Frau.<br \/>\n\u30102 Geschwindigkeiten\u3011Der hornhautentferner elektrisch SHORAN verf\u00fcgt \u00fcber einen stabilen, leistungsstarken Motor und 2 Geschwindigkeiten: 17.000 U\/min bei niedriger Geschwindigkeit f\u00fcr zarte Haut und 23.000 U\/min bei hoher Geschwindigkeit f\u00fcr Horn Haut.<br \/>\n\u3010Hochleistungsakku und digitale Anzeige\u3011Der profi elektrische Fu\u00dfschleifer von SHORAN ist mit einem 1200mah Lithium &#8211; Ionen akku ausgestattet, der getestet wurde und nach einer vollen Ladung bis zu 8 Stunden halten kann. Die LED-Anzeige auf dem Bildschirm zeigt die verbleibende Leistung im Betrieb oder beim Laden an. Der Ladevorgang dauert nur 2-3 Stunden, es wird empfohlen, das USB-Kabel zum Anschluss an einen Computer, eine Powerbank oder ein Ladeger\u00e4t mit 5V 1A zu verwenden (verwenden Sie kein Schnellladeger\u00e4t mit zu hoher Stromst\u00e4rke, um eine Besch\u00e4digung der Platine zu vermeiden).<\/p>\n","protected":false},"featured_media":210186,"comment_status":"open","ping_status":"closed","template":"","meta":[],"product_brand":[],"product_cat":[2858,7659],"product_tag":[],"class_list":{"0":"post-210185","1":"product","2":"type-product","3":"status-publish","4":"has-post-thumbnail","6":"product_cat-beauty","7":"product_cat-manikuere-pedikuere","8":"pa_brand-shoran","9":"pa_manufacturer-shoran","11":"first","12":"instock","13":"shipping-taxable","14":"product-type-simple","15":"customify-col","16":"product-has-gallery"},"yoast_head":"<!-- This site is optimized with the Yoast SEO plugin v27.4 - https:\/\/yoast.com\/product\/yoast-seo-wordpress\/ -->\n<title>SHORAN Hornhautentferner Elektrisch Stark, Extreme Hornhaut Entfernen Fu\u00df Wiederaufladbar, Profi Elektrischer Hornhautentferner F\u00fc\u00dfe - Markt-XXL<\/title>\n<meta name=\"description\" content=\"Markt-XXL SHORAN Hornhautentferner Elektrisch Stark, Extreme Hornhaut Entfernen Fu\u00df Wiederaufladbar, Profi Elektrischer Hornhautentferner F\u00fc\u00dfe\" \/>\n<meta name=\"robots\" content=\"index, follow, max-snippet:-1, max-image-preview:large, max-video-preview:-1\" \/>\n<link rel=\"canonical\" href=\"https:\/\/marktxxl.de\/markt\/produkt\/shoran-hornhautentferner-elektrisch-stark-extreme-hornhaut-entfernen-fuss-wiederaufladbar-profi-elektrischer-hornhautentferner-fuesse\/\" \/>\n<meta property=\"og:locale\" content=\"de_DE\" \/>\n<meta property=\"og:type\" content=\"article\" \/>\n<meta property=\"og:title\" content=\"SHORAN Hornhautentferner Elektrisch Stark, Extreme Hornhaut Entfernen Fu\u00df Wiederaufladbar, Profi Elektrischer Hornhautentferner F\u00fc\u00dfe - Markt-XXL\" \/>\n<meta property=\"og:description\" content=\"Markt-XXL SHORAN Hornhautentferner Elektrisch Stark, Extreme Hornhaut Entfernen Fu\u00df Wiederaufladbar, Profi Elektrischer Hornhautentferner F\u00fc\u00dfe\" \/>\n<meta property=\"og:url\" content=\"https:\/\/marktxxl.de\/markt\/produkt\/shoran-hornhautentferner-elektrisch-stark-extreme-hornhaut-entfernen-fuss-wiederaufladbar-profi-elektrischer-hornhautentferner-fuesse\/\" \/>\n<meta property=\"og:site_name\" content=\"Markt-XXL\" \/>\n<meta name=\"twitter:card\" content=\"summary_large_image\" \/>\n<meta name=\"twitter:label1\" content=\"Gesch\u00e4tzte Lesezeit\" \/>\n\t<meta name=\"twitter:data1\" content=\"1\u00a0Minute\" \/>\n<script type=\"application\/ld+json\" class=\"yoast-schema-graph\">{\"@context\":\"https:\\\/\\\/schema.org\",\"@graph\":[{\"@type\":\"WebPage\",\"@id\":\"https:\\\/\\\/marktxxl.de\\\/markt\\\/produkt\\\/shoran-hornhautentferner-elektrisch-stark-extreme-hornhaut-entfernen-fuss-wiederaufladbar-profi-elektrischer-hornhautentferner-fuesse\\\/\",\"url\":\"https:\\\/\\\/marktxxl.de\\\/markt\\\/produkt\\\/shoran-hornhautentferner-elektrisch-stark-extreme-hornhaut-entfernen-fuss-wiederaufladbar-profi-elektrischer-hornhautentferner-fuesse\\\/\",\"name\":\"SHORAN Hornhautentferner Elektrisch Stark, Extreme Hornhaut Entfernen Fu\u00df Wiederaufladbar, Profi Elektrischer Hornhautentferner F\u00fc\u00dfe - Markt-XXL\",\"isPartOf\":{\"@id\":\"https:\\\/\\\/marktxxl.de\\\/markt\\\/#website\"},\"primaryImageOfPage\":{\"@id\":\"https:\\\/\\\/marktxxl.de\\\/markt\\\/produkt\\\/shoran-hornhautentferner-elektrisch-stark-extreme-hornhaut-entfernen-fuss-wiederaufladbar-profi-elektrischer-hornhautentferner-fuesse\\\/#primaryimage\"},\"image\":{\"@id\":\"https:\\\/\\\/marktxxl.de\\\/markt\\\/produkt\\\/shoran-hornhautentferner-elektrisch-stark-extreme-hornhaut-entfernen-fuss-wiederaufladbar-profi-elektrischer-hornhautentferner-fuesse\\\/#primaryimage\"},\"thumbnailUrl\":\"https:\\\/\\\/m.media-amazon.com\\\/images\\\/I\\\/51Yv9ZAWvLL._SL500_.jpg\",\"datePublished\":\"2024-05-29T12:36:16+00:00\",\"description\":\"Markt-XXL SHORAN Hornhautentferner Elektrisch Stark, Extreme Hornhaut Entfernen Fu\u00df Wiederaufladbar, Profi Elektrischer Hornhautentferner F\u00fc\u00dfe\",\"breadcrumb\":{\"@id\":\"https:\\\/\\\/marktxxl.de\\\/markt\\\/produkt\\\/shoran-hornhautentferner-elektrisch-stark-extreme-hornhaut-entfernen-fuss-wiederaufladbar-profi-elektrischer-hornhautentferner-fuesse\\\/#breadcrumb\"},\"inLanguage\":\"de\",\"potentialAction\":[{\"@type\":\"ReadAction\",\"target\":[\"https:\\\/\\\/marktxxl.de\\\/markt\\\/produkt\\\/shoran-hornhautentferner-elektrisch-stark-extreme-hornhaut-entfernen-fuss-wiederaufladbar-profi-elektrischer-hornhautentferner-fuesse\\\/\"]}]},{\"@type\":\"ImageObject\",\"inLanguage\":\"de\",\"@id\":\"https:\\\/\\\/marktxxl.de\\\/markt\\\/produkt\\\/shoran-hornhautentferner-elektrisch-stark-extreme-hornhaut-entfernen-fuss-wiederaufladbar-profi-elektrischer-hornhautentferner-fuesse\\\/#primaryimage\",\"url\":\"https:\\\/\\\/m.media-amazon.com\\\/images\\\/I\\\/51Yv9ZAWvLL._SL500_.jpg\",\"contentUrl\":\"https:\\\/\\\/m.media-amazon.com\\\/images\\\/I\\\/51Yv9ZAWvLL._SL500_.jpg\",\"width\":500,\"height\":500},{\"@type\":\"BreadcrumbList\",\"@id\":\"https:\\\/\\\/marktxxl.de\\\/markt\\\/produkt\\\/shoran-hornhautentferner-elektrisch-stark-extreme-hornhaut-entfernen-fuss-wiederaufladbar-profi-elektrischer-hornhautentferner-fuesse\\\/#breadcrumb\",\"itemListElement\":[{\"@type\":\"ListItem\",\"position\":1,\"name\":\"Startseite\",\"item\":\"https:\\\/\\\/marktxxl.de\\\/markt\\\/\"},{\"@type\":\"ListItem\",\"position\":2,\"name\":\"Markt\",\"item\":\"https:\\\/\\\/marktxxl.de\\\/markt\\\/\"},{\"@type\":\"ListItem\",\"position\":3,\"name\":\"SHORAN Hornhautentferner Elektrisch Stark, Extreme Hornhaut Entfernen Fu\u00df Wiederaufladbar, Profi Elektrischer Hornhautentferner F\u00fc\u00dfe\"}]},{\"@type\":\"WebSite\",\"@id\":\"https:\\\/\\\/marktxxl.de\\\/markt\\\/#website\",\"url\":\"https:\\\/\\\/marktxxl.de\\\/markt\\\/\",\"name\":\"Markt-XXL\",\"description\":\"Ihr Markt Online\",\"publisher\":{\"@id\":\"https:\\\/\\\/marktxxl.de\\\/markt\\\/#organization\"},\"potentialAction\":[{\"@type\":\"SearchAction\",\"target\":{\"@type\":\"EntryPoint\",\"urlTemplate\":\"https:\\\/\\\/marktxxl.de\\\/markt\\\/?s={search_term_string}\"},\"query-input\":{\"@type\":\"PropertyValueSpecification\",\"valueRequired\":true,\"valueName\":\"search_term_string\"}}],\"inLanguage\":\"de\"},{\"@type\":\"Organization\",\"@id\":\"https:\\\/\\\/marktxxl.de\\\/markt\\\/#organization\",\"name\":\"Markt-XXL\",\"url\":\"https:\\\/\\\/marktxxl.de\\\/markt\\\/\",\"logo\":{\"@type\":\"ImageObject\",\"inLanguage\":\"de\",\"@id\":\"https:\\\/\\\/marktxxl.de\\\/markt\\\/#\\\/schema\\\/logo\\\/image\\\/\",\"url\":\"https:\\\/\\\/marktxxl.de\\\/markt\\\/wp-content\\\/uploads\\\/sites\\\/3\\\/2020\\\/12\\\/logo.png\",\"contentUrl\":\"https:\\\/\\\/marktxxl.de\\\/markt\\\/wp-content\\\/uploads\\\/sites\\\/3\\\/2020\\\/12\\\/logo.png\",\"width\":200,\"height\":70,\"caption\":\"Markt-XXL\"},\"image\":{\"@id\":\"https:\\\/\\\/marktxxl.de\\\/markt\\\/#\\\/schema\\\/logo\\\/image\\\/\"}}]}<\/script>\n<!-- \/ Yoast SEO plugin. -->","yoast_head_json":{"title":"SHORAN Hornhautentferner Elektrisch Stark, Extreme Hornhaut Entfernen Fu\u00df Wiederaufladbar, Profi Elektrischer Hornhautentferner F\u00fc\u00dfe - Markt-XXL","description":"Markt-XXL SHORAN Hornhautentferner Elektrisch Stark, Extreme Hornhaut Entfernen Fu\u00df Wiederaufladbar, Profi Elektrischer Hornhautentferner F\u00fc\u00dfe","robots":{"index":"index","follow":"follow","max-snippet":"max-snippet:-1","max-image-preview":"max-image-preview:large","max-video-preview":"max-video-preview:-1"},"canonical":"https:\/\/marktxxl.de\/markt\/produkt\/shoran-hornhautentferner-elektrisch-stark-extreme-hornhaut-entfernen-fuss-wiederaufladbar-profi-elektrischer-hornhautentferner-fuesse\/","og_locale":"de_DE","og_type":"article","og_title":"SHORAN Hornhautentferner Elektrisch Stark, Extreme Hornhaut Entfernen Fu\u00df Wiederaufladbar, Profi Elektrischer Hornhautentferner F\u00fc\u00dfe - Markt-XXL","og_description":"Markt-XXL SHORAN Hornhautentferner Elektrisch Stark, Extreme Hornhaut Entfernen Fu\u00df Wiederaufladbar, Profi Elektrischer Hornhautentferner F\u00fc\u00dfe","og_url":"https:\/\/marktxxl.de\/markt\/produkt\/shoran-hornhautentferner-elektrisch-stark-extreme-hornhaut-entfernen-fuss-wiederaufladbar-profi-elektrischer-hornhautentferner-fuesse\/","og_site_name":"Markt-XXL","twitter_card":"summary_large_image","twitter_misc":{"Gesch\u00e4tzte Lesezeit":"1\u00a0Minute"},"schema":{"@context":"https:\/\/schema.org","@graph":[{"@type":"WebPage","@id":"https:\/\/marktxxl.de\/markt\/produkt\/shoran-hornhautentferner-elektrisch-stark-extreme-hornhaut-entfernen-fuss-wiederaufladbar-profi-elektrischer-hornhautentferner-fuesse\/","url":"https:\/\/marktxxl.de\/markt\/produkt\/shoran-hornhautentferner-elektrisch-stark-extreme-hornhaut-entfernen-fuss-wiederaufladbar-profi-elektrischer-hornhautentferner-fuesse\/","name":"SHORAN Hornhautentferner Elektrisch Stark, Extreme Hornhaut Entfernen Fu\u00df Wiederaufladbar, Profi Elektrischer Hornhautentferner F\u00fc\u00dfe - Markt-XXL","isPartOf":{"@id":"https:\/\/marktxxl.de\/markt\/#website"},"primaryImageOfPage":{"@id":"https:\/\/marktxxl.de\/markt\/produkt\/shoran-hornhautentferner-elektrisch-stark-extreme-hornhaut-entfernen-fuss-wiederaufladbar-profi-elektrischer-hornhautentferner-fuesse\/#primaryimage"},"image":{"@id":"https:\/\/marktxxl.de\/markt\/produkt\/shoran-hornhautentferner-elektrisch-stark-extreme-hornhaut-entfernen-fuss-wiederaufladbar-profi-elektrischer-hornhautentferner-fuesse\/#primaryimage"},"thumbnailUrl":"https:\/\/m.media-amazon.com\/images\/I\/51Yv9ZAWvLL._SL500_.jpg","datePublished":"2024-05-29T12:36:16+00:00","description":"Markt-XXL SHORAN Hornhautentferner Elektrisch Stark, Extreme Hornhaut Entfernen Fu\u00df Wiederaufladbar, Profi Elektrischer Hornhautentferner F\u00fc\u00dfe","breadcrumb":{"@id":"https:\/\/marktxxl.de\/markt\/produkt\/shoran-hornhautentferner-elektrisch-stark-extreme-hornhaut-entfernen-fuss-wiederaufladbar-profi-elektrischer-hornhautentferner-fuesse\/#breadcrumb"},"inLanguage":"de","potentialAction":[{"@type":"ReadAction","target":["https:\/\/marktxxl.de\/markt\/produkt\/shoran-hornhautentferner-elektrisch-stark-extreme-hornhaut-entfernen-fuss-wiederaufladbar-profi-elektrischer-hornhautentferner-fuesse\/"]}]},{"@type":"ImageObject","inLanguage":"de","@id":"https:\/\/marktxxl.de\/markt\/produkt\/shoran-hornhautentferner-elektrisch-stark-extreme-hornhaut-entfernen-fuss-wiederaufladbar-profi-elektrischer-hornhautentferner-fuesse\/#primaryimage","url":"https:\/\/m.media-amazon.com\/images\/I\/51Yv9ZAWvLL._SL500_.jpg","contentUrl":"https:\/\/m.media-amazon.com\/images\/I\/51Yv9ZAWvLL._SL500_.jpg","width":500,"height":500},{"@type":"BreadcrumbList","@id":"https:\/\/marktxxl.de\/markt\/produkt\/shoran-hornhautentferner-elektrisch-stark-extreme-hornhaut-entfernen-fuss-wiederaufladbar-profi-elektrischer-hornhautentferner-fuesse\/#breadcrumb","itemListElement":[{"@type":"ListItem","position":1,"name":"Startseite","item":"https:\/\/marktxxl.de\/markt\/"},{"@type":"ListItem","position":2,"name":"Markt","item":"https:\/\/marktxxl.de\/markt\/"},{"@type":"ListItem","position":3,"name":"SHORAN Hornhautentferner Elektrisch Stark, Extreme Hornhaut Entfernen Fu\u00df Wiederaufladbar, Profi Elektrischer Hornhautentferner F\u00fc\u00dfe"}]},{"@type":"WebSite","@id":"https:\/\/marktxxl.de\/markt\/#website","url":"https:\/\/marktxxl.de\/markt\/","name":"Markt-XXL","description":"Ihr Markt Online","publisher":{"@id":"https:\/\/marktxxl.de\/markt\/#organization"},"potentialAction":[{"@type":"SearchAction","target":{"@type":"EntryPoint","urlTemplate":"https:\/\/marktxxl.de\/markt\/?s={search_term_string}"},"query-input":{"@type":"PropertyValueSpecification","valueRequired":true,"valueName":"search_term_string"}}],"inLanguage":"de"},{"@type":"Organization","@id":"https:\/\/marktxxl.de\/markt\/#organization","name":"Markt-XXL","url":"https:\/\/marktxxl.de\/markt\/","logo":{"@type":"ImageObject","inLanguage":"de","@id":"https:\/\/marktxxl.de\/markt\/#\/schema\/logo\/image\/","url":"https:\/\/marktxxl.de\/markt\/wp-content\/uploads\/sites\/3\/2020\/12\/logo.png","contentUrl":"https:\/\/marktxxl.de\/markt\/wp-content\/uploads\/sites\/3\/2020\/12\/logo.png","width":200,"height":70,"caption":"Markt-XXL"},"image":{"@id":"https:\/\/marktxxl.de\/markt\/#\/schema\/logo\/image\/"}}]}},"_links":{"self":[{"href":"https:\/\/marktxxl.de\/markt\/wp-json\/wp\/v2\/product\/210185","targetHints":{"allow":["GET"]}}],"collection":[{"href":"https:\/\/marktxxl.de\/markt\/wp-json\/wp\/v2\/product"}],"about":[{"href":"https:\/\/marktxxl.de\/markt\/wp-json\/wp\/v2\/types\/product"}],"replies":[{"embeddable":true,"href":"https:\/\/marktxxl.de\/markt\/wp-json\/wp\/v2\/comments?post=210185"}],"wp:featuredmedia":[{"embeddable":true,"href":"https:\/\/marktxxl.de\/markt\/wp-json\/wp\/v2\/media\/210186"}],"wp:attachment":[{"href":"https:\/\/marktxxl.de\/markt\/wp-json\/wp\/v2\/media?parent=210185"}],"wp:term":[{"taxonomy":"product_brand","embeddable":true,"href":"https:\/\/marktxxl.de\/markt\/wp-json\/wp\/v2\/product_brand?post=210185"},{"taxonomy":"product_cat","embeddable":true,"href":"https:\/\/marktxxl.de\/markt\/wp-json\/wp\/v2\/product_cat?post=210185"},{"taxonomy":"product_tag","embeddable":true,"href":"https:\/\/marktxxl.de\/markt\/wp-json\/wp\/v2\/product_tag?post=210185"}],"curies":[{"name":"wp","href":"https:\/\/api.w.org\/{rel}","templated":true}]}}