{"id":210174,"date":"2024-05-29T14:36:02","date_gmt":"2024-05-29T12:36:02","guid":{"rendered":"https:\/\/marktxxl.de\/markt\/produkt\/4-stueck-health-nail-care-pen-routine-nagelpilz-stift-poderm-nagelpilz-nagelpflegestift-nail-care-pen-health-nail-nagelwachstum-foerdern\/"},"modified":"2024-05-29T14:36:02","modified_gmt":"2024-05-29T12:36:02","slug":"4-stueck-health-nail-care-pen-routine-nagelpilz-stift-poderm-nagelpilz-nagelpflegestift-nail-care-pen-health-nail-nagelwachstum-foerdern","status":"publish","type":"product","link":"https:\/\/marktxxl.de\/markt\/produkt\/4-stueck-health-nail-care-pen-routine-nagelpilz-stift-poderm-nagelpilz-nagelpflegestift-nail-care-pen-health-nail-nagelwachstum-foerdern\/","title":{"rendered":"4 St\u00fcCk Health Nail Care Pen Routine Nagelpilz Stift, Poderm Nagelpilz Nagelpflegestift, Nail Care Pen Health Nail Nagelwachstum F\u00f6Rdern"},"content":{"rendered":"<p>[Packungsinhalt]: Sie erhalten 4 Nail Care Pen, was einer ausreichenden Menge entspricht, um Ihren t\u00e4glichen Pflegebedarf f\u00fcr Ihre N\u00e4gel auf einmal zu decken und Ihre N\u00e4gel mit Feuchtigkeit zu versorgen.<br \/>\n[Einfach zu Verwenden]: Sie k\u00f6nnen es direkt auf den betroffenen Nagelbereich auftragen, bis es vollst\u00e4ndig trocken ist. Tragen Sie es einfach 2-3 Mal am Tag auf. Nail Care Pen ist perfekt f\u00fcr die Verwendung unterwegs.<br \/>\n[Leicht zu Tragen]: Nail Care Pen ist klein und exquisit, nimmt keinen Platz ein und kann jederzeit in Ihre Tasche gesteckt oder getragen werden, sodass Sie Ihre N\u00e4gel jederzeit pflegen und Ihren N\u00e4geln ausreichend Feuchtigkeit spenden k\u00f6nnen.<br \/>\n[Einzigartige Sch\u00fctzen]: Nail Care Pen kann besch\u00e4digte N\u00e4gel tiefgreifend n\u00e4hren und pflegen, sie mit Feuchtigkeit versorgt und gl\u00e4nzend halten und ein gesundes Nagelwachstum f\u00f6rdern.<br \/>\n[Nat\u00fcrliche Inhaltsstoffe]: Nail Care Pen enth\u00e4lt Teebaum\u00f6l, Vitamin E, Aloe Vera, Pfefferminzextrakt usw., die Ihre N\u00e4gel mit N\u00e4hrstoffen versorgen und Ihre N\u00e4gel effektiv mit Feuchtigkeit versorgen.<br \/>\n<div class=\"main-cross-sell\" data-asin=\"B0CXVFL3ZV\">\n\n\t<div class=\"WooZone-cross-sell-loader\">\n\t\t<div>\n\t\t\t<div id=\"floatingBarsG\">\n\t\t\t\t<div class=\"blockG\" id=\"rotateG_01\"><\/div>\n\t\t\t\t<div class=\"blockG\" id=\"rotateG_02\"><\/div>\n\t\t\t\t<div class=\"blockG\" id=\"rotateG_03\"><\/div>\n\t\t\t\t<div class=\"blockG\" id=\"rotateG_04\"><\/div>\n\t\t\t\t<div class=\"blockG\" id=\"rotateG_05\"><\/div>\n\t\t\t\t<div class=\"blockG\" id=\"rotateG_06\"><\/div>\n\t\t\t\t<div class=\"blockG\" id=\"rotateG_07\"><\/div>\n\t\t\t\t<div class=\"blockG\" id=\"rotateG_08\"><\/div>\n\t\t\t<\/div>\n\t\t\t<div class=\"WooZone-cross-sell-loader-text\"><\/div>\n\t\t<\/div>\n\t<\/div>\n\n\t\t\n<\/div>\n<div style=\"clear:both;\"><\/div><\/p>\n","protected":false},"excerpt":{"rendered":"<p>[Packungsinhalt]: Sie erhalten 4 Nail Care Pen, was einer ausreichenden Menge entspricht, um Ihren t\u00e4glichen Pflegebedarf f\u00fcr Ihre N\u00e4gel auf einmal zu decken und Ihre N\u00e4gel mit Feuchtigkeit zu versorgen.<br \/>\n[Einfach zu Verwenden]: Sie k\u00f6nnen es direkt auf den betroffenen Nagelbereich auftragen, bis es vollst\u00e4ndig trocken ist. Tragen Sie es einfach 2-3 Mal am Tag auf. Nail Care Pen ist perfekt f\u00fcr die Verwendung unterwegs.<br \/>\n[Leicht zu Tragen]: Nail Care Pen ist klein und exquisit, nimmt keinen Platz ein und kann jederzeit in Ihre Tasche gesteckt oder getragen werden, sodass Sie Ihre N\u00e4gel jederzeit pflegen und Ihren N\u00e4geln ausreichend Feuchtigkeit spenden k\u00f6nnen.<\/p>\n","protected":false},"featured_media":210175,"comment_status":"open","ping_status":"closed","template":"","meta":[],"product_brand":[],"product_cat":[2858,7659],"product_tag":[],"class_list":{"0":"post-210174","1":"product","2":"type-product","3":"status-publish","4":"has-post-thumbnail","6":"product_cat-beauty","7":"product_cat-manikuere-pedikuere","8":"pa_brand-regapog","9":"pa_color-weiss","10":"pa_manufacturer-regapog","11":"pa_size-3-55-g-4er-pack","13":"first","14":"instock","15":"shipping-taxable","16":"purchasable","17":"product-type-simple","18":"customify-col","19":"product-has-gallery"},"yoast_head":"<!-- This site is optimized with the Yoast SEO plugin v27.4 - https:\/\/yoast.com\/product\/yoast-seo-wordpress\/ -->\n<title>4 St\u00fcCk Health Nail Care Pen Routine Nagelpilz Stift, Poderm Nagelpilz Nagelpflegestift, Nail Care Pen Health Nail Nagelwachstum F\u00f6Rdern - Markt-XXL<\/title>\n<meta name=\"description\" content=\"Markt-XXL 4 St\u00fcCk Health Nail Care Pen Routine Nagelpilz Stift, Poderm Nagelpilz Nagelpflegestift, Nail Care Pen Health Nail Nagelwachstum F\u00f6Rdern\" \/>\n<meta name=\"robots\" content=\"index, follow, max-snippet:-1, max-image-preview:large, max-video-preview:-1\" \/>\n<link rel=\"canonical\" href=\"https:\/\/marktxxl.de\/markt\/produkt\/4-stueck-health-nail-care-pen-routine-nagelpilz-stift-poderm-nagelpilz-nagelpflegestift-nail-care-pen-health-nail-nagelwachstum-foerdern\/\" \/>\n<meta property=\"og:locale\" content=\"de_DE\" \/>\n<meta property=\"og:type\" content=\"article\" \/>\n<meta property=\"og:title\" content=\"4 St\u00fcCk Health Nail Care Pen Routine Nagelpilz Stift, Poderm Nagelpilz Nagelpflegestift, Nail Care Pen Health Nail Nagelwachstum F\u00f6Rdern - Markt-XXL\" \/>\n<meta property=\"og:description\" content=\"Markt-XXL 4 St\u00fcCk Health Nail Care Pen Routine Nagelpilz Stift, Poderm Nagelpilz Nagelpflegestift, Nail Care Pen Health Nail Nagelwachstum F\u00f6Rdern\" \/>\n<meta property=\"og:url\" content=\"https:\/\/marktxxl.de\/markt\/produkt\/4-stueck-health-nail-care-pen-routine-nagelpilz-stift-poderm-nagelpilz-nagelpflegestift-nail-care-pen-health-nail-nagelwachstum-foerdern\/\" \/>\n<meta property=\"og:site_name\" content=\"Markt-XXL\" \/>\n<meta name=\"twitter:card\" content=\"summary_large_image\" \/>\n<meta name=\"twitter:label1\" content=\"Gesch\u00e4tzte Lesezeit\" \/>\n\t<meta name=\"twitter:data1\" content=\"1\u00a0Minute\" \/>\n<script type=\"application\/ld+json\" class=\"yoast-schema-graph\">{\"@context\":\"https:\\\/\\\/schema.org\",\"@graph\":[{\"@type\":\"WebPage\",\"@id\":\"https:\\\/\\\/marktxxl.de\\\/markt\\\/produkt\\\/4-stueck-health-nail-care-pen-routine-nagelpilz-stift-poderm-nagelpilz-nagelpflegestift-nail-care-pen-health-nail-nagelwachstum-foerdern\\\/\",\"url\":\"https:\\\/\\\/marktxxl.de\\\/markt\\\/produkt\\\/4-stueck-health-nail-care-pen-routine-nagelpilz-stift-poderm-nagelpilz-nagelpflegestift-nail-care-pen-health-nail-nagelwachstum-foerdern\\\/\",\"name\":\"4 St\u00fcCk Health Nail Care Pen Routine Nagelpilz Stift, Poderm Nagelpilz Nagelpflegestift, Nail Care Pen Health Nail Nagelwachstum F\u00f6Rdern - Markt-XXL\",\"isPartOf\":{\"@id\":\"https:\\\/\\\/marktxxl.de\\\/markt\\\/#website\"},\"primaryImageOfPage\":{\"@id\":\"https:\\\/\\\/marktxxl.de\\\/markt\\\/produkt\\\/4-stueck-health-nail-care-pen-routine-nagelpilz-stift-poderm-nagelpilz-nagelpflegestift-nail-care-pen-health-nail-nagelwachstum-foerdern\\\/#primaryimage\"},\"image\":{\"@id\":\"https:\\\/\\\/marktxxl.de\\\/markt\\\/produkt\\\/4-stueck-health-nail-care-pen-routine-nagelpilz-stift-poderm-nagelpilz-nagelpflegestift-nail-care-pen-health-nail-nagelwachstum-foerdern\\\/#primaryimage\"},\"thumbnailUrl\":\"https:\\\/\\\/m.media-amazon.com\\\/images\\\/I\\\/41gZGzQqN+L._SL500_.jpg\",\"datePublished\":\"2024-05-29T12:36:02+00:00\",\"description\":\"Markt-XXL 4 St\u00fcCk Health Nail Care Pen Routine Nagelpilz Stift, Poderm Nagelpilz Nagelpflegestift, Nail Care Pen Health Nail Nagelwachstum F\u00f6Rdern\",\"breadcrumb\":{\"@id\":\"https:\\\/\\\/marktxxl.de\\\/markt\\\/produkt\\\/4-stueck-health-nail-care-pen-routine-nagelpilz-stift-poderm-nagelpilz-nagelpflegestift-nail-care-pen-health-nail-nagelwachstum-foerdern\\\/#breadcrumb\"},\"inLanguage\":\"de\",\"potentialAction\":[{\"@type\":\"ReadAction\",\"target\":[\"https:\\\/\\\/marktxxl.de\\\/markt\\\/produkt\\\/4-stueck-health-nail-care-pen-routine-nagelpilz-stift-poderm-nagelpilz-nagelpflegestift-nail-care-pen-health-nail-nagelwachstum-foerdern\\\/\"]}]},{\"@type\":\"ImageObject\",\"inLanguage\":\"de\",\"@id\":\"https:\\\/\\\/marktxxl.de\\\/markt\\\/produkt\\\/4-stueck-health-nail-care-pen-routine-nagelpilz-stift-poderm-nagelpilz-nagelpflegestift-nail-care-pen-health-nail-nagelwachstum-foerdern\\\/#primaryimage\",\"url\":\"https:\\\/\\\/m.media-amazon.com\\\/images\\\/I\\\/41gZGzQqN+L._SL500_.jpg\",\"contentUrl\":\"https:\\\/\\\/m.media-amazon.com\\\/images\\\/I\\\/41gZGzQqN+L._SL500_.jpg\",\"width\":500,\"height\":500},{\"@type\":\"BreadcrumbList\",\"@id\":\"https:\\\/\\\/marktxxl.de\\\/markt\\\/produkt\\\/4-stueck-health-nail-care-pen-routine-nagelpilz-stift-poderm-nagelpilz-nagelpflegestift-nail-care-pen-health-nail-nagelwachstum-foerdern\\\/#breadcrumb\",\"itemListElement\":[{\"@type\":\"ListItem\",\"position\":1,\"name\":\"Startseite\",\"item\":\"https:\\\/\\\/marktxxl.de\\\/markt\\\/\"},{\"@type\":\"ListItem\",\"position\":2,\"name\":\"Markt\",\"item\":\"https:\\\/\\\/marktxxl.de\\\/markt\\\/\"},{\"@type\":\"ListItem\",\"position\":3,\"name\":\"4 St\u00fcCk Health Nail Care Pen Routine Nagelpilz Stift, Poderm Nagelpilz Nagelpflegestift, Nail Care Pen Health Nail Nagelwachstum F\u00f6Rdern\"}]},{\"@type\":\"WebSite\",\"@id\":\"https:\\\/\\\/marktxxl.de\\\/markt\\\/#website\",\"url\":\"https:\\\/\\\/marktxxl.de\\\/markt\\\/\",\"name\":\"Markt-XXL\",\"description\":\"Ihr Markt Online\",\"publisher\":{\"@id\":\"https:\\\/\\\/marktxxl.de\\\/markt\\\/#organization\"},\"potentialAction\":[{\"@type\":\"SearchAction\",\"target\":{\"@type\":\"EntryPoint\",\"urlTemplate\":\"https:\\\/\\\/marktxxl.de\\\/markt\\\/?s={search_term_string}\"},\"query-input\":{\"@type\":\"PropertyValueSpecification\",\"valueRequired\":true,\"valueName\":\"search_term_string\"}}],\"inLanguage\":\"de\"},{\"@type\":\"Organization\",\"@id\":\"https:\\\/\\\/marktxxl.de\\\/markt\\\/#organization\",\"name\":\"Markt-XXL\",\"url\":\"https:\\\/\\\/marktxxl.de\\\/markt\\\/\",\"logo\":{\"@type\":\"ImageObject\",\"inLanguage\":\"de\",\"@id\":\"https:\\\/\\\/marktxxl.de\\\/markt\\\/#\\\/schema\\\/logo\\\/image\\\/\",\"url\":\"https:\\\/\\\/marktxxl.de\\\/markt\\\/wp-content\\\/uploads\\\/sites\\\/3\\\/2020\\\/12\\\/logo.png\",\"contentUrl\":\"https:\\\/\\\/marktxxl.de\\\/markt\\\/wp-content\\\/uploads\\\/sites\\\/3\\\/2020\\\/12\\\/logo.png\",\"width\":200,\"height\":70,\"caption\":\"Markt-XXL\"},\"image\":{\"@id\":\"https:\\\/\\\/marktxxl.de\\\/markt\\\/#\\\/schema\\\/logo\\\/image\\\/\"}}]}<\/script>\n<!-- \/ Yoast SEO plugin. -->","yoast_head_json":{"title":"4 St\u00fcCk Health Nail Care Pen Routine Nagelpilz Stift, Poderm Nagelpilz Nagelpflegestift, Nail Care Pen Health Nail Nagelwachstum F\u00f6Rdern - Markt-XXL","description":"Markt-XXL 4 St\u00fcCk Health Nail Care Pen Routine Nagelpilz Stift, Poderm Nagelpilz Nagelpflegestift, Nail Care Pen Health Nail Nagelwachstum F\u00f6Rdern","robots":{"index":"index","follow":"follow","max-snippet":"max-snippet:-1","max-image-preview":"max-image-preview:large","max-video-preview":"max-video-preview:-1"},"canonical":"https:\/\/marktxxl.de\/markt\/produkt\/4-stueck-health-nail-care-pen-routine-nagelpilz-stift-poderm-nagelpilz-nagelpflegestift-nail-care-pen-health-nail-nagelwachstum-foerdern\/","og_locale":"de_DE","og_type":"article","og_title":"4 St\u00fcCk Health Nail Care Pen Routine Nagelpilz Stift, Poderm Nagelpilz Nagelpflegestift, Nail Care Pen Health Nail Nagelwachstum F\u00f6Rdern - Markt-XXL","og_description":"Markt-XXL 4 St\u00fcCk Health Nail Care Pen Routine Nagelpilz Stift, Poderm Nagelpilz Nagelpflegestift, Nail Care Pen Health Nail Nagelwachstum F\u00f6Rdern","og_url":"https:\/\/marktxxl.de\/markt\/produkt\/4-stueck-health-nail-care-pen-routine-nagelpilz-stift-poderm-nagelpilz-nagelpflegestift-nail-care-pen-health-nail-nagelwachstum-foerdern\/","og_site_name":"Markt-XXL","twitter_card":"summary_large_image","twitter_misc":{"Gesch\u00e4tzte Lesezeit":"1\u00a0Minute"},"schema":{"@context":"https:\/\/schema.org","@graph":[{"@type":"WebPage","@id":"https:\/\/marktxxl.de\/markt\/produkt\/4-stueck-health-nail-care-pen-routine-nagelpilz-stift-poderm-nagelpilz-nagelpflegestift-nail-care-pen-health-nail-nagelwachstum-foerdern\/","url":"https:\/\/marktxxl.de\/markt\/produkt\/4-stueck-health-nail-care-pen-routine-nagelpilz-stift-poderm-nagelpilz-nagelpflegestift-nail-care-pen-health-nail-nagelwachstum-foerdern\/","name":"4 St\u00fcCk Health Nail Care Pen Routine Nagelpilz Stift, Poderm Nagelpilz Nagelpflegestift, Nail Care Pen Health Nail Nagelwachstum F\u00f6Rdern - Markt-XXL","isPartOf":{"@id":"https:\/\/marktxxl.de\/markt\/#website"},"primaryImageOfPage":{"@id":"https:\/\/marktxxl.de\/markt\/produkt\/4-stueck-health-nail-care-pen-routine-nagelpilz-stift-poderm-nagelpilz-nagelpflegestift-nail-care-pen-health-nail-nagelwachstum-foerdern\/#primaryimage"},"image":{"@id":"https:\/\/marktxxl.de\/markt\/produkt\/4-stueck-health-nail-care-pen-routine-nagelpilz-stift-poderm-nagelpilz-nagelpflegestift-nail-care-pen-health-nail-nagelwachstum-foerdern\/#primaryimage"},"thumbnailUrl":"https:\/\/m.media-amazon.com\/images\/I\/41gZGzQqN+L._SL500_.jpg","datePublished":"2024-05-29T12:36:02+00:00","description":"Markt-XXL 4 St\u00fcCk Health Nail Care Pen Routine Nagelpilz Stift, Poderm Nagelpilz Nagelpflegestift, Nail Care Pen Health Nail Nagelwachstum F\u00f6Rdern","breadcrumb":{"@id":"https:\/\/marktxxl.de\/markt\/produkt\/4-stueck-health-nail-care-pen-routine-nagelpilz-stift-poderm-nagelpilz-nagelpflegestift-nail-care-pen-health-nail-nagelwachstum-foerdern\/#breadcrumb"},"inLanguage":"de","potentialAction":[{"@type":"ReadAction","target":["https:\/\/marktxxl.de\/markt\/produkt\/4-stueck-health-nail-care-pen-routine-nagelpilz-stift-poderm-nagelpilz-nagelpflegestift-nail-care-pen-health-nail-nagelwachstum-foerdern\/"]}]},{"@type":"ImageObject","inLanguage":"de","@id":"https:\/\/marktxxl.de\/markt\/produkt\/4-stueck-health-nail-care-pen-routine-nagelpilz-stift-poderm-nagelpilz-nagelpflegestift-nail-care-pen-health-nail-nagelwachstum-foerdern\/#primaryimage","url":"https:\/\/m.media-amazon.com\/images\/I\/41gZGzQqN+L._SL500_.jpg","contentUrl":"https:\/\/m.media-amazon.com\/images\/I\/41gZGzQqN+L._SL500_.jpg","width":500,"height":500},{"@type":"BreadcrumbList","@id":"https:\/\/marktxxl.de\/markt\/produkt\/4-stueck-health-nail-care-pen-routine-nagelpilz-stift-poderm-nagelpilz-nagelpflegestift-nail-care-pen-health-nail-nagelwachstum-foerdern\/#breadcrumb","itemListElement":[{"@type":"ListItem","position":1,"name":"Startseite","item":"https:\/\/marktxxl.de\/markt\/"},{"@type":"ListItem","position":2,"name":"Markt","item":"https:\/\/marktxxl.de\/markt\/"},{"@type":"ListItem","position":3,"name":"4 St\u00fcCk Health Nail Care Pen Routine Nagelpilz Stift, Poderm Nagelpilz Nagelpflegestift, Nail Care Pen Health Nail Nagelwachstum F\u00f6Rdern"}]},{"@type":"WebSite","@id":"https:\/\/marktxxl.de\/markt\/#website","url":"https:\/\/marktxxl.de\/markt\/","name":"Markt-XXL","description":"Ihr Markt Online","publisher":{"@id":"https:\/\/marktxxl.de\/markt\/#organization"},"potentialAction":[{"@type":"SearchAction","target":{"@type":"EntryPoint","urlTemplate":"https:\/\/marktxxl.de\/markt\/?s={search_term_string}"},"query-input":{"@type":"PropertyValueSpecification","valueRequired":true,"valueName":"search_term_string"}}],"inLanguage":"de"},{"@type":"Organization","@id":"https:\/\/marktxxl.de\/markt\/#organization","name":"Markt-XXL","url":"https:\/\/marktxxl.de\/markt\/","logo":{"@type":"ImageObject","inLanguage":"de","@id":"https:\/\/marktxxl.de\/markt\/#\/schema\/logo\/image\/","url":"https:\/\/marktxxl.de\/markt\/wp-content\/uploads\/sites\/3\/2020\/12\/logo.png","contentUrl":"https:\/\/marktxxl.de\/markt\/wp-content\/uploads\/sites\/3\/2020\/12\/logo.png","width":200,"height":70,"caption":"Markt-XXL"},"image":{"@id":"https:\/\/marktxxl.de\/markt\/#\/schema\/logo\/image\/"}}]}},"_links":{"self":[{"href":"https:\/\/marktxxl.de\/markt\/wp-json\/wp\/v2\/product\/210174","targetHints":{"allow":["GET"]}}],"collection":[{"href":"https:\/\/marktxxl.de\/markt\/wp-json\/wp\/v2\/product"}],"about":[{"href":"https:\/\/marktxxl.de\/markt\/wp-json\/wp\/v2\/types\/product"}],"replies":[{"embeddable":true,"href":"https:\/\/marktxxl.de\/markt\/wp-json\/wp\/v2\/comments?post=210174"}],"wp:featuredmedia":[{"embeddable":true,"href":"https:\/\/marktxxl.de\/markt\/wp-json\/wp\/v2\/media\/210175"}],"wp:attachment":[{"href":"https:\/\/marktxxl.de\/markt\/wp-json\/wp\/v2\/media?parent=210174"}],"wp:term":[{"taxonomy":"product_brand","embeddable":true,"href":"https:\/\/marktxxl.de\/markt\/wp-json\/wp\/v2\/product_brand?post=210174"},{"taxonomy":"product_cat","embeddable":true,"href":"https:\/\/marktxxl.de\/markt\/wp-json\/wp\/v2\/product_cat?post=210174"},{"taxonomy":"product_tag","embeddable":true,"href":"https:\/\/marktxxl.de\/markt\/wp-json\/wp\/v2\/product_tag?post=210174"}],"curies":[{"name":"wp","href":"https:\/\/api.w.org\/{rel}","templated":true}]}}