{"id":210165,"date":"2024-05-29T14:35:55","date_gmt":"2024-05-29T12:35:55","guid":{"rendered":"https:\/\/marktxxl.de\/markt\/produkt\/neonail-uv-set-hard-base-ml-und-hard-top-72-ml-uv-nagellack-unterlack-ueberlack-top-coat-base-coat-gel-naegel-uv-nageldesign\/"},"modified":"2024-05-29T14:35:55","modified_gmt":"2024-05-29T12:35:55","slug":"neonail-uv-set-hard-base-ml-und-hard-top-72-ml-uv-nagellack-unterlack-ueberlack-top-coat-base-coat-gel-naegel-uv-nageldesign","status":"publish","type":"product","link":"https:\/\/marktxxl.de\/markt\/produkt\/neonail-uv-set-hard-base-ml-und-hard-top-72-ml-uv-nagellack-unterlack-ueberlack-top-coat-base-coat-gel-naegel-uv-nageldesign\/","title":{"rendered":"NEONAIL UV Set Hard Base ml und Hard Top 7,2 ml &#8211; UV Nagellack &#8211; Unterlack &#8211; \u00dcberlack &#8211; Top Coat &#8211; Base Coat &#8211; Gel N\u00e4gel UV &#8211; Nageldesign"},"content":{"rendered":"<p>Der UV Unterlack HARD BASE verbindet durch seine speziell entwickelte Technologie den Farblack fest mit dem Nagel und verleiht ihm eine hochwertige Haftschicht. Wie unsere UV Nagellacke wird er unter UV- oder LED-Licht ausgeh\u00e4rtet.<br \/>\nEin akkurates und gleichm\u00e4\u00dfiges Auftragen des Nagellacks erm\u00f6glicht der speziell entwickelte Pinsel. Unsere UV Nagellacke bilden intensive Fabren dank der hochwertigen Farbpigmente. Wochenlang anhaltenden Glanz gibt abschlie\u00dfend der UV \u00dcberlack HARD TOP.<br \/>\nMit dem UV Nagellack-Entferner l\u00e4sst sich der Lack vom Nagel l\u00f6sen, ohne dabei die Haut an den H\u00e4nden oder die Nagelhaut zu reizen.<br \/>\n<div class=\"main-cross-sell\" data-asin=\"B094VR7WZP\">\n\n\t<div class=\"WooZone-cross-sell-loader\">\n\t\t<div>\n\t\t\t<div id=\"floatingBarsG\">\n\t\t\t\t<div class=\"blockG\" id=\"rotateG_01\"><\/div>\n\t\t\t\t<div class=\"blockG\" id=\"rotateG_02\"><\/div>\n\t\t\t\t<div class=\"blockG\" id=\"rotateG_03\"><\/div>\n\t\t\t\t<div class=\"blockG\" id=\"rotateG_04\"><\/div>\n\t\t\t\t<div class=\"blockG\" id=\"rotateG_05\"><\/div>\n\t\t\t\t<div class=\"blockG\" id=\"rotateG_06\"><\/div>\n\t\t\t\t<div class=\"blockG\" id=\"rotateG_07\"><\/div>\n\t\t\t\t<div class=\"blockG\" id=\"rotateG_08\"><\/div>\n\t\t\t<\/div>\n\t\t\t<div class=\"WooZone-cross-sell-loader-text\"><\/div>\n\t\t<\/div>\n\t<\/div>\n\n\t\t\n<\/div>\n<div style=\"clear:both;\"><\/div><\/p>\n","protected":false},"excerpt":{"rendered":"<p>Der UV Unterlack HARD BASE verbindet durch seine speziell entwickelte Technologie den Farblack fest mit dem Nagel und verleiht ihm eine hochwertige Haftschicht. Wie unsere UV Nagellacke wird er unter UV- oder LED-Licht ausgeh\u00e4rtet.<br \/>\nEin akkurates und gleichm\u00e4\u00dfiges Auftragen des Nagellacks erm\u00f6glicht der speziell entwickelte Pinsel. Unsere UV Nagellacke bilden intensive Fabren dank der hochwertigen Farbpigmente. Wochenlang anhaltenden Glanz gibt abschlie\u00dfend der UV \u00dcberlack HARD TOP.<br \/>\nMit dem UV Nagellack-Entferner l\u00e4sst sich der Lack vom Nagel l\u00f6sen, ohne dabei die Haut an den H\u00e4nden oder die Nagelhaut zu reizen.<\/p>\n","protected":false},"featured_media":210166,"comment_status":"open","ping_status":"closed","template":"","meta":[],"product_brand":[],"product_cat":[2858,7659],"product_tag":[],"class_list":{"0":"post-210165","1":"product","2":"type-product","3":"status-publish","4":"has-post-thumbnail","6":"product_cat-beauty","7":"product_cat-manikuere-pedikuere","8":"pa_binding-badartikel","9":"pa_brand-neonail","10":"pa_brand-thames-hudson","11":"pa_manufacturer-neonail","12":"pa_model-53018","13":"pa_size-7-2-ml-2er-pack","15":"first","16":"instock","17":"shipping-taxable","18":"purchasable","19":"product-type-simple","20":"customify-col","21":"product-has-gallery"},"yoast_head":"<!-- This site is optimized with the Yoast SEO plugin v27.4 - https:\/\/yoast.com\/product\/yoast-seo-wordpress\/ -->\n<title>NEONAIL UV Set Hard Base ml und Hard Top 7,2 ml - UV Nagellack - Unterlack - \u00dcberlack - Top Coat - Base Coat - Gel N\u00e4gel UV - Nageldesign - Markt-XXL<\/title>\n<meta name=\"description\" content=\"Markt-XXL NEONAIL UV Set Hard Base ml und Hard Top 7,2 ml - UV Nagellack - Unterlack - \u00dcberlack - Top Coat - Base Coat - Gel N\u00e4gel UV - Nageldesign\" \/>\n<meta name=\"robots\" content=\"index, follow, max-snippet:-1, max-image-preview:large, max-video-preview:-1\" \/>\n<link rel=\"canonical\" href=\"https:\/\/marktxxl.de\/markt\/produkt\/neonail-uv-set-hard-base-ml-und-hard-top-72-ml-uv-nagellack-unterlack-ueberlack-top-coat-base-coat-gel-naegel-uv-nageldesign\/\" \/>\n<meta property=\"og:locale\" content=\"de_DE\" \/>\n<meta property=\"og:type\" content=\"article\" \/>\n<meta property=\"og:title\" content=\"NEONAIL UV Set Hard Base ml und Hard Top 7,2 ml - UV Nagellack - Unterlack - \u00dcberlack - Top Coat - Base Coat - Gel N\u00e4gel UV - Nageldesign - Markt-XXL\" \/>\n<meta property=\"og:description\" content=\"Markt-XXL NEONAIL UV Set Hard Base ml und Hard Top 7,2 ml - UV Nagellack - Unterlack - \u00dcberlack - Top Coat - Base Coat - Gel N\u00e4gel UV - Nageldesign\" \/>\n<meta property=\"og:url\" content=\"https:\/\/marktxxl.de\/markt\/produkt\/neonail-uv-set-hard-base-ml-und-hard-top-72-ml-uv-nagellack-unterlack-ueberlack-top-coat-base-coat-gel-naegel-uv-nageldesign\/\" \/>\n<meta property=\"og:site_name\" content=\"Markt-XXL\" \/>\n<meta name=\"twitter:card\" content=\"summary_large_image\" \/>\n<meta name=\"twitter:label1\" content=\"Gesch\u00e4tzte Lesezeit\" \/>\n\t<meta name=\"twitter:data1\" content=\"1\u00a0Minute\" \/>\n<script type=\"application\/ld+json\" class=\"yoast-schema-graph\">{\"@context\":\"https:\\\/\\\/schema.org\",\"@graph\":[{\"@type\":\"WebPage\",\"@id\":\"https:\\\/\\\/marktxxl.de\\\/markt\\\/produkt\\\/neonail-uv-set-hard-base-ml-und-hard-top-72-ml-uv-nagellack-unterlack-ueberlack-top-coat-base-coat-gel-naegel-uv-nageldesign\\\/\",\"url\":\"https:\\\/\\\/marktxxl.de\\\/markt\\\/produkt\\\/neonail-uv-set-hard-base-ml-und-hard-top-72-ml-uv-nagellack-unterlack-ueberlack-top-coat-base-coat-gel-naegel-uv-nageldesign\\\/\",\"name\":\"NEONAIL UV Set Hard Base ml und Hard Top 7,2 ml - UV Nagellack - Unterlack - \u00dcberlack - Top Coat - Base Coat - Gel N\u00e4gel UV - Nageldesign - Markt-XXL\",\"isPartOf\":{\"@id\":\"https:\\\/\\\/marktxxl.de\\\/markt\\\/#website\"},\"primaryImageOfPage\":{\"@id\":\"https:\\\/\\\/marktxxl.de\\\/markt\\\/produkt\\\/neonail-uv-set-hard-base-ml-und-hard-top-72-ml-uv-nagellack-unterlack-ueberlack-top-coat-base-coat-gel-naegel-uv-nageldesign\\\/#primaryimage\"},\"image\":{\"@id\":\"https:\\\/\\\/marktxxl.de\\\/markt\\\/produkt\\\/neonail-uv-set-hard-base-ml-und-hard-top-72-ml-uv-nagellack-unterlack-ueberlack-top-coat-base-coat-gel-naegel-uv-nageldesign\\\/#primaryimage\"},\"thumbnailUrl\":\"https:\\\/\\\/m.media-amazon.com\\\/images\\\/I\\\/41MWiIDFAcS._SL500_.jpg\",\"datePublished\":\"2024-05-29T12:35:55+00:00\",\"description\":\"Markt-XXL NEONAIL UV Set Hard Base ml und Hard Top 7,2 ml - UV Nagellack - Unterlack - \u00dcberlack - Top Coat - Base Coat - Gel N\u00e4gel UV - Nageldesign\",\"breadcrumb\":{\"@id\":\"https:\\\/\\\/marktxxl.de\\\/markt\\\/produkt\\\/neonail-uv-set-hard-base-ml-und-hard-top-72-ml-uv-nagellack-unterlack-ueberlack-top-coat-base-coat-gel-naegel-uv-nageldesign\\\/#breadcrumb\"},\"inLanguage\":\"de\",\"potentialAction\":[{\"@type\":\"ReadAction\",\"target\":[\"https:\\\/\\\/marktxxl.de\\\/markt\\\/produkt\\\/neonail-uv-set-hard-base-ml-und-hard-top-72-ml-uv-nagellack-unterlack-ueberlack-top-coat-base-coat-gel-naegel-uv-nageldesign\\\/\"]}]},{\"@type\":\"ImageObject\",\"inLanguage\":\"de\",\"@id\":\"https:\\\/\\\/marktxxl.de\\\/markt\\\/produkt\\\/neonail-uv-set-hard-base-ml-und-hard-top-72-ml-uv-nagellack-unterlack-ueberlack-top-coat-base-coat-gel-naegel-uv-nageldesign\\\/#primaryimage\",\"url\":\"https:\\\/\\\/m.media-amazon.com\\\/images\\\/I\\\/41MWiIDFAcS._SL500_.jpg\",\"contentUrl\":\"https:\\\/\\\/m.media-amazon.com\\\/images\\\/I\\\/41MWiIDFAcS._SL500_.jpg\",\"width\":500,\"height\":500},{\"@type\":\"BreadcrumbList\",\"@id\":\"https:\\\/\\\/marktxxl.de\\\/markt\\\/produkt\\\/neonail-uv-set-hard-base-ml-und-hard-top-72-ml-uv-nagellack-unterlack-ueberlack-top-coat-base-coat-gel-naegel-uv-nageldesign\\\/#breadcrumb\",\"itemListElement\":[{\"@type\":\"ListItem\",\"position\":1,\"name\":\"Startseite\",\"item\":\"https:\\\/\\\/marktxxl.de\\\/markt\\\/\"},{\"@type\":\"ListItem\",\"position\":2,\"name\":\"Markt\",\"item\":\"https:\\\/\\\/marktxxl.de\\\/markt\\\/\"},{\"@type\":\"ListItem\",\"position\":3,\"name\":\"NEONAIL UV Set Hard Base ml und Hard Top 7,2 ml &#8211; UV Nagellack &#8211; Unterlack &#8211; \u00dcberlack &#8211; Top Coat &#8211; Base Coat &#8211; Gel N\u00e4gel UV &#8211; Nageldesign\"}]},{\"@type\":\"WebSite\",\"@id\":\"https:\\\/\\\/marktxxl.de\\\/markt\\\/#website\",\"url\":\"https:\\\/\\\/marktxxl.de\\\/markt\\\/\",\"name\":\"Markt-XXL\",\"description\":\"Ihr Markt Online\",\"publisher\":{\"@id\":\"https:\\\/\\\/marktxxl.de\\\/markt\\\/#organization\"},\"potentialAction\":[{\"@type\":\"SearchAction\",\"target\":{\"@type\":\"EntryPoint\",\"urlTemplate\":\"https:\\\/\\\/marktxxl.de\\\/markt\\\/?s={search_term_string}\"},\"query-input\":{\"@type\":\"PropertyValueSpecification\",\"valueRequired\":true,\"valueName\":\"search_term_string\"}}],\"inLanguage\":\"de\"},{\"@type\":\"Organization\",\"@id\":\"https:\\\/\\\/marktxxl.de\\\/markt\\\/#organization\",\"name\":\"Markt-XXL\",\"url\":\"https:\\\/\\\/marktxxl.de\\\/markt\\\/\",\"logo\":{\"@type\":\"ImageObject\",\"inLanguage\":\"de\",\"@id\":\"https:\\\/\\\/marktxxl.de\\\/markt\\\/#\\\/schema\\\/logo\\\/image\\\/\",\"url\":\"https:\\\/\\\/marktxxl.de\\\/markt\\\/wp-content\\\/uploads\\\/sites\\\/3\\\/2020\\\/12\\\/logo.png\",\"contentUrl\":\"https:\\\/\\\/marktxxl.de\\\/markt\\\/wp-content\\\/uploads\\\/sites\\\/3\\\/2020\\\/12\\\/logo.png\",\"width\":200,\"height\":70,\"caption\":\"Markt-XXL\"},\"image\":{\"@id\":\"https:\\\/\\\/marktxxl.de\\\/markt\\\/#\\\/schema\\\/logo\\\/image\\\/\"}}]}<\/script>\n<!-- \/ Yoast SEO plugin. -->","yoast_head_json":{"title":"NEONAIL UV Set Hard Base ml und Hard Top 7,2 ml - UV Nagellack - Unterlack - \u00dcberlack - Top Coat - Base Coat - Gel N\u00e4gel UV - Nageldesign - Markt-XXL","description":"Markt-XXL NEONAIL UV Set Hard Base ml und Hard Top 7,2 ml - UV Nagellack - Unterlack - \u00dcberlack - Top Coat - Base Coat - Gel N\u00e4gel UV - Nageldesign","robots":{"index":"index","follow":"follow","max-snippet":"max-snippet:-1","max-image-preview":"max-image-preview:large","max-video-preview":"max-video-preview:-1"},"canonical":"https:\/\/marktxxl.de\/markt\/produkt\/neonail-uv-set-hard-base-ml-und-hard-top-72-ml-uv-nagellack-unterlack-ueberlack-top-coat-base-coat-gel-naegel-uv-nageldesign\/","og_locale":"de_DE","og_type":"article","og_title":"NEONAIL UV Set Hard Base ml und Hard Top 7,2 ml - UV Nagellack - Unterlack - \u00dcberlack - Top Coat - Base Coat - Gel N\u00e4gel UV - Nageldesign - Markt-XXL","og_description":"Markt-XXL NEONAIL UV Set Hard Base ml und Hard Top 7,2 ml - UV Nagellack - Unterlack - \u00dcberlack - Top Coat - Base Coat - Gel N\u00e4gel UV - Nageldesign","og_url":"https:\/\/marktxxl.de\/markt\/produkt\/neonail-uv-set-hard-base-ml-und-hard-top-72-ml-uv-nagellack-unterlack-ueberlack-top-coat-base-coat-gel-naegel-uv-nageldesign\/","og_site_name":"Markt-XXL","twitter_card":"summary_large_image","twitter_misc":{"Gesch\u00e4tzte Lesezeit":"1\u00a0Minute"},"schema":{"@context":"https:\/\/schema.org","@graph":[{"@type":"WebPage","@id":"https:\/\/marktxxl.de\/markt\/produkt\/neonail-uv-set-hard-base-ml-und-hard-top-72-ml-uv-nagellack-unterlack-ueberlack-top-coat-base-coat-gel-naegel-uv-nageldesign\/","url":"https:\/\/marktxxl.de\/markt\/produkt\/neonail-uv-set-hard-base-ml-und-hard-top-72-ml-uv-nagellack-unterlack-ueberlack-top-coat-base-coat-gel-naegel-uv-nageldesign\/","name":"NEONAIL UV Set Hard Base ml und Hard Top 7,2 ml - UV Nagellack - Unterlack - \u00dcberlack - Top Coat - Base Coat - Gel N\u00e4gel UV - Nageldesign - Markt-XXL","isPartOf":{"@id":"https:\/\/marktxxl.de\/markt\/#website"},"primaryImageOfPage":{"@id":"https:\/\/marktxxl.de\/markt\/produkt\/neonail-uv-set-hard-base-ml-und-hard-top-72-ml-uv-nagellack-unterlack-ueberlack-top-coat-base-coat-gel-naegel-uv-nageldesign\/#primaryimage"},"image":{"@id":"https:\/\/marktxxl.de\/markt\/produkt\/neonail-uv-set-hard-base-ml-und-hard-top-72-ml-uv-nagellack-unterlack-ueberlack-top-coat-base-coat-gel-naegel-uv-nageldesign\/#primaryimage"},"thumbnailUrl":"https:\/\/m.media-amazon.com\/images\/I\/41MWiIDFAcS._SL500_.jpg","datePublished":"2024-05-29T12:35:55+00:00","description":"Markt-XXL NEONAIL UV Set Hard Base ml und Hard Top 7,2 ml - UV Nagellack - Unterlack - \u00dcberlack - Top Coat - Base Coat - Gel N\u00e4gel UV - Nageldesign","breadcrumb":{"@id":"https:\/\/marktxxl.de\/markt\/produkt\/neonail-uv-set-hard-base-ml-und-hard-top-72-ml-uv-nagellack-unterlack-ueberlack-top-coat-base-coat-gel-naegel-uv-nageldesign\/#breadcrumb"},"inLanguage":"de","potentialAction":[{"@type":"ReadAction","target":["https:\/\/marktxxl.de\/markt\/produkt\/neonail-uv-set-hard-base-ml-und-hard-top-72-ml-uv-nagellack-unterlack-ueberlack-top-coat-base-coat-gel-naegel-uv-nageldesign\/"]}]},{"@type":"ImageObject","inLanguage":"de","@id":"https:\/\/marktxxl.de\/markt\/produkt\/neonail-uv-set-hard-base-ml-und-hard-top-72-ml-uv-nagellack-unterlack-ueberlack-top-coat-base-coat-gel-naegel-uv-nageldesign\/#primaryimage","url":"https:\/\/m.media-amazon.com\/images\/I\/41MWiIDFAcS._SL500_.jpg","contentUrl":"https:\/\/m.media-amazon.com\/images\/I\/41MWiIDFAcS._SL500_.jpg","width":500,"height":500},{"@type":"BreadcrumbList","@id":"https:\/\/marktxxl.de\/markt\/produkt\/neonail-uv-set-hard-base-ml-und-hard-top-72-ml-uv-nagellack-unterlack-ueberlack-top-coat-base-coat-gel-naegel-uv-nageldesign\/#breadcrumb","itemListElement":[{"@type":"ListItem","position":1,"name":"Startseite","item":"https:\/\/marktxxl.de\/markt\/"},{"@type":"ListItem","position":2,"name":"Markt","item":"https:\/\/marktxxl.de\/markt\/"},{"@type":"ListItem","position":3,"name":"NEONAIL UV Set Hard Base ml und Hard Top 7,2 ml &#8211; UV Nagellack &#8211; Unterlack &#8211; \u00dcberlack &#8211; Top Coat &#8211; Base Coat &#8211; Gel N\u00e4gel UV &#8211; Nageldesign"}]},{"@type":"WebSite","@id":"https:\/\/marktxxl.de\/markt\/#website","url":"https:\/\/marktxxl.de\/markt\/","name":"Markt-XXL","description":"Ihr Markt Online","publisher":{"@id":"https:\/\/marktxxl.de\/markt\/#organization"},"potentialAction":[{"@type":"SearchAction","target":{"@type":"EntryPoint","urlTemplate":"https:\/\/marktxxl.de\/markt\/?s={search_term_string}"},"query-input":{"@type":"PropertyValueSpecification","valueRequired":true,"valueName":"search_term_string"}}],"inLanguage":"de"},{"@type":"Organization","@id":"https:\/\/marktxxl.de\/markt\/#organization","name":"Markt-XXL","url":"https:\/\/marktxxl.de\/markt\/","logo":{"@type":"ImageObject","inLanguage":"de","@id":"https:\/\/marktxxl.de\/markt\/#\/schema\/logo\/image\/","url":"https:\/\/marktxxl.de\/markt\/wp-content\/uploads\/sites\/3\/2020\/12\/logo.png","contentUrl":"https:\/\/marktxxl.de\/markt\/wp-content\/uploads\/sites\/3\/2020\/12\/logo.png","width":200,"height":70,"caption":"Markt-XXL"},"image":{"@id":"https:\/\/marktxxl.de\/markt\/#\/schema\/logo\/image\/"}}]}},"_links":{"self":[{"href":"https:\/\/marktxxl.de\/markt\/wp-json\/wp\/v2\/product\/210165","targetHints":{"allow":["GET"]}}],"collection":[{"href":"https:\/\/marktxxl.de\/markt\/wp-json\/wp\/v2\/product"}],"about":[{"href":"https:\/\/marktxxl.de\/markt\/wp-json\/wp\/v2\/types\/product"}],"replies":[{"embeddable":true,"href":"https:\/\/marktxxl.de\/markt\/wp-json\/wp\/v2\/comments?post=210165"}],"wp:featuredmedia":[{"embeddable":true,"href":"https:\/\/marktxxl.de\/markt\/wp-json\/wp\/v2\/media\/210166"}],"wp:attachment":[{"href":"https:\/\/marktxxl.de\/markt\/wp-json\/wp\/v2\/media?parent=210165"}],"wp:term":[{"taxonomy":"product_brand","embeddable":true,"href":"https:\/\/marktxxl.de\/markt\/wp-json\/wp\/v2\/product_brand?post=210165"},{"taxonomy":"product_cat","embeddable":true,"href":"https:\/\/marktxxl.de\/markt\/wp-json\/wp\/v2\/product_cat?post=210165"},{"taxonomy":"product_tag","embeddable":true,"href":"https:\/\/marktxxl.de\/markt\/wp-json\/wp\/v2\/product_tag?post=210165"}],"curies":[{"name":"wp","href":"https:\/\/api.w.org\/{rel}","templated":true}]}}