{"id":210152,"date":"2024-05-29T14:35:41","date_gmt":"2024-05-29T12:35:41","guid":{"rendered":"https:\/\/marktxxl.de\/markt\/produkt\/neonail-uv-gel-nail-polish-remover-aceton-500-ml-nagellackentferner-shellac-nagellack-entfernen-gelnaegel-entferner\/"},"modified":"2024-05-29T14:35:41","modified_gmt":"2024-05-29T12:35:41","slug":"neonail-uv-gel-nail-polish-remover-aceton-500-ml-nagellackentferner-shellac-nagellack-entfernen-gelnaegel-entferner","status":"publish","type":"product","link":"https:\/\/marktxxl.de\/markt\/produkt\/neonail-uv-gel-nail-polish-remover-aceton-500-ml-nagellackentferner-shellac-nagellack-entfernen-gelnaegel-entferner\/","title":{"rendered":"NEONAIL UV Gel Nail Polish Remover &#8211; Aceton 500 ml &#8211; Nagellackentferner &#8211; Shellac &#8211; Nagellack Entfernen &#8211; Geln\u00e4gel Entferner"},"content":{"rendered":"<p>Aceton N\u00c9ONAIL. Aufgrund des Acetongehalts entfernt es trotzdem gr\u00fcndlich und zuverl\u00e4ssig jegliche Art von Nagellack. Es eignet sich zum Abl\u00f6sen von Acryl- und Geln\u00e4geln, Nageltips, und zur Entfernung von Nagellack auf nat\u00fcrlichen N\u00e4geln. Es ist sicher, unkompliziert und spart Zeit<br \/>\nEntfernt Gel-Nagellack: N\u00c9ONAIL Aceton wirkt, indem es das Gel auf der Nageloberfl\u00e4che aufweicht (auch Soak-Off Methode genannt). Es ist nicht nur ideal zur Entfernung von Gel-Nagellack, sondern auch von Nagelkleber und Kunstn\u00e4geln, sowie Nageltips und Acryln\u00e4geln. Vergiss nicht, nach der Verwendung von Aceton, Nagelhaut\u00f6l und eine feuchtigkeitsspendende Handcreme aufzutragen, um Deine H\u00e4nde zu pflegen und das Nagelbett zu versorgen<br \/>\nEinfach und schnell: Raue die Oberfl\u00e4che Deines Gelnagels mit einer Nagelfeile an, tr\u00e4nke ein Wattepad, ein Watteb\u00e4llchen oder ein N\u00c9ONAIL Lint Free Wipe mit unserem Aceton UV Nagellackentferner und lege es auf die zu entfernende Gel-Farbe. Umwickel den Nagel mit Alufolie oder N\u00c9ONAIL Foil Wraps und lasse es f\u00fcr 10 bis 15 Minuten einwirken. Entferne die Folie und schabe das aufgel\u00f6ste Gel schnell und einfach vom Nagel<br \/>\n<div class=\"main-cross-sell\" data-asin=\"B0CHMKX955\">\n\n\t<div class=\"WooZone-cross-sell-loader\">\n\t\t<div>\n\t\t\t<div id=\"floatingBarsG\">\n\t\t\t\t<div class=\"blockG\" id=\"rotateG_01\"><\/div>\n\t\t\t\t<div class=\"blockG\" id=\"rotateG_02\"><\/div>\n\t\t\t\t<div class=\"blockG\" id=\"rotateG_03\"><\/div>\n\t\t\t\t<div class=\"blockG\" id=\"rotateG_04\"><\/div>\n\t\t\t\t<div class=\"blockG\" id=\"rotateG_05\"><\/div>\n\t\t\t\t<div class=\"blockG\" id=\"rotateG_06\"><\/div>\n\t\t\t\t<div class=\"blockG\" id=\"rotateG_07\"><\/div>\n\t\t\t\t<div class=\"blockG\" id=\"rotateG_08\"><\/div>\n\t\t\t<\/div>\n\t\t\t<div class=\"WooZone-cross-sell-loader-text\"><\/div>\n\t\t<\/div>\n\t<\/div>\n\n\t\t\n<\/div>\n<div style=\"clear:both;\"><\/div><\/p>\n","protected":false},"excerpt":{"rendered":"<p>Aceton N\u00c9ONAIL. Aufgrund des Acetongehalts entfernt es trotzdem gr\u00fcndlich und zuverl\u00e4ssig jegliche Art von Nagellack. Es eignet sich zum Abl\u00f6sen von Acryl- und Geln\u00e4geln, Nageltips, und zur Entfernung von Nagellack auf nat\u00fcrlichen N\u00e4geln. Es ist sicher, unkompliziert und spart Zeit<br \/>\nEntfernt Gel-Nagellack: N\u00c9ONAIL Aceton wirkt, indem es das Gel auf der Nageloberfl\u00e4che aufweicht (auch Soak-Off Methode genannt). Es ist nicht nur ideal zur Entfernung von Gel-Nagellack, sondern auch von Nagelkleber und Kunstn\u00e4geln, sowie Nageltips und Acryln\u00e4geln. Vergiss nicht, nach der Verwendung von Aceton, Nagelhaut\u00f6l und eine feuchtigkeitsspendende Handcreme aufzutragen, um Deine H\u00e4nde zu pflegen und das Nagelbett zu versorgen<br \/>\nEinfach und schnell: Raue die Oberfl\u00e4che Deines Gelnagels mit einer Nagelfeile an, tr\u00e4nke ein Wattepad, ein Watteb\u00e4llchen oder ein N\u00c9ONAIL Lint Free Wipe mit unserem Aceton UV Nagellackentferner und lege es auf die zu entfernende Gel-Farbe. Umwickel den Nagel mit Alufolie oder N\u00c9ONAIL Foil Wraps und lasse es f\u00fcr 10 bis 15 Minuten einwirken. Entferne die Folie und schabe das aufgel\u00f6ste Gel schnell und einfach vom Nagel<\/p>\n","protected":false},"featured_media":210153,"comment_status":"open","ping_status":"closed","template":"","meta":[],"product_brand":[],"product_cat":[2858,7659],"product_tag":[],"class_list":{"0":"post-210152","1":"product","2":"type-product","3":"status-publish","4":"has-post-thumbnail","6":"product_cat-beauty","7":"product_cat-manikuere-pedikuere","8":"pa_brand-neonail","9":"pa_color-uv-gel-polish-remover-aceton-500-ml","10":"pa_manufacturer-neonail","11":"pa_model-zmywacz-500-ml","12":"pa_size-500-ml-1er-pack","14":"first","15":"instock","16":"shipping-taxable","17":"purchasable","18":"product-type-simple","19":"customify-col","20":"product-has-gallery"},"yoast_head":"<!-- This site is optimized with the Yoast SEO plugin v27.3 - https:\/\/yoast.com\/product\/yoast-seo-wordpress\/ -->\n<title>NEONAIL UV Gel Nail Polish Remover - Aceton 500 ml - Nagellackentferner - Shellac - Nagellack Entfernen - Geln\u00e4gel Entferner - Markt-XXL<\/title>\n<meta name=\"description\" content=\"Markt-XXL NEONAIL UV Gel Nail Polish Remover - Aceton 500 ml - Nagellackentferner - Shellac - Nagellack Entfernen - Geln\u00e4gel Entferner\" \/>\n<meta name=\"robots\" content=\"index, follow, max-snippet:-1, max-image-preview:large, max-video-preview:-1\" \/>\n<link rel=\"canonical\" href=\"https:\/\/marktxxl.de\/markt\/produkt\/neonail-uv-gel-nail-polish-remover-aceton-500-ml-nagellackentferner-shellac-nagellack-entfernen-gelnaegel-entferner\/\" \/>\n<meta property=\"og:locale\" content=\"de_DE\" \/>\n<meta property=\"og:type\" content=\"article\" \/>\n<meta property=\"og:title\" content=\"NEONAIL UV Gel Nail Polish Remover - Aceton 500 ml - Nagellackentferner - Shellac - Nagellack Entfernen - Geln\u00e4gel Entferner - Markt-XXL\" \/>\n<meta property=\"og:description\" content=\"Markt-XXL NEONAIL UV Gel Nail Polish Remover - Aceton 500 ml - Nagellackentferner - Shellac - Nagellack Entfernen - Geln\u00e4gel Entferner\" \/>\n<meta property=\"og:url\" content=\"https:\/\/marktxxl.de\/markt\/produkt\/neonail-uv-gel-nail-polish-remover-aceton-500-ml-nagellackentferner-shellac-nagellack-entfernen-gelnaegel-entferner\/\" \/>\n<meta property=\"og:site_name\" content=\"Markt-XXL\" \/>\n<meta name=\"twitter:card\" content=\"summary_large_image\" \/>\n<meta name=\"twitter:label1\" content=\"Gesch\u00e4tzte Lesezeit\" \/>\n\t<meta name=\"twitter:data1\" content=\"1\u00a0Minute\" \/>\n<script type=\"application\/ld+json\" class=\"yoast-schema-graph\">{\"@context\":\"https:\\\/\\\/schema.org\",\"@graph\":[{\"@type\":\"WebPage\",\"@id\":\"https:\\\/\\\/marktxxl.de\\\/markt\\\/produkt\\\/neonail-uv-gel-nail-polish-remover-aceton-500-ml-nagellackentferner-shellac-nagellack-entfernen-gelnaegel-entferner\\\/\",\"url\":\"https:\\\/\\\/marktxxl.de\\\/markt\\\/produkt\\\/neonail-uv-gel-nail-polish-remover-aceton-500-ml-nagellackentferner-shellac-nagellack-entfernen-gelnaegel-entferner\\\/\",\"name\":\"NEONAIL UV Gel Nail Polish Remover - Aceton 500 ml - Nagellackentferner - Shellac - Nagellack Entfernen - Geln\u00e4gel Entferner - Markt-XXL\",\"isPartOf\":{\"@id\":\"https:\\\/\\\/marktxxl.de\\\/markt\\\/#website\"},\"primaryImageOfPage\":{\"@id\":\"https:\\\/\\\/marktxxl.de\\\/markt\\\/produkt\\\/neonail-uv-gel-nail-polish-remover-aceton-500-ml-nagellackentferner-shellac-nagellack-entfernen-gelnaegel-entferner\\\/#primaryimage\"},\"image\":{\"@id\":\"https:\\\/\\\/marktxxl.de\\\/markt\\\/produkt\\\/neonail-uv-gel-nail-polish-remover-aceton-500-ml-nagellackentferner-shellac-nagellack-entfernen-gelnaegel-entferner\\\/#primaryimage\"},\"thumbnailUrl\":\"https:\\\/\\\/m.media-amazon.com\\\/images\\\/I\\\/315pNV3IDsL._SL500_.jpg\",\"datePublished\":\"2024-05-29T12:35:41+00:00\",\"description\":\"Markt-XXL NEONAIL UV Gel Nail Polish Remover - Aceton 500 ml - Nagellackentferner - Shellac - Nagellack Entfernen - Geln\u00e4gel Entferner\",\"breadcrumb\":{\"@id\":\"https:\\\/\\\/marktxxl.de\\\/markt\\\/produkt\\\/neonail-uv-gel-nail-polish-remover-aceton-500-ml-nagellackentferner-shellac-nagellack-entfernen-gelnaegel-entferner\\\/#breadcrumb\"},\"inLanguage\":\"de\",\"potentialAction\":[{\"@type\":\"ReadAction\",\"target\":[\"https:\\\/\\\/marktxxl.de\\\/markt\\\/produkt\\\/neonail-uv-gel-nail-polish-remover-aceton-500-ml-nagellackentferner-shellac-nagellack-entfernen-gelnaegel-entferner\\\/\"]}]},{\"@type\":\"ImageObject\",\"inLanguage\":\"de\",\"@id\":\"https:\\\/\\\/marktxxl.de\\\/markt\\\/produkt\\\/neonail-uv-gel-nail-polish-remover-aceton-500-ml-nagellackentferner-shellac-nagellack-entfernen-gelnaegel-entferner\\\/#primaryimage\",\"url\":\"https:\\\/\\\/m.media-amazon.com\\\/images\\\/I\\\/315pNV3IDsL._SL500_.jpg\",\"contentUrl\":\"https:\\\/\\\/m.media-amazon.com\\\/images\\\/I\\\/315pNV3IDsL._SL500_.jpg\",\"width\":500,\"height\":500},{\"@type\":\"BreadcrumbList\",\"@id\":\"https:\\\/\\\/marktxxl.de\\\/markt\\\/produkt\\\/neonail-uv-gel-nail-polish-remover-aceton-500-ml-nagellackentferner-shellac-nagellack-entfernen-gelnaegel-entferner\\\/#breadcrumb\",\"itemListElement\":[{\"@type\":\"ListItem\",\"position\":1,\"name\":\"Startseite\",\"item\":\"https:\\\/\\\/marktxxl.de\\\/markt\\\/\"},{\"@type\":\"ListItem\",\"position\":2,\"name\":\"Markt\",\"item\":\"https:\\\/\\\/marktxxl.de\\\/markt\\\/\"},{\"@type\":\"ListItem\",\"position\":3,\"name\":\"NEONAIL UV Gel Nail Polish Remover &#8211; Aceton 500 ml &#8211; Nagellackentferner &#8211; Shellac &#8211; Nagellack Entfernen &#8211; Geln\u00e4gel Entferner\"}]},{\"@type\":\"WebSite\",\"@id\":\"https:\\\/\\\/marktxxl.de\\\/markt\\\/#website\",\"url\":\"https:\\\/\\\/marktxxl.de\\\/markt\\\/\",\"name\":\"Markt-XXL\",\"description\":\"Ihr Markt Online\",\"publisher\":{\"@id\":\"https:\\\/\\\/marktxxl.de\\\/markt\\\/#organization\"},\"potentialAction\":[{\"@type\":\"SearchAction\",\"target\":{\"@type\":\"EntryPoint\",\"urlTemplate\":\"https:\\\/\\\/marktxxl.de\\\/markt\\\/?s={search_term_string}\"},\"query-input\":{\"@type\":\"PropertyValueSpecification\",\"valueRequired\":true,\"valueName\":\"search_term_string\"}}],\"inLanguage\":\"de\"},{\"@type\":\"Organization\",\"@id\":\"https:\\\/\\\/marktxxl.de\\\/markt\\\/#organization\",\"name\":\"Markt-XXL\",\"url\":\"https:\\\/\\\/marktxxl.de\\\/markt\\\/\",\"logo\":{\"@type\":\"ImageObject\",\"inLanguage\":\"de\",\"@id\":\"https:\\\/\\\/marktxxl.de\\\/markt\\\/#\\\/schema\\\/logo\\\/image\\\/\",\"url\":\"https:\\\/\\\/marktxxl.de\\\/markt\\\/wp-content\\\/uploads\\\/sites\\\/3\\\/2020\\\/12\\\/logo.png\",\"contentUrl\":\"https:\\\/\\\/marktxxl.de\\\/markt\\\/wp-content\\\/uploads\\\/sites\\\/3\\\/2020\\\/12\\\/logo.png\",\"width\":200,\"height\":70,\"caption\":\"Markt-XXL\"},\"image\":{\"@id\":\"https:\\\/\\\/marktxxl.de\\\/markt\\\/#\\\/schema\\\/logo\\\/image\\\/\"}}]}<\/script>\n<!-- \/ Yoast SEO plugin. -->","yoast_head_json":{"title":"NEONAIL UV Gel Nail Polish Remover - Aceton 500 ml - Nagellackentferner - Shellac - Nagellack Entfernen - Geln\u00e4gel Entferner - Markt-XXL","description":"Markt-XXL NEONAIL UV Gel Nail Polish Remover - Aceton 500 ml - Nagellackentferner - Shellac - Nagellack Entfernen - Geln\u00e4gel Entferner","robots":{"index":"index","follow":"follow","max-snippet":"max-snippet:-1","max-image-preview":"max-image-preview:large","max-video-preview":"max-video-preview:-1"},"canonical":"https:\/\/marktxxl.de\/markt\/produkt\/neonail-uv-gel-nail-polish-remover-aceton-500-ml-nagellackentferner-shellac-nagellack-entfernen-gelnaegel-entferner\/","og_locale":"de_DE","og_type":"article","og_title":"NEONAIL UV Gel Nail Polish Remover - Aceton 500 ml - Nagellackentferner - Shellac - Nagellack Entfernen - Geln\u00e4gel Entferner - Markt-XXL","og_description":"Markt-XXL NEONAIL UV Gel Nail Polish Remover - Aceton 500 ml - Nagellackentferner - Shellac - Nagellack Entfernen - Geln\u00e4gel Entferner","og_url":"https:\/\/marktxxl.de\/markt\/produkt\/neonail-uv-gel-nail-polish-remover-aceton-500-ml-nagellackentferner-shellac-nagellack-entfernen-gelnaegel-entferner\/","og_site_name":"Markt-XXL","twitter_card":"summary_large_image","twitter_misc":{"Gesch\u00e4tzte Lesezeit":"1\u00a0Minute"},"schema":{"@context":"https:\/\/schema.org","@graph":[{"@type":"WebPage","@id":"https:\/\/marktxxl.de\/markt\/produkt\/neonail-uv-gel-nail-polish-remover-aceton-500-ml-nagellackentferner-shellac-nagellack-entfernen-gelnaegel-entferner\/","url":"https:\/\/marktxxl.de\/markt\/produkt\/neonail-uv-gel-nail-polish-remover-aceton-500-ml-nagellackentferner-shellac-nagellack-entfernen-gelnaegel-entferner\/","name":"NEONAIL UV Gel Nail Polish Remover - Aceton 500 ml - Nagellackentferner - Shellac - Nagellack Entfernen - Geln\u00e4gel Entferner - Markt-XXL","isPartOf":{"@id":"https:\/\/marktxxl.de\/markt\/#website"},"primaryImageOfPage":{"@id":"https:\/\/marktxxl.de\/markt\/produkt\/neonail-uv-gel-nail-polish-remover-aceton-500-ml-nagellackentferner-shellac-nagellack-entfernen-gelnaegel-entferner\/#primaryimage"},"image":{"@id":"https:\/\/marktxxl.de\/markt\/produkt\/neonail-uv-gel-nail-polish-remover-aceton-500-ml-nagellackentferner-shellac-nagellack-entfernen-gelnaegel-entferner\/#primaryimage"},"thumbnailUrl":"https:\/\/m.media-amazon.com\/images\/I\/315pNV3IDsL._SL500_.jpg","datePublished":"2024-05-29T12:35:41+00:00","description":"Markt-XXL NEONAIL UV Gel Nail Polish Remover - Aceton 500 ml - Nagellackentferner - Shellac - Nagellack Entfernen - Geln\u00e4gel Entferner","breadcrumb":{"@id":"https:\/\/marktxxl.de\/markt\/produkt\/neonail-uv-gel-nail-polish-remover-aceton-500-ml-nagellackentferner-shellac-nagellack-entfernen-gelnaegel-entferner\/#breadcrumb"},"inLanguage":"de","potentialAction":[{"@type":"ReadAction","target":["https:\/\/marktxxl.de\/markt\/produkt\/neonail-uv-gel-nail-polish-remover-aceton-500-ml-nagellackentferner-shellac-nagellack-entfernen-gelnaegel-entferner\/"]}]},{"@type":"ImageObject","inLanguage":"de","@id":"https:\/\/marktxxl.de\/markt\/produkt\/neonail-uv-gel-nail-polish-remover-aceton-500-ml-nagellackentferner-shellac-nagellack-entfernen-gelnaegel-entferner\/#primaryimage","url":"https:\/\/m.media-amazon.com\/images\/I\/315pNV3IDsL._SL500_.jpg","contentUrl":"https:\/\/m.media-amazon.com\/images\/I\/315pNV3IDsL._SL500_.jpg","width":500,"height":500},{"@type":"BreadcrumbList","@id":"https:\/\/marktxxl.de\/markt\/produkt\/neonail-uv-gel-nail-polish-remover-aceton-500-ml-nagellackentferner-shellac-nagellack-entfernen-gelnaegel-entferner\/#breadcrumb","itemListElement":[{"@type":"ListItem","position":1,"name":"Startseite","item":"https:\/\/marktxxl.de\/markt\/"},{"@type":"ListItem","position":2,"name":"Markt","item":"https:\/\/marktxxl.de\/markt\/"},{"@type":"ListItem","position":3,"name":"NEONAIL UV Gel Nail Polish Remover &#8211; Aceton 500 ml &#8211; Nagellackentferner &#8211; Shellac &#8211; Nagellack Entfernen &#8211; Geln\u00e4gel Entferner"}]},{"@type":"WebSite","@id":"https:\/\/marktxxl.de\/markt\/#website","url":"https:\/\/marktxxl.de\/markt\/","name":"Markt-XXL","description":"Ihr Markt Online","publisher":{"@id":"https:\/\/marktxxl.de\/markt\/#organization"},"potentialAction":[{"@type":"SearchAction","target":{"@type":"EntryPoint","urlTemplate":"https:\/\/marktxxl.de\/markt\/?s={search_term_string}"},"query-input":{"@type":"PropertyValueSpecification","valueRequired":true,"valueName":"search_term_string"}}],"inLanguage":"de"},{"@type":"Organization","@id":"https:\/\/marktxxl.de\/markt\/#organization","name":"Markt-XXL","url":"https:\/\/marktxxl.de\/markt\/","logo":{"@type":"ImageObject","inLanguage":"de","@id":"https:\/\/marktxxl.de\/markt\/#\/schema\/logo\/image\/","url":"https:\/\/marktxxl.de\/markt\/wp-content\/uploads\/sites\/3\/2020\/12\/logo.png","contentUrl":"https:\/\/marktxxl.de\/markt\/wp-content\/uploads\/sites\/3\/2020\/12\/logo.png","width":200,"height":70,"caption":"Markt-XXL"},"image":{"@id":"https:\/\/marktxxl.de\/markt\/#\/schema\/logo\/image\/"}}]}},"_links":{"self":[{"href":"https:\/\/marktxxl.de\/markt\/wp-json\/wp\/v2\/product\/210152","targetHints":{"allow":["GET"]}}],"collection":[{"href":"https:\/\/marktxxl.de\/markt\/wp-json\/wp\/v2\/product"}],"about":[{"href":"https:\/\/marktxxl.de\/markt\/wp-json\/wp\/v2\/types\/product"}],"replies":[{"embeddable":true,"href":"https:\/\/marktxxl.de\/markt\/wp-json\/wp\/v2\/comments?post=210152"}],"wp:featuredmedia":[{"embeddable":true,"href":"https:\/\/marktxxl.de\/markt\/wp-json\/wp\/v2\/media\/210153"}],"wp:attachment":[{"href":"https:\/\/marktxxl.de\/markt\/wp-json\/wp\/v2\/media?parent=210152"}],"wp:term":[{"taxonomy":"product_brand","embeddable":true,"href":"https:\/\/marktxxl.de\/markt\/wp-json\/wp\/v2\/product_brand?post=210152"},{"taxonomy":"product_cat","embeddable":true,"href":"https:\/\/marktxxl.de\/markt\/wp-json\/wp\/v2\/product_cat?post=210152"},{"taxonomy":"product_tag","embeddable":true,"href":"https:\/\/marktxxl.de\/markt\/wp-json\/wp\/v2\/product_tag?post=210152"}],"curies":[{"name":"wp","href":"https:\/\/api.w.org\/{rel}","templated":true}]}}