{"id":210088,"date":"2024-05-29T14:27:07","date_gmt":"2024-05-29T12:27:07","guid":{"rendered":"https:\/\/marktxxl.de\/markt\/produkt\/kateluo-kabel-klettband-kabelbinder-schwarz-klettverschluss-selbstklebend-kabelbinder-wiederverschliessbar-mit-hochwertigem-nylonmaterial-100-stueck-150-x-12-mm\/"},"modified":"2024-05-29T14:27:07","modified_gmt":"2024-05-29T12:27:07","slug":"kateluo-kabel-klettband-kabelbinder-schwarz-klettverschluss-selbstklebend-kabelbinder-wiederverschliessbar-mit-hochwertigem-nylonmaterial-100-stueck-150-x-12-mm","status":"publish","type":"product","link":"https:\/\/marktxxl.de\/markt\/produkt\/kateluo-kabel-klettband-kabelbinder-schwarz-klettverschluss-selbstklebend-kabelbinder-wiederverschliessbar-mit-hochwertigem-nylonmaterial-100-stueck-150-x-12-mm\/","title":{"rendered":"KATELUO Kabel Klettband, Kabelbinder Schwarz Klettverschluss Selbstklebend Kabelbinder Wiederverschlie\u00dfbar mit Hochwertigem Nylonmaterial (100 St\u00fcck 150 x 12 mm)"},"content":{"rendered":"<p>Sie sind aus einem sehr hochwertigen nylonmaterial, die eine starke Verbindung zu Kabeln bietet und \u00fcberhaupt nicht bricht<br \/>\nKabelbinder sind perfekt f\u00fcr die Steuerung und Organisation Dr\u00e4hte, Schn\u00fcre, und Kabeln und zum B\u00fcndeln einer Vielzahl von Materialien, von Blumen bis zu Werkzeugen<br \/>\nMan kann den klettkabelbinder einfach drumherum legen und durch das ende durch die \u00f6se ziehen um ein optimales ergebnis zu haben. reicht der kabelbinder nicht kann man auch zwei oder mehr kabelbinder kombinieren bis die gew\u00fcnschte gr\u00f6\u00dfe erreicht ist<br \/>\nVerstellbar und Wiederverwendbar<br \/>\nFarbe: Schwarz, Gr\u00f6\u00dfe: 150 x 12 mm, Lieferumfang: 100 St\u00fcck<br \/>\n<div class=\"main-cross-sell\" data-asin=\"B07LGRZG41\">\n\n\t<div class=\"WooZone-cross-sell-loader\">\n\t\t<div>\n\t\t\t<div id=\"floatingBarsG\">\n\t\t\t\t<div class=\"blockG\" id=\"rotateG_01\"><\/div>\n\t\t\t\t<div class=\"blockG\" id=\"rotateG_02\"><\/div>\n\t\t\t\t<div class=\"blockG\" id=\"rotateG_03\"><\/div>\n\t\t\t\t<div class=\"blockG\" id=\"rotateG_04\"><\/div>\n\t\t\t\t<div class=\"blockG\" id=\"rotateG_05\"><\/div>\n\t\t\t\t<div class=\"blockG\" id=\"rotateG_06\"><\/div>\n\t\t\t\t<div class=\"blockG\" id=\"rotateG_07\"><\/div>\n\t\t\t\t<div class=\"blockG\" id=\"rotateG_08\"><\/div>\n\t\t\t<\/div>\n\t\t\t<div class=\"WooZone-cross-sell-loader-text\"><\/div>\n\t\t<\/div>\n\t<\/div>\n\n\t\t\n<\/div>\n<div style=\"clear:both;\"><\/div><\/p>\n","protected":false},"excerpt":{"rendered":"<p>Sie sind aus einem sehr hochwertigen nylonmaterial, die eine starke Verbindung zu Kabeln bietet und \u00fcberhaupt nicht bricht<br \/>\nKabelbinder sind perfekt f\u00fcr die Steuerung und Organisation Dr\u00e4hte, Schn\u00fcre, und Kabeln und zum B\u00fcndeln einer Vielzahl von Materialien, von Blumen bis zu Werkzeugen<br \/>\nMan kann den klettkabelbinder einfach drumherum legen und durch das ende durch die \u00f6se ziehen um ein optimales ergebnis zu haben. reicht der kabelbinder nicht kann man auch zwei oder mehr kabelbinder kombinieren bis die gew\u00fcnschte gr\u00f6\u00dfe erreicht ist<\/p>\n","protected":false},"featured_media":210089,"comment_status":"open","ping_status":"closed","template":"","meta":[],"product_brand":[],"product_cat":[1983,11009],"product_tag":[],"class_list":{"0":"post-210088","1":"product","2":"type-product","3":"status-publish","4":"has-post-thumbnail","6":"product_cat-baumarkt","7":"product_cat-elektroinstallation","8":"pa_binding-werkzeug","9":"pa_brand-kateluo","10":"pa_color-schwarz","11":"pa_manufacturer-kateluo","12":"pa_model-wsd-3","14":"first","15":"instock","16":"shipping-taxable","17":"purchasable","18":"product-type-simple","19":"customify-col","20":"product-has-gallery"},"yoast_head":"<!-- This site is optimized with the Yoast SEO plugin v27.4 - https:\/\/yoast.com\/product\/yoast-seo-wordpress\/ -->\n<title>KATELUO Kabel Klettband, Kabelbinder Schwarz Klettverschluss Selbstklebend Kabelbinder Wiederverschlie\u00dfbar mit Hochwertigem Nylonmaterial (100 St\u00fcck 150 x 12 mm) - Markt-XXL<\/title>\n<meta name=\"description\" content=\"Markt-XXL KATELUO Kabel Klettband, Kabelbinder Schwarz Klettverschluss Selbstklebend Kabelbinder Wiederverschlie\u00dfbar mit Hochwertigem Nylonmaterial (100 St\u00fcck 150 x 12 mm)\" \/>\n<meta name=\"robots\" content=\"index, follow, max-snippet:-1, max-image-preview:large, max-video-preview:-1\" \/>\n<link rel=\"canonical\" href=\"https:\/\/marktxxl.de\/markt\/produkt\/kateluo-kabel-klettband-kabelbinder-schwarz-klettverschluss-selbstklebend-kabelbinder-wiederverschliessbar-mit-hochwertigem-nylonmaterial-100-stueck-150-x-12-mm\/\" \/>\n<meta property=\"og:locale\" content=\"de_DE\" \/>\n<meta property=\"og:type\" content=\"article\" \/>\n<meta property=\"og:title\" content=\"KATELUO Kabel Klettband, Kabelbinder Schwarz Klettverschluss Selbstklebend Kabelbinder Wiederverschlie\u00dfbar mit Hochwertigem Nylonmaterial (100 St\u00fcck 150 x 12 mm) - Markt-XXL\" \/>\n<meta property=\"og:description\" content=\"Markt-XXL KATELUO Kabel Klettband, Kabelbinder Schwarz Klettverschluss Selbstklebend Kabelbinder Wiederverschlie\u00dfbar mit Hochwertigem Nylonmaterial (100 St\u00fcck 150 x 12 mm)\" \/>\n<meta property=\"og:url\" content=\"https:\/\/marktxxl.de\/markt\/produkt\/kateluo-kabel-klettband-kabelbinder-schwarz-klettverschluss-selbstklebend-kabelbinder-wiederverschliessbar-mit-hochwertigem-nylonmaterial-100-stueck-150-x-12-mm\/\" \/>\n<meta property=\"og:site_name\" content=\"Markt-XXL\" \/>\n<meta name=\"twitter:card\" content=\"summary_large_image\" \/>\n<meta name=\"twitter:label1\" content=\"Gesch\u00e4tzte Lesezeit\" \/>\n\t<meta name=\"twitter:data1\" content=\"1\u00a0Minute\" \/>\n<script type=\"application\/ld+json\" class=\"yoast-schema-graph\">{\"@context\":\"https:\\\/\\\/schema.org\",\"@graph\":[{\"@type\":\"WebPage\",\"@id\":\"https:\\\/\\\/marktxxl.de\\\/markt\\\/produkt\\\/kateluo-kabel-klettband-kabelbinder-schwarz-klettverschluss-selbstklebend-kabelbinder-wiederverschliessbar-mit-hochwertigem-nylonmaterial-100-stueck-150-x-12-mm\\\/\",\"url\":\"https:\\\/\\\/marktxxl.de\\\/markt\\\/produkt\\\/kateluo-kabel-klettband-kabelbinder-schwarz-klettverschluss-selbstklebend-kabelbinder-wiederverschliessbar-mit-hochwertigem-nylonmaterial-100-stueck-150-x-12-mm\\\/\",\"name\":\"KATELUO Kabel Klettband, Kabelbinder Schwarz Klettverschluss Selbstklebend Kabelbinder Wiederverschlie\u00dfbar mit Hochwertigem Nylonmaterial (100 St\u00fcck 150 x 12 mm) - Markt-XXL\",\"isPartOf\":{\"@id\":\"https:\\\/\\\/marktxxl.de\\\/markt\\\/#website\"},\"primaryImageOfPage\":{\"@id\":\"https:\\\/\\\/marktxxl.de\\\/markt\\\/produkt\\\/kateluo-kabel-klettband-kabelbinder-schwarz-klettverschluss-selbstklebend-kabelbinder-wiederverschliessbar-mit-hochwertigem-nylonmaterial-100-stueck-150-x-12-mm\\\/#primaryimage\"},\"image\":{\"@id\":\"https:\\\/\\\/marktxxl.de\\\/markt\\\/produkt\\\/kateluo-kabel-klettband-kabelbinder-schwarz-klettverschluss-selbstklebend-kabelbinder-wiederverschliessbar-mit-hochwertigem-nylonmaterial-100-stueck-150-x-12-mm\\\/#primaryimage\"},\"thumbnailUrl\":\"https:\\\/\\\/m.media-amazon.com\\\/images\\\/I\\\/41ceF14P99L._SL500_.jpg\",\"datePublished\":\"2024-05-29T12:27:07+00:00\",\"description\":\"Markt-XXL KATELUO Kabel Klettband, Kabelbinder Schwarz Klettverschluss Selbstklebend Kabelbinder Wiederverschlie\u00dfbar mit Hochwertigem Nylonmaterial (100 St\u00fcck 150 x 12 mm)\",\"breadcrumb\":{\"@id\":\"https:\\\/\\\/marktxxl.de\\\/markt\\\/produkt\\\/kateluo-kabel-klettband-kabelbinder-schwarz-klettverschluss-selbstklebend-kabelbinder-wiederverschliessbar-mit-hochwertigem-nylonmaterial-100-stueck-150-x-12-mm\\\/#breadcrumb\"},\"inLanguage\":\"de\",\"potentialAction\":[{\"@type\":\"ReadAction\",\"target\":[\"https:\\\/\\\/marktxxl.de\\\/markt\\\/produkt\\\/kateluo-kabel-klettband-kabelbinder-schwarz-klettverschluss-selbstklebend-kabelbinder-wiederverschliessbar-mit-hochwertigem-nylonmaterial-100-stueck-150-x-12-mm\\\/\"]}]},{\"@type\":\"ImageObject\",\"inLanguage\":\"de\",\"@id\":\"https:\\\/\\\/marktxxl.de\\\/markt\\\/produkt\\\/kateluo-kabel-klettband-kabelbinder-schwarz-klettverschluss-selbstklebend-kabelbinder-wiederverschliessbar-mit-hochwertigem-nylonmaterial-100-stueck-150-x-12-mm\\\/#primaryimage\",\"url\":\"https:\\\/\\\/m.media-amazon.com\\\/images\\\/I\\\/41ceF14P99L._SL500_.jpg\",\"contentUrl\":\"https:\\\/\\\/m.media-amazon.com\\\/images\\\/I\\\/41ceF14P99L._SL500_.jpg\",\"width\":500,\"height\":500},{\"@type\":\"BreadcrumbList\",\"@id\":\"https:\\\/\\\/marktxxl.de\\\/markt\\\/produkt\\\/kateluo-kabel-klettband-kabelbinder-schwarz-klettverschluss-selbstklebend-kabelbinder-wiederverschliessbar-mit-hochwertigem-nylonmaterial-100-stueck-150-x-12-mm\\\/#breadcrumb\",\"itemListElement\":[{\"@type\":\"ListItem\",\"position\":1,\"name\":\"Startseite\",\"item\":\"https:\\\/\\\/marktxxl.de\\\/markt\\\/\"},{\"@type\":\"ListItem\",\"position\":2,\"name\":\"Markt\",\"item\":\"https:\\\/\\\/marktxxl.de\\\/markt\\\/\"},{\"@type\":\"ListItem\",\"position\":3,\"name\":\"KATELUO Kabel Klettband, Kabelbinder Schwarz Klettverschluss Selbstklebend Kabelbinder Wiederverschlie\u00dfbar mit Hochwertigem Nylonmaterial (100 St\u00fcck 150 x 12 mm)\"}]},{\"@type\":\"WebSite\",\"@id\":\"https:\\\/\\\/marktxxl.de\\\/markt\\\/#website\",\"url\":\"https:\\\/\\\/marktxxl.de\\\/markt\\\/\",\"name\":\"Markt-XXL\",\"description\":\"Ihr Markt Online\",\"publisher\":{\"@id\":\"https:\\\/\\\/marktxxl.de\\\/markt\\\/#organization\"},\"potentialAction\":[{\"@type\":\"SearchAction\",\"target\":{\"@type\":\"EntryPoint\",\"urlTemplate\":\"https:\\\/\\\/marktxxl.de\\\/markt\\\/?s={search_term_string}\"},\"query-input\":{\"@type\":\"PropertyValueSpecification\",\"valueRequired\":true,\"valueName\":\"search_term_string\"}}],\"inLanguage\":\"de\"},{\"@type\":\"Organization\",\"@id\":\"https:\\\/\\\/marktxxl.de\\\/markt\\\/#organization\",\"name\":\"Markt-XXL\",\"url\":\"https:\\\/\\\/marktxxl.de\\\/markt\\\/\",\"logo\":{\"@type\":\"ImageObject\",\"inLanguage\":\"de\",\"@id\":\"https:\\\/\\\/marktxxl.de\\\/markt\\\/#\\\/schema\\\/logo\\\/image\\\/\",\"url\":\"https:\\\/\\\/marktxxl.de\\\/markt\\\/wp-content\\\/uploads\\\/sites\\\/3\\\/2020\\\/12\\\/logo.png\",\"contentUrl\":\"https:\\\/\\\/marktxxl.de\\\/markt\\\/wp-content\\\/uploads\\\/sites\\\/3\\\/2020\\\/12\\\/logo.png\",\"width\":200,\"height\":70,\"caption\":\"Markt-XXL\"},\"image\":{\"@id\":\"https:\\\/\\\/marktxxl.de\\\/markt\\\/#\\\/schema\\\/logo\\\/image\\\/\"}}]}<\/script>\n<!-- \/ Yoast SEO plugin. -->","yoast_head_json":{"title":"KATELUO Kabel Klettband, Kabelbinder Schwarz Klettverschluss Selbstklebend Kabelbinder Wiederverschlie\u00dfbar mit Hochwertigem Nylonmaterial (100 St\u00fcck 150 x 12 mm) - Markt-XXL","description":"Markt-XXL KATELUO Kabel Klettband, Kabelbinder Schwarz Klettverschluss Selbstklebend Kabelbinder Wiederverschlie\u00dfbar mit Hochwertigem Nylonmaterial (100 St\u00fcck 150 x 12 mm)","robots":{"index":"index","follow":"follow","max-snippet":"max-snippet:-1","max-image-preview":"max-image-preview:large","max-video-preview":"max-video-preview:-1"},"canonical":"https:\/\/marktxxl.de\/markt\/produkt\/kateluo-kabel-klettband-kabelbinder-schwarz-klettverschluss-selbstklebend-kabelbinder-wiederverschliessbar-mit-hochwertigem-nylonmaterial-100-stueck-150-x-12-mm\/","og_locale":"de_DE","og_type":"article","og_title":"KATELUO Kabel Klettband, Kabelbinder Schwarz Klettverschluss Selbstklebend Kabelbinder Wiederverschlie\u00dfbar mit Hochwertigem Nylonmaterial (100 St\u00fcck 150 x 12 mm) - Markt-XXL","og_description":"Markt-XXL KATELUO Kabel Klettband, Kabelbinder Schwarz Klettverschluss Selbstklebend Kabelbinder Wiederverschlie\u00dfbar mit Hochwertigem Nylonmaterial (100 St\u00fcck 150 x 12 mm)","og_url":"https:\/\/marktxxl.de\/markt\/produkt\/kateluo-kabel-klettband-kabelbinder-schwarz-klettverschluss-selbstklebend-kabelbinder-wiederverschliessbar-mit-hochwertigem-nylonmaterial-100-stueck-150-x-12-mm\/","og_site_name":"Markt-XXL","twitter_card":"summary_large_image","twitter_misc":{"Gesch\u00e4tzte Lesezeit":"1\u00a0Minute"},"schema":{"@context":"https:\/\/schema.org","@graph":[{"@type":"WebPage","@id":"https:\/\/marktxxl.de\/markt\/produkt\/kateluo-kabel-klettband-kabelbinder-schwarz-klettverschluss-selbstklebend-kabelbinder-wiederverschliessbar-mit-hochwertigem-nylonmaterial-100-stueck-150-x-12-mm\/","url":"https:\/\/marktxxl.de\/markt\/produkt\/kateluo-kabel-klettband-kabelbinder-schwarz-klettverschluss-selbstklebend-kabelbinder-wiederverschliessbar-mit-hochwertigem-nylonmaterial-100-stueck-150-x-12-mm\/","name":"KATELUO Kabel Klettband, Kabelbinder Schwarz Klettverschluss Selbstklebend Kabelbinder Wiederverschlie\u00dfbar mit Hochwertigem Nylonmaterial (100 St\u00fcck 150 x 12 mm) - Markt-XXL","isPartOf":{"@id":"https:\/\/marktxxl.de\/markt\/#website"},"primaryImageOfPage":{"@id":"https:\/\/marktxxl.de\/markt\/produkt\/kateluo-kabel-klettband-kabelbinder-schwarz-klettverschluss-selbstklebend-kabelbinder-wiederverschliessbar-mit-hochwertigem-nylonmaterial-100-stueck-150-x-12-mm\/#primaryimage"},"image":{"@id":"https:\/\/marktxxl.de\/markt\/produkt\/kateluo-kabel-klettband-kabelbinder-schwarz-klettverschluss-selbstklebend-kabelbinder-wiederverschliessbar-mit-hochwertigem-nylonmaterial-100-stueck-150-x-12-mm\/#primaryimage"},"thumbnailUrl":"https:\/\/m.media-amazon.com\/images\/I\/41ceF14P99L._SL500_.jpg","datePublished":"2024-05-29T12:27:07+00:00","description":"Markt-XXL KATELUO Kabel Klettband, Kabelbinder Schwarz Klettverschluss Selbstklebend Kabelbinder Wiederverschlie\u00dfbar mit Hochwertigem Nylonmaterial (100 St\u00fcck 150 x 12 mm)","breadcrumb":{"@id":"https:\/\/marktxxl.de\/markt\/produkt\/kateluo-kabel-klettband-kabelbinder-schwarz-klettverschluss-selbstklebend-kabelbinder-wiederverschliessbar-mit-hochwertigem-nylonmaterial-100-stueck-150-x-12-mm\/#breadcrumb"},"inLanguage":"de","potentialAction":[{"@type":"ReadAction","target":["https:\/\/marktxxl.de\/markt\/produkt\/kateluo-kabel-klettband-kabelbinder-schwarz-klettverschluss-selbstklebend-kabelbinder-wiederverschliessbar-mit-hochwertigem-nylonmaterial-100-stueck-150-x-12-mm\/"]}]},{"@type":"ImageObject","inLanguage":"de","@id":"https:\/\/marktxxl.de\/markt\/produkt\/kateluo-kabel-klettband-kabelbinder-schwarz-klettverschluss-selbstklebend-kabelbinder-wiederverschliessbar-mit-hochwertigem-nylonmaterial-100-stueck-150-x-12-mm\/#primaryimage","url":"https:\/\/m.media-amazon.com\/images\/I\/41ceF14P99L._SL500_.jpg","contentUrl":"https:\/\/m.media-amazon.com\/images\/I\/41ceF14P99L._SL500_.jpg","width":500,"height":500},{"@type":"BreadcrumbList","@id":"https:\/\/marktxxl.de\/markt\/produkt\/kateluo-kabel-klettband-kabelbinder-schwarz-klettverschluss-selbstklebend-kabelbinder-wiederverschliessbar-mit-hochwertigem-nylonmaterial-100-stueck-150-x-12-mm\/#breadcrumb","itemListElement":[{"@type":"ListItem","position":1,"name":"Startseite","item":"https:\/\/marktxxl.de\/markt\/"},{"@type":"ListItem","position":2,"name":"Markt","item":"https:\/\/marktxxl.de\/markt\/"},{"@type":"ListItem","position":3,"name":"KATELUO Kabel Klettband, Kabelbinder Schwarz Klettverschluss Selbstklebend Kabelbinder Wiederverschlie\u00dfbar mit Hochwertigem Nylonmaterial (100 St\u00fcck 150 x 12 mm)"}]},{"@type":"WebSite","@id":"https:\/\/marktxxl.de\/markt\/#website","url":"https:\/\/marktxxl.de\/markt\/","name":"Markt-XXL","description":"Ihr Markt Online","publisher":{"@id":"https:\/\/marktxxl.de\/markt\/#organization"},"potentialAction":[{"@type":"SearchAction","target":{"@type":"EntryPoint","urlTemplate":"https:\/\/marktxxl.de\/markt\/?s={search_term_string}"},"query-input":{"@type":"PropertyValueSpecification","valueRequired":true,"valueName":"search_term_string"}}],"inLanguage":"de"},{"@type":"Organization","@id":"https:\/\/marktxxl.de\/markt\/#organization","name":"Markt-XXL","url":"https:\/\/marktxxl.de\/markt\/","logo":{"@type":"ImageObject","inLanguage":"de","@id":"https:\/\/marktxxl.de\/markt\/#\/schema\/logo\/image\/","url":"https:\/\/marktxxl.de\/markt\/wp-content\/uploads\/sites\/3\/2020\/12\/logo.png","contentUrl":"https:\/\/marktxxl.de\/markt\/wp-content\/uploads\/sites\/3\/2020\/12\/logo.png","width":200,"height":70,"caption":"Markt-XXL"},"image":{"@id":"https:\/\/marktxxl.de\/markt\/#\/schema\/logo\/image\/"}}]}},"_links":{"self":[{"href":"https:\/\/marktxxl.de\/markt\/wp-json\/wp\/v2\/product\/210088","targetHints":{"allow":["GET"]}}],"collection":[{"href":"https:\/\/marktxxl.de\/markt\/wp-json\/wp\/v2\/product"}],"about":[{"href":"https:\/\/marktxxl.de\/markt\/wp-json\/wp\/v2\/types\/product"}],"replies":[{"embeddable":true,"href":"https:\/\/marktxxl.de\/markt\/wp-json\/wp\/v2\/comments?post=210088"}],"wp:featuredmedia":[{"embeddable":true,"href":"https:\/\/marktxxl.de\/markt\/wp-json\/wp\/v2\/media\/210089"}],"wp:attachment":[{"href":"https:\/\/marktxxl.de\/markt\/wp-json\/wp\/v2\/media?parent=210088"}],"wp:term":[{"taxonomy":"product_brand","embeddable":true,"href":"https:\/\/marktxxl.de\/markt\/wp-json\/wp\/v2\/product_brand?post=210088"},{"taxonomy":"product_cat","embeddable":true,"href":"https:\/\/marktxxl.de\/markt\/wp-json\/wp\/v2\/product_cat?post=210088"},{"taxonomy":"product_tag","embeddable":true,"href":"https:\/\/marktxxl.de\/markt\/wp-json\/wp\/v2\/product_tag?post=210088"}],"curies":[{"name":"wp","href":"https:\/\/api.w.org\/{rel}","templated":true}]}}