{"id":209946,"date":"2024-05-29T14:20:19","date_gmt":"2024-05-29T12:20:19","guid":{"rendered":"https:\/\/marktxxl.de\/markt\/produkt\/cottcare-muslin-burp-cotton-cloths-fuer-babys-6-stueck-weiss\/"},"modified":"2024-05-29T14:20:19","modified_gmt":"2024-05-29T12:20:19","slug":"cottcare-muslin-burp-cotton-cloths-fuer-babys-6-stueck-weiss","status":"publish","type":"product","link":"https:\/\/marktxxl.de\/markt\/produkt\/cottcare-muslin-burp-cotton-cloths-fuer-babys-6-stueck-weiss\/","title":{"rendered":"CottCare Muslin Burp Cotton Cloths f\u00fcr Babys (6 St\u00fcck, wei\u00df)"},"content":{"rendered":"<p>None Baby GirlsNone Sleep and Play PajaNoneas, 1 NoneNone% Organic Cotton One-Piece RoNoneper JuNonepsuit Rei\u00dfverschluss vorne Pjs, SwiNoneNoneing Seahorses, 6 Noneonths<br \/>\n<div class=\"main-cross-sell\" data-asin=\"B08RSC9RXQ\">\n\n\t<div class=\"WooZone-cross-sell-loader\">\n\t\t<div>\n\t\t\t<div id=\"floatingBarsG\">\n\t\t\t\t<div class=\"blockG\" id=\"rotateG_01\"><\/div>\n\t\t\t\t<div class=\"blockG\" id=\"rotateG_02\"><\/div>\n\t\t\t\t<div class=\"blockG\" id=\"rotateG_03\"><\/div>\n\t\t\t\t<div class=\"blockG\" id=\"rotateG_04\"><\/div>\n\t\t\t\t<div class=\"blockG\" id=\"rotateG_05\"><\/div>\n\t\t\t\t<div class=\"blockG\" id=\"rotateG_06\"><\/div>\n\t\t\t\t<div class=\"blockG\" id=\"rotateG_07\"><\/div>\n\t\t\t\t<div class=\"blockG\" id=\"rotateG_08\"><\/div>\n\t\t\t<\/div>\n\t\t\t<div class=\"WooZone-cross-sell-loader-text\"><\/div>\n\t\t<\/div>\n\t<\/div>\n\n\t\t\n<\/div>\n<div style=\"clear:both;\"><\/div><\/p>\n","protected":false},"excerpt":{"rendered":"<p>None Baby GirlsNone Sleep and Play PajaNoneas, 1 NoneNone% Organic Cotton One-Piece RoNoneper JuNonepsuit Rei\u00dfverschluss vorne Pjs, SwiNoneNoneing Seahorses, 6 Noneonths<\/p>\n","protected":false},"featured_media":209947,"comment_status":"open","ping_status":"closed","template":"","meta":[],"product_brand":[],"product_cat":[21,9216],"product_tag":[],"class_list":{"0":"post-209946","1":"product","2":"type-product","3":"status-publish","4":"has-post-thumbnail","6":"product_cat-baby","7":"product_cat-ernaehrung-stillen-baby","8":"pa_binding-haushaltswaren","9":"pa_brand-cottcare","10":"pa_height-0-1968503935-zoll","11":"pa_length-19-9999999796-zoll","12":"pa_model-l","13":"pa_weight-0-50625-pfund","14":"pa_width-9-9999999898-zoll","16":"first","17":"instock","18":"shipping-taxable","19":"purchasable","20":"product-type-simple","21":"customify-col","22":"product-has-gallery"},"yoast_head":"<!-- This site is optimized with the Yoast SEO plugin v27.3 - https:\/\/yoast.com\/product\/yoast-seo-wordpress\/ -->\n<title>CottCare Muslin Burp Cotton Cloths f\u00fcr Babys (6 St\u00fcck, wei\u00df) - Markt-XXL<\/title>\n<meta name=\"description\" content=\"Markt-XXL CottCare Muslin Burp Cotton Cloths f\u00fcr Babys (6 St\u00fcck, wei\u00df)\" \/>\n<meta name=\"robots\" content=\"index, follow, max-snippet:-1, max-image-preview:large, max-video-preview:-1\" \/>\n<link rel=\"canonical\" href=\"https:\/\/marktxxl.de\/markt\/produkt\/cottcare-muslin-burp-cotton-cloths-fuer-babys-6-stueck-weiss\/\" \/>\n<meta property=\"og:locale\" content=\"de_DE\" \/>\n<meta property=\"og:type\" content=\"article\" \/>\n<meta property=\"og:title\" content=\"CottCare Muslin Burp Cotton Cloths f\u00fcr Babys (6 St\u00fcck, wei\u00df) - Markt-XXL\" \/>\n<meta property=\"og:description\" content=\"Markt-XXL CottCare Muslin Burp Cotton Cloths f\u00fcr Babys (6 St\u00fcck, wei\u00df)\" \/>\n<meta property=\"og:url\" content=\"https:\/\/marktxxl.de\/markt\/produkt\/cottcare-muslin-burp-cotton-cloths-fuer-babys-6-stueck-weiss\/\" \/>\n<meta property=\"og:site_name\" content=\"Markt-XXL\" \/>\n<meta name=\"twitter:card\" content=\"summary_large_image\" \/>\n<script type=\"application\/ld+json\" class=\"yoast-schema-graph\">{\"@context\":\"https:\\\/\\\/schema.org\",\"@graph\":[{\"@type\":\"WebPage\",\"@id\":\"https:\\\/\\\/marktxxl.de\\\/markt\\\/produkt\\\/cottcare-muslin-burp-cotton-cloths-fuer-babys-6-stueck-weiss\\\/\",\"url\":\"https:\\\/\\\/marktxxl.de\\\/markt\\\/produkt\\\/cottcare-muslin-burp-cotton-cloths-fuer-babys-6-stueck-weiss\\\/\",\"name\":\"CottCare Muslin Burp Cotton Cloths f\u00fcr Babys (6 St\u00fcck, wei\u00df) - Markt-XXL\",\"isPartOf\":{\"@id\":\"https:\\\/\\\/marktxxl.de\\\/markt\\\/#website\"},\"primaryImageOfPage\":{\"@id\":\"https:\\\/\\\/marktxxl.de\\\/markt\\\/produkt\\\/cottcare-muslin-burp-cotton-cloths-fuer-babys-6-stueck-weiss\\\/#primaryimage\"},\"image\":{\"@id\":\"https:\\\/\\\/marktxxl.de\\\/markt\\\/produkt\\\/cottcare-muslin-burp-cotton-cloths-fuer-babys-6-stueck-weiss\\\/#primaryimage\"},\"thumbnailUrl\":\"https:\\\/\\\/m.media-amazon.com\\\/images\\\/I\\\/41dEBe+XwbL._SL500_.jpg\",\"datePublished\":\"2024-05-29T12:20:19+00:00\",\"description\":\"Markt-XXL CottCare Muslin Burp Cotton Cloths f\u00fcr Babys (6 St\u00fcck, wei\u00df)\",\"breadcrumb\":{\"@id\":\"https:\\\/\\\/marktxxl.de\\\/markt\\\/produkt\\\/cottcare-muslin-burp-cotton-cloths-fuer-babys-6-stueck-weiss\\\/#breadcrumb\"},\"inLanguage\":\"de\",\"potentialAction\":[{\"@type\":\"ReadAction\",\"target\":[\"https:\\\/\\\/marktxxl.de\\\/markt\\\/produkt\\\/cottcare-muslin-burp-cotton-cloths-fuer-babys-6-stueck-weiss\\\/\"]}]},{\"@type\":\"ImageObject\",\"inLanguage\":\"de\",\"@id\":\"https:\\\/\\\/marktxxl.de\\\/markt\\\/produkt\\\/cottcare-muslin-burp-cotton-cloths-fuer-babys-6-stueck-weiss\\\/#primaryimage\",\"url\":\"https:\\\/\\\/m.media-amazon.com\\\/images\\\/I\\\/41dEBe+XwbL._SL500_.jpg\",\"contentUrl\":\"https:\\\/\\\/m.media-amazon.com\\\/images\\\/I\\\/41dEBe+XwbL._SL500_.jpg\",\"width\":500,\"height\":500},{\"@type\":\"BreadcrumbList\",\"@id\":\"https:\\\/\\\/marktxxl.de\\\/markt\\\/produkt\\\/cottcare-muslin-burp-cotton-cloths-fuer-babys-6-stueck-weiss\\\/#breadcrumb\",\"itemListElement\":[{\"@type\":\"ListItem\",\"position\":1,\"name\":\"Startseite\",\"item\":\"https:\\\/\\\/marktxxl.de\\\/markt\\\/\"},{\"@type\":\"ListItem\",\"position\":2,\"name\":\"Markt\",\"item\":\"https:\\\/\\\/marktxxl.de\\\/markt\\\/\"},{\"@type\":\"ListItem\",\"position\":3,\"name\":\"CottCare Muslin Burp Cotton Cloths f\u00fcr Babys (6 St\u00fcck, wei\u00df)\"}]},{\"@type\":\"WebSite\",\"@id\":\"https:\\\/\\\/marktxxl.de\\\/markt\\\/#website\",\"url\":\"https:\\\/\\\/marktxxl.de\\\/markt\\\/\",\"name\":\"Markt-XXL\",\"description\":\"Ihr Markt Online\",\"publisher\":{\"@id\":\"https:\\\/\\\/marktxxl.de\\\/markt\\\/#organization\"},\"potentialAction\":[{\"@type\":\"SearchAction\",\"target\":{\"@type\":\"EntryPoint\",\"urlTemplate\":\"https:\\\/\\\/marktxxl.de\\\/markt\\\/?s={search_term_string}\"},\"query-input\":{\"@type\":\"PropertyValueSpecification\",\"valueRequired\":true,\"valueName\":\"search_term_string\"}}],\"inLanguage\":\"de\"},{\"@type\":\"Organization\",\"@id\":\"https:\\\/\\\/marktxxl.de\\\/markt\\\/#organization\",\"name\":\"Markt-XXL\",\"url\":\"https:\\\/\\\/marktxxl.de\\\/markt\\\/\",\"logo\":{\"@type\":\"ImageObject\",\"inLanguage\":\"de\",\"@id\":\"https:\\\/\\\/marktxxl.de\\\/markt\\\/#\\\/schema\\\/logo\\\/image\\\/\",\"url\":\"https:\\\/\\\/marktxxl.de\\\/markt\\\/wp-content\\\/uploads\\\/sites\\\/3\\\/2020\\\/12\\\/logo.png\",\"contentUrl\":\"https:\\\/\\\/marktxxl.de\\\/markt\\\/wp-content\\\/uploads\\\/sites\\\/3\\\/2020\\\/12\\\/logo.png\",\"width\":200,\"height\":70,\"caption\":\"Markt-XXL\"},\"image\":{\"@id\":\"https:\\\/\\\/marktxxl.de\\\/markt\\\/#\\\/schema\\\/logo\\\/image\\\/\"}}]}<\/script>\n<!-- \/ Yoast SEO plugin. -->","yoast_head_json":{"title":"CottCare Muslin Burp Cotton Cloths f\u00fcr Babys (6 St\u00fcck, wei\u00df) - Markt-XXL","description":"Markt-XXL CottCare Muslin Burp Cotton Cloths f\u00fcr Babys (6 St\u00fcck, wei\u00df)","robots":{"index":"index","follow":"follow","max-snippet":"max-snippet:-1","max-image-preview":"max-image-preview:large","max-video-preview":"max-video-preview:-1"},"canonical":"https:\/\/marktxxl.de\/markt\/produkt\/cottcare-muslin-burp-cotton-cloths-fuer-babys-6-stueck-weiss\/","og_locale":"de_DE","og_type":"article","og_title":"CottCare Muslin Burp Cotton Cloths f\u00fcr Babys (6 St\u00fcck, wei\u00df) - Markt-XXL","og_description":"Markt-XXL CottCare Muslin Burp Cotton Cloths f\u00fcr Babys (6 St\u00fcck, wei\u00df)","og_url":"https:\/\/marktxxl.de\/markt\/produkt\/cottcare-muslin-burp-cotton-cloths-fuer-babys-6-stueck-weiss\/","og_site_name":"Markt-XXL","twitter_card":"summary_large_image","schema":{"@context":"https:\/\/schema.org","@graph":[{"@type":"WebPage","@id":"https:\/\/marktxxl.de\/markt\/produkt\/cottcare-muslin-burp-cotton-cloths-fuer-babys-6-stueck-weiss\/","url":"https:\/\/marktxxl.de\/markt\/produkt\/cottcare-muslin-burp-cotton-cloths-fuer-babys-6-stueck-weiss\/","name":"CottCare Muslin Burp Cotton Cloths f\u00fcr Babys (6 St\u00fcck, wei\u00df) - Markt-XXL","isPartOf":{"@id":"https:\/\/marktxxl.de\/markt\/#website"},"primaryImageOfPage":{"@id":"https:\/\/marktxxl.de\/markt\/produkt\/cottcare-muslin-burp-cotton-cloths-fuer-babys-6-stueck-weiss\/#primaryimage"},"image":{"@id":"https:\/\/marktxxl.de\/markt\/produkt\/cottcare-muslin-burp-cotton-cloths-fuer-babys-6-stueck-weiss\/#primaryimage"},"thumbnailUrl":"https:\/\/m.media-amazon.com\/images\/I\/41dEBe+XwbL._SL500_.jpg","datePublished":"2024-05-29T12:20:19+00:00","description":"Markt-XXL CottCare Muslin Burp Cotton Cloths f\u00fcr Babys (6 St\u00fcck, wei\u00df)","breadcrumb":{"@id":"https:\/\/marktxxl.de\/markt\/produkt\/cottcare-muslin-burp-cotton-cloths-fuer-babys-6-stueck-weiss\/#breadcrumb"},"inLanguage":"de","potentialAction":[{"@type":"ReadAction","target":["https:\/\/marktxxl.de\/markt\/produkt\/cottcare-muslin-burp-cotton-cloths-fuer-babys-6-stueck-weiss\/"]}]},{"@type":"ImageObject","inLanguage":"de","@id":"https:\/\/marktxxl.de\/markt\/produkt\/cottcare-muslin-burp-cotton-cloths-fuer-babys-6-stueck-weiss\/#primaryimage","url":"https:\/\/m.media-amazon.com\/images\/I\/41dEBe+XwbL._SL500_.jpg","contentUrl":"https:\/\/m.media-amazon.com\/images\/I\/41dEBe+XwbL._SL500_.jpg","width":500,"height":500},{"@type":"BreadcrumbList","@id":"https:\/\/marktxxl.de\/markt\/produkt\/cottcare-muslin-burp-cotton-cloths-fuer-babys-6-stueck-weiss\/#breadcrumb","itemListElement":[{"@type":"ListItem","position":1,"name":"Startseite","item":"https:\/\/marktxxl.de\/markt\/"},{"@type":"ListItem","position":2,"name":"Markt","item":"https:\/\/marktxxl.de\/markt\/"},{"@type":"ListItem","position":3,"name":"CottCare Muslin Burp Cotton Cloths f\u00fcr Babys (6 St\u00fcck, wei\u00df)"}]},{"@type":"WebSite","@id":"https:\/\/marktxxl.de\/markt\/#website","url":"https:\/\/marktxxl.de\/markt\/","name":"Markt-XXL","description":"Ihr Markt Online","publisher":{"@id":"https:\/\/marktxxl.de\/markt\/#organization"},"potentialAction":[{"@type":"SearchAction","target":{"@type":"EntryPoint","urlTemplate":"https:\/\/marktxxl.de\/markt\/?s={search_term_string}"},"query-input":{"@type":"PropertyValueSpecification","valueRequired":true,"valueName":"search_term_string"}}],"inLanguage":"de"},{"@type":"Organization","@id":"https:\/\/marktxxl.de\/markt\/#organization","name":"Markt-XXL","url":"https:\/\/marktxxl.de\/markt\/","logo":{"@type":"ImageObject","inLanguage":"de","@id":"https:\/\/marktxxl.de\/markt\/#\/schema\/logo\/image\/","url":"https:\/\/marktxxl.de\/markt\/wp-content\/uploads\/sites\/3\/2020\/12\/logo.png","contentUrl":"https:\/\/marktxxl.de\/markt\/wp-content\/uploads\/sites\/3\/2020\/12\/logo.png","width":200,"height":70,"caption":"Markt-XXL"},"image":{"@id":"https:\/\/marktxxl.de\/markt\/#\/schema\/logo\/image\/"}}]}},"_links":{"self":[{"href":"https:\/\/marktxxl.de\/markt\/wp-json\/wp\/v2\/product\/209946","targetHints":{"allow":["GET"]}}],"collection":[{"href":"https:\/\/marktxxl.de\/markt\/wp-json\/wp\/v2\/product"}],"about":[{"href":"https:\/\/marktxxl.de\/markt\/wp-json\/wp\/v2\/types\/product"}],"replies":[{"embeddable":true,"href":"https:\/\/marktxxl.de\/markt\/wp-json\/wp\/v2\/comments?post=209946"}],"wp:featuredmedia":[{"embeddable":true,"href":"https:\/\/marktxxl.de\/markt\/wp-json\/wp\/v2\/media\/209947"}],"wp:attachment":[{"href":"https:\/\/marktxxl.de\/markt\/wp-json\/wp\/v2\/media?parent=209946"}],"wp:term":[{"taxonomy":"product_brand","embeddable":true,"href":"https:\/\/marktxxl.de\/markt\/wp-json\/wp\/v2\/product_brand?post=209946"},{"taxonomy":"product_cat","embeddable":true,"href":"https:\/\/marktxxl.de\/markt\/wp-json\/wp\/v2\/product_cat?post=209946"},{"taxonomy":"product_tag","embeddable":true,"href":"https:\/\/marktxxl.de\/markt\/wp-json\/wp\/v2\/product_tag?post=209946"}],"curies":[{"name":"wp","href":"https:\/\/api.w.org\/{rel}","templated":true}]}}