{"id":209934,"date":"2024-05-29T14:20:12","date_gmt":"2024-05-29T12:20:12","guid":{"rendered":"https:\/\/marktxxl.de\/markt\/produkt\/spark-wow-flugzeug-aktivitaeten-wandtafeln-ab-18-monaten-montessori-sensorisches-wandspielzeug-6-aktivitaeten-busy-board-kleinkindzimmer-dekoration\/"},"modified":"2024-05-29T14:20:12","modified_gmt":"2024-05-29T12:20:12","slug":"spark-wow-flugzeug-aktivitaeten-wandtafeln-ab-18-monaten-montessori-sensorisches-wandspielzeug-6-aktivitaeten-busy-board-kleinkindzimmer-dekoration","status":"publish","type":"product","link":"https:\/\/marktxxl.de\/markt\/produkt\/spark-wow-flugzeug-aktivitaeten-wandtafeln-ab-18-monaten-montessori-sensorisches-wandspielzeug-6-aktivitaeten-busy-board-kleinkindzimmer-dekoration\/","title":{"rendered":"SPARK &amp; WOW Flugzeug Aktivit\u00e4ten-Wandtafeln &#8211; Ab 18 Monaten &#8211; Montessori Sensorisches Wandspielzeug &#8211; 6 Aktivit\u00e4ten &#8211; Busy Board &#8211; Kleinkindzimmer Dekoration"},"content":{"rendered":"<p>SPIELZEIT MIT ZOOOOM! &#8212; Dieses Busy Board enth\u00e4lt 6 verschiedene Aktivit\u00e4ten: ein Perlenlabyrinth, eine rollende Scheibe mit Ger\u00e4uschen, einen magnetischen Blockschieber, ein Spurenspielzeug und eine Uhr mit beweglichen Zeigern und drehenden Zahnr\u00e4dern.<br \/>\nAB 18 MONATEN &#8212; Dieses sensorische Wandspielzeug wurde nach den h\u00f6chsten Verbraucherstandards getestet und kann genau in der richtigen H\u00f6he f\u00fcr kleine Lernende angebracht werden.<br \/>\nLANGLEBIG UND EINFACH ZU MONTIEREN &#8212; Die 5 Spieltafeln enthalten Befestigungsl\u00f6cher und Befestigungsschrauben f\u00fcr eine einfache und stabile Montage. Und die Spiele sind langlebig und so konzipiert, dass sie jahrelang halten, ohne kaputt zu gehen.<br \/>\nMONTESSORI SPIELZEUGE &#8212; Mit diesen Montessori Busy Boards k\u00f6nnen Kinder ihrer Neugier nachgehen. Beobachten Sie, wie sie ihre motorischen F\u00e4higkeiten, Koordination, beschreibende Sprache, Formen, Raum und logisches Denken entwickeln.<br \/>\nKINDERBESCH\u00c4FTIGUNG &#8211; Verwenden Sie diese Montessori-Aktivit\u00e4ten f\u00fcr Kleinkinder, um Ihre Kinder oder Enkelkinder ohne Bildschirm zu besch\u00e4ftigen! Die Aktivit\u00e4ten eignen sich auch hervorragend f\u00fcr Kinder mit Autismus.<br \/>\nPERFEKT F\u00dcR KLEINE GRUPPEN &#8212; Mit einer L\u00e4nge von 177,8 cm ist dieses Wandpaneel perfekt f\u00fcr kleine Gruppen von Kindern geeignet, um gemeinsam zu spielen und sich zu unterhalten!<br \/>\nSCH\u00d6NE INTERAKTIVE WANDDEKORREKTION &#8211; M\u00f6chten Sie das Schlafzimmer oder den Spielbereich Ihres Kindes dekorieren? Dieses niedliche Flugzeug-Aktivit\u00e4tscenter ist eine lustige Bereicherung f\u00fcr jedes Zimmer, ohne dass es Platz auf dem Boden wegnimmt.<br \/>\nMISCHEN UND ZUSAMMENSTELLEN &#8211; Unsere Spieltafeln sehen alleine oder mit Freunden toll aus! F\u00fcgen Sie unser Krokodil, den B\u00e4ren, das Pferd oder mehr hinzu!<br \/>\n<div class=\"main-cross-sell\" data-asin=\"B07XPRCT86\">\n\n\t<div class=\"WooZone-cross-sell-loader\">\n\t\t<div>\n\t\t\t<div id=\"floatingBarsG\">\n\t\t\t\t<div class=\"blockG\" id=\"rotateG_01\"><\/div>\n\t\t\t\t<div class=\"blockG\" id=\"rotateG_02\"><\/div>\n\t\t\t\t<div class=\"blockG\" id=\"rotateG_03\"><\/div>\n\t\t\t\t<div class=\"blockG\" id=\"rotateG_04\"><\/div>\n\t\t\t\t<div class=\"blockG\" id=\"rotateG_05\"><\/div>\n\t\t\t\t<div class=\"blockG\" id=\"rotateG_06\"><\/div>\n\t\t\t\t<div class=\"blockG\" id=\"rotateG_07\"><\/div>\n\t\t\t\t<div class=\"blockG\" id=\"rotateG_08\"><\/div>\n\t\t\t<\/div>\n\t\t\t<div class=\"WooZone-cross-sell-loader-text\"><\/div>\n\t\t<\/div>\n\t<\/div>\n\n\t\t\n<\/div>\n<div style=\"clear:both;\"><\/div><\/p>\n","protected":false},"excerpt":{"rendered":"<p>SPIELZEIT MIT ZOOOOM! &#8212; Dieses Busy Board enth\u00e4lt 6 verschiedene Aktivit\u00e4ten: ein Perlenlabyrinth, eine rollende Scheibe mit Ger\u00e4uschen, einen magnetischen Blockschieber, ein Spurenspielzeug und eine Uhr mit beweglichen Zeigern und drehenden Zahnr\u00e4dern.<br \/>\nAB 18 MONATEN &#8212; Dieses sensorische Wandspielzeug wurde nach den h\u00f6chsten Verbraucherstandards getestet und kann genau in der richtigen H\u00f6he f\u00fcr kleine Lernende angebracht werden.<br \/>\nLANGLEBIG UND EINFACH ZU MONTIEREN &#8212; Die 5 Spieltafeln enthalten Befestigungsl\u00f6cher und Befestigungsschrauben f\u00fcr eine einfache und stabile Montage. Und die Spiele sind langlebig und so konzipiert, dass sie jahrelang halten, ohne kaputt zu gehen.<\/p>\n","protected":false},"featured_media":209935,"comment_status":"open","ping_status":"closed","template":"","meta":[],"product_brand":[],"product_cat":[21,9143],"product_tag":[],"class_list":{"0":"post-209934","1":"product","2":"type-product","3":"status-publish","4":"has-post-thumbnail","6":"product_cat-baby","7":"product_cat-entdecken-bewegen-baby","8":"pa_binding-misc","9":"pa_brand-spark-wow","10":"pa_color-multi","11":"pa_height-10-zoll","12":"pa_length-26-5-zoll","13":"pa_manufacturer-learning-advantage","14":"pa_model-52940","15":"pa_size-large","16":"pa_width-16-75-zoll","18":"first","19":"instock","20":"shipping-taxable","21":"purchasable","22":"product-type-simple","23":"customify-col","24":"product-has-gallery"},"yoast_head":"<!-- This site is optimized with the Yoast SEO plugin v27.4 - https:\/\/yoast.com\/product\/yoast-seo-wordpress\/ -->\n<title>SPARK &amp; WOW Flugzeug Aktivit\u00e4ten-Wandtafeln - Ab 18 Monaten - Montessori Sensorisches Wandspielzeug - 6 Aktivit\u00e4ten - Busy Board - Kleinkindzimmer Dekoration - Markt-XXL<\/title>\n<meta name=\"description\" content=\"Markt-XXL SPARK &amp; WOW Flugzeug Aktivit\u00e4ten-Wandtafeln - Ab 18 Monaten - Montessori Sensorisches Wandspielzeug - 6 Aktivit\u00e4ten - Busy Board - Kleinkindzimmer Dekoration\" \/>\n<meta name=\"robots\" content=\"index, follow, max-snippet:-1, max-image-preview:large, max-video-preview:-1\" \/>\n<link rel=\"canonical\" href=\"https:\/\/marktxxl.de\/markt\/produkt\/spark-wow-flugzeug-aktivitaeten-wandtafeln-ab-18-monaten-montessori-sensorisches-wandspielzeug-6-aktivitaeten-busy-board-kleinkindzimmer-dekoration\/\" \/>\n<meta property=\"og:locale\" content=\"de_DE\" \/>\n<meta property=\"og:type\" content=\"article\" \/>\n<meta property=\"og:title\" content=\"SPARK &amp; WOW Flugzeug Aktivit\u00e4ten-Wandtafeln - Ab 18 Monaten - Montessori Sensorisches Wandspielzeug - 6 Aktivit\u00e4ten - Busy Board - Kleinkindzimmer Dekoration - Markt-XXL\" \/>\n<meta property=\"og:description\" content=\"Markt-XXL SPARK &amp; WOW Flugzeug Aktivit\u00e4ten-Wandtafeln - Ab 18 Monaten - Montessori Sensorisches Wandspielzeug - 6 Aktivit\u00e4ten - Busy Board - Kleinkindzimmer Dekoration\" \/>\n<meta property=\"og:url\" content=\"https:\/\/marktxxl.de\/markt\/produkt\/spark-wow-flugzeug-aktivitaeten-wandtafeln-ab-18-monaten-montessori-sensorisches-wandspielzeug-6-aktivitaeten-busy-board-kleinkindzimmer-dekoration\/\" \/>\n<meta property=\"og:site_name\" content=\"Markt-XXL\" \/>\n<meta name=\"twitter:card\" content=\"summary_large_image\" \/>\n<meta name=\"twitter:label1\" content=\"Gesch\u00e4tzte Lesezeit\" \/>\n\t<meta name=\"twitter:data1\" content=\"1\u00a0Minute\" \/>\n<script type=\"application\/ld+json\" class=\"yoast-schema-graph\">{\"@context\":\"https:\\\/\\\/schema.org\",\"@graph\":[{\"@type\":\"WebPage\",\"@id\":\"https:\\\/\\\/marktxxl.de\\\/markt\\\/produkt\\\/spark-wow-flugzeug-aktivitaeten-wandtafeln-ab-18-monaten-montessori-sensorisches-wandspielzeug-6-aktivitaeten-busy-board-kleinkindzimmer-dekoration\\\/\",\"url\":\"https:\\\/\\\/marktxxl.de\\\/markt\\\/produkt\\\/spark-wow-flugzeug-aktivitaeten-wandtafeln-ab-18-monaten-montessori-sensorisches-wandspielzeug-6-aktivitaeten-busy-board-kleinkindzimmer-dekoration\\\/\",\"name\":\"SPARK &amp; WOW Flugzeug Aktivit\u00e4ten-Wandtafeln - Ab 18 Monaten - Montessori Sensorisches Wandspielzeug - 6 Aktivit\u00e4ten - Busy Board - Kleinkindzimmer Dekoration - Markt-XXL\",\"isPartOf\":{\"@id\":\"https:\\\/\\\/marktxxl.de\\\/markt\\\/#website\"},\"primaryImageOfPage\":{\"@id\":\"https:\\\/\\\/marktxxl.de\\\/markt\\\/produkt\\\/spark-wow-flugzeug-aktivitaeten-wandtafeln-ab-18-monaten-montessori-sensorisches-wandspielzeug-6-aktivitaeten-busy-board-kleinkindzimmer-dekoration\\\/#primaryimage\"},\"image\":{\"@id\":\"https:\\\/\\\/marktxxl.de\\\/markt\\\/produkt\\\/spark-wow-flugzeug-aktivitaeten-wandtafeln-ab-18-monaten-montessori-sensorisches-wandspielzeug-6-aktivitaeten-busy-board-kleinkindzimmer-dekoration\\\/#primaryimage\"},\"thumbnailUrl\":\"https:\\\/\\\/m.media-amazon.com\\\/images\\\/I\\\/41+xPF0QpRL._SL500_.jpg\",\"datePublished\":\"2024-05-29T12:20:12+00:00\",\"description\":\"Markt-XXL SPARK &amp; WOW Flugzeug Aktivit\u00e4ten-Wandtafeln - Ab 18 Monaten - Montessori Sensorisches Wandspielzeug - 6 Aktivit\u00e4ten - Busy Board - Kleinkindzimmer Dekoration\",\"breadcrumb\":{\"@id\":\"https:\\\/\\\/marktxxl.de\\\/markt\\\/produkt\\\/spark-wow-flugzeug-aktivitaeten-wandtafeln-ab-18-monaten-montessori-sensorisches-wandspielzeug-6-aktivitaeten-busy-board-kleinkindzimmer-dekoration\\\/#breadcrumb\"},\"inLanguage\":\"de\",\"potentialAction\":[{\"@type\":\"ReadAction\",\"target\":[\"https:\\\/\\\/marktxxl.de\\\/markt\\\/produkt\\\/spark-wow-flugzeug-aktivitaeten-wandtafeln-ab-18-monaten-montessori-sensorisches-wandspielzeug-6-aktivitaeten-busy-board-kleinkindzimmer-dekoration\\\/\"]}]},{\"@type\":\"ImageObject\",\"inLanguage\":\"de\",\"@id\":\"https:\\\/\\\/marktxxl.de\\\/markt\\\/produkt\\\/spark-wow-flugzeug-aktivitaeten-wandtafeln-ab-18-monaten-montessori-sensorisches-wandspielzeug-6-aktivitaeten-busy-board-kleinkindzimmer-dekoration\\\/#primaryimage\",\"url\":\"https:\\\/\\\/m.media-amazon.com\\\/images\\\/I\\\/41+xPF0QpRL._SL500_.jpg\",\"contentUrl\":\"https:\\\/\\\/m.media-amazon.com\\\/images\\\/I\\\/41+xPF0QpRL._SL500_.jpg\",\"width\":500,\"height\":500},{\"@type\":\"BreadcrumbList\",\"@id\":\"https:\\\/\\\/marktxxl.de\\\/markt\\\/produkt\\\/spark-wow-flugzeug-aktivitaeten-wandtafeln-ab-18-monaten-montessori-sensorisches-wandspielzeug-6-aktivitaeten-busy-board-kleinkindzimmer-dekoration\\\/#breadcrumb\",\"itemListElement\":[{\"@type\":\"ListItem\",\"position\":1,\"name\":\"Startseite\",\"item\":\"https:\\\/\\\/marktxxl.de\\\/markt\\\/\"},{\"@type\":\"ListItem\",\"position\":2,\"name\":\"Markt\",\"item\":\"https:\\\/\\\/marktxxl.de\\\/markt\\\/\"},{\"@type\":\"ListItem\",\"position\":3,\"name\":\"SPARK &amp; WOW Flugzeug Aktivit\u00e4ten-Wandtafeln &#8211; Ab 18 Monaten &#8211; Montessori Sensorisches Wandspielzeug &#8211; 6 Aktivit\u00e4ten &#8211; Busy Board &#8211; Kleinkindzimmer Dekoration\"}]},{\"@type\":\"WebSite\",\"@id\":\"https:\\\/\\\/marktxxl.de\\\/markt\\\/#website\",\"url\":\"https:\\\/\\\/marktxxl.de\\\/markt\\\/\",\"name\":\"Markt-XXL\",\"description\":\"Ihr Markt Online\",\"publisher\":{\"@id\":\"https:\\\/\\\/marktxxl.de\\\/markt\\\/#organization\"},\"potentialAction\":[{\"@type\":\"SearchAction\",\"target\":{\"@type\":\"EntryPoint\",\"urlTemplate\":\"https:\\\/\\\/marktxxl.de\\\/markt\\\/?s={search_term_string}\"},\"query-input\":{\"@type\":\"PropertyValueSpecification\",\"valueRequired\":true,\"valueName\":\"search_term_string\"}}],\"inLanguage\":\"de\"},{\"@type\":\"Organization\",\"@id\":\"https:\\\/\\\/marktxxl.de\\\/markt\\\/#organization\",\"name\":\"Markt-XXL\",\"url\":\"https:\\\/\\\/marktxxl.de\\\/markt\\\/\",\"logo\":{\"@type\":\"ImageObject\",\"inLanguage\":\"de\",\"@id\":\"https:\\\/\\\/marktxxl.de\\\/markt\\\/#\\\/schema\\\/logo\\\/image\\\/\",\"url\":\"https:\\\/\\\/marktxxl.de\\\/markt\\\/wp-content\\\/uploads\\\/sites\\\/3\\\/2020\\\/12\\\/logo.png\",\"contentUrl\":\"https:\\\/\\\/marktxxl.de\\\/markt\\\/wp-content\\\/uploads\\\/sites\\\/3\\\/2020\\\/12\\\/logo.png\",\"width\":200,\"height\":70,\"caption\":\"Markt-XXL\"},\"image\":{\"@id\":\"https:\\\/\\\/marktxxl.de\\\/markt\\\/#\\\/schema\\\/logo\\\/image\\\/\"}}]}<\/script>\n<!-- \/ Yoast SEO plugin. -->","yoast_head_json":{"title":"SPARK &amp; WOW Flugzeug Aktivit\u00e4ten-Wandtafeln - Ab 18 Monaten - Montessori Sensorisches Wandspielzeug - 6 Aktivit\u00e4ten - Busy Board - Kleinkindzimmer Dekoration - Markt-XXL","description":"Markt-XXL SPARK &amp; WOW Flugzeug Aktivit\u00e4ten-Wandtafeln - Ab 18 Monaten - Montessori Sensorisches Wandspielzeug - 6 Aktivit\u00e4ten - Busy Board - Kleinkindzimmer Dekoration","robots":{"index":"index","follow":"follow","max-snippet":"max-snippet:-1","max-image-preview":"max-image-preview:large","max-video-preview":"max-video-preview:-1"},"canonical":"https:\/\/marktxxl.de\/markt\/produkt\/spark-wow-flugzeug-aktivitaeten-wandtafeln-ab-18-monaten-montessori-sensorisches-wandspielzeug-6-aktivitaeten-busy-board-kleinkindzimmer-dekoration\/","og_locale":"de_DE","og_type":"article","og_title":"SPARK &amp; WOW Flugzeug Aktivit\u00e4ten-Wandtafeln - Ab 18 Monaten - Montessori Sensorisches Wandspielzeug - 6 Aktivit\u00e4ten - Busy Board - Kleinkindzimmer Dekoration - Markt-XXL","og_description":"Markt-XXL SPARK &amp; WOW Flugzeug Aktivit\u00e4ten-Wandtafeln - Ab 18 Monaten - Montessori Sensorisches Wandspielzeug - 6 Aktivit\u00e4ten - Busy Board - Kleinkindzimmer Dekoration","og_url":"https:\/\/marktxxl.de\/markt\/produkt\/spark-wow-flugzeug-aktivitaeten-wandtafeln-ab-18-monaten-montessori-sensorisches-wandspielzeug-6-aktivitaeten-busy-board-kleinkindzimmer-dekoration\/","og_site_name":"Markt-XXL","twitter_card":"summary_large_image","twitter_misc":{"Gesch\u00e4tzte Lesezeit":"1\u00a0Minute"},"schema":{"@context":"https:\/\/schema.org","@graph":[{"@type":"WebPage","@id":"https:\/\/marktxxl.de\/markt\/produkt\/spark-wow-flugzeug-aktivitaeten-wandtafeln-ab-18-monaten-montessori-sensorisches-wandspielzeug-6-aktivitaeten-busy-board-kleinkindzimmer-dekoration\/","url":"https:\/\/marktxxl.de\/markt\/produkt\/spark-wow-flugzeug-aktivitaeten-wandtafeln-ab-18-monaten-montessori-sensorisches-wandspielzeug-6-aktivitaeten-busy-board-kleinkindzimmer-dekoration\/","name":"SPARK &amp; WOW Flugzeug Aktivit\u00e4ten-Wandtafeln - Ab 18 Monaten - Montessori Sensorisches Wandspielzeug - 6 Aktivit\u00e4ten - Busy Board - Kleinkindzimmer Dekoration - Markt-XXL","isPartOf":{"@id":"https:\/\/marktxxl.de\/markt\/#website"},"primaryImageOfPage":{"@id":"https:\/\/marktxxl.de\/markt\/produkt\/spark-wow-flugzeug-aktivitaeten-wandtafeln-ab-18-monaten-montessori-sensorisches-wandspielzeug-6-aktivitaeten-busy-board-kleinkindzimmer-dekoration\/#primaryimage"},"image":{"@id":"https:\/\/marktxxl.de\/markt\/produkt\/spark-wow-flugzeug-aktivitaeten-wandtafeln-ab-18-monaten-montessori-sensorisches-wandspielzeug-6-aktivitaeten-busy-board-kleinkindzimmer-dekoration\/#primaryimage"},"thumbnailUrl":"https:\/\/m.media-amazon.com\/images\/I\/41+xPF0QpRL._SL500_.jpg","datePublished":"2024-05-29T12:20:12+00:00","description":"Markt-XXL SPARK &amp; WOW Flugzeug Aktivit\u00e4ten-Wandtafeln - Ab 18 Monaten - Montessori Sensorisches Wandspielzeug - 6 Aktivit\u00e4ten - Busy Board - Kleinkindzimmer Dekoration","breadcrumb":{"@id":"https:\/\/marktxxl.de\/markt\/produkt\/spark-wow-flugzeug-aktivitaeten-wandtafeln-ab-18-monaten-montessori-sensorisches-wandspielzeug-6-aktivitaeten-busy-board-kleinkindzimmer-dekoration\/#breadcrumb"},"inLanguage":"de","potentialAction":[{"@type":"ReadAction","target":["https:\/\/marktxxl.de\/markt\/produkt\/spark-wow-flugzeug-aktivitaeten-wandtafeln-ab-18-monaten-montessori-sensorisches-wandspielzeug-6-aktivitaeten-busy-board-kleinkindzimmer-dekoration\/"]}]},{"@type":"ImageObject","inLanguage":"de","@id":"https:\/\/marktxxl.de\/markt\/produkt\/spark-wow-flugzeug-aktivitaeten-wandtafeln-ab-18-monaten-montessori-sensorisches-wandspielzeug-6-aktivitaeten-busy-board-kleinkindzimmer-dekoration\/#primaryimage","url":"https:\/\/m.media-amazon.com\/images\/I\/41+xPF0QpRL._SL500_.jpg","contentUrl":"https:\/\/m.media-amazon.com\/images\/I\/41+xPF0QpRL._SL500_.jpg","width":500,"height":500},{"@type":"BreadcrumbList","@id":"https:\/\/marktxxl.de\/markt\/produkt\/spark-wow-flugzeug-aktivitaeten-wandtafeln-ab-18-monaten-montessori-sensorisches-wandspielzeug-6-aktivitaeten-busy-board-kleinkindzimmer-dekoration\/#breadcrumb","itemListElement":[{"@type":"ListItem","position":1,"name":"Startseite","item":"https:\/\/marktxxl.de\/markt\/"},{"@type":"ListItem","position":2,"name":"Markt","item":"https:\/\/marktxxl.de\/markt\/"},{"@type":"ListItem","position":3,"name":"SPARK &amp; WOW Flugzeug Aktivit\u00e4ten-Wandtafeln &#8211; Ab 18 Monaten &#8211; Montessori Sensorisches Wandspielzeug &#8211; 6 Aktivit\u00e4ten &#8211; Busy Board &#8211; Kleinkindzimmer Dekoration"}]},{"@type":"WebSite","@id":"https:\/\/marktxxl.de\/markt\/#website","url":"https:\/\/marktxxl.de\/markt\/","name":"Markt-XXL","description":"Ihr Markt Online","publisher":{"@id":"https:\/\/marktxxl.de\/markt\/#organization"},"potentialAction":[{"@type":"SearchAction","target":{"@type":"EntryPoint","urlTemplate":"https:\/\/marktxxl.de\/markt\/?s={search_term_string}"},"query-input":{"@type":"PropertyValueSpecification","valueRequired":true,"valueName":"search_term_string"}}],"inLanguage":"de"},{"@type":"Organization","@id":"https:\/\/marktxxl.de\/markt\/#organization","name":"Markt-XXL","url":"https:\/\/marktxxl.de\/markt\/","logo":{"@type":"ImageObject","inLanguage":"de","@id":"https:\/\/marktxxl.de\/markt\/#\/schema\/logo\/image\/","url":"https:\/\/marktxxl.de\/markt\/wp-content\/uploads\/sites\/3\/2020\/12\/logo.png","contentUrl":"https:\/\/marktxxl.de\/markt\/wp-content\/uploads\/sites\/3\/2020\/12\/logo.png","width":200,"height":70,"caption":"Markt-XXL"},"image":{"@id":"https:\/\/marktxxl.de\/markt\/#\/schema\/logo\/image\/"}}]}},"_links":{"self":[{"href":"https:\/\/marktxxl.de\/markt\/wp-json\/wp\/v2\/product\/209934","targetHints":{"allow":["GET"]}}],"collection":[{"href":"https:\/\/marktxxl.de\/markt\/wp-json\/wp\/v2\/product"}],"about":[{"href":"https:\/\/marktxxl.de\/markt\/wp-json\/wp\/v2\/types\/product"}],"replies":[{"embeddable":true,"href":"https:\/\/marktxxl.de\/markt\/wp-json\/wp\/v2\/comments?post=209934"}],"wp:featuredmedia":[{"embeddable":true,"href":"https:\/\/marktxxl.de\/markt\/wp-json\/wp\/v2\/media\/209935"}],"wp:attachment":[{"href":"https:\/\/marktxxl.de\/markt\/wp-json\/wp\/v2\/media?parent=209934"}],"wp:term":[{"taxonomy":"product_brand","embeddable":true,"href":"https:\/\/marktxxl.de\/markt\/wp-json\/wp\/v2\/product_brand?post=209934"},{"taxonomy":"product_cat","embeddable":true,"href":"https:\/\/marktxxl.de\/markt\/wp-json\/wp\/v2\/product_cat?post=209934"},{"taxonomy":"product_tag","embeddable":true,"href":"https:\/\/marktxxl.de\/markt\/wp-json\/wp\/v2\/product_tag?post=209934"}],"curies":[{"name":"wp","href":"https:\/\/api.w.org\/{rel}","templated":true}]}}