{"id":209893,"date":"2024-05-29T14:18:19","date_gmt":"2024-05-29T12:18:19","guid":{"rendered":"https:\/\/marktxxl.de\/markt\/produkt\/glaciart-one-space-nursery-mobile-bunte-dekoration-fuer-kinderbett-babyzimmer-handgefertigt-kindersicheres-holz-filzwolle-baumwolle-sonnensystem-dekoration-fuer-maedchen-jungen\/"},"modified":"2024-05-29T14:18:19","modified_gmt":"2024-05-29T12:18:19","slug":"glaciart-one-space-nursery-mobile-bunte-dekoration-fuer-kinderbett-babyzimmer-handgefertigt-kindersicheres-holz-filzwolle-baumwolle-sonnensystem-dekoration-fuer-maedchen-jungen","status":"publish","type":"product","link":"https:\/\/marktxxl.de\/markt\/produkt\/glaciart-one-space-nursery-mobile-bunte-dekoration-fuer-kinderbett-babyzimmer-handgefertigt-kindersicheres-holz-filzwolle-baumwolle-sonnensystem-dekoration-fuer-maedchen-jungen\/","title":{"rendered":"Glaciart One Space Nursery Mobile &#8211; Bunte Dekoration f\u00fcr Kinderbett, Babyzimmer &#8211; Handgefertigt, kindersicheres Holz, Filzwolle &amp; Baumwolle &#8211; Sonnensystem-Dekoration f\u00fcr M\u00e4dchen &amp; Jungen &#8211; 10&#215;24 Zoll"},"content":{"rendered":"<p>WELTRAUM-KINDERZIMMER-H\u00c4NGENDE DEKORATION &#8211; Dieses Mobile mit Sonnensystem ist perfekt, um jedes Kinderbett mit einem Weltraum-, Planeten-, Galaxie- oder Astronauten-Thema zu dekorieren. Es regt sowohl den Schlaf als auch die Vorstellungskraft des Babys mit einem traumhaften Weltraumhimmel an.<br \/>\nEINFACHES UND UNKOMPLIZIERTES AUFH\u00c4NGEN &#8211; Mit einer 50 Zoll langen geschlossenen Schlaufe k\u00f6nnen Sie diese Weltraum-Babydekoration m\u00fchelos an einem Haken an der Zimmerdecke \u00fcber dem Kinderbett oder im Spielbereich befestigen. Zwischen den Kugeln befinden sich keine Knoten, sodass Sie das Mobile ganz nach Ihren W\u00fcnschen gestalten k\u00f6nnen!<br \/>\nENTZ\u00dcCKENDE DETAILS &#8211; Mit 5 niedlichen Planeten, einem Astronauten, einer Weltraumrakete, 8 Sternen und einer Vielzahl von 54 farbenfrohen Filzkugeln hat dieses h\u00e4ngende Mobile viele ansprechende Elemente, die sicherlich die Aufmerksamkeit Ihres Babys auf sich ziehen werden!<br \/>\nHANDGEFERTIGT MIT SORGFALT &#8211; Jedes Weltraumobjekt wird von Hand von Kunsthandwerkerinnen in Nepal liebevoll gestickt. Dieses Weltraum-Kinderzimmerdekor ist komplett handgefertigt aus unbehandeltem Holz, Wolle und Baumwollfaden und ist zudem frei von AZO-Farbstoffen.<br \/>\nIHRE ZUFRIEDENHEIT GARANTIERT &#8211; Wir sind leidenschaftlich bei unserer Arbeit und m\u00f6chten Ihnen ein positives Einkaufserlebnis bieten. Wenn es irgendwelche Probleme mit diesem Weltraumdekor gibt, kontaktieren Sie uns bitte, damit wir es richtigstellen k\u00f6nnen!<br \/>\n<div class=\"main-cross-sell\" data-asin=\"B09NVXRGXY\">\n\n\t<div class=\"WooZone-cross-sell-loader\">\n\t\t<div>\n\t\t\t<div id=\"floatingBarsG\">\n\t\t\t\t<div class=\"blockG\" id=\"rotateG_01\"><\/div>\n\t\t\t\t<div class=\"blockG\" id=\"rotateG_02\"><\/div>\n\t\t\t\t<div class=\"blockG\" id=\"rotateG_03\"><\/div>\n\t\t\t\t<div class=\"blockG\" id=\"rotateG_04\"><\/div>\n\t\t\t\t<div class=\"blockG\" id=\"rotateG_05\"><\/div>\n\t\t\t\t<div class=\"blockG\" id=\"rotateG_06\"><\/div>\n\t\t\t\t<div class=\"blockG\" id=\"rotateG_07\"><\/div>\n\t\t\t\t<div class=\"blockG\" id=\"rotateG_08\"><\/div>\n\t\t\t<\/div>\n\t\t\t<div class=\"WooZone-cross-sell-loader-text\"><\/div>\n\t\t<\/div>\n\t<\/div>\n\n\t\t\n<\/div>\n<div style=\"clear:both;\"><\/div><\/p>\n","protected":false},"excerpt":{"rendered":"<p>WELTRAUM-KINDERZIMMER-H\u00c4NGENDE DEKORATION &#8211; Dieses Mobile mit Sonnensystem ist perfekt, um jedes Kinderbett mit einem Weltraum-, Planeten-, Galaxie- oder Astronauten-Thema zu dekorieren. Es regt sowohl den Schlaf als auch die Vorstellungskraft des Babys mit einem traumhaften Weltraumhimmel an.<br \/>\nEINFACHES UND UNKOMPLIZIERTES AUFH\u00c4NGEN &#8211; Mit einer 50 Zoll langen geschlossenen Schlaufe k\u00f6nnen Sie diese Weltraum-Babydekoration m\u00fchelos an einem Haken an der Zimmerdecke \u00fcber dem Kinderbett oder im Spielbereich befestigen. Zwischen den Kugeln befinden sich keine Knoten, sodass Sie das Mobile ganz nach Ihren W\u00fcnschen gestalten k\u00f6nnen!<br \/>\nENTZ\u00dcCKENDE DETAILS &#8211; Mit 5 niedlichen Planeten, einem Astronauten, einer Weltraumrakete, 8 Sternen und einer Vielzahl von 54 farbenfrohen Filzkugeln hat dieses h\u00e4ngende Mobile viele ansprechende Elemente, die sicherlich die Aufmerksamkeit Ihres Babys auf sich ziehen werden!<\/p>\n","protected":false},"featured_media":209894,"comment_status":"open","ping_status":"closed","template":"","meta":[],"product_brand":[],"product_cat":[21,9143],"product_tag":[],"class_list":{"0":"post-209893","1":"product","2":"type-product","3":"status-publish","4":"has-post-thumbnail","6":"product_cat-baby","7":"product_cat-entdecken-bewegen-baby","8":"pa_binding-babyartikel","9":"pa_brand-glaciart-one","10":"pa_color-space-adventure","11":"pa_height-1-574803148-zoll","12":"pa_length-10-629921249-zoll","13":"pa_manufacturer-glaciart-one","14":"pa_model-space-adventure","15":"pa_weight-1-212542441-pounds","16":"pa_width-10-629921249-zoll","18":"first","19":"instock","20":"shipping-taxable","21":"purchasable","22":"product-type-simple","23":"customify-col","24":"product-has-gallery"},"yoast_head":"<!-- This site is optimized with the Yoast SEO plugin v27.4 - https:\/\/yoast.com\/product\/yoast-seo-wordpress\/ -->\n<title>Glaciart One Space Nursery Mobile - Bunte Dekoration f\u00fcr Kinderbett, Babyzimmer - Handgefertigt, kindersicheres Holz, Filzwolle &amp; Baumwolle - Sonnensystem-Dekoration f\u00fcr M\u00e4dchen &amp; Jungen - 10x24 Zoll - Markt-XXL<\/title>\n<meta name=\"description\" content=\"Markt-XXL Glaciart One Space Nursery Mobile - Bunte Dekoration f\u00fcr Kinderbett, Babyzimmer - Handgefertigt, kindersicheres Holz, Filzwolle &amp; Baumwolle - Sonnensystem-Dekoration f\u00fcr M\u00e4dchen &amp; Jungen - 10x24 Zoll\" \/>\n<meta name=\"robots\" content=\"index, follow, max-snippet:-1, max-image-preview:large, max-video-preview:-1\" \/>\n<link rel=\"canonical\" href=\"https:\/\/marktxxl.de\/markt\/produkt\/glaciart-one-space-nursery-mobile-bunte-dekoration-fuer-kinderbett-babyzimmer-handgefertigt-kindersicheres-holz-filzwolle-baumwolle-sonnensystem-dekoration-fuer-maedchen-jungen\/\" \/>\n<meta property=\"og:locale\" content=\"de_DE\" \/>\n<meta property=\"og:type\" content=\"article\" \/>\n<meta property=\"og:title\" content=\"Glaciart One Space Nursery Mobile - Bunte Dekoration f\u00fcr Kinderbett, Babyzimmer - Handgefertigt, kindersicheres Holz, Filzwolle &amp; Baumwolle - Sonnensystem-Dekoration f\u00fcr M\u00e4dchen &amp; Jungen - 10x24 Zoll - Markt-XXL\" \/>\n<meta property=\"og:description\" content=\"Markt-XXL Glaciart One Space Nursery Mobile - Bunte Dekoration f\u00fcr Kinderbett, Babyzimmer - Handgefertigt, kindersicheres Holz, Filzwolle &amp; Baumwolle - Sonnensystem-Dekoration f\u00fcr M\u00e4dchen &amp; Jungen - 10x24 Zoll\" \/>\n<meta property=\"og:url\" content=\"https:\/\/marktxxl.de\/markt\/produkt\/glaciart-one-space-nursery-mobile-bunte-dekoration-fuer-kinderbett-babyzimmer-handgefertigt-kindersicheres-holz-filzwolle-baumwolle-sonnensystem-dekoration-fuer-maedchen-jungen\/\" \/>\n<meta property=\"og:site_name\" content=\"Markt-XXL\" \/>\n<meta name=\"twitter:card\" content=\"summary_large_image\" \/>\n<meta name=\"twitter:label1\" content=\"Gesch\u00e4tzte Lesezeit\" \/>\n\t<meta name=\"twitter:data1\" content=\"1\u00a0Minute\" \/>\n<script type=\"application\/ld+json\" class=\"yoast-schema-graph\">{\"@context\":\"https:\\\/\\\/schema.org\",\"@graph\":[{\"@type\":\"WebPage\",\"@id\":\"https:\\\/\\\/marktxxl.de\\\/markt\\\/produkt\\\/glaciart-one-space-nursery-mobile-bunte-dekoration-fuer-kinderbett-babyzimmer-handgefertigt-kindersicheres-holz-filzwolle-baumwolle-sonnensystem-dekoration-fuer-maedchen-jungen\\\/\",\"url\":\"https:\\\/\\\/marktxxl.de\\\/markt\\\/produkt\\\/glaciart-one-space-nursery-mobile-bunte-dekoration-fuer-kinderbett-babyzimmer-handgefertigt-kindersicheres-holz-filzwolle-baumwolle-sonnensystem-dekoration-fuer-maedchen-jungen\\\/\",\"name\":\"Glaciart One Space Nursery Mobile - Bunte Dekoration f\u00fcr Kinderbett, Babyzimmer - Handgefertigt, kindersicheres Holz, Filzwolle &amp; Baumwolle - Sonnensystem-Dekoration f\u00fcr M\u00e4dchen &amp; Jungen - 10x24 Zoll - Markt-XXL\",\"isPartOf\":{\"@id\":\"https:\\\/\\\/marktxxl.de\\\/markt\\\/#website\"},\"primaryImageOfPage\":{\"@id\":\"https:\\\/\\\/marktxxl.de\\\/markt\\\/produkt\\\/glaciart-one-space-nursery-mobile-bunte-dekoration-fuer-kinderbett-babyzimmer-handgefertigt-kindersicheres-holz-filzwolle-baumwolle-sonnensystem-dekoration-fuer-maedchen-jungen\\\/#primaryimage\"},\"image\":{\"@id\":\"https:\\\/\\\/marktxxl.de\\\/markt\\\/produkt\\\/glaciart-one-space-nursery-mobile-bunte-dekoration-fuer-kinderbett-babyzimmer-handgefertigt-kindersicheres-holz-filzwolle-baumwolle-sonnensystem-dekoration-fuer-maedchen-jungen\\\/#primaryimage\"},\"thumbnailUrl\":\"https:\\\/\\\/m.media-amazon.com\\\/images\\\/I\\\/41w7cmgw2qL._SL500_.jpg\",\"datePublished\":\"2024-05-29T12:18:19+00:00\",\"description\":\"Markt-XXL Glaciart One Space Nursery Mobile - Bunte Dekoration f\u00fcr Kinderbett, Babyzimmer - Handgefertigt, kindersicheres Holz, Filzwolle &amp; Baumwolle - Sonnensystem-Dekoration f\u00fcr M\u00e4dchen &amp; Jungen - 10x24 Zoll\",\"breadcrumb\":{\"@id\":\"https:\\\/\\\/marktxxl.de\\\/markt\\\/produkt\\\/glaciart-one-space-nursery-mobile-bunte-dekoration-fuer-kinderbett-babyzimmer-handgefertigt-kindersicheres-holz-filzwolle-baumwolle-sonnensystem-dekoration-fuer-maedchen-jungen\\\/#breadcrumb\"},\"inLanguage\":\"de\",\"potentialAction\":[{\"@type\":\"ReadAction\",\"target\":[\"https:\\\/\\\/marktxxl.de\\\/markt\\\/produkt\\\/glaciart-one-space-nursery-mobile-bunte-dekoration-fuer-kinderbett-babyzimmer-handgefertigt-kindersicheres-holz-filzwolle-baumwolle-sonnensystem-dekoration-fuer-maedchen-jungen\\\/\"]}]},{\"@type\":\"ImageObject\",\"inLanguage\":\"de\",\"@id\":\"https:\\\/\\\/marktxxl.de\\\/markt\\\/produkt\\\/glaciart-one-space-nursery-mobile-bunte-dekoration-fuer-kinderbett-babyzimmer-handgefertigt-kindersicheres-holz-filzwolle-baumwolle-sonnensystem-dekoration-fuer-maedchen-jungen\\\/#primaryimage\",\"url\":\"https:\\\/\\\/m.media-amazon.com\\\/images\\\/I\\\/41w7cmgw2qL._SL500_.jpg\",\"contentUrl\":\"https:\\\/\\\/m.media-amazon.com\\\/images\\\/I\\\/41w7cmgw2qL._SL500_.jpg\",\"width\":500,\"height\":500},{\"@type\":\"BreadcrumbList\",\"@id\":\"https:\\\/\\\/marktxxl.de\\\/markt\\\/produkt\\\/glaciart-one-space-nursery-mobile-bunte-dekoration-fuer-kinderbett-babyzimmer-handgefertigt-kindersicheres-holz-filzwolle-baumwolle-sonnensystem-dekoration-fuer-maedchen-jungen\\\/#breadcrumb\",\"itemListElement\":[{\"@type\":\"ListItem\",\"position\":1,\"name\":\"Startseite\",\"item\":\"https:\\\/\\\/marktxxl.de\\\/markt\\\/\"},{\"@type\":\"ListItem\",\"position\":2,\"name\":\"Markt\",\"item\":\"https:\\\/\\\/marktxxl.de\\\/markt\\\/\"},{\"@type\":\"ListItem\",\"position\":3,\"name\":\"Glaciart One Space Nursery Mobile &#8211; Bunte Dekoration f\u00fcr Kinderbett, Babyzimmer &#8211; Handgefertigt, kindersicheres Holz, Filzwolle &amp; Baumwolle &#8211; Sonnensystem-Dekoration f\u00fcr M\u00e4dchen &amp; Jungen &#8211; 10&#215;24 Zoll\"}]},{\"@type\":\"WebSite\",\"@id\":\"https:\\\/\\\/marktxxl.de\\\/markt\\\/#website\",\"url\":\"https:\\\/\\\/marktxxl.de\\\/markt\\\/\",\"name\":\"Markt-XXL\",\"description\":\"Ihr Markt Online\",\"publisher\":{\"@id\":\"https:\\\/\\\/marktxxl.de\\\/markt\\\/#organization\"},\"potentialAction\":[{\"@type\":\"SearchAction\",\"target\":{\"@type\":\"EntryPoint\",\"urlTemplate\":\"https:\\\/\\\/marktxxl.de\\\/markt\\\/?s={search_term_string}\"},\"query-input\":{\"@type\":\"PropertyValueSpecification\",\"valueRequired\":true,\"valueName\":\"search_term_string\"}}],\"inLanguage\":\"de\"},{\"@type\":\"Organization\",\"@id\":\"https:\\\/\\\/marktxxl.de\\\/markt\\\/#organization\",\"name\":\"Markt-XXL\",\"url\":\"https:\\\/\\\/marktxxl.de\\\/markt\\\/\",\"logo\":{\"@type\":\"ImageObject\",\"inLanguage\":\"de\",\"@id\":\"https:\\\/\\\/marktxxl.de\\\/markt\\\/#\\\/schema\\\/logo\\\/image\\\/\",\"url\":\"https:\\\/\\\/marktxxl.de\\\/markt\\\/wp-content\\\/uploads\\\/sites\\\/3\\\/2020\\\/12\\\/logo.png\",\"contentUrl\":\"https:\\\/\\\/marktxxl.de\\\/markt\\\/wp-content\\\/uploads\\\/sites\\\/3\\\/2020\\\/12\\\/logo.png\",\"width\":200,\"height\":70,\"caption\":\"Markt-XXL\"},\"image\":{\"@id\":\"https:\\\/\\\/marktxxl.de\\\/markt\\\/#\\\/schema\\\/logo\\\/image\\\/\"}}]}<\/script>\n<!-- \/ Yoast SEO plugin. -->","yoast_head_json":{"title":"Glaciart One Space Nursery Mobile - Bunte Dekoration f\u00fcr Kinderbett, Babyzimmer - Handgefertigt, kindersicheres Holz, Filzwolle &amp; Baumwolle - Sonnensystem-Dekoration f\u00fcr M\u00e4dchen &amp; Jungen - 10x24 Zoll - Markt-XXL","description":"Markt-XXL Glaciart One Space Nursery Mobile - Bunte Dekoration f\u00fcr Kinderbett, Babyzimmer - Handgefertigt, kindersicheres Holz, Filzwolle &amp; Baumwolle - Sonnensystem-Dekoration f\u00fcr M\u00e4dchen &amp; Jungen - 10x24 Zoll","robots":{"index":"index","follow":"follow","max-snippet":"max-snippet:-1","max-image-preview":"max-image-preview:large","max-video-preview":"max-video-preview:-1"},"canonical":"https:\/\/marktxxl.de\/markt\/produkt\/glaciart-one-space-nursery-mobile-bunte-dekoration-fuer-kinderbett-babyzimmer-handgefertigt-kindersicheres-holz-filzwolle-baumwolle-sonnensystem-dekoration-fuer-maedchen-jungen\/","og_locale":"de_DE","og_type":"article","og_title":"Glaciart One Space Nursery Mobile - Bunte Dekoration f\u00fcr Kinderbett, Babyzimmer - Handgefertigt, kindersicheres Holz, Filzwolle &amp; Baumwolle - Sonnensystem-Dekoration f\u00fcr M\u00e4dchen &amp; Jungen - 10x24 Zoll - Markt-XXL","og_description":"Markt-XXL Glaciart One Space Nursery Mobile - Bunte Dekoration f\u00fcr Kinderbett, Babyzimmer - Handgefertigt, kindersicheres Holz, Filzwolle &amp; Baumwolle - Sonnensystem-Dekoration f\u00fcr M\u00e4dchen &amp; Jungen - 10x24 Zoll","og_url":"https:\/\/marktxxl.de\/markt\/produkt\/glaciart-one-space-nursery-mobile-bunte-dekoration-fuer-kinderbett-babyzimmer-handgefertigt-kindersicheres-holz-filzwolle-baumwolle-sonnensystem-dekoration-fuer-maedchen-jungen\/","og_site_name":"Markt-XXL","twitter_card":"summary_large_image","twitter_misc":{"Gesch\u00e4tzte Lesezeit":"1\u00a0Minute"},"schema":{"@context":"https:\/\/schema.org","@graph":[{"@type":"WebPage","@id":"https:\/\/marktxxl.de\/markt\/produkt\/glaciart-one-space-nursery-mobile-bunte-dekoration-fuer-kinderbett-babyzimmer-handgefertigt-kindersicheres-holz-filzwolle-baumwolle-sonnensystem-dekoration-fuer-maedchen-jungen\/","url":"https:\/\/marktxxl.de\/markt\/produkt\/glaciart-one-space-nursery-mobile-bunte-dekoration-fuer-kinderbett-babyzimmer-handgefertigt-kindersicheres-holz-filzwolle-baumwolle-sonnensystem-dekoration-fuer-maedchen-jungen\/","name":"Glaciart One Space Nursery Mobile - Bunte Dekoration f\u00fcr Kinderbett, Babyzimmer - Handgefertigt, kindersicheres Holz, Filzwolle &amp; Baumwolle - Sonnensystem-Dekoration f\u00fcr M\u00e4dchen &amp; Jungen - 10x24 Zoll - Markt-XXL","isPartOf":{"@id":"https:\/\/marktxxl.de\/markt\/#website"},"primaryImageOfPage":{"@id":"https:\/\/marktxxl.de\/markt\/produkt\/glaciart-one-space-nursery-mobile-bunte-dekoration-fuer-kinderbett-babyzimmer-handgefertigt-kindersicheres-holz-filzwolle-baumwolle-sonnensystem-dekoration-fuer-maedchen-jungen\/#primaryimage"},"image":{"@id":"https:\/\/marktxxl.de\/markt\/produkt\/glaciart-one-space-nursery-mobile-bunte-dekoration-fuer-kinderbett-babyzimmer-handgefertigt-kindersicheres-holz-filzwolle-baumwolle-sonnensystem-dekoration-fuer-maedchen-jungen\/#primaryimage"},"thumbnailUrl":"https:\/\/m.media-amazon.com\/images\/I\/41w7cmgw2qL._SL500_.jpg","datePublished":"2024-05-29T12:18:19+00:00","description":"Markt-XXL Glaciart One Space Nursery Mobile - Bunte Dekoration f\u00fcr Kinderbett, Babyzimmer - Handgefertigt, kindersicheres Holz, Filzwolle &amp; Baumwolle - Sonnensystem-Dekoration f\u00fcr M\u00e4dchen &amp; Jungen - 10x24 Zoll","breadcrumb":{"@id":"https:\/\/marktxxl.de\/markt\/produkt\/glaciart-one-space-nursery-mobile-bunte-dekoration-fuer-kinderbett-babyzimmer-handgefertigt-kindersicheres-holz-filzwolle-baumwolle-sonnensystem-dekoration-fuer-maedchen-jungen\/#breadcrumb"},"inLanguage":"de","potentialAction":[{"@type":"ReadAction","target":["https:\/\/marktxxl.de\/markt\/produkt\/glaciart-one-space-nursery-mobile-bunte-dekoration-fuer-kinderbett-babyzimmer-handgefertigt-kindersicheres-holz-filzwolle-baumwolle-sonnensystem-dekoration-fuer-maedchen-jungen\/"]}]},{"@type":"ImageObject","inLanguage":"de","@id":"https:\/\/marktxxl.de\/markt\/produkt\/glaciart-one-space-nursery-mobile-bunte-dekoration-fuer-kinderbett-babyzimmer-handgefertigt-kindersicheres-holz-filzwolle-baumwolle-sonnensystem-dekoration-fuer-maedchen-jungen\/#primaryimage","url":"https:\/\/m.media-amazon.com\/images\/I\/41w7cmgw2qL._SL500_.jpg","contentUrl":"https:\/\/m.media-amazon.com\/images\/I\/41w7cmgw2qL._SL500_.jpg","width":500,"height":500},{"@type":"BreadcrumbList","@id":"https:\/\/marktxxl.de\/markt\/produkt\/glaciart-one-space-nursery-mobile-bunte-dekoration-fuer-kinderbett-babyzimmer-handgefertigt-kindersicheres-holz-filzwolle-baumwolle-sonnensystem-dekoration-fuer-maedchen-jungen\/#breadcrumb","itemListElement":[{"@type":"ListItem","position":1,"name":"Startseite","item":"https:\/\/marktxxl.de\/markt\/"},{"@type":"ListItem","position":2,"name":"Markt","item":"https:\/\/marktxxl.de\/markt\/"},{"@type":"ListItem","position":3,"name":"Glaciart One Space Nursery Mobile &#8211; Bunte Dekoration f\u00fcr Kinderbett, Babyzimmer &#8211; Handgefertigt, kindersicheres Holz, Filzwolle &amp; Baumwolle &#8211; Sonnensystem-Dekoration f\u00fcr M\u00e4dchen &amp; Jungen &#8211; 10&#215;24 Zoll"}]},{"@type":"WebSite","@id":"https:\/\/marktxxl.de\/markt\/#website","url":"https:\/\/marktxxl.de\/markt\/","name":"Markt-XXL","description":"Ihr Markt Online","publisher":{"@id":"https:\/\/marktxxl.de\/markt\/#organization"},"potentialAction":[{"@type":"SearchAction","target":{"@type":"EntryPoint","urlTemplate":"https:\/\/marktxxl.de\/markt\/?s={search_term_string}"},"query-input":{"@type":"PropertyValueSpecification","valueRequired":true,"valueName":"search_term_string"}}],"inLanguage":"de"},{"@type":"Organization","@id":"https:\/\/marktxxl.de\/markt\/#organization","name":"Markt-XXL","url":"https:\/\/marktxxl.de\/markt\/","logo":{"@type":"ImageObject","inLanguage":"de","@id":"https:\/\/marktxxl.de\/markt\/#\/schema\/logo\/image\/","url":"https:\/\/marktxxl.de\/markt\/wp-content\/uploads\/sites\/3\/2020\/12\/logo.png","contentUrl":"https:\/\/marktxxl.de\/markt\/wp-content\/uploads\/sites\/3\/2020\/12\/logo.png","width":200,"height":70,"caption":"Markt-XXL"},"image":{"@id":"https:\/\/marktxxl.de\/markt\/#\/schema\/logo\/image\/"}}]}},"_links":{"self":[{"href":"https:\/\/marktxxl.de\/markt\/wp-json\/wp\/v2\/product\/209893","targetHints":{"allow":["GET"]}}],"collection":[{"href":"https:\/\/marktxxl.de\/markt\/wp-json\/wp\/v2\/product"}],"about":[{"href":"https:\/\/marktxxl.de\/markt\/wp-json\/wp\/v2\/types\/product"}],"replies":[{"embeddable":true,"href":"https:\/\/marktxxl.de\/markt\/wp-json\/wp\/v2\/comments?post=209893"}],"wp:featuredmedia":[{"embeddable":true,"href":"https:\/\/marktxxl.de\/markt\/wp-json\/wp\/v2\/media\/209894"}],"wp:attachment":[{"href":"https:\/\/marktxxl.de\/markt\/wp-json\/wp\/v2\/media?parent=209893"}],"wp:term":[{"taxonomy":"product_brand","embeddable":true,"href":"https:\/\/marktxxl.de\/markt\/wp-json\/wp\/v2\/product_brand?post=209893"},{"taxonomy":"product_cat","embeddable":true,"href":"https:\/\/marktxxl.de\/markt\/wp-json\/wp\/v2\/product_cat?post=209893"},{"taxonomy":"product_tag","embeddable":true,"href":"https:\/\/marktxxl.de\/markt\/wp-json\/wp\/v2\/product_tag?post=209893"}],"curies":[{"name":"wp","href":"https:\/\/api.w.org\/{rel}","templated":true}]}}