{"id":209784,"date":"2024-05-29T14:05:10","date_gmt":"2024-05-29T12:05:10","guid":{"rendered":"https:\/\/marktxxl.de\/markt\/produkt\/bbohss-herren-leder-harness-punk-brustgurt-top-cage-brust-brust-halb-geschirr-verstellbarer-brustgurt-club-halloween-kostuem-zubehoer\/"},"modified":"2024-05-29T14:05:10","modified_gmt":"2024-05-29T12:05:10","slug":"bbohss-herren-leder-harness-punk-brustgurt-top-cage-brust-brust-halb-geschirr-verstellbarer-brustgurt-club-halloween-kostuem-zubehoer","status":"publish","type":"product","link":"https:\/\/marktxxl.de\/markt\/produkt\/bbohss-herren-leder-harness-punk-brustgurt-top-cage-brust-brust-halb-geschirr-verstellbarer-brustgurt-club-halloween-kostuem-zubehoer\/","title":{"rendered":"BBOHSS Herren Leder Harness Punk Brustgurt Top Cage Brust Brust halb Geschirr Verstellbarer Brustgurt Club Halloween Kost\u00fcm Zubeh\u00f6r"},"content":{"rendered":"<p>M\u00e4nner PU-Leder verstellbarer Brustgurt, PU-Lederhalfter, weiches PU-Leder, langlebig, bequem zum Tragen; L\u00e4sst Sie charmanter und einzigartiger aussehen.<br \/>\nVerstellbares flexibles Leder &#8212; Praktisch, um die Taillenb\u00e4nder an die richtige Gr\u00f6\u00dfe anzupassen, handgefertigt. Spezieller Body Harness-BH und modernes Design machen Sie charmanter, modischer und cooler.<br \/>\nVerstellbares weiches Leder &#8212; Dient zum Einstellen des H\u00fcftgurts auf die entsprechende Gr\u00f6\u00dfe. Handgemachter spezieller BH-BH<br \/>\nKomfortabel und leicht zu tragen, perfekt f\u00fcr Dating, Halloween, Karneval, Cosplay, Bar, Maskeradenkost\u00fcme, Tanzen, Musikfestival-Kleidung, Rave-Outfits, Konzertkleidung, Partykleidung, Clubparty und andere Veranstaltungen.<br \/>\nProduktmerkmale: Strumpfg\u00fcrtel, leicht und einfach zu tragen, sehr modisch und sch\u00f6n, modisches und einzigartiges Design, kann mit der t\u00e4glichen Kleidung kombiniert werden, um Sie sch\u00f6ner zu machen, auch f\u00fcr Fotografie und Tanz geeignet, sehr einzigartiges k\u00fcnstlerisches Design, l\u00e4sst Sie sehr modisch aussehen und elegant.<br \/>\n<div class=\"main-cross-sell\" data-asin=\"B08FBTBK3Z\">\n\n\t<div class=\"WooZone-cross-sell-loader\">\n\t\t<div>\n\t\t\t<div id=\"floatingBarsG\">\n\t\t\t\t<div class=\"blockG\" id=\"rotateG_01\"><\/div>\n\t\t\t\t<div class=\"blockG\" id=\"rotateG_02\"><\/div>\n\t\t\t\t<div class=\"blockG\" id=\"rotateG_03\"><\/div>\n\t\t\t\t<div class=\"blockG\" id=\"rotateG_04\"><\/div>\n\t\t\t\t<div class=\"blockG\" id=\"rotateG_05\"><\/div>\n\t\t\t\t<div class=\"blockG\" id=\"rotateG_06\"><\/div>\n\t\t\t\t<div class=\"blockG\" id=\"rotateG_07\"><\/div>\n\t\t\t\t<div class=\"blockG\" id=\"rotateG_08\"><\/div>\n\t\t\t<\/div>\n\t\t\t<div class=\"WooZone-cross-sell-loader-text\"><\/div>\n\t\t<\/div>\n\t<\/div>\n\n\t\t\n<\/div>\n<div style=\"clear:both;\"><\/div><\/p>\n","protected":false},"excerpt":{"rendered":"<p>M\u00e4nner PU-Leder verstellbarer Brustgurt, PU-Lederhalfter, weiches PU-Leder, langlebig, bequem zum Tragen; L\u00e4sst Sie charmanter und einzigartiger aussehen.<br \/>\nVerstellbares flexibles Leder &#8212; Praktisch, um die Taillenb\u00e4nder an die richtige Gr\u00f6\u00dfe anzupassen, handgefertigt. Spezieller Body Harness-BH und modernes Design machen Sie charmanter, modischer und cooler.<br \/>\nVerstellbares weiches Leder &#8212; Dient zum Einstellen des H\u00fcftgurts auf die entsprechende Gr\u00f6\u00dfe. Handgemachter spezieller BH-BH<\/p>\n","protected":false},"featured_media":209785,"comment_status":"open","ping_status":"closed","template":"","meta":[],"product_brand":[],"product_cat":[652,3064],"product_tag":[],"class_list":{"0":"post-209784","1":"product","2":"type-product","3":"status-publish","4":"has-post-thumbnail","6":"product_cat-erotik-markt-xxl","7":"product_cat-fesseln-bondage","8":"pa_binding-textilien","9":"pa_brand-bbohss","10":"pa_color-schwarz","11":"pa_size-einheitsgroesse","13":"first","14":"instock","15":"shipping-taxable","16":"purchasable","17":"product-type-simple","18":"customify-col","19":"product-has-gallery"},"yoast_head":"<!-- This site is optimized with the Yoast SEO plugin v27.4 - https:\/\/yoast.com\/product\/yoast-seo-wordpress\/ -->\n<title>BBOHSS Herren Leder Harness Punk Brustgurt Top Cage Brust Brust halb Geschirr Verstellbarer Brustgurt Club Halloween Kost\u00fcm Zubeh\u00f6r - Markt-XXL<\/title>\n<meta name=\"description\" content=\"Markt-XXL BBOHSS Herren Leder Harness Punk Brustgurt Top Cage Brust Brust halb Geschirr Verstellbarer Brustgurt Club Halloween Kost\u00fcm Zubeh\u00f6r\" \/>\n<meta name=\"robots\" content=\"index, follow, max-snippet:-1, max-image-preview:large, max-video-preview:-1\" \/>\n<link rel=\"canonical\" href=\"https:\/\/marktxxl.de\/markt\/produkt\/bbohss-herren-leder-harness-punk-brustgurt-top-cage-brust-brust-halb-geschirr-verstellbarer-brustgurt-club-halloween-kostuem-zubehoer\/\" \/>\n<meta property=\"og:locale\" content=\"de_DE\" \/>\n<meta property=\"og:type\" content=\"article\" \/>\n<meta property=\"og:title\" content=\"BBOHSS Herren Leder Harness Punk Brustgurt Top Cage Brust Brust halb Geschirr Verstellbarer Brustgurt Club Halloween Kost\u00fcm Zubeh\u00f6r - Markt-XXL\" \/>\n<meta property=\"og:description\" content=\"Markt-XXL BBOHSS Herren Leder Harness Punk Brustgurt Top Cage Brust Brust halb Geschirr Verstellbarer Brustgurt Club Halloween Kost\u00fcm Zubeh\u00f6r\" \/>\n<meta property=\"og:url\" content=\"https:\/\/marktxxl.de\/markt\/produkt\/bbohss-herren-leder-harness-punk-brustgurt-top-cage-brust-brust-halb-geschirr-verstellbarer-brustgurt-club-halloween-kostuem-zubehoer\/\" \/>\n<meta property=\"og:site_name\" content=\"Markt-XXL\" \/>\n<meta name=\"twitter:card\" content=\"summary_large_image\" \/>\n<meta name=\"twitter:label1\" content=\"Gesch\u00e4tzte Lesezeit\" \/>\n\t<meta name=\"twitter:data1\" content=\"1\u00a0Minute\" \/>\n<script type=\"application\/ld+json\" class=\"yoast-schema-graph\">{\"@context\":\"https:\\\/\\\/schema.org\",\"@graph\":[{\"@type\":\"WebPage\",\"@id\":\"https:\\\/\\\/marktxxl.de\\\/markt\\\/produkt\\\/bbohss-herren-leder-harness-punk-brustgurt-top-cage-brust-brust-halb-geschirr-verstellbarer-brustgurt-club-halloween-kostuem-zubehoer\\\/\",\"url\":\"https:\\\/\\\/marktxxl.de\\\/markt\\\/produkt\\\/bbohss-herren-leder-harness-punk-brustgurt-top-cage-brust-brust-halb-geschirr-verstellbarer-brustgurt-club-halloween-kostuem-zubehoer\\\/\",\"name\":\"BBOHSS Herren Leder Harness Punk Brustgurt Top Cage Brust Brust halb Geschirr Verstellbarer Brustgurt Club Halloween Kost\u00fcm Zubeh\u00f6r - Markt-XXL\",\"isPartOf\":{\"@id\":\"https:\\\/\\\/marktxxl.de\\\/markt\\\/#website\"},\"primaryImageOfPage\":{\"@id\":\"https:\\\/\\\/marktxxl.de\\\/markt\\\/produkt\\\/bbohss-herren-leder-harness-punk-brustgurt-top-cage-brust-brust-halb-geschirr-verstellbarer-brustgurt-club-halloween-kostuem-zubehoer\\\/#primaryimage\"},\"image\":{\"@id\":\"https:\\\/\\\/marktxxl.de\\\/markt\\\/produkt\\\/bbohss-herren-leder-harness-punk-brustgurt-top-cage-brust-brust-halb-geschirr-verstellbarer-brustgurt-club-halloween-kostuem-zubehoer\\\/#primaryimage\"},\"thumbnailUrl\":\"https:\\\/\\\/m.media-amazon.com\\\/images\\\/I\\\/312uhR4t-jL._SL500_.jpg\",\"datePublished\":\"2024-05-29T12:05:10+00:00\",\"description\":\"Markt-XXL BBOHSS Herren Leder Harness Punk Brustgurt Top Cage Brust Brust halb Geschirr Verstellbarer Brustgurt Club Halloween Kost\u00fcm Zubeh\u00f6r\",\"breadcrumb\":{\"@id\":\"https:\\\/\\\/marktxxl.de\\\/markt\\\/produkt\\\/bbohss-herren-leder-harness-punk-brustgurt-top-cage-brust-brust-halb-geschirr-verstellbarer-brustgurt-club-halloween-kostuem-zubehoer\\\/#breadcrumb\"},\"inLanguage\":\"de\",\"potentialAction\":[{\"@type\":\"ReadAction\",\"target\":[\"https:\\\/\\\/marktxxl.de\\\/markt\\\/produkt\\\/bbohss-herren-leder-harness-punk-brustgurt-top-cage-brust-brust-halb-geschirr-verstellbarer-brustgurt-club-halloween-kostuem-zubehoer\\\/\"]}]},{\"@type\":\"ImageObject\",\"inLanguage\":\"de\",\"@id\":\"https:\\\/\\\/marktxxl.de\\\/markt\\\/produkt\\\/bbohss-herren-leder-harness-punk-brustgurt-top-cage-brust-brust-halb-geschirr-verstellbarer-brustgurt-club-halloween-kostuem-zubehoer\\\/#primaryimage\",\"url\":\"https:\\\/\\\/m.media-amazon.com\\\/images\\\/I\\\/312uhR4t-jL._SL500_.jpg\",\"contentUrl\":\"https:\\\/\\\/m.media-amazon.com\\\/images\\\/I\\\/312uhR4t-jL._SL500_.jpg\",\"width\":500,\"height\":500},{\"@type\":\"BreadcrumbList\",\"@id\":\"https:\\\/\\\/marktxxl.de\\\/markt\\\/produkt\\\/bbohss-herren-leder-harness-punk-brustgurt-top-cage-brust-brust-halb-geschirr-verstellbarer-brustgurt-club-halloween-kostuem-zubehoer\\\/#breadcrumb\",\"itemListElement\":[{\"@type\":\"ListItem\",\"position\":1,\"name\":\"Startseite\",\"item\":\"https:\\\/\\\/marktxxl.de\\\/markt\\\/\"},{\"@type\":\"ListItem\",\"position\":2,\"name\":\"Markt\",\"item\":\"https:\\\/\\\/marktxxl.de\\\/markt\\\/\"},{\"@type\":\"ListItem\",\"position\":3,\"name\":\"BBOHSS Herren Leder Harness Punk Brustgurt Top Cage Brust Brust halb Geschirr Verstellbarer Brustgurt Club Halloween Kost\u00fcm Zubeh\u00f6r\"}]},{\"@type\":\"WebSite\",\"@id\":\"https:\\\/\\\/marktxxl.de\\\/markt\\\/#website\",\"url\":\"https:\\\/\\\/marktxxl.de\\\/markt\\\/\",\"name\":\"Markt-XXL\",\"description\":\"Ihr Markt Online\",\"publisher\":{\"@id\":\"https:\\\/\\\/marktxxl.de\\\/markt\\\/#organization\"},\"potentialAction\":[{\"@type\":\"SearchAction\",\"target\":{\"@type\":\"EntryPoint\",\"urlTemplate\":\"https:\\\/\\\/marktxxl.de\\\/markt\\\/?s={search_term_string}\"},\"query-input\":{\"@type\":\"PropertyValueSpecification\",\"valueRequired\":true,\"valueName\":\"search_term_string\"}}],\"inLanguage\":\"de\"},{\"@type\":\"Organization\",\"@id\":\"https:\\\/\\\/marktxxl.de\\\/markt\\\/#organization\",\"name\":\"Markt-XXL\",\"url\":\"https:\\\/\\\/marktxxl.de\\\/markt\\\/\",\"logo\":{\"@type\":\"ImageObject\",\"inLanguage\":\"de\",\"@id\":\"https:\\\/\\\/marktxxl.de\\\/markt\\\/#\\\/schema\\\/logo\\\/image\\\/\",\"url\":\"https:\\\/\\\/marktxxl.de\\\/markt\\\/wp-content\\\/uploads\\\/sites\\\/3\\\/2020\\\/12\\\/logo.png\",\"contentUrl\":\"https:\\\/\\\/marktxxl.de\\\/markt\\\/wp-content\\\/uploads\\\/sites\\\/3\\\/2020\\\/12\\\/logo.png\",\"width\":200,\"height\":70,\"caption\":\"Markt-XXL\"},\"image\":{\"@id\":\"https:\\\/\\\/marktxxl.de\\\/markt\\\/#\\\/schema\\\/logo\\\/image\\\/\"}}]}<\/script>\n<!-- \/ Yoast SEO plugin. -->","yoast_head_json":{"title":"BBOHSS Herren Leder Harness Punk Brustgurt Top Cage Brust Brust halb Geschirr Verstellbarer Brustgurt Club Halloween Kost\u00fcm Zubeh\u00f6r - Markt-XXL","description":"Markt-XXL BBOHSS Herren Leder Harness Punk Brustgurt Top Cage Brust Brust halb Geschirr Verstellbarer Brustgurt Club Halloween Kost\u00fcm Zubeh\u00f6r","robots":{"index":"index","follow":"follow","max-snippet":"max-snippet:-1","max-image-preview":"max-image-preview:large","max-video-preview":"max-video-preview:-1"},"canonical":"https:\/\/marktxxl.de\/markt\/produkt\/bbohss-herren-leder-harness-punk-brustgurt-top-cage-brust-brust-halb-geschirr-verstellbarer-brustgurt-club-halloween-kostuem-zubehoer\/","og_locale":"de_DE","og_type":"article","og_title":"BBOHSS Herren Leder Harness Punk Brustgurt Top Cage Brust Brust halb Geschirr Verstellbarer Brustgurt Club Halloween Kost\u00fcm Zubeh\u00f6r - Markt-XXL","og_description":"Markt-XXL BBOHSS Herren Leder Harness Punk Brustgurt Top Cage Brust Brust halb Geschirr Verstellbarer Brustgurt Club Halloween Kost\u00fcm Zubeh\u00f6r","og_url":"https:\/\/marktxxl.de\/markt\/produkt\/bbohss-herren-leder-harness-punk-brustgurt-top-cage-brust-brust-halb-geschirr-verstellbarer-brustgurt-club-halloween-kostuem-zubehoer\/","og_site_name":"Markt-XXL","twitter_card":"summary_large_image","twitter_misc":{"Gesch\u00e4tzte Lesezeit":"1\u00a0Minute"},"schema":{"@context":"https:\/\/schema.org","@graph":[{"@type":"WebPage","@id":"https:\/\/marktxxl.de\/markt\/produkt\/bbohss-herren-leder-harness-punk-brustgurt-top-cage-brust-brust-halb-geschirr-verstellbarer-brustgurt-club-halloween-kostuem-zubehoer\/","url":"https:\/\/marktxxl.de\/markt\/produkt\/bbohss-herren-leder-harness-punk-brustgurt-top-cage-brust-brust-halb-geschirr-verstellbarer-brustgurt-club-halloween-kostuem-zubehoer\/","name":"BBOHSS Herren Leder Harness Punk Brustgurt Top Cage Brust Brust halb Geschirr Verstellbarer Brustgurt Club Halloween Kost\u00fcm Zubeh\u00f6r - Markt-XXL","isPartOf":{"@id":"https:\/\/marktxxl.de\/markt\/#website"},"primaryImageOfPage":{"@id":"https:\/\/marktxxl.de\/markt\/produkt\/bbohss-herren-leder-harness-punk-brustgurt-top-cage-brust-brust-halb-geschirr-verstellbarer-brustgurt-club-halloween-kostuem-zubehoer\/#primaryimage"},"image":{"@id":"https:\/\/marktxxl.de\/markt\/produkt\/bbohss-herren-leder-harness-punk-brustgurt-top-cage-brust-brust-halb-geschirr-verstellbarer-brustgurt-club-halloween-kostuem-zubehoer\/#primaryimage"},"thumbnailUrl":"https:\/\/m.media-amazon.com\/images\/I\/312uhR4t-jL._SL500_.jpg","datePublished":"2024-05-29T12:05:10+00:00","description":"Markt-XXL BBOHSS Herren Leder Harness Punk Brustgurt Top Cage Brust Brust halb Geschirr Verstellbarer Brustgurt Club Halloween Kost\u00fcm Zubeh\u00f6r","breadcrumb":{"@id":"https:\/\/marktxxl.de\/markt\/produkt\/bbohss-herren-leder-harness-punk-brustgurt-top-cage-brust-brust-halb-geschirr-verstellbarer-brustgurt-club-halloween-kostuem-zubehoer\/#breadcrumb"},"inLanguage":"de","potentialAction":[{"@type":"ReadAction","target":["https:\/\/marktxxl.de\/markt\/produkt\/bbohss-herren-leder-harness-punk-brustgurt-top-cage-brust-brust-halb-geschirr-verstellbarer-brustgurt-club-halloween-kostuem-zubehoer\/"]}]},{"@type":"ImageObject","inLanguage":"de","@id":"https:\/\/marktxxl.de\/markt\/produkt\/bbohss-herren-leder-harness-punk-brustgurt-top-cage-brust-brust-halb-geschirr-verstellbarer-brustgurt-club-halloween-kostuem-zubehoer\/#primaryimage","url":"https:\/\/m.media-amazon.com\/images\/I\/312uhR4t-jL._SL500_.jpg","contentUrl":"https:\/\/m.media-amazon.com\/images\/I\/312uhR4t-jL._SL500_.jpg","width":500,"height":500},{"@type":"BreadcrumbList","@id":"https:\/\/marktxxl.de\/markt\/produkt\/bbohss-herren-leder-harness-punk-brustgurt-top-cage-brust-brust-halb-geschirr-verstellbarer-brustgurt-club-halloween-kostuem-zubehoer\/#breadcrumb","itemListElement":[{"@type":"ListItem","position":1,"name":"Startseite","item":"https:\/\/marktxxl.de\/markt\/"},{"@type":"ListItem","position":2,"name":"Markt","item":"https:\/\/marktxxl.de\/markt\/"},{"@type":"ListItem","position":3,"name":"BBOHSS Herren Leder Harness Punk Brustgurt Top Cage Brust Brust halb Geschirr Verstellbarer Brustgurt Club Halloween Kost\u00fcm Zubeh\u00f6r"}]},{"@type":"WebSite","@id":"https:\/\/marktxxl.de\/markt\/#website","url":"https:\/\/marktxxl.de\/markt\/","name":"Markt-XXL","description":"Ihr Markt Online","publisher":{"@id":"https:\/\/marktxxl.de\/markt\/#organization"},"potentialAction":[{"@type":"SearchAction","target":{"@type":"EntryPoint","urlTemplate":"https:\/\/marktxxl.de\/markt\/?s={search_term_string}"},"query-input":{"@type":"PropertyValueSpecification","valueRequired":true,"valueName":"search_term_string"}}],"inLanguage":"de"},{"@type":"Organization","@id":"https:\/\/marktxxl.de\/markt\/#organization","name":"Markt-XXL","url":"https:\/\/marktxxl.de\/markt\/","logo":{"@type":"ImageObject","inLanguage":"de","@id":"https:\/\/marktxxl.de\/markt\/#\/schema\/logo\/image\/","url":"https:\/\/marktxxl.de\/markt\/wp-content\/uploads\/sites\/3\/2020\/12\/logo.png","contentUrl":"https:\/\/marktxxl.de\/markt\/wp-content\/uploads\/sites\/3\/2020\/12\/logo.png","width":200,"height":70,"caption":"Markt-XXL"},"image":{"@id":"https:\/\/marktxxl.de\/markt\/#\/schema\/logo\/image\/"}}]}},"_links":{"self":[{"href":"https:\/\/marktxxl.de\/markt\/wp-json\/wp\/v2\/product\/209784","targetHints":{"allow":["GET"]}}],"collection":[{"href":"https:\/\/marktxxl.de\/markt\/wp-json\/wp\/v2\/product"}],"about":[{"href":"https:\/\/marktxxl.de\/markt\/wp-json\/wp\/v2\/types\/product"}],"replies":[{"embeddable":true,"href":"https:\/\/marktxxl.de\/markt\/wp-json\/wp\/v2\/comments?post=209784"}],"wp:featuredmedia":[{"embeddable":true,"href":"https:\/\/marktxxl.de\/markt\/wp-json\/wp\/v2\/media\/209785"}],"wp:attachment":[{"href":"https:\/\/marktxxl.de\/markt\/wp-json\/wp\/v2\/media?parent=209784"}],"wp:term":[{"taxonomy":"product_brand","embeddable":true,"href":"https:\/\/marktxxl.de\/markt\/wp-json\/wp\/v2\/product_brand?post=209784"},{"taxonomy":"product_cat","embeddable":true,"href":"https:\/\/marktxxl.de\/markt\/wp-json\/wp\/v2\/product_cat?post=209784"},{"taxonomy":"product_tag","embeddable":true,"href":"https:\/\/marktxxl.de\/markt\/wp-json\/wp\/v2\/product_tag?post=209784"}],"curies":[{"name":"wp","href":"https:\/\/api.w.org\/{rel}","templated":true}]}}