{"id":209722,"date":"2024-05-29T14:03:31","date_gmt":"2024-05-29T12:03:31","guid":{"rendered":"https:\/\/marktxxl.de\/markt\/produkt\/premium-kombi-box-56st-wochenbett-binden-11x36cm-grosse-einlagen-plus-4stk-woechnerinnen-panties-zur-fixierung-von-hygiene-vorlagen-nach-der-geburt-xxl\/"},"modified":"2024-05-29T14:03:31","modified_gmt":"2024-05-29T12:03:31","slug":"premium-kombi-box-56st-wochenbett-binden-11x36cm-grosse-einlagen-plus-4stk-woechnerinnen-panties-zur-fixierung-von-hygiene-vorlagen-nach-der-geburt-xxl","status":"publish","type":"product","link":"https:\/\/marktxxl.de\/markt\/produkt\/premium-kombi-box-56st-wochenbett-binden-11x36cm-grosse-einlagen-plus-4stk-woechnerinnen-panties-zur-fixierung-von-hygiene-vorlagen-nach-der-geburt-xxl\/","title":{"rendered":"Premium Kombi Box: 56St. Wochenbett Binden ~11x36cm gro\u00dfe Einlagen PLUS 4Stk. W\u00f6chnerinnen Panties zur Fixierung von Hygiene Vorlagen nach der Geburt (XXL)"},"content":{"rendered":"<p>\u2705 2&#215;28 gro\u00dfe Wochenbettbinden (11x36cm) aus weichen, saugstarken Zellstoff-Flocken. Wochenbetteinlagen mit maximierter Saugleistung (ca. 500ml) und OHNE Folie.<br \/>\n\u2705 Ger\u00e4uschlos bei Bewegungen: W\u00f6chnerinnenbinden ohne Folie. Super-softe Oberfl\u00e4che.<br \/>\n\u2705 Inkl. 4St. Wochenbett Panties mit angeschnittenem Bein, auch in gro\u00dfen Gr\u00f6\u00dfen erh\u00e4ltlich! Keine Einheits-Gr\u00f6\u00dfe! Verbesserte Version der \u00fcblichen Krankenhaus Einweg-Slips: dehnbarer als die meisten Damen-Schl\u00fcpfer aus reiner Baumwolle. Material: 95% Polyester, 4% Elastan, 1% Polyamid<br \/>\n\u2705 Diese W\u00f6chnerinnen Pagen Slips bieten sicheren, bequemen Sitz von Damenbinden, Binden, Einlagen und Vorlagen f\u00fcr das Wochenbett. Hohe Dehnbarkeit und Formstabilit\u00e4t der H\u00f6schen, dank feinen Polyamidf\u00e4den. Ideal f\u00fcr auch f\u00fcr gro\u00dfe Einlagen &amp; Binden wie aus dem Krankenhaus.<br \/>\n\u2705 Geburts- Wunden k\u00f6nnen atmen, sehr wichtig z.B. bei Kaiserschnitt, Dammschnitt oder Dammriss. Die luftige Struktur des Slips sorgt f\u00fcr gutes Hautklima.<br \/>\n<div class=\"main-cross-sell\" data-asin=\"B07DLJNDRH\">\n\n\t<div class=\"WooZone-cross-sell-loader\">\n\t\t<div>\n\t\t\t<div id=\"floatingBarsG\">\n\t\t\t\t<div class=\"blockG\" id=\"rotateG_01\"><\/div>\n\t\t\t\t<div class=\"blockG\" id=\"rotateG_02\"><\/div>\n\t\t\t\t<div class=\"blockG\" id=\"rotateG_03\"><\/div>\n\t\t\t\t<div class=\"blockG\" id=\"rotateG_04\"><\/div>\n\t\t\t\t<div class=\"blockG\" id=\"rotateG_05\"><\/div>\n\t\t\t\t<div class=\"blockG\" id=\"rotateG_06\"><\/div>\n\t\t\t\t<div class=\"blockG\" id=\"rotateG_07\"><\/div>\n\t\t\t\t<div class=\"blockG\" id=\"rotateG_08\"><\/div>\n\t\t\t<\/div>\n\t\t\t<div class=\"WooZone-cross-sell-loader-text\"><\/div>\n\t\t<\/div>\n\t<\/div>\n\n\t\t\n<\/div>\n<div style=\"clear:both;\"><\/div><\/p>\n","protected":false},"excerpt":{"rendered":"<p>\u2705 2&#215;28 gro\u00dfe Wochenbettbinden (11x36cm) aus weichen, saugstarken Zellstoff-Flocken. Wochenbetteinlagen mit maximierter Saugleistung (ca. 500ml) und OHNE Folie.<br \/>\n\u2705 Ger\u00e4uschlos bei Bewegungen: W\u00f6chnerinnenbinden ohne Folie. Super-softe Oberfl\u00e4che.<br \/>\n\u2705 Inkl. 4St. Wochenbett Panties mit angeschnittenem Bein, auch in gro\u00dfen Gr\u00f6\u00dfen erh\u00e4ltlich! Keine Einheits-Gr\u00f6\u00dfe! Verbesserte Version der \u00fcblichen Krankenhaus Einweg-Slips: dehnbarer als die meisten Damen-Schl\u00fcpfer aus reiner Baumwolle. Material: 95% Polyester, 4% Elastan, 1% Polyamid<\/p>\n","protected":false},"featured_media":209723,"comment_status":"open","ping_status":"closed","template":"","meta":[],"product_brand":[],"product_cat":[566,6291],"product_tag":[],"class_list":{"0":"post-209722","1":"product","2":"type-product","3":"status-publish","4":"has-post-thumbnail","6":"product_cat-drogerie-koerperpflege","7":"product_cat-schwangerschaft","8":"pa_binding-badartikel","9":"pa_brand-butzeleservice-de","10":"pa_manufacturer-butzeleservice-de","11":"pa_size-1-stueck-1er-pack","13":"first","14":"instock","15":"shipping-taxable","16":"purchasable","17":"product-type-simple","18":"customify-col","19":"product-has-gallery"},"yoast_head":"<!-- This site is optimized with the Yoast SEO plugin v27.3 - https:\/\/yoast.com\/product\/yoast-seo-wordpress\/ -->\n<title>Premium Kombi Box: 56St. Wochenbett Binden ~11x36cm gro\u00dfe Einlagen PLUS 4Stk. W\u00f6chnerinnen Panties zur Fixierung von Hygiene Vorlagen nach der Geburt (XXL) - Markt-XXL<\/title>\n<meta name=\"description\" content=\"Markt-XXL Premium Kombi Box: 56St. Wochenbett Binden ~11x36cm gro\u00dfe Einlagen PLUS 4Stk. W\u00f6chnerinnen Panties zur Fixierung von Hygiene Vorlagen nach der Geburt (XXL)\" \/>\n<meta name=\"robots\" content=\"index, follow, max-snippet:-1, max-image-preview:large, max-video-preview:-1\" \/>\n<link rel=\"canonical\" href=\"https:\/\/marktxxl.de\/markt\/produkt\/premium-kombi-box-56st-wochenbett-binden-11x36cm-grosse-einlagen-plus-4stk-woechnerinnen-panties-zur-fixierung-von-hygiene-vorlagen-nach-der-geburt-xxl\/\" \/>\n<meta property=\"og:locale\" content=\"de_DE\" \/>\n<meta property=\"og:type\" content=\"article\" \/>\n<meta property=\"og:title\" content=\"Premium Kombi Box: 56St. Wochenbett Binden ~11x36cm gro\u00dfe Einlagen PLUS 4Stk. W\u00f6chnerinnen Panties zur Fixierung von Hygiene Vorlagen nach der Geburt (XXL) - Markt-XXL\" \/>\n<meta property=\"og:description\" content=\"Markt-XXL Premium Kombi Box: 56St. Wochenbett Binden ~11x36cm gro\u00dfe Einlagen PLUS 4Stk. W\u00f6chnerinnen Panties zur Fixierung von Hygiene Vorlagen nach der Geburt (XXL)\" \/>\n<meta property=\"og:url\" content=\"https:\/\/marktxxl.de\/markt\/produkt\/premium-kombi-box-56st-wochenbett-binden-11x36cm-grosse-einlagen-plus-4stk-woechnerinnen-panties-zur-fixierung-von-hygiene-vorlagen-nach-der-geburt-xxl\/\" \/>\n<meta property=\"og:site_name\" content=\"Markt-XXL\" \/>\n<meta name=\"twitter:card\" content=\"summary_large_image\" \/>\n<meta name=\"twitter:label1\" content=\"Gesch\u00e4tzte Lesezeit\" \/>\n\t<meta name=\"twitter:data1\" content=\"1\u00a0Minute\" \/>\n<script type=\"application\/ld+json\" class=\"yoast-schema-graph\">{\"@context\":\"https:\\\/\\\/schema.org\",\"@graph\":[{\"@type\":\"WebPage\",\"@id\":\"https:\\\/\\\/marktxxl.de\\\/markt\\\/produkt\\\/premium-kombi-box-56st-wochenbett-binden-11x36cm-grosse-einlagen-plus-4stk-woechnerinnen-panties-zur-fixierung-von-hygiene-vorlagen-nach-der-geburt-xxl\\\/\",\"url\":\"https:\\\/\\\/marktxxl.de\\\/markt\\\/produkt\\\/premium-kombi-box-56st-wochenbett-binden-11x36cm-grosse-einlagen-plus-4stk-woechnerinnen-panties-zur-fixierung-von-hygiene-vorlagen-nach-der-geburt-xxl\\\/\",\"name\":\"Premium Kombi Box: 56St. Wochenbett Binden ~11x36cm gro\u00dfe Einlagen PLUS 4Stk. W\u00f6chnerinnen Panties zur Fixierung von Hygiene Vorlagen nach der Geburt (XXL) - Markt-XXL\",\"isPartOf\":{\"@id\":\"https:\\\/\\\/marktxxl.de\\\/markt\\\/#website\"},\"primaryImageOfPage\":{\"@id\":\"https:\\\/\\\/marktxxl.de\\\/markt\\\/produkt\\\/premium-kombi-box-56st-wochenbett-binden-11x36cm-grosse-einlagen-plus-4stk-woechnerinnen-panties-zur-fixierung-von-hygiene-vorlagen-nach-der-geburt-xxl\\\/#primaryimage\"},\"image\":{\"@id\":\"https:\\\/\\\/marktxxl.de\\\/markt\\\/produkt\\\/premium-kombi-box-56st-wochenbett-binden-11x36cm-grosse-einlagen-plus-4stk-woechnerinnen-panties-zur-fixierung-von-hygiene-vorlagen-nach-der-geburt-xxl\\\/#primaryimage\"},\"thumbnailUrl\":\"https:\\\/\\\/m.media-amazon.com\\\/images\\\/I\\\/41rNckixEYL._SL500_.jpg\",\"datePublished\":\"2024-05-29T12:03:31+00:00\",\"description\":\"Markt-XXL Premium Kombi Box: 56St. Wochenbett Binden ~11x36cm gro\u00dfe Einlagen PLUS 4Stk. W\u00f6chnerinnen Panties zur Fixierung von Hygiene Vorlagen nach der Geburt (XXL)\",\"breadcrumb\":{\"@id\":\"https:\\\/\\\/marktxxl.de\\\/markt\\\/produkt\\\/premium-kombi-box-56st-wochenbett-binden-11x36cm-grosse-einlagen-plus-4stk-woechnerinnen-panties-zur-fixierung-von-hygiene-vorlagen-nach-der-geburt-xxl\\\/#breadcrumb\"},\"inLanguage\":\"de\",\"potentialAction\":[{\"@type\":\"ReadAction\",\"target\":[\"https:\\\/\\\/marktxxl.de\\\/markt\\\/produkt\\\/premium-kombi-box-56st-wochenbett-binden-11x36cm-grosse-einlagen-plus-4stk-woechnerinnen-panties-zur-fixierung-von-hygiene-vorlagen-nach-der-geburt-xxl\\\/\"]}]},{\"@type\":\"ImageObject\",\"inLanguage\":\"de\",\"@id\":\"https:\\\/\\\/marktxxl.de\\\/markt\\\/produkt\\\/premium-kombi-box-56st-wochenbett-binden-11x36cm-grosse-einlagen-plus-4stk-woechnerinnen-panties-zur-fixierung-von-hygiene-vorlagen-nach-der-geburt-xxl\\\/#primaryimage\",\"url\":\"https:\\\/\\\/m.media-amazon.com\\\/images\\\/I\\\/41rNckixEYL._SL500_.jpg\",\"contentUrl\":\"https:\\\/\\\/m.media-amazon.com\\\/images\\\/I\\\/41rNckixEYL._SL500_.jpg\",\"width\":500,\"height\":446},{\"@type\":\"BreadcrumbList\",\"@id\":\"https:\\\/\\\/marktxxl.de\\\/markt\\\/produkt\\\/premium-kombi-box-56st-wochenbett-binden-11x36cm-grosse-einlagen-plus-4stk-woechnerinnen-panties-zur-fixierung-von-hygiene-vorlagen-nach-der-geburt-xxl\\\/#breadcrumb\",\"itemListElement\":[{\"@type\":\"ListItem\",\"position\":1,\"name\":\"Startseite\",\"item\":\"https:\\\/\\\/marktxxl.de\\\/markt\\\/\"},{\"@type\":\"ListItem\",\"position\":2,\"name\":\"Markt\",\"item\":\"https:\\\/\\\/marktxxl.de\\\/markt\\\/\"},{\"@type\":\"ListItem\",\"position\":3,\"name\":\"Premium Kombi Box: 56St. Wochenbett Binden ~11x36cm gro\u00dfe Einlagen PLUS 4Stk. W\u00f6chnerinnen Panties zur Fixierung von Hygiene Vorlagen nach der Geburt (XXL)\"}]},{\"@type\":\"WebSite\",\"@id\":\"https:\\\/\\\/marktxxl.de\\\/markt\\\/#website\",\"url\":\"https:\\\/\\\/marktxxl.de\\\/markt\\\/\",\"name\":\"Markt-XXL\",\"description\":\"Ihr Markt Online\",\"publisher\":{\"@id\":\"https:\\\/\\\/marktxxl.de\\\/markt\\\/#organization\"},\"potentialAction\":[{\"@type\":\"SearchAction\",\"target\":{\"@type\":\"EntryPoint\",\"urlTemplate\":\"https:\\\/\\\/marktxxl.de\\\/markt\\\/?s={search_term_string}\"},\"query-input\":{\"@type\":\"PropertyValueSpecification\",\"valueRequired\":true,\"valueName\":\"search_term_string\"}}],\"inLanguage\":\"de\"},{\"@type\":\"Organization\",\"@id\":\"https:\\\/\\\/marktxxl.de\\\/markt\\\/#organization\",\"name\":\"Markt-XXL\",\"url\":\"https:\\\/\\\/marktxxl.de\\\/markt\\\/\",\"logo\":{\"@type\":\"ImageObject\",\"inLanguage\":\"de\",\"@id\":\"https:\\\/\\\/marktxxl.de\\\/markt\\\/#\\\/schema\\\/logo\\\/image\\\/\",\"url\":\"https:\\\/\\\/marktxxl.de\\\/markt\\\/wp-content\\\/uploads\\\/sites\\\/3\\\/2020\\\/12\\\/logo.png\",\"contentUrl\":\"https:\\\/\\\/marktxxl.de\\\/markt\\\/wp-content\\\/uploads\\\/sites\\\/3\\\/2020\\\/12\\\/logo.png\",\"width\":200,\"height\":70,\"caption\":\"Markt-XXL\"},\"image\":{\"@id\":\"https:\\\/\\\/marktxxl.de\\\/markt\\\/#\\\/schema\\\/logo\\\/image\\\/\"}}]}<\/script>\n<!-- \/ Yoast SEO plugin. -->","yoast_head_json":{"title":"Premium Kombi Box: 56St. Wochenbett Binden ~11x36cm gro\u00dfe Einlagen PLUS 4Stk. W\u00f6chnerinnen Panties zur Fixierung von Hygiene Vorlagen nach der Geburt (XXL) - Markt-XXL","description":"Markt-XXL Premium Kombi Box: 56St. Wochenbett Binden ~11x36cm gro\u00dfe Einlagen PLUS 4Stk. W\u00f6chnerinnen Panties zur Fixierung von Hygiene Vorlagen nach der Geburt (XXL)","robots":{"index":"index","follow":"follow","max-snippet":"max-snippet:-1","max-image-preview":"max-image-preview:large","max-video-preview":"max-video-preview:-1"},"canonical":"https:\/\/marktxxl.de\/markt\/produkt\/premium-kombi-box-56st-wochenbett-binden-11x36cm-grosse-einlagen-plus-4stk-woechnerinnen-panties-zur-fixierung-von-hygiene-vorlagen-nach-der-geburt-xxl\/","og_locale":"de_DE","og_type":"article","og_title":"Premium Kombi Box: 56St. Wochenbett Binden ~11x36cm gro\u00dfe Einlagen PLUS 4Stk. W\u00f6chnerinnen Panties zur Fixierung von Hygiene Vorlagen nach der Geburt (XXL) - Markt-XXL","og_description":"Markt-XXL Premium Kombi Box: 56St. Wochenbett Binden ~11x36cm gro\u00dfe Einlagen PLUS 4Stk. W\u00f6chnerinnen Panties zur Fixierung von Hygiene Vorlagen nach der Geburt (XXL)","og_url":"https:\/\/marktxxl.de\/markt\/produkt\/premium-kombi-box-56st-wochenbett-binden-11x36cm-grosse-einlagen-plus-4stk-woechnerinnen-panties-zur-fixierung-von-hygiene-vorlagen-nach-der-geburt-xxl\/","og_site_name":"Markt-XXL","twitter_card":"summary_large_image","twitter_misc":{"Gesch\u00e4tzte Lesezeit":"1\u00a0Minute"},"schema":{"@context":"https:\/\/schema.org","@graph":[{"@type":"WebPage","@id":"https:\/\/marktxxl.de\/markt\/produkt\/premium-kombi-box-56st-wochenbett-binden-11x36cm-grosse-einlagen-plus-4stk-woechnerinnen-panties-zur-fixierung-von-hygiene-vorlagen-nach-der-geburt-xxl\/","url":"https:\/\/marktxxl.de\/markt\/produkt\/premium-kombi-box-56st-wochenbett-binden-11x36cm-grosse-einlagen-plus-4stk-woechnerinnen-panties-zur-fixierung-von-hygiene-vorlagen-nach-der-geburt-xxl\/","name":"Premium Kombi Box: 56St. Wochenbett Binden ~11x36cm gro\u00dfe Einlagen PLUS 4Stk. W\u00f6chnerinnen Panties zur Fixierung von Hygiene Vorlagen nach der Geburt (XXL) - Markt-XXL","isPartOf":{"@id":"https:\/\/marktxxl.de\/markt\/#website"},"primaryImageOfPage":{"@id":"https:\/\/marktxxl.de\/markt\/produkt\/premium-kombi-box-56st-wochenbett-binden-11x36cm-grosse-einlagen-plus-4stk-woechnerinnen-panties-zur-fixierung-von-hygiene-vorlagen-nach-der-geburt-xxl\/#primaryimage"},"image":{"@id":"https:\/\/marktxxl.de\/markt\/produkt\/premium-kombi-box-56st-wochenbett-binden-11x36cm-grosse-einlagen-plus-4stk-woechnerinnen-panties-zur-fixierung-von-hygiene-vorlagen-nach-der-geburt-xxl\/#primaryimage"},"thumbnailUrl":"https:\/\/m.media-amazon.com\/images\/I\/41rNckixEYL._SL500_.jpg","datePublished":"2024-05-29T12:03:31+00:00","description":"Markt-XXL Premium Kombi Box: 56St. Wochenbett Binden ~11x36cm gro\u00dfe Einlagen PLUS 4Stk. W\u00f6chnerinnen Panties zur Fixierung von Hygiene Vorlagen nach der Geburt (XXL)","breadcrumb":{"@id":"https:\/\/marktxxl.de\/markt\/produkt\/premium-kombi-box-56st-wochenbett-binden-11x36cm-grosse-einlagen-plus-4stk-woechnerinnen-panties-zur-fixierung-von-hygiene-vorlagen-nach-der-geburt-xxl\/#breadcrumb"},"inLanguage":"de","potentialAction":[{"@type":"ReadAction","target":["https:\/\/marktxxl.de\/markt\/produkt\/premium-kombi-box-56st-wochenbett-binden-11x36cm-grosse-einlagen-plus-4stk-woechnerinnen-panties-zur-fixierung-von-hygiene-vorlagen-nach-der-geburt-xxl\/"]}]},{"@type":"ImageObject","inLanguage":"de","@id":"https:\/\/marktxxl.de\/markt\/produkt\/premium-kombi-box-56st-wochenbett-binden-11x36cm-grosse-einlagen-plus-4stk-woechnerinnen-panties-zur-fixierung-von-hygiene-vorlagen-nach-der-geburt-xxl\/#primaryimage","url":"https:\/\/m.media-amazon.com\/images\/I\/41rNckixEYL._SL500_.jpg","contentUrl":"https:\/\/m.media-amazon.com\/images\/I\/41rNckixEYL._SL500_.jpg","width":500,"height":446},{"@type":"BreadcrumbList","@id":"https:\/\/marktxxl.de\/markt\/produkt\/premium-kombi-box-56st-wochenbett-binden-11x36cm-grosse-einlagen-plus-4stk-woechnerinnen-panties-zur-fixierung-von-hygiene-vorlagen-nach-der-geburt-xxl\/#breadcrumb","itemListElement":[{"@type":"ListItem","position":1,"name":"Startseite","item":"https:\/\/marktxxl.de\/markt\/"},{"@type":"ListItem","position":2,"name":"Markt","item":"https:\/\/marktxxl.de\/markt\/"},{"@type":"ListItem","position":3,"name":"Premium Kombi Box: 56St. Wochenbett Binden ~11x36cm gro\u00dfe Einlagen PLUS 4Stk. W\u00f6chnerinnen Panties zur Fixierung von Hygiene Vorlagen nach der Geburt (XXL)"}]},{"@type":"WebSite","@id":"https:\/\/marktxxl.de\/markt\/#website","url":"https:\/\/marktxxl.de\/markt\/","name":"Markt-XXL","description":"Ihr Markt Online","publisher":{"@id":"https:\/\/marktxxl.de\/markt\/#organization"},"potentialAction":[{"@type":"SearchAction","target":{"@type":"EntryPoint","urlTemplate":"https:\/\/marktxxl.de\/markt\/?s={search_term_string}"},"query-input":{"@type":"PropertyValueSpecification","valueRequired":true,"valueName":"search_term_string"}}],"inLanguage":"de"},{"@type":"Organization","@id":"https:\/\/marktxxl.de\/markt\/#organization","name":"Markt-XXL","url":"https:\/\/marktxxl.de\/markt\/","logo":{"@type":"ImageObject","inLanguage":"de","@id":"https:\/\/marktxxl.de\/markt\/#\/schema\/logo\/image\/","url":"https:\/\/marktxxl.de\/markt\/wp-content\/uploads\/sites\/3\/2020\/12\/logo.png","contentUrl":"https:\/\/marktxxl.de\/markt\/wp-content\/uploads\/sites\/3\/2020\/12\/logo.png","width":200,"height":70,"caption":"Markt-XXL"},"image":{"@id":"https:\/\/marktxxl.de\/markt\/#\/schema\/logo\/image\/"}}]}},"_links":{"self":[{"href":"https:\/\/marktxxl.de\/markt\/wp-json\/wp\/v2\/product\/209722","targetHints":{"allow":["GET"]}}],"collection":[{"href":"https:\/\/marktxxl.de\/markt\/wp-json\/wp\/v2\/product"}],"about":[{"href":"https:\/\/marktxxl.de\/markt\/wp-json\/wp\/v2\/types\/product"}],"replies":[{"embeddable":true,"href":"https:\/\/marktxxl.de\/markt\/wp-json\/wp\/v2\/comments?post=209722"}],"wp:featuredmedia":[{"embeddable":true,"href":"https:\/\/marktxxl.de\/markt\/wp-json\/wp\/v2\/media\/209723"}],"wp:attachment":[{"href":"https:\/\/marktxxl.de\/markt\/wp-json\/wp\/v2\/media?parent=209722"}],"wp:term":[{"taxonomy":"product_brand","embeddable":true,"href":"https:\/\/marktxxl.de\/markt\/wp-json\/wp\/v2\/product_brand?post=209722"},{"taxonomy":"product_cat","embeddable":true,"href":"https:\/\/marktxxl.de\/markt\/wp-json\/wp\/v2\/product_cat?post=209722"},{"taxonomy":"product_tag","embeddable":true,"href":"https:\/\/marktxxl.de\/markt\/wp-json\/wp\/v2\/product_tag?post=209722"}],"curies":[{"name":"wp","href":"https:\/\/api.w.org\/{rel}","templated":true}]}}