{"id":209564,"date":"2024-05-29T13:55:54","date_gmt":"2024-05-29T11:55:54","guid":{"rendered":"https:\/\/marktxxl.de\/markt\/produkt\/aifusi-etikettenband-kompatibel-mit-brother-p-touch-etikettenband-tze-231-tz-231-standard-laminatband-fuer-pt-d200-pt-d210-pt-h110-pt-d600-etikettenhersteller-12-mm-x-8-m-schwarz-auf-weiss-4er-pac\/"},"modified":"2024-05-29T13:55:54","modified_gmt":"2024-05-29T11:55:54","slug":"aifusi-etikettenband-kompatibel-mit-brother-p-touch-etikettenband-tze-231-tz-231-standard-laminatband-fuer-pt-d200-pt-d210-pt-h110-pt-d600-etikettenhersteller-12-mm-x-8-m-schwarz-auf-weiss-4er-pac","status":"publish","type":"product","link":"https:\/\/marktxxl.de\/markt\/produkt\/aifusi-etikettenband-kompatibel-mit-brother-p-touch-etikettenband-tze-231-tz-231-standard-laminatband-fuer-pt-d200-pt-d210-pt-h110-pt-d600-etikettenhersteller-12-mm-x-8-m-schwarz-auf-weiss-4er-pac\/","title":{"rendered":"AIFUSI Etikettenband kompatibel mit Brother P Touch Etikettenband TZe-231 TZ-231 Standard Laminatband f\u00fcr PT-D200 PT-D210 PT-H110 PT-D600 Etikettenhersteller &#8211; 12 mm x 8 m, Schwarz auf Wei\u00df, 4er-Pack"},"content":{"rendered":"<p>Farbe und Gr\u00f6\u00dfe: TapeTze Alternative ist f\u00fcr den Innen- und Au\u00dfenbereich geeignet (einschlie\u00dflich hei\u00dfer und kalter Umgebungen), langlebig und wasserdicht. Schwarz auf Wei\u00df Jede Rolle ist 12 mm breit x 8 m lang.<br \/>\nProduktmerkmale Das Etikettenband ist laminiert, langlebig, schmutzabweisend, temperaturbest\u00e4ndig, wasserdicht und \u00f6lbest\u00e4ndig, lichtbest\u00e4ndig, abriebfest und vor Wasser, Chemikalien, UV-Strahlen und hohen Temperaturen gesch\u00fctzt.<br \/>\nBreite Anwendung Ze-231 Etikettenband kann zum Beschriften von Dateien, Ordnern, B\u00fcchern, Schr\u00e4nken, Accessoires usw. verwendet werden, geeignet f\u00fcr viele Arbeitspl\u00e4tze wie B\u00fcros, H\u00e4user, Labors, Banken, Schulen, Gesch\u00e4fte, Krankenh\u00e4user usw. Hotels usw<br \/>\nKompatibler P-touch Labeler Teil 1: PT-H110,PT-D210,GL-100,PT-1000,PT-1000BM,PT-1010,PT-1010B,PT-1010NB,PT-1010R,PT-1010RDT,PT-1010S,PT-1090,PT-1090BK,PT-1090BK,PT-1090BK,PT-1090BK,PT-1090BK,PT-1090BK,PT-1090BK,PT-1090BK,PT-1100 PT-1100QL,PT1100SB,PT-1100SBVP,PT-1100ST,PT-1120,PT-1130,PT-1160,PT-1170,PT-1170S,PT -1180,PT-1180SC,PT-1180SP,PT-1190,PT-11Q,PT-1200 PT-1230PC,PT-1280,PT-1280BT,PT-1280SP,PT-1280SR,PT-1280TG,PT-1280VP ,PT-128AF,PT-1290,PT-1290BT,PT-1290BT2,PT-1290RS,PT-1290SBVP,PT-1290SBVP 300, PT- 1400,PT-1500,PT-1500PC,PT-1600,PT-1700,PT -1750,PT-1750SC<br \/>\nKompatibler P-touch Labeler Teil 2: PT-1800, PT-1810, PT-1830, PT-1830C, PT-1830SC,PT-1830VP,PT-1880,PT-1880C,PT-1880SC,PT-1880W,PT-1890C,PT-1890SC,PT-1890W. , PT-18R ,PT-18RKT,PT-1900,PT-1900C,PT-1910,PT-1950,PT-1960,PT-200,PT-2030,PT-2030AD ,PT-2030VP ,PT-2100,PT-2110,PT-2200,PT-2210,PT-2300,PT-2300PT-,PT-210,PT-2300PT 2310, PT-2400,PT-2410,PT-2430PC,PT-2470,PT-2500PC,PT-2600,PT-2610,PT-2700,PT-2710,PT-2730,PT-2730VP,PT-300,PT-300B,PT-310,PT-310B,PT-322. 0,PT-33 0,PT-340,PT-350,PT-3600,PT-4000,PT-520,PT-530,PT-540,etc.<br \/>\n<div class=\"main-cross-sell\" data-asin=\"B0CHVP77JH\">\n\n\t<div class=\"WooZone-cross-sell-loader\">\n\t\t<div>\n\t\t\t<div id=\"floatingBarsG\">\n\t\t\t\t<div class=\"blockG\" id=\"rotateG_01\"><\/div>\n\t\t\t\t<div class=\"blockG\" id=\"rotateG_02\"><\/div>\n\t\t\t\t<div class=\"blockG\" id=\"rotateG_03\"><\/div>\n\t\t\t\t<div class=\"blockG\" id=\"rotateG_04\"><\/div>\n\t\t\t\t<div class=\"blockG\" id=\"rotateG_05\"><\/div>\n\t\t\t\t<div class=\"blockG\" id=\"rotateG_06\"><\/div>\n\t\t\t\t<div class=\"blockG\" id=\"rotateG_07\"><\/div>\n\t\t\t\t<div class=\"blockG\" id=\"rotateG_08\"><\/div>\n\t\t\t<\/div>\n\t\t\t<div class=\"WooZone-cross-sell-loader-text\"><\/div>\n\t\t<\/div>\n\t<\/div>\n\n\t\t\n<\/div>\n<div style=\"clear:both;\"><\/div><\/p>\n","protected":false},"excerpt":{"rendered":"<p>Farbe und Gr\u00f6\u00dfe: TapeTze Alternative ist f\u00fcr den Innen- und Au\u00dfenbereich geeignet (einschlie\u00dflich hei\u00dfer und kalter Umgebungen), langlebig und wasserdicht. Schwarz auf Wei\u00df Jede Rolle ist 12 mm breit x 8 m lang.<br \/>\nProduktmerkmale Das Etikettenband ist laminiert, langlebig, schmutzabweisend, temperaturbest\u00e4ndig, wasserdicht und \u00f6lbest\u00e4ndig, lichtbest\u00e4ndig, abriebfest und vor Wasser, Chemikalien, UV-Strahlen und hohen Temperaturen gesch\u00fctzt.<br \/>\nBreite Anwendung Ze-231 Etikettenband kann zum Beschriften von Dateien, Ordnern, B\u00fcchern, Schr\u00e4nken, Accessoires usw. verwendet werden, geeignet f\u00fcr viele Arbeitspl\u00e4tze wie B\u00fcros, H\u00e4user, Labors, Banken, Schulen, Gesch\u00e4fte, Krankenh\u00e4user usw. Hotels usw<\/p>\n","protected":false},"featured_media":209565,"comment_status":"open","ping_status":"closed","template":"","meta":[],"product_brand":[],"product_cat":[504,8208],"product_tag":[],"class_list":{"0":"post-209564","1":"product","2":"type-product","3":"status-publish","4":"has-post-thumbnail","6":"product_cat-buerobedarf-schreibwaren","7":"product_cat-bueroelektronik","8":"pa_brand-aifusi","9":"pa_manufacturer-aifusi","10":"pa_model-bqjsd","12":"first","13":"instock","14":"shipping-taxable","15":"purchasable","16":"product-type-simple","17":"customify-col","18":"product-has-gallery"},"yoast_head":"<!-- This site is optimized with the Yoast SEO plugin v27.4 - https:\/\/yoast.com\/product\/yoast-seo-wordpress\/ -->\n<title>AIFUSI Etikettenband kompatibel mit Brother P Touch Etikettenband TZe-231 TZ-231 Standard Laminatband f\u00fcr PT-D200 PT-D210 PT-H110 PT-D600 Etikettenhersteller - 12 mm x 8 m, Schwarz auf Wei\u00df, 4er-Pack - Markt-XXL<\/title>\n<meta name=\"description\" content=\"Markt-XXL AIFUSI Etikettenband kompatibel mit Brother P Touch Etikettenband TZe-231 TZ-231 Standard Laminatband f\u00fcr PT-D200 PT-D210 PT-H110 PT-D600 Etikettenhersteller - 12 mm x 8 m, Schwarz auf Wei\u00df, 4er-Pack\" \/>\n<meta name=\"robots\" content=\"index, follow, max-snippet:-1, max-image-preview:large, max-video-preview:-1\" \/>\n<link rel=\"canonical\" href=\"https:\/\/marktxxl.de\/markt\/produkt\/aifusi-etikettenband-kompatibel-mit-brother-p-touch-etikettenband-tze-231-tz-231-standard-laminatband-fuer-pt-d200-pt-d210-pt-h110-pt-d600-etikettenhersteller-12-mm-x-8-m-schwarz-auf-weiss-4er-pac\/\" \/>\n<meta property=\"og:locale\" content=\"de_DE\" \/>\n<meta property=\"og:type\" content=\"article\" \/>\n<meta property=\"og:title\" content=\"AIFUSI Etikettenband kompatibel mit Brother P Touch Etikettenband TZe-231 TZ-231 Standard Laminatband f\u00fcr PT-D200 PT-D210 PT-H110 PT-D600 Etikettenhersteller - 12 mm x 8 m, Schwarz auf Wei\u00df, 4er-Pack - Markt-XXL\" \/>\n<meta property=\"og:description\" content=\"Markt-XXL AIFUSI Etikettenband kompatibel mit Brother P Touch Etikettenband TZe-231 TZ-231 Standard Laminatband f\u00fcr PT-D200 PT-D210 PT-H110 PT-D600 Etikettenhersteller - 12 mm x 8 m, Schwarz auf Wei\u00df, 4er-Pack\" \/>\n<meta property=\"og:url\" content=\"https:\/\/marktxxl.de\/markt\/produkt\/aifusi-etikettenband-kompatibel-mit-brother-p-touch-etikettenband-tze-231-tz-231-standard-laminatband-fuer-pt-d200-pt-d210-pt-h110-pt-d600-etikettenhersteller-12-mm-x-8-m-schwarz-auf-weiss-4er-pac\/\" \/>\n<meta property=\"og:site_name\" content=\"Markt-XXL\" \/>\n<meta name=\"twitter:card\" content=\"summary_large_image\" \/>\n<meta name=\"twitter:label1\" content=\"Gesch\u00e4tzte Lesezeit\" \/>\n\t<meta name=\"twitter:data1\" content=\"1\u00a0Minute\" \/>\n<script type=\"application\/ld+json\" class=\"yoast-schema-graph\">{\"@context\":\"https:\\\/\\\/schema.org\",\"@graph\":[{\"@type\":\"WebPage\",\"@id\":\"https:\\\/\\\/marktxxl.de\\\/markt\\\/produkt\\\/aifusi-etikettenband-kompatibel-mit-brother-p-touch-etikettenband-tze-231-tz-231-standard-laminatband-fuer-pt-d200-pt-d210-pt-h110-pt-d600-etikettenhersteller-12-mm-x-8-m-schwarz-auf-weiss-4er-pac\\\/\",\"url\":\"https:\\\/\\\/marktxxl.de\\\/markt\\\/produkt\\\/aifusi-etikettenband-kompatibel-mit-brother-p-touch-etikettenband-tze-231-tz-231-standard-laminatband-fuer-pt-d200-pt-d210-pt-h110-pt-d600-etikettenhersteller-12-mm-x-8-m-schwarz-auf-weiss-4er-pac\\\/\",\"name\":\"AIFUSI Etikettenband kompatibel mit Brother P Touch Etikettenband TZe-231 TZ-231 Standard Laminatband f\u00fcr PT-D200 PT-D210 PT-H110 PT-D600 Etikettenhersteller - 12 mm x 8 m, Schwarz auf Wei\u00df, 4er-Pack - Markt-XXL\",\"isPartOf\":{\"@id\":\"https:\\\/\\\/marktxxl.de\\\/markt\\\/#website\"},\"primaryImageOfPage\":{\"@id\":\"https:\\\/\\\/marktxxl.de\\\/markt\\\/produkt\\\/aifusi-etikettenband-kompatibel-mit-brother-p-touch-etikettenband-tze-231-tz-231-standard-laminatband-fuer-pt-d200-pt-d210-pt-h110-pt-d600-etikettenhersteller-12-mm-x-8-m-schwarz-auf-weiss-4er-pac\\\/#primaryimage\"},\"image\":{\"@id\":\"https:\\\/\\\/marktxxl.de\\\/markt\\\/produkt\\\/aifusi-etikettenband-kompatibel-mit-brother-p-touch-etikettenband-tze-231-tz-231-standard-laminatband-fuer-pt-d200-pt-d210-pt-h110-pt-d600-etikettenhersteller-12-mm-x-8-m-schwarz-auf-weiss-4er-pac\\\/#primaryimage\"},\"thumbnailUrl\":\"https:\\\/\\\/m.media-amazon.com\\\/images\\\/I\\\/51Zq-Bk+P-L._SL500_.jpg\",\"datePublished\":\"2024-05-29T11:55:54+00:00\",\"description\":\"Markt-XXL AIFUSI Etikettenband kompatibel mit Brother P Touch Etikettenband TZe-231 TZ-231 Standard Laminatband f\u00fcr PT-D200 PT-D210 PT-H110 PT-D600 Etikettenhersteller - 12 mm x 8 m, Schwarz auf Wei\u00df, 4er-Pack\",\"breadcrumb\":{\"@id\":\"https:\\\/\\\/marktxxl.de\\\/markt\\\/produkt\\\/aifusi-etikettenband-kompatibel-mit-brother-p-touch-etikettenband-tze-231-tz-231-standard-laminatband-fuer-pt-d200-pt-d210-pt-h110-pt-d600-etikettenhersteller-12-mm-x-8-m-schwarz-auf-weiss-4er-pac\\\/#breadcrumb\"},\"inLanguage\":\"de\",\"potentialAction\":[{\"@type\":\"ReadAction\",\"target\":[\"https:\\\/\\\/marktxxl.de\\\/markt\\\/produkt\\\/aifusi-etikettenband-kompatibel-mit-brother-p-touch-etikettenband-tze-231-tz-231-standard-laminatband-fuer-pt-d200-pt-d210-pt-h110-pt-d600-etikettenhersteller-12-mm-x-8-m-schwarz-auf-weiss-4er-pac\\\/\"]}]},{\"@type\":\"ImageObject\",\"inLanguage\":\"de\",\"@id\":\"https:\\\/\\\/marktxxl.de\\\/markt\\\/produkt\\\/aifusi-etikettenband-kompatibel-mit-brother-p-touch-etikettenband-tze-231-tz-231-standard-laminatband-fuer-pt-d200-pt-d210-pt-h110-pt-d600-etikettenhersteller-12-mm-x-8-m-schwarz-auf-weiss-4er-pac\\\/#primaryimage\",\"url\":\"https:\\\/\\\/m.media-amazon.com\\\/images\\\/I\\\/51Zq-Bk+P-L._SL500_.jpg\",\"contentUrl\":\"https:\\\/\\\/m.media-amazon.com\\\/images\\\/I\\\/51Zq-Bk+P-L._SL500_.jpg\",\"width\":500,\"height\":494},{\"@type\":\"BreadcrumbList\",\"@id\":\"https:\\\/\\\/marktxxl.de\\\/markt\\\/produkt\\\/aifusi-etikettenband-kompatibel-mit-brother-p-touch-etikettenband-tze-231-tz-231-standard-laminatband-fuer-pt-d200-pt-d210-pt-h110-pt-d600-etikettenhersteller-12-mm-x-8-m-schwarz-auf-weiss-4er-pac\\\/#breadcrumb\",\"itemListElement\":[{\"@type\":\"ListItem\",\"position\":1,\"name\":\"Startseite\",\"item\":\"https:\\\/\\\/marktxxl.de\\\/markt\\\/\"},{\"@type\":\"ListItem\",\"position\":2,\"name\":\"Markt\",\"item\":\"https:\\\/\\\/marktxxl.de\\\/markt\\\/\"},{\"@type\":\"ListItem\",\"position\":3,\"name\":\"AIFUSI Etikettenband kompatibel mit Brother P Touch Etikettenband TZe-231 TZ-231 Standard Laminatband f\u00fcr PT-D200 PT-D210 PT-H110 PT-D600 Etikettenhersteller &#8211; 12 mm x 8 m, Schwarz auf Wei\u00df, 4er-Pack\"}]},{\"@type\":\"WebSite\",\"@id\":\"https:\\\/\\\/marktxxl.de\\\/markt\\\/#website\",\"url\":\"https:\\\/\\\/marktxxl.de\\\/markt\\\/\",\"name\":\"Markt-XXL\",\"description\":\"Ihr Markt Online\",\"publisher\":{\"@id\":\"https:\\\/\\\/marktxxl.de\\\/markt\\\/#organization\"},\"potentialAction\":[{\"@type\":\"SearchAction\",\"target\":{\"@type\":\"EntryPoint\",\"urlTemplate\":\"https:\\\/\\\/marktxxl.de\\\/markt\\\/?s={search_term_string}\"},\"query-input\":{\"@type\":\"PropertyValueSpecification\",\"valueRequired\":true,\"valueName\":\"search_term_string\"}}],\"inLanguage\":\"de\"},{\"@type\":\"Organization\",\"@id\":\"https:\\\/\\\/marktxxl.de\\\/markt\\\/#organization\",\"name\":\"Markt-XXL\",\"url\":\"https:\\\/\\\/marktxxl.de\\\/markt\\\/\",\"logo\":{\"@type\":\"ImageObject\",\"inLanguage\":\"de\",\"@id\":\"https:\\\/\\\/marktxxl.de\\\/markt\\\/#\\\/schema\\\/logo\\\/image\\\/\",\"url\":\"https:\\\/\\\/marktxxl.de\\\/markt\\\/wp-content\\\/uploads\\\/sites\\\/3\\\/2020\\\/12\\\/logo.png\",\"contentUrl\":\"https:\\\/\\\/marktxxl.de\\\/markt\\\/wp-content\\\/uploads\\\/sites\\\/3\\\/2020\\\/12\\\/logo.png\",\"width\":200,\"height\":70,\"caption\":\"Markt-XXL\"},\"image\":{\"@id\":\"https:\\\/\\\/marktxxl.de\\\/markt\\\/#\\\/schema\\\/logo\\\/image\\\/\"}}]}<\/script>\n<!-- \/ Yoast SEO plugin. -->","yoast_head_json":{"title":"AIFUSI Etikettenband kompatibel mit Brother P Touch Etikettenband TZe-231 TZ-231 Standard Laminatband f\u00fcr PT-D200 PT-D210 PT-H110 PT-D600 Etikettenhersteller - 12 mm x 8 m, Schwarz auf Wei\u00df, 4er-Pack - Markt-XXL","description":"Markt-XXL AIFUSI Etikettenband kompatibel mit Brother P Touch Etikettenband TZe-231 TZ-231 Standard Laminatband f\u00fcr PT-D200 PT-D210 PT-H110 PT-D600 Etikettenhersteller - 12 mm x 8 m, Schwarz auf Wei\u00df, 4er-Pack","robots":{"index":"index","follow":"follow","max-snippet":"max-snippet:-1","max-image-preview":"max-image-preview:large","max-video-preview":"max-video-preview:-1"},"canonical":"https:\/\/marktxxl.de\/markt\/produkt\/aifusi-etikettenband-kompatibel-mit-brother-p-touch-etikettenband-tze-231-tz-231-standard-laminatband-fuer-pt-d200-pt-d210-pt-h110-pt-d600-etikettenhersteller-12-mm-x-8-m-schwarz-auf-weiss-4er-pac\/","og_locale":"de_DE","og_type":"article","og_title":"AIFUSI Etikettenband kompatibel mit Brother P Touch Etikettenband TZe-231 TZ-231 Standard Laminatband f\u00fcr PT-D200 PT-D210 PT-H110 PT-D600 Etikettenhersteller - 12 mm x 8 m, Schwarz auf Wei\u00df, 4er-Pack - Markt-XXL","og_description":"Markt-XXL AIFUSI Etikettenband kompatibel mit Brother P Touch Etikettenband TZe-231 TZ-231 Standard Laminatband f\u00fcr PT-D200 PT-D210 PT-H110 PT-D600 Etikettenhersteller - 12 mm x 8 m, Schwarz auf Wei\u00df, 4er-Pack","og_url":"https:\/\/marktxxl.de\/markt\/produkt\/aifusi-etikettenband-kompatibel-mit-brother-p-touch-etikettenband-tze-231-tz-231-standard-laminatband-fuer-pt-d200-pt-d210-pt-h110-pt-d600-etikettenhersteller-12-mm-x-8-m-schwarz-auf-weiss-4er-pac\/","og_site_name":"Markt-XXL","twitter_card":"summary_large_image","twitter_misc":{"Gesch\u00e4tzte Lesezeit":"1\u00a0Minute"},"schema":{"@context":"https:\/\/schema.org","@graph":[{"@type":"WebPage","@id":"https:\/\/marktxxl.de\/markt\/produkt\/aifusi-etikettenband-kompatibel-mit-brother-p-touch-etikettenband-tze-231-tz-231-standard-laminatband-fuer-pt-d200-pt-d210-pt-h110-pt-d600-etikettenhersteller-12-mm-x-8-m-schwarz-auf-weiss-4er-pac\/","url":"https:\/\/marktxxl.de\/markt\/produkt\/aifusi-etikettenband-kompatibel-mit-brother-p-touch-etikettenband-tze-231-tz-231-standard-laminatband-fuer-pt-d200-pt-d210-pt-h110-pt-d600-etikettenhersteller-12-mm-x-8-m-schwarz-auf-weiss-4er-pac\/","name":"AIFUSI Etikettenband kompatibel mit Brother P Touch Etikettenband TZe-231 TZ-231 Standard Laminatband f\u00fcr PT-D200 PT-D210 PT-H110 PT-D600 Etikettenhersteller - 12 mm x 8 m, Schwarz auf Wei\u00df, 4er-Pack - Markt-XXL","isPartOf":{"@id":"https:\/\/marktxxl.de\/markt\/#website"},"primaryImageOfPage":{"@id":"https:\/\/marktxxl.de\/markt\/produkt\/aifusi-etikettenband-kompatibel-mit-brother-p-touch-etikettenband-tze-231-tz-231-standard-laminatband-fuer-pt-d200-pt-d210-pt-h110-pt-d600-etikettenhersteller-12-mm-x-8-m-schwarz-auf-weiss-4er-pac\/#primaryimage"},"image":{"@id":"https:\/\/marktxxl.de\/markt\/produkt\/aifusi-etikettenband-kompatibel-mit-brother-p-touch-etikettenband-tze-231-tz-231-standard-laminatband-fuer-pt-d200-pt-d210-pt-h110-pt-d600-etikettenhersteller-12-mm-x-8-m-schwarz-auf-weiss-4er-pac\/#primaryimage"},"thumbnailUrl":"https:\/\/m.media-amazon.com\/images\/I\/51Zq-Bk+P-L._SL500_.jpg","datePublished":"2024-05-29T11:55:54+00:00","description":"Markt-XXL AIFUSI Etikettenband kompatibel mit Brother P Touch Etikettenband TZe-231 TZ-231 Standard Laminatband f\u00fcr PT-D200 PT-D210 PT-H110 PT-D600 Etikettenhersteller - 12 mm x 8 m, Schwarz auf Wei\u00df, 4er-Pack","breadcrumb":{"@id":"https:\/\/marktxxl.de\/markt\/produkt\/aifusi-etikettenband-kompatibel-mit-brother-p-touch-etikettenband-tze-231-tz-231-standard-laminatband-fuer-pt-d200-pt-d210-pt-h110-pt-d600-etikettenhersteller-12-mm-x-8-m-schwarz-auf-weiss-4er-pac\/#breadcrumb"},"inLanguage":"de","potentialAction":[{"@type":"ReadAction","target":["https:\/\/marktxxl.de\/markt\/produkt\/aifusi-etikettenband-kompatibel-mit-brother-p-touch-etikettenband-tze-231-tz-231-standard-laminatband-fuer-pt-d200-pt-d210-pt-h110-pt-d600-etikettenhersteller-12-mm-x-8-m-schwarz-auf-weiss-4er-pac\/"]}]},{"@type":"ImageObject","inLanguage":"de","@id":"https:\/\/marktxxl.de\/markt\/produkt\/aifusi-etikettenband-kompatibel-mit-brother-p-touch-etikettenband-tze-231-tz-231-standard-laminatband-fuer-pt-d200-pt-d210-pt-h110-pt-d600-etikettenhersteller-12-mm-x-8-m-schwarz-auf-weiss-4er-pac\/#primaryimage","url":"https:\/\/m.media-amazon.com\/images\/I\/51Zq-Bk+P-L._SL500_.jpg","contentUrl":"https:\/\/m.media-amazon.com\/images\/I\/51Zq-Bk+P-L._SL500_.jpg","width":500,"height":494},{"@type":"BreadcrumbList","@id":"https:\/\/marktxxl.de\/markt\/produkt\/aifusi-etikettenband-kompatibel-mit-brother-p-touch-etikettenband-tze-231-tz-231-standard-laminatband-fuer-pt-d200-pt-d210-pt-h110-pt-d600-etikettenhersteller-12-mm-x-8-m-schwarz-auf-weiss-4er-pac\/#breadcrumb","itemListElement":[{"@type":"ListItem","position":1,"name":"Startseite","item":"https:\/\/marktxxl.de\/markt\/"},{"@type":"ListItem","position":2,"name":"Markt","item":"https:\/\/marktxxl.de\/markt\/"},{"@type":"ListItem","position":3,"name":"AIFUSI Etikettenband kompatibel mit Brother P Touch Etikettenband TZe-231 TZ-231 Standard Laminatband f\u00fcr PT-D200 PT-D210 PT-H110 PT-D600 Etikettenhersteller &#8211; 12 mm x 8 m, Schwarz auf Wei\u00df, 4er-Pack"}]},{"@type":"WebSite","@id":"https:\/\/marktxxl.de\/markt\/#website","url":"https:\/\/marktxxl.de\/markt\/","name":"Markt-XXL","description":"Ihr Markt Online","publisher":{"@id":"https:\/\/marktxxl.de\/markt\/#organization"},"potentialAction":[{"@type":"SearchAction","target":{"@type":"EntryPoint","urlTemplate":"https:\/\/marktxxl.de\/markt\/?s={search_term_string}"},"query-input":{"@type":"PropertyValueSpecification","valueRequired":true,"valueName":"search_term_string"}}],"inLanguage":"de"},{"@type":"Organization","@id":"https:\/\/marktxxl.de\/markt\/#organization","name":"Markt-XXL","url":"https:\/\/marktxxl.de\/markt\/","logo":{"@type":"ImageObject","inLanguage":"de","@id":"https:\/\/marktxxl.de\/markt\/#\/schema\/logo\/image\/","url":"https:\/\/marktxxl.de\/markt\/wp-content\/uploads\/sites\/3\/2020\/12\/logo.png","contentUrl":"https:\/\/marktxxl.de\/markt\/wp-content\/uploads\/sites\/3\/2020\/12\/logo.png","width":200,"height":70,"caption":"Markt-XXL"},"image":{"@id":"https:\/\/marktxxl.de\/markt\/#\/schema\/logo\/image\/"}}]}},"_links":{"self":[{"href":"https:\/\/marktxxl.de\/markt\/wp-json\/wp\/v2\/product\/209564","targetHints":{"allow":["GET"]}}],"collection":[{"href":"https:\/\/marktxxl.de\/markt\/wp-json\/wp\/v2\/product"}],"about":[{"href":"https:\/\/marktxxl.de\/markt\/wp-json\/wp\/v2\/types\/product"}],"replies":[{"embeddable":true,"href":"https:\/\/marktxxl.de\/markt\/wp-json\/wp\/v2\/comments?post=209564"}],"wp:featuredmedia":[{"embeddable":true,"href":"https:\/\/marktxxl.de\/markt\/wp-json\/wp\/v2\/media\/209565"}],"wp:attachment":[{"href":"https:\/\/marktxxl.de\/markt\/wp-json\/wp\/v2\/media?parent=209564"}],"wp:term":[{"taxonomy":"product_brand","embeddable":true,"href":"https:\/\/marktxxl.de\/markt\/wp-json\/wp\/v2\/product_brand?post=209564"},{"taxonomy":"product_cat","embeddable":true,"href":"https:\/\/marktxxl.de\/markt\/wp-json\/wp\/v2\/product_cat?post=209564"},{"taxonomy":"product_tag","embeddable":true,"href":"https:\/\/marktxxl.de\/markt\/wp-json\/wp\/v2\/product_tag?post=209564"}],"curies":[{"name":"wp","href":"https:\/\/api.w.org\/{rel}","templated":true}]}}