{"id":209427,"date":"2024-05-29T13:47:02","date_gmt":"2024-05-29T11:47:02","guid":{"rendered":"https:\/\/marktxxl.de\/markt\/produkt\/oxyled-lichterschlauch-aussen-20m-300leds-lichtschlauch-aussen-led-schlauch-8-modi-und-helligkeit-fernbedienung-dimmbar-ip44-wasserfest-lichtschlaeuche-fuer-innen-garten-fest-party-hochzeit-deko\/"},"modified":"2024-05-29T13:47:02","modified_gmt":"2024-05-29T11:47:02","slug":"oxyled-lichterschlauch-aussen-20m-300leds-lichtschlauch-aussen-led-schlauch-8-modi-und-helligkeit-fernbedienung-dimmbar-ip44-wasserfest-lichtschlaeuche-fuer-innen-garten-fest-party-hochzeit-deko","status":"publish","type":"product","link":"https:\/\/marktxxl.de\/markt\/produkt\/oxyled-lichterschlauch-aussen-20m-300leds-lichtschlauch-aussen-led-schlauch-8-modi-und-helligkeit-fernbedienung-dimmbar-ip44-wasserfest-lichtschlaeuche-fuer-innen-garten-fest-party-hochzeit-deko\/","title":{"rendered":"OxyLED Lichterschlauch Aussen 20M 300LEDS, Lichtschlauch Au\u00dfen Led Schlauch 8 Modi und Helligkeit Fernbedienung Dimmbar IP44 Wasserfest Lichtschl\u00e4uche f\u00fcr Innen Garten Fest Party Hochzeit Deko"},"content":{"rendered":"<p>\u3010Fernsteuerung\u3011: \u00dcber eine Fernbedienung mit 5 Tasten gesteuert, verf\u00fcgen diese 300 LED lichterschlauch aussen 20m \u00fcber 7 atemberaubende Lichtmodi und 4 einstellbare Helligkeitsmodi. Dr\u00fccken Sie einmal die &#8220;Timer&#8221;-Taste, die Lichter werden 6 Stunden lang eingeschaltet und 18 Stunden lang ausgeschaltet bleiben (Hinweis: 1. Bei Verwendung der Fernbedienung zielen Sie bitte auf den Stecker! 2. Die Fernbedienung sollte innerhalb einer Entfernung von 5M auf den Empf\u00e4nger zeigen. )<br \/>\n\u3010Leicht zum Selbermachen\u3011: Diese led schlauch sind so flexibel, dass sie nach Belieben in jede beliebige Form gebogen werden k\u00f6nnen, wodurch sie sich ideal f\u00fcr kreative Heimwerkerarbeiten eignen, um jederzeit alle Ihre Dekorationsw\u00fcnsche zu erf\u00fcllen. Noch wichtiger ist, dass der weiche Kunststoffschlauch effektiv verhindert, dass sich die Lichtschnur verheddert.<br \/>\n\u3010IP44 Wasserdicht\u3011: Die beste Ausr\u00fcstung h\u00e4lt selbst dem rauesten Wetter stand, und die OxyLED 300 LED lichterschlauch aussen 20m lampe macht da keine Ausnahme. Mit dem Schutz eines hitzebest\u00e4ndigen, k\u00e4ltebest\u00e4ndigen Rohrs ist sie wasserdicht und widersteht allen Wetterbedingungen, auch starkem Regen und Schnee.<br \/>\n\u3010Gro\u00dfer Einsatzbereich\u3011: Es gibt viele verschiedene Szenarien, in denen Sie die OxyLED 300 LED lichtschlauch 20m einsetzen k\u00f6nnen, von der Innendekoration bis zum Au\u00dfeneinsatz! Von Ihrem Schlafzimmer, Balkon, T\u00fcr, Garten, bis hin zum Rasen und mehr, diese 300 LED lichterschlauch k\u00f6nnen alles! F\u00fcgen Sie jetzt \u00fcberall eine warme und charmante Atmosph\u00e4re hinzu, wie Sie es w\u00fcnschen.<br \/>\n\u3010Ausziehbare L\u00e4nge\u3011: Welche L\u00e4nge Sie auch immer bevorzugen, Sie k\u00f6nnen es machen, immer! Unsere aufger\u00fcsteten lichtschlauch au\u00dfen 20m k\u00f6nnen auf jede L\u00e4nge verl\u00e4ngert werden, die Sie ben\u00f6tigen. Am Ende der 300 LED lichterschlauch aussen 20m befindet sich ein wasserdichter Verbinder f\u00fcr den einfachen Anschluss. Es k\u00f6nnen maximal 3 S\u00e4tze (bis zu 60m\/200ft) angeschlossen werde<br \/>\n<div class=\"main-cross-sell\" data-asin=\"B08FC86KCR\">\n\n\t<div class=\"WooZone-cross-sell-loader\">\n\t\t<div>\n\t\t\t<div id=\"floatingBarsG\">\n\t\t\t\t<div class=\"blockG\" id=\"rotateG_01\"><\/div>\n\t\t\t\t<div class=\"blockG\" id=\"rotateG_02\"><\/div>\n\t\t\t\t<div class=\"blockG\" id=\"rotateG_03\"><\/div>\n\t\t\t\t<div class=\"blockG\" id=\"rotateG_04\"><\/div>\n\t\t\t\t<div class=\"blockG\" id=\"rotateG_05\"><\/div>\n\t\t\t\t<div class=\"blockG\" id=\"rotateG_06\"><\/div>\n\t\t\t\t<div class=\"blockG\" id=\"rotateG_07\"><\/div>\n\t\t\t\t<div class=\"blockG\" id=\"rotateG_08\"><\/div>\n\t\t\t<\/div>\n\t\t\t<div class=\"WooZone-cross-sell-loader-text\"><\/div>\n\t\t<\/div>\n\t<\/div>\n\n\t\t\n<\/div>\n<div style=\"clear:both;\"><\/div><\/p>\n","protected":false},"excerpt":{"rendered":"<p>\u3010Fernsteuerung\u3011: \u00dcber eine Fernbedienung mit 5 Tasten gesteuert, verf\u00fcgen diese 300 LED lichterschlauch aussen 20m \u00fcber 7 atemberaubende Lichtmodi und 4 einstellbare Helligkeitsmodi. Dr\u00fccken Sie einmal die &#8220;Timer&#8221;-Taste, die Lichter werden 6 Stunden lang eingeschaltet und 18 Stunden lang ausgeschaltet bleiben (Hinweis: 1. Bei Verwendung der Fernbedienung zielen Sie bitte auf den Stecker! 2. Die Fernbedienung sollte innerhalb einer Entfernung von 5M auf den Empf\u00e4nger zeigen. )<br \/>\n\u3010Leicht zum Selbermachen\u3011: Diese led schlauch sind so flexibel, dass sie nach Belieben in jede beliebige Form gebogen werden k\u00f6nnen, wodurch sie sich ideal f\u00fcr kreative Heimwerkerarbeiten eignen, um jederzeit alle Ihre Dekorationsw\u00fcnsche zu erf\u00fcllen. Noch wichtiger ist, dass der weiche Kunststoffschlauch effektiv verhindert, dass sich die Lichtschnur verheddert.<br \/>\n\u3010IP44 Wasserdicht\u3011: Die beste Ausr\u00fcstung h\u00e4lt selbst dem rauesten Wetter stand, und die OxyLED 300 LED lichterschlauch aussen 20m lampe macht da keine Ausnahme. Mit dem Schutz eines hitzebest\u00e4ndigen, k\u00e4ltebest\u00e4ndigen Rohrs ist sie wasserdicht und widersteht allen Wetterbedingungen, auch starkem Regen und Schnee.<\/p>\n","protected":false},"featured_media":209428,"comment_status":"open","ping_status":"closed","template":"","meta":[],"product_brand":[],"product_cat":[2108,15623],"product_tag":[],"class_list":{"0":"post-209427","1":"product","2":"type-product","3":"status-publish","4":"has-post-thumbnail","6":"product_cat-beleuchtung","7":"product_cat-lichtschlaeuche","8":"pa_brand-oxyled","9":"pa_manufacturer-oxyled","10":"pa_model-25199","11":"pa_weight-1-433004703-pounds","13":"first","14":"instock","15":"shipping-taxable","16":"purchasable","17":"product-type-simple","18":"customify-col","19":"product-has-gallery"},"yoast_head":"<!-- This site is optimized with the Yoast SEO plugin v27.4 - https:\/\/yoast.com\/product\/yoast-seo-wordpress\/ -->\n<title>OxyLED Lichterschlauch Aussen 20M 300LEDS, Lichtschlauch Au\u00dfen Led Schlauch 8 Modi und Helligkeit Fernbedienung Dimmbar IP44 Wasserfest Lichtschl\u00e4uche f\u00fcr Innen Garten Fest Party Hochzeit Deko - Markt-XXL<\/title>\n<meta name=\"description\" content=\"Markt-XXL OxyLED Lichterschlauch Aussen 20M 300LEDS, Lichtschlauch Au\u00dfen Led Schlauch 8 Modi und Helligkeit Fernbedienung Dimmbar IP44 Wasserfest Lichtschl\u00e4uche f\u00fcr Innen Garten Fest Party Hochzeit Deko\" \/>\n<meta name=\"robots\" content=\"index, follow, max-snippet:-1, max-image-preview:large, max-video-preview:-1\" \/>\n<link rel=\"canonical\" href=\"https:\/\/marktxxl.de\/markt\/produkt\/oxyled-lichterschlauch-aussen-20m-300leds-lichtschlauch-aussen-led-schlauch-8-modi-und-helligkeit-fernbedienung-dimmbar-ip44-wasserfest-lichtschlaeuche-fuer-innen-garten-fest-party-hochzeit-deko\/\" \/>\n<meta property=\"og:locale\" content=\"de_DE\" \/>\n<meta property=\"og:type\" content=\"article\" \/>\n<meta property=\"og:title\" content=\"OxyLED Lichterschlauch Aussen 20M 300LEDS, Lichtschlauch Au\u00dfen Led Schlauch 8 Modi und Helligkeit Fernbedienung Dimmbar IP44 Wasserfest Lichtschl\u00e4uche f\u00fcr Innen Garten Fest Party Hochzeit Deko - Markt-XXL\" \/>\n<meta property=\"og:description\" content=\"Markt-XXL OxyLED Lichterschlauch Aussen 20M 300LEDS, Lichtschlauch Au\u00dfen Led Schlauch 8 Modi und Helligkeit Fernbedienung Dimmbar IP44 Wasserfest Lichtschl\u00e4uche f\u00fcr Innen Garten Fest Party Hochzeit Deko\" \/>\n<meta property=\"og:url\" content=\"https:\/\/marktxxl.de\/markt\/produkt\/oxyled-lichterschlauch-aussen-20m-300leds-lichtschlauch-aussen-led-schlauch-8-modi-und-helligkeit-fernbedienung-dimmbar-ip44-wasserfest-lichtschlaeuche-fuer-innen-garten-fest-party-hochzeit-deko\/\" \/>\n<meta property=\"og:site_name\" content=\"Markt-XXL\" \/>\n<meta name=\"twitter:card\" content=\"summary_large_image\" \/>\n<meta name=\"twitter:label1\" content=\"Gesch\u00e4tzte Lesezeit\" \/>\n\t<meta name=\"twitter:data1\" content=\"1\u00a0Minute\" \/>\n<script type=\"application\/ld+json\" class=\"yoast-schema-graph\">{\"@context\":\"https:\\\/\\\/schema.org\",\"@graph\":[{\"@type\":\"WebPage\",\"@id\":\"https:\\\/\\\/marktxxl.de\\\/markt\\\/produkt\\\/oxyled-lichterschlauch-aussen-20m-300leds-lichtschlauch-aussen-led-schlauch-8-modi-und-helligkeit-fernbedienung-dimmbar-ip44-wasserfest-lichtschlaeuche-fuer-innen-garten-fest-party-hochzeit-deko\\\/\",\"url\":\"https:\\\/\\\/marktxxl.de\\\/markt\\\/produkt\\\/oxyled-lichterschlauch-aussen-20m-300leds-lichtschlauch-aussen-led-schlauch-8-modi-und-helligkeit-fernbedienung-dimmbar-ip44-wasserfest-lichtschlaeuche-fuer-innen-garten-fest-party-hochzeit-deko\\\/\",\"name\":\"OxyLED Lichterschlauch Aussen 20M 300LEDS, Lichtschlauch Au\u00dfen Led Schlauch 8 Modi und Helligkeit Fernbedienung Dimmbar IP44 Wasserfest Lichtschl\u00e4uche f\u00fcr Innen Garten Fest Party Hochzeit Deko - Markt-XXL\",\"isPartOf\":{\"@id\":\"https:\\\/\\\/marktxxl.de\\\/markt\\\/#website\"},\"primaryImageOfPage\":{\"@id\":\"https:\\\/\\\/marktxxl.de\\\/markt\\\/produkt\\\/oxyled-lichterschlauch-aussen-20m-300leds-lichtschlauch-aussen-led-schlauch-8-modi-und-helligkeit-fernbedienung-dimmbar-ip44-wasserfest-lichtschlaeuche-fuer-innen-garten-fest-party-hochzeit-deko\\\/#primaryimage\"},\"image\":{\"@id\":\"https:\\\/\\\/marktxxl.de\\\/markt\\\/produkt\\\/oxyled-lichterschlauch-aussen-20m-300leds-lichtschlauch-aussen-led-schlauch-8-modi-und-helligkeit-fernbedienung-dimmbar-ip44-wasserfest-lichtschlaeuche-fuer-innen-garten-fest-party-hochzeit-deko\\\/#primaryimage\"},\"thumbnailUrl\":\"https:\\\/\\\/m.media-amazon.com\\\/images\\\/I\\\/51qC0VlEt+L._SL500_.jpg\",\"datePublished\":\"2024-05-29T11:47:02+00:00\",\"description\":\"Markt-XXL OxyLED Lichterschlauch Aussen 20M 300LEDS, Lichtschlauch Au\u00dfen Led Schlauch 8 Modi und Helligkeit Fernbedienung Dimmbar IP44 Wasserfest Lichtschl\u00e4uche f\u00fcr Innen Garten Fest Party Hochzeit Deko\",\"breadcrumb\":{\"@id\":\"https:\\\/\\\/marktxxl.de\\\/markt\\\/produkt\\\/oxyled-lichterschlauch-aussen-20m-300leds-lichtschlauch-aussen-led-schlauch-8-modi-und-helligkeit-fernbedienung-dimmbar-ip44-wasserfest-lichtschlaeuche-fuer-innen-garten-fest-party-hochzeit-deko\\\/#breadcrumb\"},\"inLanguage\":\"de\",\"potentialAction\":[{\"@type\":\"ReadAction\",\"target\":[\"https:\\\/\\\/marktxxl.de\\\/markt\\\/produkt\\\/oxyled-lichterschlauch-aussen-20m-300leds-lichtschlauch-aussen-led-schlauch-8-modi-und-helligkeit-fernbedienung-dimmbar-ip44-wasserfest-lichtschlaeuche-fuer-innen-garten-fest-party-hochzeit-deko\\\/\"]}]},{\"@type\":\"ImageObject\",\"inLanguage\":\"de\",\"@id\":\"https:\\\/\\\/marktxxl.de\\\/markt\\\/produkt\\\/oxyled-lichterschlauch-aussen-20m-300leds-lichtschlauch-aussen-led-schlauch-8-modi-und-helligkeit-fernbedienung-dimmbar-ip44-wasserfest-lichtschlaeuche-fuer-innen-garten-fest-party-hochzeit-deko\\\/#primaryimage\",\"url\":\"https:\\\/\\\/m.media-amazon.com\\\/images\\\/I\\\/51qC0VlEt+L._SL500_.jpg\",\"contentUrl\":\"https:\\\/\\\/m.media-amazon.com\\\/images\\\/I\\\/51qC0VlEt+L._SL500_.jpg\",\"width\":500,\"height\":500},{\"@type\":\"BreadcrumbList\",\"@id\":\"https:\\\/\\\/marktxxl.de\\\/markt\\\/produkt\\\/oxyled-lichterschlauch-aussen-20m-300leds-lichtschlauch-aussen-led-schlauch-8-modi-und-helligkeit-fernbedienung-dimmbar-ip44-wasserfest-lichtschlaeuche-fuer-innen-garten-fest-party-hochzeit-deko\\\/#breadcrumb\",\"itemListElement\":[{\"@type\":\"ListItem\",\"position\":1,\"name\":\"Startseite\",\"item\":\"https:\\\/\\\/marktxxl.de\\\/markt\\\/\"},{\"@type\":\"ListItem\",\"position\":2,\"name\":\"Markt\",\"item\":\"https:\\\/\\\/marktxxl.de\\\/markt\\\/\"},{\"@type\":\"ListItem\",\"position\":3,\"name\":\"OxyLED Lichterschlauch Aussen 20M 300LEDS, Lichtschlauch Au\u00dfen Led Schlauch 8 Modi und Helligkeit Fernbedienung Dimmbar IP44 Wasserfest Lichtschl\u00e4uche f\u00fcr Innen Garten Fest Party Hochzeit Deko\"}]},{\"@type\":\"WebSite\",\"@id\":\"https:\\\/\\\/marktxxl.de\\\/markt\\\/#website\",\"url\":\"https:\\\/\\\/marktxxl.de\\\/markt\\\/\",\"name\":\"Markt-XXL\",\"description\":\"Ihr Markt Online\",\"publisher\":{\"@id\":\"https:\\\/\\\/marktxxl.de\\\/markt\\\/#organization\"},\"potentialAction\":[{\"@type\":\"SearchAction\",\"target\":{\"@type\":\"EntryPoint\",\"urlTemplate\":\"https:\\\/\\\/marktxxl.de\\\/markt\\\/?s={search_term_string}\"},\"query-input\":{\"@type\":\"PropertyValueSpecification\",\"valueRequired\":true,\"valueName\":\"search_term_string\"}}],\"inLanguage\":\"de\"},{\"@type\":\"Organization\",\"@id\":\"https:\\\/\\\/marktxxl.de\\\/markt\\\/#organization\",\"name\":\"Markt-XXL\",\"url\":\"https:\\\/\\\/marktxxl.de\\\/markt\\\/\",\"logo\":{\"@type\":\"ImageObject\",\"inLanguage\":\"de\",\"@id\":\"https:\\\/\\\/marktxxl.de\\\/markt\\\/#\\\/schema\\\/logo\\\/image\\\/\",\"url\":\"https:\\\/\\\/marktxxl.de\\\/markt\\\/wp-content\\\/uploads\\\/sites\\\/3\\\/2020\\\/12\\\/logo.png\",\"contentUrl\":\"https:\\\/\\\/marktxxl.de\\\/markt\\\/wp-content\\\/uploads\\\/sites\\\/3\\\/2020\\\/12\\\/logo.png\",\"width\":200,\"height\":70,\"caption\":\"Markt-XXL\"},\"image\":{\"@id\":\"https:\\\/\\\/marktxxl.de\\\/markt\\\/#\\\/schema\\\/logo\\\/image\\\/\"}}]}<\/script>\n<!-- \/ Yoast SEO plugin. -->","yoast_head_json":{"title":"OxyLED Lichterschlauch Aussen 20M 300LEDS, Lichtschlauch Au\u00dfen Led Schlauch 8 Modi und Helligkeit Fernbedienung Dimmbar IP44 Wasserfest Lichtschl\u00e4uche f\u00fcr Innen Garten Fest Party Hochzeit Deko - Markt-XXL","description":"Markt-XXL OxyLED Lichterschlauch Aussen 20M 300LEDS, Lichtschlauch Au\u00dfen Led Schlauch 8 Modi und Helligkeit Fernbedienung Dimmbar IP44 Wasserfest Lichtschl\u00e4uche f\u00fcr Innen Garten Fest Party Hochzeit Deko","robots":{"index":"index","follow":"follow","max-snippet":"max-snippet:-1","max-image-preview":"max-image-preview:large","max-video-preview":"max-video-preview:-1"},"canonical":"https:\/\/marktxxl.de\/markt\/produkt\/oxyled-lichterschlauch-aussen-20m-300leds-lichtschlauch-aussen-led-schlauch-8-modi-und-helligkeit-fernbedienung-dimmbar-ip44-wasserfest-lichtschlaeuche-fuer-innen-garten-fest-party-hochzeit-deko\/","og_locale":"de_DE","og_type":"article","og_title":"OxyLED Lichterschlauch Aussen 20M 300LEDS, Lichtschlauch Au\u00dfen Led Schlauch 8 Modi und Helligkeit Fernbedienung Dimmbar IP44 Wasserfest Lichtschl\u00e4uche f\u00fcr Innen Garten Fest Party Hochzeit Deko - Markt-XXL","og_description":"Markt-XXL OxyLED Lichterschlauch Aussen 20M 300LEDS, Lichtschlauch Au\u00dfen Led Schlauch 8 Modi und Helligkeit Fernbedienung Dimmbar IP44 Wasserfest Lichtschl\u00e4uche f\u00fcr Innen Garten Fest Party Hochzeit Deko","og_url":"https:\/\/marktxxl.de\/markt\/produkt\/oxyled-lichterschlauch-aussen-20m-300leds-lichtschlauch-aussen-led-schlauch-8-modi-und-helligkeit-fernbedienung-dimmbar-ip44-wasserfest-lichtschlaeuche-fuer-innen-garten-fest-party-hochzeit-deko\/","og_site_name":"Markt-XXL","twitter_card":"summary_large_image","twitter_misc":{"Gesch\u00e4tzte Lesezeit":"1\u00a0Minute"},"schema":{"@context":"https:\/\/schema.org","@graph":[{"@type":"WebPage","@id":"https:\/\/marktxxl.de\/markt\/produkt\/oxyled-lichterschlauch-aussen-20m-300leds-lichtschlauch-aussen-led-schlauch-8-modi-und-helligkeit-fernbedienung-dimmbar-ip44-wasserfest-lichtschlaeuche-fuer-innen-garten-fest-party-hochzeit-deko\/","url":"https:\/\/marktxxl.de\/markt\/produkt\/oxyled-lichterschlauch-aussen-20m-300leds-lichtschlauch-aussen-led-schlauch-8-modi-und-helligkeit-fernbedienung-dimmbar-ip44-wasserfest-lichtschlaeuche-fuer-innen-garten-fest-party-hochzeit-deko\/","name":"OxyLED Lichterschlauch Aussen 20M 300LEDS, Lichtschlauch Au\u00dfen Led Schlauch 8 Modi und Helligkeit Fernbedienung Dimmbar IP44 Wasserfest Lichtschl\u00e4uche f\u00fcr Innen Garten Fest Party Hochzeit Deko - Markt-XXL","isPartOf":{"@id":"https:\/\/marktxxl.de\/markt\/#website"},"primaryImageOfPage":{"@id":"https:\/\/marktxxl.de\/markt\/produkt\/oxyled-lichterschlauch-aussen-20m-300leds-lichtschlauch-aussen-led-schlauch-8-modi-und-helligkeit-fernbedienung-dimmbar-ip44-wasserfest-lichtschlaeuche-fuer-innen-garten-fest-party-hochzeit-deko\/#primaryimage"},"image":{"@id":"https:\/\/marktxxl.de\/markt\/produkt\/oxyled-lichterschlauch-aussen-20m-300leds-lichtschlauch-aussen-led-schlauch-8-modi-und-helligkeit-fernbedienung-dimmbar-ip44-wasserfest-lichtschlaeuche-fuer-innen-garten-fest-party-hochzeit-deko\/#primaryimage"},"thumbnailUrl":"https:\/\/m.media-amazon.com\/images\/I\/51qC0VlEt+L._SL500_.jpg","datePublished":"2024-05-29T11:47:02+00:00","description":"Markt-XXL OxyLED Lichterschlauch Aussen 20M 300LEDS, Lichtschlauch Au\u00dfen Led Schlauch 8 Modi und Helligkeit Fernbedienung Dimmbar IP44 Wasserfest Lichtschl\u00e4uche f\u00fcr Innen Garten Fest Party Hochzeit Deko","breadcrumb":{"@id":"https:\/\/marktxxl.de\/markt\/produkt\/oxyled-lichterschlauch-aussen-20m-300leds-lichtschlauch-aussen-led-schlauch-8-modi-und-helligkeit-fernbedienung-dimmbar-ip44-wasserfest-lichtschlaeuche-fuer-innen-garten-fest-party-hochzeit-deko\/#breadcrumb"},"inLanguage":"de","potentialAction":[{"@type":"ReadAction","target":["https:\/\/marktxxl.de\/markt\/produkt\/oxyled-lichterschlauch-aussen-20m-300leds-lichtschlauch-aussen-led-schlauch-8-modi-und-helligkeit-fernbedienung-dimmbar-ip44-wasserfest-lichtschlaeuche-fuer-innen-garten-fest-party-hochzeit-deko\/"]}]},{"@type":"ImageObject","inLanguage":"de","@id":"https:\/\/marktxxl.de\/markt\/produkt\/oxyled-lichterschlauch-aussen-20m-300leds-lichtschlauch-aussen-led-schlauch-8-modi-und-helligkeit-fernbedienung-dimmbar-ip44-wasserfest-lichtschlaeuche-fuer-innen-garten-fest-party-hochzeit-deko\/#primaryimage","url":"https:\/\/m.media-amazon.com\/images\/I\/51qC0VlEt+L._SL500_.jpg","contentUrl":"https:\/\/m.media-amazon.com\/images\/I\/51qC0VlEt+L._SL500_.jpg","width":500,"height":500},{"@type":"BreadcrumbList","@id":"https:\/\/marktxxl.de\/markt\/produkt\/oxyled-lichterschlauch-aussen-20m-300leds-lichtschlauch-aussen-led-schlauch-8-modi-und-helligkeit-fernbedienung-dimmbar-ip44-wasserfest-lichtschlaeuche-fuer-innen-garten-fest-party-hochzeit-deko\/#breadcrumb","itemListElement":[{"@type":"ListItem","position":1,"name":"Startseite","item":"https:\/\/marktxxl.de\/markt\/"},{"@type":"ListItem","position":2,"name":"Markt","item":"https:\/\/marktxxl.de\/markt\/"},{"@type":"ListItem","position":3,"name":"OxyLED Lichterschlauch Aussen 20M 300LEDS, Lichtschlauch Au\u00dfen Led Schlauch 8 Modi und Helligkeit Fernbedienung Dimmbar IP44 Wasserfest Lichtschl\u00e4uche f\u00fcr Innen Garten Fest Party Hochzeit Deko"}]},{"@type":"WebSite","@id":"https:\/\/marktxxl.de\/markt\/#website","url":"https:\/\/marktxxl.de\/markt\/","name":"Markt-XXL","description":"Ihr Markt Online","publisher":{"@id":"https:\/\/marktxxl.de\/markt\/#organization"},"potentialAction":[{"@type":"SearchAction","target":{"@type":"EntryPoint","urlTemplate":"https:\/\/marktxxl.de\/markt\/?s={search_term_string}"},"query-input":{"@type":"PropertyValueSpecification","valueRequired":true,"valueName":"search_term_string"}}],"inLanguage":"de"},{"@type":"Organization","@id":"https:\/\/marktxxl.de\/markt\/#organization","name":"Markt-XXL","url":"https:\/\/marktxxl.de\/markt\/","logo":{"@type":"ImageObject","inLanguage":"de","@id":"https:\/\/marktxxl.de\/markt\/#\/schema\/logo\/image\/","url":"https:\/\/marktxxl.de\/markt\/wp-content\/uploads\/sites\/3\/2020\/12\/logo.png","contentUrl":"https:\/\/marktxxl.de\/markt\/wp-content\/uploads\/sites\/3\/2020\/12\/logo.png","width":200,"height":70,"caption":"Markt-XXL"},"image":{"@id":"https:\/\/marktxxl.de\/markt\/#\/schema\/logo\/image\/"}}]}},"_links":{"self":[{"href":"https:\/\/marktxxl.de\/markt\/wp-json\/wp\/v2\/product\/209427","targetHints":{"allow":["GET"]}}],"collection":[{"href":"https:\/\/marktxxl.de\/markt\/wp-json\/wp\/v2\/product"}],"about":[{"href":"https:\/\/marktxxl.de\/markt\/wp-json\/wp\/v2\/types\/product"}],"replies":[{"embeddable":true,"href":"https:\/\/marktxxl.de\/markt\/wp-json\/wp\/v2\/comments?post=209427"}],"wp:featuredmedia":[{"embeddable":true,"href":"https:\/\/marktxxl.de\/markt\/wp-json\/wp\/v2\/media\/209428"}],"wp:attachment":[{"href":"https:\/\/marktxxl.de\/markt\/wp-json\/wp\/v2\/media?parent=209427"}],"wp:term":[{"taxonomy":"product_brand","embeddable":true,"href":"https:\/\/marktxxl.de\/markt\/wp-json\/wp\/v2\/product_brand?post=209427"},{"taxonomy":"product_cat","embeddable":true,"href":"https:\/\/marktxxl.de\/markt\/wp-json\/wp\/v2\/product_cat?post=209427"},{"taxonomy":"product_tag","embeddable":true,"href":"https:\/\/marktxxl.de\/markt\/wp-json\/wp\/v2\/product_tag?post=209427"}],"curies":[{"name":"wp","href":"https:\/\/api.w.org\/{rel}","templated":true}]}}