{"id":209178,"date":"2024-05-29T11:58:49","date_gmt":"2024-05-29T09:58:49","guid":{"rendered":"https:\/\/marktxxl.de\/markt\/produkt\/salzmann-3m-warnweste-fuer-kinder-mit-reissverschluss-hergestellt-mit-3m-reflektierendem-material\/"},"modified":"2024-05-29T11:58:49","modified_gmt":"2024-05-29T09:58:49","slug":"salzmann-3m-warnweste-fuer-kinder-mit-reissverschluss-hergestellt-mit-3m-reflektierendem-material","status":"publish","type":"product","link":"https:\/\/marktxxl.de\/markt\/produkt\/salzmann-3m-warnweste-fuer-kinder-mit-reissverschluss-hergestellt-mit-3m-reflektierendem-material\/","title":{"rendered":"Salzmann 3M Warnweste f\u00fcr Kinder mit Rei\u00dfverschluss &#8211; Hergestellt mit 3M Reflektierendem Material"},"content":{"rendered":"<p>Hergestellt mit 3M Reflektierendem Material, das Kinder im Stra\u00dfenverkehr optimal sichtbar. F\u00fcr Sicherheit beim Spielen, Fahrradfahren oder auf dem Weg in die Schule.<br \/>\nDie Weste ist aus perforiertem silberreflektierendem Material (Netzgewebe\/Mesh) gefertigt und mit einem doppelt vern\u00e4hten Rei\u00dfverschluss versehen und ist daher ideal f\u00fcr aktive Kinder.<br \/>\nGr\u00f6\u00dfe XXS ist f\u00fcr kleine Kindergartenkinder geeignet.<br \/>\nDiese Kinderwarnweste entspricht der EN 17353 (Typ B3).<br \/>\n<div class=\"main-cross-sell\" data-asin=\"B0CLDSKSKC\">\n\n\t<div class=\"WooZone-cross-sell-loader\">\n\t\t<div>\n\t\t\t<div id=\"floatingBarsG\">\n\t\t\t\t<div class=\"blockG\" id=\"rotateG_01\"><\/div>\n\t\t\t\t<div class=\"blockG\" id=\"rotateG_02\"><\/div>\n\t\t\t\t<div class=\"blockG\" id=\"rotateG_03\"><\/div>\n\t\t\t\t<div class=\"blockG\" id=\"rotateG_04\"><\/div>\n\t\t\t\t<div class=\"blockG\" id=\"rotateG_05\"><\/div>\n\t\t\t\t<div class=\"blockG\" id=\"rotateG_06\"><\/div>\n\t\t\t\t<div class=\"blockG\" id=\"rotateG_07\"><\/div>\n\t\t\t\t<div class=\"blockG\" id=\"rotateG_08\"><\/div>\n\t\t\t<\/div>\n\t\t\t<div class=\"WooZone-cross-sell-loader-text\"><\/div>\n\t\t<\/div>\n\t<\/div>\n\n\t\t\n<\/div>\n<div style=\"clear:both;\"><\/div><\/p>\n","protected":false},"excerpt":{"rendered":"<p>Hergestellt mit 3M Reflektierendem Material, das Kinder im Stra\u00dfenverkehr optimal sichtbar. F\u00fcr Sicherheit beim Spielen, Fahrradfahren oder auf dem Weg in die Schule.<br \/>\nDie Weste ist aus perforiertem silberreflektierendem Material (Netzgewebe\/Mesh) gefertigt und mit einem doppelt vern\u00e4hten Rei\u00dfverschluss versehen und ist daher ideal f\u00fcr aktive Kinder.<br \/>\nGr\u00f6\u00dfe XXS ist f\u00fcr kleine Kindergartenkinder geeignet.<\/p>\n","protected":false},"featured_media":209179,"comment_status":"open","ping_status":"closed","template":"","meta":[],"product_brand":[],"product_cat":[4143,1186],"product_tag":[],"class_list":{"0":"post-209178","1":"product","2":"type-product","3":"status-publish","4":"has-post-thumbnail","6":"product_cat-arbeitskleidung-uniformen","7":"product_cat-bekleidung","8":"pa_binding-textilien","9":"pa_brand-salzmann","10":"pa_manufacturer-salzmann","12":"first","13":"instock","14":"shipping-taxable","15":"product-type-simple","16":"customify-col","17":"product-has-gallery"},"yoast_head":"<!-- This site is optimized with the Yoast SEO plugin v27.4 - https:\/\/yoast.com\/product\/yoast-seo-wordpress\/ -->\n<title>Salzmann 3M Warnweste f\u00fcr Kinder mit Rei\u00dfverschluss - Hergestellt mit 3M Reflektierendem Material - Markt-XXL<\/title>\n<meta name=\"description\" content=\"Markt-XXL Salzmann 3M Warnweste f\u00fcr Kinder mit Rei\u00dfverschluss - Hergestellt mit 3M Reflektierendem Material\" \/>\n<meta name=\"robots\" content=\"index, follow, max-snippet:-1, max-image-preview:large, max-video-preview:-1\" \/>\n<link rel=\"canonical\" href=\"https:\/\/marktxxl.de\/markt\/produkt\/salzmann-3m-warnweste-fuer-kinder-mit-reissverschluss-hergestellt-mit-3m-reflektierendem-material\/\" \/>\n<meta property=\"og:locale\" content=\"de_DE\" \/>\n<meta property=\"og:type\" content=\"article\" \/>\n<meta property=\"og:title\" content=\"Salzmann 3M Warnweste f\u00fcr Kinder mit Rei\u00dfverschluss - Hergestellt mit 3M Reflektierendem Material - Markt-XXL\" \/>\n<meta property=\"og:description\" content=\"Markt-XXL Salzmann 3M Warnweste f\u00fcr Kinder mit Rei\u00dfverschluss - Hergestellt mit 3M Reflektierendem Material\" \/>\n<meta property=\"og:url\" content=\"https:\/\/marktxxl.de\/markt\/produkt\/salzmann-3m-warnweste-fuer-kinder-mit-reissverschluss-hergestellt-mit-3m-reflektierendem-material\/\" \/>\n<meta property=\"og:site_name\" content=\"Markt-XXL\" \/>\n<meta name=\"twitter:card\" content=\"summary_large_image\" \/>\n<script type=\"application\/ld+json\" class=\"yoast-schema-graph\">{\"@context\":\"https:\\\/\\\/schema.org\",\"@graph\":[{\"@type\":\"WebPage\",\"@id\":\"https:\\\/\\\/marktxxl.de\\\/markt\\\/produkt\\\/salzmann-3m-warnweste-fuer-kinder-mit-reissverschluss-hergestellt-mit-3m-reflektierendem-material\\\/\",\"url\":\"https:\\\/\\\/marktxxl.de\\\/markt\\\/produkt\\\/salzmann-3m-warnweste-fuer-kinder-mit-reissverschluss-hergestellt-mit-3m-reflektierendem-material\\\/\",\"name\":\"Salzmann 3M Warnweste f\u00fcr Kinder mit Rei\u00dfverschluss - Hergestellt mit 3M Reflektierendem Material - Markt-XXL\",\"isPartOf\":{\"@id\":\"https:\\\/\\\/marktxxl.de\\\/markt\\\/#website\"},\"primaryImageOfPage\":{\"@id\":\"https:\\\/\\\/marktxxl.de\\\/markt\\\/produkt\\\/salzmann-3m-warnweste-fuer-kinder-mit-reissverschluss-hergestellt-mit-3m-reflektierendem-material\\\/#primaryimage\"},\"image\":{\"@id\":\"https:\\\/\\\/marktxxl.de\\\/markt\\\/produkt\\\/salzmann-3m-warnweste-fuer-kinder-mit-reissverschluss-hergestellt-mit-3m-reflektierendem-material\\\/#primaryimage\"},\"thumbnailUrl\":\"https:\\\/\\\/m.media-amazon.com\\\/images\\\/I\\\/31ZAA3aksIL._SL500_.jpg\",\"datePublished\":\"2024-05-29T09:58:49+00:00\",\"description\":\"Markt-XXL Salzmann 3M Warnweste f\u00fcr Kinder mit Rei\u00dfverschluss - Hergestellt mit 3M Reflektierendem Material\",\"breadcrumb\":{\"@id\":\"https:\\\/\\\/marktxxl.de\\\/markt\\\/produkt\\\/salzmann-3m-warnweste-fuer-kinder-mit-reissverschluss-hergestellt-mit-3m-reflektierendem-material\\\/#breadcrumb\"},\"inLanguage\":\"de\",\"potentialAction\":[{\"@type\":\"ReadAction\",\"target\":[\"https:\\\/\\\/marktxxl.de\\\/markt\\\/produkt\\\/salzmann-3m-warnweste-fuer-kinder-mit-reissverschluss-hergestellt-mit-3m-reflektierendem-material\\\/\"]}]},{\"@type\":\"ImageObject\",\"inLanguage\":\"de\",\"@id\":\"https:\\\/\\\/marktxxl.de\\\/markt\\\/produkt\\\/salzmann-3m-warnweste-fuer-kinder-mit-reissverschluss-hergestellt-mit-3m-reflektierendem-material\\\/#primaryimage\",\"url\":\"https:\\\/\\\/m.media-amazon.com\\\/images\\\/I\\\/31ZAA3aksIL._SL500_.jpg\",\"contentUrl\":\"https:\\\/\\\/m.media-amazon.com\\\/images\\\/I\\\/31ZAA3aksIL._SL500_.jpg\",\"width\":500,\"height\":500},{\"@type\":\"BreadcrumbList\",\"@id\":\"https:\\\/\\\/marktxxl.de\\\/markt\\\/produkt\\\/salzmann-3m-warnweste-fuer-kinder-mit-reissverschluss-hergestellt-mit-3m-reflektierendem-material\\\/#breadcrumb\",\"itemListElement\":[{\"@type\":\"ListItem\",\"position\":1,\"name\":\"Startseite\",\"item\":\"https:\\\/\\\/marktxxl.de\\\/markt\\\/\"},{\"@type\":\"ListItem\",\"position\":2,\"name\":\"Markt\",\"item\":\"https:\\\/\\\/marktxxl.de\\\/markt\\\/\"},{\"@type\":\"ListItem\",\"position\":3,\"name\":\"Salzmann 3M Warnweste f\u00fcr Kinder mit Rei\u00dfverschluss &#8211; Hergestellt mit 3M Reflektierendem Material\"}]},{\"@type\":\"WebSite\",\"@id\":\"https:\\\/\\\/marktxxl.de\\\/markt\\\/#website\",\"url\":\"https:\\\/\\\/marktxxl.de\\\/markt\\\/\",\"name\":\"Markt-XXL\",\"description\":\"Ihr Markt Online\",\"publisher\":{\"@id\":\"https:\\\/\\\/marktxxl.de\\\/markt\\\/#organization\"},\"potentialAction\":[{\"@type\":\"SearchAction\",\"target\":{\"@type\":\"EntryPoint\",\"urlTemplate\":\"https:\\\/\\\/marktxxl.de\\\/markt\\\/?s={search_term_string}\"},\"query-input\":{\"@type\":\"PropertyValueSpecification\",\"valueRequired\":true,\"valueName\":\"search_term_string\"}}],\"inLanguage\":\"de\"},{\"@type\":\"Organization\",\"@id\":\"https:\\\/\\\/marktxxl.de\\\/markt\\\/#organization\",\"name\":\"Markt-XXL\",\"url\":\"https:\\\/\\\/marktxxl.de\\\/markt\\\/\",\"logo\":{\"@type\":\"ImageObject\",\"inLanguage\":\"de\",\"@id\":\"https:\\\/\\\/marktxxl.de\\\/markt\\\/#\\\/schema\\\/logo\\\/image\\\/\",\"url\":\"https:\\\/\\\/marktxxl.de\\\/markt\\\/wp-content\\\/uploads\\\/sites\\\/3\\\/2020\\\/12\\\/logo.png\",\"contentUrl\":\"https:\\\/\\\/marktxxl.de\\\/markt\\\/wp-content\\\/uploads\\\/sites\\\/3\\\/2020\\\/12\\\/logo.png\",\"width\":200,\"height\":70,\"caption\":\"Markt-XXL\"},\"image\":{\"@id\":\"https:\\\/\\\/marktxxl.de\\\/markt\\\/#\\\/schema\\\/logo\\\/image\\\/\"}}]}<\/script>\n<!-- \/ Yoast SEO plugin. -->","yoast_head_json":{"title":"Salzmann 3M Warnweste f\u00fcr Kinder mit Rei\u00dfverschluss - Hergestellt mit 3M Reflektierendem Material - Markt-XXL","description":"Markt-XXL Salzmann 3M Warnweste f\u00fcr Kinder mit Rei\u00dfverschluss - Hergestellt mit 3M Reflektierendem Material","robots":{"index":"index","follow":"follow","max-snippet":"max-snippet:-1","max-image-preview":"max-image-preview:large","max-video-preview":"max-video-preview:-1"},"canonical":"https:\/\/marktxxl.de\/markt\/produkt\/salzmann-3m-warnweste-fuer-kinder-mit-reissverschluss-hergestellt-mit-3m-reflektierendem-material\/","og_locale":"de_DE","og_type":"article","og_title":"Salzmann 3M Warnweste f\u00fcr Kinder mit Rei\u00dfverschluss - Hergestellt mit 3M Reflektierendem Material - Markt-XXL","og_description":"Markt-XXL Salzmann 3M Warnweste f\u00fcr Kinder mit Rei\u00dfverschluss - Hergestellt mit 3M Reflektierendem Material","og_url":"https:\/\/marktxxl.de\/markt\/produkt\/salzmann-3m-warnweste-fuer-kinder-mit-reissverschluss-hergestellt-mit-3m-reflektierendem-material\/","og_site_name":"Markt-XXL","twitter_card":"summary_large_image","schema":{"@context":"https:\/\/schema.org","@graph":[{"@type":"WebPage","@id":"https:\/\/marktxxl.de\/markt\/produkt\/salzmann-3m-warnweste-fuer-kinder-mit-reissverschluss-hergestellt-mit-3m-reflektierendem-material\/","url":"https:\/\/marktxxl.de\/markt\/produkt\/salzmann-3m-warnweste-fuer-kinder-mit-reissverschluss-hergestellt-mit-3m-reflektierendem-material\/","name":"Salzmann 3M Warnweste f\u00fcr Kinder mit Rei\u00dfverschluss - Hergestellt mit 3M Reflektierendem Material - Markt-XXL","isPartOf":{"@id":"https:\/\/marktxxl.de\/markt\/#website"},"primaryImageOfPage":{"@id":"https:\/\/marktxxl.de\/markt\/produkt\/salzmann-3m-warnweste-fuer-kinder-mit-reissverschluss-hergestellt-mit-3m-reflektierendem-material\/#primaryimage"},"image":{"@id":"https:\/\/marktxxl.de\/markt\/produkt\/salzmann-3m-warnweste-fuer-kinder-mit-reissverschluss-hergestellt-mit-3m-reflektierendem-material\/#primaryimage"},"thumbnailUrl":"https:\/\/m.media-amazon.com\/images\/I\/31ZAA3aksIL._SL500_.jpg","datePublished":"2024-05-29T09:58:49+00:00","description":"Markt-XXL Salzmann 3M Warnweste f\u00fcr Kinder mit Rei\u00dfverschluss - Hergestellt mit 3M Reflektierendem Material","breadcrumb":{"@id":"https:\/\/marktxxl.de\/markt\/produkt\/salzmann-3m-warnweste-fuer-kinder-mit-reissverschluss-hergestellt-mit-3m-reflektierendem-material\/#breadcrumb"},"inLanguage":"de","potentialAction":[{"@type":"ReadAction","target":["https:\/\/marktxxl.de\/markt\/produkt\/salzmann-3m-warnweste-fuer-kinder-mit-reissverschluss-hergestellt-mit-3m-reflektierendem-material\/"]}]},{"@type":"ImageObject","inLanguage":"de","@id":"https:\/\/marktxxl.de\/markt\/produkt\/salzmann-3m-warnweste-fuer-kinder-mit-reissverschluss-hergestellt-mit-3m-reflektierendem-material\/#primaryimage","url":"https:\/\/m.media-amazon.com\/images\/I\/31ZAA3aksIL._SL500_.jpg","contentUrl":"https:\/\/m.media-amazon.com\/images\/I\/31ZAA3aksIL._SL500_.jpg","width":500,"height":500},{"@type":"BreadcrumbList","@id":"https:\/\/marktxxl.de\/markt\/produkt\/salzmann-3m-warnweste-fuer-kinder-mit-reissverschluss-hergestellt-mit-3m-reflektierendem-material\/#breadcrumb","itemListElement":[{"@type":"ListItem","position":1,"name":"Startseite","item":"https:\/\/marktxxl.de\/markt\/"},{"@type":"ListItem","position":2,"name":"Markt","item":"https:\/\/marktxxl.de\/markt\/"},{"@type":"ListItem","position":3,"name":"Salzmann 3M Warnweste f\u00fcr Kinder mit Rei\u00dfverschluss &#8211; Hergestellt mit 3M Reflektierendem Material"}]},{"@type":"WebSite","@id":"https:\/\/marktxxl.de\/markt\/#website","url":"https:\/\/marktxxl.de\/markt\/","name":"Markt-XXL","description":"Ihr Markt Online","publisher":{"@id":"https:\/\/marktxxl.de\/markt\/#organization"},"potentialAction":[{"@type":"SearchAction","target":{"@type":"EntryPoint","urlTemplate":"https:\/\/marktxxl.de\/markt\/?s={search_term_string}"},"query-input":{"@type":"PropertyValueSpecification","valueRequired":true,"valueName":"search_term_string"}}],"inLanguage":"de"},{"@type":"Organization","@id":"https:\/\/marktxxl.de\/markt\/#organization","name":"Markt-XXL","url":"https:\/\/marktxxl.de\/markt\/","logo":{"@type":"ImageObject","inLanguage":"de","@id":"https:\/\/marktxxl.de\/markt\/#\/schema\/logo\/image\/","url":"https:\/\/marktxxl.de\/markt\/wp-content\/uploads\/sites\/3\/2020\/12\/logo.png","contentUrl":"https:\/\/marktxxl.de\/markt\/wp-content\/uploads\/sites\/3\/2020\/12\/logo.png","width":200,"height":70,"caption":"Markt-XXL"},"image":{"@id":"https:\/\/marktxxl.de\/markt\/#\/schema\/logo\/image\/"}}]}},"_links":{"self":[{"href":"https:\/\/marktxxl.de\/markt\/wp-json\/wp\/v2\/product\/209178","targetHints":{"allow":["GET"]}}],"collection":[{"href":"https:\/\/marktxxl.de\/markt\/wp-json\/wp\/v2\/product"}],"about":[{"href":"https:\/\/marktxxl.de\/markt\/wp-json\/wp\/v2\/types\/product"}],"replies":[{"embeddable":true,"href":"https:\/\/marktxxl.de\/markt\/wp-json\/wp\/v2\/comments?post=209178"}],"wp:featuredmedia":[{"embeddable":true,"href":"https:\/\/marktxxl.de\/markt\/wp-json\/wp\/v2\/media\/209179"}],"wp:attachment":[{"href":"https:\/\/marktxxl.de\/markt\/wp-json\/wp\/v2\/media?parent=209178"}],"wp:term":[{"taxonomy":"product_brand","embeddable":true,"href":"https:\/\/marktxxl.de\/markt\/wp-json\/wp\/v2\/product_brand?post=209178"},{"taxonomy":"product_cat","embeddable":true,"href":"https:\/\/marktxxl.de\/markt\/wp-json\/wp\/v2\/product_cat?post=209178"},{"taxonomy":"product_tag","embeddable":true,"href":"https:\/\/marktxxl.de\/markt\/wp-json\/wp\/v2\/product_tag?post=209178"}],"curies":[{"name":"wp","href":"https:\/\/api.w.org\/{rel}","templated":true}]}}