{"id":209122,"date":"2024-05-29T11:37:15","date_gmt":"2024-05-29T09:37:15","guid":{"rendered":"https:\/\/marktxxl.de\/markt\/produkt\/cafe-viereck-fleissbiene-patch-gestickt-mit-klett-52-cm-x-6-cm\/"},"modified":"2024-05-29T11:37:15","modified_gmt":"2024-05-29T09:37:15","slug":"cafe-viereck-fleissbiene-patch-gestickt-mit-klett-52-cm-x-6-cm","status":"publish","type":"product","link":"https:\/\/marktxxl.de\/markt\/produkt\/cafe-viereck-fleissbiene-patch-gestickt-mit-klett-52-cm-x-6-cm\/","title":{"rendered":"Caf\u00e9 Viereck \u00ae Flei\u00dfbiene Patch Gestickt mit Klett \u2013 5,2 cm x 6 cm"},"content":{"rendered":"<p>EXTREM ROBUST \u2013 Die Fun Patches \u201eS\u00fc\u00dfe Honigbiene\u201c (schwarz\/gold) sind komplett widerstandsf\u00e4hig gegen N\u00e4sse und K\u00e4lte. Zudem sind sie UV-best\u00e4ndig, farbecht und die Klettr\u00fcckseite ist komplett vern\u00e4ht. Mit unserem s\u00fc\u00dfem Klettpatch wirst du viel und lange Freude haben!<br \/>\nH\u00d6CHSTE QUALIT\u00c4T \u2013 Unsere langlebigen Bienchen Klett Patches sind aus hochwertigem Stickgarn, Baumwolle und sauber mit Kettelrand verarbeitet. Jedes gestickte, lustige Stoff Abzeichen durchl\u00e4uft einen aufwendigen Herstellungsprozess. Du hast dir das Beste verdient!<br \/>\nBUNDESWEHR \u2013 Die Gr\u00fcnderin von Caf\u00e9 Viereck ist Reservistin bei der Bundeswehr (BW) und kennt die Qualit\u00e4tsanspr\u00fcche genau. Diesem Standard und den hohen Anspr\u00fcchen k\u00f6nnen wir mit unseren Bienen Badges gerecht werden. Bei uns bist du in guten H\u00e4nden!<br \/>\nMADE IN GERMANY \u2013 F\u00fcr dich legen wir den gr\u00f6\u00dften Wert auf die Qualit\u00e4t unserer Morale Klettpatches. Wir sind ein Deutsches Unternehmen und produzieren auch ausschlie\u00dflich in Deutschland. F\u00fcr dich scheuen wir keine Kosten und M\u00fchen. Hole jemandem das perfekte Patch Geschenk!<br \/>\n100%-ZUFRIEDENHEIT \u2013 Qualit\u00e4t und Service steht bei Caf\u00e9 Viereck an der ersten Stelle. Wir m\u00f6chten dir eine absolut risikolose Bestellung anbieten: Solltest du mit dem Biene mit Fl\u00fcgel Patch nicht voll zufrieden sein, erh\u00e4ltst du sofort dein Geld zur\u00fcck \u2013 ohne Wenn und Aber!<br \/>\n<div class=\"main-cross-sell\" data-asin=\"B07F6XXYML\">\n\n\t<div class=\"WooZone-cross-sell-loader\">\n\t\t<div>\n\t\t\t<div id=\"floatingBarsG\">\n\t\t\t\t<div class=\"blockG\" id=\"rotateG_01\"><\/div>\n\t\t\t\t<div class=\"blockG\" id=\"rotateG_02\"><\/div>\n\t\t\t\t<div class=\"blockG\" id=\"rotateG_03\"><\/div>\n\t\t\t\t<div class=\"blockG\" id=\"rotateG_04\"><\/div>\n\t\t\t\t<div class=\"blockG\" id=\"rotateG_05\"><\/div>\n\t\t\t\t<div class=\"blockG\" id=\"rotateG_06\"><\/div>\n\t\t\t\t<div class=\"blockG\" id=\"rotateG_07\"><\/div>\n\t\t\t\t<div class=\"blockG\" id=\"rotateG_08\"><\/div>\n\t\t\t<\/div>\n\t\t\t<div class=\"WooZone-cross-sell-loader-text\"><\/div>\n\t\t<\/div>\n\t<\/div>\n\n\t\t\n<\/div>\n<div style=\"clear:both;\"><\/div><\/p>\n","protected":false},"excerpt":{"rendered":"<p>EXTREM ROBUST \u2013 Die Fun Patches \u201eS\u00fc\u00dfe Honigbiene\u201c (schwarz\/gold) sind komplett widerstandsf\u00e4hig gegen N\u00e4sse und K\u00e4lte. Zudem sind sie UV-best\u00e4ndig, farbecht und die Klettr\u00fcckseite ist komplett vern\u00e4ht. Mit unserem s\u00fc\u00dfem Klettpatch wirst du viel und lange Freude haben!<br \/>\nH\u00d6CHSTE QUALIT\u00c4T \u2013 Unsere langlebigen Bienchen Klett Patches sind aus hochwertigem Stickgarn, Baumwolle und sauber mit Kettelrand verarbeitet. Jedes gestickte, lustige Stoff Abzeichen durchl\u00e4uft einen aufwendigen Herstellungsprozess. Du hast dir das Beste verdient!<br \/>\nBUNDESWEHR \u2013 Die Gr\u00fcnderin von Caf\u00e9 Viereck ist Reservistin bei der Bundeswehr (BW) und kennt die Qualit\u00e4tsanspr\u00fcche genau. Diesem Standard und den hohen Anspr\u00fcchen k\u00f6nnen wir mit unseren Bienen Badges gerecht werden. Bei uns bist du in guten H\u00e4nden!<\/p>\n","protected":false},"featured_media":209123,"comment_status":"open","ping_status":"closed","template":"","meta":[],"product_brand":[],"product_cat":[4143,1186],"product_tag":[],"class_list":{"0":"post-209122","1":"product","2":"type-product","3":"status-publish","4":"has-post-thumbnail","6":"product_cat-arbeitskleidung-uniformen","7":"product_cat-bekleidung","8":"pa_brand-cafe-viereck","9":"pa_color-gelb","10":"pa_manufacturer-cafe-viereck","11":"pa_size-5-2-x-6-cm","12":"pa_weight-0-01984160358-pfund","14":"first","15":"instock","16":"shipping-taxable","17":"purchasable","18":"product-type-simple","19":"customify-col","20":"product-has-gallery"},"yoast_head":"<!-- This site is optimized with the Yoast SEO plugin v27.4 - https:\/\/yoast.com\/product\/yoast-seo-wordpress\/ -->\n<title>Caf\u00e9 Viereck \u00ae Flei\u00dfbiene Patch Gestickt mit Klett \u2013 5,2 cm x 6 cm - Markt-XXL<\/title>\n<meta name=\"description\" content=\"Markt-XXL Caf\u00e9 Viereck \u00ae Flei\u00dfbiene Patch Gestickt mit Klett \u2013 5,2 cm x 6 cm\" \/>\n<meta name=\"robots\" content=\"index, follow, max-snippet:-1, max-image-preview:large, max-video-preview:-1\" \/>\n<link rel=\"canonical\" href=\"https:\/\/marktxxl.de\/markt\/produkt\/cafe-viereck-fleissbiene-patch-gestickt-mit-klett-52-cm-x-6-cm\/\" \/>\n<meta property=\"og:locale\" content=\"de_DE\" \/>\n<meta property=\"og:type\" content=\"article\" \/>\n<meta property=\"og:title\" content=\"Caf\u00e9 Viereck \u00ae Flei\u00dfbiene Patch Gestickt mit Klett \u2013 5,2 cm x 6 cm - Markt-XXL\" \/>\n<meta property=\"og:description\" content=\"Markt-XXL Caf\u00e9 Viereck \u00ae Flei\u00dfbiene Patch Gestickt mit Klett \u2013 5,2 cm x 6 cm\" \/>\n<meta property=\"og:url\" content=\"https:\/\/marktxxl.de\/markt\/produkt\/cafe-viereck-fleissbiene-patch-gestickt-mit-klett-52-cm-x-6-cm\/\" \/>\n<meta property=\"og:site_name\" content=\"Markt-XXL\" \/>\n<meta name=\"twitter:card\" content=\"summary_large_image\" \/>\n<meta name=\"twitter:label1\" content=\"Gesch\u00e4tzte Lesezeit\" \/>\n\t<meta name=\"twitter:data1\" content=\"1\u00a0Minute\" \/>\n<script type=\"application\/ld+json\" class=\"yoast-schema-graph\">{\"@context\":\"https:\\\/\\\/schema.org\",\"@graph\":[{\"@type\":\"WebPage\",\"@id\":\"https:\\\/\\\/marktxxl.de\\\/markt\\\/produkt\\\/cafe-viereck-fleissbiene-patch-gestickt-mit-klett-52-cm-x-6-cm\\\/\",\"url\":\"https:\\\/\\\/marktxxl.de\\\/markt\\\/produkt\\\/cafe-viereck-fleissbiene-patch-gestickt-mit-klett-52-cm-x-6-cm\\\/\",\"name\":\"Caf\u00e9 Viereck \u00ae Flei\u00dfbiene Patch Gestickt mit Klett \u2013 5,2 cm x 6 cm - Markt-XXL\",\"isPartOf\":{\"@id\":\"https:\\\/\\\/marktxxl.de\\\/markt\\\/#website\"},\"primaryImageOfPage\":{\"@id\":\"https:\\\/\\\/marktxxl.de\\\/markt\\\/produkt\\\/cafe-viereck-fleissbiene-patch-gestickt-mit-klett-52-cm-x-6-cm\\\/#primaryimage\"},\"image\":{\"@id\":\"https:\\\/\\\/marktxxl.de\\\/markt\\\/produkt\\\/cafe-viereck-fleissbiene-patch-gestickt-mit-klett-52-cm-x-6-cm\\\/#primaryimage\"},\"thumbnailUrl\":\"https:\\\/\\\/m.media-amazon.com\\\/images\\\/I\\\/51h0iKcL9RL._SL500_.jpg\",\"datePublished\":\"2024-05-29T09:37:15+00:00\",\"description\":\"Markt-XXL Caf\u00e9 Viereck \u00ae Flei\u00dfbiene Patch Gestickt mit Klett \u2013 5,2 cm x 6 cm\",\"breadcrumb\":{\"@id\":\"https:\\\/\\\/marktxxl.de\\\/markt\\\/produkt\\\/cafe-viereck-fleissbiene-patch-gestickt-mit-klett-52-cm-x-6-cm\\\/#breadcrumb\"},\"inLanguage\":\"de\",\"potentialAction\":[{\"@type\":\"ReadAction\",\"target\":[\"https:\\\/\\\/marktxxl.de\\\/markt\\\/produkt\\\/cafe-viereck-fleissbiene-patch-gestickt-mit-klett-52-cm-x-6-cm\\\/\"]}]},{\"@type\":\"ImageObject\",\"inLanguage\":\"de\",\"@id\":\"https:\\\/\\\/marktxxl.de\\\/markt\\\/produkt\\\/cafe-viereck-fleissbiene-patch-gestickt-mit-klett-52-cm-x-6-cm\\\/#primaryimage\",\"url\":\"https:\\\/\\\/m.media-amazon.com\\\/images\\\/I\\\/51h0iKcL9RL._SL500_.jpg\",\"contentUrl\":\"https:\\\/\\\/m.media-amazon.com\\\/images\\\/I\\\/51h0iKcL9RL._SL500_.jpg\",\"width\":500,\"height\":500},{\"@type\":\"BreadcrumbList\",\"@id\":\"https:\\\/\\\/marktxxl.de\\\/markt\\\/produkt\\\/cafe-viereck-fleissbiene-patch-gestickt-mit-klett-52-cm-x-6-cm\\\/#breadcrumb\",\"itemListElement\":[{\"@type\":\"ListItem\",\"position\":1,\"name\":\"Startseite\",\"item\":\"https:\\\/\\\/marktxxl.de\\\/markt\\\/\"},{\"@type\":\"ListItem\",\"position\":2,\"name\":\"Markt\",\"item\":\"https:\\\/\\\/marktxxl.de\\\/markt\\\/\"},{\"@type\":\"ListItem\",\"position\":3,\"name\":\"Caf\u00e9 Viereck \u00ae Flei\u00dfbiene Patch Gestickt mit Klett \u2013 5,2 cm x 6 cm\"}]},{\"@type\":\"WebSite\",\"@id\":\"https:\\\/\\\/marktxxl.de\\\/markt\\\/#website\",\"url\":\"https:\\\/\\\/marktxxl.de\\\/markt\\\/\",\"name\":\"Markt-XXL\",\"description\":\"Ihr Markt Online\",\"publisher\":{\"@id\":\"https:\\\/\\\/marktxxl.de\\\/markt\\\/#organization\"},\"potentialAction\":[{\"@type\":\"SearchAction\",\"target\":{\"@type\":\"EntryPoint\",\"urlTemplate\":\"https:\\\/\\\/marktxxl.de\\\/markt\\\/?s={search_term_string}\"},\"query-input\":{\"@type\":\"PropertyValueSpecification\",\"valueRequired\":true,\"valueName\":\"search_term_string\"}}],\"inLanguage\":\"de\"},{\"@type\":\"Organization\",\"@id\":\"https:\\\/\\\/marktxxl.de\\\/markt\\\/#organization\",\"name\":\"Markt-XXL\",\"url\":\"https:\\\/\\\/marktxxl.de\\\/markt\\\/\",\"logo\":{\"@type\":\"ImageObject\",\"inLanguage\":\"de\",\"@id\":\"https:\\\/\\\/marktxxl.de\\\/markt\\\/#\\\/schema\\\/logo\\\/image\\\/\",\"url\":\"https:\\\/\\\/marktxxl.de\\\/markt\\\/wp-content\\\/uploads\\\/sites\\\/3\\\/2020\\\/12\\\/logo.png\",\"contentUrl\":\"https:\\\/\\\/marktxxl.de\\\/markt\\\/wp-content\\\/uploads\\\/sites\\\/3\\\/2020\\\/12\\\/logo.png\",\"width\":200,\"height\":70,\"caption\":\"Markt-XXL\"},\"image\":{\"@id\":\"https:\\\/\\\/marktxxl.de\\\/markt\\\/#\\\/schema\\\/logo\\\/image\\\/\"}}]}<\/script>\n<!-- \/ Yoast SEO plugin. -->","yoast_head_json":{"title":"Caf\u00e9 Viereck \u00ae Flei\u00dfbiene Patch Gestickt mit Klett \u2013 5,2 cm x 6 cm - Markt-XXL","description":"Markt-XXL Caf\u00e9 Viereck \u00ae Flei\u00dfbiene Patch Gestickt mit Klett \u2013 5,2 cm x 6 cm","robots":{"index":"index","follow":"follow","max-snippet":"max-snippet:-1","max-image-preview":"max-image-preview:large","max-video-preview":"max-video-preview:-1"},"canonical":"https:\/\/marktxxl.de\/markt\/produkt\/cafe-viereck-fleissbiene-patch-gestickt-mit-klett-52-cm-x-6-cm\/","og_locale":"de_DE","og_type":"article","og_title":"Caf\u00e9 Viereck \u00ae Flei\u00dfbiene Patch Gestickt mit Klett \u2013 5,2 cm x 6 cm - Markt-XXL","og_description":"Markt-XXL Caf\u00e9 Viereck \u00ae Flei\u00dfbiene Patch Gestickt mit Klett \u2013 5,2 cm x 6 cm","og_url":"https:\/\/marktxxl.de\/markt\/produkt\/cafe-viereck-fleissbiene-patch-gestickt-mit-klett-52-cm-x-6-cm\/","og_site_name":"Markt-XXL","twitter_card":"summary_large_image","twitter_misc":{"Gesch\u00e4tzte Lesezeit":"1\u00a0Minute"},"schema":{"@context":"https:\/\/schema.org","@graph":[{"@type":"WebPage","@id":"https:\/\/marktxxl.de\/markt\/produkt\/cafe-viereck-fleissbiene-patch-gestickt-mit-klett-52-cm-x-6-cm\/","url":"https:\/\/marktxxl.de\/markt\/produkt\/cafe-viereck-fleissbiene-patch-gestickt-mit-klett-52-cm-x-6-cm\/","name":"Caf\u00e9 Viereck \u00ae Flei\u00dfbiene Patch Gestickt mit Klett \u2013 5,2 cm x 6 cm - Markt-XXL","isPartOf":{"@id":"https:\/\/marktxxl.de\/markt\/#website"},"primaryImageOfPage":{"@id":"https:\/\/marktxxl.de\/markt\/produkt\/cafe-viereck-fleissbiene-patch-gestickt-mit-klett-52-cm-x-6-cm\/#primaryimage"},"image":{"@id":"https:\/\/marktxxl.de\/markt\/produkt\/cafe-viereck-fleissbiene-patch-gestickt-mit-klett-52-cm-x-6-cm\/#primaryimage"},"thumbnailUrl":"https:\/\/m.media-amazon.com\/images\/I\/51h0iKcL9RL._SL500_.jpg","datePublished":"2024-05-29T09:37:15+00:00","description":"Markt-XXL Caf\u00e9 Viereck \u00ae Flei\u00dfbiene Patch Gestickt mit Klett \u2013 5,2 cm x 6 cm","breadcrumb":{"@id":"https:\/\/marktxxl.de\/markt\/produkt\/cafe-viereck-fleissbiene-patch-gestickt-mit-klett-52-cm-x-6-cm\/#breadcrumb"},"inLanguage":"de","potentialAction":[{"@type":"ReadAction","target":["https:\/\/marktxxl.de\/markt\/produkt\/cafe-viereck-fleissbiene-patch-gestickt-mit-klett-52-cm-x-6-cm\/"]}]},{"@type":"ImageObject","inLanguage":"de","@id":"https:\/\/marktxxl.de\/markt\/produkt\/cafe-viereck-fleissbiene-patch-gestickt-mit-klett-52-cm-x-6-cm\/#primaryimage","url":"https:\/\/m.media-amazon.com\/images\/I\/51h0iKcL9RL._SL500_.jpg","contentUrl":"https:\/\/m.media-amazon.com\/images\/I\/51h0iKcL9RL._SL500_.jpg","width":500,"height":500},{"@type":"BreadcrumbList","@id":"https:\/\/marktxxl.de\/markt\/produkt\/cafe-viereck-fleissbiene-patch-gestickt-mit-klett-52-cm-x-6-cm\/#breadcrumb","itemListElement":[{"@type":"ListItem","position":1,"name":"Startseite","item":"https:\/\/marktxxl.de\/markt\/"},{"@type":"ListItem","position":2,"name":"Markt","item":"https:\/\/marktxxl.de\/markt\/"},{"@type":"ListItem","position":3,"name":"Caf\u00e9 Viereck \u00ae Flei\u00dfbiene Patch Gestickt mit Klett \u2013 5,2 cm x 6 cm"}]},{"@type":"WebSite","@id":"https:\/\/marktxxl.de\/markt\/#website","url":"https:\/\/marktxxl.de\/markt\/","name":"Markt-XXL","description":"Ihr Markt Online","publisher":{"@id":"https:\/\/marktxxl.de\/markt\/#organization"},"potentialAction":[{"@type":"SearchAction","target":{"@type":"EntryPoint","urlTemplate":"https:\/\/marktxxl.de\/markt\/?s={search_term_string}"},"query-input":{"@type":"PropertyValueSpecification","valueRequired":true,"valueName":"search_term_string"}}],"inLanguage":"de"},{"@type":"Organization","@id":"https:\/\/marktxxl.de\/markt\/#organization","name":"Markt-XXL","url":"https:\/\/marktxxl.de\/markt\/","logo":{"@type":"ImageObject","inLanguage":"de","@id":"https:\/\/marktxxl.de\/markt\/#\/schema\/logo\/image\/","url":"https:\/\/marktxxl.de\/markt\/wp-content\/uploads\/sites\/3\/2020\/12\/logo.png","contentUrl":"https:\/\/marktxxl.de\/markt\/wp-content\/uploads\/sites\/3\/2020\/12\/logo.png","width":200,"height":70,"caption":"Markt-XXL"},"image":{"@id":"https:\/\/marktxxl.de\/markt\/#\/schema\/logo\/image\/"}}]}},"_links":{"self":[{"href":"https:\/\/marktxxl.de\/markt\/wp-json\/wp\/v2\/product\/209122","targetHints":{"allow":["GET"]}}],"collection":[{"href":"https:\/\/marktxxl.de\/markt\/wp-json\/wp\/v2\/product"}],"about":[{"href":"https:\/\/marktxxl.de\/markt\/wp-json\/wp\/v2\/types\/product"}],"replies":[{"embeddable":true,"href":"https:\/\/marktxxl.de\/markt\/wp-json\/wp\/v2\/comments?post=209122"}],"wp:featuredmedia":[{"embeddable":true,"href":"https:\/\/marktxxl.de\/markt\/wp-json\/wp\/v2\/media\/209123"}],"wp:attachment":[{"href":"https:\/\/marktxxl.de\/markt\/wp-json\/wp\/v2\/media?parent=209122"}],"wp:term":[{"taxonomy":"product_brand","embeddable":true,"href":"https:\/\/marktxxl.de\/markt\/wp-json\/wp\/v2\/product_brand?post=209122"},{"taxonomy":"product_cat","embeddable":true,"href":"https:\/\/marktxxl.de\/markt\/wp-json\/wp\/v2\/product_cat?post=209122"},{"taxonomy":"product_tag","embeddable":true,"href":"https:\/\/marktxxl.de\/markt\/wp-json\/wp\/v2\/product_tag?post=209122"}],"curies":[{"name":"wp","href":"https:\/\/api.w.org\/{rel}","templated":true}]}}