{"id":208835,"date":"2024-05-29T10:47:03","date_gmt":"2024-05-29T08:47:03","guid":{"rendered":"https:\/\/marktxxl.de\/markt\/produkt\/amari-luxus-badebomben-vegan-6-stueck-badepralinen-geschenk-fuer-frauen-entspannungs-geschenkset-damen-badezusatz-set-entspannungsbad-badezubehoer\/"},"modified":"2024-05-29T10:47:03","modified_gmt":"2024-05-29T08:47:03","slug":"amari-luxus-badebomben-vegan-6-stueck-badepralinen-geschenk-fuer-frauen-entspannungs-geschenkset-damen-badezusatz-set-entspannungsbad-badezubehoer","status":"publish","type":"product","link":"https:\/\/marktxxl.de\/markt\/produkt\/amari-luxus-badebomben-vegan-6-stueck-badepralinen-geschenk-fuer-frauen-entspannungs-geschenkset-damen-badezusatz-set-entspannungsbad-badezubehoer\/","title":{"rendered":"AMARI \u00ae Luxus Badebomben vegan (6 St\u00fcck) &#8211; Badepralinen Geschenk f\u00fcr Frauen &#8211; Entspannungs Geschenkset Damen &#8211; Badezusatz Set &#8211; Entspannungsbad &#8211; Badezubeh\u00f6r"},"content":{"rendered":"<p>\ud83d\udc9d \ud835\uddd5\ud835\uddd4\ud835\uddd7\ud835\uddd8\ud835\udde3\ud835\udde5\ud835\uddd4\ud835\udddf\ud835\udddc\ud835\udde1\ud835\uddd8\ud835\udde1 \ud835\uddda\ud835\uddd8\ud835\udde6\ud835\uddd6\ud835\udddb\ud835\uddd8\ud835\udde1\ud835\uddde\ud835\udde6\ud835\uddd8\ud835\udde7: Entdecke die handgefertigten AMARI Badepralinen in 6 verf\u00fchrerischen D\u00fcften: Ocean Waves, Cherry Blossom, Loveletter, Rose Garden, Cranberry Kiss und Sunset. Ein entspannendes Wellness-Set f\u00fcr Frauen!<br \/>\n\ud83d\udc9d\ud835\uddd8\ud835\udde1\ud835\udde7\ud835\udde6\ud835\udde3\ud835\uddd4\ud835\udde1\ud835\udde1\ud835\udde8\ud835\udde1\ud835\uddda &amp; \ud835\udde3\ud835\uddd9\ud835\udddf\ud835\uddd8\ud835\uddda\ud835\uddd8: Unsere Badekugeln vereinen Sheabutter, Kakaobutter und Bio-Oliven\u00f6l f\u00fcr intensive Hautpflege und Feuchtigkeit. Das beiliegende S\u00e4ckchen f\u00e4ngt Bl\u00fctenr\u00fcckst\u00e4nde auf, was f\u00fcr ein sorgenfreies Badeerlebnis sorgt.<br \/>\n\ud83d\udc9d \ud835\uddd8\ud835\udddf\ud835\uddd8\ud835\uddda\ud835\uddd4\ud835\udde1\ud835\udde7 &amp; \ud835\uddd4\ud835\uddd8\ud835\udde6\ud835\udde7\ud835\udddb\ud835\uddd8\ud835\udde7\ud835\udddc\ud835\udde6\ud835\uddd6\ud835\udddb: Jede Badepraline ist ein Kunstwerk f\u00fcr sich und wird in \u00d6sterreich handgefertigt. Dank der sch\u00f6nen Verpackung eignen sich dieses Beauty Set perfekt als Entspannungs-Geschenk f\u00fcr Damen.<br \/>\n\ud83d\udc9d \ud835\udde1\ud835\uddd4\ud835\udde7\u00dc\ud835\udde5\ud835\udddf\ud835\udddc\ud835\uddd6\ud835\udddb &amp; \ud835\udde1\ud835\uddd4\ud835\uddd6\ud835\udddb\ud835\udddb\ud835\uddd4\ud835\udddf\ud835\udde7\ud835\udddc\ud835\uddda: Genie\u00dfe ein umweltfreundliches Entspannungsbad mit unseren veganen, mikroplastikfreien und tierversuchsfreien Badepralinen, die CO2-neutral produziert und mit Bio-Oliven\u00f6l angereichert sind.<br \/>\n\ud83d\udc9d \ud835\udde6\ud835\udde2\ud835\udded\ud835\udddc\ud835\uddd4\ud835\udddf\ud835\uddd8\ud835\udde6 \ud835\udde3\ud835\udde5\ud835\udde2\ud835\udddd\ud835\uddd8\ud835\uddde\ud835\udde7: F\u00fcr jedes unserer verkauften AMARI Produkte spenden wir eine Schulmahlzeit an bed\u00fcrftige Kinder in Afrika. Doch das ist nur mit deiner Hilfe m\u00f6glich. Doppelte Freude schenken!<br \/>\n<div class=\"main-cross-sell\" data-asin=\"B0B94TMGBK\">\n\n\t<div class=\"WooZone-cross-sell-loader\">\n\t\t<div>\n\t\t\t<div id=\"floatingBarsG\">\n\t\t\t\t<div class=\"blockG\" id=\"rotateG_01\"><\/div>\n\t\t\t\t<div class=\"blockG\" id=\"rotateG_02\"><\/div>\n\t\t\t\t<div class=\"blockG\" id=\"rotateG_03\"><\/div>\n\t\t\t\t<div class=\"blockG\" id=\"rotateG_04\"><\/div>\n\t\t\t\t<div class=\"blockG\" id=\"rotateG_05\"><\/div>\n\t\t\t\t<div class=\"blockG\" id=\"rotateG_06\"><\/div>\n\t\t\t\t<div class=\"blockG\" id=\"rotateG_07\"><\/div>\n\t\t\t\t<div class=\"blockG\" id=\"rotateG_08\"><\/div>\n\t\t\t<\/div>\n\t\t\t<div class=\"WooZone-cross-sell-loader-text\"><\/div>\n\t\t<\/div>\n\t<\/div>\n\n\t\t\n<\/div>\n<div style=\"clear:both;\"><\/div><\/p>\n","protected":false},"excerpt":{"rendered":"<p>\ud83d\udc9d \ud835\uddd5\ud835\uddd4\ud835\uddd7\ud835\uddd8\ud835\udde3\ud835\udde5\ud835\uddd4\ud835\udddf\ud835\udddc\ud835\udde1\ud835\uddd8\ud835\udde1 \ud835\uddda\ud835\uddd8\ud835\udde6\ud835\uddd6\ud835\udddb\ud835\uddd8\ud835\udde1\ud835\uddde\ud835\udde6\ud835\uddd8\ud835\udde7: Entdecke die handgefertigten AMARI Badepralinen in 6 verf\u00fchrerischen D\u00fcften: Ocean Waves, Cherry Blossom, Loveletter, Rose Garden, Cranberry Kiss und Sunset. Ein entspannendes Wellness-Set f\u00fcr Frauen!<br \/>\n\ud83d\udc9d\ud835\uddd8\ud835\udde1\ud835\udde7\ud835\udde6\ud835\udde3\ud835\uddd4\ud835\udde1\ud835\udde1\ud835\udde8\ud835\udde1\ud835\uddda &amp; \ud835\udde3\ud835\uddd9\ud835\udddf\ud835\uddd8\ud835\uddda\ud835\uddd8: Unsere Badekugeln vereinen Sheabutter, Kakaobutter und Bio-Oliven\u00f6l f\u00fcr intensive Hautpflege und Feuchtigkeit. Das beiliegende S\u00e4ckchen f\u00e4ngt Bl\u00fctenr\u00fcckst\u00e4nde auf, was f\u00fcr ein sorgenfreies Badeerlebnis sorgt.<br \/>\n\ud83d\udc9d \ud835\uddd8\ud835\udddf\ud835\uddd8\ud835\uddda\ud835\uddd4\ud835\udde1\ud835\udde7 &amp; \ud835\uddd4\ud835\uddd8\ud835\udde6\ud835\udde7\ud835\udddb\ud835\uddd8\ud835\udde7\ud835\udddc\ud835\udde6\ud835\uddd6\ud835\udddb: Jede Badepraline ist ein Kunstwerk f\u00fcr sich und wird in \u00d6sterreich handgefertigt. Dank der sch\u00f6nen Verpackung eignen sich dieses Beauty Set perfekt als Entspannungs-Geschenk f\u00fcr Damen.<\/p>\n","protected":false},"featured_media":208836,"comment_status":"open","ping_status":"closed","template":"","meta":[],"product_brand":[],"product_cat":[2858],"product_tag":[],"class_list":{"0":"post-208835","1":"product","2":"type-product","3":"status-publish","4":"has-post-thumbnail","6":"product_cat-beauty","7":"pa_brand-amari","8":"pa_manufacturer-amari","9":"pa_size-6-stueck-1er-pack","10":"pa_weight-1-0582188576-pounds","12":"first","13":"instock","14":"sale","15":"shipping-taxable","16":"purchasable","17":"product-type-simple","18":"customify-col","19":"product-has-gallery"},"yoast_head":"<!-- This site is optimized with the Yoast SEO plugin v27.4 - https:\/\/yoast.com\/product\/yoast-seo-wordpress\/ -->\n<title>AMARI \u00ae Luxus Badebomben vegan (6 St\u00fcck) - Badepralinen Geschenk f\u00fcr Frauen - Entspannungs Geschenkset Damen - Badezusatz Set - Entspannungsbad - Badezubeh\u00f6r - Markt-XXL<\/title>\n<meta name=\"description\" content=\"Markt-XXL AMARI \u00ae Luxus Badebomben vegan (6 St\u00fcck) - Badepralinen Geschenk f\u00fcr Frauen - Entspannungs Geschenkset Damen - Badezusatz Set - Entspannungsbad - Badezubeh\u00f6r\" \/>\n<meta name=\"robots\" content=\"index, follow, max-snippet:-1, max-image-preview:large, max-video-preview:-1\" \/>\n<link rel=\"canonical\" href=\"https:\/\/marktxxl.de\/markt\/produkt\/amari-luxus-badebomben-vegan-6-stueck-badepralinen-geschenk-fuer-frauen-entspannungs-geschenkset-damen-badezusatz-set-entspannungsbad-badezubehoer\/\" \/>\n<meta property=\"og:locale\" content=\"de_DE\" \/>\n<meta property=\"og:type\" content=\"article\" \/>\n<meta property=\"og:title\" content=\"AMARI \u00ae Luxus Badebomben vegan (6 St\u00fcck) - Badepralinen Geschenk f\u00fcr Frauen - Entspannungs Geschenkset Damen - Badezusatz Set - Entspannungsbad - Badezubeh\u00f6r - Markt-XXL\" \/>\n<meta property=\"og:description\" content=\"Markt-XXL AMARI \u00ae Luxus Badebomben vegan (6 St\u00fcck) - Badepralinen Geschenk f\u00fcr Frauen - Entspannungs Geschenkset Damen - Badezusatz Set - Entspannungsbad - Badezubeh\u00f6r\" \/>\n<meta property=\"og:url\" content=\"https:\/\/marktxxl.de\/markt\/produkt\/amari-luxus-badebomben-vegan-6-stueck-badepralinen-geschenk-fuer-frauen-entspannungs-geschenkset-damen-badezusatz-set-entspannungsbad-badezubehoer\/\" \/>\n<meta property=\"og:site_name\" content=\"Markt-XXL\" \/>\n<meta name=\"twitter:card\" content=\"summary_large_image\" \/>\n<meta name=\"twitter:label1\" content=\"Gesch\u00e4tzte Lesezeit\" \/>\n\t<meta name=\"twitter:data1\" content=\"1\u00a0Minute\" \/>\n<script type=\"application\/ld+json\" class=\"yoast-schema-graph\">{\"@context\":\"https:\\\/\\\/schema.org\",\"@graph\":[{\"@type\":\"WebPage\",\"@id\":\"https:\\\/\\\/marktxxl.de\\\/markt\\\/produkt\\\/amari-luxus-badebomben-vegan-6-stueck-badepralinen-geschenk-fuer-frauen-entspannungs-geschenkset-damen-badezusatz-set-entspannungsbad-badezubehoer\\\/\",\"url\":\"https:\\\/\\\/marktxxl.de\\\/markt\\\/produkt\\\/amari-luxus-badebomben-vegan-6-stueck-badepralinen-geschenk-fuer-frauen-entspannungs-geschenkset-damen-badezusatz-set-entspannungsbad-badezubehoer\\\/\",\"name\":\"AMARI \u00ae Luxus Badebomben vegan (6 St\u00fcck) - Badepralinen Geschenk f\u00fcr Frauen - Entspannungs Geschenkset Damen - Badezusatz Set - Entspannungsbad - Badezubeh\u00f6r - Markt-XXL\",\"isPartOf\":{\"@id\":\"https:\\\/\\\/marktxxl.de\\\/markt\\\/#website\"},\"primaryImageOfPage\":{\"@id\":\"https:\\\/\\\/marktxxl.de\\\/markt\\\/produkt\\\/amari-luxus-badebomben-vegan-6-stueck-badepralinen-geschenk-fuer-frauen-entspannungs-geschenkset-damen-badezusatz-set-entspannungsbad-badezubehoer\\\/#primaryimage\"},\"image\":{\"@id\":\"https:\\\/\\\/marktxxl.de\\\/markt\\\/produkt\\\/amari-luxus-badebomben-vegan-6-stueck-badepralinen-geschenk-fuer-frauen-entspannungs-geschenkset-damen-badezusatz-set-entspannungsbad-badezubehoer\\\/#primaryimage\"},\"thumbnailUrl\":\"https:\\\/\\\/m.media-amazon.com\\\/images\\\/I\\\/518qRrVtI1L._SL500_.jpg\",\"datePublished\":\"2024-05-29T08:47:03+00:00\",\"description\":\"Markt-XXL AMARI \u00ae Luxus Badebomben vegan (6 St\u00fcck) - Badepralinen Geschenk f\u00fcr Frauen - Entspannungs Geschenkset Damen - Badezusatz Set - Entspannungsbad - Badezubeh\u00f6r\",\"breadcrumb\":{\"@id\":\"https:\\\/\\\/marktxxl.de\\\/markt\\\/produkt\\\/amari-luxus-badebomben-vegan-6-stueck-badepralinen-geschenk-fuer-frauen-entspannungs-geschenkset-damen-badezusatz-set-entspannungsbad-badezubehoer\\\/#breadcrumb\"},\"inLanguage\":\"de\",\"potentialAction\":[{\"@type\":\"ReadAction\",\"target\":[\"https:\\\/\\\/marktxxl.de\\\/markt\\\/produkt\\\/amari-luxus-badebomben-vegan-6-stueck-badepralinen-geschenk-fuer-frauen-entspannungs-geschenkset-damen-badezusatz-set-entspannungsbad-badezubehoer\\\/\"]}]},{\"@type\":\"ImageObject\",\"inLanguage\":\"de\",\"@id\":\"https:\\\/\\\/marktxxl.de\\\/markt\\\/produkt\\\/amari-luxus-badebomben-vegan-6-stueck-badepralinen-geschenk-fuer-frauen-entspannungs-geschenkset-damen-badezusatz-set-entspannungsbad-badezubehoer\\\/#primaryimage\",\"url\":\"https:\\\/\\\/m.media-amazon.com\\\/images\\\/I\\\/518qRrVtI1L._SL500_.jpg\",\"contentUrl\":\"https:\\\/\\\/m.media-amazon.com\\\/images\\\/I\\\/518qRrVtI1L._SL500_.jpg\",\"width\":500,\"height\":500},{\"@type\":\"BreadcrumbList\",\"@id\":\"https:\\\/\\\/marktxxl.de\\\/markt\\\/produkt\\\/amari-luxus-badebomben-vegan-6-stueck-badepralinen-geschenk-fuer-frauen-entspannungs-geschenkset-damen-badezusatz-set-entspannungsbad-badezubehoer\\\/#breadcrumb\",\"itemListElement\":[{\"@type\":\"ListItem\",\"position\":1,\"name\":\"Startseite\",\"item\":\"https:\\\/\\\/marktxxl.de\\\/markt\\\/\"},{\"@type\":\"ListItem\",\"position\":2,\"name\":\"Markt\",\"item\":\"https:\\\/\\\/marktxxl.de\\\/markt\\\/\"},{\"@type\":\"ListItem\",\"position\":3,\"name\":\"AMARI \u00ae Luxus Badebomben vegan (6 St\u00fcck) &#8211; Badepralinen Geschenk f\u00fcr Frauen &#8211; Entspannungs Geschenkset Damen &#8211; Badezusatz Set &#8211; Entspannungsbad &#8211; Badezubeh\u00f6r\"}]},{\"@type\":\"WebSite\",\"@id\":\"https:\\\/\\\/marktxxl.de\\\/markt\\\/#website\",\"url\":\"https:\\\/\\\/marktxxl.de\\\/markt\\\/\",\"name\":\"Markt-XXL\",\"description\":\"Ihr Markt Online\",\"publisher\":{\"@id\":\"https:\\\/\\\/marktxxl.de\\\/markt\\\/#organization\"},\"potentialAction\":[{\"@type\":\"SearchAction\",\"target\":{\"@type\":\"EntryPoint\",\"urlTemplate\":\"https:\\\/\\\/marktxxl.de\\\/markt\\\/?s={search_term_string}\"},\"query-input\":{\"@type\":\"PropertyValueSpecification\",\"valueRequired\":true,\"valueName\":\"search_term_string\"}}],\"inLanguage\":\"de\"},{\"@type\":\"Organization\",\"@id\":\"https:\\\/\\\/marktxxl.de\\\/markt\\\/#organization\",\"name\":\"Markt-XXL\",\"url\":\"https:\\\/\\\/marktxxl.de\\\/markt\\\/\",\"logo\":{\"@type\":\"ImageObject\",\"inLanguage\":\"de\",\"@id\":\"https:\\\/\\\/marktxxl.de\\\/markt\\\/#\\\/schema\\\/logo\\\/image\\\/\",\"url\":\"https:\\\/\\\/marktxxl.de\\\/markt\\\/wp-content\\\/uploads\\\/sites\\\/3\\\/2020\\\/12\\\/logo.png\",\"contentUrl\":\"https:\\\/\\\/marktxxl.de\\\/markt\\\/wp-content\\\/uploads\\\/sites\\\/3\\\/2020\\\/12\\\/logo.png\",\"width\":200,\"height\":70,\"caption\":\"Markt-XXL\"},\"image\":{\"@id\":\"https:\\\/\\\/marktxxl.de\\\/markt\\\/#\\\/schema\\\/logo\\\/image\\\/\"}}]}<\/script>\n<!-- \/ Yoast SEO plugin. -->","yoast_head_json":{"title":"AMARI \u00ae Luxus Badebomben vegan (6 St\u00fcck) - Badepralinen Geschenk f\u00fcr Frauen - Entspannungs Geschenkset Damen - Badezusatz Set - Entspannungsbad - Badezubeh\u00f6r - Markt-XXL","description":"Markt-XXL AMARI \u00ae Luxus Badebomben vegan (6 St\u00fcck) - Badepralinen Geschenk f\u00fcr Frauen - Entspannungs Geschenkset Damen - Badezusatz Set - Entspannungsbad - Badezubeh\u00f6r","robots":{"index":"index","follow":"follow","max-snippet":"max-snippet:-1","max-image-preview":"max-image-preview:large","max-video-preview":"max-video-preview:-1"},"canonical":"https:\/\/marktxxl.de\/markt\/produkt\/amari-luxus-badebomben-vegan-6-stueck-badepralinen-geschenk-fuer-frauen-entspannungs-geschenkset-damen-badezusatz-set-entspannungsbad-badezubehoer\/","og_locale":"de_DE","og_type":"article","og_title":"AMARI \u00ae Luxus Badebomben vegan (6 St\u00fcck) - Badepralinen Geschenk f\u00fcr Frauen - Entspannungs Geschenkset Damen - Badezusatz Set - Entspannungsbad - Badezubeh\u00f6r - Markt-XXL","og_description":"Markt-XXL AMARI \u00ae Luxus Badebomben vegan (6 St\u00fcck) - Badepralinen Geschenk f\u00fcr Frauen - Entspannungs Geschenkset Damen - Badezusatz Set - Entspannungsbad - Badezubeh\u00f6r","og_url":"https:\/\/marktxxl.de\/markt\/produkt\/amari-luxus-badebomben-vegan-6-stueck-badepralinen-geschenk-fuer-frauen-entspannungs-geschenkset-damen-badezusatz-set-entspannungsbad-badezubehoer\/","og_site_name":"Markt-XXL","twitter_card":"summary_large_image","twitter_misc":{"Gesch\u00e4tzte Lesezeit":"1\u00a0Minute"},"schema":{"@context":"https:\/\/schema.org","@graph":[{"@type":"WebPage","@id":"https:\/\/marktxxl.de\/markt\/produkt\/amari-luxus-badebomben-vegan-6-stueck-badepralinen-geschenk-fuer-frauen-entspannungs-geschenkset-damen-badezusatz-set-entspannungsbad-badezubehoer\/","url":"https:\/\/marktxxl.de\/markt\/produkt\/amari-luxus-badebomben-vegan-6-stueck-badepralinen-geschenk-fuer-frauen-entspannungs-geschenkset-damen-badezusatz-set-entspannungsbad-badezubehoer\/","name":"AMARI \u00ae Luxus Badebomben vegan (6 St\u00fcck) - Badepralinen Geschenk f\u00fcr Frauen - Entspannungs Geschenkset Damen - Badezusatz Set - Entspannungsbad - Badezubeh\u00f6r - Markt-XXL","isPartOf":{"@id":"https:\/\/marktxxl.de\/markt\/#website"},"primaryImageOfPage":{"@id":"https:\/\/marktxxl.de\/markt\/produkt\/amari-luxus-badebomben-vegan-6-stueck-badepralinen-geschenk-fuer-frauen-entspannungs-geschenkset-damen-badezusatz-set-entspannungsbad-badezubehoer\/#primaryimage"},"image":{"@id":"https:\/\/marktxxl.de\/markt\/produkt\/amari-luxus-badebomben-vegan-6-stueck-badepralinen-geschenk-fuer-frauen-entspannungs-geschenkset-damen-badezusatz-set-entspannungsbad-badezubehoer\/#primaryimage"},"thumbnailUrl":"https:\/\/m.media-amazon.com\/images\/I\/518qRrVtI1L._SL500_.jpg","datePublished":"2024-05-29T08:47:03+00:00","description":"Markt-XXL AMARI \u00ae Luxus Badebomben vegan (6 St\u00fcck) - Badepralinen Geschenk f\u00fcr Frauen - Entspannungs Geschenkset Damen - Badezusatz Set - Entspannungsbad - Badezubeh\u00f6r","breadcrumb":{"@id":"https:\/\/marktxxl.de\/markt\/produkt\/amari-luxus-badebomben-vegan-6-stueck-badepralinen-geschenk-fuer-frauen-entspannungs-geschenkset-damen-badezusatz-set-entspannungsbad-badezubehoer\/#breadcrumb"},"inLanguage":"de","potentialAction":[{"@type":"ReadAction","target":["https:\/\/marktxxl.de\/markt\/produkt\/amari-luxus-badebomben-vegan-6-stueck-badepralinen-geschenk-fuer-frauen-entspannungs-geschenkset-damen-badezusatz-set-entspannungsbad-badezubehoer\/"]}]},{"@type":"ImageObject","inLanguage":"de","@id":"https:\/\/marktxxl.de\/markt\/produkt\/amari-luxus-badebomben-vegan-6-stueck-badepralinen-geschenk-fuer-frauen-entspannungs-geschenkset-damen-badezusatz-set-entspannungsbad-badezubehoer\/#primaryimage","url":"https:\/\/m.media-amazon.com\/images\/I\/518qRrVtI1L._SL500_.jpg","contentUrl":"https:\/\/m.media-amazon.com\/images\/I\/518qRrVtI1L._SL500_.jpg","width":500,"height":500},{"@type":"BreadcrumbList","@id":"https:\/\/marktxxl.de\/markt\/produkt\/amari-luxus-badebomben-vegan-6-stueck-badepralinen-geschenk-fuer-frauen-entspannungs-geschenkset-damen-badezusatz-set-entspannungsbad-badezubehoer\/#breadcrumb","itemListElement":[{"@type":"ListItem","position":1,"name":"Startseite","item":"https:\/\/marktxxl.de\/markt\/"},{"@type":"ListItem","position":2,"name":"Markt","item":"https:\/\/marktxxl.de\/markt\/"},{"@type":"ListItem","position":3,"name":"AMARI \u00ae Luxus Badebomben vegan (6 St\u00fcck) &#8211; Badepralinen Geschenk f\u00fcr Frauen &#8211; Entspannungs Geschenkset Damen &#8211; Badezusatz Set &#8211; Entspannungsbad &#8211; Badezubeh\u00f6r"}]},{"@type":"WebSite","@id":"https:\/\/marktxxl.de\/markt\/#website","url":"https:\/\/marktxxl.de\/markt\/","name":"Markt-XXL","description":"Ihr Markt Online","publisher":{"@id":"https:\/\/marktxxl.de\/markt\/#organization"},"potentialAction":[{"@type":"SearchAction","target":{"@type":"EntryPoint","urlTemplate":"https:\/\/marktxxl.de\/markt\/?s={search_term_string}"},"query-input":{"@type":"PropertyValueSpecification","valueRequired":true,"valueName":"search_term_string"}}],"inLanguage":"de"},{"@type":"Organization","@id":"https:\/\/marktxxl.de\/markt\/#organization","name":"Markt-XXL","url":"https:\/\/marktxxl.de\/markt\/","logo":{"@type":"ImageObject","inLanguage":"de","@id":"https:\/\/marktxxl.de\/markt\/#\/schema\/logo\/image\/","url":"https:\/\/marktxxl.de\/markt\/wp-content\/uploads\/sites\/3\/2020\/12\/logo.png","contentUrl":"https:\/\/marktxxl.de\/markt\/wp-content\/uploads\/sites\/3\/2020\/12\/logo.png","width":200,"height":70,"caption":"Markt-XXL"},"image":{"@id":"https:\/\/marktxxl.de\/markt\/#\/schema\/logo\/image\/"}}]}},"_links":{"self":[{"href":"https:\/\/marktxxl.de\/markt\/wp-json\/wp\/v2\/product\/208835","targetHints":{"allow":["GET"]}}],"collection":[{"href":"https:\/\/marktxxl.de\/markt\/wp-json\/wp\/v2\/product"}],"about":[{"href":"https:\/\/marktxxl.de\/markt\/wp-json\/wp\/v2\/types\/product"}],"replies":[{"embeddable":true,"href":"https:\/\/marktxxl.de\/markt\/wp-json\/wp\/v2\/comments?post=208835"}],"wp:featuredmedia":[{"embeddable":true,"href":"https:\/\/marktxxl.de\/markt\/wp-json\/wp\/v2\/media\/208836"}],"wp:attachment":[{"href":"https:\/\/marktxxl.de\/markt\/wp-json\/wp\/v2\/media?parent=208835"}],"wp:term":[{"taxonomy":"product_brand","embeddable":true,"href":"https:\/\/marktxxl.de\/markt\/wp-json\/wp\/v2\/product_brand?post=208835"},{"taxonomy":"product_cat","embeddable":true,"href":"https:\/\/marktxxl.de\/markt\/wp-json\/wp\/v2\/product_cat?post=208835"},{"taxonomy":"product_tag","embeddable":true,"href":"https:\/\/marktxxl.de\/markt\/wp-json\/wp\/v2\/product_tag?post=208835"}],"curies":[{"name":"wp","href":"https:\/\/api.w.org\/{rel}","templated":true}]}}