{"id":208723,"date":"2024-05-29T10:41:56","date_gmt":"2024-05-29T08:41:56","guid":{"rendered":"https:\/\/marktxxl.de\/markt\/produkt\/lofelt-filztasche-aus-100-recyceltem-plastik-filztasche-gross-geeignet-als-filz-einkaufstasche-kaminholztasche-tragetasche-filzkorb-aufbewahrung-filztasche-grau\/"},"modified":"2024-05-29T10:41:56","modified_gmt":"2024-05-29T08:41:56","slug":"lofelt-filztasche-aus-100-recyceltem-plastik-filztasche-gross-geeignet-als-filz-einkaufstasche-kaminholztasche-tragetasche-filzkorb-aufbewahrung-filztasche-grau","status":"publish","type":"product","link":"https:\/\/marktxxl.de\/markt\/produkt\/lofelt-filztasche-aus-100-recyceltem-plastik-filztasche-gross-geeignet-als-filz-einkaufstasche-kaminholztasche-tragetasche-filzkorb-aufbewahrung-filztasche-grau\/","title":{"rendered":"LoFelt\u00ae Filztasche aus 100% recyceltem Plastik\/Filztasche gro\u00df geeignet als Filz Einkaufstasche, Kaminholztasche, Tragetasche, Filzkorb Aufbewahrung\/Filztasche Grau"},"content":{"rendered":"<p>HOCHWERTIGES MATERIAL \u2013 Der Filzkorb gro\u00df besteht aus synthetischem Filz, welcher zu 100% aus recyceltem Plastik gewonnen wurde. Der Filz Shopper ist elastisch, widerstandsf\u00e4hig, feuchtigkeitsabweisend &amp; sch\u00fctzt den Inhalt vor St\u00f6\u00dfen.<br \/>\nPRAKTISCH &amp; ELEGANT \u2013 Die Einkaufstasche Filz aus robustem Material (belastbar bis \u00fcber 20kg) mit angerauter Oberfl\u00e4che ist praktisch &amp; stylisch zu gleich. Mit dieser Filz Tasche sind Sie umweltfreundlich &amp; schick unterwegs.<br \/>\nHOHER TRAGEKOMFORT \u2013 Die Filztasche XXL l\u00e4sst sich durch die speziell geformten Trageriemen angenehm in der Hand oder \u00fcber der Schulter tragen. Egal ob als Shopper Filz mit Eink\u00e4ufen oder schick als Tasche Filz unterwegs.<br \/>\nPFLEGELEICHT &amp; VIELSEITIG EINSETZBAR \u2013 Der Filzshopper kann bei bis zu 30\u00b0C mit Wollwaschmittel in der Waschmaschine gewaschen werden. Damit ist der Filz Korb ein langer Begleiter als Filzbeutel, Kaminholztasche Filz oder gro\u00dfe Tasche.<br \/>\nWIR LIEBEN FILZ \u2013 Wir von LoFelt legen mit unserer Filz Aufbewahrung Wert auf umweltfreundliche Produkte &amp; 100% plastikfreie Verpackung.<br \/>\n<div class=\"main-cross-sell\" data-asin=\"B0C2VYTRQ2\">\n\n\t<div class=\"WooZone-cross-sell-loader\">\n\t\t<div>\n\t\t\t<div id=\"floatingBarsG\">\n\t\t\t\t<div class=\"blockG\" id=\"rotateG_01\"><\/div>\n\t\t\t\t<div class=\"blockG\" id=\"rotateG_02\"><\/div>\n\t\t\t\t<div class=\"blockG\" id=\"rotateG_03\"><\/div>\n\t\t\t\t<div class=\"blockG\" id=\"rotateG_04\"><\/div>\n\t\t\t\t<div class=\"blockG\" id=\"rotateG_05\"><\/div>\n\t\t\t\t<div class=\"blockG\" id=\"rotateG_06\"><\/div>\n\t\t\t\t<div class=\"blockG\" id=\"rotateG_07\"><\/div>\n\t\t\t\t<div class=\"blockG\" id=\"rotateG_08\"><\/div>\n\t\t\t<\/div>\n\t\t\t<div class=\"WooZone-cross-sell-loader-text\"><\/div>\n\t\t<\/div>\n\t<\/div>\n\n\t\t\n<\/div>\n<div style=\"clear:both;\"><\/div><\/p>\n","protected":false},"excerpt":{"rendered":"<p>HOCHWERTIGES MATERIAL \u2013 Der Filzkorb gro\u00df besteht aus synthetischem Filz, welcher zu 100% aus recyceltem Plastik gewonnen wurde. Der Filz Shopper ist elastisch, widerstandsf\u00e4hig, feuchtigkeitsabweisend &amp; sch\u00fctzt den Inhalt vor St\u00f6\u00dfen.<br \/>\nPRAKTISCH &amp; ELEGANT \u2013 Die Einkaufstasche Filz aus robustem Material (belastbar bis \u00fcber 20kg) mit angerauter Oberfl\u00e4che ist praktisch &amp; stylisch zu gleich. Mit dieser Filz Tasche sind Sie umweltfreundlich &amp; schick unterwegs.<br \/>\nHOHER TRAGEKOMFORT \u2013 Die Filztasche XXL l\u00e4sst sich durch die speziell geformten Trageriemen angenehm in der Hand oder \u00fcber der Schulter tragen. Egal ob als Shopper Filz mit Eink\u00e4ufen oder schick als Tasche Filz unterwegs.<\/p>\n","protected":false},"featured_media":208724,"comment_status":"open","ping_status":"closed","template":"","meta":[],"product_brand":[],"product_cat":[1983,11036],"product_tag":[],"class_list":{"0":"post-208723","1":"product","2":"type-product","3":"status-publish","4":"has-post-thumbnail","6":"product_cat-baumarkt","7":"product_cat-kamine","8":"pa_brand-lofelt","9":"pa_manufacturer-lofelt","11":"first","12":"instock","13":"shipping-taxable","14":"product-type-simple","15":"customify-col","16":"product-has-gallery"},"yoast_head":"<!-- This site is optimized with the Yoast SEO plugin v27.4 - https:\/\/yoast.com\/product\/yoast-seo-wordpress\/ -->\n<title>LoFelt\u00ae Filztasche aus 100% recyceltem Plastik\/Filztasche gro\u00df geeignet als Filz Einkaufstasche, Kaminholztasche, Tragetasche, Filzkorb Aufbewahrung\/Filztasche Grau - Markt-XXL<\/title>\n<meta name=\"description\" content=\"Markt-XXL LoFelt\u00ae Filztasche aus 100% recyceltem Plastik\/Filztasche gro\u00df geeignet als Filz Einkaufstasche, Kaminholztasche, Tragetasche, Filzkorb Aufbewahrung\/Filztasche Grau\" \/>\n<meta name=\"robots\" content=\"index, follow, max-snippet:-1, max-image-preview:large, max-video-preview:-1\" \/>\n<link rel=\"canonical\" href=\"https:\/\/marktxxl.de\/markt\/produkt\/lofelt-filztasche-aus-100-recyceltem-plastik-filztasche-gross-geeignet-als-filz-einkaufstasche-kaminholztasche-tragetasche-filzkorb-aufbewahrung-filztasche-grau\/\" \/>\n<meta property=\"og:locale\" content=\"de_DE\" \/>\n<meta property=\"og:type\" content=\"article\" \/>\n<meta property=\"og:title\" content=\"LoFelt\u00ae Filztasche aus 100% recyceltem Plastik\/Filztasche gro\u00df geeignet als Filz Einkaufstasche, Kaminholztasche, Tragetasche, Filzkorb Aufbewahrung\/Filztasche Grau - Markt-XXL\" \/>\n<meta property=\"og:description\" content=\"Markt-XXL LoFelt\u00ae Filztasche aus 100% recyceltem Plastik\/Filztasche gro\u00df geeignet als Filz Einkaufstasche, Kaminholztasche, Tragetasche, Filzkorb Aufbewahrung\/Filztasche Grau\" \/>\n<meta property=\"og:url\" content=\"https:\/\/marktxxl.de\/markt\/produkt\/lofelt-filztasche-aus-100-recyceltem-plastik-filztasche-gross-geeignet-als-filz-einkaufstasche-kaminholztasche-tragetasche-filzkorb-aufbewahrung-filztasche-grau\/\" \/>\n<meta property=\"og:site_name\" content=\"Markt-XXL\" \/>\n<meta name=\"twitter:card\" content=\"summary_large_image\" \/>\n<meta name=\"twitter:label1\" content=\"Gesch\u00e4tzte Lesezeit\" \/>\n\t<meta name=\"twitter:data1\" content=\"1\u00a0Minute\" \/>\n<script type=\"application\/ld+json\" class=\"yoast-schema-graph\">{\"@context\":\"https:\\\/\\\/schema.org\",\"@graph\":[{\"@type\":\"WebPage\",\"@id\":\"https:\\\/\\\/marktxxl.de\\\/markt\\\/produkt\\\/lofelt-filztasche-aus-100-recyceltem-plastik-filztasche-gross-geeignet-als-filz-einkaufstasche-kaminholztasche-tragetasche-filzkorb-aufbewahrung-filztasche-grau\\\/\",\"url\":\"https:\\\/\\\/marktxxl.de\\\/markt\\\/produkt\\\/lofelt-filztasche-aus-100-recyceltem-plastik-filztasche-gross-geeignet-als-filz-einkaufstasche-kaminholztasche-tragetasche-filzkorb-aufbewahrung-filztasche-grau\\\/\",\"name\":\"LoFelt\u00ae Filztasche aus 100% recyceltem Plastik\\\/Filztasche gro\u00df geeignet als Filz Einkaufstasche, Kaminholztasche, Tragetasche, Filzkorb Aufbewahrung\\\/Filztasche Grau - Markt-XXL\",\"isPartOf\":{\"@id\":\"https:\\\/\\\/marktxxl.de\\\/markt\\\/#website\"},\"primaryImageOfPage\":{\"@id\":\"https:\\\/\\\/marktxxl.de\\\/markt\\\/produkt\\\/lofelt-filztasche-aus-100-recyceltem-plastik-filztasche-gross-geeignet-als-filz-einkaufstasche-kaminholztasche-tragetasche-filzkorb-aufbewahrung-filztasche-grau\\\/#primaryimage\"},\"image\":{\"@id\":\"https:\\\/\\\/marktxxl.de\\\/markt\\\/produkt\\\/lofelt-filztasche-aus-100-recyceltem-plastik-filztasche-gross-geeignet-als-filz-einkaufstasche-kaminholztasche-tragetasche-filzkorb-aufbewahrung-filztasche-grau\\\/#primaryimage\"},\"thumbnailUrl\":\"https:\\\/\\\/m.media-amazon.com\\\/images\\\/I\\\/51RGI1PtijL._SL500_.jpg\",\"datePublished\":\"2024-05-29T08:41:56+00:00\",\"description\":\"Markt-XXL LoFelt\u00ae Filztasche aus 100% recyceltem Plastik\\\/Filztasche gro\u00df geeignet als Filz Einkaufstasche, Kaminholztasche, Tragetasche, Filzkorb Aufbewahrung\\\/Filztasche Grau\",\"breadcrumb\":{\"@id\":\"https:\\\/\\\/marktxxl.de\\\/markt\\\/produkt\\\/lofelt-filztasche-aus-100-recyceltem-plastik-filztasche-gross-geeignet-als-filz-einkaufstasche-kaminholztasche-tragetasche-filzkorb-aufbewahrung-filztasche-grau\\\/#breadcrumb\"},\"inLanguage\":\"de\",\"potentialAction\":[{\"@type\":\"ReadAction\",\"target\":[\"https:\\\/\\\/marktxxl.de\\\/markt\\\/produkt\\\/lofelt-filztasche-aus-100-recyceltem-plastik-filztasche-gross-geeignet-als-filz-einkaufstasche-kaminholztasche-tragetasche-filzkorb-aufbewahrung-filztasche-grau\\\/\"]}]},{\"@type\":\"ImageObject\",\"inLanguage\":\"de\",\"@id\":\"https:\\\/\\\/marktxxl.de\\\/markt\\\/produkt\\\/lofelt-filztasche-aus-100-recyceltem-plastik-filztasche-gross-geeignet-als-filz-einkaufstasche-kaminholztasche-tragetasche-filzkorb-aufbewahrung-filztasche-grau\\\/#primaryimage\",\"url\":\"https:\\\/\\\/m.media-amazon.com\\\/images\\\/I\\\/51RGI1PtijL._SL500_.jpg\",\"contentUrl\":\"https:\\\/\\\/m.media-amazon.com\\\/images\\\/I\\\/51RGI1PtijL._SL500_.jpg\",\"width\":500,\"height\":500},{\"@type\":\"BreadcrumbList\",\"@id\":\"https:\\\/\\\/marktxxl.de\\\/markt\\\/produkt\\\/lofelt-filztasche-aus-100-recyceltem-plastik-filztasche-gross-geeignet-als-filz-einkaufstasche-kaminholztasche-tragetasche-filzkorb-aufbewahrung-filztasche-grau\\\/#breadcrumb\",\"itemListElement\":[{\"@type\":\"ListItem\",\"position\":1,\"name\":\"Startseite\",\"item\":\"https:\\\/\\\/marktxxl.de\\\/markt\\\/\"},{\"@type\":\"ListItem\",\"position\":2,\"name\":\"Markt\",\"item\":\"https:\\\/\\\/marktxxl.de\\\/markt\\\/\"},{\"@type\":\"ListItem\",\"position\":3,\"name\":\"LoFelt\u00ae Filztasche aus 100% recyceltem Plastik\\\/Filztasche gro\u00df geeignet als Filz Einkaufstasche, Kaminholztasche, Tragetasche, Filzkorb Aufbewahrung\\\/Filztasche Grau\"}]},{\"@type\":\"WebSite\",\"@id\":\"https:\\\/\\\/marktxxl.de\\\/markt\\\/#website\",\"url\":\"https:\\\/\\\/marktxxl.de\\\/markt\\\/\",\"name\":\"Markt-XXL\",\"description\":\"Ihr Markt Online\",\"publisher\":{\"@id\":\"https:\\\/\\\/marktxxl.de\\\/markt\\\/#organization\"},\"potentialAction\":[{\"@type\":\"SearchAction\",\"target\":{\"@type\":\"EntryPoint\",\"urlTemplate\":\"https:\\\/\\\/marktxxl.de\\\/markt\\\/?s={search_term_string}\"},\"query-input\":{\"@type\":\"PropertyValueSpecification\",\"valueRequired\":true,\"valueName\":\"search_term_string\"}}],\"inLanguage\":\"de\"},{\"@type\":\"Organization\",\"@id\":\"https:\\\/\\\/marktxxl.de\\\/markt\\\/#organization\",\"name\":\"Markt-XXL\",\"url\":\"https:\\\/\\\/marktxxl.de\\\/markt\\\/\",\"logo\":{\"@type\":\"ImageObject\",\"inLanguage\":\"de\",\"@id\":\"https:\\\/\\\/marktxxl.de\\\/markt\\\/#\\\/schema\\\/logo\\\/image\\\/\",\"url\":\"https:\\\/\\\/marktxxl.de\\\/markt\\\/wp-content\\\/uploads\\\/sites\\\/3\\\/2020\\\/12\\\/logo.png\",\"contentUrl\":\"https:\\\/\\\/marktxxl.de\\\/markt\\\/wp-content\\\/uploads\\\/sites\\\/3\\\/2020\\\/12\\\/logo.png\",\"width\":200,\"height\":70,\"caption\":\"Markt-XXL\"},\"image\":{\"@id\":\"https:\\\/\\\/marktxxl.de\\\/markt\\\/#\\\/schema\\\/logo\\\/image\\\/\"}}]}<\/script>\n<!-- \/ Yoast SEO plugin. -->","yoast_head_json":{"title":"LoFelt\u00ae Filztasche aus 100% recyceltem Plastik\/Filztasche gro\u00df geeignet als Filz Einkaufstasche, Kaminholztasche, Tragetasche, Filzkorb Aufbewahrung\/Filztasche Grau - Markt-XXL","description":"Markt-XXL LoFelt\u00ae Filztasche aus 100% recyceltem Plastik\/Filztasche gro\u00df geeignet als Filz Einkaufstasche, Kaminholztasche, Tragetasche, Filzkorb Aufbewahrung\/Filztasche Grau","robots":{"index":"index","follow":"follow","max-snippet":"max-snippet:-1","max-image-preview":"max-image-preview:large","max-video-preview":"max-video-preview:-1"},"canonical":"https:\/\/marktxxl.de\/markt\/produkt\/lofelt-filztasche-aus-100-recyceltem-plastik-filztasche-gross-geeignet-als-filz-einkaufstasche-kaminholztasche-tragetasche-filzkorb-aufbewahrung-filztasche-grau\/","og_locale":"de_DE","og_type":"article","og_title":"LoFelt\u00ae Filztasche aus 100% recyceltem Plastik\/Filztasche gro\u00df geeignet als Filz Einkaufstasche, Kaminholztasche, Tragetasche, Filzkorb Aufbewahrung\/Filztasche Grau - Markt-XXL","og_description":"Markt-XXL LoFelt\u00ae Filztasche aus 100% recyceltem Plastik\/Filztasche gro\u00df geeignet als Filz Einkaufstasche, Kaminholztasche, Tragetasche, Filzkorb Aufbewahrung\/Filztasche Grau","og_url":"https:\/\/marktxxl.de\/markt\/produkt\/lofelt-filztasche-aus-100-recyceltem-plastik-filztasche-gross-geeignet-als-filz-einkaufstasche-kaminholztasche-tragetasche-filzkorb-aufbewahrung-filztasche-grau\/","og_site_name":"Markt-XXL","twitter_card":"summary_large_image","twitter_misc":{"Gesch\u00e4tzte Lesezeit":"1\u00a0Minute"},"schema":{"@context":"https:\/\/schema.org","@graph":[{"@type":"WebPage","@id":"https:\/\/marktxxl.de\/markt\/produkt\/lofelt-filztasche-aus-100-recyceltem-plastik-filztasche-gross-geeignet-als-filz-einkaufstasche-kaminholztasche-tragetasche-filzkorb-aufbewahrung-filztasche-grau\/","url":"https:\/\/marktxxl.de\/markt\/produkt\/lofelt-filztasche-aus-100-recyceltem-plastik-filztasche-gross-geeignet-als-filz-einkaufstasche-kaminholztasche-tragetasche-filzkorb-aufbewahrung-filztasche-grau\/","name":"LoFelt\u00ae Filztasche aus 100% recyceltem Plastik\/Filztasche gro\u00df geeignet als Filz Einkaufstasche, Kaminholztasche, Tragetasche, Filzkorb Aufbewahrung\/Filztasche Grau - Markt-XXL","isPartOf":{"@id":"https:\/\/marktxxl.de\/markt\/#website"},"primaryImageOfPage":{"@id":"https:\/\/marktxxl.de\/markt\/produkt\/lofelt-filztasche-aus-100-recyceltem-plastik-filztasche-gross-geeignet-als-filz-einkaufstasche-kaminholztasche-tragetasche-filzkorb-aufbewahrung-filztasche-grau\/#primaryimage"},"image":{"@id":"https:\/\/marktxxl.de\/markt\/produkt\/lofelt-filztasche-aus-100-recyceltem-plastik-filztasche-gross-geeignet-als-filz-einkaufstasche-kaminholztasche-tragetasche-filzkorb-aufbewahrung-filztasche-grau\/#primaryimage"},"thumbnailUrl":"https:\/\/m.media-amazon.com\/images\/I\/51RGI1PtijL._SL500_.jpg","datePublished":"2024-05-29T08:41:56+00:00","description":"Markt-XXL LoFelt\u00ae Filztasche aus 100% recyceltem Plastik\/Filztasche gro\u00df geeignet als Filz Einkaufstasche, Kaminholztasche, Tragetasche, Filzkorb Aufbewahrung\/Filztasche Grau","breadcrumb":{"@id":"https:\/\/marktxxl.de\/markt\/produkt\/lofelt-filztasche-aus-100-recyceltem-plastik-filztasche-gross-geeignet-als-filz-einkaufstasche-kaminholztasche-tragetasche-filzkorb-aufbewahrung-filztasche-grau\/#breadcrumb"},"inLanguage":"de","potentialAction":[{"@type":"ReadAction","target":["https:\/\/marktxxl.de\/markt\/produkt\/lofelt-filztasche-aus-100-recyceltem-plastik-filztasche-gross-geeignet-als-filz-einkaufstasche-kaminholztasche-tragetasche-filzkorb-aufbewahrung-filztasche-grau\/"]}]},{"@type":"ImageObject","inLanguage":"de","@id":"https:\/\/marktxxl.de\/markt\/produkt\/lofelt-filztasche-aus-100-recyceltem-plastik-filztasche-gross-geeignet-als-filz-einkaufstasche-kaminholztasche-tragetasche-filzkorb-aufbewahrung-filztasche-grau\/#primaryimage","url":"https:\/\/m.media-amazon.com\/images\/I\/51RGI1PtijL._SL500_.jpg","contentUrl":"https:\/\/m.media-amazon.com\/images\/I\/51RGI1PtijL._SL500_.jpg","width":500,"height":500},{"@type":"BreadcrumbList","@id":"https:\/\/marktxxl.de\/markt\/produkt\/lofelt-filztasche-aus-100-recyceltem-plastik-filztasche-gross-geeignet-als-filz-einkaufstasche-kaminholztasche-tragetasche-filzkorb-aufbewahrung-filztasche-grau\/#breadcrumb","itemListElement":[{"@type":"ListItem","position":1,"name":"Startseite","item":"https:\/\/marktxxl.de\/markt\/"},{"@type":"ListItem","position":2,"name":"Markt","item":"https:\/\/marktxxl.de\/markt\/"},{"@type":"ListItem","position":3,"name":"LoFelt\u00ae Filztasche aus 100% recyceltem Plastik\/Filztasche gro\u00df geeignet als Filz Einkaufstasche, Kaminholztasche, Tragetasche, Filzkorb Aufbewahrung\/Filztasche Grau"}]},{"@type":"WebSite","@id":"https:\/\/marktxxl.de\/markt\/#website","url":"https:\/\/marktxxl.de\/markt\/","name":"Markt-XXL","description":"Ihr Markt Online","publisher":{"@id":"https:\/\/marktxxl.de\/markt\/#organization"},"potentialAction":[{"@type":"SearchAction","target":{"@type":"EntryPoint","urlTemplate":"https:\/\/marktxxl.de\/markt\/?s={search_term_string}"},"query-input":{"@type":"PropertyValueSpecification","valueRequired":true,"valueName":"search_term_string"}}],"inLanguage":"de"},{"@type":"Organization","@id":"https:\/\/marktxxl.de\/markt\/#organization","name":"Markt-XXL","url":"https:\/\/marktxxl.de\/markt\/","logo":{"@type":"ImageObject","inLanguage":"de","@id":"https:\/\/marktxxl.de\/markt\/#\/schema\/logo\/image\/","url":"https:\/\/marktxxl.de\/markt\/wp-content\/uploads\/sites\/3\/2020\/12\/logo.png","contentUrl":"https:\/\/marktxxl.de\/markt\/wp-content\/uploads\/sites\/3\/2020\/12\/logo.png","width":200,"height":70,"caption":"Markt-XXL"},"image":{"@id":"https:\/\/marktxxl.de\/markt\/#\/schema\/logo\/image\/"}}]}},"_links":{"self":[{"href":"https:\/\/marktxxl.de\/markt\/wp-json\/wp\/v2\/product\/208723","targetHints":{"allow":["GET"]}}],"collection":[{"href":"https:\/\/marktxxl.de\/markt\/wp-json\/wp\/v2\/product"}],"about":[{"href":"https:\/\/marktxxl.de\/markt\/wp-json\/wp\/v2\/types\/product"}],"replies":[{"embeddable":true,"href":"https:\/\/marktxxl.de\/markt\/wp-json\/wp\/v2\/comments?post=208723"}],"wp:featuredmedia":[{"embeddable":true,"href":"https:\/\/marktxxl.de\/markt\/wp-json\/wp\/v2\/media\/208724"}],"wp:attachment":[{"href":"https:\/\/marktxxl.de\/markt\/wp-json\/wp\/v2\/media?parent=208723"}],"wp:term":[{"taxonomy":"product_brand","embeddable":true,"href":"https:\/\/marktxxl.de\/markt\/wp-json\/wp\/v2\/product_brand?post=208723"},{"taxonomy":"product_cat","embeddable":true,"href":"https:\/\/marktxxl.de\/markt\/wp-json\/wp\/v2\/product_cat?post=208723"},{"taxonomy":"product_tag","embeddable":true,"href":"https:\/\/marktxxl.de\/markt\/wp-json\/wp\/v2\/product_tag?post=208723"}],"curies":[{"name":"wp","href":"https:\/\/api.w.org\/{rel}","templated":true}]}}