{"id":208616,"date":"2024-05-29T10:35:43","date_gmt":"2024-05-29T08:35:43","guid":{"rendered":"https:\/\/marktxxl.de\/markt\/produkt\/oregon-speedcut-325-teilung-005013-mm-treibgliedstaerke-mikromeissel-saegekette-fuer-38-cm15-zoll-schiene-64-treibglieder-kompatibel-mit-husqvarna-dolmar-jonsered-partner-und-mehr9\/"},"modified":"2024-05-29T10:35:43","modified_gmt":"2024-05-29T08:35:43","slug":"oregon-speedcut-325-teilung-005013-mm-treibgliedstaerke-mikromeissel-saegekette-fuer-38-cm15-zoll-schiene-64-treibglieder-kompatibel-mit-husqvarna-dolmar-jonsered-partner-und-mehr9","status":"publish","type":"product","link":"https:\/\/marktxxl.de\/markt\/produkt\/oregon-speedcut-325-teilung-005013-mm-treibgliedstaerke-mikromeissel-saegekette-fuer-38-cm15-zoll-schiene-64-treibglieder-kompatibel-mit-husqvarna-dolmar-jonsered-partner-und-mehr9\/","title":{"rendered":"Oregon SpeedCut .325&#8243; Teilung, 0,050&#8243;(1,3 mm) Treibgliedst\u00e4rke Mikromei\u00dfel S\u00e4gekette f\u00fcr 38 cm(15 Zoll) Schiene &#8211; 64 Treibglieder &#8211; kompatibel mit Husqvarna, Dolmar, Jonsered, Partner und mehr(95TXL)"},"content":{"rendered":"<p>Einzigartiges Design mit schmaler Schnittfuge f\u00fcr schnellere und einfachere Schnitte bei allen Arbeiten &#8211; F\u00fcr Kettens\u00e4genmarken 38-55 cm\u00b3 &#8211; 0,325&#8243; Teilung, 0,050&#8243; (1,3 mm) Treibgliedst\u00e4rke, 64 Treibglieder<br \/>\nGeeignet f\u00fcr diese Kettens\u00e4genmodelle mit 38 cm (15 Zoll) Schiene: Husqvarna 440e, 450, 455 Rancher, 460 Rancher, 560 XP Dolmar PS-420, PS-460, PS-500, PS-540<br \/>\nDie vibrationsarmen MikroChisel-Schneider arbeiten auch in in kleinen Radien und bieten eine ausgezeichnete Schnittleistung bei einfacher Pflege und Wartung.<br \/>\nDie neue Schleiftechnologie in Kombination mit den Indikatoren f\u00fcr die obere Platte und die Tiefenf\u00fcllung erleichtern das genaue Sch\u00e4rfen<br \/>\nDas integrierte automatische Lubri-Tec-\u00d6lsystem verl\u00e4ngert die Lebensdauer der Kette, indem es ihre wichtigsten Teile mit \u00d6l versorgt, f\u00fcr intelligenteres Arbeiten mit weniger Ausfallzeiten &amp; Wartung<br \/>\n<div class=\"main-cross-sell\" data-asin=\"B01MAYZLI3\">\n\n\t<div class=\"WooZone-cross-sell-loader\">\n\t\t<div>\n\t\t\t<div id=\"floatingBarsG\">\n\t\t\t\t<div class=\"blockG\" id=\"rotateG_01\"><\/div>\n\t\t\t\t<div class=\"blockG\" id=\"rotateG_02\"><\/div>\n\t\t\t\t<div class=\"blockG\" id=\"rotateG_03\"><\/div>\n\t\t\t\t<div class=\"blockG\" id=\"rotateG_04\"><\/div>\n\t\t\t\t<div class=\"blockG\" id=\"rotateG_05\"><\/div>\n\t\t\t\t<div class=\"blockG\" id=\"rotateG_06\"><\/div>\n\t\t\t\t<div class=\"blockG\" id=\"rotateG_07\"><\/div>\n\t\t\t\t<div class=\"blockG\" id=\"rotateG_08\"><\/div>\n\t\t\t<\/div>\n\t\t\t<div class=\"WooZone-cross-sell-loader-text\"><\/div>\n\t\t<\/div>\n\t<\/div>\n\n\t\t\n<\/div>\n<div style=\"clear:both;\"><\/div><\/p>\n","protected":false},"excerpt":{"rendered":"<p>Einzigartiges Design mit schmaler Schnittfuge f\u00fcr schnellere und einfachere Schnitte bei allen Arbeiten &#8211; F\u00fcr Kettens\u00e4genmarken 38-55 cm\u00b3 &#8211; 0,325&#8243; Teilung, 0,050&#8243; (1,3 mm) Treibgliedst\u00e4rke, 64 Treibglieder<br \/>\nGeeignet f\u00fcr diese Kettens\u00e4genmodelle mit 38 cm (15 Zoll) Schiene: Husqvarna 440e, 450, 455 Rancher, 460 Rancher, 560 XP Dolmar PS-420, PS-460, PS-500, PS-540<br \/>\nDie vibrationsarmen MikroChisel-Schneider arbeiten auch in in kleinen Radien und bieten eine ausgezeichnete Schnittleistung bei einfacher Pflege und Wartung.<\/p>\n","protected":false},"featured_media":208617,"comment_status":"open","ping_status":"closed","template":"","meta":[],"product_brand":[],"product_cat":[1983,11235],"product_tag":[],"class_list":{"0":"post-208616","1":"product","2":"type-product","3":"status-publish","4":"has-post-thumbnail","6":"product_cat-baumarkt","7":"product_cat-rasenmaeher-elektrische-gartenwerkzeuge","8":"pa_binding-werkzeug","9":"pa_brand-oregon","10":"pa_color-blau-silber","11":"pa_height-0-787401574-zoll","12":"pa_length-5-905511805-zoll","13":"pa_manufacturer-oregon-tool","14":"pa_model-95txl064e","15":"pa_size-64-maillons-entraineurs","16":"pa_weight-0-4850169764-pfund","17":"pa_width-2-755905509-zoll","19":"first","20":"instock","21":"sale","22":"shipping-taxable","23":"purchasable","24":"product-type-simple","25":"customify-col","26":"product-has-gallery"},"yoast_head":"<!-- This site is optimized with the Yoast SEO plugin v27.4 - https:\/\/yoast.com\/product\/yoast-seo-wordpress\/ -->\n<title>Oregon SpeedCut .325&quot; Teilung, 0,050&quot;(1,3 mm) Treibgliedst\u00e4rke Mikromei\u00dfel S\u00e4gekette f\u00fcr 38 cm(15 Zoll) Schiene - 64 Treibglieder - kompatibel mit Husqvarna, Dolmar, Jonsered, Partner und mehr(95TXL) - Markt-XXL<\/title>\n<meta name=\"description\" content=\"Markt-XXL Oregon SpeedCut .325&quot; Teilung, 0,050&quot;(1,3 mm) Treibgliedst\u00e4rke Mikromei\u00dfel S\u00e4gekette f\u00fcr 38 cm(15 Zoll) Schiene - 64 Treibglieder - kompatibel mit Husqvarna, Dolmar, Jonsered, Partner und mehr(95TXL)\" \/>\n<meta name=\"robots\" content=\"index, follow, max-snippet:-1, max-image-preview:large, max-video-preview:-1\" \/>\n<link rel=\"canonical\" href=\"https:\/\/marktxxl.de\/markt\/produkt\/oregon-speedcut-325-teilung-005013-mm-treibgliedstaerke-mikromeissel-saegekette-fuer-38-cm15-zoll-schiene-64-treibglieder-kompatibel-mit-husqvarna-dolmar-jonsered-partner-und-mehr9\/\" \/>\n<meta property=\"og:locale\" content=\"de_DE\" \/>\n<meta property=\"og:type\" content=\"article\" \/>\n<meta property=\"og:title\" content=\"Oregon SpeedCut .325&quot; Teilung, 0,050&quot;(1,3 mm) Treibgliedst\u00e4rke Mikromei\u00dfel S\u00e4gekette f\u00fcr 38 cm(15 Zoll) Schiene - 64 Treibglieder - kompatibel mit Husqvarna, Dolmar, Jonsered, Partner und mehr(95TXL) - Markt-XXL\" \/>\n<meta property=\"og:description\" content=\"Markt-XXL Oregon SpeedCut .325&quot; Teilung, 0,050&quot;(1,3 mm) Treibgliedst\u00e4rke Mikromei\u00dfel S\u00e4gekette f\u00fcr 38 cm(15 Zoll) Schiene - 64 Treibglieder - kompatibel mit Husqvarna, Dolmar, Jonsered, Partner und mehr(95TXL)\" \/>\n<meta property=\"og:url\" content=\"https:\/\/marktxxl.de\/markt\/produkt\/oregon-speedcut-325-teilung-005013-mm-treibgliedstaerke-mikromeissel-saegekette-fuer-38-cm15-zoll-schiene-64-treibglieder-kompatibel-mit-husqvarna-dolmar-jonsered-partner-und-mehr9\/\" \/>\n<meta property=\"og:site_name\" content=\"Markt-XXL\" \/>\n<meta name=\"twitter:card\" content=\"summary_large_image\" \/>\n<meta name=\"twitter:label1\" content=\"Gesch\u00e4tzte Lesezeit\" \/>\n\t<meta name=\"twitter:data1\" content=\"1\u00a0Minute\" \/>\n<script type=\"application\/ld+json\" class=\"yoast-schema-graph\">{\"@context\":\"https:\\\/\\\/schema.org\",\"@graph\":[{\"@type\":\"WebPage\",\"@id\":\"https:\\\/\\\/marktxxl.de\\\/markt\\\/produkt\\\/oregon-speedcut-325-teilung-005013-mm-treibgliedstaerke-mikromeissel-saegekette-fuer-38-cm15-zoll-schiene-64-treibglieder-kompatibel-mit-husqvarna-dolmar-jonsered-partner-und-mehr9\\\/\",\"url\":\"https:\\\/\\\/marktxxl.de\\\/markt\\\/produkt\\\/oregon-speedcut-325-teilung-005013-mm-treibgliedstaerke-mikromeissel-saegekette-fuer-38-cm15-zoll-schiene-64-treibglieder-kompatibel-mit-husqvarna-dolmar-jonsered-partner-und-mehr9\\\/\",\"name\":\"Oregon SpeedCut .325\\\" Teilung, 0,050\\\"(1,3 mm) Treibgliedst\u00e4rke Mikromei\u00dfel S\u00e4gekette f\u00fcr 38 cm(15 Zoll) Schiene - 64 Treibglieder - kompatibel mit Husqvarna, Dolmar, Jonsered, Partner und mehr(95TXL) - Markt-XXL\",\"isPartOf\":{\"@id\":\"https:\\\/\\\/marktxxl.de\\\/markt\\\/#website\"},\"primaryImageOfPage\":{\"@id\":\"https:\\\/\\\/marktxxl.de\\\/markt\\\/produkt\\\/oregon-speedcut-325-teilung-005013-mm-treibgliedstaerke-mikromeissel-saegekette-fuer-38-cm15-zoll-schiene-64-treibglieder-kompatibel-mit-husqvarna-dolmar-jonsered-partner-und-mehr9\\\/#primaryimage\"},\"image\":{\"@id\":\"https:\\\/\\\/marktxxl.de\\\/markt\\\/produkt\\\/oregon-speedcut-325-teilung-005013-mm-treibgliedstaerke-mikromeissel-saegekette-fuer-38-cm15-zoll-schiene-64-treibglieder-kompatibel-mit-husqvarna-dolmar-jonsered-partner-und-mehr9\\\/#primaryimage\"},\"thumbnailUrl\":\"https:\\\/\\\/m.media-amazon.com\\\/images\\\/I\\\/31jwvLL0AJL._SL500_.jpg\",\"datePublished\":\"2024-05-29T08:35:43+00:00\",\"description\":\"Markt-XXL Oregon SpeedCut .325\\\" Teilung, 0,050\\\"(1,3 mm) Treibgliedst\u00e4rke Mikromei\u00dfel S\u00e4gekette f\u00fcr 38 cm(15 Zoll) Schiene - 64 Treibglieder - kompatibel mit Husqvarna, Dolmar, Jonsered, Partner und mehr(95TXL)\",\"breadcrumb\":{\"@id\":\"https:\\\/\\\/marktxxl.de\\\/markt\\\/produkt\\\/oregon-speedcut-325-teilung-005013-mm-treibgliedstaerke-mikromeissel-saegekette-fuer-38-cm15-zoll-schiene-64-treibglieder-kompatibel-mit-husqvarna-dolmar-jonsered-partner-und-mehr9\\\/#breadcrumb\"},\"inLanguage\":\"de\",\"potentialAction\":[{\"@type\":\"ReadAction\",\"target\":[\"https:\\\/\\\/marktxxl.de\\\/markt\\\/produkt\\\/oregon-speedcut-325-teilung-005013-mm-treibgliedstaerke-mikromeissel-saegekette-fuer-38-cm15-zoll-schiene-64-treibglieder-kompatibel-mit-husqvarna-dolmar-jonsered-partner-und-mehr9\\\/\"]}]},{\"@type\":\"ImageObject\",\"inLanguage\":\"de\",\"@id\":\"https:\\\/\\\/marktxxl.de\\\/markt\\\/produkt\\\/oregon-speedcut-325-teilung-005013-mm-treibgliedstaerke-mikromeissel-saegekette-fuer-38-cm15-zoll-schiene-64-treibglieder-kompatibel-mit-husqvarna-dolmar-jonsered-partner-und-mehr9\\\/#primaryimage\",\"url\":\"https:\\\/\\\/m.media-amazon.com\\\/images\\\/I\\\/31jwvLL0AJL._SL500_.jpg\",\"contentUrl\":\"https:\\\/\\\/m.media-amazon.com\\\/images\\\/I\\\/31jwvLL0AJL._SL500_.jpg\",\"width\":419,\"height\":500},{\"@type\":\"BreadcrumbList\",\"@id\":\"https:\\\/\\\/marktxxl.de\\\/markt\\\/produkt\\\/oregon-speedcut-325-teilung-005013-mm-treibgliedstaerke-mikromeissel-saegekette-fuer-38-cm15-zoll-schiene-64-treibglieder-kompatibel-mit-husqvarna-dolmar-jonsered-partner-und-mehr9\\\/#breadcrumb\",\"itemListElement\":[{\"@type\":\"ListItem\",\"position\":1,\"name\":\"Startseite\",\"item\":\"https:\\\/\\\/marktxxl.de\\\/markt\\\/\"},{\"@type\":\"ListItem\",\"position\":2,\"name\":\"Markt\",\"item\":\"https:\\\/\\\/marktxxl.de\\\/markt\\\/\"},{\"@type\":\"ListItem\",\"position\":3,\"name\":\"Oregon SpeedCut .325&#8243; Teilung, 0,050&#8243;(1,3 mm) Treibgliedst\u00e4rke Mikromei\u00dfel S\u00e4gekette f\u00fcr 38 cm(15 Zoll) Schiene &#8211; 64 Treibglieder &#8211; kompatibel mit Husqvarna, Dolmar, Jonsered, Partner und mehr(95TXL)\"}]},{\"@type\":\"WebSite\",\"@id\":\"https:\\\/\\\/marktxxl.de\\\/markt\\\/#website\",\"url\":\"https:\\\/\\\/marktxxl.de\\\/markt\\\/\",\"name\":\"Markt-XXL\",\"description\":\"Ihr Markt Online\",\"publisher\":{\"@id\":\"https:\\\/\\\/marktxxl.de\\\/markt\\\/#organization\"},\"potentialAction\":[{\"@type\":\"SearchAction\",\"target\":{\"@type\":\"EntryPoint\",\"urlTemplate\":\"https:\\\/\\\/marktxxl.de\\\/markt\\\/?s={search_term_string}\"},\"query-input\":{\"@type\":\"PropertyValueSpecification\",\"valueRequired\":true,\"valueName\":\"search_term_string\"}}],\"inLanguage\":\"de\"},{\"@type\":\"Organization\",\"@id\":\"https:\\\/\\\/marktxxl.de\\\/markt\\\/#organization\",\"name\":\"Markt-XXL\",\"url\":\"https:\\\/\\\/marktxxl.de\\\/markt\\\/\",\"logo\":{\"@type\":\"ImageObject\",\"inLanguage\":\"de\",\"@id\":\"https:\\\/\\\/marktxxl.de\\\/markt\\\/#\\\/schema\\\/logo\\\/image\\\/\",\"url\":\"https:\\\/\\\/marktxxl.de\\\/markt\\\/wp-content\\\/uploads\\\/sites\\\/3\\\/2020\\\/12\\\/logo.png\",\"contentUrl\":\"https:\\\/\\\/marktxxl.de\\\/markt\\\/wp-content\\\/uploads\\\/sites\\\/3\\\/2020\\\/12\\\/logo.png\",\"width\":200,\"height\":70,\"caption\":\"Markt-XXL\"},\"image\":{\"@id\":\"https:\\\/\\\/marktxxl.de\\\/markt\\\/#\\\/schema\\\/logo\\\/image\\\/\"}}]}<\/script>\n<!-- \/ Yoast SEO plugin. -->","yoast_head_json":{"title":"Oregon SpeedCut .325\" Teilung, 0,050\"(1,3 mm) Treibgliedst\u00e4rke Mikromei\u00dfel S\u00e4gekette f\u00fcr 38 cm(15 Zoll) Schiene - 64 Treibglieder - kompatibel mit Husqvarna, Dolmar, Jonsered, Partner und mehr(95TXL) - Markt-XXL","description":"Markt-XXL Oregon SpeedCut .325\" Teilung, 0,050\"(1,3 mm) Treibgliedst\u00e4rke Mikromei\u00dfel S\u00e4gekette f\u00fcr 38 cm(15 Zoll) Schiene - 64 Treibglieder - kompatibel mit Husqvarna, Dolmar, Jonsered, Partner und mehr(95TXL)","robots":{"index":"index","follow":"follow","max-snippet":"max-snippet:-1","max-image-preview":"max-image-preview:large","max-video-preview":"max-video-preview:-1"},"canonical":"https:\/\/marktxxl.de\/markt\/produkt\/oregon-speedcut-325-teilung-005013-mm-treibgliedstaerke-mikromeissel-saegekette-fuer-38-cm15-zoll-schiene-64-treibglieder-kompatibel-mit-husqvarna-dolmar-jonsered-partner-und-mehr9\/","og_locale":"de_DE","og_type":"article","og_title":"Oregon SpeedCut .325\" Teilung, 0,050\"(1,3 mm) Treibgliedst\u00e4rke Mikromei\u00dfel S\u00e4gekette f\u00fcr 38 cm(15 Zoll) Schiene - 64 Treibglieder - kompatibel mit Husqvarna, Dolmar, Jonsered, Partner und mehr(95TXL) - Markt-XXL","og_description":"Markt-XXL Oregon SpeedCut .325\" Teilung, 0,050\"(1,3 mm) Treibgliedst\u00e4rke Mikromei\u00dfel S\u00e4gekette f\u00fcr 38 cm(15 Zoll) Schiene - 64 Treibglieder - kompatibel mit Husqvarna, Dolmar, Jonsered, Partner und mehr(95TXL)","og_url":"https:\/\/marktxxl.de\/markt\/produkt\/oregon-speedcut-325-teilung-005013-mm-treibgliedstaerke-mikromeissel-saegekette-fuer-38-cm15-zoll-schiene-64-treibglieder-kompatibel-mit-husqvarna-dolmar-jonsered-partner-und-mehr9\/","og_site_name":"Markt-XXL","twitter_card":"summary_large_image","twitter_misc":{"Gesch\u00e4tzte Lesezeit":"1\u00a0Minute"},"schema":{"@context":"https:\/\/schema.org","@graph":[{"@type":"WebPage","@id":"https:\/\/marktxxl.de\/markt\/produkt\/oregon-speedcut-325-teilung-005013-mm-treibgliedstaerke-mikromeissel-saegekette-fuer-38-cm15-zoll-schiene-64-treibglieder-kompatibel-mit-husqvarna-dolmar-jonsered-partner-und-mehr9\/","url":"https:\/\/marktxxl.de\/markt\/produkt\/oregon-speedcut-325-teilung-005013-mm-treibgliedstaerke-mikromeissel-saegekette-fuer-38-cm15-zoll-schiene-64-treibglieder-kompatibel-mit-husqvarna-dolmar-jonsered-partner-und-mehr9\/","name":"Oregon SpeedCut .325\" Teilung, 0,050\"(1,3 mm) Treibgliedst\u00e4rke Mikromei\u00dfel S\u00e4gekette f\u00fcr 38 cm(15 Zoll) Schiene - 64 Treibglieder - kompatibel mit Husqvarna, Dolmar, Jonsered, Partner und mehr(95TXL) - Markt-XXL","isPartOf":{"@id":"https:\/\/marktxxl.de\/markt\/#website"},"primaryImageOfPage":{"@id":"https:\/\/marktxxl.de\/markt\/produkt\/oregon-speedcut-325-teilung-005013-mm-treibgliedstaerke-mikromeissel-saegekette-fuer-38-cm15-zoll-schiene-64-treibglieder-kompatibel-mit-husqvarna-dolmar-jonsered-partner-und-mehr9\/#primaryimage"},"image":{"@id":"https:\/\/marktxxl.de\/markt\/produkt\/oregon-speedcut-325-teilung-005013-mm-treibgliedstaerke-mikromeissel-saegekette-fuer-38-cm15-zoll-schiene-64-treibglieder-kompatibel-mit-husqvarna-dolmar-jonsered-partner-und-mehr9\/#primaryimage"},"thumbnailUrl":"https:\/\/m.media-amazon.com\/images\/I\/31jwvLL0AJL._SL500_.jpg","datePublished":"2024-05-29T08:35:43+00:00","description":"Markt-XXL Oregon SpeedCut .325\" Teilung, 0,050\"(1,3 mm) Treibgliedst\u00e4rke Mikromei\u00dfel S\u00e4gekette f\u00fcr 38 cm(15 Zoll) Schiene - 64 Treibglieder - kompatibel mit Husqvarna, Dolmar, Jonsered, Partner und mehr(95TXL)","breadcrumb":{"@id":"https:\/\/marktxxl.de\/markt\/produkt\/oregon-speedcut-325-teilung-005013-mm-treibgliedstaerke-mikromeissel-saegekette-fuer-38-cm15-zoll-schiene-64-treibglieder-kompatibel-mit-husqvarna-dolmar-jonsered-partner-und-mehr9\/#breadcrumb"},"inLanguage":"de","potentialAction":[{"@type":"ReadAction","target":["https:\/\/marktxxl.de\/markt\/produkt\/oregon-speedcut-325-teilung-005013-mm-treibgliedstaerke-mikromeissel-saegekette-fuer-38-cm15-zoll-schiene-64-treibglieder-kompatibel-mit-husqvarna-dolmar-jonsered-partner-und-mehr9\/"]}]},{"@type":"ImageObject","inLanguage":"de","@id":"https:\/\/marktxxl.de\/markt\/produkt\/oregon-speedcut-325-teilung-005013-mm-treibgliedstaerke-mikromeissel-saegekette-fuer-38-cm15-zoll-schiene-64-treibglieder-kompatibel-mit-husqvarna-dolmar-jonsered-partner-und-mehr9\/#primaryimage","url":"https:\/\/m.media-amazon.com\/images\/I\/31jwvLL0AJL._SL500_.jpg","contentUrl":"https:\/\/m.media-amazon.com\/images\/I\/31jwvLL0AJL._SL500_.jpg","width":419,"height":500},{"@type":"BreadcrumbList","@id":"https:\/\/marktxxl.de\/markt\/produkt\/oregon-speedcut-325-teilung-005013-mm-treibgliedstaerke-mikromeissel-saegekette-fuer-38-cm15-zoll-schiene-64-treibglieder-kompatibel-mit-husqvarna-dolmar-jonsered-partner-und-mehr9\/#breadcrumb","itemListElement":[{"@type":"ListItem","position":1,"name":"Startseite","item":"https:\/\/marktxxl.de\/markt\/"},{"@type":"ListItem","position":2,"name":"Markt","item":"https:\/\/marktxxl.de\/markt\/"},{"@type":"ListItem","position":3,"name":"Oregon SpeedCut .325&#8243; Teilung, 0,050&#8243;(1,3 mm) Treibgliedst\u00e4rke Mikromei\u00dfel S\u00e4gekette f\u00fcr 38 cm(15 Zoll) Schiene &#8211; 64 Treibglieder &#8211; kompatibel mit Husqvarna, Dolmar, Jonsered, Partner und mehr(95TXL)"}]},{"@type":"WebSite","@id":"https:\/\/marktxxl.de\/markt\/#website","url":"https:\/\/marktxxl.de\/markt\/","name":"Markt-XXL","description":"Ihr Markt Online","publisher":{"@id":"https:\/\/marktxxl.de\/markt\/#organization"},"potentialAction":[{"@type":"SearchAction","target":{"@type":"EntryPoint","urlTemplate":"https:\/\/marktxxl.de\/markt\/?s={search_term_string}"},"query-input":{"@type":"PropertyValueSpecification","valueRequired":true,"valueName":"search_term_string"}}],"inLanguage":"de"},{"@type":"Organization","@id":"https:\/\/marktxxl.de\/markt\/#organization","name":"Markt-XXL","url":"https:\/\/marktxxl.de\/markt\/","logo":{"@type":"ImageObject","inLanguage":"de","@id":"https:\/\/marktxxl.de\/markt\/#\/schema\/logo\/image\/","url":"https:\/\/marktxxl.de\/markt\/wp-content\/uploads\/sites\/3\/2020\/12\/logo.png","contentUrl":"https:\/\/marktxxl.de\/markt\/wp-content\/uploads\/sites\/3\/2020\/12\/logo.png","width":200,"height":70,"caption":"Markt-XXL"},"image":{"@id":"https:\/\/marktxxl.de\/markt\/#\/schema\/logo\/image\/"}}]}},"_links":{"self":[{"href":"https:\/\/marktxxl.de\/markt\/wp-json\/wp\/v2\/product\/208616","targetHints":{"allow":["GET"]}}],"collection":[{"href":"https:\/\/marktxxl.de\/markt\/wp-json\/wp\/v2\/product"}],"about":[{"href":"https:\/\/marktxxl.de\/markt\/wp-json\/wp\/v2\/types\/product"}],"replies":[{"embeddable":true,"href":"https:\/\/marktxxl.de\/markt\/wp-json\/wp\/v2\/comments?post=208616"}],"wp:featuredmedia":[{"embeddable":true,"href":"https:\/\/marktxxl.de\/markt\/wp-json\/wp\/v2\/media\/208617"}],"wp:attachment":[{"href":"https:\/\/marktxxl.de\/markt\/wp-json\/wp\/v2\/media?parent=208616"}],"wp:term":[{"taxonomy":"product_brand","embeddable":true,"href":"https:\/\/marktxxl.de\/markt\/wp-json\/wp\/v2\/product_brand?post=208616"},{"taxonomy":"product_cat","embeddable":true,"href":"https:\/\/marktxxl.de\/markt\/wp-json\/wp\/v2\/product_cat?post=208616"},{"taxonomy":"product_tag","embeddable":true,"href":"https:\/\/marktxxl.de\/markt\/wp-json\/wp\/v2\/product_tag?post=208616"}],"curies":[{"name":"wp","href":"https:\/\/api.w.org\/{rel}","templated":true}]}}